{"id":54995,"date":"2025-03-06T00:00:01","date_gmt":"2025-03-05T22:00:01","guid":{"rendered":"https:\/\/vmsport.fi\/verkkokauppa\/Ei-luokiteltu\/laakeri-union-max-cb-438-6000v-llu-10x26x8\/"},"modified":"2026-01-16T13:20:44","modified_gmt":"2026-01-16T11:20:44","slug":"lager-union-max-cb-438-6000v-llu-10x26x8","status":"publish","type":"product","link":"https:\/\/vmsport.fi\/sv\/verkkokauppa\/varaosat\/kiekot-ja-navat\/laakerit\/laakeri-union-max-cb-438-6000v-llu-10x26x8\/","title":{"rendered":"Lager UNION MAX CB-438, 6000V, LLU, 10x26x8"},"content":{"rendered":"<p>UNION MAX CB-438-lagret, som m\u00e4ter 10x26x8 mm, \u00e4r utformat f\u00f6r att ge tillf\u00f6rlitlighet och prestanda i ett brett spektrum av applikationer. Detta glidlager i LLU-design ger utm\u00e4rkt skydd mot f\u00f6roreningar, vilket f\u00f6rl\u00e4nger dess livsl\u00e4ngd och minskar behovet av underh\u00e5ll. Den avancerade konstruktionen m\u00f6jligg\u00f6r enkel installation och smidig drift, vilket g\u00f6r det till ett utm\u00e4rkt val f\u00f6r kr\u00e4vande milj\u00f6er.<\/p>","protected":false},"excerpt":{"rendered":"<p>Laakeri UNION MAX CB-438, jonka mitat ovat 10x26x8 mm, on suunniteltu tarjoamaan luotettavuutta ja suorituskyky\u00e4 moniin eri k\u00e4ytt\u00f6kohteisiin. T\u00e4m\u00e4 LLU-mallin liukulaakeri tarjoaa erinomaista suojaa ep\u00e4puhtauksilta, mik\u00e4 pident\u00e4\u00e4 sen k\u00e4ytt\u00f6ik\u00e4\u00e4 ja v\u00e4hent\u00e4\u00e4 huollon tarvetta. Kehittynyt suunnittelu mahdollistaa helpon asennuksen ja sujuvan toiminnan, mik\u00e4 tekee siit\u00e4 erinomaisen valinnan vaativiin olosuhteisiin. [&#8230;]<\/p>\n<p><a class=\"btn btn-secondary understrap-read-more-link\" href=\"https:\/\/vmsport.fi\/sv\/verkkokauppa\/varaosat\/kiekot-ja-navat\/laakerit\/laakeri-union-max-cb-438-6000v-llu-10x26x8\/\">L\u00e4s mer \u2026<span class=\"screen-reader-text\"> from Laakeri UNION MAX CB-438, 6000V, LLU, 10x26x8<\/span><\/a><\/p>\n","protected":false},"featured_media":54994,"comment_status":"open","ping_status":"closed","template":"","meta":{"_acf_changed":false,"_improvement_type_select":"improve_an_existing","_thumb_yes_seoaic":false,"_frame_yes_seoaic":false,"seoaic_generate_description":"","seoaic_improve_instructions_prompt":"","seoaic_rollback_content_improvement":"","seoaic_idea_thumbnail_generator":"","thumbnail_generated":false,"thumbnail_generate_prompt":"","seoaic_article_description":"","_supplier_stock_quantity":0},"product_brand":[],"product_model":[],"product_cat":[9464],"product_tag":[],"industry-terminology":[],"class_list":{"0":"post-54995","1":"product","2":"type-product","3":"status-publish","4":"has-post-thumbnail","6":"product_cat-laakerit","8":"first","9":"instock","10":"taxable","11":"shipping-taxable","12":"purchasable","13":"product-type-simple"},"acf":{"bike_features":null,"overview":{"copy_overview":null,"key_features":null,"statement":"","youtube_url":""}},"yoast_head":"<!-- This site is optimized with the Yoast SEO plugin v27.3 - https:\/\/yoast.com\/product\/yoast-seo-wordpress\/ -->\n<title>Laakeri UNION MAX CB-438, 6000V, LLU, 10x26x8 - VM Sport<\/title>\n<meta name=\"robots\" content=\"index, follow, max-snippet:-1, max-image-preview:large, max-video-preview:-1\" \/>\n<link rel=\"canonical\" href=\"https:\/\/vmsport.fi\/sv\/webbutik\/reservdelar\/skivor-och-nav\/lager\/lager-union-max-cb-438-6000v-llu-10x26x8\/\" \/>\n<meta property=\"og:locale\" content=\"sv_SE\" \/>\n<meta property=\"og:type\" content=\"article\" \/>\n<meta property=\"og:title\" content=\"Laakeri UNION MAX CB-438, 6000V, LLU, 10x26x8 - VM Sport\" \/>\n<meta property=\"og:description\" content=\"Laakeri UNION MAX CB-438, jonka mitat ovat 10x26x8 mm, on suunniteltu tarjoamaan luotettavuutta ja suorituskyky\u00e4 moniin eri k\u00e4ytt\u00f6kohteisiin. T\u00e4m\u00e4 LLU-mallin liukulaakeri tarjoaa erinomaista suojaa ep\u00e4puhtauksilta, mik\u00e4 pident\u00e4\u00e4 sen k\u00e4ytt\u00f6ik\u00e4\u00e4 ja v\u00e4hent\u00e4\u00e4 huollon tarvetta. Kehittynyt suunnittelu mahdollistaa helpon asennuksen ja sujuvan toiminnan, mik\u00e4 tekee siit\u00e4 erinomaisen valinnan vaativiin olosuhteisiin. [...]L\u00e4s mer \u2026 from Laakeri UNION MAX CB-438, 6000V, LLU, 10x26x8\" \/>\n<meta property=\"og:url\" content=\"https:\/\/vmsport.fi\/sv\/webbutik\/reservdelar\/skivor-och-nav\/lager\/lager-union-max-cb-438-6000v-llu-10x26x8\/\" \/>\n<meta property=\"og:site_name\" content=\"VM Sport\" \/>\n<meta property=\"article:publisher\" content=\"https:\/\/www.facebook.com\/Vmsport.fi\/\" \/>\n<meta property=\"article:modified_time\" content=\"2026-01-16T11:20:44+00:00\" \/>\n<meta property=\"og:image\" content=\"https:\/\/vmsport.fi\/wp-content\/uploads\/2025\/03\/436438-1.jpg\" \/>\n\t<meta property=\"og:image:width\" content=\"1000\" \/>\n\t<meta property=\"og:image:height\" content=\"1000\" \/>\n\t<meta property=\"og:image:type\" content=\"image\/jpeg\" \/>\n<meta name=\"twitter:card\" content=\"summary_large_image\" \/>\n<script type=\"application\/ld+json\" class=\"yoast-schema-graph\">{\"@context\":\"https:\\\/\\\/schema.org\",\"@graph\":[{\"@type\":[\"WebPage\",\"ItemPage\"],\"@id\":\"https:\\\/\\\/vmsport.fi\\\/verkkokauppa\\\/varaosat\\\/kiekot-ja-navat\\\/laakerit\\\/laakeri-union-max-cb-438-6000v-llu-10x26x8\\\/\",\"url\":\"https:\\\/\\\/vmsport.fi\\\/verkkokauppa\\\/varaosat\\\/kiekot-ja-navat\\\/laakerit\\\/laakeri-union-max-cb-438-6000v-llu-10x26x8\\\/\",\"name\":\"Laakeri UNION MAX CB-438, 6000V, LLU, 10x26x8 - VM Sport\",\"isPartOf\":{\"@id\":\"https:\\\/\\\/vmsport.fi\\\/#website\"},\"primaryImageOfPage\":{\"@id\":\"https:\\\/\\\/vmsport.fi\\\/verkkokauppa\\\/varaosat\\\/kiekot-ja-navat\\\/laakerit\\\/laakeri-union-max-cb-438-6000v-llu-10x26x8\\\/#primaryimage\"},\"image\":{\"@id\":\"https:\\\/\\\/vmsport.fi\\\/verkkokauppa\\\/varaosat\\\/kiekot-ja-navat\\\/laakerit\\\/laakeri-union-max-cb-438-6000v-llu-10x26x8\\\/#primaryimage\"},\"thumbnailUrl\":\"https:\\\/\\\/vmsport.fi\\\/wp-content\\\/uploads\\\/2025\\\/03\\\/436438-1.jpg\",\"datePublished\":\"2025-03-05T22:00:01+00:00\",\"dateModified\":\"2026-01-16T11:20:44+00:00\",\"breadcrumb\":{\"@id\":\"https:\\\/\\\/vmsport.fi\\\/verkkokauppa\\\/varaosat\\\/kiekot-ja-navat\\\/laakerit\\\/laakeri-union-max-cb-438-6000v-llu-10x26x8\\\/#breadcrumb\"},\"inLanguage\":\"sv-SE\",\"potentialAction\":[{\"@type\":\"ReadAction\",\"target\":[\"https:\\\/\\\/vmsport.fi\\\/verkkokauppa\\\/varaosat\\\/kiekot-ja-navat\\\/laakerit\\\/laakeri-union-max-cb-438-6000v-llu-10x26x8\\\/\"]}]},{\"@type\":\"ImageObject\",\"inLanguage\":\"sv-SE\",\"@id\":\"https:\\\/\\\/vmsport.fi\\\/verkkokauppa\\\/varaosat\\\/kiekot-ja-navat\\\/laakerit\\\/laakeri-union-max-cb-438-6000v-llu-10x26x8\\\/#primaryimage\",\"url\":\"https:\\\/\\\/vmsport.fi\\\/wp-content\\\/uploads\\\/2025\\\/03\\\/436438-1.jpg\",\"contentUrl\":\"https:\\\/\\\/vmsport.fi\\\/wp-content\\\/uploads\\\/2025\\\/03\\\/436438-1.jpg\",\"width\":1000,\"height\":1000,\"caption\":\"436438\"},{\"@type\":\"BreadcrumbList\",\"@id\":\"https:\\\/\\\/vmsport.fi\\\/verkkokauppa\\\/varaosat\\\/kiekot-ja-navat\\\/laakerit\\\/laakeri-union-max-cb-438-6000v-llu-10x26x8\\\/#breadcrumb\",\"itemListElement\":[{\"@type\":\"ListItem\",\"position\":1,\"name\":\"Etusivu\",\"item\":\"https:\\\/\\\/vmsport.fi\\\/\"},{\"@type\":\"ListItem\",\"position\":2,\"name\":\"Online Store\",\"item\":\"https:\\\/\\\/vmsport.fi\\\/en\\\/online-store\\\/\"},{\"@type\":\"ListItem\",\"position\":3,\"name\":\"Laakeri UNION MAX CB-438, 6000V, LLU, 10x26x8\"}]},{\"@type\":\"WebSite\",\"@id\":\"https:\\\/\\\/vmsport.fi\\\/#website\",\"url\":\"https:\\\/\\\/vmsport.fi\\\/\",\"name\":\"Vmsport\",\"description\":\"Kaikki py\u00f6r\u00e4ilyyn yhdest\u00e4 paikasta\",\"publisher\":{\"@id\":\"https:\\\/\\\/vmsport.fi\\\/#organization\"},\"potentialAction\":[{\"@type\":\"SearchAction\",\"target\":{\"@type\":\"EntryPoint\",\"urlTemplate\":\"https:\\\/\\\/vmsport.fi\\\/?s={search_term_string}\"},\"query-input\":{\"@type\":\"PropertyValueSpecification\",\"valueRequired\":true,\"valueName\":\"search_term_string\"}}],\"inLanguage\":\"sv-SE\"},{\"@type\":\"Organization\",\"@id\":\"https:\\\/\\\/vmsport.fi\\\/#organization\",\"name\":\"Vmsport\",\"url\":\"https:\\\/\\\/vmsport.fi\\\/\",\"logo\":{\"@type\":\"ImageObject\",\"inLanguage\":\"sv-SE\",\"@id\":\"https:\\\/\\\/vmsport.fi\\\/#\\\/schema\\\/logo\\\/image\\\/\",\"url\":\"https:\\\/\\\/vmsport.fi\\\/wp-content\\\/uploads\\\/2024\\\/12\\\/vm_sport_RGB_horisontal-e1734526017575.png\",\"contentUrl\":\"https:\\\/\\\/vmsport.fi\\\/wp-content\\\/uploads\\\/2024\\\/12\\\/vm_sport_RGB_horisontal-e1734526017575.png\",\"width\":668,\"height\":85,\"caption\":\"Vmsport\"},\"image\":{\"@id\":\"https:\\\/\\\/vmsport.fi\\\/#\\\/schema\\\/logo\\\/image\\\/\"},\"sameAs\":[\"https:\\\/\\\/www.facebook.com\\\/Vmsport.fi\\\/\",\"https:\\\/\\\/www.instagram.com\\\/vmsport\\\/\"]}]}<\/script>\n<!-- \/ Yoast SEO plugin. -->","yoast_head_json":{"title":"Lager UNION MAX CB-438, 6000V, LLU, 10x26x8 - VM Sport","robots":{"index":"index","follow":"follow","max-snippet":"max-snippet:-1","max-image-preview":"max-image-preview:large","max-video-preview":"max-video-preview:-1"},"canonical":"https:\/\/vmsport.fi\/sv\/webbutik\/reservdelar\/skivor-och-nav\/lager\/lager-union-max-cb-438-6000v-llu-10x26x8\/","og_locale":"sv_SE","og_type":"article","og_title":"Laakeri UNION MAX CB-438, 6000V, LLU, 10x26x8 - VM Sport","og_description":"Laakeri UNION MAX CB-438, jonka mitat ovat 10x26x8 mm, on suunniteltu tarjoamaan luotettavuutta ja suorituskyky\u00e4 moniin eri k\u00e4ytt\u00f6kohteisiin. T\u00e4m\u00e4 LLU-mallin liukulaakeri tarjoaa erinomaista suojaa ep\u00e4puhtauksilta, mik\u00e4 pident\u00e4\u00e4 sen k\u00e4ytt\u00f6ik\u00e4\u00e4 ja v\u00e4hent\u00e4\u00e4 huollon tarvetta. Kehittynyt suunnittelu mahdollistaa helpon asennuksen ja sujuvan toiminnan, mik\u00e4 tekee siit\u00e4 erinomaisen valinnan vaativiin olosuhteisiin. [...]L\u00e4s mer \u2026 from Laakeri UNION MAX CB-438, 6000V, LLU, 10x26x8","og_url":"https:\/\/vmsport.fi\/sv\/webbutik\/reservdelar\/skivor-och-nav\/lager\/lager-union-max-cb-438-6000v-llu-10x26x8\/","og_site_name":"VM Sport","article_publisher":"https:\/\/www.facebook.com\/Vmsport.fi\/","article_modified_time":"2026-01-16T11:20:44+00:00","og_image":[{"width":1000,"height":1000,"url":"https:\/\/vmsport.fi\/wp-content\/uploads\/2025\/03\/436438-1.jpg","type":"image\/jpeg"}],"twitter_card":"summary_large_image","schema":{"@context":"https:\/\/schema.org","@graph":[{"@type":["WebPage","ItemPage"],"@id":"https:\/\/vmsport.fi\/verkkokauppa\/varaosat\/kiekot-ja-navat\/laakerit\/laakeri-union-max-cb-438-6000v-llu-10x26x8\/","url":"https:\/\/vmsport.fi\/verkkokauppa\/varaosat\/kiekot-ja-navat\/laakerit\/laakeri-union-max-cb-438-6000v-llu-10x26x8\/","name":"Lager UNION MAX CB-438, 6000V, LLU, 10x26x8 - VM Sport","isPartOf":{"@id":"https:\/\/vmsport.fi\/#website"},"primaryImageOfPage":{"@id":"https:\/\/vmsport.fi\/verkkokauppa\/varaosat\/kiekot-ja-navat\/laakerit\/laakeri-union-max-cb-438-6000v-llu-10x26x8\/#primaryimage"},"image":{"@id":"https:\/\/vmsport.fi\/verkkokauppa\/varaosat\/kiekot-ja-navat\/laakerit\/laakeri-union-max-cb-438-6000v-llu-10x26x8\/#primaryimage"},"thumbnailUrl":"https:\/\/vmsport.fi\/wp-content\/uploads\/2025\/03\/436438-1.jpg","datePublished":"2025-03-05T22:00:01+00:00","dateModified":"2026-01-16T11:20:44+00:00","breadcrumb":{"@id":"https:\/\/vmsport.fi\/verkkokauppa\/varaosat\/kiekot-ja-navat\/laakerit\/laakeri-union-max-cb-438-6000v-llu-10x26x8\/#breadcrumb"},"inLanguage":"sv-SE","potentialAction":[{"@type":"ReadAction","target":["https:\/\/vmsport.fi\/verkkokauppa\/varaosat\/kiekot-ja-navat\/laakerit\/laakeri-union-max-cb-438-6000v-llu-10x26x8\/"]}]},{"@type":"ImageObject","inLanguage":"sv-SE","@id":"https:\/\/vmsport.fi\/verkkokauppa\/varaosat\/kiekot-ja-navat\/laakerit\/laakeri-union-max-cb-438-6000v-llu-10x26x8\/#primaryimage","url":"https:\/\/vmsport.fi\/wp-content\/uploads\/2025\/03\/436438-1.jpg","contentUrl":"https:\/\/vmsport.fi\/wp-content\/uploads\/2025\/03\/436438-1.jpg","width":1000,"height":1000,"caption":"436438"},{"@type":"BreadcrumbList","@id":"https:\/\/vmsport.fi\/verkkokauppa\/varaosat\/kiekot-ja-navat\/laakerit\/laakeri-union-max-cb-438-6000v-llu-10x26x8\/#breadcrumb","itemListElement":[{"@type":"ListItem","position":1,"name":"Etusivu","item":"https:\/\/vmsport.fi\/"},{"@type":"ListItem","position":2,"name":"Online Store","item":"https:\/\/vmsport.fi\/en\/online-store\/"},{"@type":"ListItem","position":3,"name":"Laakeri UNION MAX CB-438, 6000V, LLU, 10x26x8"}]},{"@type":"WebSite","@id":"https:\/\/vmsport.fi\/#website","url":"https:\/\/vmsport.fi\/","name":"Vmsport","description":"Allt p\u00e5 ett st\u00e4lle f\u00f6r cykling","publisher":{"@id":"https:\/\/vmsport.fi\/#organization"},"potentialAction":[{"@type":"SearchAction","target":{"@type":"EntryPoint","urlTemplate":"https:\/\/vmsport.fi\/?s={search_term_string}"},"query-input":{"@type":"PropertyValueSpecification","valueRequired":true,"valueName":"search_term_string"}}],"inLanguage":"sv-SE"},{"@type":"Organization","@id":"https:\/\/vmsport.fi\/#organization","name":"Vmsport","url":"https:\/\/vmsport.fi\/","logo":{"@type":"ImageObject","inLanguage":"sv-SE","@id":"https:\/\/vmsport.fi\/#\/schema\/logo\/image\/","url":"https:\/\/vmsport.fi\/wp-content\/uploads\/2024\/12\/vm_sport_RGB_horisontal-e1734526017575.png","contentUrl":"https:\/\/vmsport.fi\/wp-content\/uploads\/2024\/12\/vm_sport_RGB_horisontal-e1734526017575.png","width":668,"height":85,"caption":"Vmsport"},"image":{"@id":"https:\/\/vmsport.fi\/#\/schema\/logo\/image\/"},"sameAs":["https:\/\/www.facebook.com\/Vmsport.fi\/","https:\/\/www.instagram.com\/vmsport\/"]}]}},"global_unique_id":"","_links":{"self":[{"href":"https:\/\/vmsport.fi\/sv\/wp-json\/wp\/v2\/product\/54995","targetHints":{"allow":["GET"]}}],"collection":[{"href":"https:\/\/vmsport.fi\/sv\/wp-json\/wp\/v2\/product"}],"about":[{"href":"https:\/\/vmsport.fi\/sv\/wp-json\/wp\/v2\/types\/product"}],"replies":[{"embeddable":true,"href":"https:\/\/vmsport.fi\/sv\/wp-json\/wp\/v2\/comments?post=54995"}],"wp:featuredmedia":[{"embeddable":true,"href":"https:\/\/vmsport.fi\/sv\/wp-json\/wp\/v2\/media\/54994"}],"wp:attachment":[{"href":"https:\/\/vmsport.fi\/sv\/wp-json\/wp\/v2\/media?parent=54995"}],"wp:term":[{"taxonomy":"product_brand","embeddable":true,"href":"https:\/\/vmsport.fi\/sv\/wp-json\/wp\/v2\/product_brand?post=54995"},{"taxonomy":"product_model","embeddable":true,"href":"https:\/\/vmsport.fi\/sv\/wp-json\/wp\/v2\/product_model?post=54995"},{"taxonomy":"product_cat","embeddable":true,"href":"https:\/\/vmsport.fi\/sv\/wp-json\/wp\/v2\/product_cat?post=54995"},{"taxonomy":"product_tag","embeddable":true,"href":"https:\/\/vmsport.fi\/sv\/wp-json\/wp\/v2\/product_tag?post=54995"},{"taxonomy":"industry_terminology","embeddable":true,"href":"https:\/\/vmsport.fi\/sv\/wp-json\/wp\/v2\/industry-terminology?post=54995"}],"curies":[{"name":"wp","href":"https:\/\/api.w.org\/{rel}","templated":true}]}}