{"id":54991,"date":"2025-03-05T23:59:59","date_gmt":"2025-03-05T21:59:59","guid":{"rendered":"https:\/\/vmsport.fi\/verkkokauppa\/Ei-luokiteltu\/sks-mudguard-infinity-universal-rear-275-29-matte-black\/"},"modified":"2026-04-22T15:09:14","modified_gmt":"2026-04-22T12:09:14","slug":"sks-stankskydd-infinity-universal-bak-275-29-matt-svart","status":"publish","type":"product","link":"https:\/\/vmsport.fi\/sv\/verkkokauppa\/tarvikkeet\/lokasuojat\/takalokasuojat\/sks-mudguard-infinity-universal-rear-275-29-matte-black\/","title":{"rendered":"SKS st\u00e4nksk\u00e4rm Infinity Universal bak 27,5\u2033 - 29\u2033 matt svart"},"content":{"rendered":"<p>SKS Mudguard Infinity st\u00e4nksk\u00e4rm \u00e4r idealisk f\u00f6r b\u00e5de 27,5\u2033- och 29\u2033-d\u00e4ck och ger ett effektivt skydd f\u00f6r bakhjulet. St\u00e4nksk\u00e4rmens moderna design och snygga mattsvarta finish ger ett full\u00e4ndat utseende. St\u00e4nksk\u00e4rmen \u00e4r l\u00e4tt att montera tack vare den universella monteringsl\u00f6sningen som passar de flesta cykelmodeller. Det h\u00e5llbara materialvalet garanterar l\u00e5ng livsl\u00e4ngd och tillf\u00f6rlitlig prestanda. V\u00e4lj denna st\u00e4nksk\u00e4rm f\u00f6r att h\u00e5lla din cykel ren och din k\u00f6rupplevelse behaglig, oavsett v\u00e4derf\u00f6rh\u00e5llanden.<\/p>","protected":false},"excerpt":{"rendered":"<p>SKS Mudguard Infinity -lokasuoja soveltuu erinomaisesti sek\u00e4 27,5&#8243; ett\u00e4 29&#8243; renkaisiin, tarjoten tehokasta suojaa takapy\u00f6r\u00e4lle. Lokasuojan moderni muotoilu ja tyylik\u00e4s mattamusta pinta luovat viimeistellyn ilmeen. T\u00e4m\u00e4 lokasuoja on helppo asentaa sen yleisp\u00e4tev\u00e4n kiinnitysratkaisun ansiosta, joka sopii suurimpaan osaan polkupy\u00f6r\u00e4malleista. Kest\u00e4v\u00e4 materiaalivalinta varmistaa tuotteen pitk\u00e4ik\u00e4isyyden ja luotettavan toiminnan. Valitse t\u00e4m\u00e4 lokasuoja, jotta py\u00f6r\u00e4si pysyy puhtaana ja [&#8230;]<\/p>\n<p><a class=\"btn btn-secondary understrap-read-more-link\" href=\"https:\/\/vmsport.fi\/sv\/verkkokauppa\/tarvikkeet\/lokasuojat\/takalokasuojat\/sks-mudguard-infinity-universal-rear-275-29-matte-black\/\">L\u00e4s mer \u2026<span class=\"screen-reader-text\"> from SKS Mudguard Infinity Universal Rear 27,5&#8243; &#8211; 29&#8243; matte black<\/span><\/a><\/p>\n","protected":false},"featured_media":54987,"comment_status":"open","ping_status":"closed","template":"","meta":{"_acf_changed":false,"_improvement_type_select":"improve_an_existing","_thumb_yes_seoaic":false,"_frame_yes_seoaic":false,"seoaic_generate_description":"","seoaic_improve_instructions_prompt":"","seoaic_rollback_content_improvement":"","seoaic_idea_thumbnail_generator":"","thumbnail_generated":false,"thumbnail_generate_prompt":"","seoaic_article_description":"","_supplier_stock_quantity":0},"product_brand":[1583],"product_model":[],"product_cat":[9572],"product_tag":[],"industry-terminology":[],"class_list":{"0":"post-54991","1":"product","2":"type-product","3":"status-publish","4":"has-post-thumbnail","6":"product_brand-sks-germany","7":"product_cat-takalokasuojat","9":"first","10":"instock","11":"taxable","12":"shipping-taxable","13":"purchasable","14":"product-type-simple"},"acf":{"bike_features":null,"overview":{"copy_overview":null,"key_features":null,"statement":"","youtube_url":""}},"yoast_head":"<!-- This site is optimized with the Yoast SEO plugin v27.4 - https:\/\/yoast.com\/product\/yoast-seo-wordpress\/ -->\n<title>SKS Mudguard Infinity Universal Rear 27,5&quot; - 29&quot; matte black - VM Sport<\/title>\n<meta name=\"robots\" content=\"index, follow, max-snippet:-1, max-image-preview:large, max-video-preview:-1\" \/>\n<link rel=\"canonical\" href=\"https:\/\/vmsport.fi\/sv\/webbutik\/tillbehor\/stankskarmar\/bakre-stankskarmar\/sks-stankskydd-infinity-universal-bak-275-29-matt-svart\/\" \/>\n<meta property=\"og:locale\" content=\"sv_SE\" \/>\n<meta property=\"og:type\" content=\"article\" \/>\n<meta property=\"og:title\" content=\"SKS Mudguard Infinity Universal Rear 27,5&quot; - 29&quot; matte black - VM Sport\" \/>\n<meta property=\"og:description\" content=\"SKS Mudguard Infinity -lokasuoja soveltuu erinomaisesti sek\u00e4 27,5&#8243; ett\u00e4 29&#8243; renkaisiin, tarjoten tehokasta suojaa takapy\u00f6r\u00e4lle. Lokasuojan moderni muotoilu ja tyylik\u00e4s mattamusta pinta luovat viimeistellyn ilmeen. T\u00e4m\u00e4 lokasuoja on helppo asentaa sen yleisp\u00e4tev\u00e4n kiinnitysratkaisun ansiosta, joka sopii suurimpaan osaan polkupy\u00f6r\u00e4malleista. Kest\u00e4v\u00e4 materiaalivalinta varmistaa tuotteen pitk\u00e4ik\u00e4isyyden ja luotettavan toiminnan. Valitse t\u00e4m\u00e4 lokasuoja, jotta py\u00f6r\u00e4si pysyy puhtaana ja [...]L\u00e4s mer \u2026 from SKS Mudguard Infinity Universal Rear 27,5&#8243; &#8211; 29&#8243; matte black\" \/>\n<meta property=\"og:url\" content=\"https:\/\/vmsport.fi\/sv\/webbutik\/tillbehor\/stankskarmar\/bakre-stankskarmar\/sks-stankskydd-infinity-universal-bak-275-29-matt-svart\/\" \/>\n<meta property=\"og:site_name\" content=\"VM Sport\" \/>\n<meta property=\"article:publisher\" content=\"https:\/\/www.facebook.com\/Vmsport.fi\/\" \/>\n<meta property=\"article:modified_time\" content=\"2026-04-22T12:09:14+00:00\" \/>\n<meta property=\"og:image\" content=\"https:\/\/vmsport.fi\/wp-content\/uploads\/2025\/03\/11939-large-1.jpg\" \/>\n\t<meta property=\"og:image:width\" content=\"1000\" \/>\n\t<meta property=\"og:image:height\" content=\"750\" \/>\n\t<meta property=\"og:image:type\" content=\"image\/jpeg\" \/>\n<meta name=\"twitter:card\" content=\"summary_large_image\" \/>\n<script type=\"application\/ld+json\" class=\"yoast-schema-graph\">{\"@context\":\"https:\\\/\\\/schema.org\",\"@graph\":[{\"@type\":[\"WebPage\",\"ItemPage\"],\"@id\":\"https:\\\/\\\/vmsport.fi\\\/verkkokauppa\\\/tarvikkeet\\\/lokasuojat\\\/takalokasuojat\\\/sks-mudguard-infinity-universal-rear-275-29-matte-black\\\/\",\"url\":\"https:\\\/\\\/vmsport.fi\\\/verkkokauppa\\\/tarvikkeet\\\/lokasuojat\\\/takalokasuojat\\\/sks-mudguard-infinity-universal-rear-275-29-matte-black\\\/\",\"name\":\"SKS Mudguard Infinity Universal Rear 27,5\\\" - 29\\\" matte black - VM Sport\",\"isPartOf\":{\"@id\":\"https:\\\/\\\/vmsport.fi\\\/#website\"},\"primaryImageOfPage\":{\"@id\":\"https:\\\/\\\/vmsport.fi\\\/verkkokauppa\\\/tarvikkeet\\\/lokasuojat\\\/takalokasuojat\\\/sks-mudguard-infinity-universal-rear-275-29-matte-black\\\/#primaryimage\"},\"image\":{\"@id\":\"https:\\\/\\\/vmsport.fi\\\/verkkokauppa\\\/tarvikkeet\\\/lokasuojat\\\/takalokasuojat\\\/sks-mudguard-infinity-universal-rear-275-29-matte-black\\\/#primaryimage\"},\"thumbnailUrl\":\"https:\\\/\\\/vmsport.fi\\\/wp-content\\\/uploads\\\/2025\\\/03\\\/11939-large-1.jpg\",\"datePublished\":\"2025-03-05T21:59:59+00:00\",\"dateModified\":\"2026-04-22T12:09:14+00:00\",\"breadcrumb\":{\"@id\":\"https:\\\/\\\/vmsport.fi\\\/verkkokauppa\\\/tarvikkeet\\\/lokasuojat\\\/takalokasuojat\\\/sks-mudguard-infinity-universal-rear-275-29-matte-black\\\/#breadcrumb\"},\"inLanguage\":\"sv-SE\",\"potentialAction\":[{\"@type\":\"ReadAction\",\"target\":[\"https:\\\/\\\/vmsport.fi\\\/verkkokauppa\\\/tarvikkeet\\\/lokasuojat\\\/takalokasuojat\\\/sks-mudguard-infinity-universal-rear-275-29-matte-black\\\/\"]}]},{\"@type\":\"ImageObject\",\"inLanguage\":\"sv-SE\",\"@id\":\"https:\\\/\\\/vmsport.fi\\\/verkkokauppa\\\/tarvikkeet\\\/lokasuojat\\\/takalokasuojat\\\/sks-mudguard-infinity-universal-rear-275-29-matte-black\\\/#primaryimage\",\"url\":\"https:\\\/\\\/vmsport.fi\\\/wp-content\\\/uploads\\\/2025\\\/03\\\/11939-large-1.jpg\",\"contentUrl\":\"https:\\\/\\\/vmsport.fi\\\/wp-content\\\/uploads\\\/2025\\\/03\\\/11939-large-1.jpg\",\"width\":1000,\"height\":750,\"caption\":\"11939-large\"},{\"@type\":\"BreadcrumbList\",\"@id\":\"https:\\\/\\\/vmsport.fi\\\/verkkokauppa\\\/tarvikkeet\\\/lokasuojat\\\/takalokasuojat\\\/sks-mudguard-infinity-universal-rear-275-29-matte-black\\\/#breadcrumb\",\"itemListElement\":[{\"@type\":\"ListItem\",\"position\":1,\"name\":\"Etusivu\",\"item\":\"https:\\\/\\\/vmsport.fi\\\/\"},{\"@type\":\"ListItem\",\"position\":2,\"name\":\"Online Store\",\"item\":\"https:\\\/\\\/vmsport.fi\\\/en\\\/online-store\\\/\"},{\"@type\":\"ListItem\",\"position\":3,\"name\":\"SKS Germany\",\"item\":\"https:\\\/\\\/vmsport.fi\\\/merkki\\\/sks-germany\\\/\"},{\"@type\":\"ListItem\",\"position\":4,\"name\":\"SKS Mudguard Infinity Universal Rear 27,5&#8243; &#8211; 29&#8243; matte black\"}]},{\"@type\":\"WebSite\",\"@id\":\"https:\\\/\\\/vmsport.fi\\\/#website\",\"url\":\"https:\\\/\\\/vmsport.fi\\\/\",\"name\":\"Vmsport\",\"description\":\"Kaikki py\u00f6r\u00e4ilyyn yhdest\u00e4 paikasta\",\"publisher\":{\"@id\":\"https:\\\/\\\/vmsport.fi\\\/#organization\"},\"potentialAction\":[{\"@type\":\"SearchAction\",\"target\":{\"@type\":\"EntryPoint\",\"urlTemplate\":\"https:\\\/\\\/vmsport.fi\\\/?s={search_term_string}\"},\"query-input\":{\"@type\":\"PropertyValueSpecification\",\"valueRequired\":true,\"valueName\":\"search_term_string\"}}],\"inLanguage\":\"sv-SE\"},{\"@type\":\"Organization\",\"@id\":\"https:\\\/\\\/vmsport.fi\\\/#organization\",\"name\":\"Vmsport\",\"url\":\"https:\\\/\\\/vmsport.fi\\\/\",\"logo\":{\"@type\":\"ImageObject\",\"inLanguage\":\"sv-SE\",\"@id\":\"https:\\\/\\\/vmsport.fi\\\/#\\\/schema\\\/logo\\\/image\\\/\",\"url\":\"https:\\\/\\\/vmsport.fi\\\/wp-content\\\/uploads\\\/2024\\\/12\\\/vm_sport_RGB_horisontal-e1734526017575.png\",\"contentUrl\":\"https:\\\/\\\/vmsport.fi\\\/wp-content\\\/uploads\\\/2024\\\/12\\\/vm_sport_RGB_horisontal-e1734526017575.png\",\"width\":668,\"height\":85,\"caption\":\"Vmsport\"},\"image\":{\"@id\":\"https:\\\/\\\/vmsport.fi\\\/#\\\/schema\\\/logo\\\/image\\\/\"},\"sameAs\":[\"https:\\\/\\\/www.facebook.com\\\/Vmsport.fi\\\/\",\"https:\\\/\\\/www.instagram.com\\\/vmsport\\\/\"]}]}<\/script>\n<!-- \/ Yoast SEO plugin. -->","yoast_head_json":{"title":"SKS st\u00e4nksk\u00e4rm Infinity Universal bak 27,5\" - 29\" matt svart - VM Sport","robots":{"index":"index","follow":"follow","max-snippet":"max-snippet:-1","max-image-preview":"max-image-preview:large","max-video-preview":"max-video-preview:-1"},"canonical":"https:\/\/vmsport.fi\/sv\/webbutik\/tillbehor\/stankskarmar\/bakre-stankskarmar\/sks-stankskydd-infinity-universal-bak-275-29-matt-svart\/","og_locale":"sv_SE","og_type":"article","og_title":"SKS Mudguard Infinity Universal Rear 27,5\" - 29\" matte black - VM Sport","og_description":"SKS Mudguard Infinity -lokasuoja soveltuu erinomaisesti sek\u00e4 27,5&#8243; ett\u00e4 29&#8243; renkaisiin, tarjoten tehokasta suojaa takapy\u00f6r\u00e4lle. Lokasuojan moderni muotoilu ja tyylik\u00e4s mattamusta pinta luovat viimeistellyn ilmeen. T\u00e4m\u00e4 lokasuoja on helppo asentaa sen yleisp\u00e4tev\u00e4n kiinnitysratkaisun ansiosta, joka sopii suurimpaan osaan polkupy\u00f6r\u00e4malleista. Kest\u00e4v\u00e4 materiaalivalinta varmistaa tuotteen pitk\u00e4ik\u00e4isyyden ja luotettavan toiminnan. Valitse t\u00e4m\u00e4 lokasuoja, jotta py\u00f6r\u00e4si pysyy puhtaana ja [...]L\u00e4s mer \u2026 from SKS Mudguard Infinity Universal Rear 27,5&#8243; &#8211; 29&#8243; matte black","og_url":"https:\/\/vmsport.fi\/sv\/webbutik\/tillbehor\/stankskarmar\/bakre-stankskarmar\/sks-stankskydd-infinity-universal-bak-275-29-matt-svart\/","og_site_name":"VM Sport","article_publisher":"https:\/\/www.facebook.com\/Vmsport.fi\/","article_modified_time":"2026-04-22T12:09:14+00:00","og_image":[{"width":1000,"height":750,"url":"https:\/\/vmsport.fi\/wp-content\/uploads\/2025\/03\/11939-large-1.jpg","type":"image\/jpeg"}],"twitter_card":"summary_large_image","schema":{"@context":"https:\/\/schema.org","@graph":[{"@type":["WebPage","ItemPage"],"@id":"https:\/\/vmsport.fi\/verkkokauppa\/tarvikkeet\/lokasuojat\/takalokasuojat\/sks-mudguard-infinity-universal-rear-275-29-matte-black\/","url":"https:\/\/vmsport.fi\/verkkokauppa\/tarvikkeet\/lokasuojat\/takalokasuojat\/sks-mudguard-infinity-universal-rear-275-29-matte-black\/","name":"SKS st\u00e4nksk\u00e4rm Infinity Universal bak 27,5\" - 29\" matt svart - VM Sport","isPartOf":{"@id":"https:\/\/vmsport.fi\/#website"},"primaryImageOfPage":{"@id":"https:\/\/vmsport.fi\/verkkokauppa\/tarvikkeet\/lokasuojat\/takalokasuojat\/sks-mudguard-infinity-universal-rear-275-29-matte-black\/#primaryimage"},"image":{"@id":"https:\/\/vmsport.fi\/verkkokauppa\/tarvikkeet\/lokasuojat\/takalokasuojat\/sks-mudguard-infinity-universal-rear-275-29-matte-black\/#primaryimage"},"thumbnailUrl":"https:\/\/vmsport.fi\/wp-content\/uploads\/2025\/03\/11939-large-1.jpg","datePublished":"2025-03-05T21:59:59+00:00","dateModified":"2026-04-22T12:09:14+00:00","breadcrumb":{"@id":"https:\/\/vmsport.fi\/verkkokauppa\/tarvikkeet\/lokasuojat\/takalokasuojat\/sks-mudguard-infinity-universal-rear-275-29-matte-black\/#breadcrumb"},"inLanguage":"sv-SE","potentialAction":[{"@type":"ReadAction","target":["https:\/\/vmsport.fi\/verkkokauppa\/tarvikkeet\/lokasuojat\/takalokasuojat\/sks-mudguard-infinity-universal-rear-275-29-matte-black\/"]}]},{"@type":"ImageObject","inLanguage":"sv-SE","@id":"https:\/\/vmsport.fi\/verkkokauppa\/tarvikkeet\/lokasuojat\/takalokasuojat\/sks-mudguard-infinity-universal-rear-275-29-matte-black\/#primaryimage","url":"https:\/\/vmsport.fi\/wp-content\/uploads\/2025\/03\/11939-large-1.jpg","contentUrl":"https:\/\/vmsport.fi\/wp-content\/uploads\/2025\/03\/11939-large-1.jpg","width":1000,"height":750,"caption":"11939-large"},{"@type":"BreadcrumbList","@id":"https:\/\/vmsport.fi\/verkkokauppa\/tarvikkeet\/lokasuojat\/takalokasuojat\/sks-mudguard-infinity-universal-rear-275-29-matte-black\/#breadcrumb","itemListElement":[{"@type":"ListItem","position":1,"name":"Etusivu","item":"https:\/\/vmsport.fi\/"},{"@type":"ListItem","position":2,"name":"Online Store","item":"https:\/\/vmsport.fi\/en\/online-store\/"},{"@type":"ListItem","position":3,"name":"SKS Germany","item":"https:\/\/vmsport.fi\/merkki\/sks-germany\/"},{"@type":"ListItem","position":4,"name":"SKS Mudguard Infinity Universal Rear 27,5&#8243; &#8211; 29&#8243; matte black"}]},{"@type":"WebSite","@id":"https:\/\/vmsport.fi\/#website","url":"https:\/\/vmsport.fi\/","name":"Vmsport","description":"Allt p\u00e5 ett st\u00e4lle f\u00f6r cykling","publisher":{"@id":"https:\/\/vmsport.fi\/#organization"},"potentialAction":[{"@type":"SearchAction","target":{"@type":"EntryPoint","urlTemplate":"https:\/\/vmsport.fi\/?s={search_term_string}"},"query-input":{"@type":"PropertyValueSpecification","valueRequired":true,"valueName":"search_term_string"}}],"inLanguage":"sv-SE"},{"@type":"Organization","@id":"https:\/\/vmsport.fi\/#organization","name":"Vmsport","url":"https:\/\/vmsport.fi\/","logo":{"@type":"ImageObject","inLanguage":"sv-SE","@id":"https:\/\/vmsport.fi\/#\/schema\/logo\/image\/","url":"https:\/\/vmsport.fi\/wp-content\/uploads\/2024\/12\/vm_sport_RGB_horisontal-e1734526017575.png","contentUrl":"https:\/\/vmsport.fi\/wp-content\/uploads\/2024\/12\/vm_sport_RGB_horisontal-e1734526017575.png","width":668,"height":85,"caption":"Vmsport"},"image":{"@id":"https:\/\/vmsport.fi\/#\/schema\/logo\/image\/"},"sameAs":["https:\/\/www.facebook.com\/Vmsport.fi\/","https:\/\/www.instagram.com\/vmsport\/"]}]}},"global_unique_id":"","_links":{"self":[{"href":"https:\/\/vmsport.fi\/sv\/wp-json\/wp\/v2\/product\/54991","targetHints":{"allow":["GET"]}}],"collection":[{"href":"https:\/\/vmsport.fi\/sv\/wp-json\/wp\/v2\/product"}],"about":[{"href":"https:\/\/vmsport.fi\/sv\/wp-json\/wp\/v2\/types\/product"}],"replies":[{"embeddable":true,"href":"https:\/\/vmsport.fi\/sv\/wp-json\/wp\/v2\/comments?post=54991"}],"wp:featuredmedia":[{"embeddable":true,"href":"https:\/\/vmsport.fi\/sv\/wp-json\/wp\/v2\/media\/54987"}],"wp:attachment":[{"href":"https:\/\/vmsport.fi\/sv\/wp-json\/wp\/v2\/media?parent=54991"}],"wp:term":[{"taxonomy":"product_brand","embeddable":true,"href":"https:\/\/vmsport.fi\/sv\/wp-json\/wp\/v2\/product_brand?post=54991"},{"taxonomy":"product_model","embeddable":true,"href":"https:\/\/vmsport.fi\/sv\/wp-json\/wp\/v2\/product_model?post=54991"},{"taxonomy":"product_cat","embeddable":true,"href":"https:\/\/vmsport.fi\/sv\/wp-json\/wp\/v2\/product_cat?post=54991"},{"taxonomy":"product_tag","embeddable":true,"href":"https:\/\/vmsport.fi\/sv\/wp-json\/wp\/v2\/product_tag?post=54991"},{"taxonomy":"industry_terminology","embeddable":true,"href":"https:\/\/vmsport.fi\/sv\/wp-json\/wp\/v2\/industry-terminology?post=54991"}],"curies":[{"name":"wp","href":"https:\/\/api.w.org\/{rel}","templated":true}]}}