{"id":54980,"date":"2025-03-05T23:59:53","date_gmt":"2025-03-05T21:59:53","guid":{"rendered":"https:\/\/vmsport.fi\/verkkokauppa\/Ei-luokiteltu\/poljin-spd-sl-sis-sm-sh11-pd-rs500\/"},"modified":"2026-03-30T16:25:38","modified_gmt":"2026-03-30T13:25:38","slug":"poljin-spd-sl-sis-sm-sh11-pd-rs500","status":"publish","type":"product","link":"https:\/\/vmsport.fi\/sv\/verkkokauppa\/varaosat\/polkimet\/lukkopolkimet-maantie\/poljin-spd-sl-sis-sm-sh11-pd-rs500\/","title":{"rendered":"Poljin SPD-SL Sis. SM-SH11 PD-RS500"},"content":{"rendered":"<p>SPD-SL-pedalen PD-RS500 ger utm\u00e4rkt kraft\u00f6verf\u00f6ring eftersom den \u00e4r s\u00e4rskilt utformad f\u00f6r landsv\u00e4gscykling. Shimanos innovation \u00e5terspeglas i dess l\u00e4tta men h\u00e5llbara konstruktion, vilket g\u00f6r den l\u00e4mplig f\u00f6r b\u00e5de amat\u00f6rer och erfarna cyklister. SM-SH11-klackarna ger komfort och s\u00e4kerhet genom att ge lite utrymme f\u00f6r man\u00f6vrering. Anv\u00e4ndarv\u00e4nligheten bidrar till komforten, eftersom pedalen kan justeras f\u00f6r att ge en personlig passform. Det slitstarka yttre skalet minskar behovet av underh\u00e5ll och f\u00f6rl\u00e4nger cykelns livsl\u00e4ngd p\u00e5 v\u00e4gen.<\/p>","protected":false},"excerpt":{"rendered":"<p>SPD-SL-poljin PD-RS500 mahdollistaa erinomaisen tehonsiirron, koska se on suunniteltu erityisesti maantiepy\u00f6r\u00e4ilyyn. Shimanon innovatiivisuus n\u00e4kyy sen kevyess\u00e4 mutta kest\u00e4v\u00e4ss\u00e4 rakenteessa, mik\u00e4 tekee polkimista sopivat sek\u00e4 harrastajille ett\u00e4 kokeneille py\u00f6r\u00e4ilij\u00f6ille. SM-SH11-keng\u00e4nklossit tarjoavat mukavuutta ja turvallisuutta, sill\u00e4 ne sallivat hieman liikkumisvaraa. K\u00e4yt\u00f6n helppous lis\u00e4\u00e4 mukavuutta, koska polkimen s\u00e4\u00e4dett\u00e4vyys mahdollistaa yksil\u00f6llisen istuvuuden. Kest\u00e4v\u00e4 ulkokuori v\u00e4hent\u00e4\u00e4 huoltotarvetta, mik\u00e4 pident\u00e4\u00e4 py\u00f6r\u00e4si [&#8230;]<\/p>\n<p><a class=\"btn btn-secondary understrap-read-more-link\" href=\"https:\/\/vmsport.fi\/sv\/verkkokauppa\/varaosat\/polkimet\/lukkopolkimet-maantie\/poljin-spd-sl-sis-sm-sh11-pd-rs500\/\">L\u00e4s mer \u2026<span class=\"screen-reader-text\"> from Poljin SPD-SL Sis. SM-SH11 PD-RS500<\/span><\/a><\/p>\n","protected":false},"featured_media":54979,"comment_status":"open","ping_status":"closed","template":"","meta":{"_acf_changed":false,"_improvement_type_select":"improve_an_existing","_thumb_yes_seoaic":false,"_frame_yes_seoaic":false,"seoaic_generate_description":"","seoaic_improve_instructions_prompt":"","seoaic_rollback_content_improvement":"","seoaic_idea_thumbnail_generator":"","thumbnail_generated":false,"thumbnail_generate_prompt":"","seoaic_article_description":"","_supplier_stock_quantity":0},"product_brand":[],"product_model":[],"product_cat":[9378],"product_tag":[],"industry-terminology":[],"class_list":{"0":"post-54980","1":"product","2":"type-product","3":"status-publish","4":"has-post-thumbnail","6":"product_cat-lukkopolkimet-maantie","8":"first","9":"instock","10":"taxable","11":"shipping-taxable","12":"purchasable","13":"product-type-simple"},"acf":{"bike_features":null,"overview":{"copy_overview":null,"key_features":null,"statement":"","youtube_url":""}},"yoast_head":"<!-- This site is optimized with the Yoast SEO plugin v27.3 - https:\/\/yoast.com\/product\/yoast-seo-wordpress\/ -->\n<title>Poljin SPD-SL Sis. SM-SH11 PD-RS500 - VM Sport<\/title>\n<meta name=\"robots\" content=\"index, follow, max-snippet:-1, max-image-preview:large, max-video-preview:-1\" \/>\n<link rel=\"canonical\" href=\"https:\/\/vmsport.fi\/sv\/webbutik\/reservdelar\/pedaler\/laspedaler-for-landsvag\/poljin-spd-sl-sis-sm-sh11-pd-rs500\/\" \/>\n<meta property=\"og:locale\" content=\"sv_SE\" \/>\n<meta property=\"og:type\" content=\"article\" \/>\n<meta property=\"og:title\" content=\"Poljin SPD-SL Sis. SM-SH11 PD-RS500 - VM Sport\" \/>\n<meta property=\"og:description\" content=\"SPD-SL-poljin PD-RS500 mahdollistaa erinomaisen tehonsiirron, koska se on suunniteltu erityisesti maantiepy\u00f6r\u00e4ilyyn. Shimanon innovatiivisuus n\u00e4kyy sen kevyess\u00e4 mutta kest\u00e4v\u00e4ss\u00e4 rakenteessa, mik\u00e4 tekee polkimista sopivat sek\u00e4 harrastajille ett\u00e4 kokeneille py\u00f6r\u00e4ilij\u00f6ille. SM-SH11-keng\u00e4nklossit tarjoavat mukavuutta ja turvallisuutta, sill\u00e4 ne sallivat hieman liikkumisvaraa. K\u00e4yt\u00f6n helppous lis\u00e4\u00e4 mukavuutta, koska polkimen s\u00e4\u00e4dett\u00e4vyys mahdollistaa yksil\u00f6llisen istuvuuden. Kest\u00e4v\u00e4 ulkokuori v\u00e4hent\u00e4\u00e4 huoltotarvetta, mik\u00e4 pident\u00e4\u00e4 py\u00f6r\u00e4si [...]L\u00e4s mer \u2026 from Poljin SPD-SL Sis. SM-SH11 PD-RS500\" \/>\n<meta property=\"og:url\" content=\"https:\/\/vmsport.fi\/sv\/webbutik\/reservdelar\/pedaler\/laspedaler-for-landsvag\/poljin-spd-sl-sis-sm-sh11-pd-rs500\/\" \/>\n<meta property=\"og:site_name\" content=\"VM Sport\" \/>\n<meta property=\"article:publisher\" content=\"https:\/\/www.facebook.com\/Vmsport.fi\/\" \/>\n<meta property=\"article:modified_time\" content=\"2026-03-30T13:25:38+00:00\" \/>\n<meta property=\"og:image\" content=\"https:\/\/vmsport.fi\/wp-content\/uploads\/2025\/03\/20190412-PD-RS500-1-1.jpg\" \/>\n\t<meta property=\"og:image:width\" content=\"600\" \/>\n\t<meta property=\"og:image:height\" content=\"600\" \/>\n\t<meta property=\"og:image:type\" content=\"image\/jpeg\" \/>\n<meta name=\"twitter:card\" content=\"summary_large_image\" \/>\n<script type=\"application\/ld+json\" class=\"yoast-schema-graph\">{\"@context\":\"https:\\\/\\\/schema.org\",\"@graph\":[{\"@type\":[\"WebPage\",\"ItemPage\"],\"@id\":\"https:\\\/\\\/vmsport.fi\\\/verkkokauppa\\\/varaosat\\\/polkimet\\\/lukkopolkimet-maantie\\\/poljin-spd-sl-sis-sm-sh11-pd-rs500\\\/\",\"url\":\"https:\\\/\\\/vmsport.fi\\\/verkkokauppa\\\/varaosat\\\/polkimet\\\/lukkopolkimet-maantie\\\/poljin-spd-sl-sis-sm-sh11-pd-rs500\\\/\",\"name\":\"Poljin SPD-SL Sis. SM-SH11 PD-RS500 - VM Sport\",\"isPartOf\":{\"@id\":\"https:\\\/\\\/vmsport.fi\\\/#website\"},\"primaryImageOfPage\":{\"@id\":\"https:\\\/\\\/vmsport.fi\\\/verkkokauppa\\\/varaosat\\\/polkimet\\\/lukkopolkimet-maantie\\\/poljin-spd-sl-sis-sm-sh11-pd-rs500\\\/#primaryimage\"},\"image\":{\"@id\":\"https:\\\/\\\/vmsport.fi\\\/verkkokauppa\\\/varaosat\\\/polkimet\\\/lukkopolkimet-maantie\\\/poljin-spd-sl-sis-sm-sh11-pd-rs500\\\/#primaryimage\"},\"thumbnailUrl\":\"https:\\\/\\\/vmsport.fi\\\/wp-content\\\/uploads\\\/2025\\\/03\\\/20190412-PD-RS500-1-1.jpg\",\"datePublished\":\"2025-03-05T21:59:53+00:00\",\"dateModified\":\"2026-03-30T13:25:38+00:00\",\"breadcrumb\":{\"@id\":\"https:\\\/\\\/vmsport.fi\\\/verkkokauppa\\\/varaosat\\\/polkimet\\\/lukkopolkimet-maantie\\\/poljin-spd-sl-sis-sm-sh11-pd-rs500\\\/#breadcrumb\"},\"inLanguage\":\"sv-SE\",\"potentialAction\":[{\"@type\":\"ReadAction\",\"target\":[\"https:\\\/\\\/vmsport.fi\\\/verkkokauppa\\\/varaosat\\\/polkimet\\\/lukkopolkimet-maantie\\\/poljin-spd-sl-sis-sm-sh11-pd-rs500\\\/\"]}]},{\"@type\":\"ImageObject\",\"inLanguage\":\"sv-SE\",\"@id\":\"https:\\\/\\\/vmsport.fi\\\/verkkokauppa\\\/varaosat\\\/polkimet\\\/lukkopolkimet-maantie\\\/poljin-spd-sl-sis-sm-sh11-pd-rs500\\\/#primaryimage\",\"url\":\"https:\\\/\\\/vmsport.fi\\\/wp-content\\\/uploads\\\/2025\\\/03\\\/20190412-PD-RS500-1-1.jpg\",\"contentUrl\":\"https:\\\/\\\/vmsport.fi\\\/wp-content\\\/uploads\\\/2025\\\/03\\\/20190412-PD-RS500-1-1.jpg\",\"width\":600,\"height\":600,\"caption\":\"20190412-PD-RS500-1\"},{\"@type\":\"BreadcrumbList\",\"@id\":\"https:\\\/\\\/vmsport.fi\\\/verkkokauppa\\\/varaosat\\\/polkimet\\\/lukkopolkimet-maantie\\\/poljin-spd-sl-sis-sm-sh11-pd-rs500\\\/#breadcrumb\",\"itemListElement\":[{\"@type\":\"ListItem\",\"position\":1,\"name\":\"Etusivu\",\"item\":\"https:\\\/\\\/vmsport.fi\\\/\"},{\"@type\":\"ListItem\",\"position\":2,\"name\":\"Online Store\",\"item\":\"https:\\\/\\\/vmsport.fi\\\/en\\\/online-store\\\/\"},{\"@type\":\"ListItem\",\"position\":3,\"name\":\"Poljin SPD-SL Sis. SM-SH11 PD-RS500\"}]},{\"@type\":\"WebSite\",\"@id\":\"https:\\\/\\\/vmsport.fi\\\/#website\",\"url\":\"https:\\\/\\\/vmsport.fi\\\/\",\"name\":\"Vmsport\",\"description\":\"Kaikki py\u00f6r\u00e4ilyyn yhdest\u00e4 paikasta\",\"publisher\":{\"@id\":\"https:\\\/\\\/vmsport.fi\\\/#organization\"},\"potentialAction\":[{\"@type\":\"SearchAction\",\"target\":{\"@type\":\"EntryPoint\",\"urlTemplate\":\"https:\\\/\\\/vmsport.fi\\\/?s={search_term_string}\"},\"query-input\":{\"@type\":\"PropertyValueSpecification\",\"valueRequired\":true,\"valueName\":\"search_term_string\"}}],\"inLanguage\":\"sv-SE\"},{\"@type\":\"Organization\",\"@id\":\"https:\\\/\\\/vmsport.fi\\\/#organization\",\"name\":\"Vmsport\",\"url\":\"https:\\\/\\\/vmsport.fi\\\/\",\"logo\":{\"@type\":\"ImageObject\",\"inLanguage\":\"sv-SE\",\"@id\":\"https:\\\/\\\/vmsport.fi\\\/#\\\/schema\\\/logo\\\/image\\\/\",\"url\":\"https:\\\/\\\/vmsport.fi\\\/wp-content\\\/uploads\\\/2024\\\/12\\\/vm_sport_RGB_horisontal-e1734526017575.png\",\"contentUrl\":\"https:\\\/\\\/vmsport.fi\\\/wp-content\\\/uploads\\\/2024\\\/12\\\/vm_sport_RGB_horisontal-e1734526017575.png\",\"width\":668,\"height\":85,\"caption\":\"Vmsport\"},\"image\":{\"@id\":\"https:\\\/\\\/vmsport.fi\\\/#\\\/schema\\\/logo\\\/image\\\/\"},\"sameAs\":[\"https:\\\/\\\/www.facebook.com\\\/Vmsport.fi\\\/\",\"https:\\\/\\\/www.instagram.com\\\/vmsport\\\/\"]}]}<\/script>\n<!-- \/ Yoast SEO plugin. -->","yoast_head_json":{"title":"Poljin SPD-SL Sis. SM-SH11 PD-RS500 - VM Sport","robots":{"index":"index","follow":"follow","max-snippet":"max-snippet:-1","max-image-preview":"max-image-preview:large","max-video-preview":"max-video-preview:-1"},"canonical":"https:\/\/vmsport.fi\/sv\/webbutik\/reservdelar\/pedaler\/laspedaler-for-landsvag\/poljin-spd-sl-sis-sm-sh11-pd-rs500\/","og_locale":"sv_SE","og_type":"article","og_title":"Poljin SPD-SL Sis. SM-SH11 PD-RS500 - VM Sport","og_description":"SPD-SL-poljin PD-RS500 mahdollistaa erinomaisen tehonsiirron, koska se on suunniteltu erityisesti maantiepy\u00f6r\u00e4ilyyn. Shimanon innovatiivisuus n\u00e4kyy sen kevyess\u00e4 mutta kest\u00e4v\u00e4ss\u00e4 rakenteessa, mik\u00e4 tekee polkimista sopivat sek\u00e4 harrastajille ett\u00e4 kokeneille py\u00f6r\u00e4ilij\u00f6ille. SM-SH11-keng\u00e4nklossit tarjoavat mukavuutta ja turvallisuutta, sill\u00e4 ne sallivat hieman liikkumisvaraa. K\u00e4yt\u00f6n helppous lis\u00e4\u00e4 mukavuutta, koska polkimen s\u00e4\u00e4dett\u00e4vyys mahdollistaa yksil\u00f6llisen istuvuuden. Kest\u00e4v\u00e4 ulkokuori v\u00e4hent\u00e4\u00e4 huoltotarvetta, mik\u00e4 pident\u00e4\u00e4 py\u00f6r\u00e4si [...]L\u00e4s mer \u2026 from Poljin SPD-SL Sis. SM-SH11 PD-RS500","og_url":"https:\/\/vmsport.fi\/sv\/webbutik\/reservdelar\/pedaler\/laspedaler-for-landsvag\/poljin-spd-sl-sis-sm-sh11-pd-rs500\/","og_site_name":"VM Sport","article_publisher":"https:\/\/www.facebook.com\/Vmsport.fi\/","article_modified_time":"2026-03-30T13:25:38+00:00","og_image":[{"width":600,"height":600,"url":"https:\/\/vmsport.fi\/wp-content\/uploads\/2025\/03\/20190412-PD-RS500-1-1.jpg","type":"image\/jpeg"}],"twitter_card":"summary_large_image","schema":{"@context":"https:\/\/schema.org","@graph":[{"@type":["WebPage","ItemPage"],"@id":"https:\/\/vmsport.fi\/verkkokauppa\/varaosat\/polkimet\/lukkopolkimet-maantie\/poljin-spd-sl-sis-sm-sh11-pd-rs500\/","url":"https:\/\/vmsport.fi\/verkkokauppa\/varaosat\/polkimet\/lukkopolkimet-maantie\/poljin-spd-sl-sis-sm-sh11-pd-rs500\/","name":"Poljin SPD-SL Sis. SM-SH11 PD-RS500 - VM Sport","isPartOf":{"@id":"https:\/\/vmsport.fi\/#website"},"primaryImageOfPage":{"@id":"https:\/\/vmsport.fi\/verkkokauppa\/varaosat\/polkimet\/lukkopolkimet-maantie\/poljin-spd-sl-sis-sm-sh11-pd-rs500\/#primaryimage"},"image":{"@id":"https:\/\/vmsport.fi\/verkkokauppa\/varaosat\/polkimet\/lukkopolkimet-maantie\/poljin-spd-sl-sis-sm-sh11-pd-rs500\/#primaryimage"},"thumbnailUrl":"https:\/\/vmsport.fi\/wp-content\/uploads\/2025\/03\/20190412-PD-RS500-1-1.jpg","datePublished":"2025-03-05T21:59:53+00:00","dateModified":"2026-03-30T13:25:38+00:00","breadcrumb":{"@id":"https:\/\/vmsport.fi\/verkkokauppa\/varaosat\/polkimet\/lukkopolkimet-maantie\/poljin-spd-sl-sis-sm-sh11-pd-rs500\/#breadcrumb"},"inLanguage":"sv-SE","potentialAction":[{"@type":"ReadAction","target":["https:\/\/vmsport.fi\/verkkokauppa\/varaosat\/polkimet\/lukkopolkimet-maantie\/poljin-spd-sl-sis-sm-sh11-pd-rs500\/"]}]},{"@type":"ImageObject","inLanguage":"sv-SE","@id":"https:\/\/vmsport.fi\/verkkokauppa\/varaosat\/polkimet\/lukkopolkimet-maantie\/poljin-spd-sl-sis-sm-sh11-pd-rs500\/#primaryimage","url":"https:\/\/vmsport.fi\/wp-content\/uploads\/2025\/03\/20190412-PD-RS500-1-1.jpg","contentUrl":"https:\/\/vmsport.fi\/wp-content\/uploads\/2025\/03\/20190412-PD-RS500-1-1.jpg","width":600,"height":600,"caption":"20190412-PD-RS500-1"},{"@type":"BreadcrumbList","@id":"https:\/\/vmsport.fi\/verkkokauppa\/varaosat\/polkimet\/lukkopolkimet-maantie\/poljin-spd-sl-sis-sm-sh11-pd-rs500\/#breadcrumb","itemListElement":[{"@type":"ListItem","position":1,"name":"Etusivu","item":"https:\/\/vmsport.fi\/"},{"@type":"ListItem","position":2,"name":"Online Store","item":"https:\/\/vmsport.fi\/en\/online-store\/"},{"@type":"ListItem","position":3,"name":"Poljin SPD-SL Sis. SM-SH11 PD-RS500"}]},{"@type":"WebSite","@id":"https:\/\/vmsport.fi\/#website","url":"https:\/\/vmsport.fi\/","name":"Vmsport","description":"Allt p\u00e5 ett st\u00e4lle f\u00f6r cykling","publisher":{"@id":"https:\/\/vmsport.fi\/#organization"},"potentialAction":[{"@type":"SearchAction","target":{"@type":"EntryPoint","urlTemplate":"https:\/\/vmsport.fi\/?s={search_term_string}"},"query-input":{"@type":"PropertyValueSpecification","valueRequired":true,"valueName":"search_term_string"}}],"inLanguage":"sv-SE"},{"@type":"Organization","@id":"https:\/\/vmsport.fi\/#organization","name":"Vmsport","url":"https:\/\/vmsport.fi\/","logo":{"@type":"ImageObject","inLanguage":"sv-SE","@id":"https:\/\/vmsport.fi\/#\/schema\/logo\/image\/","url":"https:\/\/vmsport.fi\/wp-content\/uploads\/2024\/12\/vm_sport_RGB_horisontal-e1734526017575.png","contentUrl":"https:\/\/vmsport.fi\/wp-content\/uploads\/2024\/12\/vm_sport_RGB_horisontal-e1734526017575.png","width":668,"height":85,"caption":"Vmsport"},"image":{"@id":"https:\/\/vmsport.fi\/#\/schema\/logo\/image\/"},"sameAs":["https:\/\/www.facebook.com\/Vmsport.fi\/","https:\/\/www.instagram.com\/vmsport\/"]}]}},"global_unique_id":"","_links":{"self":[{"href":"https:\/\/vmsport.fi\/sv\/wp-json\/wp\/v2\/product\/54980","targetHints":{"allow":["GET"]}}],"collection":[{"href":"https:\/\/vmsport.fi\/sv\/wp-json\/wp\/v2\/product"}],"about":[{"href":"https:\/\/vmsport.fi\/sv\/wp-json\/wp\/v2\/types\/product"}],"replies":[{"embeddable":true,"href":"https:\/\/vmsport.fi\/sv\/wp-json\/wp\/v2\/comments?post=54980"}],"wp:featuredmedia":[{"embeddable":true,"href":"https:\/\/vmsport.fi\/sv\/wp-json\/wp\/v2\/media\/54979"}],"wp:attachment":[{"href":"https:\/\/vmsport.fi\/sv\/wp-json\/wp\/v2\/media?parent=54980"}],"wp:term":[{"taxonomy":"product_brand","embeddable":true,"href":"https:\/\/vmsport.fi\/sv\/wp-json\/wp\/v2\/product_brand?post=54980"},{"taxonomy":"product_model","embeddable":true,"href":"https:\/\/vmsport.fi\/sv\/wp-json\/wp\/v2\/product_model?post=54980"},{"taxonomy":"product_cat","embeddable":true,"href":"https:\/\/vmsport.fi\/sv\/wp-json\/wp\/v2\/product_cat?post=54980"},{"taxonomy":"product_tag","embeddable":true,"href":"https:\/\/vmsport.fi\/sv\/wp-json\/wp\/v2\/product_tag?post=54980"},{"taxonomy":"industry_terminology","embeddable":true,"href":"https:\/\/vmsport.fi\/sv\/wp-json\/wp\/v2\/industry-terminology?post=54980"}],"curies":[{"name":"wp","href":"https:\/\/api.w.org\/{rel}","templated":true}]}}