{"id":54978,"date":"2025-03-05T23:59:52","date_gmt":"2025-03-05T21:59:52","guid":{"rendered":"https:\/\/vmsport.fi\/verkkokauppa\/Ei-luokiteltu\/tyokalusarja-lezyne-torque-drive\/"},"modified":"2026-04-22T15:10:37","modified_gmt":"2026-04-22T12:10:37","slug":"hjulsats-lezyne-torque-drive","status":"publish","type":"product","link":"https:\/\/vmsport.fi\/sv\/verkkokauppa\/tarvikkeet\/tyokalut\/tyokalusarja-lezyne-torque-drive\/","title":{"rendered":"Verktygssats Lezyne Torque Drive"},"content":{"rendered":"<p>Lezyne Torque Drive \u00e4r ett precisionsverktyg som ger s\u00e4ker och exakt \u00e5tdragning av hjulkomponenter. Verktyget \u00e4r tillverkat av slitstark och precisionsbearbetad aluminium, vilket garanterar tillf\u00f6rlitlighet under m\u00e5nga olika driftsf\u00f6rh\u00e5llanden. Det avtagbara handtaget g\u00f6r det enkelt att packa och transportera. En integrerad magnet h\u00e5ller verktygsspetsarna s\u00e4kert p\u00e5 plats och g\u00f6r det enkelt att justera dem. Momentnyckeln t\u00e4cker ett \u00e5tdragningsintervall p\u00e5 2-10 Nm, vilket s\u00e4kerst\u00e4ller korrekt \u00e5tdragning av bultar och delar och f\u00f6rhindrar skador. Den mjuka v\u00e4skan i fickformat g\u00f6r verktyget bekv\u00e4mt att b\u00e4ra med sig och f\u00f6rvara. Det h\u00e4r verktyget anv\u00e4nds ofta f\u00f6r exakt justering av olika hjuldelar.<\/p>","protected":false},"excerpt":{"rendered":"<p>Lezyne Torque Drive on tarkkuusty\u00f6kalu, joka varmistaa py\u00f6r\u00e4n osien turvallisen ja tarkan kirist\u00e4misen. Ty\u00f6kalu on valmistettu kest\u00e4v\u00e4st\u00e4 ja tarkkuuskoneistetusta alumiinista, mik\u00e4 takaa luotettavuuden erilaisissa k\u00e4ytt\u00f6olosuhteissa. Irrotettava kahva tekee pakkaamisesta ja kuljettamisesta helppoa. Integroitu magneetti pit\u00e4\u00e4 ty\u00f6kaluk\u00e4rjet tukevasti paikoillaan, mik\u00e4 helpottaa s\u00e4\u00e4t\u00f6jen tekemist\u00e4. Momenttiavain kattaa 2\u201310 Nm:n kiristysalueen, varmistaen pulttien ja osien oikean kiristyksen ja ehk\u00e4isten [&#8230;]<\/p>\n<p><a class=\"btn btn-secondary understrap-read-more-link\" href=\"https:\/\/vmsport.fi\/sv\/verkkokauppa\/tarvikkeet\/tyokalut\/tyokalusarja-lezyne-torque-drive\/\">L\u00e4s mer \u2026<span class=\"screen-reader-text\"> from Ty\u00f6kalusarja Lezyne Torque Drive<\/span><\/a><\/p>\n","protected":false},"featured_media":54977,"comment_status":"open","ping_status":"closed","template":"","meta":{"_acf_changed":false,"_improvement_type_select":"improve_an_existing","_thumb_yes_seoaic":false,"_frame_yes_seoaic":false,"seoaic_generate_description":"","seoaic_improve_instructions_prompt":"","seoaic_rollback_content_improvement":"","seoaic_idea_thumbnail_generator":"","thumbnail_generated":false,"thumbnail_generate_prompt":"","seoaic_article_description":"","_supplier_stock_quantity":0},"product_brand":[],"product_model":[],"product_cat":[9282],"product_tag":[],"industry-terminology":[],"class_list":{"0":"post-54978","1":"product","2":"type-product","3":"status-publish","4":"has-post-thumbnail","6":"product_cat-tyokalut","8":"first","9":"outofstock","10":"taxable","11":"shipping-taxable","12":"product-type-simple"},"acf":{"bike_features":null,"overview":{"copy_overview":null,"key_features":null,"statement":"","youtube_url":""}},"yoast_head":"<!-- This site is optimized with the Yoast SEO plugin v27.4 - https:\/\/yoast.com\/product\/yoast-seo-wordpress\/ -->\n<title>Ty\u00f6kalusarja Lezyne Torque Drive - VM Sport<\/title>\n<meta name=\"robots\" content=\"index, follow, max-snippet:-1, max-image-preview:large, max-video-preview:-1\" \/>\n<link rel=\"canonical\" href=\"https:\/\/vmsport.fi\/sv\/webbutik\/tillbehor\/tyokalut\/hjulsats-lezyne-torque-drive\/\" \/>\n<meta property=\"og:locale\" content=\"sv_SE\" \/>\n<meta property=\"og:type\" content=\"article\" \/>\n<meta property=\"og:title\" content=\"Ty\u00f6kalusarja Lezyne Torque Drive - VM Sport\" \/>\n<meta property=\"og:description\" content=\"Lezyne Torque Drive on tarkkuusty\u00f6kalu, joka varmistaa py\u00f6r\u00e4n osien turvallisen ja tarkan kirist\u00e4misen. Ty\u00f6kalu on valmistettu kest\u00e4v\u00e4st\u00e4 ja tarkkuuskoneistetusta alumiinista, mik\u00e4 takaa luotettavuuden erilaisissa k\u00e4ytt\u00f6olosuhteissa. Irrotettava kahva tekee pakkaamisesta ja kuljettamisesta helppoa. Integroitu magneetti pit\u00e4\u00e4 ty\u00f6kaluk\u00e4rjet tukevasti paikoillaan, mik\u00e4 helpottaa s\u00e4\u00e4t\u00f6jen tekemist\u00e4. Momenttiavain kattaa 2\u201310 Nm:n kiristysalueen, varmistaen pulttien ja osien oikean kiristyksen ja ehk\u00e4isten [...]L\u00e4s mer \u2026 from Ty\u00f6kalusarja Lezyne Torque Drive\" \/>\n<meta property=\"og:url\" content=\"https:\/\/vmsport.fi\/sv\/webbutik\/tillbehor\/tyokalut\/hjulsats-lezyne-torque-drive\/\" \/>\n<meta property=\"og:site_name\" content=\"VM Sport\" \/>\n<meta property=\"article:publisher\" content=\"https:\/\/www.facebook.com\/Vmsport.fi\/\" \/>\n<meta property=\"article:modified_time\" content=\"2026-04-22T12:10:37+00:00\" \/>\n<meta property=\"og:image\" content=\"https:\/\/vmsport.fi\/wp-content\/uploads\/2025\/03\/mt-ttdr-v104t12-1.jpg\" \/>\n\t<meta property=\"og:image:width\" content=\"1000\" \/>\n\t<meta property=\"og:image:height\" content=\"1000\" \/>\n\t<meta property=\"og:image:type\" content=\"image\/jpeg\" \/>\n<meta name=\"twitter:card\" content=\"summary_large_image\" \/>\n<script type=\"application\/ld+json\" class=\"yoast-schema-graph\">{\"@context\":\"https:\\\/\\\/schema.org\",\"@graph\":[{\"@type\":[\"WebPage\",\"ItemPage\"],\"@id\":\"https:\\\/\\\/vmsport.fi\\\/verkkokauppa\\\/tarvikkeet\\\/tyokalut\\\/tyokalusarja-lezyne-torque-drive\\\/\",\"url\":\"https:\\\/\\\/vmsport.fi\\\/verkkokauppa\\\/tarvikkeet\\\/tyokalut\\\/tyokalusarja-lezyne-torque-drive\\\/\",\"name\":\"Ty\u00f6kalusarja Lezyne Torque Drive - VM Sport\",\"isPartOf\":{\"@id\":\"https:\\\/\\\/vmsport.fi\\\/#website\"},\"primaryImageOfPage\":{\"@id\":\"https:\\\/\\\/vmsport.fi\\\/verkkokauppa\\\/tarvikkeet\\\/tyokalut\\\/tyokalusarja-lezyne-torque-drive\\\/#primaryimage\"},\"image\":{\"@id\":\"https:\\\/\\\/vmsport.fi\\\/verkkokauppa\\\/tarvikkeet\\\/tyokalut\\\/tyokalusarja-lezyne-torque-drive\\\/#primaryimage\"},\"thumbnailUrl\":\"https:\\\/\\\/vmsport.fi\\\/wp-content\\\/uploads\\\/2025\\\/03\\\/mt-ttdr-v104t12-1.jpg\",\"datePublished\":\"2025-03-05T21:59:52+00:00\",\"dateModified\":\"2026-04-22T12:10:37+00:00\",\"breadcrumb\":{\"@id\":\"https:\\\/\\\/vmsport.fi\\\/verkkokauppa\\\/tarvikkeet\\\/tyokalut\\\/tyokalusarja-lezyne-torque-drive\\\/#breadcrumb\"},\"inLanguage\":\"sv-SE\",\"potentialAction\":[{\"@type\":\"ReadAction\",\"target\":[\"https:\\\/\\\/vmsport.fi\\\/verkkokauppa\\\/tarvikkeet\\\/tyokalut\\\/tyokalusarja-lezyne-torque-drive\\\/\"]}]},{\"@type\":\"ImageObject\",\"inLanguage\":\"sv-SE\",\"@id\":\"https:\\\/\\\/vmsport.fi\\\/verkkokauppa\\\/tarvikkeet\\\/tyokalut\\\/tyokalusarja-lezyne-torque-drive\\\/#primaryimage\",\"url\":\"https:\\\/\\\/vmsport.fi\\\/wp-content\\\/uploads\\\/2025\\\/03\\\/mt-ttdr-v104t12-1.jpg\",\"contentUrl\":\"https:\\\/\\\/vmsport.fi\\\/wp-content\\\/uploads\\\/2025\\\/03\\\/mt-ttdr-v104t12-1.jpg\",\"width\":1000,\"height\":1000,\"caption\":\"mt-ttdr-v104t12\"},{\"@type\":\"BreadcrumbList\",\"@id\":\"https:\\\/\\\/vmsport.fi\\\/verkkokauppa\\\/tarvikkeet\\\/tyokalut\\\/tyokalusarja-lezyne-torque-drive\\\/#breadcrumb\",\"itemListElement\":[{\"@type\":\"ListItem\",\"position\":1,\"name\":\"Etusivu\",\"item\":\"https:\\\/\\\/vmsport.fi\\\/\"},{\"@type\":\"ListItem\",\"position\":2,\"name\":\"Online Store\",\"item\":\"https:\\\/\\\/vmsport.fi\\\/en\\\/online-store\\\/\"},{\"@type\":\"ListItem\",\"position\":3,\"name\":\"Ty\u00f6kalusarja Lezyne Torque Drive\"}]},{\"@type\":\"WebSite\",\"@id\":\"https:\\\/\\\/vmsport.fi\\\/#website\",\"url\":\"https:\\\/\\\/vmsport.fi\\\/\",\"name\":\"Vmsport\",\"description\":\"Kaikki py\u00f6r\u00e4ilyyn yhdest\u00e4 paikasta\",\"publisher\":{\"@id\":\"https:\\\/\\\/vmsport.fi\\\/#organization\"},\"potentialAction\":[{\"@type\":\"SearchAction\",\"target\":{\"@type\":\"EntryPoint\",\"urlTemplate\":\"https:\\\/\\\/vmsport.fi\\\/?s={search_term_string}\"},\"query-input\":{\"@type\":\"PropertyValueSpecification\",\"valueRequired\":true,\"valueName\":\"search_term_string\"}}],\"inLanguage\":\"sv-SE\"},{\"@type\":\"Organization\",\"@id\":\"https:\\\/\\\/vmsport.fi\\\/#organization\",\"name\":\"Vmsport\",\"url\":\"https:\\\/\\\/vmsport.fi\\\/\",\"logo\":{\"@type\":\"ImageObject\",\"inLanguage\":\"sv-SE\",\"@id\":\"https:\\\/\\\/vmsport.fi\\\/#\\\/schema\\\/logo\\\/image\\\/\",\"url\":\"https:\\\/\\\/vmsport.fi\\\/wp-content\\\/uploads\\\/2024\\\/12\\\/vm_sport_RGB_horisontal-e1734526017575.png\",\"contentUrl\":\"https:\\\/\\\/vmsport.fi\\\/wp-content\\\/uploads\\\/2024\\\/12\\\/vm_sport_RGB_horisontal-e1734526017575.png\",\"width\":668,\"height\":85,\"caption\":\"Vmsport\"},\"image\":{\"@id\":\"https:\\\/\\\/vmsport.fi\\\/#\\\/schema\\\/logo\\\/image\\\/\"},\"sameAs\":[\"https:\\\/\\\/www.facebook.com\\\/Vmsport.fi\\\/\",\"https:\\\/\\\/www.instagram.com\\\/vmsport\\\/\"]}]}<\/script>\n<!-- \/ Yoast SEO plugin. -->","yoast_head_json":{"title":"Verktygssats Lezyne Torque Drive - VM Sport","robots":{"index":"index","follow":"follow","max-snippet":"max-snippet:-1","max-image-preview":"max-image-preview:large","max-video-preview":"max-video-preview:-1"},"canonical":"https:\/\/vmsport.fi\/sv\/webbutik\/tillbehor\/tyokalut\/hjulsats-lezyne-torque-drive\/","og_locale":"sv_SE","og_type":"article","og_title":"Ty\u00f6kalusarja Lezyne Torque Drive - VM Sport","og_description":"Lezyne Torque Drive on tarkkuusty\u00f6kalu, joka varmistaa py\u00f6r\u00e4n osien turvallisen ja tarkan kirist\u00e4misen. Ty\u00f6kalu on valmistettu kest\u00e4v\u00e4st\u00e4 ja tarkkuuskoneistetusta alumiinista, mik\u00e4 takaa luotettavuuden erilaisissa k\u00e4ytt\u00f6olosuhteissa. Irrotettava kahva tekee pakkaamisesta ja kuljettamisesta helppoa. Integroitu magneetti pit\u00e4\u00e4 ty\u00f6kaluk\u00e4rjet tukevasti paikoillaan, mik\u00e4 helpottaa s\u00e4\u00e4t\u00f6jen tekemist\u00e4. Momenttiavain kattaa 2\u201310 Nm:n kiristysalueen, varmistaen pulttien ja osien oikean kiristyksen ja ehk\u00e4isten [...]L\u00e4s mer \u2026 from Ty\u00f6kalusarja Lezyne Torque Drive","og_url":"https:\/\/vmsport.fi\/sv\/webbutik\/tillbehor\/tyokalut\/hjulsats-lezyne-torque-drive\/","og_site_name":"VM Sport","article_publisher":"https:\/\/www.facebook.com\/Vmsport.fi\/","article_modified_time":"2026-04-22T12:10:37+00:00","og_image":[{"width":1000,"height":1000,"url":"https:\/\/vmsport.fi\/wp-content\/uploads\/2025\/03\/mt-ttdr-v104t12-1.jpg","type":"image\/jpeg"}],"twitter_card":"summary_large_image","schema":{"@context":"https:\/\/schema.org","@graph":[{"@type":["WebPage","ItemPage"],"@id":"https:\/\/vmsport.fi\/verkkokauppa\/tarvikkeet\/tyokalut\/tyokalusarja-lezyne-torque-drive\/","url":"https:\/\/vmsport.fi\/verkkokauppa\/tarvikkeet\/tyokalut\/tyokalusarja-lezyne-torque-drive\/","name":"Verktygssats Lezyne Torque Drive - VM Sport","isPartOf":{"@id":"https:\/\/vmsport.fi\/#website"},"primaryImageOfPage":{"@id":"https:\/\/vmsport.fi\/verkkokauppa\/tarvikkeet\/tyokalut\/tyokalusarja-lezyne-torque-drive\/#primaryimage"},"image":{"@id":"https:\/\/vmsport.fi\/verkkokauppa\/tarvikkeet\/tyokalut\/tyokalusarja-lezyne-torque-drive\/#primaryimage"},"thumbnailUrl":"https:\/\/vmsport.fi\/wp-content\/uploads\/2025\/03\/mt-ttdr-v104t12-1.jpg","datePublished":"2025-03-05T21:59:52+00:00","dateModified":"2026-04-22T12:10:37+00:00","breadcrumb":{"@id":"https:\/\/vmsport.fi\/verkkokauppa\/tarvikkeet\/tyokalut\/tyokalusarja-lezyne-torque-drive\/#breadcrumb"},"inLanguage":"sv-SE","potentialAction":[{"@type":"ReadAction","target":["https:\/\/vmsport.fi\/verkkokauppa\/tarvikkeet\/tyokalut\/tyokalusarja-lezyne-torque-drive\/"]}]},{"@type":"ImageObject","inLanguage":"sv-SE","@id":"https:\/\/vmsport.fi\/verkkokauppa\/tarvikkeet\/tyokalut\/tyokalusarja-lezyne-torque-drive\/#primaryimage","url":"https:\/\/vmsport.fi\/wp-content\/uploads\/2025\/03\/mt-ttdr-v104t12-1.jpg","contentUrl":"https:\/\/vmsport.fi\/wp-content\/uploads\/2025\/03\/mt-ttdr-v104t12-1.jpg","width":1000,"height":1000,"caption":"mt-ttdr-v104t12"},{"@type":"BreadcrumbList","@id":"https:\/\/vmsport.fi\/verkkokauppa\/tarvikkeet\/tyokalut\/tyokalusarja-lezyne-torque-drive\/#breadcrumb","itemListElement":[{"@type":"ListItem","position":1,"name":"Etusivu","item":"https:\/\/vmsport.fi\/"},{"@type":"ListItem","position":2,"name":"Online Store","item":"https:\/\/vmsport.fi\/en\/online-store\/"},{"@type":"ListItem","position":3,"name":"Ty\u00f6kalusarja Lezyne Torque Drive"}]},{"@type":"WebSite","@id":"https:\/\/vmsport.fi\/#website","url":"https:\/\/vmsport.fi\/","name":"Vmsport","description":"Allt p\u00e5 ett st\u00e4lle f\u00f6r cykling","publisher":{"@id":"https:\/\/vmsport.fi\/#organization"},"potentialAction":[{"@type":"SearchAction","target":{"@type":"EntryPoint","urlTemplate":"https:\/\/vmsport.fi\/?s={search_term_string}"},"query-input":{"@type":"PropertyValueSpecification","valueRequired":true,"valueName":"search_term_string"}}],"inLanguage":"sv-SE"},{"@type":"Organization","@id":"https:\/\/vmsport.fi\/#organization","name":"Vmsport","url":"https:\/\/vmsport.fi\/","logo":{"@type":"ImageObject","inLanguage":"sv-SE","@id":"https:\/\/vmsport.fi\/#\/schema\/logo\/image\/","url":"https:\/\/vmsport.fi\/wp-content\/uploads\/2024\/12\/vm_sport_RGB_horisontal-e1734526017575.png","contentUrl":"https:\/\/vmsport.fi\/wp-content\/uploads\/2024\/12\/vm_sport_RGB_horisontal-e1734526017575.png","width":668,"height":85,"caption":"Vmsport"},"image":{"@id":"https:\/\/vmsport.fi\/#\/schema\/logo\/image\/"},"sameAs":["https:\/\/www.facebook.com\/Vmsport.fi\/","https:\/\/www.instagram.com\/vmsport\/"]}]}},"global_unique_id":"","_links":{"self":[{"href":"https:\/\/vmsport.fi\/sv\/wp-json\/wp\/v2\/product\/54978","targetHints":{"allow":["GET"]}}],"collection":[{"href":"https:\/\/vmsport.fi\/sv\/wp-json\/wp\/v2\/product"}],"about":[{"href":"https:\/\/vmsport.fi\/sv\/wp-json\/wp\/v2\/types\/product"}],"replies":[{"embeddable":true,"href":"https:\/\/vmsport.fi\/sv\/wp-json\/wp\/v2\/comments?post=54978"}],"wp:featuredmedia":[{"embeddable":true,"href":"https:\/\/vmsport.fi\/sv\/wp-json\/wp\/v2\/media\/54977"}],"wp:attachment":[{"href":"https:\/\/vmsport.fi\/sv\/wp-json\/wp\/v2\/media?parent=54978"}],"wp:term":[{"taxonomy":"product_brand","embeddable":true,"href":"https:\/\/vmsport.fi\/sv\/wp-json\/wp\/v2\/product_brand?post=54978"},{"taxonomy":"product_model","embeddable":true,"href":"https:\/\/vmsport.fi\/sv\/wp-json\/wp\/v2\/product_model?post=54978"},{"taxonomy":"product_cat","embeddable":true,"href":"https:\/\/vmsport.fi\/sv\/wp-json\/wp\/v2\/product_cat?post=54978"},{"taxonomy":"product_tag","embeddable":true,"href":"https:\/\/vmsport.fi\/sv\/wp-json\/wp\/v2\/product_tag?post=54978"},{"taxonomy":"industry_terminology","embeddable":true,"href":"https:\/\/vmsport.fi\/sv\/wp-json\/wp\/v2\/industry-terminology?post=54978"}],"curies":[{"name":"wp","href":"https:\/\/api.w.org\/{rel}","templated":true}]}}