{"id":54959,"date":"2025-03-05T23:59:29","date_gmt":"2025-03-05T21:59:29","guid":{"rendered":"https:\/\/vmsport.fi\/verkkokauppa\/Ei-luokiteltu\/xlc-chainring-direct-mount-bosch-singlespeed-38t\/"},"modified":"2026-04-22T15:06:36","modified_gmt":"2026-04-22T12:06:36","slug":"xlc-kedjekrans-direktmonterad-bosch-singlespeed-38t","status":"publish","type":"product","link":"https:\/\/vmsport.fi\/sv\/verkkokauppa\/varaosat\/voimansiirto\/eturattaat\/xlc-chainring-direct-mount-bosch-singlespeed-38t\/","title":{"rendered":"XLC-kedjekrans direktmonterad (Bosch) Singlespeed 38T"},"content":{"rendered":"<p>XLC Direct Mount-kedjehjulet \u00e4r s\u00e4rskilt utformat f\u00f6r Bosch E-Bike-cyklar och \u00e4r enkelt att montera tack vare sin direkta monteringsmetod. Det h\u00e4r kedjehjulet med 38 t\u00e4nder \u00e4r det perfekta valet f\u00f6r env\u00e4xlade konfigurationer. Med sin tillf\u00f6rlitlighet och exakta design kommer det att avsev\u00e4rt f\u00f6rb\u00e4ttra din cykels prestanda och \u00e4r enkelt att installera och anv\u00e4nda.<\/p>","protected":false},"excerpt":{"rendered":"<p>XLC Chainring Direct Mount on suunniteltu erityisesti Bosch E-Bike -moottoreille, mik\u00e4 mahdollistaa vaivattoman kiinnityksen suoran asennustapansa ansiosta. T\u00e4m\u00e4 38-hampainen ratas on ihanteellinen valinta yksivaihteisiin kokoonpanoihin. Toimintavarmuudellaan ja tarkalla suunnittelullaan se parantaa merkitt\u00e4v\u00e4sti py\u00f6r\u00e4si suorituskyky\u00e4, ja sen asentaminen ja k\u00e4ytt\u00f6 on yksinkertaista. [&#8230;]<\/p>\n<p><a class=\"btn btn-secondary understrap-read-more-link\" href=\"https:\/\/vmsport.fi\/sv\/verkkokauppa\/varaosat\/voimansiirto\/eturattaat\/xlc-chainring-direct-mount-bosch-singlespeed-38t\/\">L\u00e4s mer \u2026<span class=\"screen-reader-text\"> from XLC Chainring Direct Mount (Bosch) Singlespeed 38T<\/span><\/a><\/p>\n","protected":false},"featured_media":54958,"comment_status":"open","ping_status":"closed","template":"","meta":{"_acf_changed":false,"_improvement_type_select":"improve_an_existing","_thumb_yes_seoaic":false,"_frame_yes_seoaic":false,"seoaic_generate_description":"","seoaic_improve_instructions_prompt":"","seoaic_rollback_content_improvement":"","seoaic_idea_thumbnail_generator":"","thumbnail_generated":false,"thumbnail_generate_prompt":"","seoaic_article_description":"","_supplier_stock_quantity":0},"product_brand":[],"product_model":[],"product_cat":[9252],"product_tag":[],"industry-terminology":[],"class_list":{"0":"post-54959","1":"product","2":"type-product","3":"status-publish","4":"has-post-thumbnail","6":"product_cat-eturattaat","8":"first","9":"outofstock","10":"taxable","11":"shipping-taxable","12":"product-type-simple"},"acf":{"bike_features":null,"overview":{"copy_overview":null,"key_features":null,"statement":"","youtube_url":""}},"yoast_head":"<!-- This site is optimized with the Yoast SEO plugin v27.4 - https:\/\/yoast.com\/product\/yoast-seo-wordpress\/ -->\n<title>XLC Chainring Direct Mount (Bosch) Singlespeed 38T - VM Sport<\/title>\n<meta name=\"robots\" content=\"index, follow, max-snippet:-1, max-image-preview:large, max-video-preview:-1\" \/>\n<link rel=\"canonical\" href=\"https:\/\/vmsport.fi\/sv\/webbutik\/reservdelar\/transmission\/framhjulsdrift\/xlc-kedjekrans-direktmonterad-bosch-singlespeed-38t\/\" \/>\n<meta property=\"og:locale\" content=\"sv_SE\" \/>\n<meta property=\"og:type\" content=\"article\" \/>\n<meta property=\"og:title\" content=\"XLC Chainring Direct Mount (Bosch) Singlespeed 38T - VM Sport\" \/>\n<meta property=\"og:description\" content=\"XLC Chainring Direct Mount on suunniteltu erityisesti Bosch E-Bike -moottoreille, mik\u00e4 mahdollistaa vaivattoman kiinnityksen suoran asennustapansa ansiosta. T\u00e4m\u00e4 38-hampainen ratas on ihanteellinen valinta yksivaihteisiin kokoonpanoihin. Toimintavarmuudellaan ja tarkalla suunnittelullaan se parantaa merkitt\u00e4v\u00e4sti py\u00f6r\u00e4si suorituskyky\u00e4, ja sen asentaminen ja k\u00e4ytt\u00f6 on yksinkertaista. [...]L\u00e4s mer \u2026 from XLC Chainring Direct Mount (Bosch) Singlespeed 38T\" \/>\n<meta property=\"og:url\" content=\"https:\/\/vmsport.fi\/sv\/webbutik\/reservdelar\/transmission\/framhjulsdrift\/xlc-kedjekrans-direktmonterad-bosch-singlespeed-38t\/\" \/>\n<meta property=\"og:site_name\" content=\"VM Sport\" \/>\n<meta property=\"article:publisher\" content=\"https:\/\/www.facebook.com\/Vmsport.fi\/\" \/>\n<meta property=\"article:modified_time\" content=\"2026-04-22T12:06:36+00:00\" \/>\n<meta property=\"og:image\" content=\"https:\/\/vmsport.fi\/wp-content\/uploads\/2025\/03\/SB32EqWymJo8ta2a7uq8xaKmeZi3hVgZVT7rjFROw7vZQ0JfqF-1.jpg\" \/>\n\t<meta property=\"og:image:width\" content=\"800\" \/>\n\t<meta property=\"og:image:height\" content=\"800\" \/>\n\t<meta property=\"og:image:type\" content=\"image\/jpeg\" \/>\n<meta name=\"twitter:card\" content=\"summary_large_image\" \/>\n<script type=\"application\/ld+json\" class=\"yoast-schema-graph\">{\"@context\":\"https:\\\/\\\/schema.org\",\"@graph\":[{\"@type\":[\"WebPage\",\"ItemPage\"],\"@id\":\"https:\\\/\\\/vmsport.fi\\\/verkkokauppa\\\/varaosat\\\/voimansiirto\\\/eturattaat\\\/xlc-chainring-direct-mount-bosch-singlespeed-38t\\\/\",\"url\":\"https:\\\/\\\/vmsport.fi\\\/verkkokauppa\\\/varaosat\\\/voimansiirto\\\/eturattaat\\\/xlc-chainring-direct-mount-bosch-singlespeed-38t\\\/\",\"name\":\"XLC Chainring Direct Mount (Bosch) Singlespeed 38T - VM Sport\",\"isPartOf\":{\"@id\":\"https:\\\/\\\/vmsport.fi\\\/#website\"},\"primaryImageOfPage\":{\"@id\":\"https:\\\/\\\/vmsport.fi\\\/verkkokauppa\\\/varaosat\\\/voimansiirto\\\/eturattaat\\\/xlc-chainring-direct-mount-bosch-singlespeed-38t\\\/#primaryimage\"},\"image\":{\"@id\":\"https:\\\/\\\/vmsport.fi\\\/verkkokauppa\\\/varaosat\\\/voimansiirto\\\/eturattaat\\\/xlc-chainring-direct-mount-bosch-singlespeed-38t\\\/#primaryimage\"},\"thumbnailUrl\":\"https:\\\/\\\/vmsport.fi\\\/wp-content\\\/uploads\\\/2025\\\/03\\\/SB32EqWymJo8ta2a7uq8xaKmeZi3hVgZVT7rjFROw7vZQ0JfqF-1.jpg\",\"datePublished\":\"2025-03-05T21:59:29+00:00\",\"dateModified\":\"2026-04-22T12:06:36+00:00\",\"breadcrumb\":{\"@id\":\"https:\\\/\\\/vmsport.fi\\\/verkkokauppa\\\/varaosat\\\/voimansiirto\\\/eturattaat\\\/xlc-chainring-direct-mount-bosch-singlespeed-38t\\\/#breadcrumb\"},\"inLanguage\":\"sv-SE\",\"potentialAction\":[{\"@type\":\"ReadAction\",\"target\":[\"https:\\\/\\\/vmsport.fi\\\/verkkokauppa\\\/varaosat\\\/voimansiirto\\\/eturattaat\\\/xlc-chainring-direct-mount-bosch-singlespeed-38t\\\/\"]}]},{\"@type\":\"ImageObject\",\"inLanguage\":\"sv-SE\",\"@id\":\"https:\\\/\\\/vmsport.fi\\\/verkkokauppa\\\/varaosat\\\/voimansiirto\\\/eturattaat\\\/xlc-chainring-direct-mount-bosch-singlespeed-38t\\\/#primaryimage\",\"url\":\"https:\\\/\\\/vmsport.fi\\\/wp-content\\\/uploads\\\/2025\\\/03\\\/SB32EqWymJo8ta2a7uq8xaKmeZi3hVgZVT7rjFROw7vZQ0JfqF-1.jpg\",\"contentUrl\":\"https:\\\/\\\/vmsport.fi\\\/wp-content\\\/uploads\\\/2025\\\/03\\\/SB32EqWymJo8ta2a7uq8xaKmeZi3hVgZVT7rjFROw7vZQ0JfqF-1.jpg\",\"width\":800,\"height\":800,\"caption\":\"SB32EqWymJo8ta2a7uq8xaKmeZi3hVgZVT7rjFROw7vZQ0JfqF\"},{\"@type\":\"BreadcrumbList\",\"@id\":\"https:\\\/\\\/vmsport.fi\\\/verkkokauppa\\\/varaosat\\\/voimansiirto\\\/eturattaat\\\/xlc-chainring-direct-mount-bosch-singlespeed-38t\\\/#breadcrumb\",\"itemListElement\":[{\"@type\":\"ListItem\",\"position\":1,\"name\":\"Etusivu\",\"item\":\"https:\\\/\\\/vmsport.fi\\\/\"},{\"@type\":\"ListItem\",\"position\":2,\"name\":\"Online Store\",\"item\":\"https:\\\/\\\/vmsport.fi\\\/en\\\/online-store\\\/\"},{\"@type\":\"ListItem\",\"position\":3,\"name\":\"XLC Chainring Direct Mount (Bosch) Singlespeed 38T\"}]},{\"@type\":\"WebSite\",\"@id\":\"https:\\\/\\\/vmsport.fi\\\/#website\",\"url\":\"https:\\\/\\\/vmsport.fi\\\/\",\"name\":\"Vmsport\",\"description\":\"Kaikki py\u00f6r\u00e4ilyyn yhdest\u00e4 paikasta\",\"publisher\":{\"@id\":\"https:\\\/\\\/vmsport.fi\\\/#organization\"},\"potentialAction\":[{\"@type\":\"SearchAction\",\"target\":{\"@type\":\"EntryPoint\",\"urlTemplate\":\"https:\\\/\\\/vmsport.fi\\\/?s={search_term_string}\"},\"query-input\":{\"@type\":\"PropertyValueSpecification\",\"valueRequired\":true,\"valueName\":\"search_term_string\"}}],\"inLanguage\":\"sv-SE\"},{\"@type\":\"Organization\",\"@id\":\"https:\\\/\\\/vmsport.fi\\\/#organization\",\"name\":\"Vmsport\",\"url\":\"https:\\\/\\\/vmsport.fi\\\/\",\"logo\":{\"@type\":\"ImageObject\",\"inLanguage\":\"sv-SE\",\"@id\":\"https:\\\/\\\/vmsport.fi\\\/#\\\/schema\\\/logo\\\/image\\\/\",\"url\":\"https:\\\/\\\/vmsport.fi\\\/wp-content\\\/uploads\\\/2024\\\/12\\\/vm_sport_RGB_horisontal-e1734526017575.png\",\"contentUrl\":\"https:\\\/\\\/vmsport.fi\\\/wp-content\\\/uploads\\\/2024\\\/12\\\/vm_sport_RGB_horisontal-e1734526017575.png\",\"width\":668,\"height\":85,\"caption\":\"Vmsport\"},\"image\":{\"@id\":\"https:\\\/\\\/vmsport.fi\\\/#\\\/schema\\\/logo\\\/image\\\/\"},\"sameAs\":[\"https:\\\/\\\/www.facebook.com\\\/Vmsport.fi\\\/\",\"https:\\\/\\\/www.instagram.com\\\/vmsport\\\/\"]}]}<\/script>\n<!-- \/ Yoast SEO plugin. -->","yoast_head_json":{"title":"XLC-kedjekrans direktmonterad (Bosch) Singlespeed 38T - VM Sport","robots":{"index":"index","follow":"follow","max-snippet":"max-snippet:-1","max-image-preview":"max-image-preview:large","max-video-preview":"max-video-preview:-1"},"canonical":"https:\/\/vmsport.fi\/sv\/webbutik\/reservdelar\/transmission\/framhjulsdrift\/xlc-kedjekrans-direktmonterad-bosch-singlespeed-38t\/","og_locale":"sv_SE","og_type":"article","og_title":"XLC Chainring Direct Mount (Bosch) Singlespeed 38T - VM Sport","og_description":"XLC Chainring Direct Mount on suunniteltu erityisesti Bosch E-Bike -moottoreille, mik\u00e4 mahdollistaa vaivattoman kiinnityksen suoran asennustapansa ansiosta. T\u00e4m\u00e4 38-hampainen ratas on ihanteellinen valinta yksivaihteisiin kokoonpanoihin. Toimintavarmuudellaan ja tarkalla suunnittelullaan se parantaa merkitt\u00e4v\u00e4sti py\u00f6r\u00e4si suorituskyky\u00e4, ja sen asentaminen ja k\u00e4ytt\u00f6 on yksinkertaista. [...]L\u00e4s mer \u2026 from XLC Chainring Direct Mount (Bosch) Singlespeed 38T","og_url":"https:\/\/vmsport.fi\/sv\/webbutik\/reservdelar\/transmission\/framhjulsdrift\/xlc-kedjekrans-direktmonterad-bosch-singlespeed-38t\/","og_site_name":"VM Sport","article_publisher":"https:\/\/www.facebook.com\/Vmsport.fi\/","article_modified_time":"2026-04-22T12:06:36+00:00","og_image":[{"width":800,"height":800,"url":"https:\/\/vmsport.fi\/wp-content\/uploads\/2025\/03\/SB32EqWymJo8ta2a7uq8xaKmeZi3hVgZVT7rjFROw7vZQ0JfqF-1.jpg","type":"image\/jpeg"}],"twitter_card":"summary_large_image","schema":{"@context":"https:\/\/schema.org","@graph":[{"@type":["WebPage","ItemPage"],"@id":"https:\/\/vmsport.fi\/verkkokauppa\/varaosat\/voimansiirto\/eturattaat\/xlc-chainring-direct-mount-bosch-singlespeed-38t\/","url":"https:\/\/vmsport.fi\/verkkokauppa\/varaosat\/voimansiirto\/eturattaat\/xlc-chainring-direct-mount-bosch-singlespeed-38t\/","name":"XLC-kedjekrans direktmonterad (Bosch) Singlespeed 38T - VM Sport","isPartOf":{"@id":"https:\/\/vmsport.fi\/#website"},"primaryImageOfPage":{"@id":"https:\/\/vmsport.fi\/verkkokauppa\/varaosat\/voimansiirto\/eturattaat\/xlc-chainring-direct-mount-bosch-singlespeed-38t\/#primaryimage"},"image":{"@id":"https:\/\/vmsport.fi\/verkkokauppa\/varaosat\/voimansiirto\/eturattaat\/xlc-chainring-direct-mount-bosch-singlespeed-38t\/#primaryimage"},"thumbnailUrl":"https:\/\/vmsport.fi\/wp-content\/uploads\/2025\/03\/SB32EqWymJo8ta2a7uq8xaKmeZi3hVgZVT7rjFROw7vZQ0JfqF-1.jpg","datePublished":"2025-03-05T21:59:29+00:00","dateModified":"2026-04-22T12:06:36+00:00","breadcrumb":{"@id":"https:\/\/vmsport.fi\/verkkokauppa\/varaosat\/voimansiirto\/eturattaat\/xlc-chainring-direct-mount-bosch-singlespeed-38t\/#breadcrumb"},"inLanguage":"sv-SE","potentialAction":[{"@type":"ReadAction","target":["https:\/\/vmsport.fi\/verkkokauppa\/varaosat\/voimansiirto\/eturattaat\/xlc-chainring-direct-mount-bosch-singlespeed-38t\/"]}]},{"@type":"ImageObject","inLanguage":"sv-SE","@id":"https:\/\/vmsport.fi\/verkkokauppa\/varaosat\/voimansiirto\/eturattaat\/xlc-chainring-direct-mount-bosch-singlespeed-38t\/#primaryimage","url":"https:\/\/vmsport.fi\/wp-content\/uploads\/2025\/03\/SB32EqWymJo8ta2a7uq8xaKmeZi3hVgZVT7rjFROw7vZQ0JfqF-1.jpg","contentUrl":"https:\/\/vmsport.fi\/wp-content\/uploads\/2025\/03\/SB32EqWymJo8ta2a7uq8xaKmeZi3hVgZVT7rjFROw7vZQ0JfqF-1.jpg","width":800,"height":800,"caption":"SB32EqWymJo8ta2a7uq8xaKmeZi3hVgZVT7rjFROw7vZQ0JfqF"},{"@type":"BreadcrumbList","@id":"https:\/\/vmsport.fi\/verkkokauppa\/varaosat\/voimansiirto\/eturattaat\/xlc-chainring-direct-mount-bosch-singlespeed-38t\/#breadcrumb","itemListElement":[{"@type":"ListItem","position":1,"name":"Etusivu","item":"https:\/\/vmsport.fi\/"},{"@type":"ListItem","position":2,"name":"Online Store","item":"https:\/\/vmsport.fi\/en\/online-store\/"},{"@type":"ListItem","position":3,"name":"XLC Chainring Direct Mount (Bosch) Singlespeed 38T"}]},{"@type":"WebSite","@id":"https:\/\/vmsport.fi\/#website","url":"https:\/\/vmsport.fi\/","name":"Vmsport","description":"Allt p\u00e5 ett st\u00e4lle f\u00f6r cykling","publisher":{"@id":"https:\/\/vmsport.fi\/#organization"},"potentialAction":[{"@type":"SearchAction","target":{"@type":"EntryPoint","urlTemplate":"https:\/\/vmsport.fi\/?s={search_term_string}"},"query-input":{"@type":"PropertyValueSpecification","valueRequired":true,"valueName":"search_term_string"}}],"inLanguage":"sv-SE"},{"@type":"Organization","@id":"https:\/\/vmsport.fi\/#organization","name":"Vmsport","url":"https:\/\/vmsport.fi\/","logo":{"@type":"ImageObject","inLanguage":"sv-SE","@id":"https:\/\/vmsport.fi\/#\/schema\/logo\/image\/","url":"https:\/\/vmsport.fi\/wp-content\/uploads\/2024\/12\/vm_sport_RGB_horisontal-e1734526017575.png","contentUrl":"https:\/\/vmsport.fi\/wp-content\/uploads\/2024\/12\/vm_sport_RGB_horisontal-e1734526017575.png","width":668,"height":85,"caption":"Vmsport"},"image":{"@id":"https:\/\/vmsport.fi\/#\/schema\/logo\/image\/"},"sameAs":["https:\/\/www.facebook.com\/Vmsport.fi\/","https:\/\/www.instagram.com\/vmsport\/"]}]}},"global_unique_id":"","_links":{"self":[{"href":"https:\/\/vmsport.fi\/sv\/wp-json\/wp\/v2\/product\/54959","targetHints":{"allow":["GET"]}}],"collection":[{"href":"https:\/\/vmsport.fi\/sv\/wp-json\/wp\/v2\/product"}],"about":[{"href":"https:\/\/vmsport.fi\/sv\/wp-json\/wp\/v2\/types\/product"}],"replies":[{"embeddable":true,"href":"https:\/\/vmsport.fi\/sv\/wp-json\/wp\/v2\/comments?post=54959"}],"wp:featuredmedia":[{"embeddable":true,"href":"https:\/\/vmsport.fi\/sv\/wp-json\/wp\/v2\/media\/54958"}],"wp:attachment":[{"href":"https:\/\/vmsport.fi\/sv\/wp-json\/wp\/v2\/media?parent=54959"}],"wp:term":[{"taxonomy":"product_brand","embeddable":true,"href":"https:\/\/vmsport.fi\/sv\/wp-json\/wp\/v2\/product_brand?post=54959"},{"taxonomy":"product_model","embeddable":true,"href":"https:\/\/vmsport.fi\/sv\/wp-json\/wp\/v2\/product_model?post=54959"},{"taxonomy":"product_cat","embeddable":true,"href":"https:\/\/vmsport.fi\/sv\/wp-json\/wp\/v2\/product_cat?post=54959"},{"taxonomy":"product_tag","embeddable":true,"href":"https:\/\/vmsport.fi\/sv\/wp-json\/wp\/v2\/product_tag?post=54959"},{"taxonomy":"industry_terminology","embeddable":true,"href":"https:\/\/vmsport.fi\/sv\/wp-json\/wp\/v2\/industry-terminology?post=54959"}],"curies":[{"name":"wp","href":"https:\/\/api.w.org\/{rel}","templated":true}]}}