{"id":54957,"date":"2025-03-05T23:59:28","date_gmt":"2025-03-05T21:59:28","guid":{"rendered":"https:\/\/vmsport.fi\/verkkokauppa\/Ei-luokiteltu\/bontrager-connection-quick-release-6-bolt-disc-29-mtb-wheel-front-not-applicable\/"},"modified":"2026-01-16T13:26:24","modified_gmt":"2026-01-16T11:26:24","slug":"bontrager-connection-quick-release-6-bolt-disc-29-mtb-hjul-fram-ej-tillamplig","status":"publish","type":"product","link":"https:\/\/vmsport.fi\/sv\/verkkokauppa\/varaosat\/kiekot-ja-navat\/etukiekot\/bontrager-connection-quick-release-6-bolt-disc-29-mtb-wheel-front-not-applicable\/","title":{"rendered":"Bontrager Connection Quick Release 6-Bolt Disc 29\u2033 MTB-hjul fram, Ej till\u00e4mpligt"},"content":{"rendered":"<p>Bontrager Connection Quick Release 6-pin disc-system \u00e4r s\u00e4rskilt utformat f\u00f6r mountainbike och erbjuder ett 29-tums framhjul som \u00e4r snabbt och enkelt att montera. Tack vare skivf\u00e4stet \u00e4r cykeln stabil \u00e4ven under utmanande f\u00f6rh\u00e5llanden, eftersom 6-pins-designen f\u00f6rb\u00e4ttrar bromseffektiviteten. Den h\u00e4r modellen \u00e4r idealisk f\u00f6r cyklister som v\u00e4rdes\u00e4tter h\u00e5llbarhet och tillf\u00f6rlitlighet, eftersom den \u00e4r tillverkad av h\u00f6gkvalitativa material. Cykeln kombinerar praktiska egenskaper med komponenter av h\u00f6gsta kvalitet f\u00f6r att ge en utm\u00e4rkt k\u00f6rupplevelse.<\/p>","protected":false},"excerpt":{"rendered":"<p>Bontrager Connection Quick Release 6-pulttinen levyj\u00e4rjestelm\u00e4 on suunniteltu erityisesti maastopy\u00f6r\u00e4ilyyn ja tarjoaa 29-tuumaisen etupy\u00f6r\u00e4n, joka on helppo ja nopea asentaa. Levykiinnityksen ansiosta py\u00f6r\u00e4 toimii vakaasti haastavissakin olosuhteissa, sill\u00e4 6-pulttinen rakenne parantaa jarrutuksen tehokkuutta. T\u00e4m\u00e4 malli sopii erinomaisesti kuljettajille, jotka arvostavat kest\u00e4vyytt\u00e4 ja luotettavuutta, sill\u00e4 se on valmistettu korkealaatuisista materiaaleista. Py\u00f6r\u00e4n k\u00e4yt\u00e4nn\u00f6llisyys ja huippulaadukkaat komponentit yhdistyv\u00e4t [&#8230;]<\/p>\n<p><a class=\"btn btn-secondary understrap-read-more-link\" href=\"https:\/\/vmsport.fi\/sv\/verkkokauppa\/varaosat\/kiekot-ja-navat\/etukiekot\/bontrager-connection-quick-release-6-bolt-disc-29-mtb-wheel-front-not-applicable\/\">L\u00e4s mer \u2026<span class=\"screen-reader-text\"> from Bontrager Connection Quick Release 6-Bolt Disc 29&#8243; MTB Wheel Front, Not applicable<\/span><\/a><\/p>\n","protected":false},"featured_media":54956,"comment_status":"open","ping_status":"closed","template":"","meta":{"_acf_changed":false,"_improvement_type_select":"improve_an_existing","_thumb_yes_seoaic":false,"_frame_yes_seoaic":false,"seoaic_generate_description":"","seoaic_improve_instructions_prompt":"","seoaic_rollback_content_improvement":"","seoaic_idea_thumbnail_generator":"","thumbnail_generated":false,"thumbnail_generate_prompt":"","seoaic_article_description":"","_supplier_stock_quantity":0},"product_brand":[],"product_model":[],"product_cat":[9484],"product_tag":[],"industry-terminology":[],"class_list":{"0":"post-54957","1":"product","2":"type-product","3":"status-publish","4":"has-post-thumbnail","6":"product_cat-etukiekot","8":"first","9":"outofstock","10":"taxable","11":"shipping-taxable","12":"product-type-simple"},"acf":{"bike_features":null,"overview":{"copy_overview":null,"key_features":null,"statement":"","youtube_url":""}},"yoast_head":"<!-- This site is optimized with the Yoast SEO plugin v27.3 - https:\/\/yoast.com\/product\/yoast-seo-wordpress\/ -->\n<title>Bontrager Connection Quick Release 6-Bolt Disc 29&quot; MTB Wheel Front, Not applicable - VM Sport<\/title>\n<meta name=\"robots\" content=\"index, follow, max-snippet:-1, max-image-preview:large, max-video-preview:-1\" \/>\n<link rel=\"canonical\" href=\"https:\/\/vmsport.fi\/sv\/webbutik\/reservdelar\/skivor-och-nav\/fram-falg\/bontrager-connection-quick-release-6-bolt-disc-29-mtb-hjul-fram-ej-tillamplig\/\" \/>\n<meta property=\"og:locale\" content=\"sv_SE\" \/>\n<meta property=\"og:type\" content=\"article\" \/>\n<meta property=\"og:title\" content=\"Bontrager Connection Quick Release 6-Bolt Disc 29&quot; MTB Wheel Front, Not applicable - VM Sport\" \/>\n<meta property=\"og:description\" content=\"Bontrager Connection Quick Release 6-pulttinen levyj\u00e4rjestelm\u00e4 on suunniteltu erityisesti maastopy\u00f6r\u00e4ilyyn ja tarjoaa 29-tuumaisen etupy\u00f6r\u00e4n, joka on helppo ja nopea asentaa. Levykiinnityksen ansiosta py\u00f6r\u00e4 toimii vakaasti haastavissakin olosuhteissa, sill\u00e4 6-pulttinen rakenne parantaa jarrutuksen tehokkuutta. T\u00e4m\u00e4 malli sopii erinomaisesti kuljettajille, jotka arvostavat kest\u00e4vyytt\u00e4 ja luotettavuutta, sill\u00e4 se on valmistettu korkealaatuisista materiaaleista. Py\u00f6r\u00e4n k\u00e4yt\u00e4nn\u00f6llisyys ja huippulaadukkaat komponentit yhdistyv\u00e4t [...]L\u00e4s mer \u2026 from Bontrager Connection Quick Release 6-Bolt Disc 29&#8243; MTB Wheel Front, Not applicable\" \/>\n<meta property=\"og:url\" content=\"https:\/\/vmsport.fi\/sv\/webbutik\/reservdelar\/skivor-och-nav\/fram-falg\/bontrager-connection-quick-release-6-bolt-disc-29-mtb-hjul-fram-ej-tillamplig\/\" \/>\n<meta property=\"og:site_name\" content=\"VM Sport\" \/>\n<meta property=\"article:publisher\" content=\"https:\/\/www.facebook.com\/Vmsport.fi\/\" \/>\n<meta property=\"article:modified_time\" content=\"2026-01-16T11:26:24+00:00\" \/>\n<meta property=\"og:image\" content=\"https:\/\/vmsport.fi\/wp-content\/uploads\/2025\/03\/BontragerConnectionQR6BoltDisc29Wheel-27380-C-Primary-1.jpg\" \/>\n\t<meta property=\"og:image:width\" content=\"1000\" \/>\n\t<meta property=\"og:image:height\" content=\"750\" \/>\n\t<meta property=\"og:image:type\" content=\"image\/jpeg\" \/>\n<meta name=\"twitter:card\" content=\"summary_large_image\" \/>\n<script type=\"application\/ld+json\" class=\"yoast-schema-graph\">{\"@context\":\"https:\\\/\\\/schema.org\",\"@graph\":[{\"@type\":[\"WebPage\",\"ItemPage\"],\"@id\":\"https:\\\/\\\/vmsport.fi\\\/verkkokauppa\\\/varaosat\\\/kiekot-ja-navat\\\/etukiekot\\\/bontrager-connection-quick-release-6-bolt-disc-29-mtb-wheel-front-not-applicable\\\/\",\"url\":\"https:\\\/\\\/vmsport.fi\\\/verkkokauppa\\\/varaosat\\\/kiekot-ja-navat\\\/etukiekot\\\/bontrager-connection-quick-release-6-bolt-disc-29-mtb-wheel-front-not-applicable\\\/\",\"name\":\"Bontrager Connection Quick Release 6-Bolt Disc 29\\\" MTB Wheel Front, Not applicable - VM Sport\",\"isPartOf\":{\"@id\":\"https:\\\/\\\/vmsport.fi\\\/#website\"},\"primaryImageOfPage\":{\"@id\":\"https:\\\/\\\/vmsport.fi\\\/verkkokauppa\\\/varaosat\\\/kiekot-ja-navat\\\/etukiekot\\\/bontrager-connection-quick-release-6-bolt-disc-29-mtb-wheel-front-not-applicable\\\/#primaryimage\"},\"image\":{\"@id\":\"https:\\\/\\\/vmsport.fi\\\/verkkokauppa\\\/varaosat\\\/kiekot-ja-navat\\\/etukiekot\\\/bontrager-connection-quick-release-6-bolt-disc-29-mtb-wheel-front-not-applicable\\\/#primaryimage\"},\"thumbnailUrl\":\"https:\\\/\\\/vmsport.fi\\\/wp-content\\\/uploads\\\/2025\\\/03\\\/BontragerConnectionQR6BoltDisc29Wheel-27380-C-Primary-1.jpg\",\"datePublished\":\"2025-03-05T21:59:28+00:00\",\"dateModified\":\"2026-01-16T11:26:24+00:00\",\"breadcrumb\":{\"@id\":\"https:\\\/\\\/vmsport.fi\\\/verkkokauppa\\\/varaosat\\\/kiekot-ja-navat\\\/etukiekot\\\/bontrager-connection-quick-release-6-bolt-disc-29-mtb-wheel-front-not-applicable\\\/#breadcrumb\"},\"inLanguage\":\"sv-SE\",\"potentialAction\":[{\"@type\":\"ReadAction\",\"target\":[\"https:\\\/\\\/vmsport.fi\\\/verkkokauppa\\\/varaosat\\\/kiekot-ja-navat\\\/etukiekot\\\/bontrager-connection-quick-release-6-bolt-disc-29-mtb-wheel-front-not-applicable\\\/\"]}]},{\"@type\":\"ImageObject\",\"inLanguage\":\"sv-SE\",\"@id\":\"https:\\\/\\\/vmsport.fi\\\/verkkokauppa\\\/varaosat\\\/kiekot-ja-navat\\\/etukiekot\\\/bontrager-connection-quick-release-6-bolt-disc-29-mtb-wheel-front-not-applicable\\\/#primaryimage\",\"url\":\"https:\\\/\\\/vmsport.fi\\\/wp-content\\\/uploads\\\/2025\\\/03\\\/BontragerConnectionQR6BoltDisc29Wheel-27380-C-Primary-1.jpg\",\"contentUrl\":\"https:\\\/\\\/vmsport.fi\\\/wp-content\\\/uploads\\\/2025\\\/03\\\/BontragerConnectionQR6BoltDisc29Wheel-27380-C-Primary-1.jpg\",\"width\":1000,\"height\":750,\"caption\":\"BontragerConnectionQR6BoltDisc29Wheel-27380-C-Primary\"},{\"@type\":\"BreadcrumbList\",\"@id\":\"https:\\\/\\\/vmsport.fi\\\/verkkokauppa\\\/varaosat\\\/kiekot-ja-navat\\\/etukiekot\\\/bontrager-connection-quick-release-6-bolt-disc-29-mtb-wheel-front-not-applicable\\\/#breadcrumb\",\"itemListElement\":[{\"@type\":\"ListItem\",\"position\":1,\"name\":\"Etusivu\",\"item\":\"https:\\\/\\\/vmsport.fi\\\/\"},{\"@type\":\"ListItem\",\"position\":2,\"name\":\"Online Store\",\"item\":\"https:\\\/\\\/vmsport.fi\\\/en\\\/online-store\\\/\"},{\"@type\":\"ListItem\",\"position\":3,\"name\":\"Bontrager Connection Quick Release 6-Bolt Disc 29&#8243; MTB Wheel Front, Not applicable\"}]},{\"@type\":\"WebSite\",\"@id\":\"https:\\\/\\\/vmsport.fi\\\/#website\",\"url\":\"https:\\\/\\\/vmsport.fi\\\/\",\"name\":\"Vmsport\",\"description\":\"Kaikki py\u00f6r\u00e4ilyyn yhdest\u00e4 paikasta\",\"publisher\":{\"@id\":\"https:\\\/\\\/vmsport.fi\\\/#organization\"},\"potentialAction\":[{\"@type\":\"SearchAction\",\"target\":{\"@type\":\"EntryPoint\",\"urlTemplate\":\"https:\\\/\\\/vmsport.fi\\\/?s={search_term_string}\"},\"query-input\":{\"@type\":\"PropertyValueSpecification\",\"valueRequired\":true,\"valueName\":\"search_term_string\"}}],\"inLanguage\":\"sv-SE\"},{\"@type\":\"Organization\",\"@id\":\"https:\\\/\\\/vmsport.fi\\\/#organization\",\"name\":\"Vmsport\",\"url\":\"https:\\\/\\\/vmsport.fi\\\/\",\"logo\":{\"@type\":\"ImageObject\",\"inLanguage\":\"sv-SE\",\"@id\":\"https:\\\/\\\/vmsport.fi\\\/#\\\/schema\\\/logo\\\/image\\\/\",\"url\":\"https:\\\/\\\/vmsport.fi\\\/wp-content\\\/uploads\\\/2024\\\/12\\\/vm_sport_RGB_horisontal-e1734526017575.png\",\"contentUrl\":\"https:\\\/\\\/vmsport.fi\\\/wp-content\\\/uploads\\\/2024\\\/12\\\/vm_sport_RGB_horisontal-e1734526017575.png\",\"width\":668,\"height\":85,\"caption\":\"Vmsport\"},\"image\":{\"@id\":\"https:\\\/\\\/vmsport.fi\\\/#\\\/schema\\\/logo\\\/image\\\/\"},\"sameAs\":[\"https:\\\/\\\/www.facebook.com\\\/Vmsport.fi\\\/\",\"https:\\\/\\\/www.instagram.com\\\/vmsport\\\/\"]}]}<\/script>\n<!-- \/ Yoast SEO plugin. -->","yoast_head_json":{"title":"Bontrager Connection Quick Release 6-Bolt Disc 29\" MTB-hjul fram, ej till\u00e4mpligt - VM Sport","robots":{"index":"index","follow":"follow","max-snippet":"max-snippet:-1","max-image-preview":"max-image-preview:large","max-video-preview":"max-video-preview:-1"},"canonical":"https:\/\/vmsport.fi\/sv\/webbutik\/reservdelar\/skivor-och-nav\/fram-falg\/bontrager-connection-quick-release-6-bolt-disc-29-mtb-hjul-fram-ej-tillamplig\/","og_locale":"sv_SE","og_type":"article","og_title":"Bontrager Connection Quick Release 6-Bolt Disc 29\" MTB Wheel Front, Not applicable - VM Sport","og_description":"Bontrager Connection Quick Release 6-pulttinen levyj\u00e4rjestelm\u00e4 on suunniteltu erityisesti maastopy\u00f6r\u00e4ilyyn ja tarjoaa 29-tuumaisen etupy\u00f6r\u00e4n, joka on helppo ja nopea asentaa. Levykiinnityksen ansiosta py\u00f6r\u00e4 toimii vakaasti haastavissakin olosuhteissa, sill\u00e4 6-pulttinen rakenne parantaa jarrutuksen tehokkuutta. T\u00e4m\u00e4 malli sopii erinomaisesti kuljettajille, jotka arvostavat kest\u00e4vyytt\u00e4 ja luotettavuutta, sill\u00e4 se on valmistettu korkealaatuisista materiaaleista. Py\u00f6r\u00e4n k\u00e4yt\u00e4nn\u00f6llisyys ja huippulaadukkaat komponentit yhdistyv\u00e4t [...]L\u00e4s mer \u2026 from Bontrager Connection Quick Release 6-Bolt Disc 29&#8243; MTB Wheel Front, Not applicable","og_url":"https:\/\/vmsport.fi\/sv\/webbutik\/reservdelar\/skivor-och-nav\/fram-falg\/bontrager-connection-quick-release-6-bolt-disc-29-mtb-hjul-fram-ej-tillamplig\/","og_site_name":"VM Sport","article_publisher":"https:\/\/www.facebook.com\/Vmsport.fi\/","article_modified_time":"2026-01-16T11:26:24+00:00","og_image":[{"width":1000,"height":750,"url":"https:\/\/vmsport.fi\/wp-content\/uploads\/2025\/03\/BontragerConnectionQR6BoltDisc29Wheel-27380-C-Primary-1.jpg","type":"image\/jpeg"}],"twitter_card":"summary_large_image","schema":{"@context":"https:\/\/schema.org","@graph":[{"@type":["WebPage","ItemPage"],"@id":"https:\/\/vmsport.fi\/verkkokauppa\/varaosat\/kiekot-ja-navat\/etukiekot\/bontrager-connection-quick-release-6-bolt-disc-29-mtb-wheel-front-not-applicable\/","url":"https:\/\/vmsport.fi\/verkkokauppa\/varaosat\/kiekot-ja-navat\/etukiekot\/bontrager-connection-quick-release-6-bolt-disc-29-mtb-wheel-front-not-applicable\/","name":"Bontrager Connection Quick Release 6-Bolt Disc 29\" MTB-hjul fram, ej till\u00e4mpligt - VM Sport","isPartOf":{"@id":"https:\/\/vmsport.fi\/#website"},"primaryImageOfPage":{"@id":"https:\/\/vmsport.fi\/verkkokauppa\/varaosat\/kiekot-ja-navat\/etukiekot\/bontrager-connection-quick-release-6-bolt-disc-29-mtb-wheel-front-not-applicable\/#primaryimage"},"image":{"@id":"https:\/\/vmsport.fi\/verkkokauppa\/varaosat\/kiekot-ja-navat\/etukiekot\/bontrager-connection-quick-release-6-bolt-disc-29-mtb-wheel-front-not-applicable\/#primaryimage"},"thumbnailUrl":"https:\/\/vmsport.fi\/wp-content\/uploads\/2025\/03\/BontragerConnectionQR6BoltDisc29Wheel-27380-C-Primary-1.jpg","datePublished":"2025-03-05T21:59:28+00:00","dateModified":"2026-01-16T11:26:24+00:00","breadcrumb":{"@id":"https:\/\/vmsport.fi\/verkkokauppa\/varaosat\/kiekot-ja-navat\/etukiekot\/bontrager-connection-quick-release-6-bolt-disc-29-mtb-wheel-front-not-applicable\/#breadcrumb"},"inLanguage":"sv-SE","potentialAction":[{"@type":"ReadAction","target":["https:\/\/vmsport.fi\/verkkokauppa\/varaosat\/kiekot-ja-navat\/etukiekot\/bontrager-connection-quick-release-6-bolt-disc-29-mtb-wheel-front-not-applicable\/"]}]},{"@type":"ImageObject","inLanguage":"sv-SE","@id":"https:\/\/vmsport.fi\/verkkokauppa\/varaosat\/kiekot-ja-navat\/etukiekot\/bontrager-connection-quick-release-6-bolt-disc-29-mtb-wheel-front-not-applicable\/#primaryimage","url":"https:\/\/vmsport.fi\/wp-content\/uploads\/2025\/03\/BontragerConnectionQR6BoltDisc29Wheel-27380-C-Primary-1.jpg","contentUrl":"https:\/\/vmsport.fi\/wp-content\/uploads\/2025\/03\/BontragerConnectionQR6BoltDisc29Wheel-27380-C-Primary-1.jpg","width":1000,"height":750,"caption":"BontragerConnectionQR6BoltDisc29Wheel-27380-C-Primary"},{"@type":"BreadcrumbList","@id":"https:\/\/vmsport.fi\/verkkokauppa\/varaosat\/kiekot-ja-navat\/etukiekot\/bontrager-connection-quick-release-6-bolt-disc-29-mtb-wheel-front-not-applicable\/#breadcrumb","itemListElement":[{"@type":"ListItem","position":1,"name":"Etusivu","item":"https:\/\/vmsport.fi\/"},{"@type":"ListItem","position":2,"name":"Online Store","item":"https:\/\/vmsport.fi\/en\/online-store\/"},{"@type":"ListItem","position":3,"name":"Bontrager Connection Quick Release 6-Bolt Disc 29&#8243; MTB Wheel Front, Not applicable"}]},{"@type":"WebSite","@id":"https:\/\/vmsport.fi\/#website","url":"https:\/\/vmsport.fi\/","name":"Vmsport","description":"Allt p\u00e5 ett st\u00e4lle f\u00f6r cykling","publisher":{"@id":"https:\/\/vmsport.fi\/#organization"},"potentialAction":[{"@type":"SearchAction","target":{"@type":"EntryPoint","urlTemplate":"https:\/\/vmsport.fi\/?s={search_term_string}"},"query-input":{"@type":"PropertyValueSpecification","valueRequired":true,"valueName":"search_term_string"}}],"inLanguage":"sv-SE"},{"@type":"Organization","@id":"https:\/\/vmsport.fi\/#organization","name":"Vmsport","url":"https:\/\/vmsport.fi\/","logo":{"@type":"ImageObject","inLanguage":"sv-SE","@id":"https:\/\/vmsport.fi\/#\/schema\/logo\/image\/","url":"https:\/\/vmsport.fi\/wp-content\/uploads\/2024\/12\/vm_sport_RGB_horisontal-e1734526017575.png","contentUrl":"https:\/\/vmsport.fi\/wp-content\/uploads\/2024\/12\/vm_sport_RGB_horisontal-e1734526017575.png","width":668,"height":85,"caption":"Vmsport"},"image":{"@id":"https:\/\/vmsport.fi\/#\/schema\/logo\/image\/"},"sameAs":["https:\/\/www.facebook.com\/Vmsport.fi\/","https:\/\/www.instagram.com\/vmsport\/"]}]}},"global_unique_id":"","_links":{"self":[{"href":"https:\/\/vmsport.fi\/sv\/wp-json\/wp\/v2\/product\/54957","targetHints":{"allow":["GET"]}}],"collection":[{"href":"https:\/\/vmsport.fi\/sv\/wp-json\/wp\/v2\/product"}],"about":[{"href":"https:\/\/vmsport.fi\/sv\/wp-json\/wp\/v2\/types\/product"}],"replies":[{"embeddable":true,"href":"https:\/\/vmsport.fi\/sv\/wp-json\/wp\/v2\/comments?post=54957"}],"wp:featuredmedia":[{"embeddable":true,"href":"https:\/\/vmsport.fi\/sv\/wp-json\/wp\/v2\/media\/54956"}],"wp:attachment":[{"href":"https:\/\/vmsport.fi\/sv\/wp-json\/wp\/v2\/media?parent=54957"}],"wp:term":[{"taxonomy":"product_brand","embeddable":true,"href":"https:\/\/vmsport.fi\/sv\/wp-json\/wp\/v2\/product_brand?post=54957"},{"taxonomy":"product_model","embeddable":true,"href":"https:\/\/vmsport.fi\/sv\/wp-json\/wp\/v2\/product_model?post=54957"},{"taxonomy":"product_cat","embeddable":true,"href":"https:\/\/vmsport.fi\/sv\/wp-json\/wp\/v2\/product_cat?post=54957"},{"taxonomy":"product_tag","embeddable":true,"href":"https:\/\/vmsport.fi\/sv\/wp-json\/wp\/v2\/product_tag?post=54957"},{"taxonomy":"industry_terminology","embeddable":true,"href":"https:\/\/vmsport.fi\/sv\/wp-json\/wp\/v2\/industry-terminology?post=54957"}],"curies":[{"name":"wp","href":"https:\/\/api.w.org\/{rel}","templated":true}]}}