{"id":54953,"date":"2025-03-05T23:59:26","date_gmt":"2025-03-05T21:59:26","guid":{"rendered":"https:\/\/vmsport.fi\/verkkokauppa\/Ei-luokiteltu\/husqvarna-grand-towner-4-fw-2023\/"},"modified":"2026-04-01T03:00:29","modified_gmt":"2026-04-01T00:00:29","slug":"husqvarna-grand-towner-4-fw-2023","status":"publish","type":"product","link":"https:\/\/vmsport.fi\/sv\/verkkokauppa\/polkupyorat\/sahkopyorat\/sahkokaupunkipyorat\/husqvarna-grand-towner-4-fw-2023\/","title":{"rendered":"Husqvarna GRAND TOWNER 4 FW 2023"},"content":{"rendered":"<p>Husqvarna GRAND TOWNER 4 FW 2023 \u00e4r utformad f\u00f6r urban mobilitet och ett aktivt stadsliv. Cykeln har en v\u00e5gig ram som g\u00f6r det l\u00e4tt att kliva p\u00e5 och av cykeln, vilket ger praktisk och enkel anv\u00e4ndning. Den h\u00e4r stadscykeln kombinerar effektivitet och komfort, vilket g\u00f6r den till ett utm\u00e4rkt val f\u00f6r vardaglig mobilitet. Utrustad med 28\u2033\/622 mm-d\u00e4ck ger den en stabil och smidig k\u00f6rupplevelse i en m\u00e4ngd olika stadsmilj\u00f6er. Den finns i en snygg svart finish och dess moderna utseende kompletterar den \u00f6vergripande looken p\u00e5 ett snyggt s\u00e4tt.<\/p>","protected":false},"excerpt":{"rendered":"<p>Husqvarna GRAND TOWNER 4 FW 2023 on suunniteltu kaupunkiliikkumisen ja aktiivisen kaupunkiel\u00e4m\u00e4n tarpeisiin. Py\u00f6r\u00e4ss\u00e4 on aaltoileva runko, joka helpottaa py\u00f6r\u00e4n selk\u00e4\u00e4n nousua ja sielt\u00e4 poistumista, tarjoten k\u00e4yt\u00e4nn\u00f6llisyytt\u00e4 ja helppok\u00e4ytt\u00f6isyytt\u00e4. T\u00e4m\u00e4 kaupunkipy\u00f6r\u00e4 yhdist\u00e4\u00e4 tehokkuuden ja mukavuuden, tehden siit\u00e4 erinomaisen valinnan arjen liikkumiseen. Varustettuna 28&#8243;\/622 mm renkailla, se varmistaa vakaan ja sujuvan ajokokemuksen erilaisissa kaupunkiymp\u00e4rist\u00f6iss\u00e4. Saatavilla tyylikk\u00e4\u00e4n [&#8230;]<\/p>\n<p><a class=\"btn btn-secondary understrap-read-more-link\" href=\"https:\/\/vmsport.fi\/sv\/verkkokauppa\/polkupyorat\/sahkopyorat\/sahkokaupunkipyorat\/husqvarna-grand-towner-4-fw-2023\/\">L\u00e4s mer \u2026<span class=\"screen-reader-text\"> from Husqvarna GRAND TOWNER 4 FW 2023<\/span><\/a><\/p>\n","protected":false},"featured_media":54952,"comment_status":"open","ping_status":"closed","template":"","meta":{"_acf_changed":false,"_improvement_type_select":"improve_an_existing","_thumb_yes_seoaic":false,"_frame_yes_seoaic":false,"seoaic_generate_description":"","seoaic_improve_instructions_prompt":"","seoaic_rollback_content_improvement":"","seoaic_idea_thumbnail_generator":"","thumbnail_generated":false,"thumbnail_generate_prompt":"","seoaic_article_description":"","_supplier_stock_quantity":0},"product_brand":[39],"product_model":[532],"product_cat":[9396],"product_tag":[],"industry-terminology":[],"class_list":{"0":"post-54953","1":"product","2":"type-product","3":"status-publish","4":"has-post-thumbnail","6":"product_brand-husqvarna","7":"product_model-grand-towner","8":"product_cat-sahkokaupunkipyorat","10":"first","11":"outofstock","12":"sale","13":"taxable","14":"shipping-taxable","15":"product-type-variable"},"acf":{"bike_features":null,"overview":{"copy_overview":null,"key_features":null,"statement":"","youtube_url":""}},"yoast_head":"<!-- This site is optimized with the Yoast SEO plugin v27.3 - https:\/\/yoast.com\/product\/yoast-seo-wordpress\/ -->\n<title>Husqvarna GRAND TOWNER 4 FW 2023 - VM Sport<\/title>\n<meta name=\"robots\" content=\"index, follow, max-snippet:-1, max-image-preview:large, max-video-preview:-1\" \/>\n<link rel=\"canonical\" href=\"https:\/\/vmsport.fi\/sv\/webbutik\/cyklar\/sahkopyorat\/sagtand-pyorat\/husqvarna-grand-towner-4-fw-2023\/\" \/>\n<meta property=\"og:locale\" content=\"sv_SE\" \/>\n<meta property=\"og:type\" content=\"article\" \/>\n<meta property=\"og:title\" content=\"Husqvarna GRAND TOWNER 4 FW 2023 - VM Sport\" \/>\n<meta property=\"og:description\" content=\"Husqvarna GRAND TOWNER 4 FW 2023 on suunniteltu kaupunkiliikkumisen ja aktiivisen kaupunkiel\u00e4m\u00e4n tarpeisiin. Py\u00f6r\u00e4ss\u00e4 on aaltoileva runko, joka helpottaa py\u00f6r\u00e4n selk\u00e4\u00e4n nousua ja sielt\u00e4 poistumista, tarjoten k\u00e4yt\u00e4nn\u00f6llisyytt\u00e4 ja helppok\u00e4ytt\u00f6isyytt\u00e4. T\u00e4m\u00e4 kaupunkipy\u00f6r\u00e4 yhdist\u00e4\u00e4 tehokkuuden ja mukavuuden, tehden siit\u00e4 erinomaisen valinnan arjen liikkumiseen. Varustettuna 28&#8243;\/622 mm renkailla, se varmistaa vakaan ja sujuvan ajokokemuksen erilaisissa kaupunkiymp\u00e4rist\u00f6iss\u00e4. Saatavilla tyylikk\u00e4\u00e4n [...]L\u00e4s mer \u2026 from Husqvarna GRAND TOWNER 4 FW 2023\" \/>\n<meta property=\"og:url\" content=\"https:\/\/vmsport.fi\/sv\/webbutik\/cyklar\/sahkopyorat\/sagtand-pyorat\/husqvarna-grand-towner-4-fw-2023\/\" \/>\n<meta property=\"og:site_name\" content=\"VM Sport\" \/>\n<meta property=\"article:publisher\" content=\"https:\/\/www.facebook.com\/Vmsport.fi\/\" \/>\n<meta property=\"article:modified_time\" content=\"2026-04-01T00:00:29+00:00\" \/>\n<meta property=\"og:image\" content=\"https:\/\/vmsport.fi\/wp-content\/uploads\/2025\/03\/13812-HQV-ALLROAD-GRANDTOWNER-4-black-1.png\" \/>\n\t<meta property=\"og:image:width\" content=\"1000\" \/>\n\t<meta property=\"og:image:height\" content=\"605\" \/>\n\t<meta property=\"og:image:type\" content=\"image\/png\" \/>\n<meta name=\"twitter:card\" content=\"summary_large_image\" \/>\n<meta name=\"twitter:label1\" content=\"Ber\u00e4knad l\u00e4stid\" \/>\n\t<meta name=\"twitter:data1\" content=\"1 minut\" \/>\n<script type=\"application\/ld+json\" class=\"yoast-schema-graph\">{\"@context\":\"https:\\\/\\\/schema.org\",\"@graph\":[{\"@type\":[\"WebPage\",\"ItemPage\"],\"@id\":\"https:\\\/\\\/vmsport.fi\\\/verkkokauppa\\\/polkupyorat\\\/sahkopyorat\\\/sahkokaupunkipyorat\\\/husqvarna-grand-towner-4-fw-2023\\\/\",\"url\":\"https:\\\/\\\/vmsport.fi\\\/verkkokauppa\\\/polkupyorat\\\/sahkopyorat\\\/sahkokaupunkipyorat\\\/husqvarna-grand-towner-4-fw-2023\\\/\",\"name\":\"Husqvarna GRAND TOWNER 4 FW 2023 - VM Sport\",\"isPartOf\":{\"@id\":\"https:\\\/\\\/vmsport.fi\\\/#website\"},\"primaryImageOfPage\":{\"@id\":\"https:\\\/\\\/vmsport.fi\\\/verkkokauppa\\\/polkupyorat\\\/sahkopyorat\\\/sahkokaupunkipyorat\\\/husqvarna-grand-towner-4-fw-2023\\\/#primaryimage\"},\"image\":{\"@id\":\"https:\\\/\\\/vmsport.fi\\\/verkkokauppa\\\/polkupyorat\\\/sahkopyorat\\\/sahkokaupunkipyorat\\\/husqvarna-grand-towner-4-fw-2023\\\/#primaryimage\"},\"thumbnailUrl\":\"https:\\\/\\\/vmsport.fi\\\/wp-content\\\/uploads\\\/2025\\\/03\\\/13812-HQV-ALLROAD-GRANDTOWNER-4-black-1.png\",\"datePublished\":\"2025-03-05T21:59:26+00:00\",\"dateModified\":\"2026-04-01T00:00:29+00:00\",\"breadcrumb\":{\"@id\":\"https:\\\/\\\/vmsport.fi\\\/verkkokauppa\\\/polkupyorat\\\/sahkopyorat\\\/sahkokaupunkipyorat\\\/husqvarna-grand-towner-4-fw-2023\\\/#breadcrumb\"},\"inLanguage\":\"sv-SE\",\"potentialAction\":[{\"@type\":\"ReadAction\",\"target\":[\"https:\\\/\\\/vmsport.fi\\\/verkkokauppa\\\/polkupyorat\\\/sahkopyorat\\\/sahkokaupunkipyorat\\\/husqvarna-grand-towner-4-fw-2023\\\/\"]}]},{\"@type\":\"ImageObject\",\"inLanguage\":\"sv-SE\",\"@id\":\"https:\\\/\\\/vmsport.fi\\\/verkkokauppa\\\/polkupyorat\\\/sahkopyorat\\\/sahkokaupunkipyorat\\\/husqvarna-grand-towner-4-fw-2023\\\/#primaryimage\",\"url\":\"https:\\\/\\\/vmsport.fi\\\/wp-content\\\/uploads\\\/2025\\\/03\\\/13812-HQV-ALLROAD-GRANDTOWNER-4-black-1.png\",\"contentUrl\":\"https:\\\/\\\/vmsport.fi\\\/wp-content\\\/uploads\\\/2025\\\/03\\\/13812-HQV-ALLROAD-GRANDTOWNER-4-black-1.png\",\"width\":1000,\"height\":605,\"caption\":\"13812-HQV-ALLROAD-GRANDTOWNER-4-black\"},{\"@type\":\"BreadcrumbList\",\"@id\":\"https:\\\/\\\/vmsport.fi\\\/verkkokauppa\\\/polkupyorat\\\/sahkopyorat\\\/sahkokaupunkipyorat\\\/husqvarna-grand-towner-4-fw-2023\\\/#breadcrumb\",\"itemListElement\":[{\"@type\":\"ListItem\",\"position\":1,\"name\":\"Etusivu\",\"item\":\"https:\\\/\\\/vmsport.fi\\\/\"},{\"@type\":\"ListItem\",\"position\":2,\"name\":\"Online Store\",\"item\":\"https:\\\/\\\/vmsport.fi\\\/en\\\/online-store\\\/\"},{\"@type\":\"ListItem\",\"position\":3,\"name\":\"Husqvarna polkupy\u00f6r\u00e4t\",\"item\":\"https:\\\/\\\/vmsport.fi\\\/sv\\\/merkki\\\/husqvarna\\\/\"},{\"@type\":\"ListItem\",\"position\":4,\"name\":\"Husqvarna GRAND TOWNER 4 FW 2023\"}]},{\"@type\":\"WebSite\",\"@id\":\"https:\\\/\\\/vmsport.fi\\\/#website\",\"url\":\"https:\\\/\\\/vmsport.fi\\\/\",\"name\":\"Vmsport\",\"description\":\"Kaikki py\u00f6r\u00e4ilyyn yhdest\u00e4 paikasta\",\"publisher\":{\"@id\":\"https:\\\/\\\/vmsport.fi\\\/#organization\"},\"potentialAction\":[{\"@type\":\"SearchAction\",\"target\":{\"@type\":\"EntryPoint\",\"urlTemplate\":\"https:\\\/\\\/vmsport.fi\\\/?s={search_term_string}\"},\"query-input\":{\"@type\":\"PropertyValueSpecification\",\"valueRequired\":true,\"valueName\":\"search_term_string\"}}],\"inLanguage\":\"sv-SE\"},{\"@type\":\"Organization\",\"@id\":\"https:\\\/\\\/vmsport.fi\\\/#organization\",\"name\":\"Vmsport\",\"url\":\"https:\\\/\\\/vmsport.fi\\\/\",\"logo\":{\"@type\":\"ImageObject\",\"inLanguage\":\"sv-SE\",\"@id\":\"https:\\\/\\\/vmsport.fi\\\/#\\\/schema\\\/logo\\\/image\\\/\",\"url\":\"https:\\\/\\\/vmsport.fi\\\/wp-content\\\/uploads\\\/2024\\\/12\\\/vm_sport_RGB_horisontal-e1734526017575.png\",\"contentUrl\":\"https:\\\/\\\/vmsport.fi\\\/wp-content\\\/uploads\\\/2024\\\/12\\\/vm_sport_RGB_horisontal-e1734526017575.png\",\"width\":668,\"height\":85,\"caption\":\"Vmsport\"},\"image\":{\"@id\":\"https:\\\/\\\/vmsport.fi\\\/#\\\/schema\\\/logo\\\/image\\\/\"},\"sameAs\":[\"https:\\\/\\\/www.facebook.com\\\/Vmsport.fi\\\/\",\"https:\\\/\\\/www.instagram.com\\\/vmsport\\\/\"]}]}<\/script>\n<!-- \/ Yoast SEO plugin. -->","yoast_head_json":{"title":"Husqvarna GRAND TOWNER 4 FW 2023 - VM Sport","robots":{"index":"index","follow":"follow","max-snippet":"max-snippet:-1","max-image-preview":"max-image-preview:large","max-video-preview":"max-video-preview:-1"},"canonical":"https:\/\/vmsport.fi\/sv\/webbutik\/cyklar\/sahkopyorat\/sagtand-pyorat\/husqvarna-grand-towner-4-fw-2023\/","og_locale":"sv_SE","og_type":"article","og_title":"Husqvarna GRAND TOWNER 4 FW 2023 - VM Sport","og_description":"Husqvarna GRAND TOWNER 4 FW 2023 on suunniteltu kaupunkiliikkumisen ja aktiivisen kaupunkiel\u00e4m\u00e4n tarpeisiin. Py\u00f6r\u00e4ss\u00e4 on aaltoileva runko, joka helpottaa py\u00f6r\u00e4n selk\u00e4\u00e4n nousua ja sielt\u00e4 poistumista, tarjoten k\u00e4yt\u00e4nn\u00f6llisyytt\u00e4 ja helppok\u00e4ytt\u00f6isyytt\u00e4. T\u00e4m\u00e4 kaupunkipy\u00f6r\u00e4 yhdist\u00e4\u00e4 tehokkuuden ja mukavuuden, tehden siit\u00e4 erinomaisen valinnan arjen liikkumiseen. Varustettuna 28&#8243;\/622 mm renkailla, se varmistaa vakaan ja sujuvan ajokokemuksen erilaisissa kaupunkiymp\u00e4rist\u00f6iss\u00e4. Saatavilla tyylikk\u00e4\u00e4n [...]L\u00e4s mer \u2026 from Husqvarna GRAND TOWNER 4 FW 2023","og_url":"https:\/\/vmsport.fi\/sv\/webbutik\/cyklar\/sahkopyorat\/sagtand-pyorat\/husqvarna-grand-towner-4-fw-2023\/","og_site_name":"VM Sport","article_publisher":"https:\/\/www.facebook.com\/Vmsport.fi\/","article_modified_time":"2026-04-01T00:00:29+00:00","og_image":[{"width":1000,"height":605,"url":"https:\/\/vmsport.fi\/wp-content\/uploads\/2025\/03\/13812-HQV-ALLROAD-GRANDTOWNER-4-black-1.png","type":"image\/png"}],"twitter_card":"summary_large_image","twitter_misc":{"Ber\u00e4knad l\u00e4stid":"1 minut"},"schema":{"@context":"https:\/\/schema.org","@graph":[{"@type":["WebPage","ItemPage"],"@id":"https:\/\/vmsport.fi\/verkkokauppa\/polkupyorat\/sahkopyorat\/sahkokaupunkipyorat\/husqvarna-grand-towner-4-fw-2023\/","url":"https:\/\/vmsport.fi\/verkkokauppa\/polkupyorat\/sahkopyorat\/sahkokaupunkipyorat\/husqvarna-grand-towner-4-fw-2023\/","name":"Husqvarna GRAND TOWNER 4 FW 2023 - VM Sport","isPartOf":{"@id":"https:\/\/vmsport.fi\/#website"},"primaryImageOfPage":{"@id":"https:\/\/vmsport.fi\/verkkokauppa\/polkupyorat\/sahkopyorat\/sahkokaupunkipyorat\/husqvarna-grand-towner-4-fw-2023\/#primaryimage"},"image":{"@id":"https:\/\/vmsport.fi\/verkkokauppa\/polkupyorat\/sahkopyorat\/sahkokaupunkipyorat\/husqvarna-grand-towner-4-fw-2023\/#primaryimage"},"thumbnailUrl":"https:\/\/vmsport.fi\/wp-content\/uploads\/2025\/03\/13812-HQV-ALLROAD-GRANDTOWNER-4-black-1.png","datePublished":"2025-03-05T21:59:26+00:00","dateModified":"2026-04-01T00:00:29+00:00","breadcrumb":{"@id":"https:\/\/vmsport.fi\/verkkokauppa\/polkupyorat\/sahkopyorat\/sahkokaupunkipyorat\/husqvarna-grand-towner-4-fw-2023\/#breadcrumb"},"inLanguage":"sv-SE","potentialAction":[{"@type":"ReadAction","target":["https:\/\/vmsport.fi\/verkkokauppa\/polkupyorat\/sahkopyorat\/sahkokaupunkipyorat\/husqvarna-grand-towner-4-fw-2023\/"]}]},{"@type":"ImageObject","inLanguage":"sv-SE","@id":"https:\/\/vmsport.fi\/verkkokauppa\/polkupyorat\/sahkopyorat\/sahkokaupunkipyorat\/husqvarna-grand-towner-4-fw-2023\/#primaryimage","url":"https:\/\/vmsport.fi\/wp-content\/uploads\/2025\/03\/13812-HQV-ALLROAD-GRANDTOWNER-4-black-1.png","contentUrl":"https:\/\/vmsport.fi\/wp-content\/uploads\/2025\/03\/13812-HQV-ALLROAD-GRANDTOWNER-4-black-1.png","width":1000,"height":605,"caption":"13812-HQV-ALLROAD-GRANDTOWNER-4-black"},{"@type":"BreadcrumbList","@id":"https:\/\/vmsport.fi\/verkkokauppa\/polkupyorat\/sahkopyorat\/sahkokaupunkipyorat\/husqvarna-grand-towner-4-fw-2023\/#breadcrumb","itemListElement":[{"@type":"ListItem","position":1,"name":"Etusivu","item":"https:\/\/vmsport.fi\/"},{"@type":"ListItem","position":2,"name":"Online Store","item":"https:\/\/vmsport.fi\/en\/online-store\/"},{"@type":"ListItem","position":3,"name":"Husqvarna polkupy\u00f6r\u00e4t","item":"https:\/\/vmsport.fi\/sv\/merkki\/husqvarna\/"},{"@type":"ListItem","position":4,"name":"Husqvarna GRAND TOWNER 4 FW 2023"}]},{"@type":"WebSite","@id":"https:\/\/vmsport.fi\/#website","url":"https:\/\/vmsport.fi\/","name":"Vmsport","description":"Allt p\u00e5 ett st\u00e4lle f\u00f6r cykling","publisher":{"@id":"https:\/\/vmsport.fi\/#organization"},"potentialAction":[{"@type":"SearchAction","target":{"@type":"EntryPoint","urlTemplate":"https:\/\/vmsport.fi\/?s={search_term_string}"},"query-input":{"@type":"PropertyValueSpecification","valueRequired":true,"valueName":"search_term_string"}}],"inLanguage":"sv-SE"},{"@type":"Organization","@id":"https:\/\/vmsport.fi\/#organization","name":"Vmsport","url":"https:\/\/vmsport.fi\/","logo":{"@type":"ImageObject","inLanguage":"sv-SE","@id":"https:\/\/vmsport.fi\/#\/schema\/logo\/image\/","url":"https:\/\/vmsport.fi\/wp-content\/uploads\/2024\/12\/vm_sport_RGB_horisontal-e1734526017575.png","contentUrl":"https:\/\/vmsport.fi\/wp-content\/uploads\/2024\/12\/vm_sport_RGB_horisontal-e1734526017575.png","width":668,"height":85,"caption":"Vmsport"},"image":{"@id":"https:\/\/vmsport.fi\/#\/schema\/logo\/image\/"},"sameAs":["https:\/\/www.facebook.com\/Vmsport.fi\/","https:\/\/www.instagram.com\/vmsport\/"]}]}},"global_unique_id":"","_links":{"self":[{"href":"https:\/\/vmsport.fi\/sv\/wp-json\/wp\/v2\/product\/54953","targetHints":{"allow":["GET"]}}],"collection":[{"href":"https:\/\/vmsport.fi\/sv\/wp-json\/wp\/v2\/product"}],"about":[{"href":"https:\/\/vmsport.fi\/sv\/wp-json\/wp\/v2\/types\/product"}],"replies":[{"embeddable":true,"href":"https:\/\/vmsport.fi\/sv\/wp-json\/wp\/v2\/comments?post=54953"}],"wp:featuredmedia":[{"embeddable":true,"href":"https:\/\/vmsport.fi\/sv\/wp-json\/wp\/v2\/media\/54952"}],"wp:attachment":[{"href":"https:\/\/vmsport.fi\/sv\/wp-json\/wp\/v2\/media?parent=54953"}],"wp:term":[{"taxonomy":"product_brand","embeddable":true,"href":"https:\/\/vmsport.fi\/sv\/wp-json\/wp\/v2\/product_brand?post=54953"},{"taxonomy":"product_model","embeddable":true,"href":"https:\/\/vmsport.fi\/sv\/wp-json\/wp\/v2\/product_model?post=54953"},{"taxonomy":"product_cat","embeddable":true,"href":"https:\/\/vmsport.fi\/sv\/wp-json\/wp\/v2\/product_cat?post=54953"},{"taxonomy":"product_tag","embeddable":true,"href":"https:\/\/vmsport.fi\/sv\/wp-json\/wp\/v2\/product_tag?post=54953"},{"taxonomy":"industry_terminology","embeddable":true,"href":"https:\/\/vmsport.fi\/sv\/wp-json\/wp\/v2\/industry-terminology?post=54953"}],"curies":[{"name":"wp","href":"https:\/\/api.w.org\/{rel}","templated":true}]}}