{"id":54940,"date":"2025-03-05T23:59:14","date_gmt":"2025-03-05T21:59:14","guid":{"rendered":"https:\/\/vmsport.fi\/verkkokauppa\/Ei-luokiteltu\/multi-frame-pack-carbon-grey-s\/"},"modified":"2026-01-16T13:25:59","modified_gmt":"2026-01-16T11:25:59","slug":"multiramspaket-kolfibergra-s","status":"publish","type":"product","link":"https:\/\/vmsport.fi\/sv\/verkkokauppa\/tarvikkeet\/laukut\/runkolaukut\/multi-frame-pack-carbon-grey-s\/","title":{"rendered":"MULTI FRAME PACK kolfibergr\u00e5 S"},"content":{"rendered":"<p>Multi Frame Pack \u00e4r det perfekta tillbeh\u00f6ret f\u00f6r cyklisten som uppskattar funktionalitet och stil. Den h\u00e4r kompakta och m\u00e5ngsidiga ramv\u00e4skan, i en diskret kolgr\u00e5 f\u00e4rg, \u00e4r en utm\u00e4rkt f\u00f6rvaringsl\u00f6sning f\u00f6r cykling. V\u00e4skan f\u00e4sts s\u00e4kert p\u00e5 cykelramen och har gott om plats f\u00f6r viktiga tillbeh\u00f6r som reservdelar eller energibars. Det slitstarka materialet och den moderna designen g\u00f6r den till den perfekta f\u00f6ljeslagaren f\u00f6r alla cykel\u00e4ventyr.<\/p>","protected":false},"excerpt":{"rendered":"<p>Multi Frame Pack on erinomainen lis\u00e4varuste py\u00f6r\u00e4ilij\u00e4lle, joka arvostaa k\u00e4yt\u00e4nn\u00f6llisyytt\u00e4 ja tyyli\u00e4. T\u00e4m\u00e4 kompakti ja monik\u00e4ytt\u00f6inen runkolaukku, v\u00e4rilt\u00e4\u00e4n hillitty hiilenharmaa, tarjoaa loistavan s\u00e4ilytysratkaisun py\u00f6r\u00e4ilyyn. Laukku kiinnittyy varmasti py\u00f6r\u00e4n runkoon, ja siin\u00e4 on hyvin tilaa t\u00e4rkeille tarvikkeille, kuten varaosille tai energiapatukoille. Kest\u00e4v\u00e4n materiaalinsa ja modernin muotoilunsa ansiosta se on t\u00e4ydellinen kumppani kaikille py\u00f6r\u00e4ilyseikkailuille. [&#8230;]<\/p>\n<p><a class=\"btn btn-secondary understrap-read-more-link\" href=\"https:\/\/vmsport.fi\/sv\/verkkokauppa\/tarvikkeet\/laukut\/runkolaukut\/multi-frame-pack-carbon-grey-s\/\">L\u00e4s mer \u2026<span class=\"screen-reader-text\"> from MULTI FRAME PACK carbon grey S<\/span><\/a><\/p>\n","protected":false},"featured_media":54938,"comment_status":"open","ping_status":"closed","template":"","meta":{"_acf_changed":false,"_improvement_type_select":"improve_an_existing","_thumb_yes_seoaic":false,"_frame_yes_seoaic":false,"seoaic_generate_description":"","seoaic_improve_instructions_prompt":"","seoaic_rollback_content_improvement":"","seoaic_idea_thumbnail_generator":"","thumbnail_generated":false,"thumbnail_generate_prompt":"","seoaic_article_description":"","_supplier_stock_quantity":0},"product_brand":[],"product_model":[],"product_cat":[9600],"product_tag":[],"industry-terminology":[],"class_list":{"0":"post-54940","1":"product","2":"type-product","3":"status-publish","4":"has-post-thumbnail","6":"product_cat-runkolaukut","8":"first","9":"instock","10":"taxable","11":"shipping-taxable","12":"purchasable","13":"product-type-simple"},"acf":{"bike_features":null,"overview":{"copy_overview":null,"key_features":null,"statement":"","youtube_url":""}},"yoast_head":"<!-- This site is optimized with the Yoast SEO plugin v27.3 - https:\/\/yoast.com\/product\/yoast-seo-wordpress\/ -->\n<title>MULTI FRAME PACK carbon grey S - VM Sport<\/title>\n<meta name=\"robots\" content=\"index, follow, max-snippet:-1, max-image-preview:large, max-video-preview:-1\" \/>\n<link rel=\"canonical\" href=\"https:\/\/vmsport.fi\/sv\/webbutik\/tillbehor\/vaskor\/bagagevaskor\/multiramspaket-kolfibergra-s\/\" \/>\n<meta property=\"og:locale\" content=\"sv_SE\" \/>\n<meta property=\"og:type\" content=\"article\" \/>\n<meta property=\"og:title\" content=\"MULTI FRAME PACK carbon grey S - VM Sport\" \/>\n<meta property=\"og:description\" content=\"Multi Frame Pack on erinomainen lis\u00e4varuste py\u00f6r\u00e4ilij\u00e4lle, joka arvostaa k\u00e4yt\u00e4nn\u00f6llisyytt\u00e4 ja tyyli\u00e4. T\u00e4m\u00e4 kompakti ja monik\u00e4ytt\u00f6inen runkolaukku, v\u00e4rilt\u00e4\u00e4n hillitty hiilenharmaa, tarjoaa loistavan s\u00e4ilytysratkaisun py\u00f6r\u00e4ilyyn. Laukku kiinnittyy varmasti py\u00f6r\u00e4n runkoon, ja siin\u00e4 on hyvin tilaa t\u00e4rkeille tarvikkeille, kuten varaosille tai energiapatukoille. Kest\u00e4v\u00e4n materiaalinsa ja modernin muotoilunsa ansiosta se on t\u00e4ydellinen kumppani kaikille py\u00f6r\u00e4ilyseikkailuille. [...]L\u00e4s mer \u2026 from MULTI FRAME PACK carbon grey S\" \/>\n<meta property=\"og:url\" content=\"https:\/\/vmsport.fi\/sv\/webbutik\/tillbehor\/vaskor\/bagagevaskor\/multiramspaket-kolfibergra-s\/\" \/>\n<meta property=\"og:site_name\" content=\"VM Sport\" \/>\n<meta property=\"article:publisher\" content=\"https:\/\/www.facebook.com\/Vmsport.fi\/\" \/>\n<meta property=\"article:modified_time\" content=\"2026-01-16T11:25:59+00:00\" \/>\n<meta property=\"og:image\" content=\"https:\/\/vmsport.fi\/wp-content\/uploads\/2025\/03\/63bb0ed1-07b7-4e8e-8a07-242498d7b9a5-1.jpg\" \/>\n\t<meta property=\"og:image:width\" content=\"1000\" \/>\n\t<meta property=\"og:image:height\" content=\"950\" \/>\n\t<meta property=\"og:image:type\" content=\"image\/jpeg\" \/>\n<meta name=\"twitter:card\" content=\"summary_large_image\" \/>\n<script type=\"application\/ld+json\" class=\"yoast-schema-graph\">{\"@context\":\"https:\\\/\\\/schema.org\",\"@graph\":[{\"@type\":[\"WebPage\",\"ItemPage\"],\"@id\":\"https:\\\/\\\/vmsport.fi\\\/verkkokauppa\\\/tarvikkeet\\\/laukut\\\/runkolaukut\\\/multi-frame-pack-carbon-grey-s\\\/\",\"url\":\"https:\\\/\\\/vmsport.fi\\\/verkkokauppa\\\/tarvikkeet\\\/laukut\\\/runkolaukut\\\/multi-frame-pack-carbon-grey-s\\\/\",\"name\":\"MULTI FRAME PACK carbon grey S - VM Sport\",\"isPartOf\":{\"@id\":\"https:\\\/\\\/vmsport.fi\\\/#website\"},\"primaryImageOfPage\":{\"@id\":\"https:\\\/\\\/vmsport.fi\\\/verkkokauppa\\\/tarvikkeet\\\/laukut\\\/runkolaukut\\\/multi-frame-pack-carbon-grey-s\\\/#primaryimage\"},\"image\":{\"@id\":\"https:\\\/\\\/vmsport.fi\\\/verkkokauppa\\\/tarvikkeet\\\/laukut\\\/runkolaukut\\\/multi-frame-pack-carbon-grey-s\\\/#primaryimage\"},\"thumbnailUrl\":\"https:\\\/\\\/vmsport.fi\\\/wp-content\\\/uploads\\\/2025\\\/03\\\/63bb0ed1-07b7-4e8e-8a07-242498d7b9a5-1.jpg\",\"datePublished\":\"2025-03-05T21:59:14+00:00\",\"dateModified\":\"2026-01-16T11:25:59+00:00\",\"breadcrumb\":{\"@id\":\"https:\\\/\\\/vmsport.fi\\\/verkkokauppa\\\/tarvikkeet\\\/laukut\\\/runkolaukut\\\/multi-frame-pack-carbon-grey-s\\\/#breadcrumb\"},\"inLanguage\":\"sv-SE\",\"potentialAction\":[{\"@type\":\"ReadAction\",\"target\":[\"https:\\\/\\\/vmsport.fi\\\/verkkokauppa\\\/tarvikkeet\\\/laukut\\\/runkolaukut\\\/multi-frame-pack-carbon-grey-s\\\/\"]}]},{\"@type\":\"ImageObject\",\"inLanguage\":\"sv-SE\",\"@id\":\"https:\\\/\\\/vmsport.fi\\\/verkkokauppa\\\/tarvikkeet\\\/laukut\\\/runkolaukut\\\/multi-frame-pack-carbon-grey-s\\\/#primaryimage\",\"url\":\"https:\\\/\\\/vmsport.fi\\\/wp-content\\\/uploads\\\/2025\\\/03\\\/63bb0ed1-07b7-4e8e-8a07-242498d7b9a5-1.jpg\",\"contentUrl\":\"https:\\\/\\\/vmsport.fi\\\/wp-content\\\/uploads\\\/2025\\\/03\\\/63bb0ed1-07b7-4e8e-8a07-242498d7b9a5-1.jpg\",\"width\":1000,\"height\":950,\"caption\":\"63bb0ed1-07b7-4e8e-8a07-242498d7b9a5\"},{\"@type\":\"BreadcrumbList\",\"@id\":\"https:\\\/\\\/vmsport.fi\\\/verkkokauppa\\\/tarvikkeet\\\/laukut\\\/runkolaukut\\\/multi-frame-pack-carbon-grey-s\\\/#breadcrumb\",\"itemListElement\":[{\"@type\":\"ListItem\",\"position\":1,\"name\":\"Etusivu\",\"item\":\"https:\\\/\\\/vmsport.fi\\\/\"},{\"@type\":\"ListItem\",\"position\":2,\"name\":\"Online Store\",\"item\":\"https:\\\/\\\/vmsport.fi\\\/en\\\/online-store\\\/\"},{\"@type\":\"ListItem\",\"position\":3,\"name\":\"MULTI FRAME PACK carbon grey S\"}]},{\"@type\":\"WebSite\",\"@id\":\"https:\\\/\\\/vmsport.fi\\\/#website\",\"url\":\"https:\\\/\\\/vmsport.fi\\\/\",\"name\":\"Vmsport\",\"description\":\"Kaikki py\u00f6r\u00e4ilyyn yhdest\u00e4 paikasta\",\"publisher\":{\"@id\":\"https:\\\/\\\/vmsport.fi\\\/#organization\"},\"potentialAction\":[{\"@type\":\"SearchAction\",\"target\":{\"@type\":\"EntryPoint\",\"urlTemplate\":\"https:\\\/\\\/vmsport.fi\\\/?s={search_term_string}\"},\"query-input\":{\"@type\":\"PropertyValueSpecification\",\"valueRequired\":true,\"valueName\":\"search_term_string\"}}],\"inLanguage\":\"sv-SE\"},{\"@type\":\"Organization\",\"@id\":\"https:\\\/\\\/vmsport.fi\\\/#organization\",\"name\":\"Vmsport\",\"url\":\"https:\\\/\\\/vmsport.fi\\\/\",\"logo\":{\"@type\":\"ImageObject\",\"inLanguage\":\"sv-SE\",\"@id\":\"https:\\\/\\\/vmsport.fi\\\/#\\\/schema\\\/logo\\\/image\\\/\",\"url\":\"https:\\\/\\\/vmsport.fi\\\/wp-content\\\/uploads\\\/2024\\\/12\\\/vm_sport_RGB_horisontal-e1734526017575.png\",\"contentUrl\":\"https:\\\/\\\/vmsport.fi\\\/wp-content\\\/uploads\\\/2024\\\/12\\\/vm_sport_RGB_horisontal-e1734526017575.png\",\"width\":668,\"height\":85,\"caption\":\"Vmsport\"},\"image\":{\"@id\":\"https:\\\/\\\/vmsport.fi\\\/#\\\/schema\\\/logo\\\/image\\\/\"},\"sameAs\":[\"https:\\\/\\\/www.facebook.com\\\/Vmsport.fi\\\/\",\"https:\\\/\\\/www.instagram.com\\\/vmsport\\\/\"]}]}<\/script>\n<!-- \/ Yoast SEO plugin. -->","yoast_head_json":{"title":"MULTI FRAME PACK koksgr\u00e5 S - VM Sport","robots":{"index":"index","follow":"follow","max-snippet":"max-snippet:-1","max-image-preview":"max-image-preview:large","max-video-preview":"max-video-preview:-1"},"canonical":"https:\/\/vmsport.fi\/sv\/webbutik\/tillbehor\/vaskor\/bagagevaskor\/multiramspaket-kolfibergra-s\/","og_locale":"sv_SE","og_type":"article","og_title":"MULTI FRAME PACK carbon grey S - VM Sport","og_description":"Multi Frame Pack on erinomainen lis\u00e4varuste py\u00f6r\u00e4ilij\u00e4lle, joka arvostaa k\u00e4yt\u00e4nn\u00f6llisyytt\u00e4 ja tyyli\u00e4. T\u00e4m\u00e4 kompakti ja monik\u00e4ytt\u00f6inen runkolaukku, v\u00e4rilt\u00e4\u00e4n hillitty hiilenharmaa, tarjoaa loistavan s\u00e4ilytysratkaisun py\u00f6r\u00e4ilyyn. Laukku kiinnittyy varmasti py\u00f6r\u00e4n runkoon, ja siin\u00e4 on hyvin tilaa t\u00e4rkeille tarvikkeille, kuten varaosille tai energiapatukoille. Kest\u00e4v\u00e4n materiaalinsa ja modernin muotoilunsa ansiosta se on t\u00e4ydellinen kumppani kaikille py\u00f6r\u00e4ilyseikkailuille. [...]L\u00e4s mer \u2026 from MULTI FRAME PACK carbon grey S","og_url":"https:\/\/vmsport.fi\/sv\/webbutik\/tillbehor\/vaskor\/bagagevaskor\/multiramspaket-kolfibergra-s\/","og_site_name":"VM Sport","article_publisher":"https:\/\/www.facebook.com\/Vmsport.fi\/","article_modified_time":"2026-01-16T11:25:59+00:00","og_image":[{"width":1000,"height":950,"url":"https:\/\/vmsport.fi\/wp-content\/uploads\/2025\/03\/63bb0ed1-07b7-4e8e-8a07-242498d7b9a5-1.jpg","type":"image\/jpeg"}],"twitter_card":"summary_large_image","schema":{"@context":"https:\/\/schema.org","@graph":[{"@type":["WebPage","ItemPage"],"@id":"https:\/\/vmsport.fi\/verkkokauppa\/tarvikkeet\/laukut\/runkolaukut\/multi-frame-pack-carbon-grey-s\/","url":"https:\/\/vmsport.fi\/verkkokauppa\/tarvikkeet\/laukut\/runkolaukut\/multi-frame-pack-carbon-grey-s\/","name":"MULTI FRAME PACK koksgr\u00e5 S - VM Sport","isPartOf":{"@id":"https:\/\/vmsport.fi\/#website"},"primaryImageOfPage":{"@id":"https:\/\/vmsport.fi\/verkkokauppa\/tarvikkeet\/laukut\/runkolaukut\/multi-frame-pack-carbon-grey-s\/#primaryimage"},"image":{"@id":"https:\/\/vmsport.fi\/verkkokauppa\/tarvikkeet\/laukut\/runkolaukut\/multi-frame-pack-carbon-grey-s\/#primaryimage"},"thumbnailUrl":"https:\/\/vmsport.fi\/wp-content\/uploads\/2025\/03\/63bb0ed1-07b7-4e8e-8a07-242498d7b9a5-1.jpg","datePublished":"2025-03-05T21:59:14+00:00","dateModified":"2026-01-16T11:25:59+00:00","breadcrumb":{"@id":"https:\/\/vmsport.fi\/verkkokauppa\/tarvikkeet\/laukut\/runkolaukut\/multi-frame-pack-carbon-grey-s\/#breadcrumb"},"inLanguage":"sv-SE","potentialAction":[{"@type":"ReadAction","target":["https:\/\/vmsport.fi\/verkkokauppa\/tarvikkeet\/laukut\/runkolaukut\/multi-frame-pack-carbon-grey-s\/"]}]},{"@type":"ImageObject","inLanguage":"sv-SE","@id":"https:\/\/vmsport.fi\/verkkokauppa\/tarvikkeet\/laukut\/runkolaukut\/multi-frame-pack-carbon-grey-s\/#primaryimage","url":"https:\/\/vmsport.fi\/wp-content\/uploads\/2025\/03\/63bb0ed1-07b7-4e8e-8a07-242498d7b9a5-1.jpg","contentUrl":"https:\/\/vmsport.fi\/wp-content\/uploads\/2025\/03\/63bb0ed1-07b7-4e8e-8a07-242498d7b9a5-1.jpg","width":1000,"height":950,"caption":"63bb0ed1-07b7-4e8e-8a07-242498d7b9a5"},{"@type":"BreadcrumbList","@id":"https:\/\/vmsport.fi\/verkkokauppa\/tarvikkeet\/laukut\/runkolaukut\/multi-frame-pack-carbon-grey-s\/#breadcrumb","itemListElement":[{"@type":"ListItem","position":1,"name":"Etusivu","item":"https:\/\/vmsport.fi\/"},{"@type":"ListItem","position":2,"name":"Online Store","item":"https:\/\/vmsport.fi\/en\/online-store\/"},{"@type":"ListItem","position":3,"name":"MULTI FRAME PACK carbon grey S"}]},{"@type":"WebSite","@id":"https:\/\/vmsport.fi\/#website","url":"https:\/\/vmsport.fi\/","name":"Vmsport","description":"Allt p\u00e5 ett st\u00e4lle f\u00f6r cykling","publisher":{"@id":"https:\/\/vmsport.fi\/#organization"},"potentialAction":[{"@type":"SearchAction","target":{"@type":"EntryPoint","urlTemplate":"https:\/\/vmsport.fi\/?s={search_term_string}"},"query-input":{"@type":"PropertyValueSpecification","valueRequired":true,"valueName":"search_term_string"}}],"inLanguage":"sv-SE"},{"@type":"Organization","@id":"https:\/\/vmsport.fi\/#organization","name":"Vmsport","url":"https:\/\/vmsport.fi\/","logo":{"@type":"ImageObject","inLanguage":"sv-SE","@id":"https:\/\/vmsport.fi\/#\/schema\/logo\/image\/","url":"https:\/\/vmsport.fi\/wp-content\/uploads\/2024\/12\/vm_sport_RGB_horisontal-e1734526017575.png","contentUrl":"https:\/\/vmsport.fi\/wp-content\/uploads\/2024\/12\/vm_sport_RGB_horisontal-e1734526017575.png","width":668,"height":85,"caption":"Vmsport"},"image":{"@id":"https:\/\/vmsport.fi\/#\/schema\/logo\/image\/"},"sameAs":["https:\/\/www.facebook.com\/Vmsport.fi\/","https:\/\/www.instagram.com\/vmsport\/"]}]}},"global_unique_id":"","_links":{"self":[{"href":"https:\/\/vmsport.fi\/sv\/wp-json\/wp\/v2\/product\/54940","targetHints":{"allow":["GET"]}}],"collection":[{"href":"https:\/\/vmsport.fi\/sv\/wp-json\/wp\/v2\/product"}],"about":[{"href":"https:\/\/vmsport.fi\/sv\/wp-json\/wp\/v2\/types\/product"}],"replies":[{"embeddable":true,"href":"https:\/\/vmsport.fi\/sv\/wp-json\/wp\/v2\/comments?post=54940"}],"wp:featuredmedia":[{"embeddable":true,"href":"https:\/\/vmsport.fi\/sv\/wp-json\/wp\/v2\/media\/54938"}],"wp:attachment":[{"href":"https:\/\/vmsport.fi\/sv\/wp-json\/wp\/v2\/media?parent=54940"}],"wp:term":[{"taxonomy":"product_brand","embeddable":true,"href":"https:\/\/vmsport.fi\/sv\/wp-json\/wp\/v2\/product_brand?post=54940"},{"taxonomy":"product_model","embeddable":true,"href":"https:\/\/vmsport.fi\/sv\/wp-json\/wp\/v2\/product_model?post=54940"},{"taxonomy":"product_cat","embeddable":true,"href":"https:\/\/vmsport.fi\/sv\/wp-json\/wp\/v2\/product_cat?post=54940"},{"taxonomy":"product_tag","embeddable":true,"href":"https:\/\/vmsport.fi\/sv\/wp-json\/wp\/v2\/product_tag?post=54940"},{"taxonomy":"industry_terminology","embeddable":true,"href":"https:\/\/vmsport.fi\/sv\/wp-json\/wp\/v2\/industry-terminology?post=54940"}],"curies":[{"name":"wp","href":"https:\/\/api.w.org\/{rel}","templated":true}]}}