{"id":54937,"date":"2025-03-05T23:59:12","date_gmt":"2025-03-05T21:59:12","guid":{"rendered":"https:\/\/vmsport.fi\/verkkokauppa\/Ei-luokiteltu\/oliivipaatynippa-jarruletkuun-sm-bh90\/"},"modified":"2026-04-22T15:06:33","modified_gmt":"2026-04-22T12:06:33","slug":"olivnippel-for-bromsslang-sm-bh90","status":"publish","type":"product","link":"https:\/\/vmsport.fi\/sv\/verkkokauppa\/varaosat\/jarrut\/vaijerit-kuoret-ja-muut-jarruosat\/oliivipaatynippa-jarruletkuun-sm-bh90\/","title":{"rendered":"Oliv + \u00e4ndtapp f\u00f6r bromsslang SM-BH90"},"content":{"rendered":"<p>Oliv + \u00e4ndnippel f\u00f6r bromsslang SM-BH90 \u00e4r utformad f\u00f6r att s\u00e4kerst\u00e4lla b\u00e4sta m\u00f6jliga prestanda f\u00f6r hydrauliska bromssystem. Den h\u00e4r produkten kombinerar oliv- och \u00e4ndnippeln, som \u00e4r viktiga delar av bromsslanganslutningen. H\u00f6gkvalitativa material och en exakt tillverkningsprocess s\u00e4kerst\u00e4ller tillf\u00f6rlitlig och l\u00e5ngvarig anv\u00e4ndning. Den \u00e4r l\u00e4mplig f\u00f6r ett brett utbud av bromssystem och ger utm\u00e4rkt t\u00e4thet, vilket effektivt f\u00f6rhindrar v\u00e4tskel\u00e4ckage. Denna komponent \u00e4r enkel att installera, vilket g\u00f6r underh\u00e5llet smidigt och effektivt.<\/p>","protected":false},"excerpt":{"rendered":"<p>Oliivi+p\u00e4\u00e4tynippa jarruletkuun SM-BH90 on suunniteltu varmistamaan hydraulisten jarruj\u00e4rjestelmien paras suorituskyky. T\u00e4m\u00e4 tuote yhdist\u00e4\u00e4 oliivin ja p\u00e4\u00e4tynipan, jotka ovat oleellisia osia jarruletkun liit\u00e4nn\u00e4ss\u00e4. Korkealaatuiset materiaalit ja tarkka valmistusprosessi takaavat luotettavan ja pitk\u00e4ik\u00e4isen k\u00e4yt\u00f6n. Se soveltuu monenlaisiin jarruj\u00e4rjestelmiin ja tarjoaa erinomaisen tiiviyden, mik\u00e4 est\u00e4\u00e4 nestevuodot tehokkaasti. T\u00e4m\u00e4n komponentin asennus on helppoa, mik\u00e4 tekee huollosta sujuvaa ja tehokasta. [&#8230;]<\/p>\n<p><a class=\"btn btn-secondary understrap-read-more-link\" href=\"https:\/\/vmsport.fi\/sv\/verkkokauppa\/varaosat\/jarrut\/vaijerit-kuoret-ja-muut-jarruosat\/oliivipaatynippa-jarruletkuun-sm-bh90\/\">L\u00e4s mer \u2026<span class=\"screen-reader-text\"> from Oliivi+p\u00e4\u00e4tynippa jarruletkuun SM-BH90<\/span><\/a><\/p>\n","protected":false},"featured_media":54936,"comment_status":"open","ping_status":"closed","template":"","meta":{"_acf_changed":false,"_improvement_type_select":"improve_an_existing","_thumb_yes_seoaic":false,"_frame_yes_seoaic":false,"seoaic_generate_description":"","seoaic_improve_instructions_prompt":"","seoaic_rollback_content_improvement":"","seoaic_idea_thumbnail_generator":"","thumbnail_generated":false,"thumbnail_generate_prompt":"","seoaic_article_description":"","_supplier_stock_quantity":0},"product_brand":[],"product_model":[],"product_cat":[9338],"product_tag":[],"industry-terminology":[],"class_list":{"0":"post-54937","1":"product","2":"type-product","3":"status-publish","4":"has-post-thumbnail","6":"product_cat-vaijerit-kuoret-ja-muut-jarruosat","8":"first","9":"outofstock","10":"taxable","11":"shipping-taxable","12":"product-type-simple"},"acf":{"bike_features":null,"overview":{"copy_overview":null,"key_features":null,"statement":"","youtube_url":""}},"yoast_head":"<!-- This site is optimized with the Yoast SEO plugin v27.4 - https:\/\/yoast.com\/product\/yoast-seo-wordpress\/ -->\n<title>Oliivi+p\u00e4\u00e4tynippa jarruletkuun SM-BH90 - VM Sport<\/title>\n<meta name=\"robots\" content=\"index, follow, max-snippet:-1, max-image-preview:large, max-video-preview:-1\" \/>\n<link rel=\"canonical\" href=\"https:\/\/vmsport.fi\/sv\/webbutik\/reservdelar\/bromsar\/linor-skivor-och-andra-bromsdelar\/olivnippel-for-bromsslang-sm-bh90\/\" \/>\n<meta property=\"og:locale\" content=\"sv_SE\" \/>\n<meta property=\"og:type\" content=\"article\" \/>\n<meta property=\"og:title\" content=\"Oliivi+p\u00e4\u00e4tynippa jarruletkuun SM-BH90 - VM Sport\" \/>\n<meta property=\"og:description\" content=\"Oliivi+p\u00e4\u00e4tynippa jarruletkuun SM-BH90 on suunniteltu varmistamaan hydraulisten jarruj\u00e4rjestelmien paras suorituskyky. T\u00e4m\u00e4 tuote yhdist\u00e4\u00e4 oliivin ja p\u00e4\u00e4tynipan, jotka ovat oleellisia osia jarruletkun liit\u00e4nn\u00e4ss\u00e4. Korkealaatuiset materiaalit ja tarkka valmistusprosessi takaavat luotettavan ja pitk\u00e4ik\u00e4isen k\u00e4yt\u00f6n. Se soveltuu monenlaisiin jarruj\u00e4rjestelmiin ja tarjoaa erinomaisen tiiviyden, mik\u00e4 est\u00e4\u00e4 nestevuodot tehokkaasti. T\u00e4m\u00e4n komponentin asennus on helppoa, mik\u00e4 tekee huollosta sujuvaa ja tehokasta. [...]L\u00e4s mer \u2026 from Oliivi+p\u00e4\u00e4tynippa jarruletkuun SM-BH90\" \/>\n<meta property=\"og:url\" content=\"https:\/\/vmsport.fi\/sv\/webbutik\/reservdelar\/bromsar\/linor-skivor-och-andra-bromsdelar\/olivnippel-for-bromsslang-sm-bh90\/\" \/>\n<meta property=\"og:site_name\" content=\"VM Sport\" \/>\n<meta property=\"article:publisher\" content=\"https:\/\/www.facebook.com\/Vmsport.fi\/\" \/>\n<meta property=\"article:modified_time\" content=\"2026-04-22T12:06:33+00:00\" \/>\n<meta property=\"og:image\" content=\"https:\/\/vmsport.fi\/wp-content\/uploads\/2025\/03\/iCsgSsWHRSM20Y7CxsJShFCnSGlQc4rpgRuR1LlYpb3d83LaXe-1.jpg\" \/>\n\t<meta property=\"og:image:width\" content=\"600\" \/>\n\t<meta property=\"og:image:height\" content=\"600\" \/>\n\t<meta property=\"og:image:type\" content=\"image\/jpeg\" \/>\n<meta name=\"twitter:card\" content=\"summary_large_image\" \/>\n<script type=\"application\/ld+json\" class=\"yoast-schema-graph\">{\"@context\":\"https:\\\/\\\/schema.org\",\"@graph\":[{\"@type\":[\"WebPage\",\"ItemPage\"],\"@id\":\"https:\\\/\\\/vmsport.fi\\\/verkkokauppa\\\/varaosat\\\/jarrut\\\/vaijerit-kuoret-ja-muut-jarruosat\\\/oliivipaatynippa-jarruletkuun-sm-bh90\\\/\",\"url\":\"https:\\\/\\\/vmsport.fi\\\/verkkokauppa\\\/varaosat\\\/jarrut\\\/vaijerit-kuoret-ja-muut-jarruosat\\\/oliivipaatynippa-jarruletkuun-sm-bh90\\\/\",\"name\":\"Oliivi+p\u00e4\u00e4tynippa jarruletkuun SM-BH90 - VM Sport\",\"isPartOf\":{\"@id\":\"https:\\\/\\\/vmsport.fi\\\/#website\"},\"primaryImageOfPage\":{\"@id\":\"https:\\\/\\\/vmsport.fi\\\/verkkokauppa\\\/varaosat\\\/jarrut\\\/vaijerit-kuoret-ja-muut-jarruosat\\\/oliivipaatynippa-jarruletkuun-sm-bh90\\\/#primaryimage\"},\"image\":{\"@id\":\"https:\\\/\\\/vmsport.fi\\\/verkkokauppa\\\/varaosat\\\/jarrut\\\/vaijerit-kuoret-ja-muut-jarruosat\\\/oliivipaatynippa-jarruletkuun-sm-bh90\\\/#primaryimage\"},\"thumbnailUrl\":\"https:\\\/\\\/vmsport.fi\\\/wp-content\\\/uploads\\\/2025\\\/03\\\/iCsgSsWHRSM20Y7CxsJShFCnSGlQc4rpgRuR1LlYpb3d83LaXe-1.jpg\",\"datePublished\":\"2025-03-05T21:59:12+00:00\",\"dateModified\":\"2026-04-22T12:06:33+00:00\",\"breadcrumb\":{\"@id\":\"https:\\\/\\\/vmsport.fi\\\/verkkokauppa\\\/varaosat\\\/jarrut\\\/vaijerit-kuoret-ja-muut-jarruosat\\\/oliivipaatynippa-jarruletkuun-sm-bh90\\\/#breadcrumb\"},\"inLanguage\":\"sv-SE\",\"potentialAction\":[{\"@type\":\"ReadAction\",\"target\":[\"https:\\\/\\\/vmsport.fi\\\/verkkokauppa\\\/varaosat\\\/jarrut\\\/vaijerit-kuoret-ja-muut-jarruosat\\\/oliivipaatynippa-jarruletkuun-sm-bh90\\\/\"]}]},{\"@type\":\"ImageObject\",\"inLanguage\":\"sv-SE\",\"@id\":\"https:\\\/\\\/vmsport.fi\\\/verkkokauppa\\\/varaosat\\\/jarrut\\\/vaijerit-kuoret-ja-muut-jarruosat\\\/oliivipaatynippa-jarruletkuun-sm-bh90\\\/#primaryimage\",\"url\":\"https:\\\/\\\/vmsport.fi\\\/wp-content\\\/uploads\\\/2025\\\/03\\\/iCsgSsWHRSM20Y7CxsJShFCnSGlQc4rpgRuR1LlYpb3d83LaXe-1.jpg\",\"contentUrl\":\"https:\\\/\\\/vmsport.fi\\\/wp-content\\\/uploads\\\/2025\\\/03\\\/iCsgSsWHRSM20Y7CxsJShFCnSGlQc4rpgRuR1LlYpb3d83LaXe-1.jpg\",\"width\":600,\"height\":600,\"caption\":\"iCsgSsWHRSM20Y7CxsJShFCnSGlQc4rpgRuR1LlYpb3d83LaXe\"},{\"@type\":\"BreadcrumbList\",\"@id\":\"https:\\\/\\\/vmsport.fi\\\/verkkokauppa\\\/varaosat\\\/jarrut\\\/vaijerit-kuoret-ja-muut-jarruosat\\\/oliivipaatynippa-jarruletkuun-sm-bh90\\\/#breadcrumb\",\"itemListElement\":[{\"@type\":\"ListItem\",\"position\":1,\"name\":\"Etusivu\",\"item\":\"https:\\\/\\\/vmsport.fi\\\/\"},{\"@type\":\"ListItem\",\"position\":2,\"name\":\"Online Store\",\"item\":\"https:\\\/\\\/vmsport.fi\\\/en\\\/online-store\\\/\"},{\"@type\":\"ListItem\",\"position\":3,\"name\":\"Oliivi+p\u00e4\u00e4tynippa jarruletkuun SM-BH90\"}]},{\"@type\":\"WebSite\",\"@id\":\"https:\\\/\\\/vmsport.fi\\\/#website\",\"url\":\"https:\\\/\\\/vmsport.fi\\\/\",\"name\":\"Vmsport\",\"description\":\"Kaikki py\u00f6r\u00e4ilyyn yhdest\u00e4 paikasta\",\"publisher\":{\"@id\":\"https:\\\/\\\/vmsport.fi\\\/#organization\"},\"potentialAction\":[{\"@type\":\"SearchAction\",\"target\":{\"@type\":\"EntryPoint\",\"urlTemplate\":\"https:\\\/\\\/vmsport.fi\\\/?s={search_term_string}\"},\"query-input\":{\"@type\":\"PropertyValueSpecification\",\"valueRequired\":true,\"valueName\":\"search_term_string\"}}],\"inLanguage\":\"sv-SE\"},{\"@type\":\"Organization\",\"@id\":\"https:\\\/\\\/vmsport.fi\\\/#organization\",\"name\":\"Vmsport\",\"url\":\"https:\\\/\\\/vmsport.fi\\\/\",\"logo\":{\"@type\":\"ImageObject\",\"inLanguage\":\"sv-SE\",\"@id\":\"https:\\\/\\\/vmsport.fi\\\/#\\\/schema\\\/logo\\\/image\\\/\",\"url\":\"https:\\\/\\\/vmsport.fi\\\/wp-content\\\/uploads\\\/2024\\\/12\\\/vm_sport_RGB_horisontal-e1734526017575.png\",\"contentUrl\":\"https:\\\/\\\/vmsport.fi\\\/wp-content\\\/uploads\\\/2024\\\/12\\\/vm_sport_RGB_horisontal-e1734526017575.png\",\"width\":668,\"height\":85,\"caption\":\"Vmsport\"},\"image\":{\"@id\":\"https:\\\/\\\/vmsport.fi\\\/#\\\/schema\\\/logo\\\/image\\\/\"},\"sameAs\":[\"https:\\\/\\\/www.facebook.com\\\/Vmsport.fi\\\/\",\"https:\\\/\\\/www.instagram.com\\\/vmsport\\\/\"]}]}<\/script>\n<!-- \/ Yoast SEO plugin. -->","yoast_head_json":{"title":"Oliv + \u00e4ndtapp f\u00f6r bromsslang SM-BH90 - VM Sport","robots":{"index":"index","follow":"follow","max-snippet":"max-snippet:-1","max-image-preview":"max-image-preview:large","max-video-preview":"max-video-preview:-1"},"canonical":"https:\/\/vmsport.fi\/sv\/webbutik\/reservdelar\/bromsar\/linor-skivor-och-andra-bromsdelar\/olivnippel-for-bromsslang-sm-bh90\/","og_locale":"sv_SE","og_type":"article","og_title":"Oliivi+p\u00e4\u00e4tynippa jarruletkuun SM-BH90 - VM Sport","og_description":"Oliivi+p\u00e4\u00e4tynippa jarruletkuun SM-BH90 on suunniteltu varmistamaan hydraulisten jarruj\u00e4rjestelmien paras suorituskyky. T\u00e4m\u00e4 tuote yhdist\u00e4\u00e4 oliivin ja p\u00e4\u00e4tynipan, jotka ovat oleellisia osia jarruletkun liit\u00e4nn\u00e4ss\u00e4. Korkealaatuiset materiaalit ja tarkka valmistusprosessi takaavat luotettavan ja pitk\u00e4ik\u00e4isen k\u00e4yt\u00f6n. Se soveltuu monenlaisiin jarruj\u00e4rjestelmiin ja tarjoaa erinomaisen tiiviyden, mik\u00e4 est\u00e4\u00e4 nestevuodot tehokkaasti. T\u00e4m\u00e4n komponentin asennus on helppoa, mik\u00e4 tekee huollosta sujuvaa ja tehokasta. [...]L\u00e4s mer \u2026 from Oliivi+p\u00e4\u00e4tynippa jarruletkuun SM-BH90","og_url":"https:\/\/vmsport.fi\/sv\/webbutik\/reservdelar\/bromsar\/linor-skivor-och-andra-bromsdelar\/olivnippel-for-bromsslang-sm-bh90\/","og_site_name":"VM Sport","article_publisher":"https:\/\/www.facebook.com\/Vmsport.fi\/","article_modified_time":"2026-04-22T12:06:33+00:00","og_image":[{"width":600,"height":600,"url":"https:\/\/vmsport.fi\/wp-content\/uploads\/2025\/03\/iCsgSsWHRSM20Y7CxsJShFCnSGlQc4rpgRuR1LlYpb3d83LaXe-1.jpg","type":"image\/jpeg"}],"twitter_card":"summary_large_image","schema":{"@context":"https:\/\/schema.org","@graph":[{"@type":["WebPage","ItemPage"],"@id":"https:\/\/vmsport.fi\/verkkokauppa\/varaosat\/jarrut\/vaijerit-kuoret-ja-muut-jarruosat\/oliivipaatynippa-jarruletkuun-sm-bh90\/","url":"https:\/\/vmsport.fi\/verkkokauppa\/varaosat\/jarrut\/vaijerit-kuoret-ja-muut-jarruosat\/oliivipaatynippa-jarruletkuun-sm-bh90\/","name":"Oliv + \u00e4ndtapp f\u00f6r bromsslang SM-BH90 - VM Sport","isPartOf":{"@id":"https:\/\/vmsport.fi\/#website"},"primaryImageOfPage":{"@id":"https:\/\/vmsport.fi\/verkkokauppa\/varaosat\/jarrut\/vaijerit-kuoret-ja-muut-jarruosat\/oliivipaatynippa-jarruletkuun-sm-bh90\/#primaryimage"},"image":{"@id":"https:\/\/vmsport.fi\/verkkokauppa\/varaosat\/jarrut\/vaijerit-kuoret-ja-muut-jarruosat\/oliivipaatynippa-jarruletkuun-sm-bh90\/#primaryimage"},"thumbnailUrl":"https:\/\/vmsport.fi\/wp-content\/uploads\/2025\/03\/iCsgSsWHRSM20Y7CxsJShFCnSGlQc4rpgRuR1LlYpb3d83LaXe-1.jpg","datePublished":"2025-03-05T21:59:12+00:00","dateModified":"2026-04-22T12:06:33+00:00","breadcrumb":{"@id":"https:\/\/vmsport.fi\/verkkokauppa\/varaosat\/jarrut\/vaijerit-kuoret-ja-muut-jarruosat\/oliivipaatynippa-jarruletkuun-sm-bh90\/#breadcrumb"},"inLanguage":"sv-SE","potentialAction":[{"@type":"ReadAction","target":["https:\/\/vmsport.fi\/verkkokauppa\/varaosat\/jarrut\/vaijerit-kuoret-ja-muut-jarruosat\/oliivipaatynippa-jarruletkuun-sm-bh90\/"]}]},{"@type":"ImageObject","inLanguage":"sv-SE","@id":"https:\/\/vmsport.fi\/verkkokauppa\/varaosat\/jarrut\/vaijerit-kuoret-ja-muut-jarruosat\/oliivipaatynippa-jarruletkuun-sm-bh90\/#primaryimage","url":"https:\/\/vmsport.fi\/wp-content\/uploads\/2025\/03\/iCsgSsWHRSM20Y7CxsJShFCnSGlQc4rpgRuR1LlYpb3d83LaXe-1.jpg","contentUrl":"https:\/\/vmsport.fi\/wp-content\/uploads\/2025\/03\/iCsgSsWHRSM20Y7CxsJShFCnSGlQc4rpgRuR1LlYpb3d83LaXe-1.jpg","width":600,"height":600,"caption":"iCsgSsWHRSM20Y7CxsJShFCnSGlQc4rpgRuR1LlYpb3d83LaXe"},{"@type":"BreadcrumbList","@id":"https:\/\/vmsport.fi\/verkkokauppa\/varaosat\/jarrut\/vaijerit-kuoret-ja-muut-jarruosat\/oliivipaatynippa-jarruletkuun-sm-bh90\/#breadcrumb","itemListElement":[{"@type":"ListItem","position":1,"name":"Etusivu","item":"https:\/\/vmsport.fi\/"},{"@type":"ListItem","position":2,"name":"Online Store","item":"https:\/\/vmsport.fi\/en\/online-store\/"},{"@type":"ListItem","position":3,"name":"Oliivi+p\u00e4\u00e4tynippa jarruletkuun SM-BH90"}]},{"@type":"WebSite","@id":"https:\/\/vmsport.fi\/#website","url":"https:\/\/vmsport.fi\/","name":"Vmsport","description":"Allt p\u00e5 ett st\u00e4lle f\u00f6r cykling","publisher":{"@id":"https:\/\/vmsport.fi\/#organization"},"potentialAction":[{"@type":"SearchAction","target":{"@type":"EntryPoint","urlTemplate":"https:\/\/vmsport.fi\/?s={search_term_string}"},"query-input":{"@type":"PropertyValueSpecification","valueRequired":true,"valueName":"search_term_string"}}],"inLanguage":"sv-SE"},{"@type":"Organization","@id":"https:\/\/vmsport.fi\/#organization","name":"Vmsport","url":"https:\/\/vmsport.fi\/","logo":{"@type":"ImageObject","inLanguage":"sv-SE","@id":"https:\/\/vmsport.fi\/#\/schema\/logo\/image\/","url":"https:\/\/vmsport.fi\/wp-content\/uploads\/2024\/12\/vm_sport_RGB_horisontal-e1734526017575.png","contentUrl":"https:\/\/vmsport.fi\/wp-content\/uploads\/2024\/12\/vm_sport_RGB_horisontal-e1734526017575.png","width":668,"height":85,"caption":"Vmsport"},"image":{"@id":"https:\/\/vmsport.fi\/#\/schema\/logo\/image\/"},"sameAs":["https:\/\/www.facebook.com\/Vmsport.fi\/","https:\/\/www.instagram.com\/vmsport\/"]}]}},"global_unique_id":"","_links":{"self":[{"href":"https:\/\/vmsport.fi\/sv\/wp-json\/wp\/v2\/product\/54937","targetHints":{"allow":["GET"]}}],"collection":[{"href":"https:\/\/vmsport.fi\/sv\/wp-json\/wp\/v2\/product"}],"about":[{"href":"https:\/\/vmsport.fi\/sv\/wp-json\/wp\/v2\/types\/product"}],"replies":[{"embeddable":true,"href":"https:\/\/vmsport.fi\/sv\/wp-json\/wp\/v2\/comments?post=54937"}],"wp:featuredmedia":[{"embeddable":true,"href":"https:\/\/vmsport.fi\/sv\/wp-json\/wp\/v2\/media\/54936"}],"wp:attachment":[{"href":"https:\/\/vmsport.fi\/sv\/wp-json\/wp\/v2\/media?parent=54937"}],"wp:term":[{"taxonomy":"product_brand","embeddable":true,"href":"https:\/\/vmsport.fi\/sv\/wp-json\/wp\/v2\/product_brand?post=54937"},{"taxonomy":"product_model","embeddable":true,"href":"https:\/\/vmsport.fi\/sv\/wp-json\/wp\/v2\/product_model?post=54937"},{"taxonomy":"product_cat","embeddable":true,"href":"https:\/\/vmsport.fi\/sv\/wp-json\/wp\/v2\/product_cat?post=54937"},{"taxonomy":"product_tag","embeddable":true,"href":"https:\/\/vmsport.fi\/sv\/wp-json\/wp\/v2\/product_tag?post=54937"},{"taxonomy":"industry_terminology","embeddable":true,"href":"https:\/\/vmsport.fi\/sv\/wp-json\/wp\/v2\/industry-terminology?post=54937"}],"curies":[{"name":"wp","href":"https:\/\/api.w.org\/{rel}","templated":true}]}}