{"id":54935,"date":"2025-03-05T23:59:11","date_gmt":"2025-03-05T21:59:11","guid":{"rendered":"https:\/\/vmsport.fi\/verkkokauppa\/Ei-luokiteltu\/shimano-kasetti-cs-hg41-8-8v-11-13-15-18-21-24-28-34t\/"},"modified":"2026-01-16T13:22:09","modified_gmt":"2026-01-16T11:22:09","slug":"shimano-kassett-cs-hg41-8-8v-11-13-15-18-21-24-28-34t","status":"publish","type":"product","link":"https:\/\/vmsport.fi\/sv\/verkkokauppa\/varaosat\/voimansiirto\/takarattaat\/shimano-kasetti-cs-hg41-8-8v-11-13-15-18-21-24-28-34t\/","title":{"rendered":"SHIMANO Kassett CS-HG41-8 8v 11-13-15-18-21-24-28-34T"},"content":{"rendered":"<p>Shimano CS-HG41-8-kassetten \u00e4r utformad f\u00f6r \u00e5ttav\u00e4xlade cyklar och erbjuder ett brett utbud av kuggar (11-34T), vilket g\u00f6r att du kan cykla i en m\u00e4ngd olika terr\u00e4nger. Den mjuka och tillf\u00f6rlitliga v\u00e4xlingen f\u00f6rb\u00e4ttrar den dagliga cykelupplevelsen och g\u00f6r den till ett utm\u00e4rkt val f\u00f6r b\u00e5de fritidscyklister och pendlare. Shimano \u00e4r k\u00e4nt f\u00f6r sin h\u00e5llbarhet, och den h\u00e4r kassetten \u00e4r utformad f\u00f6r l\u00e5ngvarig anv\u00e4ndning. Den \u00e4r kompatibel med Shimanos 8-v\u00e4xlade drivlinor och garanterar optimal prestanda i en m\u00e4ngd olika k\u00f6rsituationer, vilket avsev\u00e4rt f\u00f6rb\u00e4ttrar cykelkomforten.<\/p>","protected":false},"excerpt":{"rendered":"<p>Shimano CS-HG41-8 -kasetti, joka on suunniteltu kahdeksanvaihteiseen polkupy\u00f6r\u00e4\u00e4n, tarjoaa laajan hampaiden valikoiman (11-34T), mik\u00e4 mahdollistaa ajon monenlaisilla maastoilla. Sen sujuva ja luotettava vaihteenvaihto parantaa p\u00e4ivitt\u00e4ist\u00e4 py\u00f6r\u00e4ilykokemusta, tehden siit\u00e4 erinomaisen valinnan niin vapaa-ajan py\u00f6r\u00e4ilij\u00f6ille kuin ty\u00f6matkalaisillekin. Shimano on tunnettu kest\u00e4vyydest\u00e4\u00e4n, ja t\u00e4m\u00e4 kasetti on suunniteltu pitk\u00e4ik\u00e4iseen k\u00e4ytt\u00f6\u00f6n. Yhteensopiva Shimano 8-vaihteisten voimansiirtoj\u00e4rjestelmien kanssa, se varmistaa optimaalisen toimivuuden [&#8230;]<\/p>\n<p><a class=\"btn btn-secondary understrap-read-more-link\" href=\"https:\/\/vmsport.fi\/sv\/verkkokauppa\/varaosat\/voimansiirto\/takarattaat\/shimano-kasetti-cs-hg41-8-8v-11-13-15-18-21-24-28-34t\/\">L\u00e4s mer \u2026<span class=\"screen-reader-text\"> from SHIMANO Kasetti CS-HG41-8 8v 11-13-15-18-21-24-28-34T<\/span><\/a><\/p>\n","protected":false},"featured_media":54934,"comment_status":"open","ping_status":"closed","template":"","meta":{"_acf_changed":false,"_improvement_type_select":"improve_an_existing","_thumb_yes_seoaic":false,"_frame_yes_seoaic":false,"seoaic_generate_description":"","seoaic_improve_instructions_prompt":"","seoaic_rollback_content_improvement":"","seoaic_idea_thumbnail_generator":"","thumbnail_generated":false,"thumbnail_generate_prompt":"","seoaic_article_description":"","_supplier_stock_quantity":0},"product_brand":[],"product_model":[],"product_cat":[9348],"product_tag":[],"industry-terminology":[],"class_list":{"0":"post-54935","1":"product","2":"type-product","3":"status-publish","4":"has-post-thumbnail","6":"product_cat-takarattaat","8":"first","9":"outofstock","10":"taxable","11":"shipping-taxable","12":"product-type-simple"},"acf":{"bike_features":null,"overview":{"copy_overview":null,"key_features":null,"statement":"","youtube_url":""}},"yoast_head":"<!-- This site is optimized with the Yoast SEO plugin v27.3 - https:\/\/yoast.com\/product\/yoast-seo-wordpress\/ -->\n<title>SHIMANO Kasetti CS-HG41-8 8v 11-13-15-18-21-24-28-34T - VM Sport<\/title>\n<meta name=\"robots\" content=\"index, follow, max-snippet:-1, max-image-preview:large, max-video-preview:-1\" \/>\n<link rel=\"canonical\" href=\"https:\/\/vmsport.fi\/sv\/webbutik\/reservdelar\/transmission\/takarattaat\/shimano-kassett-cs-hg41-8-8v-11-13-15-18-21-24-28-34t\/\" \/>\n<meta property=\"og:locale\" content=\"sv_SE\" \/>\n<meta property=\"og:type\" content=\"article\" \/>\n<meta property=\"og:title\" content=\"SHIMANO Kasetti CS-HG41-8 8v 11-13-15-18-21-24-28-34T - VM Sport\" \/>\n<meta property=\"og:description\" content=\"Shimano CS-HG41-8 -kasetti, joka on suunniteltu kahdeksanvaihteiseen polkupy\u00f6r\u00e4\u00e4n, tarjoaa laajan hampaiden valikoiman (11-34T), mik\u00e4 mahdollistaa ajon monenlaisilla maastoilla. Sen sujuva ja luotettava vaihteenvaihto parantaa p\u00e4ivitt\u00e4ist\u00e4 py\u00f6r\u00e4ilykokemusta, tehden siit\u00e4 erinomaisen valinnan niin vapaa-ajan py\u00f6r\u00e4ilij\u00f6ille kuin ty\u00f6matkalaisillekin. Shimano on tunnettu kest\u00e4vyydest\u00e4\u00e4n, ja t\u00e4m\u00e4 kasetti on suunniteltu pitk\u00e4ik\u00e4iseen k\u00e4ytt\u00f6\u00f6n. Yhteensopiva Shimano 8-vaihteisten voimansiirtoj\u00e4rjestelmien kanssa, se varmistaa optimaalisen toimivuuden [...]L\u00e4s mer \u2026 from SHIMANO Kasetti CS-HG41-8 8v 11-13-15-18-21-24-28-34T\" \/>\n<meta property=\"og:url\" content=\"https:\/\/vmsport.fi\/sv\/webbutik\/reservdelar\/transmission\/takarattaat\/shimano-kassett-cs-hg41-8-8v-11-13-15-18-21-24-28-34t\/\" \/>\n<meta property=\"og:site_name\" content=\"VM Sport\" \/>\n<meta property=\"article:publisher\" content=\"https:\/\/www.facebook.com\/Vmsport.fi\/\" \/>\n<meta property=\"article:modified_time\" content=\"2026-01-16T11:22:09+00:00\" \/>\n<meta property=\"og:image\" content=\"https:\/\/vmsport.fi\/wp-content\/uploads\/2025\/03\/P-ECSHG418134-BC0065-jpg-thumb-572-572-1.png\" \/>\n\t<meta property=\"og:image:width\" content=\"572\" \/>\n\t<meta property=\"og:image:height\" content=\"572\" \/>\n\t<meta property=\"og:image:type\" content=\"image\/png\" \/>\n<meta name=\"twitter:card\" content=\"summary_large_image\" \/>\n<script type=\"application\/ld+json\" class=\"yoast-schema-graph\">{\"@context\":\"https:\\\/\\\/schema.org\",\"@graph\":[{\"@type\":[\"WebPage\",\"ItemPage\"],\"@id\":\"https:\\\/\\\/vmsport.fi\\\/verkkokauppa\\\/varaosat\\\/voimansiirto\\\/takarattaat\\\/shimano-kasetti-cs-hg41-8-8v-11-13-15-18-21-24-28-34t\\\/\",\"url\":\"https:\\\/\\\/vmsport.fi\\\/verkkokauppa\\\/varaosat\\\/voimansiirto\\\/takarattaat\\\/shimano-kasetti-cs-hg41-8-8v-11-13-15-18-21-24-28-34t\\\/\",\"name\":\"SHIMANO Kasetti CS-HG41-8 8v 11-13-15-18-21-24-28-34T - VM Sport\",\"isPartOf\":{\"@id\":\"https:\\\/\\\/vmsport.fi\\\/#website\"},\"primaryImageOfPage\":{\"@id\":\"https:\\\/\\\/vmsport.fi\\\/verkkokauppa\\\/varaosat\\\/voimansiirto\\\/takarattaat\\\/shimano-kasetti-cs-hg41-8-8v-11-13-15-18-21-24-28-34t\\\/#primaryimage\"},\"image\":{\"@id\":\"https:\\\/\\\/vmsport.fi\\\/verkkokauppa\\\/varaosat\\\/voimansiirto\\\/takarattaat\\\/shimano-kasetti-cs-hg41-8-8v-11-13-15-18-21-24-28-34t\\\/#primaryimage\"},\"thumbnailUrl\":\"https:\\\/\\\/vmsport.fi\\\/wp-content\\\/uploads\\\/2025\\\/03\\\/P-ECSHG418134-BC0065-jpg-thumb-572-572-1.png\",\"datePublished\":\"2025-03-05T21:59:11+00:00\",\"dateModified\":\"2026-01-16T11:22:09+00:00\",\"breadcrumb\":{\"@id\":\"https:\\\/\\\/vmsport.fi\\\/verkkokauppa\\\/varaosat\\\/voimansiirto\\\/takarattaat\\\/shimano-kasetti-cs-hg41-8-8v-11-13-15-18-21-24-28-34t\\\/#breadcrumb\"},\"inLanguage\":\"sv-SE\",\"potentialAction\":[{\"@type\":\"ReadAction\",\"target\":[\"https:\\\/\\\/vmsport.fi\\\/verkkokauppa\\\/varaosat\\\/voimansiirto\\\/takarattaat\\\/shimano-kasetti-cs-hg41-8-8v-11-13-15-18-21-24-28-34t\\\/\"]}]},{\"@type\":\"ImageObject\",\"inLanguage\":\"sv-SE\",\"@id\":\"https:\\\/\\\/vmsport.fi\\\/verkkokauppa\\\/varaosat\\\/voimansiirto\\\/takarattaat\\\/shimano-kasetti-cs-hg41-8-8v-11-13-15-18-21-24-28-34t\\\/#primaryimage\",\"url\":\"https:\\\/\\\/vmsport.fi\\\/wp-content\\\/uploads\\\/2025\\\/03\\\/P-ECSHG418134-BC0065-jpg-thumb-572-572-1.png\",\"contentUrl\":\"https:\\\/\\\/vmsport.fi\\\/wp-content\\\/uploads\\\/2025\\\/03\\\/P-ECSHG418134-BC0065-jpg-thumb-572-572-1.png\",\"width\":572,\"height\":572,\"caption\":\"P-ECSHG418134-BC0065-jpg-thumb-572-572\"},{\"@type\":\"BreadcrumbList\",\"@id\":\"https:\\\/\\\/vmsport.fi\\\/verkkokauppa\\\/varaosat\\\/voimansiirto\\\/takarattaat\\\/shimano-kasetti-cs-hg41-8-8v-11-13-15-18-21-24-28-34t\\\/#breadcrumb\",\"itemListElement\":[{\"@type\":\"ListItem\",\"position\":1,\"name\":\"Etusivu\",\"item\":\"https:\\\/\\\/vmsport.fi\\\/\"},{\"@type\":\"ListItem\",\"position\":2,\"name\":\"Online Store\",\"item\":\"https:\\\/\\\/vmsport.fi\\\/en\\\/online-store\\\/\"},{\"@type\":\"ListItem\",\"position\":3,\"name\":\"SHIMANO Kasetti CS-HG41-8 8v 11-13-15-18-21-24-28-34T\"}]},{\"@type\":\"WebSite\",\"@id\":\"https:\\\/\\\/vmsport.fi\\\/#website\",\"url\":\"https:\\\/\\\/vmsport.fi\\\/\",\"name\":\"Vmsport\",\"description\":\"Kaikki py\u00f6r\u00e4ilyyn yhdest\u00e4 paikasta\",\"publisher\":{\"@id\":\"https:\\\/\\\/vmsport.fi\\\/#organization\"},\"potentialAction\":[{\"@type\":\"SearchAction\",\"target\":{\"@type\":\"EntryPoint\",\"urlTemplate\":\"https:\\\/\\\/vmsport.fi\\\/?s={search_term_string}\"},\"query-input\":{\"@type\":\"PropertyValueSpecification\",\"valueRequired\":true,\"valueName\":\"search_term_string\"}}],\"inLanguage\":\"sv-SE\"},{\"@type\":\"Organization\",\"@id\":\"https:\\\/\\\/vmsport.fi\\\/#organization\",\"name\":\"Vmsport\",\"url\":\"https:\\\/\\\/vmsport.fi\\\/\",\"logo\":{\"@type\":\"ImageObject\",\"inLanguage\":\"sv-SE\",\"@id\":\"https:\\\/\\\/vmsport.fi\\\/#\\\/schema\\\/logo\\\/image\\\/\",\"url\":\"https:\\\/\\\/vmsport.fi\\\/wp-content\\\/uploads\\\/2024\\\/12\\\/vm_sport_RGB_horisontal-e1734526017575.png\",\"contentUrl\":\"https:\\\/\\\/vmsport.fi\\\/wp-content\\\/uploads\\\/2024\\\/12\\\/vm_sport_RGB_horisontal-e1734526017575.png\",\"width\":668,\"height\":85,\"caption\":\"Vmsport\"},\"image\":{\"@id\":\"https:\\\/\\\/vmsport.fi\\\/#\\\/schema\\\/logo\\\/image\\\/\"},\"sameAs\":[\"https:\\\/\\\/www.facebook.com\\\/Vmsport.fi\\\/\",\"https:\\\/\\\/www.instagram.com\\\/vmsport\\\/\"]}]}<\/script>\n<!-- \/ Yoast SEO plugin. -->","yoast_head_json":{"title":"SHIMANO Kassett CS-HG41-8 8v 11-13-15-18-21-24-28-34T - VM Sport","robots":{"index":"index","follow":"follow","max-snippet":"max-snippet:-1","max-image-preview":"max-image-preview:large","max-video-preview":"max-video-preview:-1"},"canonical":"https:\/\/vmsport.fi\/sv\/webbutik\/reservdelar\/transmission\/takarattaat\/shimano-kassett-cs-hg41-8-8v-11-13-15-18-21-24-28-34t\/","og_locale":"sv_SE","og_type":"article","og_title":"SHIMANO Kasetti CS-HG41-8 8v 11-13-15-18-21-24-28-34T - VM Sport","og_description":"Shimano CS-HG41-8 -kasetti, joka on suunniteltu kahdeksanvaihteiseen polkupy\u00f6r\u00e4\u00e4n, tarjoaa laajan hampaiden valikoiman (11-34T), mik\u00e4 mahdollistaa ajon monenlaisilla maastoilla. Sen sujuva ja luotettava vaihteenvaihto parantaa p\u00e4ivitt\u00e4ist\u00e4 py\u00f6r\u00e4ilykokemusta, tehden siit\u00e4 erinomaisen valinnan niin vapaa-ajan py\u00f6r\u00e4ilij\u00f6ille kuin ty\u00f6matkalaisillekin. Shimano on tunnettu kest\u00e4vyydest\u00e4\u00e4n, ja t\u00e4m\u00e4 kasetti on suunniteltu pitk\u00e4ik\u00e4iseen k\u00e4ytt\u00f6\u00f6n. Yhteensopiva Shimano 8-vaihteisten voimansiirtoj\u00e4rjestelmien kanssa, se varmistaa optimaalisen toimivuuden [...]L\u00e4s mer \u2026 from SHIMANO Kasetti CS-HG41-8 8v 11-13-15-18-21-24-28-34T","og_url":"https:\/\/vmsport.fi\/sv\/webbutik\/reservdelar\/transmission\/takarattaat\/shimano-kassett-cs-hg41-8-8v-11-13-15-18-21-24-28-34t\/","og_site_name":"VM Sport","article_publisher":"https:\/\/www.facebook.com\/Vmsport.fi\/","article_modified_time":"2026-01-16T11:22:09+00:00","og_image":[{"width":572,"height":572,"url":"https:\/\/vmsport.fi\/wp-content\/uploads\/2025\/03\/P-ECSHG418134-BC0065-jpg-thumb-572-572-1.png","type":"image\/png"}],"twitter_card":"summary_large_image","schema":{"@context":"https:\/\/schema.org","@graph":[{"@type":["WebPage","ItemPage"],"@id":"https:\/\/vmsport.fi\/verkkokauppa\/varaosat\/voimansiirto\/takarattaat\/shimano-kasetti-cs-hg41-8-8v-11-13-15-18-21-24-28-34t\/","url":"https:\/\/vmsport.fi\/verkkokauppa\/varaosat\/voimansiirto\/takarattaat\/shimano-kasetti-cs-hg41-8-8v-11-13-15-18-21-24-28-34t\/","name":"SHIMANO Kassett CS-HG41-8 8v 11-13-15-18-21-24-28-34T - VM Sport","isPartOf":{"@id":"https:\/\/vmsport.fi\/#website"},"primaryImageOfPage":{"@id":"https:\/\/vmsport.fi\/verkkokauppa\/varaosat\/voimansiirto\/takarattaat\/shimano-kasetti-cs-hg41-8-8v-11-13-15-18-21-24-28-34t\/#primaryimage"},"image":{"@id":"https:\/\/vmsport.fi\/verkkokauppa\/varaosat\/voimansiirto\/takarattaat\/shimano-kasetti-cs-hg41-8-8v-11-13-15-18-21-24-28-34t\/#primaryimage"},"thumbnailUrl":"https:\/\/vmsport.fi\/wp-content\/uploads\/2025\/03\/P-ECSHG418134-BC0065-jpg-thumb-572-572-1.png","datePublished":"2025-03-05T21:59:11+00:00","dateModified":"2026-01-16T11:22:09+00:00","breadcrumb":{"@id":"https:\/\/vmsport.fi\/verkkokauppa\/varaosat\/voimansiirto\/takarattaat\/shimano-kasetti-cs-hg41-8-8v-11-13-15-18-21-24-28-34t\/#breadcrumb"},"inLanguage":"sv-SE","potentialAction":[{"@type":"ReadAction","target":["https:\/\/vmsport.fi\/verkkokauppa\/varaosat\/voimansiirto\/takarattaat\/shimano-kasetti-cs-hg41-8-8v-11-13-15-18-21-24-28-34t\/"]}]},{"@type":"ImageObject","inLanguage":"sv-SE","@id":"https:\/\/vmsport.fi\/verkkokauppa\/varaosat\/voimansiirto\/takarattaat\/shimano-kasetti-cs-hg41-8-8v-11-13-15-18-21-24-28-34t\/#primaryimage","url":"https:\/\/vmsport.fi\/wp-content\/uploads\/2025\/03\/P-ECSHG418134-BC0065-jpg-thumb-572-572-1.png","contentUrl":"https:\/\/vmsport.fi\/wp-content\/uploads\/2025\/03\/P-ECSHG418134-BC0065-jpg-thumb-572-572-1.png","width":572,"height":572,"caption":"P-ECSHG418134-BC0065-jpg-thumb-572-572"},{"@type":"BreadcrumbList","@id":"https:\/\/vmsport.fi\/verkkokauppa\/varaosat\/voimansiirto\/takarattaat\/shimano-kasetti-cs-hg41-8-8v-11-13-15-18-21-24-28-34t\/#breadcrumb","itemListElement":[{"@type":"ListItem","position":1,"name":"Etusivu","item":"https:\/\/vmsport.fi\/"},{"@type":"ListItem","position":2,"name":"Online Store","item":"https:\/\/vmsport.fi\/en\/online-store\/"},{"@type":"ListItem","position":3,"name":"SHIMANO Kasetti CS-HG41-8 8v 11-13-15-18-21-24-28-34T"}]},{"@type":"WebSite","@id":"https:\/\/vmsport.fi\/#website","url":"https:\/\/vmsport.fi\/","name":"Vmsport","description":"Allt p\u00e5 ett st\u00e4lle f\u00f6r cykling","publisher":{"@id":"https:\/\/vmsport.fi\/#organization"},"potentialAction":[{"@type":"SearchAction","target":{"@type":"EntryPoint","urlTemplate":"https:\/\/vmsport.fi\/?s={search_term_string}"},"query-input":{"@type":"PropertyValueSpecification","valueRequired":true,"valueName":"search_term_string"}}],"inLanguage":"sv-SE"},{"@type":"Organization","@id":"https:\/\/vmsport.fi\/#organization","name":"Vmsport","url":"https:\/\/vmsport.fi\/","logo":{"@type":"ImageObject","inLanguage":"sv-SE","@id":"https:\/\/vmsport.fi\/#\/schema\/logo\/image\/","url":"https:\/\/vmsport.fi\/wp-content\/uploads\/2024\/12\/vm_sport_RGB_horisontal-e1734526017575.png","contentUrl":"https:\/\/vmsport.fi\/wp-content\/uploads\/2024\/12\/vm_sport_RGB_horisontal-e1734526017575.png","width":668,"height":85,"caption":"Vmsport"},"image":{"@id":"https:\/\/vmsport.fi\/#\/schema\/logo\/image\/"},"sameAs":["https:\/\/www.facebook.com\/Vmsport.fi\/","https:\/\/www.instagram.com\/vmsport\/"]}]}},"global_unique_id":"","_links":{"self":[{"href":"https:\/\/vmsport.fi\/sv\/wp-json\/wp\/v2\/product\/54935","targetHints":{"allow":["GET"]}}],"collection":[{"href":"https:\/\/vmsport.fi\/sv\/wp-json\/wp\/v2\/product"}],"about":[{"href":"https:\/\/vmsport.fi\/sv\/wp-json\/wp\/v2\/types\/product"}],"replies":[{"embeddable":true,"href":"https:\/\/vmsport.fi\/sv\/wp-json\/wp\/v2\/comments?post=54935"}],"wp:featuredmedia":[{"embeddable":true,"href":"https:\/\/vmsport.fi\/sv\/wp-json\/wp\/v2\/media\/54934"}],"wp:attachment":[{"href":"https:\/\/vmsport.fi\/sv\/wp-json\/wp\/v2\/media?parent=54935"}],"wp:term":[{"taxonomy":"product_brand","embeddable":true,"href":"https:\/\/vmsport.fi\/sv\/wp-json\/wp\/v2\/product_brand?post=54935"},{"taxonomy":"product_model","embeddable":true,"href":"https:\/\/vmsport.fi\/sv\/wp-json\/wp\/v2\/product_model?post=54935"},{"taxonomy":"product_cat","embeddable":true,"href":"https:\/\/vmsport.fi\/sv\/wp-json\/wp\/v2\/product_cat?post=54935"},{"taxonomy":"product_tag","embeddable":true,"href":"https:\/\/vmsport.fi\/sv\/wp-json\/wp\/v2\/product_tag?post=54935"},{"taxonomy":"industry_terminology","embeddable":true,"href":"https:\/\/vmsport.fi\/sv\/wp-json\/wp\/v2\/industry-terminology?post=54935"}],"curies":[{"name":"wp","href":"https:\/\/api.w.org\/{rel}","templated":true}]}}