{"id":54933,"date":"2025-03-05T23:59:10","date_gmt":"2025-03-05T21:59:10","guid":{"rendered":"https:\/\/vmsport.fi\/verkkokauppa\/Ei-luokiteltu\/fox-dirtpaw-glove-black\/"},"modified":"2026-03-10T02:00:33","modified_gmt":"2026-03-10T00:00:33","slug":"fox-dirtpaw-handske-svart","status":"publish","type":"product","link":"https:\/\/vmsport.fi\/sv\/verkkokauppa\/ajovarusteet\/vaatteet\/pyorailyhanskat\/fox-dirtpaw-glove-black\/","title":{"rendered":"FOX DIRTPAW HANDSKE - SVART"},"content":{"rendered":"<p>FOX Dirtpaw Glove - Black \u00e4r en s\u00e4rskilt popul\u00e4r motocrosshandske som \u00e4r utformad f\u00f6r att ge skydd, komfort och smidighet p\u00e5 sp\u00e5ren. F\u00f6rst\u00e4rkta knogar och direktformsprutat TPR-material ger skydd mot grenar och skr\u00e4p, medan en manschett i kompressionsformad neopren ger en s\u00e4ker passform. Inbyggda flexpunkter och strategiska flexpunkter f\u00f6rb\u00e4ttrar finger- och handr\u00f6rligheten.<\/p>\n<p>En f\u00f6rst\u00e4rkt Clarino\u00ae-handflata g\u00f6r det m\u00f6jligt att anv\u00e4nda peksk\u00e4rmen utan att ta av handsken, och en fingertoppsbygel i silikon f\u00f6rb\u00e4ttrar greppet om bromshandtagen. Handmaterialet i slitstarkt nylon och fingertopparna i ventilerande stretchmesh f\u00f6rb\u00e4ttrar luftfl\u00f6det, vilket g\u00f6r handskarna idealiska f\u00f6r l\u00e5ngvarig anv\u00e4ndning.<\/p>\n<p>Kardborrekn\u00e4ppning ger en p\u00e5litlig och bekv\u00e4m passform. Materialkompositionen omfattar 52 % polyamid, 20 % neopren, 10 % polyuretan, 9 % polyvinylklorid, 7 % polyester och 2 % elastan. Handskarna kan maskintv\u00e4ttas i kallt vatten och linjetorkas. FOX Dirtpaw Glove \u00e4r det perfekta valet f\u00f6r motocrossf\u00f6rare som v\u00e4rdes\u00e4tter kvalitet och h\u00e5llbarhet.<\/p>","protected":false},"excerpt":{"rendered":"<p>FOX Dirtpaw Glove &#8211; Black on erityisen suosittu motocross-hansikas, joka on suunniteltu tarjoamaan suojaa, mukavuutta ja ketteryytt\u00e4 ajoreiteill\u00e4. Vahvistetut rystyset ja suora ruiskuvalettu TPR-materiaali takaavat suojan oksilta ja roskilta, samalla kun kompressiomuotoiltu neopreenimansetti luo varman istuvuuden. Sis\u00e4\u00e4nrakennetut joustopisteet ja strategiset joustokohdat parantavat sormien ja k\u00e4sien liikkuvuutta. Vahvistettu Clarino\u00ae-k\u00e4mmen mahdollistaa kosketusn\u00e4yt\u00f6n k\u00e4yt\u00f6n ilman hansikkaan riisumista, ja [&#8230;]<\/p>\n<p><a class=\"btn btn-secondary understrap-read-more-link\" href=\"https:\/\/vmsport.fi\/sv\/verkkokauppa\/ajovarusteet\/vaatteet\/pyorailyhanskat\/fox-dirtpaw-glove-black\/\">L\u00e4s mer \u2026<span class=\"screen-reader-text\"> from FOX DIRTPAW GLOVE &#8211; BLACK<\/span><\/a><\/p>\n","protected":false},"featured_media":54932,"comment_status":"open","ping_status":"closed","template":"","meta":{"_acf_changed":false,"_improvement_type_select":"improve_an_existing","_thumb_yes_seoaic":false,"_frame_yes_seoaic":false,"seoaic_generate_description":"","seoaic_improve_instructions_prompt":"","seoaic_rollback_content_improvement":"","seoaic_idea_thumbnail_generator":"","thumbnail_generated":false,"thumbnail_generate_prompt":"","seoaic_article_description":"","_supplier_stock_quantity":0},"product_brand":[45],"product_model":[],"product_cat":[9454],"product_tag":[],"industry-terminology":[],"class_list":{"0":"post-54933","1":"product","2":"type-product","3":"status-publish","4":"has-post-thumbnail","6":"product_brand-fox","7":"product_cat-pyorailyhanskat","9":"first","10":"outofstock","11":"taxable","12":"shipping-taxable","13":"product-type-variable"},"acf":{"bike_features":null,"overview":{"copy_overview":null,"key_features":null,"statement":"","youtube_url":""}},"yoast_head":"<!-- This site is optimized with the Yoast SEO plugin v27.3 - https:\/\/yoast.com\/product\/yoast-seo-wordpress\/ -->\n<title>FOX DIRTPAW GLOVE - BLACK - VM Sport<\/title>\n<meta name=\"robots\" content=\"index, follow, max-snippet:-1, max-image-preview:large, max-video-preview:-1\" \/>\n<link rel=\"canonical\" href=\"https:\/\/vmsport.fi\/sv\/webbutik\/korutrustning\/klader\/pyorailhandskar\/fox-dirtpaw-handske-svart\/\" \/>\n<meta property=\"og:locale\" content=\"sv_SE\" \/>\n<meta property=\"og:type\" content=\"article\" \/>\n<meta property=\"og:title\" content=\"FOX DIRTPAW GLOVE - BLACK - VM Sport\" \/>\n<meta property=\"og:description\" content=\"FOX Dirtpaw Glove &#8211; Black on erityisen suosittu motocross-hansikas, joka on suunniteltu tarjoamaan suojaa, mukavuutta ja ketteryytt\u00e4 ajoreiteill\u00e4. Vahvistetut rystyset ja suora ruiskuvalettu TPR-materiaali takaavat suojan oksilta ja roskilta, samalla kun kompressiomuotoiltu neopreenimansetti luo varman istuvuuden. Sis\u00e4\u00e4nrakennetut joustopisteet ja strategiset joustokohdat parantavat sormien ja k\u00e4sien liikkuvuutta. Vahvistettu Clarino\u00ae-k\u00e4mmen mahdollistaa kosketusn\u00e4yt\u00f6n k\u00e4yt\u00f6n ilman hansikkaan riisumista, ja [...]L\u00e4s mer \u2026 from FOX DIRTPAW GLOVE &#8211; BLACK\" \/>\n<meta property=\"og:url\" content=\"https:\/\/vmsport.fi\/sv\/webbutik\/korutrustning\/klader\/pyorailhandskar\/fox-dirtpaw-handske-svart\/\" \/>\n<meta property=\"og:site_name\" content=\"VM Sport\" \/>\n<meta property=\"article:publisher\" content=\"https:\/\/www.facebook.com\/Vmsport.fi\/\" \/>\n<meta property=\"article:modified_time\" content=\"2026-03-10T00:00:33+00:00\" \/>\n<meta property=\"og:image\" content=\"https:\/\/vmsport.fi\/wp-content\/uploads\/2025\/03\/E-25796-018-1-2.png\" \/>\n\t<meta property=\"og:image:width\" content=\"800\" \/>\n\t<meta property=\"og:image:height\" content=\"950\" \/>\n\t<meta property=\"og:image:type\" content=\"image\/png\" \/>\n<meta name=\"twitter:card\" content=\"summary_large_image\" \/>\n<meta name=\"twitter:label1\" content=\"Ber\u00e4knad l\u00e4stid\" \/>\n\t<meta name=\"twitter:data1\" content=\"1 minut\" \/>\n<script type=\"application\/ld+json\" class=\"yoast-schema-graph\">{\"@context\":\"https:\\\/\\\/schema.org\",\"@graph\":[{\"@type\":[\"WebPage\",\"ItemPage\"],\"@id\":\"https:\\\/\\\/vmsport.fi\\\/verkkokauppa\\\/ajovarusteet\\\/vaatteet\\\/pyorailyhanskat\\\/fox-dirtpaw-glove-black\\\/\",\"url\":\"https:\\\/\\\/vmsport.fi\\\/verkkokauppa\\\/ajovarusteet\\\/vaatteet\\\/pyorailyhanskat\\\/fox-dirtpaw-glove-black\\\/\",\"name\":\"FOX DIRTPAW GLOVE - BLACK - VM Sport\",\"isPartOf\":{\"@id\":\"https:\\\/\\\/vmsport.fi\\\/#website\"},\"primaryImageOfPage\":{\"@id\":\"https:\\\/\\\/vmsport.fi\\\/verkkokauppa\\\/ajovarusteet\\\/vaatteet\\\/pyorailyhanskat\\\/fox-dirtpaw-glove-black\\\/#primaryimage\"},\"image\":{\"@id\":\"https:\\\/\\\/vmsport.fi\\\/verkkokauppa\\\/ajovarusteet\\\/vaatteet\\\/pyorailyhanskat\\\/fox-dirtpaw-glove-black\\\/#primaryimage\"},\"thumbnailUrl\":\"https:\\\/\\\/vmsport.fi\\\/wp-content\\\/uploads\\\/2025\\\/03\\\/E-25796-018-1-2.png\",\"datePublished\":\"2025-03-05T21:59:10+00:00\",\"dateModified\":\"2026-03-10T00:00:33+00:00\",\"breadcrumb\":{\"@id\":\"https:\\\/\\\/vmsport.fi\\\/verkkokauppa\\\/ajovarusteet\\\/vaatteet\\\/pyorailyhanskat\\\/fox-dirtpaw-glove-black\\\/#breadcrumb\"},\"inLanguage\":\"sv-SE\",\"potentialAction\":[{\"@type\":\"ReadAction\",\"target\":[\"https:\\\/\\\/vmsport.fi\\\/verkkokauppa\\\/ajovarusteet\\\/vaatteet\\\/pyorailyhanskat\\\/fox-dirtpaw-glove-black\\\/\"]}]},{\"@type\":\"ImageObject\",\"inLanguage\":\"sv-SE\",\"@id\":\"https:\\\/\\\/vmsport.fi\\\/verkkokauppa\\\/ajovarusteet\\\/vaatteet\\\/pyorailyhanskat\\\/fox-dirtpaw-glove-black\\\/#primaryimage\",\"url\":\"https:\\\/\\\/vmsport.fi\\\/wp-content\\\/uploads\\\/2025\\\/03\\\/E-25796-018-1-2.png\",\"contentUrl\":\"https:\\\/\\\/vmsport.fi\\\/wp-content\\\/uploads\\\/2025\\\/03\\\/E-25796-018-1-2.png\",\"width\":800,\"height\":950,\"caption\":\"E-25796-018-1\"},{\"@type\":\"BreadcrumbList\",\"@id\":\"https:\\\/\\\/vmsport.fi\\\/verkkokauppa\\\/ajovarusteet\\\/vaatteet\\\/pyorailyhanskat\\\/fox-dirtpaw-glove-black\\\/#breadcrumb\",\"itemListElement\":[{\"@type\":\"ListItem\",\"position\":1,\"name\":\"Etusivu\",\"item\":\"https:\\\/\\\/vmsport.fi\\\/\"},{\"@type\":\"ListItem\",\"position\":2,\"name\":\"Online Store\",\"item\":\"https:\\\/\\\/vmsport.fi\\\/en\\\/online-store\\\/\"},{\"@type\":\"ListItem\",\"position\":3,\"name\":\"FOX DIRTPAW GLOVE &#8211; BLACK\"}]},{\"@type\":\"WebSite\",\"@id\":\"https:\\\/\\\/vmsport.fi\\\/#website\",\"url\":\"https:\\\/\\\/vmsport.fi\\\/\",\"name\":\"Vmsport\",\"description\":\"Kaikki py\u00f6r\u00e4ilyyn yhdest\u00e4 paikasta\",\"publisher\":{\"@id\":\"https:\\\/\\\/vmsport.fi\\\/#organization\"},\"potentialAction\":[{\"@type\":\"SearchAction\",\"target\":{\"@type\":\"EntryPoint\",\"urlTemplate\":\"https:\\\/\\\/vmsport.fi\\\/?s={search_term_string}\"},\"query-input\":{\"@type\":\"PropertyValueSpecification\",\"valueRequired\":true,\"valueName\":\"search_term_string\"}}],\"inLanguage\":\"sv-SE\"},{\"@type\":\"Organization\",\"@id\":\"https:\\\/\\\/vmsport.fi\\\/#organization\",\"name\":\"Vmsport\",\"url\":\"https:\\\/\\\/vmsport.fi\\\/\",\"logo\":{\"@type\":\"ImageObject\",\"inLanguage\":\"sv-SE\",\"@id\":\"https:\\\/\\\/vmsport.fi\\\/#\\\/schema\\\/logo\\\/image\\\/\",\"url\":\"https:\\\/\\\/vmsport.fi\\\/wp-content\\\/uploads\\\/2024\\\/12\\\/vm_sport_RGB_horisontal-e1734526017575.png\",\"contentUrl\":\"https:\\\/\\\/vmsport.fi\\\/wp-content\\\/uploads\\\/2024\\\/12\\\/vm_sport_RGB_horisontal-e1734526017575.png\",\"width\":668,\"height\":85,\"caption\":\"Vmsport\"},\"image\":{\"@id\":\"https:\\\/\\\/vmsport.fi\\\/#\\\/schema\\\/logo\\\/image\\\/\"},\"sameAs\":[\"https:\\\/\\\/www.facebook.com\\\/Vmsport.fi\\\/\",\"https:\\\/\\\/www.instagram.com\\\/vmsport\\\/\"]}]}<\/script>\n<!-- \/ Yoast SEO plugin. -->","yoast_head_json":{"title":"FOX DIRTPAW GLOVE - SVART - VM Sport","robots":{"index":"index","follow":"follow","max-snippet":"max-snippet:-1","max-image-preview":"max-image-preview:large","max-video-preview":"max-video-preview:-1"},"canonical":"https:\/\/vmsport.fi\/sv\/webbutik\/korutrustning\/klader\/pyorailhandskar\/fox-dirtpaw-handske-svart\/","og_locale":"sv_SE","og_type":"article","og_title":"FOX DIRTPAW GLOVE - BLACK - VM Sport","og_description":"FOX Dirtpaw Glove &#8211; Black on erityisen suosittu motocross-hansikas, joka on suunniteltu tarjoamaan suojaa, mukavuutta ja ketteryytt\u00e4 ajoreiteill\u00e4. Vahvistetut rystyset ja suora ruiskuvalettu TPR-materiaali takaavat suojan oksilta ja roskilta, samalla kun kompressiomuotoiltu neopreenimansetti luo varman istuvuuden. Sis\u00e4\u00e4nrakennetut joustopisteet ja strategiset joustokohdat parantavat sormien ja k\u00e4sien liikkuvuutta. Vahvistettu Clarino\u00ae-k\u00e4mmen mahdollistaa kosketusn\u00e4yt\u00f6n k\u00e4yt\u00f6n ilman hansikkaan riisumista, ja [...]L\u00e4s mer \u2026 from FOX DIRTPAW GLOVE &#8211; BLACK","og_url":"https:\/\/vmsport.fi\/sv\/webbutik\/korutrustning\/klader\/pyorailhandskar\/fox-dirtpaw-handske-svart\/","og_site_name":"VM Sport","article_publisher":"https:\/\/www.facebook.com\/Vmsport.fi\/","article_modified_time":"2026-03-10T00:00:33+00:00","og_image":[{"width":800,"height":950,"url":"https:\/\/vmsport.fi\/wp-content\/uploads\/2025\/03\/E-25796-018-1-2.png","type":"image\/png"}],"twitter_card":"summary_large_image","twitter_misc":{"Ber\u00e4knad l\u00e4stid":"1 minut"},"schema":{"@context":"https:\/\/schema.org","@graph":[{"@type":["WebPage","ItemPage"],"@id":"https:\/\/vmsport.fi\/verkkokauppa\/ajovarusteet\/vaatteet\/pyorailyhanskat\/fox-dirtpaw-glove-black\/","url":"https:\/\/vmsport.fi\/verkkokauppa\/ajovarusteet\/vaatteet\/pyorailyhanskat\/fox-dirtpaw-glove-black\/","name":"FOX DIRTPAW GLOVE - SVART - VM Sport","isPartOf":{"@id":"https:\/\/vmsport.fi\/#website"},"primaryImageOfPage":{"@id":"https:\/\/vmsport.fi\/verkkokauppa\/ajovarusteet\/vaatteet\/pyorailyhanskat\/fox-dirtpaw-glove-black\/#primaryimage"},"image":{"@id":"https:\/\/vmsport.fi\/verkkokauppa\/ajovarusteet\/vaatteet\/pyorailyhanskat\/fox-dirtpaw-glove-black\/#primaryimage"},"thumbnailUrl":"https:\/\/vmsport.fi\/wp-content\/uploads\/2025\/03\/E-25796-018-1-2.png","datePublished":"2025-03-05T21:59:10+00:00","dateModified":"2026-03-10T00:00:33+00:00","breadcrumb":{"@id":"https:\/\/vmsport.fi\/verkkokauppa\/ajovarusteet\/vaatteet\/pyorailyhanskat\/fox-dirtpaw-glove-black\/#breadcrumb"},"inLanguage":"sv-SE","potentialAction":[{"@type":"ReadAction","target":["https:\/\/vmsport.fi\/verkkokauppa\/ajovarusteet\/vaatteet\/pyorailyhanskat\/fox-dirtpaw-glove-black\/"]}]},{"@type":"ImageObject","inLanguage":"sv-SE","@id":"https:\/\/vmsport.fi\/verkkokauppa\/ajovarusteet\/vaatteet\/pyorailyhanskat\/fox-dirtpaw-glove-black\/#primaryimage","url":"https:\/\/vmsport.fi\/wp-content\/uploads\/2025\/03\/E-25796-018-1-2.png","contentUrl":"https:\/\/vmsport.fi\/wp-content\/uploads\/2025\/03\/E-25796-018-1-2.png","width":800,"height":950,"caption":"E-25796-018-1"},{"@type":"BreadcrumbList","@id":"https:\/\/vmsport.fi\/verkkokauppa\/ajovarusteet\/vaatteet\/pyorailyhanskat\/fox-dirtpaw-glove-black\/#breadcrumb","itemListElement":[{"@type":"ListItem","position":1,"name":"Etusivu","item":"https:\/\/vmsport.fi\/"},{"@type":"ListItem","position":2,"name":"Online Store","item":"https:\/\/vmsport.fi\/en\/online-store\/"},{"@type":"ListItem","position":3,"name":"FOX DIRTPAW GLOVE &#8211; BLACK"}]},{"@type":"WebSite","@id":"https:\/\/vmsport.fi\/#website","url":"https:\/\/vmsport.fi\/","name":"Vmsport","description":"Allt p\u00e5 ett st\u00e4lle f\u00f6r cykling","publisher":{"@id":"https:\/\/vmsport.fi\/#organization"},"potentialAction":[{"@type":"SearchAction","target":{"@type":"EntryPoint","urlTemplate":"https:\/\/vmsport.fi\/?s={search_term_string}"},"query-input":{"@type":"PropertyValueSpecification","valueRequired":true,"valueName":"search_term_string"}}],"inLanguage":"sv-SE"},{"@type":"Organization","@id":"https:\/\/vmsport.fi\/#organization","name":"Vmsport","url":"https:\/\/vmsport.fi\/","logo":{"@type":"ImageObject","inLanguage":"sv-SE","@id":"https:\/\/vmsport.fi\/#\/schema\/logo\/image\/","url":"https:\/\/vmsport.fi\/wp-content\/uploads\/2024\/12\/vm_sport_RGB_horisontal-e1734526017575.png","contentUrl":"https:\/\/vmsport.fi\/wp-content\/uploads\/2024\/12\/vm_sport_RGB_horisontal-e1734526017575.png","width":668,"height":85,"caption":"Vmsport"},"image":{"@id":"https:\/\/vmsport.fi\/#\/schema\/logo\/image\/"},"sameAs":["https:\/\/www.facebook.com\/Vmsport.fi\/","https:\/\/www.instagram.com\/vmsport\/"]}]}},"global_unique_id":"","_links":{"self":[{"href":"https:\/\/vmsport.fi\/sv\/wp-json\/wp\/v2\/product\/54933","targetHints":{"allow":["GET"]}}],"collection":[{"href":"https:\/\/vmsport.fi\/sv\/wp-json\/wp\/v2\/product"}],"about":[{"href":"https:\/\/vmsport.fi\/sv\/wp-json\/wp\/v2\/types\/product"}],"replies":[{"embeddable":true,"href":"https:\/\/vmsport.fi\/sv\/wp-json\/wp\/v2\/comments?post=54933"}],"wp:featuredmedia":[{"embeddable":true,"href":"https:\/\/vmsport.fi\/sv\/wp-json\/wp\/v2\/media\/54932"}],"wp:attachment":[{"href":"https:\/\/vmsport.fi\/sv\/wp-json\/wp\/v2\/media?parent=54933"}],"wp:term":[{"taxonomy":"product_brand","embeddable":true,"href":"https:\/\/vmsport.fi\/sv\/wp-json\/wp\/v2\/product_brand?post=54933"},{"taxonomy":"product_model","embeddable":true,"href":"https:\/\/vmsport.fi\/sv\/wp-json\/wp\/v2\/product_model?post=54933"},{"taxonomy":"product_cat","embeddable":true,"href":"https:\/\/vmsport.fi\/sv\/wp-json\/wp\/v2\/product_cat?post=54933"},{"taxonomy":"product_tag","embeddable":true,"href":"https:\/\/vmsport.fi\/sv\/wp-json\/wp\/v2\/product_tag?post=54933"},{"taxonomy":"industry_terminology","embeddable":true,"href":"https:\/\/vmsport.fi\/sv\/wp-json\/wp\/v2\/industry-terminology?post=54933"}],"curies":[{"name":"wp","href":"https:\/\/api.w.org\/{rel}","templated":true}]}}