{"id":54918,"date":"2025-03-05T23:58:58","date_gmt":"2025-03-05T21:58:58","guid":{"rendered":"https:\/\/vmsport.fi\/verkkokauppa\/Ei-luokiteltu\/poc-vpd-air-leg\/"},"modified":"2026-01-16T13:37:36","modified_gmt":"2026-01-16T11:37:36","slug":"poc-vpd-luft-ben","status":"publish","type":"product","link":"https:\/\/vmsport.fi\/sv\/verkkokauppa\/ajovarusteet\/suojavarusteet\/polvi-ja-saarisuojat\/poc-vpd-air-leg\/","title":{"rendered":"POC VPD Luft Ben"},"content":{"rendered":"<p>POC VPD Air Leg \u00e4r ett l\u00e4ttviktsskydd som \u00e4r s\u00e4rskilt utformat f\u00f6r cykling d\u00e4r det \u00e4r viktigt att minska luftmotst\u00e5ndet. Det ger utm\u00e4rkt komfort och r\u00f6relsefrihet tack vare sitt flexibla och andningsbara material som anpassar sig efter fotens form. Dessutom g\u00f6r den svarta f\u00e4rgen att skyddet \u00e4r diskret n\u00e4r det anv\u00e4nds. N\u00e4r \u00e5kningen blir intensiv sitter skyddet kvar p\u00e5 plats tack vare den v\u00e4ldesignade konstruktionen. Sammantaget representerar POC VPD Air Leg modern skyddsteknik f\u00f6r cyklister.<\/p>","protected":false},"excerpt":{"rendered":"<p>POC VPD Air Leg on kevyt suoja, joka on suunniteltu erityisesti py\u00f6r\u00e4ilyyn, miss\u00e4 ilmanvastuksen v\u00e4hent\u00e4minen on t\u00e4rke\u00e4\u00e4. Se tarjoaa erinomaisen mukavuuden ja liikkumisvapauden joustavan ja hengitt\u00e4v\u00e4n materiaalinsa ansiosta, joka mukautuu jalan muotoon. Lis\u00e4ksi sen musta v\u00e4ri tekee siit\u00e4 huomaamattoman k\u00e4yt\u00f6ss\u00e4. Kun ajo muuttuu intensiiviseksi, suoja pysyy paikoillaan hyvin suunnitellun rakenteensa ansiosta. Kokonaisuudessaan POC VPD Air [&#8230;]<\/p>\n<p><a class=\"btn btn-secondary understrap-read-more-link\" href=\"https:\/\/vmsport.fi\/sv\/verkkokauppa\/ajovarusteet\/suojavarusteet\/polvi-ja-saarisuojat\/poc-vpd-air-leg\/\">L\u00e4s mer \u2026<span class=\"screen-reader-text\"> from POC VPD Air Leg<\/span><\/a><\/p>\n","protected":false},"featured_media":54917,"comment_status":"open","ping_status":"closed","template":"","meta":{"_acf_changed":false,"_improvement_type_select":"improve_an_existing","_thumb_yes_seoaic":false,"_frame_yes_seoaic":false,"seoaic_generate_description":"","seoaic_improve_instructions_prompt":"","seoaic_rollback_content_improvement":"","seoaic_idea_thumbnail_generator":"","thumbnail_generated":false,"thumbnail_generate_prompt":"","seoaic_article_description":"","_supplier_stock_quantity":0},"product_brand":[],"product_model":[],"product_cat":[9506],"product_tag":[],"industry-terminology":[],"class_list":{"0":"post-54918","1":"product","2":"type-product","3":"status-publish","4":"has-post-thumbnail","6":"product_cat-polvi-ja-saarisuojat","8":"first","9":"outofstock","10":"sale","11":"taxable","12":"shipping-taxable","13":"product-type-variable"},"acf":{"bike_features":null,"overview":{"copy_overview":null,"key_features":null,"statement":"","youtube_url":""}},"yoast_head":"<!-- This site is optimized with the Yoast SEO plugin v27.3 - https:\/\/yoast.com\/product\/yoast-seo-wordpress\/ -->\n<title>POC VPD Air Leg - VM Sport<\/title>\n<meta name=\"robots\" content=\"index, follow, max-snippet:-1, max-image-preview:large, max-video-preview:-1\" \/>\n<link rel=\"canonical\" href=\"https:\/\/vmsport.fi\/sv\/webbutik\/korutrustning\/skyddsutrustning\/kna-och-oskydd\/poc-vpd-luft-ben\/\" \/>\n<meta property=\"og:locale\" content=\"sv_SE\" \/>\n<meta property=\"og:type\" content=\"article\" \/>\n<meta property=\"og:title\" content=\"POC VPD Air Leg - VM Sport\" \/>\n<meta property=\"og:description\" content=\"POC VPD Air Leg on kevyt suoja, joka on suunniteltu erityisesti py\u00f6r\u00e4ilyyn, miss\u00e4 ilmanvastuksen v\u00e4hent\u00e4minen on t\u00e4rke\u00e4\u00e4. Se tarjoaa erinomaisen mukavuuden ja liikkumisvapauden joustavan ja hengitt\u00e4v\u00e4n materiaalinsa ansiosta, joka mukautuu jalan muotoon. Lis\u00e4ksi sen musta v\u00e4ri tekee siit\u00e4 huomaamattoman k\u00e4yt\u00f6ss\u00e4. Kun ajo muuttuu intensiiviseksi, suoja pysyy paikoillaan hyvin suunnitellun rakenteensa ansiosta. Kokonaisuudessaan POC VPD Air [...]L\u00e4s mer \u2026 from POC VPD Air Leg\" \/>\n<meta property=\"og:url\" content=\"https:\/\/vmsport.fi\/sv\/webbutik\/korutrustning\/skyddsutrustning\/kna-och-oskydd\/poc-vpd-luft-ben\/\" \/>\n<meta property=\"og:site_name\" content=\"VM Sport\" \/>\n<meta property=\"article:publisher\" content=\"https:\/\/www.facebook.com\/Vmsport.fi\/\" \/>\n<meta property=\"article:modified_time\" content=\"2026-01-16T11:37:36+00:00\" \/>\n<meta property=\"og:image\" content=\"https:\/\/vmsport.fi\/wp-content\/uploads\/2025\/03\/20470-VPDAirLeg-1002-UraniumBlack-right-1.png\" \/>\n\t<meta property=\"og:image:width\" content=\"1000\" \/>\n\t<meta property=\"og:image:height\" content=\"1000\" \/>\n\t<meta property=\"og:image:type\" content=\"image\/png\" \/>\n<meta name=\"twitter:card\" content=\"summary_large_image\" \/>\n<script type=\"application\/ld+json\" class=\"yoast-schema-graph\">{\"@context\":\"https:\\\/\\\/schema.org\",\"@graph\":[{\"@type\":[\"WebPage\",\"ItemPage\"],\"@id\":\"https:\\\/\\\/vmsport.fi\\\/verkkokauppa\\\/ajovarusteet\\\/suojavarusteet\\\/polvi-ja-saarisuojat\\\/poc-vpd-air-leg\\\/\",\"url\":\"https:\\\/\\\/vmsport.fi\\\/verkkokauppa\\\/ajovarusteet\\\/suojavarusteet\\\/polvi-ja-saarisuojat\\\/poc-vpd-air-leg\\\/\",\"name\":\"POC VPD Air Leg - VM Sport\",\"isPartOf\":{\"@id\":\"https:\\\/\\\/vmsport.fi\\\/#website\"},\"primaryImageOfPage\":{\"@id\":\"https:\\\/\\\/vmsport.fi\\\/verkkokauppa\\\/ajovarusteet\\\/suojavarusteet\\\/polvi-ja-saarisuojat\\\/poc-vpd-air-leg\\\/#primaryimage\"},\"image\":{\"@id\":\"https:\\\/\\\/vmsport.fi\\\/verkkokauppa\\\/ajovarusteet\\\/suojavarusteet\\\/polvi-ja-saarisuojat\\\/poc-vpd-air-leg\\\/#primaryimage\"},\"thumbnailUrl\":\"https:\\\/\\\/vmsport.fi\\\/wp-content\\\/uploads\\\/2025\\\/03\\\/20470-VPDAirLeg-1002-UraniumBlack-right-1.png\",\"datePublished\":\"2025-03-05T21:58:58+00:00\",\"dateModified\":\"2026-01-16T11:37:36+00:00\",\"breadcrumb\":{\"@id\":\"https:\\\/\\\/vmsport.fi\\\/verkkokauppa\\\/ajovarusteet\\\/suojavarusteet\\\/polvi-ja-saarisuojat\\\/poc-vpd-air-leg\\\/#breadcrumb\"},\"inLanguage\":\"sv-SE\",\"potentialAction\":[{\"@type\":\"ReadAction\",\"target\":[\"https:\\\/\\\/vmsport.fi\\\/verkkokauppa\\\/ajovarusteet\\\/suojavarusteet\\\/polvi-ja-saarisuojat\\\/poc-vpd-air-leg\\\/\"]}]},{\"@type\":\"ImageObject\",\"inLanguage\":\"sv-SE\",\"@id\":\"https:\\\/\\\/vmsport.fi\\\/verkkokauppa\\\/ajovarusteet\\\/suojavarusteet\\\/polvi-ja-saarisuojat\\\/poc-vpd-air-leg\\\/#primaryimage\",\"url\":\"https:\\\/\\\/vmsport.fi\\\/wp-content\\\/uploads\\\/2025\\\/03\\\/20470-VPDAirLeg-1002-UraniumBlack-right-1.png\",\"contentUrl\":\"https:\\\/\\\/vmsport.fi\\\/wp-content\\\/uploads\\\/2025\\\/03\\\/20470-VPDAirLeg-1002-UraniumBlack-right-1.png\",\"width\":1000,\"height\":1000,\"caption\":\"20470-VPDAirLeg-1002-UraniumBlack-right\"},{\"@type\":\"BreadcrumbList\",\"@id\":\"https:\\\/\\\/vmsport.fi\\\/verkkokauppa\\\/ajovarusteet\\\/suojavarusteet\\\/polvi-ja-saarisuojat\\\/poc-vpd-air-leg\\\/#breadcrumb\",\"itemListElement\":[{\"@type\":\"ListItem\",\"position\":1,\"name\":\"Etusivu\",\"item\":\"https:\\\/\\\/vmsport.fi\\\/\"},{\"@type\":\"ListItem\",\"position\":2,\"name\":\"Online Store\",\"item\":\"https:\\\/\\\/vmsport.fi\\\/en\\\/online-store\\\/\"},{\"@type\":\"ListItem\",\"position\":3,\"name\":\"POC VPD Air Leg\"}]},{\"@type\":\"WebSite\",\"@id\":\"https:\\\/\\\/vmsport.fi\\\/#website\",\"url\":\"https:\\\/\\\/vmsport.fi\\\/\",\"name\":\"Vmsport\",\"description\":\"Kaikki py\u00f6r\u00e4ilyyn yhdest\u00e4 paikasta\",\"publisher\":{\"@id\":\"https:\\\/\\\/vmsport.fi\\\/#organization\"},\"potentialAction\":[{\"@type\":\"SearchAction\",\"target\":{\"@type\":\"EntryPoint\",\"urlTemplate\":\"https:\\\/\\\/vmsport.fi\\\/?s={search_term_string}\"},\"query-input\":{\"@type\":\"PropertyValueSpecification\",\"valueRequired\":true,\"valueName\":\"search_term_string\"}}],\"inLanguage\":\"sv-SE\"},{\"@type\":\"Organization\",\"@id\":\"https:\\\/\\\/vmsport.fi\\\/#organization\",\"name\":\"Vmsport\",\"url\":\"https:\\\/\\\/vmsport.fi\\\/\",\"logo\":{\"@type\":\"ImageObject\",\"inLanguage\":\"sv-SE\",\"@id\":\"https:\\\/\\\/vmsport.fi\\\/#\\\/schema\\\/logo\\\/image\\\/\",\"url\":\"https:\\\/\\\/vmsport.fi\\\/wp-content\\\/uploads\\\/2024\\\/12\\\/vm_sport_RGB_horisontal-e1734526017575.png\",\"contentUrl\":\"https:\\\/\\\/vmsport.fi\\\/wp-content\\\/uploads\\\/2024\\\/12\\\/vm_sport_RGB_horisontal-e1734526017575.png\",\"width\":668,\"height\":85,\"caption\":\"Vmsport\"},\"image\":{\"@id\":\"https:\\\/\\\/vmsport.fi\\\/#\\\/schema\\\/logo\\\/image\\\/\"},\"sameAs\":[\"https:\\\/\\\/www.facebook.com\\\/Vmsport.fi\\\/\",\"https:\\\/\\\/www.instagram.com\\\/vmsport\\\/\"]}]}<\/script>\n<!-- \/ Yoast SEO plugin. -->","yoast_head_json":{"title":"POC VPD Luftben - VM Sport","robots":{"index":"index","follow":"follow","max-snippet":"max-snippet:-1","max-image-preview":"max-image-preview:large","max-video-preview":"max-video-preview:-1"},"canonical":"https:\/\/vmsport.fi\/sv\/webbutik\/korutrustning\/skyddsutrustning\/kna-och-oskydd\/poc-vpd-luft-ben\/","og_locale":"sv_SE","og_type":"article","og_title":"POC VPD Air Leg - VM Sport","og_description":"POC VPD Air Leg on kevyt suoja, joka on suunniteltu erityisesti py\u00f6r\u00e4ilyyn, miss\u00e4 ilmanvastuksen v\u00e4hent\u00e4minen on t\u00e4rke\u00e4\u00e4. Se tarjoaa erinomaisen mukavuuden ja liikkumisvapauden joustavan ja hengitt\u00e4v\u00e4n materiaalinsa ansiosta, joka mukautuu jalan muotoon. Lis\u00e4ksi sen musta v\u00e4ri tekee siit\u00e4 huomaamattoman k\u00e4yt\u00f6ss\u00e4. Kun ajo muuttuu intensiiviseksi, suoja pysyy paikoillaan hyvin suunnitellun rakenteensa ansiosta. Kokonaisuudessaan POC VPD Air [...]L\u00e4s mer \u2026 from POC VPD Air Leg","og_url":"https:\/\/vmsport.fi\/sv\/webbutik\/korutrustning\/skyddsutrustning\/kna-och-oskydd\/poc-vpd-luft-ben\/","og_site_name":"VM Sport","article_publisher":"https:\/\/www.facebook.com\/Vmsport.fi\/","article_modified_time":"2026-01-16T11:37:36+00:00","og_image":[{"width":1000,"height":1000,"url":"https:\/\/vmsport.fi\/wp-content\/uploads\/2025\/03\/20470-VPDAirLeg-1002-UraniumBlack-right-1.png","type":"image\/png"}],"twitter_card":"summary_large_image","schema":{"@context":"https:\/\/schema.org","@graph":[{"@type":["WebPage","ItemPage"],"@id":"https:\/\/vmsport.fi\/verkkokauppa\/ajovarusteet\/suojavarusteet\/polvi-ja-saarisuojat\/poc-vpd-air-leg\/","url":"https:\/\/vmsport.fi\/verkkokauppa\/ajovarusteet\/suojavarusteet\/polvi-ja-saarisuojat\/poc-vpd-air-leg\/","name":"POC VPD Luftben - VM Sport","isPartOf":{"@id":"https:\/\/vmsport.fi\/#website"},"primaryImageOfPage":{"@id":"https:\/\/vmsport.fi\/verkkokauppa\/ajovarusteet\/suojavarusteet\/polvi-ja-saarisuojat\/poc-vpd-air-leg\/#primaryimage"},"image":{"@id":"https:\/\/vmsport.fi\/verkkokauppa\/ajovarusteet\/suojavarusteet\/polvi-ja-saarisuojat\/poc-vpd-air-leg\/#primaryimage"},"thumbnailUrl":"https:\/\/vmsport.fi\/wp-content\/uploads\/2025\/03\/20470-VPDAirLeg-1002-UraniumBlack-right-1.png","datePublished":"2025-03-05T21:58:58+00:00","dateModified":"2026-01-16T11:37:36+00:00","breadcrumb":{"@id":"https:\/\/vmsport.fi\/verkkokauppa\/ajovarusteet\/suojavarusteet\/polvi-ja-saarisuojat\/poc-vpd-air-leg\/#breadcrumb"},"inLanguage":"sv-SE","potentialAction":[{"@type":"ReadAction","target":["https:\/\/vmsport.fi\/verkkokauppa\/ajovarusteet\/suojavarusteet\/polvi-ja-saarisuojat\/poc-vpd-air-leg\/"]}]},{"@type":"ImageObject","inLanguage":"sv-SE","@id":"https:\/\/vmsport.fi\/verkkokauppa\/ajovarusteet\/suojavarusteet\/polvi-ja-saarisuojat\/poc-vpd-air-leg\/#primaryimage","url":"https:\/\/vmsport.fi\/wp-content\/uploads\/2025\/03\/20470-VPDAirLeg-1002-UraniumBlack-right-1.png","contentUrl":"https:\/\/vmsport.fi\/wp-content\/uploads\/2025\/03\/20470-VPDAirLeg-1002-UraniumBlack-right-1.png","width":1000,"height":1000,"caption":"20470-VPDAirLeg-1002-UraniumBlack-right"},{"@type":"BreadcrumbList","@id":"https:\/\/vmsport.fi\/verkkokauppa\/ajovarusteet\/suojavarusteet\/polvi-ja-saarisuojat\/poc-vpd-air-leg\/#breadcrumb","itemListElement":[{"@type":"ListItem","position":1,"name":"Etusivu","item":"https:\/\/vmsport.fi\/"},{"@type":"ListItem","position":2,"name":"Online Store","item":"https:\/\/vmsport.fi\/en\/online-store\/"},{"@type":"ListItem","position":3,"name":"POC VPD Air Leg"}]},{"@type":"WebSite","@id":"https:\/\/vmsport.fi\/#website","url":"https:\/\/vmsport.fi\/","name":"Vmsport","description":"Allt p\u00e5 ett st\u00e4lle f\u00f6r cykling","publisher":{"@id":"https:\/\/vmsport.fi\/#organization"},"potentialAction":[{"@type":"SearchAction","target":{"@type":"EntryPoint","urlTemplate":"https:\/\/vmsport.fi\/?s={search_term_string}"},"query-input":{"@type":"PropertyValueSpecification","valueRequired":true,"valueName":"search_term_string"}}],"inLanguage":"sv-SE"},{"@type":"Organization","@id":"https:\/\/vmsport.fi\/#organization","name":"Vmsport","url":"https:\/\/vmsport.fi\/","logo":{"@type":"ImageObject","inLanguage":"sv-SE","@id":"https:\/\/vmsport.fi\/#\/schema\/logo\/image\/","url":"https:\/\/vmsport.fi\/wp-content\/uploads\/2024\/12\/vm_sport_RGB_horisontal-e1734526017575.png","contentUrl":"https:\/\/vmsport.fi\/wp-content\/uploads\/2024\/12\/vm_sport_RGB_horisontal-e1734526017575.png","width":668,"height":85,"caption":"Vmsport"},"image":{"@id":"https:\/\/vmsport.fi\/#\/schema\/logo\/image\/"},"sameAs":["https:\/\/www.facebook.com\/Vmsport.fi\/","https:\/\/www.instagram.com\/vmsport\/"]}]}},"global_unique_id":"","_links":{"self":[{"href":"https:\/\/vmsport.fi\/sv\/wp-json\/wp\/v2\/product\/54918","targetHints":{"allow":["GET"]}}],"collection":[{"href":"https:\/\/vmsport.fi\/sv\/wp-json\/wp\/v2\/product"}],"about":[{"href":"https:\/\/vmsport.fi\/sv\/wp-json\/wp\/v2\/types\/product"}],"replies":[{"embeddable":true,"href":"https:\/\/vmsport.fi\/sv\/wp-json\/wp\/v2\/comments?post=54918"}],"wp:featuredmedia":[{"embeddable":true,"href":"https:\/\/vmsport.fi\/sv\/wp-json\/wp\/v2\/media\/54917"}],"wp:attachment":[{"href":"https:\/\/vmsport.fi\/sv\/wp-json\/wp\/v2\/media?parent=54918"}],"wp:term":[{"taxonomy":"product_brand","embeddable":true,"href":"https:\/\/vmsport.fi\/sv\/wp-json\/wp\/v2\/product_brand?post=54918"},{"taxonomy":"product_model","embeddable":true,"href":"https:\/\/vmsport.fi\/sv\/wp-json\/wp\/v2\/product_model?post=54918"},{"taxonomy":"product_cat","embeddable":true,"href":"https:\/\/vmsport.fi\/sv\/wp-json\/wp\/v2\/product_cat?post=54918"},{"taxonomy":"product_tag","embeddable":true,"href":"https:\/\/vmsport.fi\/sv\/wp-json\/wp\/v2\/product_tag?post=54918"},{"taxonomy":"industry_terminology","embeddable":true,"href":"https:\/\/vmsport.fi\/sv\/wp-json\/wp\/v2\/industry-terminology?post=54918"}],"curies":[{"name":"wp","href":"https:\/\/api.w.org\/{rel}","templated":true}]}}