{"id":54916,"date":"2025-03-05T23:58:56","date_gmt":"2025-03-05T21:58:56","guid":{"rendered":"https:\/\/vmsport.fi\/verkkokauppa\/Ei-luokiteltu\/orange-seal-tubeless-sealant-237-ml\/"},"modified":"2026-01-16T13:24:20","modified_gmt":"2026-01-16T11:24:20","slug":"orange-seal-slanglos-tatningsmedel-237-ml","status":"publish","type":"product","link":"https:\/\/vmsport.fi\/sv\/verkkokauppa\/renkaat\/tubeless-tarvikkeet\/tubeless-nesteet\/orange-seal-tubeless-sealant-237-ml\/","title":{"rendered":"ORANGE SEAL Tubeless t\u00e4tningsmedel 237 ml"},"content":{"rendered":"<p>Orange Seal Tubeless Sealant 237 ml \u00e4r en h\u00e5llbar och m\u00e5ngsidig t\u00e4tningsmassa som \u00e4r idealisk f\u00f6r terr\u00e4ng-, v\u00e4g-, BMX- och cyclocrossd\u00e4ck. T\u00e4tningsmedlet \u00e4r utformat f\u00f6r att bibeh\u00e5lla sin effektivitet \u00f6ver tid och f\u00f6rblir aktivt upp till tre g\u00e5nger l\u00e4ngre \u00e4n traditionella alternativ, vilket minskar behovet av att fylla p\u00e5 ofta. Den t\u00e4tar effektivt h\u00e5l p\u00e5 upp till 6,35 mm och \u00e4r en p\u00e5litlig partner \u00e4ven under varierande temperatur- och h\u00f6jdf\u00f6rh\u00e5llanden. Produkten \u00e4r kompatibel med de flesta d\u00e4cksystem, vilket g\u00f6r den l\u00e4mplig f\u00f6r b\u00e5de nyb\u00f6rjare och erfarna cyklister, vilket g\u00f6r den till ett enkelt val. V\u00e5r produkt \u00e4r tillverkad med respekt f\u00f6r milj\u00f6n och kombinerar h\u00e5llbarhet och anv\u00e4ndarv\u00e4nlighet med Orange Seal-injektionssystemet f\u00f6r enkel installation.<\/p>","protected":false},"excerpt":{"rendered":"<p>Orange Seal Tubeless Sealant 237 ml on kest\u00e4v\u00e4 ja monipuolinen litkutusaine, joka soveltuu erinomaisesti maasto-, maantie-, BMX- ja cyclocross-renkaille. T\u00e4m\u00e4 tiiviste on suunniteltu s\u00e4ilytt\u00e4m\u00e4\u00e4n tehokkuutensa pitk\u00e4\u00e4n, ja se pysyy aktiivisena jopa kolme kertaa kauemmin kuin perinteiset vaihtoehdot, mik\u00e4 v\u00e4hent\u00e4\u00e4 tarvetta lis\u00e4t\u00e4 litkua usein. Se paikkaa tehokkaasti jopa 6,35 mm:n kokoiset rei\u00e4t, ja on luotettava kumppani [&#8230;]<\/p>\n<p><a class=\"btn btn-secondary understrap-read-more-link\" href=\"https:\/\/vmsport.fi\/sv\/verkkokauppa\/renkaat\/tubeless-tarvikkeet\/tubeless-nesteet\/orange-seal-tubeless-sealant-237-ml\/\">L\u00e4s mer \u2026<span class=\"screen-reader-text\"> from ORANGE SEAL Tubeless Sealant 237 ml<\/span><\/a><\/p>\n","protected":false},"featured_media":54915,"comment_status":"open","ping_status":"closed","template":"","meta":{"_acf_changed":false,"_improvement_type_select":"improve_an_existing","_thumb_yes_seoaic":false,"_frame_yes_seoaic":false,"seoaic_generate_description":"","seoaic_improve_instructions_prompt":"","seoaic_rollback_content_improvement":"","seoaic_idea_thumbnail_generator":"","thumbnail_generated":false,"thumbnail_generate_prompt":"","seoaic_article_description":"","_supplier_stock_quantity":0},"product_brand":[],"product_model":[],"product_cat":[9370],"product_tag":[],"industry-terminology":[],"class_list":{"0":"post-54916","1":"product","2":"type-product","3":"status-publish","4":"has-post-thumbnail","6":"product_cat-tubeless-nesteet","8":"first","9":"outofstock","10":"taxable","11":"shipping-taxable","12":"product-type-simple"},"acf":{"bike_features":null,"overview":{"copy_overview":null,"key_features":null,"statement":"","youtube_url":""}},"yoast_head":"<!-- This site is optimized with the Yoast SEO plugin v27.3 - https:\/\/yoast.com\/product\/yoast-seo-wordpress\/ -->\n<title>ORANGE SEAL Tubeless Sealant 237 ml - VM Sport<\/title>\n<meta name=\"robots\" content=\"index, follow, max-snippet:-1, max-image-preview:large, max-video-preview:-1\" \/>\n<link rel=\"canonical\" href=\"https:\/\/vmsport.fi\/sv\/webbutik\/dack\/slanglosa-tillbehor\/slanglosa-vatskor\/orange-seal-slanglos-tatningsmedel-237-ml\/\" \/>\n<meta property=\"og:locale\" content=\"sv_SE\" \/>\n<meta property=\"og:type\" content=\"article\" \/>\n<meta property=\"og:title\" content=\"ORANGE SEAL Tubeless Sealant 237 ml - VM Sport\" \/>\n<meta property=\"og:description\" content=\"Orange Seal Tubeless Sealant 237 ml on kest\u00e4v\u00e4 ja monipuolinen litkutusaine, joka soveltuu erinomaisesti maasto-, maantie-, BMX- ja cyclocross-renkaille. T\u00e4m\u00e4 tiiviste on suunniteltu s\u00e4ilytt\u00e4m\u00e4\u00e4n tehokkuutensa pitk\u00e4\u00e4n, ja se pysyy aktiivisena jopa kolme kertaa kauemmin kuin perinteiset vaihtoehdot, mik\u00e4 v\u00e4hent\u00e4\u00e4 tarvetta lis\u00e4t\u00e4 litkua usein. Se paikkaa tehokkaasti jopa 6,35 mm:n kokoiset rei\u00e4t, ja on luotettava kumppani [...]L\u00e4s mer \u2026 from ORANGE SEAL Tubeless Sealant 237 ml\" \/>\n<meta property=\"og:url\" content=\"https:\/\/vmsport.fi\/sv\/webbutik\/dack\/slanglosa-tillbehor\/slanglosa-vatskor\/orange-seal-slanglos-tatningsmedel-237-ml\/\" \/>\n<meta property=\"og:site_name\" content=\"VM Sport\" \/>\n<meta property=\"article:publisher\" content=\"https:\/\/www.facebook.com\/Vmsport.fi\/\" \/>\n<meta property=\"article:modified_time\" content=\"2026-01-16T11:24:20+00:00\" \/>\n<meta property=\"og:image\" content=\"https:\/\/vmsport.fi\/wp-content\/uploads\/2025\/03\/ORANGE-SEAL-Tubless-sealant-237-ml-1.jpg\" \/>\n\t<meta property=\"og:image:width\" content=\"1000\" \/>\n\t<meta property=\"og:image:height\" content=\"750\" \/>\n\t<meta property=\"og:image:type\" content=\"image\/jpeg\" \/>\n<meta name=\"twitter:card\" content=\"summary_large_image\" \/>\n<meta name=\"twitter:label1\" content=\"Ber\u00e4knad l\u00e4stid\" \/>\n\t<meta name=\"twitter:data1\" content=\"1 minut\" \/>\n<script type=\"application\/ld+json\" class=\"yoast-schema-graph\">{\"@context\":\"https:\\\/\\\/schema.org\",\"@graph\":[{\"@type\":[\"WebPage\",\"ItemPage\"],\"@id\":\"https:\\\/\\\/vmsport.fi\\\/verkkokauppa\\\/renkaat\\\/tubeless-tarvikkeet\\\/tubeless-nesteet\\\/orange-seal-tubeless-sealant-237-ml\\\/\",\"url\":\"https:\\\/\\\/vmsport.fi\\\/verkkokauppa\\\/renkaat\\\/tubeless-tarvikkeet\\\/tubeless-nesteet\\\/orange-seal-tubeless-sealant-237-ml\\\/\",\"name\":\"ORANGE SEAL Tubeless Sealant 237 ml - VM Sport\",\"isPartOf\":{\"@id\":\"https:\\\/\\\/vmsport.fi\\\/#website\"},\"primaryImageOfPage\":{\"@id\":\"https:\\\/\\\/vmsport.fi\\\/verkkokauppa\\\/renkaat\\\/tubeless-tarvikkeet\\\/tubeless-nesteet\\\/orange-seal-tubeless-sealant-237-ml\\\/#primaryimage\"},\"image\":{\"@id\":\"https:\\\/\\\/vmsport.fi\\\/verkkokauppa\\\/renkaat\\\/tubeless-tarvikkeet\\\/tubeless-nesteet\\\/orange-seal-tubeless-sealant-237-ml\\\/#primaryimage\"},\"thumbnailUrl\":\"https:\\\/\\\/vmsport.fi\\\/wp-content\\\/uploads\\\/2025\\\/03\\\/ORANGE-SEAL-Tubless-sealant-237-ml-1.jpg\",\"datePublished\":\"2025-03-05T21:58:56+00:00\",\"dateModified\":\"2026-01-16T11:24:20+00:00\",\"breadcrumb\":{\"@id\":\"https:\\\/\\\/vmsport.fi\\\/verkkokauppa\\\/renkaat\\\/tubeless-tarvikkeet\\\/tubeless-nesteet\\\/orange-seal-tubeless-sealant-237-ml\\\/#breadcrumb\"},\"inLanguage\":\"sv-SE\",\"potentialAction\":[{\"@type\":\"ReadAction\",\"target\":[\"https:\\\/\\\/vmsport.fi\\\/verkkokauppa\\\/renkaat\\\/tubeless-tarvikkeet\\\/tubeless-nesteet\\\/orange-seal-tubeless-sealant-237-ml\\\/\"]}]},{\"@type\":\"ImageObject\",\"inLanguage\":\"sv-SE\",\"@id\":\"https:\\\/\\\/vmsport.fi\\\/verkkokauppa\\\/renkaat\\\/tubeless-tarvikkeet\\\/tubeless-nesteet\\\/orange-seal-tubeless-sealant-237-ml\\\/#primaryimage\",\"url\":\"https:\\\/\\\/vmsport.fi\\\/wp-content\\\/uploads\\\/2025\\\/03\\\/ORANGE-SEAL-Tubless-sealant-237-ml-1.jpg\",\"contentUrl\":\"https:\\\/\\\/vmsport.fi\\\/wp-content\\\/uploads\\\/2025\\\/03\\\/ORANGE-SEAL-Tubless-sealant-237-ml-1.jpg\",\"width\":1000,\"height\":750,\"caption\":\"ORANGE-SEAL-Tubless-sealant-237-ml\"},{\"@type\":\"BreadcrumbList\",\"@id\":\"https:\\\/\\\/vmsport.fi\\\/verkkokauppa\\\/renkaat\\\/tubeless-tarvikkeet\\\/tubeless-nesteet\\\/orange-seal-tubeless-sealant-237-ml\\\/#breadcrumb\",\"itemListElement\":[{\"@type\":\"ListItem\",\"position\":1,\"name\":\"Etusivu\",\"item\":\"https:\\\/\\\/vmsport.fi\\\/\"},{\"@type\":\"ListItem\",\"position\":2,\"name\":\"Online Store\",\"item\":\"https:\\\/\\\/vmsport.fi\\\/en\\\/online-store\\\/\"},{\"@type\":\"ListItem\",\"position\":3,\"name\":\"ORANGE SEAL Tubeless Sealant 237 ml\"}]},{\"@type\":\"WebSite\",\"@id\":\"https:\\\/\\\/vmsport.fi\\\/#website\",\"url\":\"https:\\\/\\\/vmsport.fi\\\/\",\"name\":\"Vmsport\",\"description\":\"Kaikki py\u00f6r\u00e4ilyyn yhdest\u00e4 paikasta\",\"publisher\":{\"@id\":\"https:\\\/\\\/vmsport.fi\\\/#organization\"},\"potentialAction\":[{\"@type\":\"SearchAction\",\"target\":{\"@type\":\"EntryPoint\",\"urlTemplate\":\"https:\\\/\\\/vmsport.fi\\\/?s={search_term_string}\"},\"query-input\":{\"@type\":\"PropertyValueSpecification\",\"valueRequired\":true,\"valueName\":\"search_term_string\"}}],\"inLanguage\":\"sv-SE\"},{\"@type\":\"Organization\",\"@id\":\"https:\\\/\\\/vmsport.fi\\\/#organization\",\"name\":\"Vmsport\",\"url\":\"https:\\\/\\\/vmsport.fi\\\/\",\"logo\":{\"@type\":\"ImageObject\",\"inLanguage\":\"sv-SE\",\"@id\":\"https:\\\/\\\/vmsport.fi\\\/#\\\/schema\\\/logo\\\/image\\\/\",\"url\":\"https:\\\/\\\/vmsport.fi\\\/wp-content\\\/uploads\\\/2024\\\/12\\\/vm_sport_RGB_horisontal-e1734526017575.png\",\"contentUrl\":\"https:\\\/\\\/vmsport.fi\\\/wp-content\\\/uploads\\\/2024\\\/12\\\/vm_sport_RGB_horisontal-e1734526017575.png\",\"width\":668,\"height\":85,\"caption\":\"Vmsport\"},\"image\":{\"@id\":\"https:\\\/\\\/vmsport.fi\\\/#\\\/schema\\\/logo\\\/image\\\/\"},\"sameAs\":[\"https:\\\/\\\/www.facebook.com\\\/Vmsport.fi\\\/\",\"https:\\\/\\\/www.instagram.com\\\/vmsport\\\/\"]}]}<\/script>\n<!-- \/ Yoast SEO plugin. -->","yoast_head_json":{"title":"ORANGE SEAL t\u00e4tningsmedel f\u00f6r r\u00f6rl\u00f6sa slangar 237 ml - VM Sport","robots":{"index":"index","follow":"follow","max-snippet":"max-snippet:-1","max-image-preview":"max-image-preview:large","max-video-preview":"max-video-preview:-1"},"canonical":"https:\/\/vmsport.fi\/sv\/webbutik\/dack\/slanglosa-tillbehor\/slanglosa-vatskor\/orange-seal-slanglos-tatningsmedel-237-ml\/","og_locale":"sv_SE","og_type":"article","og_title":"ORANGE SEAL Tubeless Sealant 237 ml - VM Sport","og_description":"Orange Seal Tubeless Sealant 237 ml on kest\u00e4v\u00e4 ja monipuolinen litkutusaine, joka soveltuu erinomaisesti maasto-, maantie-, BMX- ja cyclocross-renkaille. T\u00e4m\u00e4 tiiviste on suunniteltu s\u00e4ilytt\u00e4m\u00e4\u00e4n tehokkuutensa pitk\u00e4\u00e4n, ja se pysyy aktiivisena jopa kolme kertaa kauemmin kuin perinteiset vaihtoehdot, mik\u00e4 v\u00e4hent\u00e4\u00e4 tarvetta lis\u00e4t\u00e4 litkua usein. Se paikkaa tehokkaasti jopa 6,35 mm:n kokoiset rei\u00e4t, ja on luotettava kumppani [...]L\u00e4s mer \u2026 from ORANGE SEAL Tubeless Sealant 237 ml","og_url":"https:\/\/vmsport.fi\/sv\/webbutik\/dack\/slanglosa-tillbehor\/slanglosa-vatskor\/orange-seal-slanglos-tatningsmedel-237-ml\/","og_site_name":"VM Sport","article_publisher":"https:\/\/www.facebook.com\/Vmsport.fi\/","article_modified_time":"2026-01-16T11:24:20+00:00","og_image":[{"width":1000,"height":750,"url":"https:\/\/vmsport.fi\/wp-content\/uploads\/2025\/03\/ORANGE-SEAL-Tubless-sealant-237-ml-1.jpg","type":"image\/jpeg"}],"twitter_card":"summary_large_image","twitter_misc":{"Ber\u00e4knad l\u00e4stid":"1 minut"},"schema":{"@context":"https:\/\/schema.org","@graph":[{"@type":["WebPage","ItemPage"],"@id":"https:\/\/vmsport.fi\/verkkokauppa\/renkaat\/tubeless-tarvikkeet\/tubeless-nesteet\/orange-seal-tubeless-sealant-237-ml\/","url":"https:\/\/vmsport.fi\/verkkokauppa\/renkaat\/tubeless-tarvikkeet\/tubeless-nesteet\/orange-seal-tubeless-sealant-237-ml\/","name":"ORANGE SEAL t\u00e4tningsmedel f\u00f6r r\u00f6rl\u00f6sa slangar 237 ml - VM Sport","isPartOf":{"@id":"https:\/\/vmsport.fi\/#website"},"primaryImageOfPage":{"@id":"https:\/\/vmsport.fi\/verkkokauppa\/renkaat\/tubeless-tarvikkeet\/tubeless-nesteet\/orange-seal-tubeless-sealant-237-ml\/#primaryimage"},"image":{"@id":"https:\/\/vmsport.fi\/verkkokauppa\/renkaat\/tubeless-tarvikkeet\/tubeless-nesteet\/orange-seal-tubeless-sealant-237-ml\/#primaryimage"},"thumbnailUrl":"https:\/\/vmsport.fi\/wp-content\/uploads\/2025\/03\/ORANGE-SEAL-Tubless-sealant-237-ml-1.jpg","datePublished":"2025-03-05T21:58:56+00:00","dateModified":"2026-01-16T11:24:20+00:00","breadcrumb":{"@id":"https:\/\/vmsport.fi\/verkkokauppa\/renkaat\/tubeless-tarvikkeet\/tubeless-nesteet\/orange-seal-tubeless-sealant-237-ml\/#breadcrumb"},"inLanguage":"sv-SE","potentialAction":[{"@type":"ReadAction","target":["https:\/\/vmsport.fi\/verkkokauppa\/renkaat\/tubeless-tarvikkeet\/tubeless-nesteet\/orange-seal-tubeless-sealant-237-ml\/"]}]},{"@type":"ImageObject","inLanguage":"sv-SE","@id":"https:\/\/vmsport.fi\/verkkokauppa\/renkaat\/tubeless-tarvikkeet\/tubeless-nesteet\/orange-seal-tubeless-sealant-237-ml\/#primaryimage","url":"https:\/\/vmsport.fi\/wp-content\/uploads\/2025\/03\/ORANGE-SEAL-Tubless-sealant-237-ml-1.jpg","contentUrl":"https:\/\/vmsport.fi\/wp-content\/uploads\/2025\/03\/ORANGE-SEAL-Tubless-sealant-237-ml-1.jpg","width":1000,"height":750,"caption":"ORANGE-SEAL-Tubless-sealant-237-ml"},{"@type":"BreadcrumbList","@id":"https:\/\/vmsport.fi\/verkkokauppa\/renkaat\/tubeless-tarvikkeet\/tubeless-nesteet\/orange-seal-tubeless-sealant-237-ml\/#breadcrumb","itemListElement":[{"@type":"ListItem","position":1,"name":"Etusivu","item":"https:\/\/vmsport.fi\/"},{"@type":"ListItem","position":2,"name":"Online Store","item":"https:\/\/vmsport.fi\/en\/online-store\/"},{"@type":"ListItem","position":3,"name":"ORANGE SEAL Tubeless Sealant 237 ml"}]},{"@type":"WebSite","@id":"https:\/\/vmsport.fi\/#website","url":"https:\/\/vmsport.fi\/","name":"Vmsport","description":"Allt p\u00e5 ett st\u00e4lle f\u00f6r cykling","publisher":{"@id":"https:\/\/vmsport.fi\/#organization"},"potentialAction":[{"@type":"SearchAction","target":{"@type":"EntryPoint","urlTemplate":"https:\/\/vmsport.fi\/?s={search_term_string}"},"query-input":{"@type":"PropertyValueSpecification","valueRequired":true,"valueName":"search_term_string"}}],"inLanguage":"sv-SE"},{"@type":"Organization","@id":"https:\/\/vmsport.fi\/#organization","name":"Vmsport","url":"https:\/\/vmsport.fi\/","logo":{"@type":"ImageObject","inLanguage":"sv-SE","@id":"https:\/\/vmsport.fi\/#\/schema\/logo\/image\/","url":"https:\/\/vmsport.fi\/wp-content\/uploads\/2024\/12\/vm_sport_RGB_horisontal-e1734526017575.png","contentUrl":"https:\/\/vmsport.fi\/wp-content\/uploads\/2024\/12\/vm_sport_RGB_horisontal-e1734526017575.png","width":668,"height":85,"caption":"Vmsport"},"image":{"@id":"https:\/\/vmsport.fi\/#\/schema\/logo\/image\/"},"sameAs":["https:\/\/www.facebook.com\/Vmsport.fi\/","https:\/\/www.instagram.com\/vmsport\/"]}]}},"global_unique_id":"","_links":{"self":[{"href":"https:\/\/vmsport.fi\/sv\/wp-json\/wp\/v2\/product\/54916","targetHints":{"allow":["GET"]}}],"collection":[{"href":"https:\/\/vmsport.fi\/sv\/wp-json\/wp\/v2\/product"}],"about":[{"href":"https:\/\/vmsport.fi\/sv\/wp-json\/wp\/v2\/types\/product"}],"replies":[{"embeddable":true,"href":"https:\/\/vmsport.fi\/sv\/wp-json\/wp\/v2\/comments?post=54916"}],"wp:featuredmedia":[{"embeddable":true,"href":"https:\/\/vmsport.fi\/sv\/wp-json\/wp\/v2\/media\/54915"}],"wp:attachment":[{"href":"https:\/\/vmsport.fi\/sv\/wp-json\/wp\/v2\/media?parent=54916"}],"wp:term":[{"taxonomy":"product_brand","embeddable":true,"href":"https:\/\/vmsport.fi\/sv\/wp-json\/wp\/v2\/product_brand?post=54916"},{"taxonomy":"product_model","embeddable":true,"href":"https:\/\/vmsport.fi\/sv\/wp-json\/wp\/v2\/product_model?post=54916"},{"taxonomy":"product_cat","embeddable":true,"href":"https:\/\/vmsport.fi\/sv\/wp-json\/wp\/v2\/product_cat?post=54916"},{"taxonomy":"product_tag","embeddable":true,"href":"https:\/\/vmsport.fi\/sv\/wp-json\/wp\/v2\/product_tag?post=54916"},{"taxonomy":"industry_terminology","embeddable":true,"href":"https:\/\/vmsport.fi\/sv\/wp-json\/wp\/v2\/industry-terminology?post=54916"}],"curies":[{"name":"wp","href":"https:\/\/api.w.org\/{rel}","templated":true}]}}