{"id":54912,"date":"2025-03-05T23:58:54","date_gmt":"2025-03-05T21:58:54","guid":{"rendered":"https:\/\/vmsport.fi\/verkkokauppa\/Ei-luokiteltu\/black-ice-200-47-507-nastarengas\/"},"modified":"2026-04-22T15:05:05","modified_gmt":"2026-04-22T12:05:05","slug":"black-ice-200-47-507-dubbdack","status":"publish","type":"product","link":"https:\/\/vmsport.fi\/sv\/verkkokauppa\/renkaat\/ulkorenkaat\/nastarenkaat\/black-ice-200-47-507-nastarengas\/","title":{"rendered":"Dubbd\u00e4ck Black Ice 200 47-507"},"content":{"rendered":"<p>Dubbd\u00e4cket Black Ice 200 47-507 \u00e4r utformat f\u00f6r vinterf\u00f6rh\u00e5llanden, d\u00e4r det ger utm\u00e4rkt grepp och stabilitet. Dubbarna \u00f6kar effektiviteten vid k\u00f6rning p\u00e5 is och sn\u00f6 och f\u00f6rb\u00e4ttrar k\u00f6rs\u00e4kerheten p\u00e5 hala underlag. Det h\u00e4r cykeld\u00e4cket ger tillf\u00f6rlitlig prestanda i kalla temperaturer och dess slitstarka konstruktion \u00e4r l\u00e4mplig f\u00f6r kr\u00e4vande f\u00f6rh\u00e5llanden. F\u00f6r vintercyklister ger d\u00e4cket tillf\u00f6rlitlighet och sinnesro n\u00e4r v\u00e4dret blir utmanande och v\u00e4gytorna f\u00f6r\u00e4ndras.<\/p>","protected":false},"excerpt":{"rendered":"<p>Black Ice 200 47-507 -nastarengas on suunniteltu talviolosuhteisiin, joissa se tarjoaa erinomaisen pidon ja vakauden. Nastat lis\u00e4\u00e4v\u00e4t tehokkuutta ajettaessa j\u00e4\u00e4ll\u00e4 ja lumella, mik\u00e4 parantaa ajoturvallisuutta liukkailla alustoilla. T\u00e4m\u00e4 polkupy\u00f6r\u00e4n rengas takaa luotettavan suorituskyvyn kylmiss\u00e4 l\u00e4mp\u00f6tiloissa, ja sen kest\u00e4v\u00e4 rakenne sopii vaativiin olosuhteisiin. Talvipy\u00f6r\u00e4ilij\u00f6ille rengas tarjoaa luotettavuutta ja mielenrauhaa, kun s\u00e4\u00e4 muuttuu haastavaksi ja tienpinnat vaihtelevat. [&#8230;]<\/p>\n<p><a class=\"btn btn-secondary understrap-read-more-link\" href=\"https:\/\/vmsport.fi\/sv\/verkkokauppa\/renkaat\/ulkorenkaat\/nastarenkaat\/black-ice-200-47-507-nastarengas\/\">L\u00e4s mer \u2026<span class=\"screen-reader-text\"> from Black Ice 200 47-507 Nastarengas<\/span><\/a><\/p>\n","protected":false},"featured_media":54911,"comment_status":"open","ping_status":"closed","template":"","meta":{"_acf_changed":false,"_improvement_type_select":"improve_an_existing","_thumb_yes_seoaic":false,"_frame_yes_seoaic":false,"seoaic_generate_description":"","seoaic_improve_instructions_prompt":"","seoaic_rollback_content_improvement":"","seoaic_idea_thumbnail_generator":"","thumbnail_generated":false,"thumbnail_generate_prompt":"","seoaic_article_description":"","_supplier_stock_quantity":0},"product_brand":[],"product_model":[],"product_cat":[9336],"product_tag":[],"industry-terminology":[],"class_list":{"0":"post-54912","1":"product","2":"type-product","3":"status-publish","4":"has-post-thumbnail","6":"product_cat-nastarenkaat","8":"first","9":"instock","10":"taxable","11":"shipping-taxable","12":"purchasable","13":"product-type-simple"},"acf":{"bike_features":null,"overview":{"copy_overview":null,"key_features":null,"statement":"","youtube_url":""}},"yoast_head":"<!-- This site is optimized with the Yoast SEO plugin v27.4 - https:\/\/yoast.com\/product\/yoast-seo-wordpress\/ -->\n<title>Black Ice 200 47-507 Nastarengas - VM Sport<\/title>\n<meta name=\"robots\" content=\"index, follow, max-snippet:-1, max-image-preview:large, max-video-preview:-1\" \/>\n<link rel=\"canonical\" href=\"https:\/\/vmsport.fi\/sv\/webbutik\/dack\/dack-for-utomhusbruk\/dubbdack\/black-ice-200-47-507-dubbdack\/\" \/>\n<meta property=\"og:locale\" content=\"sv_SE\" \/>\n<meta property=\"og:type\" content=\"article\" \/>\n<meta property=\"og:title\" content=\"Black Ice 200 47-507 Nastarengas - VM Sport\" \/>\n<meta property=\"og:description\" content=\"Black Ice 200 47-507 -nastarengas on suunniteltu talviolosuhteisiin, joissa se tarjoaa erinomaisen pidon ja vakauden. Nastat lis\u00e4\u00e4v\u00e4t tehokkuutta ajettaessa j\u00e4\u00e4ll\u00e4 ja lumella, mik\u00e4 parantaa ajoturvallisuutta liukkailla alustoilla. T\u00e4m\u00e4 polkupy\u00f6r\u00e4n rengas takaa luotettavan suorituskyvyn kylmiss\u00e4 l\u00e4mp\u00f6tiloissa, ja sen kest\u00e4v\u00e4 rakenne sopii vaativiin olosuhteisiin. Talvipy\u00f6r\u00e4ilij\u00f6ille rengas tarjoaa luotettavuutta ja mielenrauhaa, kun s\u00e4\u00e4 muuttuu haastavaksi ja tienpinnat vaihtelevat. [...]L\u00e4s mer \u2026 from Black Ice 200 47-507 Nastarengas\" \/>\n<meta property=\"og:url\" content=\"https:\/\/vmsport.fi\/sv\/webbutik\/dack\/dack-for-utomhusbruk\/dubbdack\/black-ice-200-47-507-dubbdack\/\" \/>\n<meta property=\"og:site_name\" content=\"VM Sport\" \/>\n<meta property=\"article:publisher\" content=\"https:\/\/www.facebook.com\/Vmsport.fi\/\" \/>\n<meta property=\"article:modified_time\" content=\"2026-04-22T12:05:05+00:00\" \/>\n<meta property=\"og:image\" content=\"https:\/\/vmsport.fi\/wp-content\/uploads\/2025\/03\/bi47507200-1-1.jpg\" \/>\n\t<meta property=\"og:image:width\" content=\"1000\" \/>\n\t<meta property=\"og:image:height\" content=\"1000\" \/>\n\t<meta property=\"og:image:type\" content=\"image\/jpeg\" \/>\n<meta name=\"twitter:card\" content=\"summary_large_image\" \/>\n<script type=\"application\/ld+json\" class=\"yoast-schema-graph\">{\"@context\":\"https:\\\/\\\/schema.org\",\"@graph\":[{\"@type\":[\"WebPage\",\"ItemPage\"],\"@id\":\"https:\\\/\\\/vmsport.fi\\\/verkkokauppa\\\/renkaat\\\/ulkorenkaat\\\/nastarenkaat\\\/black-ice-200-47-507-nastarengas\\\/\",\"url\":\"https:\\\/\\\/vmsport.fi\\\/verkkokauppa\\\/renkaat\\\/ulkorenkaat\\\/nastarenkaat\\\/black-ice-200-47-507-nastarengas\\\/\",\"name\":\"Black Ice 200 47-507 Nastarengas - VM Sport\",\"isPartOf\":{\"@id\":\"https:\\\/\\\/vmsport.fi\\\/#website\"},\"primaryImageOfPage\":{\"@id\":\"https:\\\/\\\/vmsport.fi\\\/verkkokauppa\\\/renkaat\\\/ulkorenkaat\\\/nastarenkaat\\\/black-ice-200-47-507-nastarengas\\\/#primaryimage\"},\"image\":{\"@id\":\"https:\\\/\\\/vmsport.fi\\\/verkkokauppa\\\/renkaat\\\/ulkorenkaat\\\/nastarenkaat\\\/black-ice-200-47-507-nastarengas\\\/#primaryimage\"},\"thumbnailUrl\":\"https:\\\/\\\/vmsport.fi\\\/wp-content\\\/uploads\\\/2025\\\/03\\\/bi47507200-1-1.jpg\",\"datePublished\":\"2025-03-05T21:58:54+00:00\",\"dateModified\":\"2026-04-22T12:05:05+00:00\",\"breadcrumb\":{\"@id\":\"https:\\\/\\\/vmsport.fi\\\/verkkokauppa\\\/renkaat\\\/ulkorenkaat\\\/nastarenkaat\\\/black-ice-200-47-507-nastarengas\\\/#breadcrumb\"},\"inLanguage\":\"sv-SE\",\"potentialAction\":[{\"@type\":\"ReadAction\",\"target\":[\"https:\\\/\\\/vmsport.fi\\\/verkkokauppa\\\/renkaat\\\/ulkorenkaat\\\/nastarenkaat\\\/black-ice-200-47-507-nastarengas\\\/\"]}]},{\"@type\":\"ImageObject\",\"inLanguage\":\"sv-SE\",\"@id\":\"https:\\\/\\\/vmsport.fi\\\/verkkokauppa\\\/renkaat\\\/ulkorenkaat\\\/nastarenkaat\\\/black-ice-200-47-507-nastarengas\\\/#primaryimage\",\"url\":\"https:\\\/\\\/vmsport.fi\\\/wp-content\\\/uploads\\\/2025\\\/03\\\/bi47507200-1-1.jpg\",\"contentUrl\":\"https:\\\/\\\/vmsport.fi\\\/wp-content\\\/uploads\\\/2025\\\/03\\\/bi47507200-1-1.jpg\",\"width\":1000,\"height\":1000,\"caption\":\"bi47507200-1\"},{\"@type\":\"BreadcrumbList\",\"@id\":\"https:\\\/\\\/vmsport.fi\\\/verkkokauppa\\\/renkaat\\\/ulkorenkaat\\\/nastarenkaat\\\/black-ice-200-47-507-nastarengas\\\/#breadcrumb\",\"itemListElement\":[{\"@type\":\"ListItem\",\"position\":1,\"name\":\"Etusivu\",\"item\":\"https:\\\/\\\/vmsport.fi\\\/\"},{\"@type\":\"ListItem\",\"position\":2,\"name\":\"Online Store\",\"item\":\"https:\\\/\\\/vmsport.fi\\\/en\\\/online-store\\\/\"},{\"@type\":\"ListItem\",\"position\":3,\"name\":\"Black Ice 200 47-507 Nastarengas\"}]},{\"@type\":\"WebSite\",\"@id\":\"https:\\\/\\\/vmsport.fi\\\/#website\",\"url\":\"https:\\\/\\\/vmsport.fi\\\/\",\"name\":\"Vmsport\",\"description\":\"Kaikki py\u00f6r\u00e4ilyyn yhdest\u00e4 paikasta\",\"publisher\":{\"@id\":\"https:\\\/\\\/vmsport.fi\\\/#organization\"},\"potentialAction\":[{\"@type\":\"SearchAction\",\"target\":{\"@type\":\"EntryPoint\",\"urlTemplate\":\"https:\\\/\\\/vmsport.fi\\\/?s={search_term_string}\"},\"query-input\":{\"@type\":\"PropertyValueSpecification\",\"valueRequired\":true,\"valueName\":\"search_term_string\"}}],\"inLanguage\":\"sv-SE\"},{\"@type\":\"Organization\",\"@id\":\"https:\\\/\\\/vmsport.fi\\\/#organization\",\"name\":\"Vmsport\",\"url\":\"https:\\\/\\\/vmsport.fi\\\/\",\"logo\":{\"@type\":\"ImageObject\",\"inLanguage\":\"sv-SE\",\"@id\":\"https:\\\/\\\/vmsport.fi\\\/#\\\/schema\\\/logo\\\/image\\\/\",\"url\":\"https:\\\/\\\/vmsport.fi\\\/wp-content\\\/uploads\\\/2024\\\/12\\\/vm_sport_RGB_horisontal-e1734526017575.png\",\"contentUrl\":\"https:\\\/\\\/vmsport.fi\\\/wp-content\\\/uploads\\\/2024\\\/12\\\/vm_sport_RGB_horisontal-e1734526017575.png\",\"width\":668,\"height\":85,\"caption\":\"Vmsport\"},\"image\":{\"@id\":\"https:\\\/\\\/vmsport.fi\\\/#\\\/schema\\\/logo\\\/image\\\/\"},\"sameAs\":[\"https:\\\/\\\/www.facebook.com\\\/Vmsport.fi\\\/\",\"https:\\\/\\\/www.instagram.com\\\/vmsport\\\/\"]}]}<\/script>\n<!-- \/ Yoast SEO plugin. -->","yoast_head_json":{"title":"Dubbd\u00e4ck Black Ice 200 47-507 - VM Sport","robots":{"index":"index","follow":"follow","max-snippet":"max-snippet:-1","max-image-preview":"max-image-preview:large","max-video-preview":"max-video-preview:-1"},"canonical":"https:\/\/vmsport.fi\/sv\/webbutik\/dack\/dack-for-utomhusbruk\/dubbdack\/black-ice-200-47-507-dubbdack\/","og_locale":"sv_SE","og_type":"article","og_title":"Black Ice 200 47-507 Nastarengas - VM Sport","og_description":"Black Ice 200 47-507 -nastarengas on suunniteltu talviolosuhteisiin, joissa se tarjoaa erinomaisen pidon ja vakauden. Nastat lis\u00e4\u00e4v\u00e4t tehokkuutta ajettaessa j\u00e4\u00e4ll\u00e4 ja lumella, mik\u00e4 parantaa ajoturvallisuutta liukkailla alustoilla. T\u00e4m\u00e4 polkupy\u00f6r\u00e4n rengas takaa luotettavan suorituskyvyn kylmiss\u00e4 l\u00e4mp\u00f6tiloissa, ja sen kest\u00e4v\u00e4 rakenne sopii vaativiin olosuhteisiin. Talvipy\u00f6r\u00e4ilij\u00f6ille rengas tarjoaa luotettavuutta ja mielenrauhaa, kun s\u00e4\u00e4 muuttuu haastavaksi ja tienpinnat vaihtelevat. [...]L\u00e4s mer \u2026 from Black Ice 200 47-507 Nastarengas","og_url":"https:\/\/vmsport.fi\/sv\/webbutik\/dack\/dack-for-utomhusbruk\/dubbdack\/black-ice-200-47-507-dubbdack\/","og_site_name":"VM Sport","article_publisher":"https:\/\/www.facebook.com\/Vmsport.fi\/","article_modified_time":"2026-04-22T12:05:05+00:00","og_image":[{"width":1000,"height":1000,"url":"https:\/\/vmsport.fi\/wp-content\/uploads\/2025\/03\/bi47507200-1-1.jpg","type":"image\/jpeg"}],"twitter_card":"summary_large_image","schema":{"@context":"https:\/\/schema.org","@graph":[{"@type":["WebPage","ItemPage"],"@id":"https:\/\/vmsport.fi\/verkkokauppa\/renkaat\/ulkorenkaat\/nastarenkaat\/black-ice-200-47-507-nastarengas\/","url":"https:\/\/vmsport.fi\/verkkokauppa\/renkaat\/ulkorenkaat\/nastarenkaat\/black-ice-200-47-507-nastarengas\/","name":"Dubbd\u00e4ck Black Ice 200 47-507 - VM Sport","isPartOf":{"@id":"https:\/\/vmsport.fi\/#website"},"primaryImageOfPage":{"@id":"https:\/\/vmsport.fi\/verkkokauppa\/renkaat\/ulkorenkaat\/nastarenkaat\/black-ice-200-47-507-nastarengas\/#primaryimage"},"image":{"@id":"https:\/\/vmsport.fi\/verkkokauppa\/renkaat\/ulkorenkaat\/nastarenkaat\/black-ice-200-47-507-nastarengas\/#primaryimage"},"thumbnailUrl":"https:\/\/vmsport.fi\/wp-content\/uploads\/2025\/03\/bi47507200-1-1.jpg","datePublished":"2025-03-05T21:58:54+00:00","dateModified":"2026-04-22T12:05:05+00:00","breadcrumb":{"@id":"https:\/\/vmsport.fi\/verkkokauppa\/renkaat\/ulkorenkaat\/nastarenkaat\/black-ice-200-47-507-nastarengas\/#breadcrumb"},"inLanguage":"sv-SE","potentialAction":[{"@type":"ReadAction","target":["https:\/\/vmsport.fi\/verkkokauppa\/renkaat\/ulkorenkaat\/nastarenkaat\/black-ice-200-47-507-nastarengas\/"]}]},{"@type":"ImageObject","inLanguage":"sv-SE","@id":"https:\/\/vmsport.fi\/verkkokauppa\/renkaat\/ulkorenkaat\/nastarenkaat\/black-ice-200-47-507-nastarengas\/#primaryimage","url":"https:\/\/vmsport.fi\/wp-content\/uploads\/2025\/03\/bi47507200-1-1.jpg","contentUrl":"https:\/\/vmsport.fi\/wp-content\/uploads\/2025\/03\/bi47507200-1-1.jpg","width":1000,"height":1000,"caption":"bi47507200-1"},{"@type":"BreadcrumbList","@id":"https:\/\/vmsport.fi\/verkkokauppa\/renkaat\/ulkorenkaat\/nastarenkaat\/black-ice-200-47-507-nastarengas\/#breadcrumb","itemListElement":[{"@type":"ListItem","position":1,"name":"Etusivu","item":"https:\/\/vmsport.fi\/"},{"@type":"ListItem","position":2,"name":"Online Store","item":"https:\/\/vmsport.fi\/en\/online-store\/"},{"@type":"ListItem","position":3,"name":"Black Ice 200 47-507 Nastarengas"}]},{"@type":"WebSite","@id":"https:\/\/vmsport.fi\/#website","url":"https:\/\/vmsport.fi\/","name":"Vmsport","description":"Allt p\u00e5 ett st\u00e4lle f\u00f6r cykling","publisher":{"@id":"https:\/\/vmsport.fi\/#organization"},"potentialAction":[{"@type":"SearchAction","target":{"@type":"EntryPoint","urlTemplate":"https:\/\/vmsport.fi\/?s={search_term_string}"},"query-input":{"@type":"PropertyValueSpecification","valueRequired":true,"valueName":"search_term_string"}}],"inLanguage":"sv-SE"},{"@type":"Organization","@id":"https:\/\/vmsport.fi\/#organization","name":"Vmsport","url":"https:\/\/vmsport.fi\/","logo":{"@type":"ImageObject","inLanguage":"sv-SE","@id":"https:\/\/vmsport.fi\/#\/schema\/logo\/image\/","url":"https:\/\/vmsport.fi\/wp-content\/uploads\/2024\/12\/vm_sport_RGB_horisontal-e1734526017575.png","contentUrl":"https:\/\/vmsport.fi\/wp-content\/uploads\/2024\/12\/vm_sport_RGB_horisontal-e1734526017575.png","width":668,"height":85,"caption":"Vmsport"},"image":{"@id":"https:\/\/vmsport.fi\/#\/schema\/logo\/image\/"},"sameAs":["https:\/\/www.facebook.com\/Vmsport.fi\/","https:\/\/www.instagram.com\/vmsport\/"]}]}},"global_unique_id":"","_links":{"self":[{"href":"https:\/\/vmsport.fi\/sv\/wp-json\/wp\/v2\/product\/54912","targetHints":{"allow":["GET"]}}],"collection":[{"href":"https:\/\/vmsport.fi\/sv\/wp-json\/wp\/v2\/product"}],"about":[{"href":"https:\/\/vmsport.fi\/sv\/wp-json\/wp\/v2\/types\/product"}],"replies":[{"embeddable":true,"href":"https:\/\/vmsport.fi\/sv\/wp-json\/wp\/v2\/comments?post=54912"}],"wp:featuredmedia":[{"embeddable":true,"href":"https:\/\/vmsport.fi\/sv\/wp-json\/wp\/v2\/media\/54911"}],"wp:attachment":[{"href":"https:\/\/vmsport.fi\/sv\/wp-json\/wp\/v2\/media?parent=54912"}],"wp:term":[{"taxonomy":"product_brand","embeddable":true,"href":"https:\/\/vmsport.fi\/sv\/wp-json\/wp\/v2\/product_brand?post=54912"},{"taxonomy":"product_model","embeddable":true,"href":"https:\/\/vmsport.fi\/sv\/wp-json\/wp\/v2\/product_model?post=54912"},{"taxonomy":"product_cat","embeddable":true,"href":"https:\/\/vmsport.fi\/sv\/wp-json\/wp\/v2\/product_cat?post=54912"},{"taxonomy":"product_tag","embeddable":true,"href":"https:\/\/vmsport.fi\/sv\/wp-json\/wp\/v2\/product_tag?post=54912"},{"taxonomy":"industry_terminology","embeddable":true,"href":"https:\/\/vmsport.fi\/sv\/wp-json\/wp\/v2\/industry-terminology?post=54912"}],"curies":[{"name":"wp","href":"https:\/\/api.w.org\/{rel}","templated":true}]}}