{"id":54910,"date":"2025-03-05T23:58:53","date_gmt":"2025-03-05T21:58:53","guid":{"rendered":"https:\/\/vmsport.fi\/verkkokauppa\/Ei-luokiteltu\/jarrukahva-alivio-t4010-vasen-v-jarru-3-sormi\/"},"modified":"2026-04-22T15:08:06","modified_gmt":"2026-04-22T12:08:06","slug":"bromshandtag-alivio-t4010-vanster-v-broms-3-finger","status":"publish","type":"product","link":"https:\/\/vmsport.fi\/sv\/verkkokauppa\/varaosat\/jarrut\/jarrukahvat\/jarrukahva-alivio-t4010-vasen-v-jarru-3-sormi\/","title":{"rendered":"Bromshandtag Alivio T4010 v\u00e4nster V-broms 3-finger"},"content":{"rendered":"<p>Shimano Alivio T4010-bromshandtaget \u00e4r ett v\u00e4nster V-bromshandtag utformat f\u00f6r man\u00f6vrering med tre fingrar. Denna bromshandtag erbjuder tillf\u00f6rlitlig prestanda och precision, vilket g\u00f6r den idealisk f\u00f6r ett brett spektrum av k\u00f6rbehov. Dess ergonomiska design f\u00f6rb\u00e4ttrar komfort och kontroll, medan dess h\u00e5llbara konstruktion s\u00e4kerst\u00e4ller l\u00e5ngvarig anv\u00e4ndning. Ett perfekt val f\u00f6r cyklister som uppskattar effektiv och responsiv bromsning.<\/p>","protected":false},"excerpt":{"rendered":"<p>Shimano Alivio T4010 -jarrukahva on vasemmanpuoleinen V-jarru, joka on suunniteltu kolmen sormen otteella k\u00e4ytett\u00e4v\u00e4ksi. T\u00e4m\u00e4 jarrukahva tarjoaa luotettavaa suorituskyky\u00e4 ja tarkkuutta, mink\u00e4 ansiosta se sopii erinomaisesti monenlaisiin ajotarpeisiin. Sen ergonominen muotoilu parantaa k\u00e4ytt\u00f6mukavuutta ja hallittavuutta, samalla kun sen kest\u00e4v\u00e4 rakenne takaa pitk\u00e4ik\u00e4isen k\u00e4yt\u00f6n. Ihanteellinen valinta py\u00f6r\u00e4ilij\u00f6ille, jotka arvostavat tehokasta ja responsiivista jarrutusta. [&#8230;]<\/p>\n<p><a class=\"btn btn-secondary understrap-read-more-link\" href=\"https:\/\/vmsport.fi\/sv\/verkkokauppa\/varaosat\/jarrut\/jarrukahvat\/jarrukahva-alivio-t4010-vasen-v-jarru-3-sormi\/\">L\u00e4s mer \u2026<span class=\"screen-reader-text\"> from Jarrukahva Alivio T4010 vasen V-Jarru 3-sormi<\/span><\/a><\/p>\n","protected":false},"featured_media":54909,"comment_status":"open","ping_status":"closed","template":"","meta":{"_acf_changed":false,"_improvement_type_select":"improve_an_existing","_thumb_yes_seoaic":false,"_frame_yes_seoaic":false,"seoaic_generate_description":"","seoaic_improve_instructions_prompt":"","seoaic_rollback_content_improvement":"","seoaic_idea_thumbnail_generator":"","thumbnail_generated":false,"thumbnail_generate_prompt":"","seoaic_article_description":"","_supplier_stock_quantity":0},"product_brand":[],"product_model":[],"product_cat":[9430],"product_tag":[],"industry-terminology":[],"class_list":{"0":"post-54910","1":"product","2":"type-product","3":"status-publish","4":"has-post-thumbnail","6":"product_cat-jarrukahvat","8":"first","9":"instock","10":"taxable","11":"shipping-taxable","12":"purchasable","13":"product-type-simple"},"acf":{"bike_features":null,"overview":{"copy_overview":null,"key_features":null,"statement":"","youtube_url":""}},"yoast_head":"<!-- This site is optimized with the Yoast SEO plugin v27.4 - https:\/\/yoast.com\/product\/yoast-seo-wordpress\/ -->\n<title>Jarrukahva Alivio T4010 vasen V-Jarru 3-sormi - VM Sport<\/title>\n<meta name=\"robots\" content=\"index, follow, max-snippet:-1, max-image-preview:large, max-video-preview:-1\" \/>\n<link rel=\"canonical\" href=\"https:\/\/vmsport.fi\/sv\/webbutik\/reservdelar\/bromsar\/bromshandtag\/bromshandtag-alivio-t4010-vanster-v-broms-3-finger\/\" \/>\n<meta property=\"og:locale\" content=\"sv_SE\" \/>\n<meta property=\"og:type\" content=\"article\" \/>\n<meta property=\"og:title\" content=\"Jarrukahva Alivio T4010 vasen V-Jarru 3-sormi - VM Sport\" \/>\n<meta property=\"og:description\" content=\"Shimano Alivio T4010 -jarrukahva on vasemmanpuoleinen V-jarru, joka on suunniteltu kolmen sormen otteella k\u00e4ytett\u00e4v\u00e4ksi. T\u00e4m\u00e4 jarrukahva tarjoaa luotettavaa suorituskyky\u00e4 ja tarkkuutta, mink\u00e4 ansiosta se sopii erinomaisesti monenlaisiin ajotarpeisiin. Sen ergonominen muotoilu parantaa k\u00e4ytt\u00f6mukavuutta ja hallittavuutta, samalla kun sen kest\u00e4v\u00e4 rakenne takaa pitk\u00e4ik\u00e4isen k\u00e4yt\u00f6n. Ihanteellinen valinta py\u00f6r\u00e4ilij\u00f6ille, jotka arvostavat tehokasta ja responsiivista jarrutusta. [...]L\u00e4s mer \u2026 from Jarrukahva Alivio T4010 vasen V-Jarru 3-sormi\" \/>\n<meta property=\"og:url\" content=\"https:\/\/vmsport.fi\/sv\/webbutik\/reservdelar\/bromsar\/bromshandtag\/bromshandtag-alivio-t4010-vanster-v-broms-3-finger\/\" \/>\n<meta property=\"og:site_name\" content=\"VM Sport\" \/>\n<meta property=\"article:publisher\" content=\"https:\/\/www.facebook.com\/Vmsport.fi\/\" \/>\n<meta property=\"article:modified_time\" content=\"2026-04-22T12:08:06+00:00\" \/>\n<meta property=\"og:image\" content=\"https:\/\/vmsport.fi\/wp-content\/uploads\/2025\/03\/73NesKuwZ7k2fQQZGTPzFPjFk5WI6OjWPj33b7ACGOPb5xKHjM-1.jpg\" \/>\n\t<meta property=\"og:image:width\" content=\"600\" \/>\n\t<meta property=\"og:image:height\" content=\"600\" \/>\n\t<meta property=\"og:image:type\" content=\"image\/jpeg\" \/>\n<meta name=\"twitter:card\" content=\"summary_large_image\" \/>\n<script type=\"application\/ld+json\" class=\"yoast-schema-graph\">{\"@context\":\"https:\\\/\\\/schema.org\",\"@graph\":[{\"@type\":[\"WebPage\",\"ItemPage\"],\"@id\":\"https:\\\/\\\/vmsport.fi\\\/verkkokauppa\\\/varaosat\\\/jarrut\\\/jarrukahvat\\\/jarrukahva-alivio-t4010-vasen-v-jarru-3-sormi\\\/\",\"url\":\"https:\\\/\\\/vmsport.fi\\\/verkkokauppa\\\/varaosat\\\/jarrut\\\/jarrukahvat\\\/jarrukahva-alivio-t4010-vasen-v-jarru-3-sormi\\\/\",\"name\":\"Jarrukahva Alivio T4010 vasen V-Jarru 3-sormi - VM Sport\",\"isPartOf\":{\"@id\":\"https:\\\/\\\/vmsport.fi\\\/#website\"},\"primaryImageOfPage\":{\"@id\":\"https:\\\/\\\/vmsport.fi\\\/verkkokauppa\\\/varaosat\\\/jarrut\\\/jarrukahvat\\\/jarrukahva-alivio-t4010-vasen-v-jarru-3-sormi\\\/#primaryimage\"},\"image\":{\"@id\":\"https:\\\/\\\/vmsport.fi\\\/verkkokauppa\\\/varaosat\\\/jarrut\\\/jarrukahvat\\\/jarrukahva-alivio-t4010-vasen-v-jarru-3-sormi\\\/#primaryimage\"},\"thumbnailUrl\":\"https:\\\/\\\/vmsport.fi\\\/wp-content\\\/uploads\\\/2025\\\/03\\\/73NesKuwZ7k2fQQZGTPzFPjFk5WI6OjWPj33b7ACGOPb5xKHjM-1.jpg\",\"datePublished\":\"2025-03-05T21:58:53+00:00\",\"dateModified\":\"2026-04-22T12:08:06+00:00\",\"breadcrumb\":{\"@id\":\"https:\\\/\\\/vmsport.fi\\\/verkkokauppa\\\/varaosat\\\/jarrut\\\/jarrukahvat\\\/jarrukahva-alivio-t4010-vasen-v-jarru-3-sormi\\\/#breadcrumb\"},\"inLanguage\":\"sv-SE\",\"potentialAction\":[{\"@type\":\"ReadAction\",\"target\":[\"https:\\\/\\\/vmsport.fi\\\/verkkokauppa\\\/varaosat\\\/jarrut\\\/jarrukahvat\\\/jarrukahva-alivio-t4010-vasen-v-jarru-3-sormi\\\/\"]}]},{\"@type\":\"ImageObject\",\"inLanguage\":\"sv-SE\",\"@id\":\"https:\\\/\\\/vmsport.fi\\\/verkkokauppa\\\/varaosat\\\/jarrut\\\/jarrukahvat\\\/jarrukahva-alivio-t4010-vasen-v-jarru-3-sormi\\\/#primaryimage\",\"url\":\"https:\\\/\\\/vmsport.fi\\\/wp-content\\\/uploads\\\/2025\\\/03\\\/73NesKuwZ7k2fQQZGTPzFPjFk5WI6OjWPj33b7ACGOPb5xKHjM-1.jpg\",\"contentUrl\":\"https:\\\/\\\/vmsport.fi\\\/wp-content\\\/uploads\\\/2025\\\/03\\\/73NesKuwZ7k2fQQZGTPzFPjFk5WI6OjWPj33b7ACGOPb5xKHjM-1.jpg\",\"width\":600,\"height\":600,\"caption\":\"73NesKuwZ7k2fQQZGTPzFPjFk5WI6OjWPj33b7ACGOPb5xKHjM\"},{\"@type\":\"BreadcrumbList\",\"@id\":\"https:\\\/\\\/vmsport.fi\\\/verkkokauppa\\\/varaosat\\\/jarrut\\\/jarrukahvat\\\/jarrukahva-alivio-t4010-vasen-v-jarru-3-sormi\\\/#breadcrumb\",\"itemListElement\":[{\"@type\":\"ListItem\",\"position\":1,\"name\":\"Etusivu\",\"item\":\"https:\\\/\\\/vmsport.fi\\\/\"},{\"@type\":\"ListItem\",\"position\":2,\"name\":\"Online Store\",\"item\":\"https:\\\/\\\/vmsport.fi\\\/en\\\/online-store\\\/\"},{\"@type\":\"ListItem\",\"position\":3,\"name\":\"Jarrukahva Alivio T4010 vasen V-Jarru 3-sormi\"}]},{\"@type\":\"WebSite\",\"@id\":\"https:\\\/\\\/vmsport.fi\\\/#website\",\"url\":\"https:\\\/\\\/vmsport.fi\\\/\",\"name\":\"Vmsport\",\"description\":\"Kaikki py\u00f6r\u00e4ilyyn yhdest\u00e4 paikasta\",\"publisher\":{\"@id\":\"https:\\\/\\\/vmsport.fi\\\/#organization\"},\"potentialAction\":[{\"@type\":\"SearchAction\",\"target\":{\"@type\":\"EntryPoint\",\"urlTemplate\":\"https:\\\/\\\/vmsport.fi\\\/?s={search_term_string}\"},\"query-input\":{\"@type\":\"PropertyValueSpecification\",\"valueRequired\":true,\"valueName\":\"search_term_string\"}}],\"inLanguage\":\"sv-SE\"},{\"@type\":\"Organization\",\"@id\":\"https:\\\/\\\/vmsport.fi\\\/#organization\",\"name\":\"Vmsport\",\"url\":\"https:\\\/\\\/vmsport.fi\\\/\",\"logo\":{\"@type\":\"ImageObject\",\"inLanguage\":\"sv-SE\",\"@id\":\"https:\\\/\\\/vmsport.fi\\\/#\\\/schema\\\/logo\\\/image\\\/\",\"url\":\"https:\\\/\\\/vmsport.fi\\\/wp-content\\\/uploads\\\/2024\\\/12\\\/vm_sport_RGB_horisontal-e1734526017575.png\",\"contentUrl\":\"https:\\\/\\\/vmsport.fi\\\/wp-content\\\/uploads\\\/2024\\\/12\\\/vm_sport_RGB_horisontal-e1734526017575.png\",\"width\":668,\"height\":85,\"caption\":\"Vmsport\"},\"image\":{\"@id\":\"https:\\\/\\\/vmsport.fi\\\/#\\\/schema\\\/logo\\\/image\\\/\"},\"sameAs\":[\"https:\\\/\\\/www.facebook.com\\\/Vmsport.fi\\\/\",\"https:\\\/\\\/www.instagram.com\\\/vmsport\\\/\"]}]}<\/script>\n<!-- \/ Yoast SEO plugin. -->","yoast_head_json":{"title":"Bromshandtag Alivio T4010 v\u00e4nster V-broms 3-finger - VM Sport","robots":{"index":"index","follow":"follow","max-snippet":"max-snippet:-1","max-image-preview":"max-image-preview:large","max-video-preview":"max-video-preview:-1"},"canonical":"https:\/\/vmsport.fi\/sv\/webbutik\/reservdelar\/bromsar\/bromshandtag\/bromshandtag-alivio-t4010-vanster-v-broms-3-finger\/","og_locale":"sv_SE","og_type":"article","og_title":"Jarrukahva Alivio T4010 vasen V-Jarru 3-sormi - VM Sport","og_description":"Shimano Alivio T4010 -jarrukahva on vasemmanpuoleinen V-jarru, joka on suunniteltu kolmen sormen otteella k\u00e4ytett\u00e4v\u00e4ksi. T\u00e4m\u00e4 jarrukahva tarjoaa luotettavaa suorituskyky\u00e4 ja tarkkuutta, mink\u00e4 ansiosta se sopii erinomaisesti monenlaisiin ajotarpeisiin. Sen ergonominen muotoilu parantaa k\u00e4ytt\u00f6mukavuutta ja hallittavuutta, samalla kun sen kest\u00e4v\u00e4 rakenne takaa pitk\u00e4ik\u00e4isen k\u00e4yt\u00f6n. Ihanteellinen valinta py\u00f6r\u00e4ilij\u00f6ille, jotka arvostavat tehokasta ja responsiivista jarrutusta. [...]L\u00e4s mer \u2026 from Jarrukahva Alivio T4010 vasen V-Jarru 3-sormi","og_url":"https:\/\/vmsport.fi\/sv\/webbutik\/reservdelar\/bromsar\/bromshandtag\/bromshandtag-alivio-t4010-vanster-v-broms-3-finger\/","og_site_name":"VM Sport","article_publisher":"https:\/\/www.facebook.com\/Vmsport.fi\/","article_modified_time":"2026-04-22T12:08:06+00:00","og_image":[{"width":600,"height":600,"url":"https:\/\/vmsport.fi\/wp-content\/uploads\/2025\/03\/73NesKuwZ7k2fQQZGTPzFPjFk5WI6OjWPj33b7ACGOPb5xKHjM-1.jpg","type":"image\/jpeg"}],"twitter_card":"summary_large_image","schema":{"@context":"https:\/\/schema.org","@graph":[{"@type":["WebPage","ItemPage"],"@id":"https:\/\/vmsport.fi\/verkkokauppa\/varaosat\/jarrut\/jarrukahvat\/jarrukahva-alivio-t4010-vasen-v-jarru-3-sormi\/","url":"https:\/\/vmsport.fi\/verkkokauppa\/varaosat\/jarrut\/jarrukahvat\/jarrukahva-alivio-t4010-vasen-v-jarru-3-sormi\/","name":"Bromshandtag Alivio T4010 v\u00e4nster V-broms 3-finger - VM Sport","isPartOf":{"@id":"https:\/\/vmsport.fi\/#website"},"primaryImageOfPage":{"@id":"https:\/\/vmsport.fi\/verkkokauppa\/varaosat\/jarrut\/jarrukahvat\/jarrukahva-alivio-t4010-vasen-v-jarru-3-sormi\/#primaryimage"},"image":{"@id":"https:\/\/vmsport.fi\/verkkokauppa\/varaosat\/jarrut\/jarrukahvat\/jarrukahva-alivio-t4010-vasen-v-jarru-3-sormi\/#primaryimage"},"thumbnailUrl":"https:\/\/vmsport.fi\/wp-content\/uploads\/2025\/03\/73NesKuwZ7k2fQQZGTPzFPjFk5WI6OjWPj33b7ACGOPb5xKHjM-1.jpg","datePublished":"2025-03-05T21:58:53+00:00","dateModified":"2026-04-22T12:08:06+00:00","breadcrumb":{"@id":"https:\/\/vmsport.fi\/verkkokauppa\/varaosat\/jarrut\/jarrukahvat\/jarrukahva-alivio-t4010-vasen-v-jarru-3-sormi\/#breadcrumb"},"inLanguage":"sv-SE","potentialAction":[{"@type":"ReadAction","target":["https:\/\/vmsport.fi\/verkkokauppa\/varaosat\/jarrut\/jarrukahvat\/jarrukahva-alivio-t4010-vasen-v-jarru-3-sormi\/"]}]},{"@type":"ImageObject","inLanguage":"sv-SE","@id":"https:\/\/vmsport.fi\/verkkokauppa\/varaosat\/jarrut\/jarrukahvat\/jarrukahva-alivio-t4010-vasen-v-jarru-3-sormi\/#primaryimage","url":"https:\/\/vmsport.fi\/wp-content\/uploads\/2025\/03\/73NesKuwZ7k2fQQZGTPzFPjFk5WI6OjWPj33b7ACGOPb5xKHjM-1.jpg","contentUrl":"https:\/\/vmsport.fi\/wp-content\/uploads\/2025\/03\/73NesKuwZ7k2fQQZGTPzFPjFk5WI6OjWPj33b7ACGOPb5xKHjM-1.jpg","width":600,"height":600,"caption":"73NesKuwZ7k2fQQZGTPzFPjFk5WI6OjWPj33b7ACGOPb5xKHjM"},{"@type":"BreadcrumbList","@id":"https:\/\/vmsport.fi\/verkkokauppa\/varaosat\/jarrut\/jarrukahvat\/jarrukahva-alivio-t4010-vasen-v-jarru-3-sormi\/#breadcrumb","itemListElement":[{"@type":"ListItem","position":1,"name":"Etusivu","item":"https:\/\/vmsport.fi\/"},{"@type":"ListItem","position":2,"name":"Online Store","item":"https:\/\/vmsport.fi\/en\/online-store\/"},{"@type":"ListItem","position":3,"name":"Jarrukahva Alivio T4010 vasen V-Jarru 3-sormi"}]},{"@type":"WebSite","@id":"https:\/\/vmsport.fi\/#website","url":"https:\/\/vmsport.fi\/","name":"Vmsport","description":"Allt p\u00e5 ett st\u00e4lle f\u00f6r cykling","publisher":{"@id":"https:\/\/vmsport.fi\/#organization"},"potentialAction":[{"@type":"SearchAction","target":{"@type":"EntryPoint","urlTemplate":"https:\/\/vmsport.fi\/?s={search_term_string}"},"query-input":{"@type":"PropertyValueSpecification","valueRequired":true,"valueName":"search_term_string"}}],"inLanguage":"sv-SE"},{"@type":"Organization","@id":"https:\/\/vmsport.fi\/#organization","name":"Vmsport","url":"https:\/\/vmsport.fi\/","logo":{"@type":"ImageObject","inLanguage":"sv-SE","@id":"https:\/\/vmsport.fi\/#\/schema\/logo\/image\/","url":"https:\/\/vmsport.fi\/wp-content\/uploads\/2024\/12\/vm_sport_RGB_horisontal-e1734526017575.png","contentUrl":"https:\/\/vmsport.fi\/wp-content\/uploads\/2024\/12\/vm_sport_RGB_horisontal-e1734526017575.png","width":668,"height":85,"caption":"Vmsport"},"image":{"@id":"https:\/\/vmsport.fi\/#\/schema\/logo\/image\/"},"sameAs":["https:\/\/www.facebook.com\/Vmsport.fi\/","https:\/\/www.instagram.com\/vmsport\/"]}]}},"global_unique_id":"","_links":{"self":[{"href":"https:\/\/vmsport.fi\/sv\/wp-json\/wp\/v2\/product\/54910","targetHints":{"allow":["GET"]}}],"collection":[{"href":"https:\/\/vmsport.fi\/sv\/wp-json\/wp\/v2\/product"}],"about":[{"href":"https:\/\/vmsport.fi\/sv\/wp-json\/wp\/v2\/types\/product"}],"replies":[{"embeddable":true,"href":"https:\/\/vmsport.fi\/sv\/wp-json\/wp\/v2\/comments?post=54910"}],"wp:featuredmedia":[{"embeddable":true,"href":"https:\/\/vmsport.fi\/sv\/wp-json\/wp\/v2\/media\/54909"}],"wp:attachment":[{"href":"https:\/\/vmsport.fi\/sv\/wp-json\/wp\/v2\/media?parent=54910"}],"wp:term":[{"taxonomy":"product_brand","embeddable":true,"href":"https:\/\/vmsport.fi\/sv\/wp-json\/wp\/v2\/product_brand?post=54910"},{"taxonomy":"product_model","embeddable":true,"href":"https:\/\/vmsport.fi\/sv\/wp-json\/wp\/v2\/product_model?post=54910"},{"taxonomy":"product_cat","embeddable":true,"href":"https:\/\/vmsport.fi\/sv\/wp-json\/wp\/v2\/product_cat?post=54910"},{"taxonomy":"product_tag","embeddable":true,"href":"https:\/\/vmsport.fi\/sv\/wp-json\/wp\/v2\/product_tag?post=54910"},{"taxonomy":"industry_terminology","embeddable":true,"href":"https:\/\/vmsport.fi\/sv\/wp-json\/wp\/v2\/industry-terminology?post=54910"}],"curies":[{"name":"wp","href":"https:\/\/api.w.org\/{rel}","templated":true}]}}