{"id":54907,"date":"2025-03-05T23:58:51","date_gmt":"2025-03-05T21:58:51","guid":{"rendered":"https:\/\/vmsport.fi\/verkkokauppa\/Ei-luokiteltu\/otocon-race-mips-hydrogen-white-uranium-black-matte-59-62cm\/"},"modified":"2026-04-22T15:07:27","modified_gmt":"2026-04-22T12:07:27","slug":"otocon-race-mips-vatevit-uransvart-matt-59-62cm","status":"publish","type":"product","link":"https:\/\/vmsport.fi\/sv\/verkkokauppa\/ajovarusteet\/kyparat\/full-face-kyparat\/otocon-race-mips-hydrogen-white-uranium-black-matte-59-62cm\/","title":{"rendered":"Otocon Race Mips Hydrogen White\/Uranium Black Matte 59-62cm"},"content":{"rendered":"<p>Otocon Race-hj\u00e4lmen kombinerar Mips-teknikens s\u00e4kerhet och aerodynamiska design, vilket g\u00f6r den till ett utm\u00e4rkt val f\u00f6r snabba cykelturer. Hj\u00e4lmen \u00e4r utformad f\u00f6r att exakt passa huvudets form, vilket ger en bra passform f\u00f6r storlekar 59-62 cm. Den snygga kombinationen av f\u00e4rgerna Hydrogen White och Uranium Black Matte skapar en modern look. Hj\u00e4lmens matta finish f\u00f6rst\u00e4rker dess sofistikerade utseende och \u00e4r ett attraktivt val f\u00f6r kr\u00e4sna cyklister som v\u00e4rdes\u00e4tter b\u00e5de estetik och prestanda.<\/p>","protected":false},"excerpt":{"rendered":"<p>Otocon Race -kyp\u00e4r\u00e4 yhten\u00e4ist\u00e4\u00e4 Mips-teknologian tuoman turvallisuuden ja aerodynaamisen muotoilun, tehden siit\u00e4 erinomaisen valinnan nopeisiin ajoihin. T\u00e4m\u00e4 kyp\u00e4r\u00e4 on suunniteltu tarkasti mukailemaan p\u00e4\u00e4n muotoa, mik\u00e4 takaa loistavan istuvuuden koossa 59-62 cm. Tyylik\u00e4s yhdistelm\u00e4 Hydrogen White ja Uranium Black Matte -v\u00e4rej\u00e4 luo modernin vaikutelman. Kyp\u00e4r\u00e4n mattapinta korostaa sen hienostunutta ulkon\u00e4k\u00f6\u00e4, ja se on houkutteleva valinta vaativille [&#8230;]<\/p>\n<p><a class=\"btn btn-secondary understrap-read-more-link\" href=\"https:\/\/vmsport.fi\/sv\/verkkokauppa\/ajovarusteet\/kyparat\/full-face-kyparat\/otocon-race-mips-hydrogen-white-uranium-black-matte-59-62cm\/\">L\u00e4s mer \u2026<span class=\"screen-reader-text\"> from Otocon Race Mips Hydrogen White\/Uranium Black Matte  59-62cm<\/span><\/a><\/p>\n","protected":false},"featured_media":54904,"comment_status":"open","ping_status":"closed","template":"","meta":{"_acf_changed":false,"_improvement_type_select":"improve_an_existing","_thumb_yes_seoaic":false,"_frame_yes_seoaic":false,"seoaic_generate_description":"","seoaic_improve_instructions_prompt":"","seoaic_rollback_content_improvement":"","seoaic_idea_thumbnail_generator":"","thumbnail_generated":false,"thumbnail_generate_prompt":"","seoaic_article_description":"","_supplier_stock_quantity":0},"product_brand":[],"product_model":[],"product_cat":[9520],"product_tag":[],"industry-terminology":[],"class_list":{"0":"post-54907","1":"product","2":"type-product","3":"status-publish","4":"has-post-thumbnail","6":"product_cat-full-face-kyparat","8":"first","9":"outofstock","10":"taxable","11":"shipping-taxable","12":"product-type-simple"},"acf":{"bike_features":null,"overview":{"copy_overview":null,"key_features":null,"statement":"","youtube_url":""}},"yoast_head":"<!-- This site is optimized with the Yoast SEO plugin v27.4 - https:\/\/yoast.com\/product\/yoast-seo-wordpress\/ -->\n<title>Otocon Race Mips Hydrogen White\/Uranium Black Matte 59-62cm - VM Sport<\/title>\n<meta name=\"robots\" content=\"index, follow, max-snippet:-1, max-image-preview:large, max-video-preview:-1\" \/>\n<link rel=\"canonical\" href=\"https:\/\/vmsport.fi\/sv\/webbutik\/korutrustning\/kyparat\/kyparat-for-hela-ansiktet\/otocon-race-mips-vatevit-uransvart-matt-59-62cm\/\" \/>\n<meta property=\"og:locale\" content=\"sv_SE\" \/>\n<meta property=\"og:type\" content=\"article\" \/>\n<meta property=\"og:title\" content=\"Otocon Race Mips Hydrogen White\/Uranium Black Matte 59-62cm - VM Sport\" \/>\n<meta property=\"og:description\" content=\"Otocon Race -kyp\u00e4r\u00e4 yhten\u00e4ist\u00e4\u00e4 Mips-teknologian tuoman turvallisuuden ja aerodynaamisen muotoilun, tehden siit\u00e4 erinomaisen valinnan nopeisiin ajoihin. T\u00e4m\u00e4 kyp\u00e4r\u00e4 on suunniteltu tarkasti mukailemaan p\u00e4\u00e4n muotoa, mik\u00e4 takaa loistavan istuvuuden koossa 59-62 cm. Tyylik\u00e4s yhdistelm\u00e4 Hydrogen White ja Uranium Black Matte -v\u00e4rej\u00e4 luo modernin vaikutelman. Kyp\u00e4r\u00e4n mattapinta korostaa sen hienostunutta ulkon\u00e4k\u00f6\u00e4, ja se on houkutteleva valinta vaativille [...]L\u00e4s mer \u2026 from Otocon Race Mips Hydrogen White\/Uranium Black Matte 59-62cm\" \/>\n<meta property=\"og:url\" content=\"https:\/\/vmsport.fi\/sv\/webbutik\/korutrustning\/kyparat\/kyparat-for-hela-ansiktet\/otocon-race-mips-vatevit-uransvart-matt-59-62cm\/\" \/>\n<meta property=\"og:site_name\" content=\"VM Sport\" \/>\n<meta property=\"article:publisher\" content=\"https:\/\/www.facebook.com\/Vmsport.fi\/\" \/>\n<meta property=\"article:modified_time\" content=\"2026-04-22T12:07:27+00:00\" \/>\n<meta property=\"og:image\" content=\"https:\/\/vmsport.fi\/wp-content\/uploads\/2025\/03\/10530-OtoconRaceMIPS-8347-HydrogenWhite-UraniumBlackMatt-0001-1.png\" \/>\n\t<meta property=\"og:image:width\" content=\"1000\" \/>\n\t<meta property=\"og:image:height\" content=\"1000\" \/>\n\t<meta property=\"og:image:type\" content=\"image\/png\" \/>\n<meta name=\"twitter:card\" content=\"summary_large_image\" \/>\n<script type=\"application\/ld+json\" class=\"yoast-schema-graph\">{\"@context\":\"https:\\\/\\\/schema.org\",\"@graph\":[{\"@type\":[\"WebPage\",\"ItemPage\"],\"@id\":\"https:\\\/\\\/vmsport.fi\\\/verkkokauppa\\\/ajovarusteet\\\/kyparat\\\/full-face-kyparat\\\/otocon-race-mips-hydrogen-white-uranium-black-matte-59-62cm\\\/\",\"url\":\"https:\\\/\\\/vmsport.fi\\\/verkkokauppa\\\/ajovarusteet\\\/kyparat\\\/full-face-kyparat\\\/otocon-race-mips-hydrogen-white-uranium-black-matte-59-62cm\\\/\",\"name\":\"Otocon Race Mips Hydrogen White\\\/Uranium Black Matte 59-62cm - VM Sport\",\"isPartOf\":{\"@id\":\"https:\\\/\\\/vmsport.fi\\\/#website\"},\"primaryImageOfPage\":{\"@id\":\"https:\\\/\\\/vmsport.fi\\\/verkkokauppa\\\/ajovarusteet\\\/kyparat\\\/full-face-kyparat\\\/otocon-race-mips-hydrogen-white-uranium-black-matte-59-62cm\\\/#primaryimage\"},\"image\":{\"@id\":\"https:\\\/\\\/vmsport.fi\\\/verkkokauppa\\\/ajovarusteet\\\/kyparat\\\/full-face-kyparat\\\/otocon-race-mips-hydrogen-white-uranium-black-matte-59-62cm\\\/#primaryimage\"},\"thumbnailUrl\":\"https:\\\/\\\/vmsport.fi\\\/wp-content\\\/uploads\\\/2025\\\/03\\\/10530-OtoconRaceMIPS-8347-HydrogenWhite-UraniumBlackMatt-0001-1.png\",\"datePublished\":\"2025-03-05T21:58:51+00:00\",\"dateModified\":\"2026-04-22T12:07:27+00:00\",\"breadcrumb\":{\"@id\":\"https:\\\/\\\/vmsport.fi\\\/verkkokauppa\\\/ajovarusteet\\\/kyparat\\\/full-face-kyparat\\\/otocon-race-mips-hydrogen-white-uranium-black-matte-59-62cm\\\/#breadcrumb\"},\"inLanguage\":\"sv-SE\",\"potentialAction\":[{\"@type\":\"ReadAction\",\"target\":[\"https:\\\/\\\/vmsport.fi\\\/verkkokauppa\\\/ajovarusteet\\\/kyparat\\\/full-face-kyparat\\\/otocon-race-mips-hydrogen-white-uranium-black-matte-59-62cm\\\/\"]}]},{\"@type\":\"ImageObject\",\"inLanguage\":\"sv-SE\",\"@id\":\"https:\\\/\\\/vmsport.fi\\\/verkkokauppa\\\/ajovarusteet\\\/kyparat\\\/full-face-kyparat\\\/otocon-race-mips-hydrogen-white-uranium-black-matte-59-62cm\\\/#primaryimage\",\"url\":\"https:\\\/\\\/vmsport.fi\\\/wp-content\\\/uploads\\\/2025\\\/03\\\/10530-OtoconRaceMIPS-8347-HydrogenWhite-UraniumBlackMatt-0001-1.png\",\"contentUrl\":\"https:\\\/\\\/vmsport.fi\\\/wp-content\\\/uploads\\\/2025\\\/03\\\/10530-OtoconRaceMIPS-8347-HydrogenWhite-UraniumBlackMatt-0001-1.png\",\"width\":1000,\"height\":1000,\"caption\":\"10530-OtoconRaceMIPS-8347-HydrogenWhite-UraniumBlackMatt-0001\"},{\"@type\":\"BreadcrumbList\",\"@id\":\"https:\\\/\\\/vmsport.fi\\\/verkkokauppa\\\/ajovarusteet\\\/kyparat\\\/full-face-kyparat\\\/otocon-race-mips-hydrogen-white-uranium-black-matte-59-62cm\\\/#breadcrumb\",\"itemListElement\":[{\"@type\":\"ListItem\",\"position\":1,\"name\":\"Etusivu\",\"item\":\"https:\\\/\\\/vmsport.fi\\\/\"},{\"@type\":\"ListItem\",\"position\":2,\"name\":\"Online Store\",\"item\":\"https:\\\/\\\/vmsport.fi\\\/en\\\/online-store\\\/\"},{\"@type\":\"ListItem\",\"position\":3,\"name\":\"Otocon Race Mips Hydrogen White\\\/Uranium Black Matte 59-62cm\"}]},{\"@type\":\"WebSite\",\"@id\":\"https:\\\/\\\/vmsport.fi\\\/#website\",\"url\":\"https:\\\/\\\/vmsport.fi\\\/\",\"name\":\"Vmsport\",\"description\":\"Kaikki py\u00f6r\u00e4ilyyn yhdest\u00e4 paikasta\",\"publisher\":{\"@id\":\"https:\\\/\\\/vmsport.fi\\\/#organization\"},\"potentialAction\":[{\"@type\":\"SearchAction\",\"target\":{\"@type\":\"EntryPoint\",\"urlTemplate\":\"https:\\\/\\\/vmsport.fi\\\/?s={search_term_string}\"},\"query-input\":{\"@type\":\"PropertyValueSpecification\",\"valueRequired\":true,\"valueName\":\"search_term_string\"}}],\"inLanguage\":\"sv-SE\"},{\"@type\":\"Organization\",\"@id\":\"https:\\\/\\\/vmsport.fi\\\/#organization\",\"name\":\"Vmsport\",\"url\":\"https:\\\/\\\/vmsport.fi\\\/\",\"logo\":{\"@type\":\"ImageObject\",\"inLanguage\":\"sv-SE\",\"@id\":\"https:\\\/\\\/vmsport.fi\\\/#\\\/schema\\\/logo\\\/image\\\/\",\"url\":\"https:\\\/\\\/vmsport.fi\\\/wp-content\\\/uploads\\\/2024\\\/12\\\/vm_sport_RGB_horisontal-e1734526017575.png\",\"contentUrl\":\"https:\\\/\\\/vmsport.fi\\\/wp-content\\\/uploads\\\/2024\\\/12\\\/vm_sport_RGB_horisontal-e1734526017575.png\",\"width\":668,\"height\":85,\"caption\":\"Vmsport\"},\"image\":{\"@id\":\"https:\\\/\\\/vmsport.fi\\\/#\\\/schema\\\/logo\\\/image\\\/\"},\"sameAs\":[\"https:\\\/\\\/www.facebook.com\\\/Vmsport.fi\\\/\",\"https:\\\/\\\/www.instagram.com\\\/vmsport\\\/\"]}]}<\/script>\n<!-- \/ Yoast SEO plugin. -->","yoast_head_json":{"title":"Otocon Race Mips Hydrogen White\/Uranium Black Matte 59-62cm - VM Sport","robots":{"index":"index","follow":"follow","max-snippet":"max-snippet:-1","max-image-preview":"max-image-preview:large","max-video-preview":"max-video-preview:-1"},"canonical":"https:\/\/vmsport.fi\/sv\/webbutik\/korutrustning\/kyparat\/kyparat-for-hela-ansiktet\/otocon-race-mips-vatevit-uransvart-matt-59-62cm\/","og_locale":"sv_SE","og_type":"article","og_title":"Otocon Race Mips Hydrogen White\/Uranium Black Matte 59-62cm - VM Sport","og_description":"Otocon Race -kyp\u00e4r\u00e4 yhten\u00e4ist\u00e4\u00e4 Mips-teknologian tuoman turvallisuuden ja aerodynaamisen muotoilun, tehden siit\u00e4 erinomaisen valinnan nopeisiin ajoihin. T\u00e4m\u00e4 kyp\u00e4r\u00e4 on suunniteltu tarkasti mukailemaan p\u00e4\u00e4n muotoa, mik\u00e4 takaa loistavan istuvuuden koossa 59-62 cm. Tyylik\u00e4s yhdistelm\u00e4 Hydrogen White ja Uranium Black Matte -v\u00e4rej\u00e4 luo modernin vaikutelman. Kyp\u00e4r\u00e4n mattapinta korostaa sen hienostunutta ulkon\u00e4k\u00f6\u00e4, ja se on houkutteleva valinta vaativille [...]L\u00e4s mer \u2026 from Otocon Race Mips Hydrogen White\/Uranium Black Matte 59-62cm","og_url":"https:\/\/vmsport.fi\/sv\/webbutik\/korutrustning\/kyparat\/kyparat-for-hela-ansiktet\/otocon-race-mips-vatevit-uransvart-matt-59-62cm\/","og_site_name":"VM Sport","article_publisher":"https:\/\/www.facebook.com\/Vmsport.fi\/","article_modified_time":"2026-04-22T12:07:27+00:00","og_image":[{"width":1000,"height":1000,"url":"https:\/\/vmsport.fi\/wp-content\/uploads\/2025\/03\/10530-OtoconRaceMIPS-8347-HydrogenWhite-UraniumBlackMatt-0001-1.png","type":"image\/png"}],"twitter_card":"summary_large_image","schema":{"@context":"https:\/\/schema.org","@graph":[{"@type":["WebPage","ItemPage"],"@id":"https:\/\/vmsport.fi\/verkkokauppa\/ajovarusteet\/kyparat\/full-face-kyparat\/otocon-race-mips-hydrogen-white-uranium-black-matte-59-62cm\/","url":"https:\/\/vmsport.fi\/verkkokauppa\/ajovarusteet\/kyparat\/full-face-kyparat\/otocon-race-mips-hydrogen-white-uranium-black-matte-59-62cm\/","name":"Otocon Race Mips Hydrogen White\/Uranium Black Matte 59-62cm - VM Sport","isPartOf":{"@id":"https:\/\/vmsport.fi\/#website"},"primaryImageOfPage":{"@id":"https:\/\/vmsport.fi\/verkkokauppa\/ajovarusteet\/kyparat\/full-face-kyparat\/otocon-race-mips-hydrogen-white-uranium-black-matte-59-62cm\/#primaryimage"},"image":{"@id":"https:\/\/vmsport.fi\/verkkokauppa\/ajovarusteet\/kyparat\/full-face-kyparat\/otocon-race-mips-hydrogen-white-uranium-black-matte-59-62cm\/#primaryimage"},"thumbnailUrl":"https:\/\/vmsport.fi\/wp-content\/uploads\/2025\/03\/10530-OtoconRaceMIPS-8347-HydrogenWhite-UraniumBlackMatt-0001-1.png","datePublished":"2025-03-05T21:58:51+00:00","dateModified":"2026-04-22T12:07:27+00:00","breadcrumb":{"@id":"https:\/\/vmsport.fi\/verkkokauppa\/ajovarusteet\/kyparat\/full-face-kyparat\/otocon-race-mips-hydrogen-white-uranium-black-matte-59-62cm\/#breadcrumb"},"inLanguage":"sv-SE","potentialAction":[{"@type":"ReadAction","target":["https:\/\/vmsport.fi\/verkkokauppa\/ajovarusteet\/kyparat\/full-face-kyparat\/otocon-race-mips-hydrogen-white-uranium-black-matte-59-62cm\/"]}]},{"@type":"ImageObject","inLanguage":"sv-SE","@id":"https:\/\/vmsport.fi\/verkkokauppa\/ajovarusteet\/kyparat\/full-face-kyparat\/otocon-race-mips-hydrogen-white-uranium-black-matte-59-62cm\/#primaryimage","url":"https:\/\/vmsport.fi\/wp-content\/uploads\/2025\/03\/10530-OtoconRaceMIPS-8347-HydrogenWhite-UraniumBlackMatt-0001-1.png","contentUrl":"https:\/\/vmsport.fi\/wp-content\/uploads\/2025\/03\/10530-OtoconRaceMIPS-8347-HydrogenWhite-UraniumBlackMatt-0001-1.png","width":1000,"height":1000,"caption":"10530-OtoconRaceMIPS-8347-HydrogenWhite-UraniumBlackMatt-0001"},{"@type":"BreadcrumbList","@id":"https:\/\/vmsport.fi\/verkkokauppa\/ajovarusteet\/kyparat\/full-face-kyparat\/otocon-race-mips-hydrogen-white-uranium-black-matte-59-62cm\/#breadcrumb","itemListElement":[{"@type":"ListItem","position":1,"name":"Etusivu","item":"https:\/\/vmsport.fi\/"},{"@type":"ListItem","position":2,"name":"Online Store","item":"https:\/\/vmsport.fi\/en\/online-store\/"},{"@type":"ListItem","position":3,"name":"Otocon Race Mips Hydrogen White\/Uranium Black Matte 59-62cm"}]},{"@type":"WebSite","@id":"https:\/\/vmsport.fi\/#website","url":"https:\/\/vmsport.fi\/","name":"Vmsport","description":"Allt p\u00e5 ett st\u00e4lle f\u00f6r cykling","publisher":{"@id":"https:\/\/vmsport.fi\/#organization"},"potentialAction":[{"@type":"SearchAction","target":{"@type":"EntryPoint","urlTemplate":"https:\/\/vmsport.fi\/?s={search_term_string}"},"query-input":{"@type":"PropertyValueSpecification","valueRequired":true,"valueName":"search_term_string"}}],"inLanguage":"sv-SE"},{"@type":"Organization","@id":"https:\/\/vmsport.fi\/#organization","name":"Vmsport","url":"https:\/\/vmsport.fi\/","logo":{"@type":"ImageObject","inLanguage":"sv-SE","@id":"https:\/\/vmsport.fi\/#\/schema\/logo\/image\/","url":"https:\/\/vmsport.fi\/wp-content\/uploads\/2024\/12\/vm_sport_RGB_horisontal-e1734526017575.png","contentUrl":"https:\/\/vmsport.fi\/wp-content\/uploads\/2024\/12\/vm_sport_RGB_horisontal-e1734526017575.png","width":668,"height":85,"caption":"Vmsport"},"image":{"@id":"https:\/\/vmsport.fi\/#\/schema\/logo\/image\/"},"sameAs":["https:\/\/www.facebook.com\/Vmsport.fi\/","https:\/\/www.instagram.com\/vmsport\/"]}]}},"global_unique_id":"","_links":{"self":[{"href":"https:\/\/vmsport.fi\/sv\/wp-json\/wp\/v2\/product\/54907","targetHints":{"allow":["GET"]}}],"collection":[{"href":"https:\/\/vmsport.fi\/sv\/wp-json\/wp\/v2\/product"}],"about":[{"href":"https:\/\/vmsport.fi\/sv\/wp-json\/wp\/v2\/types\/product"}],"replies":[{"embeddable":true,"href":"https:\/\/vmsport.fi\/sv\/wp-json\/wp\/v2\/comments?post=54907"}],"wp:featuredmedia":[{"embeddable":true,"href":"https:\/\/vmsport.fi\/sv\/wp-json\/wp\/v2\/media\/54904"}],"wp:attachment":[{"href":"https:\/\/vmsport.fi\/sv\/wp-json\/wp\/v2\/media?parent=54907"}],"wp:term":[{"taxonomy":"product_brand","embeddable":true,"href":"https:\/\/vmsport.fi\/sv\/wp-json\/wp\/v2\/product_brand?post=54907"},{"taxonomy":"product_model","embeddable":true,"href":"https:\/\/vmsport.fi\/sv\/wp-json\/wp\/v2\/product_model?post=54907"},{"taxonomy":"product_cat","embeddable":true,"href":"https:\/\/vmsport.fi\/sv\/wp-json\/wp\/v2\/product_cat?post=54907"},{"taxonomy":"product_tag","embeddable":true,"href":"https:\/\/vmsport.fi\/sv\/wp-json\/wp\/v2\/product_tag?post=54907"},{"taxonomy":"industry_terminology","embeddable":true,"href":"https:\/\/vmsport.fi\/sv\/wp-json\/wp\/v2\/industry-terminology?post=54907"}],"curies":[{"name":"wp","href":"https:\/\/api.w.org\/{rel}","templated":true}]}}