{"id":54895,"date":"2025-03-05T23:58:39","date_gmt":"2025-03-05T21:58:39","guid":{"rendered":"https:\/\/vmsport.fi\/verkkokauppa\/Ei-luokiteltu\/trek-powerfly-4-equipped-gen-5-gloss-radioactive-red-matte-dark-star\/"},"modified":"2026-03-04T11:50:09","modified_gmt":"2026-03-04T09:50:09","slug":"trek-powerfly-4-utrustad-gen-5-glansig-radioaktiv-rod-matt-mork-stjarna","status":"publish","type":"product","link":"https:\/\/vmsport.fi\/sv\/verkkokauppa\/polkupyorat\/sahkopyorat\/sahkomaastopyorat\/etujousitetut-sahkomaastopyorat\/trek-powerfly-4-equipped-gen-5-gloss-radioactive-red-matte-dark-star\/","title":{"rendered":"Trek Powerfly+ 4 utrustad Gen 5 - GLOSS RADIOACTIVE RED\/MATTE DARK STAR"},"content":{"rendered":"<p>Cykeln kombinerar prestanda och praktiska egenskaper hos cyklar med elassistans: Bosch-motorn ger kraft \u00e4ven i branta stigningar och 600 Wh-batteriet g\u00f6r det m\u00f6jligt att cykla l\u00e5nga str\u00e4ckor. Shimano CUES-drivlinan \u00e4r utformad f\u00f6r att t\u00e5la det slitage som uppst\u00e5r vid anv\u00e4ndning av elcyklar. Det anv\u00e4ndarv\u00e4nliga RIB 2.0-batteriet \u00e4r l\u00e4tt att ta ut. Cykeln levereras med ett brett utbud av utrustning, vilket g\u00f6r den enkel att anv\u00e4nda i vardagen och p\u00e5 utflykter.<\/p>","protected":false},"excerpt":{"rendered":"<p>Tehokas s\u00e4hk\u00f6moottori, pitk\u00e4 toimintamatka, kest\u00e4v\u00e4 voimansiirto ja kattava varustelu tekev\u00e4t py\u00f6r\u00e4st\u00e4 soveltuvan sek\u00e4 ty\u00f6matkoille ett\u00e4 pidemmille retkille. [&#8230;]<\/p>\n<p><a class=\"btn btn-secondary understrap-read-more-link\" href=\"https:\/\/vmsport.fi\/sv\/verkkokauppa\/polkupyorat\/sahkopyorat\/sahkomaastopyorat\/etujousitetut-sahkomaastopyorat\/trek-powerfly-4-equipped-gen-5-gloss-radioactive-red-matte-dark-star\/\">L\u00e4s mer \u2026<span class=\"screen-reader-text\"> from Trek Powerfly+ 4 Equipped Gen 5 &#8211; GLOSS RADIOACTIVE RED\/MATTE DARK STAR<\/span><\/a><\/p>\n","protected":false},"featured_media":58932,"comment_status":"open","ping_status":"closed","template":"","meta":{"_acf_changed":false,"_improvement_type_select":"improve_an_existing","_thumb_yes_seoaic":false,"_frame_yes_seoaic":false,"seoaic_generate_description":"","seoaic_improve_instructions_prompt":"","seoaic_rollback_content_improvement":"","seoaic_idea_thumbnail_generator":"","thumbnail_generated":false,"thumbnail_generate_prompt":"","seoaic_article_description":"","_supplier_stock_quantity":0},"product_brand":[37],"product_model":[1538],"product_cat":[9440],"product_tag":[],"industry-terminology":[],"class_list":{"0":"post-54895","1":"product","2":"type-product","3":"status-publish","4":"has-post-thumbnail","6":"product_brand-trek","7":"product_model-powerfly-plus","8":"product_cat-etujousitetut-sahkomaastopyorat","10":"first","11":"instock","12":"sale","13":"taxable","14":"shipping-taxable","15":"purchasable","16":"product-type-variable","17":"has-default-attributes"},"acf":{"bike_features":[{"image":"https:\/\/media.trekbikes.com\/image\/upload\/w_768,c_pad,f_auto,fl_progressive:semi,q_auto\/Tech_RIB2","header":"Uusi RIB 2.0","description":"Removable Integrated Battery (RIB 2.0) on helppo irrottaa latausta tai s\u00e4ilytyst\u00e4 varten."},{"image":"https:\/\/media.trekbikes.com\/image\/upload\/w_768,c_pad,f_auto,fl_progressive:semi,q_auto\/Tech_Range","header":"Pidenn\u00e4 ajomatkaasi","description":"Lis\u00e4\u00e4 ajomatkaasi PowerMore-lis\u00e4akulla pidemmille seikkailuille."},{"image":"https:\/\/media.trekbikes.com\/image\/upload\/w_768,c_pad,f_auto,fl_progressive:semi,q_auto\/Tech_Motor","header":"Kevyt ja hiljainen moottori","description":"Bosch Performance Line CX -moottori tarjoaa tasaista ja luonnollista avustusta ajon kaikissa vaiheissa."},{"image":"https:\/\/media.trekbikes.com\/image\/upload\/w_768,c_pad,f_auto,fl_progressive:semi,q_auto\/ShimanoCues_techfeature_16x9_31Jan2022","header":"Shimano CUES","description":"LINKGLIDE-teknologia lis\u00e4\u00e4 k\u00e4ytt\u00f6i\u00e4n voimansiirron kuluville osille."},{"image":"https:\/\/media.trekbikes.com\/image\/upload\/w_768,c_pad,f_auto,fl_progressive:semi,q_auto\/Tech_Powerfly_accessory","header":"R\u00e4\u00e4t\u00e4l\u00f6i py\u00f6r\u00e4si","description":"Asenna lokasuojat ja tavaratelineet matkasi tarpeisiin sopivaksi."}],"overview":{"copy_overview":[{"overview":"Powerfly+ 4 Equipped on suunniteltu monipuoliseen k\u00e4ytt\u00f6\u00f6n, olitpa sitten kaupunkiliikenteess\u00e4 tai luonnossa seikkailemassa. Bosch Performance Line CX -moottori tarjoaa hiljaisen ja voimakkaan avustuksen, joka takaa miellytt\u00e4v\u00e4n ajokokemuksen."},{"overview":"Kest\u00e4v\u00e4 Alpha Platinum Aluminium -runko ja 120 mm joustolla varustettu SR Suntour -haarukka varmistavat tasaisen ajon ep\u00e4tasaisillakin alustoilla. Shimano CUES -voimansiirto ja Tektro-hydrauliset levyjarrut tarjoavat luotettavaa suorituskyky\u00e4."},{"overview":"RIB 2.0 -akkuj\u00e4rjestelm\u00e4 on suunniteltu helpoksi ja huolettomaksi k\u00e4ytt\u00e4\u00e4, ja se yhdistyy t\u00e4ydellisesti suunnitteluun ja k\u00e4ytett\u00e4vyyteen. T\u00e4m\u00e4 s\u00e4hk\u00f6maastopy\u00f6r\u00e4 vastaa kaikkiin tarpeisiisi ja tekee matkanteosta vaivatonta."}],"key_features":[{"feature":"Tehokas Bosch Performance Line CX -moottori jyrkkiin nousuihin"},{"feature":"Removable Integrated Battery (RIB 2.0) -j\u00e4rjestelm\u00e4 helppoon k\u00e4ytt\u00f6\u00f6n"},{"feature":"Tulee valmiiksi varusteltuna valoilla, lokasuojilla ja takatavaratelineell\u00e4"}],"statement":"Monipuolinen s\u00e4hk\u00f6maastopy\u00f6r\u00e4, joka on valmis mihin tahansa seikkailuun.","youtube_url":"https:\/\/www.youtube.com\/watch?v=1VVSaUm7HoM"}},"yoast_head":"<!-- This site is optimized with the Yoast SEO plugin v27.3 - https:\/\/yoast.com\/product\/yoast-seo-wordpress\/ -->\n<title>Trek Powerfly+ 4 Equipped Gen 5 - GLOSS RADIOACTIVE RED\/MATTE DARK STAR - VM Sport<\/title>\n<meta name=\"robots\" content=\"index, follow, max-snippet:-1, max-image-preview:large, max-video-preview:-1\" \/>\n<link rel=\"canonical\" href=\"https:\/\/vmsport.fi\/sv\/webbutik\/cyklar\/sahkopyorat\/sagverksskorsten\/frontfjadrade-sagtandsplogar\/trek-powerfly-4-utrustad-gen-5-glansig-radioaktiv-rod-matt-mork-stjarna\/\" \/>\n<meta property=\"og:locale\" content=\"sv_SE\" \/>\n<meta property=\"og:type\" content=\"article\" \/>\n<meta property=\"og:title\" content=\"Trek Powerfly+ 4 Equipped Gen 5 - GLOSS RADIOACTIVE RED\/MATTE DARK STAR - VM Sport\" \/>\n<meta property=\"og:description\" content=\"Tehokas s\u00e4hk\u00f6moottori, pitk\u00e4 toimintamatka, kest\u00e4v\u00e4 voimansiirto ja kattava varustelu tekev\u00e4t py\u00f6r\u00e4st\u00e4 soveltuvan sek\u00e4 ty\u00f6matkoille ett\u00e4 pidemmille retkille. [...]L\u00e4s mer \u2026 from Trek Powerfly+ 4 Equipped Gen 5 &#8211; GLOSS RADIOACTIVE RED\/MATTE DARK STAR\" \/>\n<meta property=\"og:url\" content=\"https:\/\/vmsport.fi\/sv\/webbutik\/cyklar\/sahkopyorat\/sagverksskorsten\/frontfjadrade-sagtandsplogar\/trek-powerfly-4-utrustad-gen-5-glansig-radioaktiv-rod-matt-mork-stjarna\/\" \/>\n<meta property=\"og:site_name\" content=\"VM Sport\" \/>\n<meta property=\"article:publisher\" content=\"https:\/\/www.facebook.com\/Vmsport.fi\/\" \/>\n<meta property=\"article:modified_time\" content=\"2026-03-04T09:50:09+00:00\" \/>\n<meta property=\"og:image\" content=\"https:\/\/vmsport.fi\/wp-content\/uploads\/2025\/05\/PowerflyPlus4Equipped-25-48620-B-Primary.jpg\" \/>\n\t<meta property=\"og:image:width\" content=\"1000\" \/>\n\t<meta property=\"og:image:height\" content=\"669\" \/>\n\t<meta property=\"og:image:type\" content=\"image\/jpeg\" \/>\n<meta name=\"twitter:card\" content=\"summary_large_image\" \/>\n<script type=\"application\/ld+json\" class=\"yoast-schema-graph\">{\"@context\":\"https:\\\/\\\/schema.org\",\"@graph\":[{\"@type\":[\"WebPage\",\"ItemPage\"],\"@id\":\"https:\\\/\\\/vmsport.fi\\\/verkkokauppa\\\/polkupyorat\\\/sahkopyorat\\\/sahkomaastopyorat\\\/etujousitetut-sahkomaastopyorat\\\/trek-powerfly-4-equipped-gen-5-gloss-radioactive-red-matte-dark-star\\\/\",\"url\":\"https:\\\/\\\/vmsport.fi\\\/verkkokauppa\\\/polkupyorat\\\/sahkopyorat\\\/sahkomaastopyorat\\\/etujousitetut-sahkomaastopyorat\\\/trek-powerfly-4-equipped-gen-5-gloss-radioactive-red-matte-dark-star\\\/\",\"name\":\"Trek Powerfly+ 4 Equipped Gen 5 - GLOSS RADIOACTIVE RED\\\/MATTE DARK STAR - VM Sport\",\"isPartOf\":{\"@id\":\"https:\\\/\\\/vmsport.fi\\\/#website\"},\"primaryImageOfPage\":{\"@id\":\"https:\\\/\\\/vmsport.fi\\\/verkkokauppa\\\/polkupyorat\\\/sahkopyorat\\\/sahkomaastopyorat\\\/etujousitetut-sahkomaastopyorat\\\/trek-powerfly-4-equipped-gen-5-gloss-radioactive-red-matte-dark-star\\\/#primaryimage\"},\"image\":{\"@id\":\"https:\\\/\\\/vmsport.fi\\\/verkkokauppa\\\/polkupyorat\\\/sahkopyorat\\\/sahkomaastopyorat\\\/etujousitetut-sahkomaastopyorat\\\/trek-powerfly-4-equipped-gen-5-gloss-radioactive-red-matte-dark-star\\\/#primaryimage\"},\"thumbnailUrl\":\"https:\\\/\\\/vmsport.fi\\\/wp-content\\\/uploads\\\/2025\\\/05\\\/PowerflyPlus4Equipped-25-48620-B-Primary.jpg\",\"datePublished\":\"2025-03-05T21:58:39+00:00\",\"dateModified\":\"2026-03-04T09:50:09+00:00\",\"breadcrumb\":{\"@id\":\"https:\\\/\\\/vmsport.fi\\\/verkkokauppa\\\/polkupyorat\\\/sahkopyorat\\\/sahkomaastopyorat\\\/etujousitetut-sahkomaastopyorat\\\/trek-powerfly-4-equipped-gen-5-gloss-radioactive-red-matte-dark-star\\\/#breadcrumb\"},\"inLanguage\":\"sv-SE\",\"potentialAction\":[{\"@type\":\"ReadAction\",\"target\":[\"https:\\\/\\\/vmsport.fi\\\/verkkokauppa\\\/polkupyorat\\\/sahkopyorat\\\/sahkomaastopyorat\\\/etujousitetut-sahkomaastopyorat\\\/trek-powerfly-4-equipped-gen-5-gloss-radioactive-red-matte-dark-star\\\/\"]}]},{\"@type\":\"ImageObject\",\"inLanguage\":\"sv-SE\",\"@id\":\"https:\\\/\\\/vmsport.fi\\\/verkkokauppa\\\/polkupyorat\\\/sahkopyorat\\\/sahkomaastopyorat\\\/etujousitetut-sahkomaastopyorat\\\/trek-powerfly-4-equipped-gen-5-gloss-radioactive-red-matte-dark-star\\\/#primaryimage\",\"url\":\"https:\\\/\\\/vmsport.fi\\\/wp-content\\\/uploads\\\/2025\\\/05\\\/PowerflyPlus4Equipped-25-48620-B-Primary.jpg\",\"contentUrl\":\"https:\\\/\\\/vmsport.fi\\\/wp-content\\\/uploads\\\/2025\\\/05\\\/PowerflyPlus4Equipped-25-48620-B-Primary.jpg\",\"width\":1000,\"height\":669,\"caption\":\"PowerflyPlus4Equipped-25-48620-B-Primary\"},{\"@type\":\"BreadcrumbList\",\"@id\":\"https:\\\/\\\/vmsport.fi\\\/verkkokauppa\\\/polkupyorat\\\/sahkopyorat\\\/sahkomaastopyorat\\\/etujousitetut-sahkomaastopyorat\\\/trek-powerfly-4-equipped-gen-5-gloss-radioactive-red-matte-dark-star\\\/#breadcrumb\",\"itemListElement\":[{\"@type\":\"ListItem\",\"position\":1,\"name\":\"Etusivu\",\"item\":\"https:\\\/\\\/vmsport.fi\\\/\"},{\"@type\":\"ListItem\",\"position\":2,\"name\":\"Online Store\",\"item\":\"https:\\\/\\\/vmsport.fi\\\/en\\\/online-store\\\/\"},{\"@type\":\"ListItem\",\"position\":3,\"name\":\"Trek polkupy\u00f6r\u00e4t\",\"item\":\"https:\\\/\\\/vmsport.fi\\\/sv\\\/merkki\\\/trek\\\/\"},{\"@type\":\"ListItem\",\"position\":4,\"name\":\"Trek Powerfly+ 4 Equipped Gen 5 &#8211; GLOSS RADIOACTIVE RED\\\/MATTE DARK STAR\"}]},{\"@type\":\"WebSite\",\"@id\":\"https:\\\/\\\/vmsport.fi\\\/#website\",\"url\":\"https:\\\/\\\/vmsport.fi\\\/\",\"name\":\"Vmsport\",\"description\":\"Kaikki py\u00f6r\u00e4ilyyn yhdest\u00e4 paikasta\",\"publisher\":{\"@id\":\"https:\\\/\\\/vmsport.fi\\\/#organization\"},\"potentialAction\":[{\"@type\":\"SearchAction\",\"target\":{\"@type\":\"EntryPoint\",\"urlTemplate\":\"https:\\\/\\\/vmsport.fi\\\/?s={search_term_string}\"},\"query-input\":{\"@type\":\"PropertyValueSpecification\",\"valueRequired\":true,\"valueName\":\"search_term_string\"}}],\"inLanguage\":\"sv-SE\"},{\"@type\":\"Organization\",\"@id\":\"https:\\\/\\\/vmsport.fi\\\/#organization\",\"name\":\"Vmsport\",\"url\":\"https:\\\/\\\/vmsport.fi\\\/\",\"logo\":{\"@type\":\"ImageObject\",\"inLanguage\":\"sv-SE\",\"@id\":\"https:\\\/\\\/vmsport.fi\\\/#\\\/schema\\\/logo\\\/image\\\/\",\"url\":\"https:\\\/\\\/vmsport.fi\\\/wp-content\\\/uploads\\\/2024\\\/12\\\/vm_sport_RGB_horisontal-e1734526017575.png\",\"contentUrl\":\"https:\\\/\\\/vmsport.fi\\\/wp-content\\\/uploads\\\/2024\\\/12\\\/vm_sport_RGB_horisontal-e1734526017575.png\",\"width\":668,\"height\":85,\"caption\":\"Vmsport\"},\"image\":{\"@id\":\"https:\\\/\\\/vmsport.fi\\\/#\\\/schema\\\/logo\\\/image\\\/\"},\"sameAs\":[\"https:\\\/\\\/www.facebook.com\\\/Vmsport.fi\\\/\",\"https:\\\/\\\/www.instagram.com\\\/vmsport\\\/\"]}]}<\/script>\n<!-- \/ Yoast SEO plugin. -->","yoast_head_json":{"title":"Trek Powerfly+ 4 utrustad med Gen 5 - GLOSS RADIOACTIVE RED\/MATTE DARK STAR - VM Sport","robots":{"index":"index","follow":"follow","max-snippet":"max-snippet:-1","max-image-preview":"max-image-preview:large","max-video-preview":"max-video-preview:-1"},"canonical":"https:\/\/vmsport.fi\/sv\/webbutik\/cyklar\/sahkopyorat\/sagverksskorsten\/frontfjadrade-sagtandsplogar\/trek-powerfly-4-utrustad-gen-5-glansig-radioaktiv-rod-matt-mork-stjarna\/","og_locale":"sv_SE","og_type":"article","og_title":"Trek Powerfly+ 4 Equipped Gen 5 - GLOSS RADIOACTIVE RED\/MATTE DARK STAR - VM Sport","og_description":"Tehokas s\u00e4hk\u00f6moottori, pitk\u00e4 toimintamatka, kest\u00e4v\u00e4 voimansiirto ja kattava varustelu tekev\u00e4t py\u00f6r\u00e4st\u00e4 soveltuvan sek\u00e4 ty\u00f6matkoille ett\u00e4 pidemmille retkille. [...]L\u00e4s mer \u2026 from Trek Powerfly+ 4 Equipped Gen 5 &#8211; GLOSS RADIOACTIVE RED\/MATTE DARK STAR","og_url":"https:\/\/vmsport.fi\/sv\/webbutik\/cyklar\/sahkopyorat\/sagverksskorsten\/frontfjadrade-sagtandsplogar\/trek-powerfly-4-utrustad-gen-5-glansig-radioaktiv-rod-matt-mork-stjarna\/","og_site_name":"VM Sport","article_publisher":"https:\/\/www.facebook.com\/Vmsport.fi\/","article_modified_time":"2026-03-04T09:50:09+00:00","og_image":[{"width":1000,"height":669,"url":"https:\/\/vmsport.fi\/wp-content\/uploads\/2025\/05\/PowerflyPlus4Equipped-25-48620-B-Primary.jpg","type":"image\/jpeg"}],"twitter_card":"summary_large_image","schema":{"@context":"https:\/\/schema.org","@graph":[{"@type":["WebPage","ItemPage"],"@id":"https:\/\/vmsport.fi\/verkkokauppa\/polkupyorat\/sahkopyorat\/sahkomaastopyorat\/etujousitetut-sahkomaastopyorat\/trek-powerfly-4-equipped-gen-5-gloss-radioactive-red-matte-dark-star\/","url":"https:\/\/vmsport.fi\/verkkokauppa\/polkupyorat\/sahkopyorat\/sahkomaastopyorat\/etujousitetut-sahkomaastopyorat\/trek-powerfly-4-equipped-gen-5-gloss-radioactive-red-matte-dark-star\/","name":"Trek Powerfly+ 4 utrustad med Gen 5 - GLOSS RADIOACTIVE RED\/MATTE DARK STAR - VM Sport","isPartOf":{"@id":"https:\/\/vmsport.fi\/#website"},"primaryImageOfPage":{"@id":"https:\/\/vmsport.fi\/verkkokauppa\/polkupyorat\/sahkopyorat\/sahkomaastopyorat\/etujousitetut-sahkomaastopyorat\/trek-powerfly-4-equipped-gen-5-gloss-radioactive-red-matte-dark-star\/#primaryimage"},"image":{"@id":"https:\/\/vmsport.fi\/verkkokauppa\/polkupyorat\/sahkopyorat\/sahkomaastopyorat\/etujousitetut-sahkomaastopyorat\/trek-powerfly-4-equipped-gen-5-gloss-radioactive-red-matte-dark-star\/#primaryimage"},"thumbnailUrl":"https:\/\/vmsport.fi\/wp-content\/uploads\/2025\/05\/PowerflyPlus4Equipped-25-48620-B-Primary.jpg","datePublished":"2025-03-05T21:58:39+00:00","dateModified":"2026-03-04T09:50:09+00:00","breadcrumb":{"@id":"https:\/\/vmsport.fi\/verkkokauppa\/polkupyorat\/sahkopyorat\/sahkomaastopyorat\/etujousitetut-sahkomaastopyorat\/trek-powerfly-4-equipped-gen-5-gloss-radioactive-red-matte-dark-star\/#breadcrumb"},"inLanguage":"sv-SE","potentialAction":[{"@type":"ReadAction","target":["https:\/\/vmsport.fi\/verkkokauppa\/polkupyorat\/sahkopyorat\/sahkomaastopyorat\/etujousitetut-sahkomaastopyorat\/trek-powerfly-4-equipped-gen-5-gloss-radioactive-red-matte-dark-star\/"]}]},{"@type":"ImageObject","inLanguage":"sv-SE","@id":"https:\/\/vmsport.fi\/verkkokauppa\/polkupyorat\/sahkopyorat\/sahkomaastopyorat\/etujousitetut-sahkomaastopyorat\/trek-powerfly-4-equipped-gen-5-gloss-radioactive-red-matte-dark-star\/#primaryimage","url":"https:\/\/vmsport.fi\/wp-content\/uploads\/2025\/05\/PowerflyPlus4Equipped-25-48620-B-Primary.jpg","contentUrl":"https:\/\/vmsport.fi\/wp-content\/uploads\/2025\/05\/PowerflyPlus4Equipped-25-48620-B-Primary.jpg","width":1000,"height":669,"caption":"PowerflyPlus4Equipped-25-48620-B-Primary"},{"@type":"BreadcrumbList","@id":"https:\/\/vmsport.fi\/verkkokauppa\/polkupyorat\/sahkopyorat\/sahkomaastopyorat\/etujousitetut-sahkomaastopyorat\/trek-powerfly-4-equipped-gen-5-gloss-radioactive-red-matte-dark-star\/#breadcrumb","itemListElement":[{"@type":"ListItem","position":1,"name":"Etusivu","item":"https:\/\/vmsport.fi\/"},{"@type":"ListItem","position":2,"name":"Online Store","item":"https:\/\/vmsport.fi\/en\/online-store\/"},{"@type":"ListItem","position":3,"name":"Trek polkupy\u00f6r\u00e4t","item":"https:\/\/vmsport.fi\/sv\/merkki\/trek\/"},{"@type":"ListItem","position":4,"name":"Trek Powerfly+ 4 Equipped Gen 5 &#8211; GLOSS RADIOACTIVE RED\/MATTE DARK STAR"}]},{"@type":"WebSite","@id":"https:\/\/vmsport.fi\/#website","url":"https:\/\/vmsport.fi\/","name":"Vmsport","description":"Allt p\u00e5 ett st\u00e4lle f\u00f6r cykling","publisher":{"@id":"https:\/\/vmsport.fi\/#organization"},"potentialAction":[{"@type":"SearchAction","target":{"@type":"EntryPoint","urlTemplate":"https:\/\/vmsport.fi\/?s={search_term_string}"},"query-input":{"@type":"PropertyValueSpecification","valueRequired":true,"valueName":"search_term_string"}}],"inLanguage":"sv-SE"},{"@type":"Organization","@id":"https:\/\/vmsport.fi\/#organization","name":"Vmsport","url":"https:\/\/vmsport.fi\/","logo":{"@type":"ImageObject","inLanguage":"sv-SE","@id":"https:\/\/vmsport.fi\/#\/schema\/logo\/image\/","url":"https:\/\/vmsport.fi\/wp-content\/uploads\/2024\/12\/vm_sport_RGB_horisontal-e1734526017575.png","contentUrl":"https:\/\/vmsport.fi\/wp-content\/uploads\/2024\/12\/vm_sport_RGB_horisontal-e1734526017575.png","width":668,"height":85,"caption":"Vmsport"},"image":{"@id":"https:\/\/vmsport.fi\/#\/schema\/logo\/image\/"},"sameAs":["https:\/\/www.facebook.com\/Vmsport.fi\/","https:\/\/www.instagram.com\/vmsport\/"]}]}},"global_unique_id":"","_links":{"self":[{"href":"https:\/\/vmsport.fi\/sv\/wp-json\/wp\/v2\/product\/54895","targetHints":{"allow":["GET"]}}],"collection":[{"href":"https:\/\/vmsport.fi\/sv\/wp-json\/wp\/v2\/product"}],"about":[{"href":"https:\/\/vmsport.fi\/sv\/wp-json\/wp\/v2\/types\/product"}],"replies":[{"embeddable":true,"href":"https:\/\/vmsport.fi\/sv\/wp-json\/wp\/v2\/comments?post=54895"}],"wp:featuredmedia":[{"embeddable":true,"href":"https:\/\/vmsport.fi\/sv\/wp-json\/wp\/v2\/media\/58932"}],"wp:attachment":[{"href":"https:\/\/vmsport.fi\/sv\/wp-json\/wp\/v2\/media?parent=54895"}],"wp:term":[{"taxonomy":"product_brand","embeddable":true,"href":"https:\/\/vmsport.fi\/sv\/wp-json\/wp\/v2\/product_brand?post=54895"},{"taxonomy":"product_model","embeddable":true,"href":"https:\/\/vmsport.fi\/sv\/wp-json\/wp\/v2\/product_model?post=54895"},{"taxonomy":"product_cat","embeddable":true,"href":"https:\/\/vmsport.fi\/sv\/wp-json\/wp\/v2\/product_cat?post=54895"},{"taxonomy":"product_tag","embeddable":true,"href":"https:\/\/vmsport.fi\/sv\/wp-json\/wp\/v2\/product_tag?post=54895"},{"taxonomy":"industry_terminology","embeddable":true,"href":"https:\/\/vmsport.fi\/sv\/wp-json\/wp\/v2\/industry-terminology?post=54895"}],"curies":[{"name":"wp","href":"https:\/\/api.w.org\/{rel}","templated":true}]}}