{"id":54888,"date":"2025-03-05T23:58:36","date_gmt":"2025-03-05T21:58:36","guid":{"rendered":"https:\/\/vmsport.fi\/verkkokauppa\/Ei-luokiteltu\/jarrupalat-e-bike-shimano-saint-zee\/"},"modified":"2026-04-22T15:03:07","modified_gmt":"2026-04-22T12:03:07","slug":"jarrupalat-e-bike-shimano-saint-zee","status":"publish","type":"product","link":"https:\/\/vmsport.fi\/sv\/verkkokauppa\/varaosat\/jarrut\/jarrupalat\/jarrupalat-e-bike-shimano-saint-zee\/","title":{"rendered":"bromsbel\u00e4gg E-cykel SHimano Saint - Zee"},"content":{"rendered":"<p>Jarrupalat E-bike Shimano Saint &#8211; Zee tarjoavat loistavan suorituskyvyn vaativiin maasto-olosuhteisiin, muun muassa niiden nelim\u00e4nt\u00e4isill\u00e4 jarrusatuloilla, jotka varmistavat voimakkaan jarrutustehon. Ne ovat yhteensopivia Shimano M9120, M8120, M7120, M6120 ja MT520 -satuloiden kanssa, mik\u00e4 tekee niist\u00e4 monik\u00e4ytt\u00f6isen ratkaisun. Keraamiset m\u00e4nn\u00e4t parantavat l\u00e4mm\u00f6nhallintaa, mik\u00e4 takaa tasaisen ja luotettavan jarrutuntuman. Yhdistett\u00e4ess\u00e4 n\u00e4m\u00e4 jarrupalat Swissstop Catalyst Pro 220 mm roottoreihin, ajokokemus paranee huomattavasti erityisesti jarrutustuntuman ja hallinnan osalta. T\u00e4m\u00e4 tekee niist\u00e4 erinomaisen valinnan s\u00e4hk\u00f6maastopy\u00f6riin ja muihin vaativiin ajo-olosuhteisiin, joissa jarrutuksen luotettavuus on ensiarvoisen t\u00e4rke\u00e4\u00e4.<\/p>","protected":false},"excerpt":{"rendered":"<p>Jarrupalat E-bike Shimano Saint &#8211; Zee tarjoavat loistavan suorituskyvyn vaativiin maasto-olosuhteisiin, muun muassa niiden nelim\u00e4nt\u00e4isill\u00e4 jarrusatuloilla, jotka varmistavat voimakkaan jarrutustehon. Ne ovat yhteensopivia Shimano M9120, M8120, M7120, M6120 ja MT520 -satuloiden kanssa, mik\u00e4 tekee niist\u00e4 monik\u00e4ytt\u00f6isen ratkaisun. Keraamiset m\u00e4nn\u00e4t parantavat l\u00e4mm\u00f6nhallintaa, mik\u00e4 takaa tasaisen ja luotettavan jarrutuntuman. Yhdistett\u00e4ess\u00e4 n\u00e4m\u00e4 jarrupalat Swissstop Catalyst Pro 220 mm [&#8230;]<\/p>\n<p><a class=\"btn btn-secondary understrap-read-more-link\" href=\"https:\/\/vmsport.fi\/sv\/verkkokauppa\/varaosat\/jarrut\/jarrupalat\/jarrupalat-e-bike-shimano-saint-zee\/\">L\u00e4s mer \u2026<span class=\"screen-reader-text\"> from jarrupalat E-bike SHimano Saint &#8211; Zee<\/span><\/a><\/p>\n","protected":false},"featured_media":54887,"comment_status":"open","ping_status":"closed","template":"","meta":{"_acf_changed":false,"_improvement_type_select":"improve_an_existing","_thumb_yes_seoaic":false,"_frame_yes_seoaic":false,"seoaic_generate_description":"","seoaic_improve_instructions_prompt":"","seoaic_rollback_content_improvement":"","seoaic_idea_thumbnail_generator":"","thumbnail_generated":false,"thumbnail_generate_prompt":"","seoaic_article_description":"","_supplier_stock_quantity":0},"product_brand":[],"product_model":[],"product_cat":[9288],"product_tag":[],"industry-terminology":[],"class_list":{"0":"post-54888","1":"product","2":"type-product","3":"status-publish","4":"has-post-thumbnail","6":"product_cat-jarrupalat","8":"first","9":"instock","10":"taxable","11":"shipping-taxable","12":"purchasable","13":"product-type-simple"},"acf":{"bike_features":null,"overview":{"copy_overview":null,"key_features":null,"statement":"","youtube_url":""}},"yoast_head":"<!-- This site is optimized with the Yoast SEO plugin v27.4 - https:\/\/yoast.com\/product\/yoast-seo-wordpress\/ -->\n<title>jarrupalat E-bike SHimano Saint - Zee - VM Sport<\/title>\n<meta name=\"robots\" content=\"index, follow, max-snippet:-1, max-image-preview:large, max-video-preview:-1\" \/>\n<link rel=\"canonical\" href=\"https:\/\/vmsport.fi\/sv\/webbutik\/reservdelar\/bromsar\/bromsbelagg\/jarrupalat-e-bike-shimano-saint-zee\/\" \/>\n<meta property=\"og:locale\" content=\"sv_SE\" \/>\n<meta property=\"og:type\" content=\"article\" \/>\n<meta property=\"og:title\" content=\"jarrupalat E-bike SHimano Saint - Zee - VM Sport\" \/>\n<meta property=\"og:description\" content=\"Jarrupalat E-bike Shimano Saint &#8211; Zee tarjoavat loistavan suorituskyvyn vaativiin maasto-olosuhteisiin, muun muassa niiden nelim\u00e4nt\u00e4isill\u00e4 jarrusatuloilla, jotka varmistavat voimakkaan jarrutustehon. Ne ovat yhteensopivia Shimano M9120, M8120, M7120, M6120 ja MT520 -satuloiden kanssa, mik\u00e4 tekee niist\u00e4 monik\u00e4ytt\u00f6isen ratkaisun. Keraamiset m\u00e4nn\u00e4t parantavat l\u00e4mm\u00f6nhallintaa, mik\u00e4 takaa tasaisen ja luotettavan jarrutuntuman. Yhdistett\u00e4ess\u00e4 n\u00e4m\u00e4 jarrupalat Swissstop Catalyst Pro 220 mm [...]L\u00e4s mer \u2026 from jarrupalat E-bike SHimano Saint &#8211; Zee\" \/>\n<meta property=\"og:url\" content=\"https:\/\/vmsport.fi\/sv\/webbutik\/reservdelar\/bromsar\/bromsbelagg\/jarrupalat-e-bike-shimano-saint-zee\/\" \/>\n<meta property=\"og:site_name\" content=\"VM Sport\" \/>\n<meta property=\"article:publisher\" content=\"https:\/\/www.facebook.com\/Vmsport.fi\/\" \/>\n<meta property=\"article:modified_time\" content=\"2026-04-22T12:03:07+00:00\" \/>\n<meta property=\"og:image\" content=\"https:\/\/vmsport.fi\/wp-content\/uploads\/2025\/03\/Belaegg-E-bike-Shimano-Saint-Zee-1.jpg\" \/>\n\t<meta property=\"og:image:width\" content=\"500\" \/>\n\t<meta property=\"og:image:height\" content=\"345\" \/>\n\t<meta property=\"og:image:type\" content=\"image\/jpeg\" \/>\n<meta name=\"twitter:card\" content=\"summary_large_image\" \/>\n<script type=\"application\/ld+json\" class=\"yoast-schema-graph\">{\"@context\":\"https:\\\/\\\/schema.org\",\"@graph\":[{\"@type\":[\"WebPage\",\"ItemPage\"],\"@id\":\"https:\\\/\\\/vmsport.fi\\\/verkkokauppa\\\/varaosat\\\/jarrut\\\/jarrupalat\\\/jarrupalat-e-bike-shimano-saint-zee\\\/\",\"url\":\"https:\\\/\\\/vmsport.fi\\\/verkkokauppa\\\/varaosat\\\/jarrut\\\/jarrupalat\\\/jarrupalat-e-bike-shimano-saint-zee\\\/\",\"name\":\"jarrupalat E-bike SHimano Saint - Zee - VM Sport\",\"isPartOf\":{\"@id\":\"https:\\\/\\\/vmsport.fi\\\/#website\"},\"primaryImageOfPage\":{\"@id\":\"https:\\\/\\\/vmsport.fi\\\/verkkokauppa\\\/varaosat\\\/jarrut\\\/jarrupalat\\\/jarrupalat-e-bike-shimano-saint-zee\\\/#primaryimage\"},\"image\":{\"@id\":\"https:\\\/\\\/vmsport.fi\\\/verkkokauppa\\\/varaosat\\\/jarrut\\\/jarrupalat\\\/jarrupalat-e-bike-shimano-saint-zee\\\/#primaryimage\"},\"thumbnailUrl\":\"https:\\\/\\\/vmsport.fi\\\/wp-content\\\/uploads\\\/2025\\\/03\\\/Belaegg-E-bike-Shimano-Saint-Zee-1.jpg\",\"datePublished\":\"2025-03-05T21:58:36+00:00\",\"dateModified\":\"2026-04-22T12:03:07+00:00\",\"breadcrumb\":{\"@id\":\"https:\\\/\\\/vmsport.fi\\\/verkkokauppa\\\/varaosat\\\/jarrut\\\/jarrupalat\\\/jarrupalat-e-bike-shimano-saint-zee\\\/#breadcrumb\"},\"inLanguage\":\"sv-SE\",\"potentialAction\":[{\"@type\":\"ReadAction\",\"target\":[\"https:\\\/\\\/vmsport.fi\\\/verkkokauppa\\\/varaosat\\\/jarrut\\\/jarrupalat\\\/jarrupalat-e-bike-shimano-saint-zee\\\/\"]}]},{\"@type\":\"ImageObject\",\"inLanguage\":\"sv-SE\",\"@id\":\"https:\\\/\\\/vmsport.fi\\\/verkkokauppa\\\/varaosat\\\/jarrut\\\/jarrupalat\\\/jarrupalat-e-bike-shimano-saint-zee\\\/#primaryimage\",\"url\":\"https:\\\/\\\/vmsport.fi\\\/wp-content\\\/uploads\\\/2025\\\/03\\\/Belaegg-E-bike-Shimano-Saint-Zee-1.jpg\",\"contentUrl\":\"https:\\\/\\\/vmsport.fi\\\/wp-content\\\/uploads\\\/2025\\\/03\\\/Belaegg-E-bike-Shimano-Saint-Zee-1.jpg\",\"width\":500,\"height\":345,\"caption\":\"Belaegg-E-bike-Shimano-Saint-Zee\"},{\"@type\":\"BreadcrumbList\",\"@id\":\"https:\\\/\\\/vmsport.fi\\\/verkkokauppa\\\/varaosat\\\/jarrut\\\/jarrupalat\\\/jarrupalat-e-bike-shimano-saint-zee\\\/#breadcrumb\",\"itemListElement\":[{\"@type\":\"ListItem\",\"position\":1,\"name\":\"Etusivu\",\"item\":\"https:\\\/\\\/vmsport.fi\\\/\"},{\"@type\":\"ListItem\",\"position\":2,\"name\":\"Online Store\",\"item\":\"https:\\\/\\\/vmsport.fi\\\/en\\\/online-store\\\/\"},{\"@type\":\"ListItem\",\"position\":3,\"name\":\"jarrupalat E-bike SHimano Saint &#8211; Zee\"}]},{\"@type\":\"WebSite\",\"@id\":\"https:\\\/\\\/vmsport.fi\\\/#website\",\"url\":\"https:\\\/\\\/vmsport.fi\\\/\",\"name\":\"Vmsport\",\"description\":\"Kaikki py\u00f6r\u00e4ilyyn yhdest\u00e4 paikasta\",\"publisher\":{\"@id\":\"https:\\\/\\\/vmsport.fi\\\/#organization\"},\"potentialAction\":[{\"@type\":\"SearchAction\",\"target\":{\"@type\":\"EntryPoint\",\"urlTemplate\":\"https:\\\/\\\/vmsport.fi\\\/?s={search_term_string}\"},\"query-input\":{\"@type\":\"PropertyValueSpecification\",\"valueRequired\":true,\"valueName\":\"search_term_string\"}}],\"inLanguage\":\"sv-SE\"},{\"@type\":\"Organization\",\"@id\":\"https:\\\/\\\/vmsport.fi\\\/#organization\",\"name\":\"Vmsport\",\"url\":\"https:\\\/\\\/vmsport.fi\\\/\",\"logo\":{\"@type\":\"ImageObject\",\"inLanguage\":\"sv-SE\",\"@id\":\"https:\\\/\\\/vmsport.fi\\\/#\\\/schema\\\/logo\\\/image\\\/\",\"url\":\"https:\\\/\\\/vmsport.fi\\\/wp-content\\\/uploads\\\/2024\\\/12\\\/vm_sport_RGB_horisontal-e1734526017575.png\",\"contentUrl\":\"https:\\\/\\\/vmsport.fi\\\/wp-content\\\/uploads\\\/2024\\\/12\\\/vm_sport_RGB_horisontal-e1734526017575.png\",\"width\":668,\"height\":85,\"caption\":\"Vmsport\"},\"image\":{\"@id\":\"https:\\\/\\\/vmsport.fi\\\/#\\\/schema\\\/logo\\\/image\\\/\"},\"sameAs\":[\"https:\\\/\\\/www.facebook.com\\\/Vmsport.fi\\\/\",\"https:\\\/\\\/www.instagram.com\\\/vmsport\\\/\"]}]}<\/script>\n<!-- \/ Yoast SEO plugin. -->","yoast_head_json":{"title":"jarrupalat E-bike SHimano Saint - Zee - VM Sport","robots":{"index":"index","follow":"follow","max-snippet":"max-snippet:-1","max-image-preview":"max-image-preview:large","max-video-preview":"max-video-preview:-1"},"canonical":"https:\/\/vmsport.fi\/sv\/webbutik\/reservdelar\/bromsar\/bromsbelagg\/jarrupalat-e-bike-shimano-saint-zee\/","og_locale":"sv_SE","og_type":"article","og_title":"jarrupalat E-bike SHimano Saint - Zee - VM Sport","og_description":"Jarrupalat E-bike Shimano Saint &#8211; Zee tarjoavat loistavan suorituskyvyn vaativiin maasto-olosuhteisiin, muun muassa niiden nelim\u00e4nt\u00e4isill\u00e4 jarrusatuloilla, jotka varmistavat voimakkaan jarrutustehon. Ne ovat yhteensopivia Shimano M9120, M8120, M7120, M6120 ja MT520 -satuloiden kanssa, mik\u00e4 tekee niist\u00e4 monik\u00e4ytt\u00f6isen ratkaisun. Keraamiset m\u00e4nn\u00e4t parantavat l\u00e4mm\u00f6nhallintaa, mik\u00e4 takaa tasaisen ja luotettavan jarrutuntuman. Yhdistett\u00e4ess\u00e4 n\u00e4m\u00e4 jarrupalat Swissstop Catalyst Pro 220 mm [...]L\u00e4s mer \u2026 from jarrupalat E-bike SHimano Saint &#8211; Zee","og_url":"https:\/\/vmsport.fi\/sv\/webbutik\/reservdelar\/bromsar\/bromsbelagg\/jarrupalat-e-bike-shimano-saint-zee\/","og_site_name":"VM Sport","article_publisher":"https:\/\/www.facebook.com\/Vmsport.fi\/","article_modified_time":"2026-04-22T12:03:07+00:00","og_image":[{"width":500,"height":345,"url":"https:\/\/vmsport.fi\/wp-content\/uploads\/2025\/03\/Belaegg-E-bike-Shimano-Saint-Zee-1.jpg","type":"image\/jpeg"}],"twitter_card":"summary_large_image","schema":{"@context":"https:\/\/schema.org","@graph":[{"@type":["WebPage","ItemPage"],"@id":"https:\/\/vmsport.fi\/verkkokauppa\/varaosat\/jarrut\/jarrupalat\/jarrupalat-e-bike-shimano-saint-zee\/","url":"https:\/\/vmsport.fi\/verkkokauppa\/varaosat\/jarrut\/jarrupalat\/jarrupalat-e-bike-shimano-saint-zee\/","name":"jarrupalat E-bike SHimano Saint - Zee - VM Sport","isPartOf":{"@id":"https:\/\/vmsport.fi\/#website"},"primaryImageOfPage":{"@id":"https:\/\/vmsport.fi\/verkkokauppa\/varaosat\/jarrut\/jarrupalat\/jarrupalat-e-bike-shimano-saint-zee\/#primaryimage"},"image":{"@id":"https:\/\/vmsport.fi\/verkkokauppa\/varaosat\/jarrut\/jarrupalat\/jarrupalat-e-bike-shimano-saint-zee\/#primaryimage"},"thumbnailUrl":"https:\/\/vmsport.fi\/wp-content\/uploads\/2025\/03\/Belaegg-E-bike-Shimano-Saint-Zee-1.jpg","datePublished":"2025-03-05T21:58:36+00:00","dateModified":"2026-04-22T12:03:07+00:00","breadcrumb":{"@id":"https:\/\/vmsport.fi\/verkkokauppa\/varaosat\/jarrut\/jarrupalat\/jarrupalat-e-bike-shimano-saint-zee\/#breadcrumb"},"inLanguage":"sv-SE","potentialAction":[{"@type":"ReadAction","target":["https:\/\/vmsport.fi\/verkkokauppa\/varaosat\/jarrut\/jarrupalat\/jarrupalat-e-bike-shimano-saint-zee\/"]}]},{"@type":"ImageObject","inLanguage":"sv-SE","@id":"https:\/\/vmsport.fi\/verkkokauppa\/varaosat\/jarrut\/jarrupalat\/jarrupalat-e-bike-shimano-saint-zee\/#primaryimage","url":"https:\/\/vmsport.fi\/wp-content\/uploads\/2025\/03\/Belaegg-E-bike-Shimano-Saint-Zee-1.jpg","contentUrl":"https:\/\/vmsport.fi\/wp-content\/uploads\/2025\/03\/Belaegg-E-bike-Shimano-Saint-Zee-1.jpg","width":500,"height":345,"caption":"Belaegg-E-bike-Shimano-Saint-Zee"},{"@type":"BreadcrumbList","@id":"https:\/\/vmsport.fi\/verkkokauppa\/varaosat\/jarrut\/jarrupalat\/jarrupalat-e-bike-shimano-saint-zee\/#breadcrumb","itemListElement":[{"@type":"ListItem","position":1,"name":"Etusivu","item":"https:\/\/vmsport.fi\/"},{"@type":"ListItem","position":2,"name":"Online Store","item":"https:\/\/vmsport.fi\/en\/online-store\/"},{"@type":"ListItem","position":3,"name":"jarrupalat E-bike SHimano Saint &#8211; Zee"}]},{"@type":"WebSite","@id":"https:\/\/vmsport.fi\/#website","url":"https:\/\/vmsport.fi\/","name":"Vmsport","description":"Allt p\u00e5 ett st\u00e4lle f\u00f6r cykling","publisher":{"@id":"https:\/\/vmsport.fi\/#organization"},"potentialAction":[{"@type":"SearchAction","target":{"@type":"EntryPoint","urlTemplate":"https:\/\/vmsport.fi\/?s={search_term_string}"},"query-input":{"@type":"PropertyValueSpecification","valueRequired":true,"valueName":"search_term_string"}}],"inLanguage":"sv-SE"},{"@type":"Organization","@id":"https:\/\/vmsport.fi\/#organization","name":"Vmsport","url":"https:\/\/vmsport.fi\/","logo":{"@type":"ImageObject","inLanguage":"sv-SE","@id":"https:\/\/vmsport.fi\/#\/schema\/logo\/image\/","url":"https:\/\/vmsport.fi\/wp-content\/uploads\/2024\/12\/vm_sport_RGB_horisontal-e1734526017575.png","contentUrl":"https:\/\/vmsport.fi\/wp-content\/uploads\/2024\/12\/vm_sport_RGB_horisontal-e1734526017575.png","width":668,"height":85,"caption":"Vmsport"},"image":{"@id":"https:\/\/vmsport.fi\/#\/schema\/logo\/image\/"},"sameAs":["https:\/\/www.facebook.com\/Vmsport.fi\/","https:\/\/www.instagram.com\/vmsport\/"]}]}},"global_unique_id":"","_links":{"self":[{"href":"https:\/\/vmsport.fi\/sv\/wp-json\/wp\/v2\/product\/54888","targetHints":{"allow":["GET"]}}],"collection":[{"href":"https:\/\/vmsport.fi\/sv\/wp-json\/wp\/v2\/product"}],"about":[{"href":"https:\/\/vmsport.fi\/sv\/wp-json\/wp\/v2\/types\/product"}],"replies":[{"embeddable":true,"href":"https:\/\/vmsport.fi\/sv\/wp-json\/wp\/v2\/comments?post=54888"}],"wp:featuredmedia":[{"embeddable":true,"href":"https:\/\/vmsport.fi\/sv\/wp-json\/wp\/v2\/media\/54887"}],"wp:attachment":[{"href":"https:\/\/vmsport.fi\/sv\/wp-json\/wp\/v2\/media?parent=54888"}],"wp:term":[{"taxonomy":"product_brand","embeddable":true,"href":"https:\/\/vmsport.fi\/sv\/wp-json\/wp\/v2\/product_brand?post=54888"},{"taxonomy":"product_model","embeddable":true,"href":"https:\/\/vmsport.fi\/sv\/wp-json\/wp\/v2\/product_model?post=54888"},{"taxonomy":"product_cat","embeddable":true,"href":"https:\/\/vmsport.fi\/sv\/wp-json\/wp\/v2\/product_cat?post=54888"},{"taxonomy":"product_tag","embeddable":true,"href":"https:\/\/vmsport.fi\/sv\/wp-json\/wp\/v2\/product_tag?post=54888"},{"taxonomy":"industry_terminology","embeddable":true,"href":"https:\/\/vmsport.fi\/sv\/wp-json\/wp\/v2\/industry-terminology?post=54888"}],"curies":[{"name":"wp","href":"https:\/\/api.w.org\/{rel}","templated":true}]}}