{"id":54845,"date":"2025-03-05T23:58:02","date_gmt":"2025-03-05T21:58:02","guid":{"rendered":"https:\/\/vmsport.fi\/verkkokauppa\/Ei-luokiteltu\/takavaihtaja-korvake-gh-009\/"},"modified":"2026-04-22T15:07:14","modified_gmt":"2026-04-22T12:07:14","slug":"bakre-omvandlare-ersattning-gh-009","status":"publish","type":"product","link":"https:\/\/vmsport.fi\/sv\/verkkokauppa\/varaosat\/vaihteistot\/takavaihtajan-korvake\/takavaihtaja-korvake-gh-009\/","title":{"rendered":"V\u00e4xel\u00f6ra Korg GH-009"},"content":{"rendered":"<p>Byte av bakv\u00e4xel f\u00f6r cykel, modell GH-009, \u00e4r en h\u00f6gkvalitativ och h\u00e5llbar reservdel som s\u00e4kerst\u00e4ller smidig och problemfri drift av v\u00e4xlarna. Dess robusta metallkonstruktion g\u00f6r den till ett l\u00e5ngvarigt och p\u00e5litligt val. Den h\u00e4r cykelreservdelen \u00e4r utformad f\u00f6r enkelt byte, vilket g\u00f6r den till den perfekta l\u00f6sningen f\u00f6r att ers\u00e4tta en trasig del. Oavsett om du cyklar i stan eller p\u00e5 mer kr\u00e4vande terr\u00e4ngcyklar kommer GH-009 att hj\u00e4lpa din cykel att prestera sitt b\u00e4sta.<\/p>","protected":false},"excerpt":{"rendered":"<p>Polkupy\u00f6r\u00e4n takavaihtajan korvake, malli GH-009, on korkealaatuinen ja kest\u00e4v\u00e4 varaosa, joka varmistaa vaihteiden sujuvan ja ongelmattoman toiminnan. Sen tukeva metallirakenne tekee siit\u00e4 pitk\u00e4ik\u00e4isen ja luotettavan valinnan. T\u00e4m\u00e4 py\u00f6r\u00e4ilyn varaosa on suunniteltu siten, ett\u00e4 sen vaihtaminen k\u00e4y helposti, mik\u00e4 tekee siit\u00e4 ihanteellisen ratkaisun rikkoutuneen osan tilalle. Olipa py\u00f6r\u00e4ily sitten kaupunkiajoa tai vaativampia maastolenkkej\u00e4, GH-009 edist\u00e4\u00e4 py\u00f6r\u00e4n [&#8230;]<\/p>\n<p><a class=\"btn btn-secondary understrap-read-more-link\" href=\"https:\/\/vmsport.fi\/sv\/verkkokauppa\/varaosat\/vaihteistot\/takavaihtajan-korvake\/takavaihtaja-korvake-gh-009\/\">L\u00e4s mer \u2026<span class=\"screen-reader-text\"> from Takavaihtaja Korvake GH-009<\/span><\/a><\/p>\n","protected":false},"featured_media":54844,"comment_status":"open","ping_status":"closed","template":"","meta":{"_acf_changed":false,"_improvement_type_select":"improve_an_existing","_thumb_yes_seoaic":false,"_frame_yes_seoaic":false,"seoaic_generate_description":"","seoaic_improve_instructions_prompt":"","seoaic_rollback_content_improvement":"","seoaic_idea_thumbnail_generator":"","thumbnail_generated":false,"thumbnail_generate_prompt":"","seoaic_article_description":"","_supplier_stock_quantity":0},"product_brand":[],"product_model":[],"product_cat":[9480],"product_tag":[],"industry-terminology":[],"class_list":{"0":"post-54845","1":"product","2":"type-product","3":"status-publish","4":"has-post-thumbnail","6":"product_cat-takavaihtajan-korvake","8":"first","9":"instock","10":"taxable","11":"shipping-taxable","12":"purchasable","13":"product-type-simple"},"acf":{"bike_features":null,"overview":{"copy_overview":null,"key_features":null,"statement":"","youtube_url":""}},"yoast_head":"<!-- This site is optimized with the Yoast SEO plugin v27.4 - https:\/\/yoast.com\/product\/yoast-seo-wordpress\/ -->\n<title>Takavaihtaja Korvake GH-009 - VM Sport<\/title>\n<meta name=\"robots\" content=\"index, follow, max-snippet:-1, max-image-preview:large, max-video-preview:-1\" \/>\n<link rel=\"canonical\" href=\"https:\/\/vmsport.fi\/sv\/webbutik\/reservdelar\/vaxellador\/byte-av-bakvaxel\/bakre-omvandlare-ersattning-gh-009\/\" \/>\n<meta property=\"og:locale\" content=\"sv_SE\" \/>\n<meta property=\"og:type\" content=\"article\" \/>\n<meta property=\"og:title\" content=\"Takavaihtaja Korvake GH-009 - VM Sport\" \/>\n<meta property=\"og:description\" content=\"Polkupy\u00f6r\u00e4n takavaihtajan korvake, malli GH-009, on korkealaatuinen ja kest\u00e4v\u00e4 varaosa, joka varmistaa vaihteiden sujuvan ja ongelmattoman toiminnan. Sen tukeva metallirakenne tekee siit\u00e4 pitk\u00e4ik\u00e4isen ja luotettavan valinnan. T\u00e4m\u00e4 py\u00f6r\u00e4ilyn varaosa on suunniteltu siten, ett\u00e4 sen vaihtaminen k\u00e4y helposti, mik\u00e4 tekee siit\u00e4 ihanteellisen ratkaisun rikkoutuneen osan tilalle. Olipa py\u00f6r\u00e4ily sitten kaupunkiajoa tai vaativampia maastolenkkej\u00e4, GH-009 edist\u00e4\u00e4 py\u00f6r\u00e4n [...]L\u00e4s mer \u2026 from Takavaihtaja Korvake GH-009\" \/>\n<meta property=\"og:url\" content=\"https:\/\/vmsport.fi\/sv\/webbutik\/reservdelar\/vaxellador\/byte-av-bakvaxel\/bakre-omvandlare-ersattning-gh-009\/\" \/>\n<meta property=\"og:site_name\" content=\"VM Sport\" \/>\n<meta property=\"article:publisher\" content=\"https:\/\/www.facebook.com\/Vmsport.fi\/\" \/>\n<meta property=\"article:modified_time\" content=\"2026-04-22T12:07:14+00:00\" \/>\n<meta property=\"og:image\" content=\"https:\/\/vmsport.fi\/wp-content\/uploads\/2025\/03\/gh-009-1.jpg\" \/>\n\t<meta property=\"og:image:width\" content=\"832\" \/>\n\t<meta property=\"og:image:height\" content=\"1000\" \/>\n\t<meta property=\"og:image:type\" content=\"image\/jpeg\" \/>\n<meta name=\"twitter:card\" content=\"summary_large_image\" \/>\n<script type=\"application\/ld+json\" class=\"yoast-schema-graph\">{\"@context\":\"https:\\\/\\\/schema.org\",\"@graph\":[{\"@type\":[\"WebPage\",\"ItemPage\"],\"@id\":\"https:\\\/\\\/vmsport.fi\\\/verkkokauppa\\\/varaosat\\\/vaihteistot\\\/takavaihtajan-korvake\\\/takavaihtaja-korvake-gh-009\\\/\",\"url\":\"https:\\\/\\\/vmsport.fi\\\/verkkokauppa\\\/varaosat\\\/vaihteistot\\\/takavaihtajan-korvake\\\/takavaihtaja-korvake-gh-009\\\/\",\"name\":\"Takavaihtaja Korvake GH-009 - VM Sport\",\"isPartOf\":{\"@id\":\"https:\\\/\\\/vmsport.fi\\\/#website\"},\"primaryImageOfPage\":{\"@id\":\"https:\\\/\\\/vmsport.fi\\\/verkkokauppa\\\/varaosat\\\/vaihteistot\\\/takavaihtajan-korvake\\\/takavaihtaja-korvake-gh-009\\\/#primaryimage\"},\"image\":{\"@id\":\"https:\\\/\\\/vmsport.fi\\\/verkkokauppa\\\/varaosat\\\/vaihteistot\\\/takavaihtajan-korvake\\\/takavaihtaja-korvake-gh-009\\\/#primaryimage\"},\"thumbnailUrl\":\"https:\\\/\\\/vmsport.fi\\\/wp-content\\\/uploads\\\/2025\\\/03\\\/gh-009-1.jpg\",\"datePublished\":\"2025-03-05T21:58:02+00:00\",\"dateModified\":\"2026-04-22T12:07:14+00:00\",\"breadcrumb\":{\"@id\":\"https:\\\/\\\/vmsport.fi\\\/verkkokauppa\\\/varaosat\\\/vaihteistot\\\/takavaihtajan-korvake\\\/takavaihtaja-korvake-gh-009\\\/#breadcrumb\"},\"inLanguage\":\"sv-SE\",\"potentialAction\":[{\"@type\":\"ReadAction\",\"target\":[\"https:\\\/\\\/vmsport.fi\\\/verkkokauppa\\\/varaosat\\\/vaihteistot\\\/takavaihtajan-korvake\\\/takavaihtaja-korvake-gh-009\\\/\"]}]},{\"@type\":\"ImageObject\",\"inLanguage\":\"sv-SE\",\"@id\":\"https:\\\/\\\/vmsport.fi\\\/verkkokauppa\\\/varaosat\\\/vaihteistot\\\/takavaihtajan-korvake\\\/takavaihtaja-korvake-gh-009\\\/#primaryimage\",\"url\":\"https:\\\/\\\/vmsport.fi\\\/wp-content\\\/uploads\\\/2025\\\/03\\\/gh-009-1.jpg\",\"contentUrl\":\"https:\\\/\\\/vmsport.fi\\\/wp-content\\\/uploads\\\/2025\\\/03\\\/gh-009-1.jpg\",\"width\":832,\"height\":1000,\"caption\":\"gh-009\"},{\"@type\":\"BreadcrumbList\",\"@id\":\"https:\\\/\\\/vmsport.fi\\\/verkkokauppa\\\/varaosat\\\/vaihteistot\\\/takavaihtajan-korvake\\\/takavaihtaja-korvake-gh-009\\\/#breadcrumb\",\"itemListElement\":[{\"@type\":\"ListItem\",\"position\":1,\"name\":\"Etusivu\",\"item\":\"https:\\\/\\\/vmsport.fi\\\/\"},{\"@type\":\"ListItem\",\"position\":2,\"name\":\"Online Store\",\"item\":\"https:\\\/\\\/vmsport.fi\\\/en\\\/online-store\\\/\"},{\"@type\":\"ListItem\",\"position\":3,\"name\":\"Takavaihtaja Korvake GH-009\"}]},{\"@type\":\"WebSite\",\"@id\":\"https:\\\/\\\/vmsport.fi\\\/#website\",\"url\":\"https:\\\/\\\/vmsport.fi\\\/\",\"name\":\"Vmsport\",\"description\":\"Kaikki py\u00f6r\u00e4ilyyn yhdest\u00e4 paikasta\",\"publisher\":{\"@id\":\"https:\\\/\\\/vmsport.fi\\\/#organization\"},\"potentialAction\":[{\"@type\":\"SearchAction\",\"target\":{\"@type\":\"EntryPoint\",\"urlTemplate\":\"https:\\\/\\\/vmsport.fi\\\/?s={search_term_string}\"},\"query-input\":{\"@type\":\"PropertyValueSpecification\",\"valueRequired\":true,\"valueName\":\"search_term_string\"}}],\"inLanguage\":\"sv-SE\"},{\"@type\":\"Organization\",\"@id\":\"https:\\\/\\\/vmsport.fi\\\/#organization\",\"name\":\"Vmsport\",\"url\":\"https:\\\/\\\/vmsport.fi\\\/\",\"logo\":{\"@type\":\"ImageObject\",\"inLanguage\":\"sv-SE\",\"@id\":\"https:\\\/\\\/vmsport.fi\\\/#\\\/schema\\\/logo\\\/image\\\/\",\"url\":\"https:\\\/\\\/vmsport.fi\\\/wp-content\\\/uploads\\\/2024\\\/12\\\/vm_sport_RGB_horisontal-e1734526017575.png\",\"contentUrl\":\"https:\\\/\\\/vmsport.fi\\\/wp-content\\\/uploads\\\/2024\\\/12\\\/vm_sport_RGB_horisontal-e1734526017575.png\",\"width\":668,\"height\":85,\"caption\":\"Vmsport\"},\"image\":{\"@id\":\"https:\\\/\\\/vmsport.fi\\\/#\\\/schema\\\/logo\\\/image\\\/\"},\"sameAs\":[\"https:\\\/\\\/www.facebook.com\\\/Vmsport.fi\\\/\",\"https:\\\/\\\/www.instagram.com\\\/vmsport\\\/\"]}]}<\/script>\n<!-- \/ Yoast SEO plugin. -->","yoast_head_json":{"title":"Underram f\u00f6r bakre gaffeltruck GH-009 - VM Sport","robots":{"index":"index","follow":"follow","max-snippet":"max-snippet:-1","max-image-preview":"max-image-preview:large","max-video-preview":"max-video-preview:-1"},"canonical":"https:\/\/vmsport.fi\/sv\/webbutik\/reservdelar\/vaxellador\/byte-av-bakvaxel\/bakre-omvandlare-ersattning-gh-009\/","og_locale":"sv_SE","og_type":"article","og_title":"Takavaihtaja Korvake GH-009 - VM Sport","og_description":"Polkupy\u00f6r\u00e4n takavaihtajan korvake, malli GH-009, on korkealaatuinen ja kest\u00e4v\u00e4 varaosa, joka varmistaa vaihteiden sujuvan ja ongelmattoman toiminnan. Sen tukeva metallirakenne tekee siit\u00e4 pitk\u00e4ik\u00e4isen ja luotettavan valinnan. T\u00e4m\u00e4 py\u00f6r\u00e4ilyn varaosa on suunniteltu siten, ett\u00e4 sen vaihtaminen k\u00e4y helposti, mik\u00e4 tekee siit\u00e4 ihanteellisen ratkaisun rikkoutuneen osan tilalle. Olipa py\u00f6r\u00e4ily sitten kaupunkiajoa tai vaativampia maastolenkkej\u00e4, GH-009 edist\u00e4\u00e4 py\u00f6r\u00e4n [...]L\u00e4s mer \u2026 from Takavaihtaja Korvake GH-009","og_url":"https:\/\/vmsport.fi\/sv\/webbutik\/reservdelar\/vaxellador\/byte-av-bakvaxel\/bakre-omvandlare-ersattning-gh-009\/","og_site_name":"VM Sport","article_publisher":"https:\/\/www.facebook.com\/Vmsport.fi\/","article_modified_time":"2026-04-22T12:07:14+00:00","og_image":[{"width":832,"height":1000,"url":"https:\/\/vmsport.fi\/wp-content\/uploads\/2025\/03\/gh-009-1.jpg","type":"image\/jpeg"}],"twitter_card":"summary_large_image","schema":{"@context":"https:\/\/schema.org","@graph":[{"@type":["WebPage","ItemPage"],"@id":"https:\/\/vmsport.fi\/verkkokauppa\/varaosat\/vaihteistot\/takavaihtajan-korvake\/takavaihtaja-korvake-gh-009\/","url":"https:\/\/vmsport.fi\/verkkokauppa\/varaosat\/vaihteistot\/takavaihtajan-korvake\/takavaihtaja-korvake-gh-009\/","name":"Underram f\u00f6r bakre gaffeltruck GH-009 - VM Sport","isPartOf":{"@id":"https:\/\/vmsport.fi\/#website"},"primaryImageOfPage":{"@id":"https:\/\/vmsport.fi\/verkkokauppa\/varaosat\/vaihteistot\/takavaihtajan-korvake\/takavaihtaja-korvake-gh-009\/#primaryimage"},"image":{"@id":"https:\/\/vmsport.fi\/verkkokauppa\/varaosat\/vaihteistot\/takavaihtajan-korvake\/takavaihtaja-korvake-gh-009\/#primaryimage"},"thumbnailUrl":"https:\/\/vmsport.fi\/wp-content\/uploads\/2025\/03\/gh-009-1.jpg","datePublished":"2025-03-05T21:58:02+00:00","dateModified":"2026-04-22T12:07:14+00:00","breadcrumb":{"@id":"https:\/\/vmsport.fi\/verkkokauppa\/varaosat\/vaihteistot\/takavaihtajan-korvake\/takavaihtaja-korvake-gh-009\/#breadcrumb"},"inLanguage":"sv-SE","potentialAction":[{"@type":"ReadAction","target":["https:\/\/vmsport.fi\/verkkokauppa\/varaosat\/vaihteistot\/takavaihtajan-korvake\/takavaihtaja-korvake-gh-009\/"]}]},{"@type":"ImageObject","inLanguage":"sv-SE","@id":"https:\/\/vmsport.fi\/verkkokauppa\/varaosat\/vaihteistot\/takavaihtajan-korvake\/takavaihtaja-korvake-gh-009\/#primaryimage","url":"https:\/\/vmsport.fi\/wp-content\/uploads\/2025\/03\/gh-009-1.jpg","contentUrl":"https:\/\/vmsport.fi\/wp-content\/uploads\/2025\/03\/gh-009-1.jpg","width":832,"height":1000,"caption":"gh-009"},{"@type":"BreadcrumbList","@id":"https:\/\/vmsport.fi\/verkkokauppa\/varaosat\/vaihteistot\/takavaihtajan-korvake\/takavaihtaja-korvake-gh-009\/#breadcrumb","itemListElement":[{"@type":"ListItem","position":1,"name":"Etusivu","item":"https:\/\/vmsport.fi\/"},{"@type":"ListItem","position":2,"name":"Online Store","item":"https:\/\/vmsport.fi\/en\/online-store\/"},{"@type":"ListItem","position":3,"name":"Takavaihtaja Korvake GH-009"}]},{"@type":"WebSite","@id":"https:\/\/vmsport.fi\/#website","url":"https:\/\/vmsport.fi\/","name":"Vmsport","description":"Allt p\u00e5 ett st\u00e4lle f\u00f6r cykling","publisher":{"@id":"https:\/\/vmsport.fi\/#organization"},"potentialAction":[{"@type":"SearchAction","target":{"@type":"EntryPoint","urlTemplate":"https:\/\/vmsport.fi\/?s={search_term_string}"},"query-input":{"@type":"PropertyValueSpecification","valueRequired":true,"valueName":"search_term_string"}}],"inLanguage":"sv-SE"},{"@type":"Organization","@id":"https:\/\/vmsport.fi\/#organization","name":"Vmsport","url":"https:\/\/vmsport.fi\/","logo":{"@type":"ImageObject","inLanguage":"sv-SE","@id":"https:\/\/vmsport.fi\/#\/schema\/logo\/image\/","url":"https:\/\/vmsport.fi\/wp-content\/uploads\/2024\/12\/vm_sport_RGB_horisontal-e1734526017575.png","contentUrl":"https:\/\/vmsport.fi\/wp-content\/uploads\/2024\/12\/vm_sport_RGB_horisontal-e1734526017575.png","width":668,"height":85,"caption":"Vmsport"},"image":{"@id":"https:\/\/vmsport.fi\/#\/schema\/logo\/image\/"},"sameAs":["https:\/\/www.facebook.com\/Vmsport.fi\/","https:\/\/www.instagram.com\/vmsport\/"]}]}},"global_unique_id":"","_links":{"self":[{"href":"https:\/\/vmsport.fi\/sv\/wp-json\/wp\/v2\/product\/54845","targetHints":{"allow":["GET"]}}],"collection":[{"href":"https:\/\/vmsport.fi\/sv\/wp-json\/wp\/v2\/product"}],"about":[{"href":"https:\/\/vmsport.fi\/sv\/wp-json\/wp\/v2\/types\/product"}],"replies":[{"embeddable":true,"href":"https:\/\/vmsport.fi\/sv\/wp-json\/wp\/v2\/comments?post=54845"}],"wp:featuredmedia":[{"embeddable":true,"href":"https:\/\/vmsport.fi\/sv\/wp-json\/wp\/v2\/media\/54844"}],"wp:attachment":[{"href":"https:\/\/vmsport.fi\/sv\/wp-json\/wp\/v2\/media?parent=54845"}],"wp:term":[{"taxonomy":"product_brand","embeddable":true,"href":"https:\/\/vmsport.fi\/sv\/wp-json\/wp\/v2\/product_brand?post=54845"},{"taxonomy":"product_model","embeddable":true,"href":"https:\/\/vmsport.fi\/sv\/wp-json\/wp\/v2\/product_model?post=54845"},{"taxonomy":"product_cat","embeddable":true,"href":"https:\/\/vmsport.fi\/sv\/wp-json\/wp\/v2\/product_cat?post=54845"},{"taxonomy":"product_tag","embeddable":true,"href":"https:\/\/vmsport.fi\/sv\/wp-json\/wp\/v2\/product_tag?post=54845"},{"taxonomy":"industry_terminology","embeddable":true,"href":"https:\/\/vmsport.fi\/sv\/wp-json\/wp\/v2\/industry-terminology?post=54845"}],"curies":[{"name":"wp","href":"https:\/\/api.w.org\/{rel}","templated":true}]}}