{"id":54843,"date":"2025-03-05T23:58:01","date_gmt":"2025-03-05T21:58:01","guid":{"rendered":"https:\/\/vmsport.fi\/verkkokauppa\/Ei-luokiteltu\/poc-ms-infinite-all-mountain-shorts\/"},"modified":"2026-01-16T13:29:47","modified_gmt":"2026-01-16T11:29:47","slug":"poc-ms-infinite-all-mountain-shorts","status":"publish","type":"product","link":"https:\/\/vmsport.fi\/sv\/verkkokauppa\/ajovarusteet\/vaatteet\/shortsit\/poc-ms-infinite-all-mountain-shorts\/","title":{"rendered":"POC M's Infinite All-mountain shorts"},"content":{"rendered":"<p>POC M's Infinite All-Mountain Shorts \u00e4r designade f\u00f6r att klara kr\u00e4vande f\u00f6rh\u00e5llanden, med ett flexibelt tyg kombinerat med ett starkt Cordura-material. Vind- och fuktavvisande egenskaper f\u00f6rst\u00e4rks av en slitstark vattenavvisande bel\u00e4ggning, vilket g\u00f6r dem idealiska f\u00f6r varierande v\u00e4derf\u00f6rh\u00e5llanden. Materialet med fyrv\u00e4gsstretch ger komfort och r\u00f6relsefrihet, medan den noggrant utformade sk\u00e4rningen ger en snygg och avslappnad look.<\/p>\n<p>Det l\u00e4ngre snittet str\u00e4cker sig \u00f6ver kn\u00e4na, vilket ger extra skydd och g\u00f6r det enkelt att anv\u00e4nda kn\u00e4skydd. Externa kardborrekn\u00e4ppningar i midjan g\u00f6r att passformen kan justeras efter individuella \u00f6nskem\u00e5l. Cykeloptimerade kn\u00e4partier f\u00f6r \u00f6kad r\u00f6relsefrihet. Det mjuka tyget \u00e4r bekv\u00e4mt mot huden och minskar skav under l\u00e5nga cykelturer, \u00e4ven om det kan k\u00e4nnas lite varmt i varmt v\u00e4der.<\/p>\n<p>Ventilationen f\u00f6rb\u00e4ttras genom blixtl\u00e5s\u00f6ppningar i l\u00e5ren. En liten ficka med dragkedja baktill i midjan och sidofickor med \u00f6verlappande st\u00e4ngning g\u00f6r plagget mer praktiskt. F\u00f6rst\u00e4rkt bakpanel f\u00f6r \u00f6kad h\u00e5llbarhet mot n\u00f6tning. Dessa m\u00e5ngsidiga shorts \u00e4r idealiska f\u00f6r en m\u00e4ngd olika cykeldiscipliner, inklusive trail, offroad och enduro, och erbjuder komfort och funktionalitet f\u00f6r ett brett utbud av aktiviteter.<\/p>","protected":false},"excerpt":{"rendered":"<p>POC M&#8217;s Infinite All-Mountain Shorts on suunniteltu kest\u00e4m\u00e4\u00e4n vaativissa olosuhteissa, ja niiden joustava kangas on yhdistetty vahvaan Cordura-materiaaliin. Tuulen- ja kosteudenkestoa tehostaa kest\u00e4v\u00e4 vett\u00e4hylkiv\u00e4 pinnoite, mik\u00e4 tekee niist\u00e4 erinomaiset vaihteleviin s\u00e4\u00e4olosuhteisiin. Nelj\u00e4\u00e4n suuntaan joustava materiaali takaa mukavuuden ja liikkumisen vapauden, kun taas huolellisesti suunniteltu leikkaus yhdist\u00e4\u00e4 tyylikk\u00e4\u00e4n ja rennon ilmeen. Pidempi leikkaus ulottuu polvien yli, [&#8230;]<\/p>\n<p><a class=\"btn btn-secondary understrap-read-more-link\" href=\"https:\/\/vmsport.fi\/sv\/verkkokauppa\/ajovarusteet\/vaatteet\/shortsit\/poc-ms-infinite-all-mountain-shorts\/\">L\u00e4s mer \u2026<span class=\"screen-reader-text\"> from POC M&#8217;s Infinite All-mountain Shorts<\/span><\/a><\/p>\n","protected":false},"featured_media":54840,"comment_status":"open","ping_status":"closed","template":"","meta":{"_acf_changed":false,"_improvement_type_select":"improve_an_existing","_thumb_yes_seoaic":false,"_frame_yes_seoaic":false,"seoaic_generate_description":"","seoaic_improve_instructions_prompt":"","seoaic_rollback_content_improvement":"","seoaic_idea_thumbnail_generator":"","thumbnail_generated":false,"thumbnail_generate_prompt":"","seoaic_article_description":"","_supplier_stock_quantity":0},"product_brand":[],"product_model":[],"product_cat":[9462],"product_tag":[],"industry-terminology":[],"class_list":{"0":"post-54843","1":"product","2":"type-product","3":"status-publish","4":"has-post-thumbnail","6":"product_cat-shortsit","8":"first","9":"instock","10":"taxable","11":"shipping-taxable","12":"purchasable","13":"product-type-variable"},"acf":{"bike_features":null,"overview":{"copy_overview":null,"key_features":null,"statement":"","youtube_url":""}},"yoast_head":"<!-- This site is optimized with the Yoast SEO plugin v27.3 - https:\/\/yoast.com\/product\/yoast-seo-wordpress\/ -->\n<title>POC M&#039;s Infinite All-mountain Shorts - VM Sport<\/title>\n<meta name=\"robots\" content=\"index, follow, max-snippet:-1, max-image-preview:large, max-video-preview:-1\" \/>\n<link rel=\"canonical\" href=\"https:\/\/vmsport.fi\/sv\/webbutik\/korutrustning\/klader\/shorts\/poc-ms-infinite-all-mountain-shorts\/\" \/>\n<meta property=\"og:locale\" content=\"sv_SE\" \/>\n<meta property=\"og:type\" content=\"article\" \/>\n<meta property=\"og:title\" content=\"POC M&#039;s Infinite All-mountain Shorts - VM Sport\" \/>\n<meta property=\"og:description\" content=\"POC M&#8217;s Infinite All-Mountain Shorts on suunniteltu kest\u00e4m\u00e4\u00e4n vaativissa olosuhteissa, ja niiden joustava kangas on yhdistetty vahvaan Cordura-materiaaliin. Tuulen- ja kosteudenkestoa tehostaa kest\u00e4v\u00e4 vett\u00e4hylkiv\u00e4 pinnoite, mik\u00e4 tekee niist\u00e4 erinomaiset vaihteleviin s\u00e4\u00e4olosuhteisiin. Nelj\u00e4\u00e4n suuntaan joustava materiaali takaa mukavuuden ja liikkumisen vapauden, kun taas huolellisesti suunniteltu leikkaus yhdist\u00e4\u00e4 tyylikk\u00e4\u00e4n ja rennon ilmeen. Pidempi leikkaus ulottuu polvien yli, [...]L\u00e4s mer \u2026 from POC M&#8217;s Infinite All-mountain Shorts\" \/>\n<meta property=\"og:url\" content=\"https:\/\/vmsport.fi\/sv\/webbutik\/korutrustning\/klader\/shorts\/poc-ms-infinite-all-mountain-shorts\/\" \/>\n<meta property=\"og:site_name\" content=\"VM Sport\" \/>\n<meta property=\"article:publisher\" content=\"https:\/\/www.facebook.com\/Vmsport.fi\/\" \/>\n<meta property=\"article:modified_time\" content=\"2026-01-16T11:29:47+00:00\" \/>\n<meta property=\"og:image\" content=\"https:\/\/vmsport.fi\/wp-content\/uploads\/2025\/03\/Ms-Infinite-All-mountain-shorts-52755-UraniumBlack-1002-front-1.png\" \/>\n\t<meta property=\"og:image:width\" content=\"1000\" \/>\n\t<meta property=\"og:image:height\" content=\"1000\" \/>\n\t<meta property=\"og:image:type\" content=\"image\/png\" \/>\n<meta name=\"twitter:card\" content=\"summary_large_image\" \/>\n<meta name=\"twitter:label1\" content=\"Ber\u00e4knad l\u00e4stid\" \/>\n\t<meta name=\"twitter:data1\" content=\"1 minut\" \/>\n<script type=\"application\/ld+json\" class=\"yoast-schema-graph\">{\"@context\":\"https:\\\/\\\/schema.org\",\"@graph\":[{\"@type\":[\"WebPage\",\"ItemPage\"],\"@id\":\"https:\\\/\\\/vmsport.fi\\\/verkkokauppa\\\/ajovarusteet\\\/vaatteet\\\/shortsit\\\/poc-ms-infinite-all-mountain-shorts\\\/\",\"url\":\"https:\\\/\\\/vmsport.fi\\\/verkkokauppa\\\/ajovarusteet\\\/vaatteet\\\/shortsit\\\/poc-ms-infinite-all-mountain-shorts\\\/\",\"name\":\"POC M's Infinite All-mountain Shorts - VM Sport\",\"isPartOf\":{\"@id\":\"https:\\\/\\\/vmsport.fi\\\/#website\"},\"primaryImageOfPage\":{\"@id\":\"https:\\\/\\\/vmsport.fi\\\/verkkokauppa\\\/ajovarusteet\\\/vaatteet\\\/shortsit\\\/poc-ms-infinite-all-mountain-shorts\\\/#primaryimage\"},\"image\":{\"@id\":\"https:\\\/\\\/vmsport.fi\\\/verkkokauppa\\\/ajovarusteet\\\/vaatteet\\\/shortsit\\\/poc-ms-infinite-all-mountain-shorts\\\/#primaryimage\"},\"thumbnailUrl\":\"https:\\\/\\\/vmsport.fi\\\/wp-content\\\/uploads\\\/2025\\\/03\\\/Ms-Infinite-All-mountain-shorts-52755-UraniumBlack-1002-front-1.png\",\"datePublished\":\"2025-03-05T21:58:01+00:00\",\"dateModified\":\"2026-01-16T11:29:47+00:00\",\"breadcrumb\":{\"@id\":\"https:\\\/\\\/vmsport.fi\\\/verkkokauppa\\\/ajovarusteet\\\/vaatteet\\\/shortsit\\\/poc-ms-infinite-all-mountain-shorts\\\/#breadcrumb\"},\"inLanguage\":\"sv-SE\",\"potentialAction\":[{\"@type\":\"ReadAction\",\"target\":[\"https:\\\/\\\/vmsport.fi\\\/verkkokauppa\\\/ajovarusteet\\\/vaatteet\\\/shortsit\\\/poc-ms-infinite-all-mountain-shorts\\\/\"]}]},{\"@type\":\"ImageObject\",\"inLanguage\":\"sv-SE\",\"@id\":\"https:\\\/\\\/vmsport.fi\\\/verkkokauppa\\\/ajovarusteet\\\/vaatteet\\\/shortsit\\\/poc-ms-infinite-all-mountain-shorts\\\/#primaryimage\",\"url\":\"https:\\\/\\\/vmsport.fi\\\/wp-content\\\/uploads\\\/2025\\\/03\\\/Ms-Infinite-All-mountain-shorts-52755-UraniumBlack-1002-front-1.png\",\"contentUrl\":\"https:\\\/\\\/vmsport.fi\\\/wp-content\\\/uploads\\\/2025\\\/03\\\/Ms-Infinite-All-mountain-shorts-52755-UraniumBlack-1002-front-1.png\",\"width\":1000,\"height\":1000,\"caption\":\"Ms-Infinite-All-mountain-shorts-52755-UraniumBlack-1002-front\"},{\"@type\":\"BreadcrumbList\",\"@id\":\"https:\\\/\\\/vmsport.fi\\\/verkkokauppa\\\/ajovarusteet\\\/vaatteet\\\/shortsit\\\/poc-ms-infinite-all-mountain-shorts\\\/#breadcrumb\",\"itemListElement\":[{\"@type\":\"ListItem\",\"position\":1,\"name\":\"Etusivu\",\"item\":\"https:\\\/\\\/vmsport.fi\\\/\"},{\"@type\":\"ListItem\",\"position\":2,\"name\":\"Online Store\",\"item\":\"https:\\\/\\\/vmsport.fi\\\/en\\\/online-store\\\/\"},{\"@type\":\"ListItem\",\"position\":3,\"name\":\"POC M&#8217;s Infinite All-mountain Shorts\"}]},{\"@type\":\"WebSite\",\"@id\":\"https:\\\/\\\/vmsport.fi\\\/#website\",\"url\":\"https:\\\/\\\/vmsport.fi\\\/\",\"name\":\"Vmsport\",\"description\":\"Kaikki py\u00f6r\u00e4ilyyn yhdest\u00e4 paikasta\",\"publisher\":{\"@id\":\"https:\\\/\\\/vmsport.fi\\\/#organization\"},\"potentialAction\":[{\"@type\":\"SearchAction\",\"target\":{\"@type\":\"EntryPoint\",\"urlTemplate\":\"https:\\\/\\\/vmsport.fi\\\/?s={search_term_string}\"},\"query-input\":{\"@type\":\"PropertyValueSpecification\",\"valueRequired\":true,\"valueName\":\"search_term_string\"}}],\"inLanguage\":\"sv-SE\"},{\"@type\":\"Organization\",\"@id\":\"https:\\\/\\\/vmsport.fi\\\/#organization\",\"name\":\"Vmsport\",\"url\":\"https:\\\/\\\/vmsport.fi\\\/\",\"logo\":{\"@type\":\"ImageObject\",\"inLanguage\":\"sv-SE\",\"@id\":\"https:\\\/\\\/vmsport.fi\\\/#\\\/schema\\\/logo\\\/image\\\/\",\"url\":\"https:\\\/\\\/vmsport.fi\\\/wp-content\\\/uploads\\\/2024\\\/12\\\/vm_sport_RGB_horisontal-e1734526017575.png\",\"contentUrl\":\"https:\\\/\\\/vmsport.fi\\\/wp-content\\\/uploads\\\/2024\\\/12\\\/vm_sport_RGB_horisontal-e1734526017575.png\",\"width\":668,\"height\":85,\"caption\":\"Vmsport\"},\"image\":{\"@id\":\"https:\\\/\\\/vmsport.fi\\\/#\\\/schema\\\/logo\\\/image\\\/\"},\"sameAs\":[\"https:\\\/\\\/www.facebook.com\\\/Vmsport.fi\\\/\",\"https:\\\/\\\/www.instagram.com\\\/vmsport\\\/\"]}]}<\/script>\n<!-- \/ Yoast SEO plugin. -->","yoast_head_json":{"title":"POC M's Infinite All-mountain shorts - VM Sport","robots":{"index":"index","follow":"follow","max-snippet":"max-snippet:-1","max-image-preview":"max-image-preview:large","max-video-preview":"max-video-preview:-1"},"canonical":"https:\/\/vmsport.fi\/sv\/webbutik\/korutrustning\/klader\/shorts\/poc-ms-infinite-all-mountain-shorts\/","og_locale":"sv_SE","og_type":"article","og_title":"POC M's Infinite All-mountain Shorts - VM Sport","og_description":"POC M&#8217;s Infinite All-Mountain Shorts on suunniteltu kest\u00e4m\u00e4\u00e4n vaativissa olosuhteissa, ja niiden joustava kangas on yhdistetty vahvaan Cordura-materiaaliin. Tuulen- ja kosteudenkestoa tehostaa kest\u00e4v\u00e4 vett\u00e4hylkiv\u00e4 pinnoite, mik\u00e4 tekee niist\u00e4 erinomaiset vaihteleviin s\u00e4\u00e4olosuhteisiin. Nelj\u00e4\u00e4n suuntaan joustava materiaali takaa mukavuuden ja liikkumisen vapauden, kun taas huolellisesti suunniteltu leikkaus yhdist\u00e4\u00e4 tyylikk\u00e4\u00e4n ja rennon ilmeen. Pidempi leikkaus ulottuu polvien yli, [...]L\u00e4s mer \u2026 from POC M&#8217;s Infinite All-mountain Shorts","og_url":"https:\/\/vmsport.fi\/sv\/webbutik\/korutrustning\/klader\/shorts\/poc-ms-infinite-all-mountain-shorts\/","og_site_name":"VM Sport","article_publisher":"https:\/\/www.facebook.com\/Vmsport.fi\/","article_modified_time":"2026-01-16T11:29:47+00:00","og_image":[{"width":1000,"height":1000,"url":"https:\/\/vmsport.fi\/wp-content\/uploads\/2025\/03\/Ms-Infinite-All-mountain-shorts-52755-UraniumBlack-1002-front-1.png","type":"image\/png"}],"twitter_card":"summary_large_image","twitter_misc":{"Ber\u00e4knad l\u00e4stid":"1 minut"},"schema":{"@context":"https:\/\/schema.org","@graph":[{"@type":["WebPage","ItemPage"],"@id":"https:\/\/vmsport.fi\/verkkokauppa\/ajovarusteet\/vaatteet\/shortsit\/poc-ms-infinite-all-mountain-shorts\/","url":"https:\/\/vmsport.fi\/verkkokauppa\/ajovarusteet\/vaatteet\/shortsit\/poc-ms-infinite-all-mountain-shorts\/","name":"POC M's Infinite All-mountain shorts - VM Sport","isPartOf":{"@id":"https:\/\/vmsport.fi\/#website"},"primaryImageOfPage":{"@id":"https:\/\/vmsport.fi\/verkkokauppa\/ajovarusteet\/vaatteet\/shortsit\/poc-ms-infinite-all-mountain-shorts\/#primaryimage"},"image":{"@id":"https:\/\/vmsport.fi\/verkkokauppa\/ajovarusteet\/vaatteet\/shortsit\/poc-ms-infinite-all-mountain-shorts\/#primaryimage"},"thumbnailUrl":"https:\/\/vmsport.fi\/wp-content\/uploads\/2025\/03\/Ms-Infinite-All-mountain-shorts-52755-UraniumBlack-1002-front-1.png","datePublished":"2025-03-05T21:58:01+00:00","dateModified":"2026-01-16T11:29:47+00:00","breadcrumb":{"@id":"https:\/\/vmsport.fi\/verkkokauppa\/ajovarusteet\/vaatteet\/shortsit\/poc-ms-infinite-all-mountain-shorts\/#breadcrumb"},"inLanguage":"sv-SE","potentialAction":[{"@type":"ReadAction","target":["https:\/\/vmsport.fi\/verkkokauppa\/ajovarusteet\/vaatteet\/shortsit\/poc-ms-infinite-all-mountain-shorts\/"]}]},{"@type":"ImageObject","inLanguage":"sv-SE","@id":"https:\/\/vmsport.fi\/verkkokauppa\/ajovarusteet\/vaatteet\/shortsit\/poc-ms-infinite-all-mountain-shorts\/#primaryimage","url":"https:\/\/vmsport.fi\/wp-content\/uploads\/2025\/03\/Ms-Infinite-All-mountain-shorts-52755-UraniumBlack-1002-front-1.png","contentUrl":"https:\/\/vmsport.fi\/wp-content\/uploads\/2025\/03\/Ms-Infinite-All-mountain-shorts-52755-UraniumBlack-1002-front-1.png","width":1000,"height":1000,"caption":"Ms-Infinite-All-mountain-shorts-52755-UraniumBlack-1002-front"},{"@type":"BreadcrumbList","@id":"https:\/\/vmsport.fi\/verkkokauppa\/ajovarusteet\/vaatteet\/shortsit\/poc-ms-infinite-all-mountain-shorts\/#breadcrumb","itemListElement":[{"@type":"ListItem","position":1,"name":"Etusivu","item":"https:\/\/vmsport.fi\/"},{"@type":"ListItem","position":2,"name":"Online Store","item":"https:\/\/vmsport.fi\/en\/online-store\/"},{"@type":"ListItem","position":3,"name":"POC M&#8217;s Infinite All-mountain Shorts"}]},{"@type":"WebSite","@id":"https:\/\/vmsport.fi\/#website","url":"https:\/\/vmsport.fi\/","name":"Vmsport","description":"Allt p\u00e5 ett st\u00e4lle f\u00f6r cykling","publisher":{"@id":"https:\/\/vmsport.fi\/#organization"},"potentialAction":[{"@type":"SearchAction","target":{"@type":"EntryPoint","urlTemplate":"https:\/\/vmsport.fi\/?s={search_term_string}"},"query-input":{"@type":"PropertyValueSpecification","valueRequired":true,"valueName":"search_term_string"}}],"inLanguage":"sv-SE"},{"@type":"Organization","@id":"https:\/\/vmsport.fi\/#organization","name":"Vmsport","url":"https:\/\/vmsport.fi\/","logo":{"@type":"ImageObject","inLanguage":"sv-SE","@id":"https:\/\/vmsport.fi\/#\/schema\/logo\/image\/","url":"https:\/\/vmsport.fi\/wp-content\/uploads\/2024\/12\/vm_sport_RGB_horisontal-e1734526017575.png","contentUrl":"https:\/\/vmsport.fi\/wp-content\/uploads\/2024\/12\/vm_sport_RGB_horisontal-e1734526017575.png","width":668,"height":85,"caption":"Vmsport"},"image":{"@id":"https:\/\/vmsport.fi\/#\/schema\/logo\/image\/"},"sameAs":["https:\/\/www.facebook.com\/Vmsport.fi\/","https:\/\/www.instagram.com\/vmsport\/"]}]}},"global_unique_id":"","_links":{"self":[{"href":"https:\/\/vmsport.fi\/sv\/wp-json\/wp\/v2\/product\/54843","targetHints":{"allow":["GET"]}}],"collection":[{"href":"https:\/\/vmsport.fi\/sv\/wp-json\/wp\/v2\/product"}],"about":[{"href":"https:\/\/vmsport.fi\/sv\/wp-json\/wp\/v2\/types\/product"}],"replies":[{"embeddable":true,"href":"https:\/\/vmsport.fi\/sv\/wp-json\/wp\/v2\/comments?post=54843"}],"wp:featuredmedia":[{"embeddable":true,"href":"https:\/\/vmsport.fi\/sv\/wp-json\/wp\/v2\/media\/54840"}],"wp:attachment":[{"href":"https:\/\/vmsport.fi\/sv\/wp-json\/wp\/v2\/media?parent=54843"}],"wp:term":[{"taxonomy":"product_brand","embeddable":true,"href":"https:\/\/vmsport.fi\/sv\/wp-json\/wp\/v2\/product_brand?post=54843"},{"taxonomy":"product_model","embeddable":true,"href":"https:\/\/vmsport.fi\/sv\/wp-json\/wp\/v2\/product_model?post=54843"},{"taxonomy":"product_cat","embeddable":true,"href":"https:\/\/vmsport.fi\/sv\/wp-json\/wp\/v2\/product_cat?post=54843"},{"taxonomy":"product_tag","embeddable":true,"href":"https:\/\/vmsport.fi\/sv\/wp-json\/wp\/v2\/product_tag?post=54843"},{"taxonomy":"industry_terminology","embeddable":true,"href":"https:\/\/vmsport.fi\/sv\/wp-json\/wp\/v2\/industry-terminology?post=54843"}],"curies":[{"name":"wp","href":"https:\/\/api.w.org\/{rel}","templated":true}]}}