{"id":54839,"date":"2025-03-05T23:57:55","date_gmt":"2025-03-05T21:57:55","guid":{"rendered":"https:\/\/vmsport.fi\/verkkokauppa\/Ei-luokiteltu\/poc-octal-mips-fluorescent-orange-avip\/"},"modified":"2026-04-22T15:43:31","modified_gmt":"2026-04-22T12:43:31","slug":"poc-oktal-mips-fluorescerande-orange-avip","status":"publish","type":"product","link":"https:\/\/vmsport.fi\/sv\/verkkokauppa\/ajovarusteet\/kyparat\/maantiekyparat\/poc-octal-mips-fluorescent-orange-avip\/","title":{"rendered":"POC Octal MIPS Fluorescerande orange AVIP"},"content":{"rendered":"<p>POC Octal MIPS Fluorescent Orange AVIP -py\u00f6r\u00e4ilykyp\u00e4r\u00e4 yhdist\u00e4\u00e4 erinomaisen turvallisuuden ja mukavuuden. MIPS-j\u00e4rjestelm\u00e4 lis\u00e4\u00e4 suojan monisuuntaisia iskuja vastaan, ja paksumpi EPS-vuoraus kriittisill\u00e4 alueilla parantaa turvallisuutta s\u00e4ilytt\u00e4en samalla keveyden. Kyp\u00e4r\u00e4n yhten\u00e4inen kuori tehostaa rakenteen j\u00e4ykkyytt\u00e4 minimoiden painon. Suuret ilmanvaihtoaukot takaavat optimaalisen ilmankierron, mik\u00e4 lis\u00e4\u00e4 mukavuutta pitkien py\u00f6r\u00e4lenkkien aikana. Koko p\u00e4\u00e4n peitt\u00e4v\u00e4 istuvuusj\u00e4rjestelm\u00e4 ja s\u00e4\u00e4dett\u00e4v\u00e4t hihnat takaavat t\u00e4ydellisen istuvuuden. Lis\u00e4ksi &#8220;Eye Garage&#8221; -ominaisuus mahdollistaa aurinkolasien turvallisen s\u00e4ilytyksen ajon aikana. Kirkkaan oranssi AVIP-v\u00e4ri parantaa n\u00e4kyvyytt\u00e4, ja unisex-malli sopii kaikille maantiepy\u00f6r\u00e4ilyn yst\u00e4ville. JCF-sertifioitu kyp\u00e4r\u00e4 tarjoaa modernia suojaa ja suorituskyky\u00e4.<\/p>","protected":false},"excerpt":{"rendered":"<p>POC Octal MIPS Fluorescent Orange AVIP -py\u00f6r\u00e4ilykyp\u00e4r\u00e4 yhdist\u00e4\u00e4 erinomaisen turvallisuuden ja mukavuuden. MIPS-j\u00e4rjestelm\u00e4 lis\u00e4\u00e4 suojan monisuuntaisia iskuja vastaan, ja paksumpi EPS-vuoraus kriittisill\u00e4 alueilla parantaa turvallisuutta s\u00e4ilytt\u00e4en samalla keveyden. Kyp\u00e4r\u00e4n yhten\u00e4inen kuori tehostaa rakenteen j\u00e4ykkyytt\u00e4 minimoiden painon. Suuret ilmanvaihtoaukot takaavat optimaalisen ilmankierron, mik\u00e4 lis\u00e4\u00e4 mukavuutta pitkien py\u00f6r\u00e4lenkkien aikana. Koko p\u00e4\u00e4n peitt\u00e4v\u00e4 istuvuusj\u00e4rjestelm\u00e4 ja s\u00e4\u00e4dett\u00e4v\u00e4t hihnat takaavat [&#8230;]<\/p>\n<p><a class=\"btn btn-secondary understrap-read-more-link\" href=\"https:\/\/vmsport.fi\/sv\/verkkokauppa\/ajovarusteet\/kyparat\/maantiekyparat\/poc-octal-mips-fluorescent-orange-avip\/\">L\u00e4s mer \u2026<span class=\"screen-reader-text\"> from POC Octal MIPS Fluorescent Orange AVIP<\/span><\/a><\/p>\n","protected":false},"featured_media":54835,"comment_status":"open","ping_status":"closed","template":"","meta":{"_acf_changed":false,"_improvement_type_select":"improve_an_existing","_thumb_yes_seoaic":false,"_frame_yes_seoaic":false,"seoaic_generate_description":"","seoaic_improve_instructions_prompt":"","seoaic_rollback_content_improvement":"","seoaic_idea_thumbnail_generator":"","thumbnail_generated":false,"thumbnail_generate_prompt":"","seoaic_article_description":"","_supplier_stock_quantity":0},"product_brand":[],"product_model":[],"product_cat":[9514],"product_tag":[],"industry-terminology":[],"class_list":{"0":"post-54839","1":"product","2":"type-product","3":"status-publish","4":"has-post-thumbnail","6":"product_cat-maantiekyparat","8":"first","9":"outofstock","10":"sale","11":"taxable","12":"shipping-taxable","13":"product-type-variable"},"acf":{"bike_features":null,"overview":{"copy_overview":null,"key_features":null,"statement":"","youtube_url":""}},"yoast_head":"<!-- This site is optimized with the Yoast SEO plugin v27.4 - https:\/\/yoast.com\/product\/yoast-seo-wordpress\/ -->\n<title>POC Octal MIPS Fluorescent Orange AVIP - VM Sport<\/title>\n<meta name=\"robots\" content=\"index, follow, max-snippet:-1, max-image-preview:large, max-video-preview:-1\" \/>\n<link rel=\"canonical\" href=\"https:\/\/vmsport.fi\/sv\/webbutik\/korutrustning\/kyparat\/vagassistans\/poc-oktal-mips-fluorescerande-orange-avip\/\" \/>\n<meta property=\"og:locale\" content=\"sv_SE\" \/>\n<meta property=\"og:type\" content=\"article\" \/>\n<meta property=\"og:title\" content=\"POC Octal MIPS Fluorescent Orange AVIP - VM Sport\" \/>\n<meta property=\"og:description\" content=\"POC Octal MIPS Fluorescent Orange AVIP -py\u00f6r\u00e4ilykyp\u00e4r\u00e4 yhdist\u00e4\u00e4 erinomaisen turvallisuuden ja mukavuuden. MIPS-j\u00e4rjestelm\u00e4 lis\u00e4\u00e4 suojan monisuuntaisia iskuja vastaan, ja paksumpi EPS-vuoraus kriittisill\u00e4 alueilla parantaa turvallisuutta s\u00e4ilytt\u00e4en samalla keveyden. Kyp\u00e4r\u00e4n yhten\u00e4inen kuori tehostaa rakenteen j\u00e4ykkyytt\u00e4 minimoiden painon. Suuret ilmanvaihtoaukot takaavat optimaalisen ilmankierron, mik\u00e4 lis\u00e4\u00e4 mukavuutta pitkien py\u00f6r\u00e4lenkkien aikana. Koko p\u00e4\u00e4n peitt\u00e4v\u00e4 istuvuusj\u00e4rjestelm\u00e4 ja s\u00e4\u00e4dett\u00e4v\u00e4t hihnat takaavat [...]L\u00e4s mer \u2026 from POC Octal MIPS Fluorescent Orange AVIP\" \/>\n<meta property=\"og:url\" content=\"https:\/\/vmsport.fi\/sv\/webbutik\/korutrustning\/kyparat\/vagassistans\/poc-oktal-mips-fluorescerande-orange-avip\/\" \/>\n<meta property=\"og:site_name\" content=\"VM Sport\" \/>\n<meta property=\"article:publisher\" content=\"https:\/\/www.facebook.com\/Vmsport.fi\/\" \/>\n<meta property=\"article:modified_time\" content=\"2026-04-22T12:43:31+00:00\" \/>\n<meta property=\"og:image\" content=\"https:\/\/vmsport.fi\/wp-content\/uploads\/2025\/03\/10607-OctalMIPS-1217-FluorescentOrangeAVIP-left-png-1.png\" \/>\n\t<meta property=\"og:image:width\" content=\"1000\" \/>\n\t<meta property=\"og:image:height\" content=\"1000\" \/>\n\t<meta property=\"og:image:type\" content=\"image\/png\" \/>\n<meta name=\"twitter:card\" content=\"summary_large_image\" \/>\n<meta name=\"twitter:label1\" content=\"Ber\u00e4knad l\u00e4stid\" \/>\n\t<meta name=\"twitter:data1\" content=\"1 minut\" \/>\n<script type=\"application\/ld+json\" class=\"yoast-schema-graph\">{\"@context\":\"https:\\\/\\\/schema.org\",\"@graph\":[{\"@type\":[\"WebPage\",\"ItemPage\"],\"@id\":\"https:\\\/\\\/vmsport.fi\\\/verkkokauppa\\\/ajovarusteet\\\/kyparat\\\/maantiekyparat\\\/poc-octal-mips-fluorescent-orange-avip\\\/\",\"url\":\"https:\\\/\\\/vmsport.fi\\\/verkkokauppa\\\/ajovarusteet\\\/kyparat\\\/maantiekyparat\\\/poc-octal-mips-fluorescent-orange-avip\\\/\",\"name\":\"POC Octal MIPS Fluorescent Orange AVIP - VM Sport\",\"isPartOf\":{\"@id\":\"https:\\\/\\\/vmsport.fi\\\/#website\"},\"primaryImageOfPage\":{\"@id\":\"https:\\\/\\\/vmsport.fi\\\/verkkokauppa\\\/ajovarusteet\\\/kyparat\\\/maantiekyparat\\\/poc-octal-mips-fluorescent-orange-avip\\\/#primaryimage\"},\"image\":{\"@id\":\"https:\\\/\\\/vmsport.fi\\\/verkkokauppa\\\/ajovarusteet\\\/kyparat\\\/maantiekyparat\\\/poc-octal-mips-fluorescent-orange-avip\\\/#primaryimage\"},\"thumbnailUrl\":\"https:\\\/\\\/vmsport.fi\\\/wp-content\\\/uploads\\\/2025\\\/03\\\/10607-OctalMIPS-1217-FluorescentOrangeAVIP-left-png-1.png\",\"datePublished\":\"2025-03-05T21:57:55+00:00\",\"dateModified\":\"2026-04-22T12:43:31+00:00\",\"breadcrumb\":{\"@id\":\"https:\\\/\\\/vmsport.fi\\\/verkkokauppa\\\/ajovarusteet\\\/kyparat\\\/maantiekyparat\\\/poc-octal-mips-fluorescent-orange-avip\\\/#breadcrumb\"},\"inLanguage\":\"sv-SE\",\"potentialAction\":[{\"@type\":\"ReadAction\",\"target\":[\"https:\\\/\\\/vmsport.fi\\\/verkkokauppa\\\/ajovarusteet\\\/kyparat\\\/maantiekyparat\\\/poc-octal-mips-fluorescent-orange-avip\\\/\"]}]},{\"@type\":\"ImageObject\",\"inLanguage\":\"sv-SE\",\"@id\":\"https:\\\/\\\/vmsport.fi\\\/verkkokauppa\\\/ajovarusteet\\\/kyparat\\\/maantiekyparat\\\/poc-octal-mips-fluorescent-orange-avip\\\/#primaryimage\",\"url\":\"https:\\\/\\\/vmsport.fi\\\/wp-content\\\/uploads\\\/2025\\\/03\\\/10607-OctalMIPS-1217-FluorescentOrangeAVIP-left-png-1.png\",\"contentUrl\":\"https:\\\/\\\/vmsport.fi\\\/wp-content\\\/uploads\\\/2025\\\/03\\\/10607-OctalMIPS-1217-FluorescentOrangeAVIP-left-png-1.png\",\"width\":1000,\"height\":1000,\"caption\":\"10607-OctalMIPS-1217-FluorescentOrangeAVIP-left-png\"},{\"@type\":\"BreadcrumbList\",\"@id\":\"https:\\\/\\\/vmsport.fi\\\/verkkokauppa\\\/ajovarusteet\\\/kyparat\\\/maantiekyparat\\\/poc-octal-mips-fluorescent-orange-avip\\\/#breadcrumb\",\"itemListElement\":[{\"@type\":\"ListItem\",\"position\":1,\"name\":\"Etusivu\",\"item\":\"https:\\\/\\\/vmsport.fi\\\/\"},{\"@type\":\"ListItem\",\"position\":2,\"name\":\"Online Store\",\"item\":\"https:\\\/\\\/vmsport.fi\\\/en\\\/online-store\\\/\"},{\"@type\":\"ListItem\",\"position\":3,\"name\":\"POC Octal MIPS Fluorescent Orange AVIP\"}]},{\"@type\":\"WebSite\",\"@id\":\"https:\\\/\\\/vmsport.fi\\\/#website\",\"url\":\"https:\\\/\\\/vmsport.fi\\\/\",\"name\":\"Vmsport\",\"description\":\"Kaikki py\u00f6r\u00e4ilyyn yhdest\u00e4 paikasta\",\"publisher\":{\"@id\":\"https:\\\/\\\/vmsport.fi\\\/#organization\"},\"potentialAction\":[{\"@type\":\"SearchAction\",\"target\":{\"@type\":\"EntryPoint\",\"urlTemplate\":\"https:\\\/\\\/vmsport.fi\\\/?s={search_term_string}\"},\"query-input\":{\"@type\":\"PropertyValueSpecification\",\"valueRequired\":true,\"valueName\":\"search_term_string\"}}],\"inLanguage\":\"sv-SE\"},{\"@type\":\"Organization\",\"@id\":\"https:\\\/\\\/vmsport.fi\\\/#organization\",\"name\":\"Vmsport\",\"url\":\"https:\\\/\\\/vmsport.fi\\\/\",\"logo\":{\"@type\":\"ImageObject\",\"inLanguage\":\"sv-SE\",\"@id\":\"https:\\\/\\\/vmsport.fi\\\/#\\\/schema\\\/logo\\\/image\\\/\",\"url\":\"https:\\\/\\\/vmsport.fi\\\/wp-content\\\/uploads\\\/2024\\\/12\\\/vm_sport_RGB_horisontal-e1734526017575.png\",\"contentUrl\":\"https:\\\/\\\/vmsport.fi\\\/wp-content\\\/uploads\\\/2024\\\/12\\\/vm_sport_RGB_horisontal-e1734526017575.png\",\"width\":668,\"height\":85,\"caption\":\"Vmsport\"},\"image\":{\"@id\":\"https:\\\/\\\/vmsport.fi\\\/#\\\/schema\\\/logo\\\/image\\\/\"},\"sameAs\":[\"https:\\\/\\\/www.facebook.com\\\/Vmsport.fi\\\/\",\"https:\\\/\\\/www.instagram.com\\\/vmsport\\\/\"]}]}<\/script>\n<!-- \/ Yoast SEO plugin. -->","yoast_head_json":{"title":"POC Octal MIPS Fluorescerande orange AVIP - VM Sport","robots":{"index":"index","follow":"follow","max-snippet":"max-snippet:-1","max-image-preview":"max-image-preview:large","max-video-preview":"max-video-preview:-1"},"canonical":"https:\/\/vmsport.fi\/sv\/webbutik\/korutrustning\/kyparat\/vagassistans\/poc-oktal-mips-fluorescerande-orange-avip\/","og_locale":"sv_SE","og_type":"article","og_title":"POC Octal MIPS Fluorescent Orange AVIP - VM Sport","og_description":"POC Octal MIPS Fluorescent Orange AVIP -py\u00f6r\u00e4ilykyp\u00e4r\u00e4 yhdist\u00e4\u00e4 erinomaisen turvallisuuden ja mukavuuden. MIPS-j\u00e4rjestelm\u00e4 lis\u00e4\u00e4 suojan monisuuntaisia iskuja vastaan, ja paksumpi EPS-vuoraus kriittisill\u00e4 alueilla parantaa turvallisuutta s\u00e4ilytt\u00e4en samalla keveyden. Kyp\u00e4r\u00e4n yhten\u00e4inen kuori tehostaa rakenteen j\u00e4ykkyytt\u00e4 minimoiden painon. Suuret ilmanvaihtoaukot takaavat optimaalisen ilmankierron, mik\u00e4 lis\u00e4\u00e4 mukavuutta pitkien py\u00f6r\u00e4lenkkien aikana. Koko p\u00e4\u00e4n peitt\u00e4v\u00e4 istuvuusj\u00e4rjestelm\u00e4 ja s\u00e4\u00e4dett\u00e4v\u00e4t hihnat takaavat [...]L\u00e4s mer \u2026 from POC Octal MIPS Fluorescent Orange AVIP","og_url":"https:\/\/vmsport.fi\/sv\/webbutik\/korutrustning\/kyparat\/vagassistans\/poc-oktal-mips-fluorescerande-orange-avip\/","og_site_name":"VM Sport","article_publisher":"https:\/\/www.facebook.com\/Vmsport.fi\/","article_modified_time":"2026-04-22T12:43:31+00:00","og_image":[{"width":1000,"height":1000,"url":"https:\/\/vmsport.fi\/wp-content\/uploads\/2025\/03\/10607-OctalMIPS-1217-FluorescentOrangeAVIP-left-png-1.png","type":"image\/png"}],"twitter_card":"summary_large_image","twitter_misc":{"Ber\u00e4knad l\u00e4stid":"1 minut"},"schema":{"@context":"https:\/\/schema.org","@graph":[{"@type":["WebPage","ItemPage"],"@id":"https:\/\/vmsport.fi\/verkkokauppa\/ajovarusteet\/kyparat\/maantiekyparat\/poc-octal-mips-fluorescent-orange-avip\/","url":"https:\/\/vmsport.fi\/verkkokauppa\/ajovarusteet\/kyparat\/maantiekyparat\/poc-octal-mips-fluorescent-orange-avip\/","name":"POC Octal MIPS Fluorescerande orange AVIP - VM Sport","isPartOf":{"@id":"https:\/\/vmsport.fi\/#website"},"primaryImageOfPage":{"@id":"https:\/\/vmsport.fi\/verkkokauppa\/ajovarusteet\/kyparat\/maantiekyparat\/poc-octal-mips-fluorescent-orange-avip\/#primaryimage"},"image":{"@id":"https:\/\/vmsport.fi\/verkkokauppa\/ajovarusteet\/kyparat\/maantiekyparat\/poc-octal-mips-fluorescent-orange-avip\/#primaryimage"},"thumbnailUrl":"https:\/\/vmsport.fi\/wp-content\/uploads\/2025\/03\/10607-OctalMIPS-1217-FluorescentOrangeAVIP-left-png-1.png","datePublished":"2025-03-05T21:57:55+00:00","dateModified":"2026-04-22T12:43:31+00:00","breadcrumb":{"@id":"https:\/\/vmsport.fi\/verkkokauppa\/ajovarusteet\/kyparat\/maantiekyparat\/poc-octal-mips-fluorescent-orange-avip\/#breadcrumb"},"inLanguage":"sv-SE","potentialAction":[{"@type":"ReadAction","target":["https:\/\/vmsport.fi\/verkkokauppa\/ajovarusteet\/kyparat\/maantiekyparat\/poc-octal-mips-fluorescent-orange-avip\/"]}]},{"@type":"ImageObject","inLanguage":"sv-SE","@id":"https:\/\/vmsport.fi\/verkkokauppa\/ajovarusteet\/kyparat\/maantiekyparat\/poc-octal-mips-fluorescent-orange-avip\/#primaryimage","url":"https:\/\/vmsport.fi\/wp-content\/uploads\/2025\/03\/10607-OctalMIPS-1217-FluorescentOrangeAVIP-left-png-1.png","contentUrl":"https:\/\/vmsport.fi\/wp-content\/uploads\/2025\/03\/10607-OctalMIPS-1217-FluorescentOrangeAVIP-left-png-1.png","width":1000,"height":1000,"caption":"10607-OctalMIPS-1217-FluorescentOrangeAVIP-left-png"},{"@type":"BreadcrumbList","@id":"https:\/\/vmsport.fi\/verkkokauppa\/ajovarusteet\/kyparat\/maantiekyparat\/poc-octal-mips-fluorescent-orange-avip\/#breadcrumb","itemListElement":[{"@type":"ListItem","position":1,"name":"Etusivu","item":"https:\/\/vmsport.fi\/"},{"@type":"ListItem","position":2,"name":"Online Store","item":"https:\/\/vmsport.fi\/en\/online-store\/"},{"@type":"ListItem","position":3,"name":"POC Octal MIPS Fluorescent Orange AVIP"}]},{"@type":"WebSite","@id":"https:\/\/vmsport.fi\/#website","url":"https:\/\/vmsport.fi\/","name":"Vmsport","description":"Allt p\u00e5 ett st\u00e4lle f\u00f6r cykling","publisher":{"@id":"https:\/\/vmsport.fi\/#organization"},"potentialAction":[{"@type":"SearchAction","target":{"@type":"EntryPoint","urlTemplate":"https:\/\/vmsport.fi\/?s={search_term_string}"},"query-input":{"@type":"PropertyValueSpecification","valueRequired":true,"valueName":"search_term_string"}}],"inLanguage":"sv-SE"},{"@type":"Organization","@id":"https:\/\/vmsport.fi\/#organization","name":"Vmsport","url":"https:\/\/vmsport.fi\/","logo":{"@type":"ImageObject","inLanguage":"sv-SE","@id":"https:\/\/vmsport.fi\/#\/schema\/logo\/image\/","url":"https:\/\/vmsport.fi\/wp-content\/uploads\/2024\/12\/vm_sport_RGB_horisontal-e1734526017575.png","contentUrl":"https:\/\/vmsport.fi\/wp-content\/uploads\/2024\/12\/vm_sport_RGB_horisontal-e1734526017575.png","width":668,"height":85,"caption":"Vmsport"},"image":{"@id":"https:\/\/vmsport.fi\/#\/schema\/logo\/image\/"},"sameAs":["https:\/\/www.facebook.com\/Vmsport.fi\/","https:\/\/www.instagram.com\/vmsport\/"]}]}},"global_unique_id":"","_links":{"self":[{"href":"https:\/\/vmsport.fi\/sv\/wp-json\/wp\/v2\/product\/54839","targetHints":{"allow":["GET"]}}],"collection":[{"href":"https:\/\/vmsport.fi\/sv\/wp-json\/wp\/v2\/product"}],"about":[{"href":"https:\/\/vmsport.fi\/sv\/wp-json\/wp\/v2\/types\/product"}],"replies":[{"embeddable":true,"href":"https:\/\/vmsport.fi\/sv\/wp-json\/wp\/v2\/comments?post=54839"}],"wp:featuredmedia":[{"embeddable":true,"href":"https:\/\/vmsport.fi\/sv\/wp-json\/wp\/v2\/media\/54835"}],"wp:attachment":[{"href":"https:\/\/vmsport.fi\/sv\/wp-json\/wp\/v2\/media?parent=54839"}],"wp:term":[{"taxonomy":"product_brand","embeddable":true,"href":"https:\/\/vmsport.fi\/sv\/wp-json\/wp\/v2\/product_brand?post=54839"},{"taxonomy":"product_model","embeddable":true,"href":"https:\/\/vmsport.fi\/sv\/wp-json\/wp\/v2\/product_model?post=54839"},{"taxonomy":"product_cat","embeddable":true,"href":"https:\/\/vmsport.fi\/sv\/wp-json\/wp\/v2\/product_cat?post=54839"},{"taxonomy":"product_tag","embeddable":true,"href":"https:\/\/vmsport.fi\/sv\/wp-json\/wp\/v2\/product_tag?post=54839"},{"taxonomy":"industry_terminology","embeddable":true,"href":"https:\/\/vmsport.fi\/sv\/wp-json\/wp\/v2\/industry-terminology?post=54839"}],"curies":[{"name":"wp","href":"https:\/\/api.w.org\/{rel}","templated":true}]}}