{"id":54829,"date":"2025-03-05T23:57:43","date_gmt":"2025-03-05T21:57:43","guid":{"rendered":"https:\/\/vmsport.fi\/verkkokauppa\/Ei-luokiteltu\/evzero-blades-pol-blk-w-prizm-road\/"},"modified":"2026-04-22T15:04:01","modified_gmt":"2026-04-22T12:04:01","slug":"evzero-blad-pol-blk-w-prizm-road","status":"publish","type":"product","link":"https:\/\/vmsport.fi\/sv\/verkkokauppa\/ajovarusteet\/ajolasit\/evzero-blades-pol-blk-w-prizm-road\/","title":{"rendered":"EVZero Blad Pol Blk med PRIZM Road"},"content":{"rendered":"<p>EVZero Blades solglas\u00f6gon kombinerar l\u00e4ttviktskonstruktion med en sportig design som f\u00f6rb\u00e4ttrar prestanda och komfort. Den svarta ramen ger ett elegant utseende, medan PRIZM Road-linserna optimerar kontrasten och f\u00f6rb\u00e4ttrar synligheten i varierande ljusf\u00f6rh\u00e5llanden. Solglas\u00f6gonen \u00e4r perfekta f\u00f6r en aktiv livsstil och \u00e4r utformade f\u00f6r att passa ansiktet perfekt utan st\u00f6rande b\u00e5gar. Den aerodynamiska designen s\u00e4kerst\u00e4ller att glas\u00f6gonen sitter p\u00e5 plats \u00e4ven n\u00e4r du r\u00f6r dig snabbt, vilket g\u00f6r dem till ett utm\u00e4rkt val f\u00f6r cykling och andra utomhusaktiviteter.<\/p>","protected":false},"excerpt":{"rendered":"<p>EVZero Blades -aurinkolasit yhdist\u00e4v\u00e4t kevyen rakenteen ja urheilullisen muotoilun, jotka parantavat suorituskyky\u00e4 ja mukavuutta. Musta kehys luo tyylikk\u00e4\u00e4n ilmeen, ja PRIZM Road -linssit optimoivat kontrastin, parantaen n\u00e4kyvyytt\u00e4 vaihtelevissa valaistusolosuhteissa. N\u00e4m\u00e4 aurinkolasit ovat ihanteelliset aktiiviseen el\u00e4m\u00e4ntapaan, ja ne on suunniteltu sopimaan kasvoille t\u00e4ydellisesti ilman h\u00e4iritsevi\u00e4 kehyksi\u00e4. Aerodynaaminen muotoilu varmistaa, ett\u00e4 lasit pysyv\u00e4t paikoillaan my\u00f6s nopeassa liikkeess\u00e4, [&#8230;]<\/p>\n<p><a class=\"btn btn-secondary understrap-read-more-link\" href=\"https:\/\/vmsport.fi\/sv\/verkkokauppa\/ajovarusteet\/ajolasit\/evzero-blades-pol-blk-w-prizm-road\/\">L\u00e4s mer \u2026<span class=\"screen-reader-text\"> from EVZero Blades Pol Blk w\/ PRIZM Road<\/span><\/a><\/p>\n","protected":false},"featured_media":54827,"comment_status":"open","ping_status":"closed","template":"","meta":{"_acf_changed":false,"_improvement_type_select":"improve_an_existing","_thumb_yes_seoaic":false,"_frame_yes_seoaic":false,"seoaic_generate_description":"","seoaic_improve_instructions_prompt":"","seoaic_rollback_content_improvement":"","seoaic_idea_thumbnail_generator":"","thumbnail_generated":false,"thumbnail_generate_prompt":"","seoaic_article_description":"","_supplier_stock_quantity":0},"product_brand":[],"product_model":[],"product_cat":[9280],"product_tag":[],"industry-terminology":[],"class_list":{"0":"post-54829","1":"product","2":"type-product","3":"status-publish","4":"has-post-thumbnail","6":"product_cat-ajolasit","8":"first","9":"outofstock","10":"taxable","11":"shipping-taxable","12":"product-type-simple"},"acf":{"bike_features":null,"overview":{"copy_overview":null,"key_features":null,"statement":"","youtube_url":""}},"yoast_head":"<!-- This site is optimized with the Yoast SEO plugin v27.4 - https:\/\/yoast.com\/product\/yoast-seo-wordpress\/ -->\n<title>EVZero Blades Pol Blk w\/ PRIZM Road - VM Sport<\/title>\n<meta name=\"robots\" content=\"index, follow, max-snippet:-1, max-image-preview:large, max-video-preview:-1\" \/>\n<link rel=\"canonical\" href=\"https:\/\/vmsport.fi\/sv\/webbutik\/korutrustning\/drivande-glasogon\/evzero-blad-pol-blk-w-prizm-road\/\" \/>\n<meta property=\"og:locale\" content=\"sv_SE\" \/>\n<meta property=\"og:type\" content=\"article\" \/>\n<meta property=\"og:title\" content=\"EVZero Blades Pol Blk w\/ PRIZM Road - VM Sport\" \/>\n<meta property=\"og:description\" content=\"EVZero Blades -aurinkolasit yhdist\u00e4v\u00e4t kevyen rakenteen ja urheilullisen muotoilun, jotka parantavat suorituskyky\u00e4 ja mukavuutta. Musta kehys luo tyylikk\u00e4\u00e4n ilmeen, ja PRIZM Road -linssit optimoivat kontrastin, parantaen n\u00e4kyvyytt\u00e4 vaihtelevissa valaistusolosuhteissa. N\u00e4m\u00e4 aurinkolasit ovat ihanteelliset aktiiviseen el\u00e4m\u00e4ntapaan, ja ne on suunniteltu sopimaan kasvoille t\u00e4ydellisesti ilman h\u00e4iritsevi\u00e4 kehyksi\u00e4. Aerodynaaminen muotoilu varmistaa, ett\u00e4 lasit pysyv\u00e4t paikoillaan my\u00f6s nopeassa liikkeess\u00e4, [...]L\u00e4s mer \u2026 from EVZero Blades Pol Blk w\/ PRIZM Road\" \/>\n<meta property=\"og:url\" content=\"https:\/\/vmsport.fi\/sv\/webbutik\/korutrustning\/drivande-glasogon\/evzero-blad-pol-blk-w-prizm-road\/\" \/>\n<meta property=\"og:site_name\" content=\"VM Sport\" \/>\n<meta property=\"article:publisher\" content=\"https:\/\/www.facebook.com\/Vmsport.fi\/\" \/>\n<meta property=\"article:modified_time\" content=\"2026-04-22T12:04:01+00:00\" \/>\n<meta property=\"og:image\" content=\"https:\/\/vmsport.fi\/wp-content\/uploads\/2025\/03\/2eebf465-40f0-44fb-aea4-6928636b8cb7-1.jpg\" \/>\n\t<meta property=\"og:image:width\" content=\"225\" \/>\n\t<meta property=\"og:image:height\" content=\"225\" \/>\n\t<meta property=\"og:image:type\" content=\"image\/jpeg\" \/>\n<meta name=\"twitter:card\" content=\"summary_large_image\" \/>\n<script type=\"application\/ld+json\" class=\"yoast-schema-graph\">{\"@context\":\"https:\\\/\\\/schema.org\",\"@graph\":[{\"@type\":[\"WebPage\",\"ItemPage\"],\"@id\":\"https:\\\/\\\/vmsport.fi\\\/verkkokauppa\\\/ajovarusteet\\\/ajolasit\\\/evzero-blades-pol-blk-w-prizm-road\\\/\",\"url\":\"https:\\\/\\\/vmsport.fi\\\/verkkokauppa\\\/ajovarusteet\\\/ajolasit\\\/evzero-blades-pol-blk-w-prizm-road\\\/\",\"name\":\"EVZero Blades Pol Blk w\\\/ PRIZM Road - VM Sport\",\"isPartOf\":{\"@id\":\"https:\\\/\\\/vmsport.fi\\\/#website\"},\"primaryImageOfPage\":{\"@id\":\"https:\\\/\\\/vmsport.fi\\\/verkkokauppa\\\/ajovarusteet\\\/ajolasit\\\/evzero-blades-pol-blk-w-prizm-road\\\/#primaryimage\"},\"image\":{\"@id\":\"https:\\\/\\\/vmsport.fi\\\/verkkokauppa\\\/ajovarusteet\\\/ajolasit\\\/evzero-blades-pol-blk-w-prizm-road\\\/#primaryimage\"},\"thumbnailUrl\":\"https:\\\/\\\/vmsport.fi\\\/wp-content\\\/uploads\\\/2025\\\/03\\\/2eebf465-40f0-44fb-aea4-6928636b8cb7-1.jpg\",\"datePublished\":\"2025-03-05T21:57:43+00:00\",\"dateModified\":\"2026-04-22T12:04:01+00:00\",\"breadcrumb\":{\"@id\":\"https:\\\/\\\/vmsport.fi\\\/verkkokauppa\\\/ajovarusteet\\\/ajolasit\\\/evzero-blades-pol-blk-w-prizm-road\\\/#breadcrumb\"},\"inLanguage\":\"sv-SE\",\"potentialAction\":[{\"@type\":\"ReadAction\",\"target\":[\"https:\\\/\\\/vmsport.fi\\\/verkkokauppa\\\/ajovarusteet\\\/ajolasit\\\/evzero-blades-pol-blk-w-prizm-road\\\/\"]}]},{\"@type\":\"ImageObject\",\"inLanguage\":\"sv-SE\",\"@id\":\"https:\\\/\\\/vmsport.fi\\\/verkkokauppa\\\/ajovarusteet\\\/ajolasit\\\/evzero-blades-pol-blk-w-prizm-road\\\/#primaryimage\",\"url\":\"https:\\\/\\\/vmsport.fi\\\/wp-content\\\/uploads\\\/2025\\\/03\\\/2eebf465-40f0-44fb-aea4-6928636b8cb7-1.jpg\",\"contentUrl\":\"https:\\\/\\\/vmsport.fi\\\/wp-content\\\/uploads\\\/2025\\\/03\\\/2eebf465-40f0-44fb-aea4-6928636b8cb7-1.jpg\",\"width\":225,\"height\":225,\"caption\":\"2eebf465-40f0-44fb-aea4-6928636b8cb7\"},{\"@type\":\"BreadcrumbList\",\"@id\":\"https:\\\/\\\/vmsport.fi\\\/verkkokauppa\\\/ajovarusteet\\\/ajolasit\\\/evzero-blades-pol-blk-w-prizm-road\\\/#breadcrumb\",\"itemListElement\":[{\"@type\":\"ListItem\",\"position\":1,\"name\":\"Etusivu\",\"item\":\"https:\\\/\\\/vmsport.fi\\\/\"},{\"@type\":\"ListItem\",\"position\":2,\"name\":\"Online Store\",\"item\":\"https:\\\/\\\/vmsport.fi\\\/en\\\/online-store\\\/\"},{\"@type\":\"ListItem\",\"position\":3,\"name\":\"EVZero Blades Pol Blk w\\\/ PRIZM Road\"}]},{\"@type\":\"WebSite\",\"@id\":\"https:\\\/\\\/vmsport.fi\\\/#website\",\"url\":\"https:\\\/\\\/vmsport.fi\\\/\",\"name\":\"Vmsport\",\"description\":\"Kaikki py\u00f6r\u00e4ilyyn yhdest\u00e4 paikasta\",\"publisher\":{\"@id\":\"https:\\\/\\\/vmsport.fi\\\/#organization\"},\"potentialAction\":[{\"@type\":\"SearchAction\",\"target\":{\"@type\":\"EntryPoint\",\"urlTemplate\":\"https:\\\/\\\/vmsport.fi\\\/?s={search_term_string}\"},\"query-input\":{\"@type\":\"PropertyValueSpecification\",\"valueRequired\":true,\"valueName\":\"search_term_string\"}}],\"inLanguage\":\"sv-SE\"},{\"@type\":\"Organization\",\"@id\":\"https:\\\/\\\/vmsport.fi\\\/#organization\",\"name\":\"Vmsport\",\"url\":\"https:\\\/\\\/vmsport.fi\\\/\",\"logo\":{\"@type\":\"ImageObject\",\"inLanguage\":\"sv-SE\",\"@id\":\"https:\\\/\\\/vmsport.fi\\\/#\\\/schema\\\/logo\\\/image\\\/\",\"url\":\"https:\\\/\\\/vmsport.fi\\\/wp-content\\\/uploads\\\/2024\\\/12\\\/vm_sport_RGB_horisontal-e1734526017575.png\",\"contentUrl\":\"https:\\\/\\\/vmsport.fi\\\/wp-content\\\/uploads\\\/2024\\\/12\\\/vm_sport_RGB_horisontal-e1734526017575.png\",\"width\":668,\"height\":85,\"caption\":\"Vmsport\"},\"image\":{\"@id\":\"https:\\\/\\\/vmsport.fi\\\/#\\\/schema\\\/logo\\\/image\\\/\"},\"sameAs\":[\"https:\\\/\\\/www.facebook.com\\\/Vmsport.fi\\\/\",\"https:\\\/\\\/www.instagram.com\\\/vmsport\\\/\"]}]}<\/script>\n<!-- \/ Yoast SEO plugin. -->","yoast_head_json":{"title":"EVZero Blad Pol Blk med PRIZM Road - VM Sport","robots":{"index":"index","follow":"follow","max-snippet":"max-snippet:-1","max-image-preview":"max-image-preview:large","max-video-preview":"max-video-preview:-1"},"canonical":"https:\/\/vmsport.fi\/sv\/webbutik\/korutrustning\/drivande-glasogon\/evzero-blad-pol-blk-w-prizm-road\/","og_locale":"sv_SE","og_type":"article","og_title":"EVZero Blades Pol Blk w\/ PRIZM Road - VM Sport","og_description":"EVZero Blades -aurinkolasit yhdist\u00e4v\u00e4t kevyen rakenteen ja urheilullisen muotoilun, jotka parantavat suorituskyky\u00e4 ja mukavuutta. Musta kehys luo tyylikk\u00e4\u00e4n ilmeen, ja PRIZM Road -linssit optimoivat kontrastin, parantaen n\u00e4kyvyytt\u00e4 vaihtelevissa valaistusolosuhteissa. N\u00e4m\u00e4 aurinkolasit ovat ihanteelliset aktiiviseen el\u00e4m\u00e4ntapaan, ja ne on suunniteltu sopimaan kasvoille t\u00e4ydellisesti ilman h\u00e4iritsevi\u00e4 kehyksi\u00e4. Aerodynaaminen muotoilu varmistaa, ett\u00e4 lasit pysyv\u00e4t paikoillaan my\u00f6s nopeassa liikkeess\u00e4, [...]L\u00e4s mer \u2026 from EVZero Blades Pol Blk w\/ PRIZM Road","og_url":"https:\/\/vmsport.fi\/sv\/webbutik\/korutrustning\/drivande-glasogon\/evzero-blad-pol-blk-w-prizm-road\/","og_site_name":"VM Sport","article_publisher":"https:\/\/www.facebook.com\/Vmsport.fi\/","article_modified_time":"2026-04-22T12:04:01+00:00","og_image":[{"width":225,"height":225,"url":"https:\/\/vmsport.fi\/wp-content\/uploads\/2025\/03\/2eebf465-40f0-44fb-aea4-6928636b8cb7-1.jpg","type":"image\/jpeg"}],"twitter_card":"summary_large_image","schema":{"@context":"https:\/\/schema.org","@graph":[{"@type":["WebPage","ItemPage"],"@id":"https:\/\/vmsport.fi\/verkkokauppa\/ajovarusteet\/ajolasit\/evzero-blades-pol-blk-w-prizm-road\/","url":"https:\/\/vmsport.fi\/verkkokauppa\/ajovarusteet\/ajolasit\/evzero-blades-pol-blk-w-prizm-road\/","name":"EVZero Blad Pol Blk med PRIZM Road - VM Sport","isPartOf":{"@id":"https:\/\/vmsport.fi\/#website"},"primaryImageOfPage":{"@id":"https:\/\/vmsport.fi\/verkkokauppa\/ajovarusteet\/ajolasit\/evzero-blades-pol-blk-w-prizm-road\/#primaryimage"},"image":{"@id":"https:\/\/vmsport.fi\/verkkokauppa\/ajovarusteet\/ajolasit\/evzero-blades-pol-blk-w-prizm-road\/#primaryimage"},"thumbnailUrl":"https:\/\/vmsport.fi\/wp-content\/uploads\/2025\/03\/2eebf465-40f0-44fb-aea4-6928636b8cb7-1.jpg","datePublished":"2025-03-05T21:57:43+00:00","dateModified":"2026-04-22T12:04:01+00:00","breadcrumb":{"@id":"https:\/\/vmsport.fi\/verkkokauppa\/ajovarusteet\/ajolasit\/evzero-blades-pol-blk-w-prizm-road\/#breadcrumb"},"inLanguage":"sv-SE","potentialAction":[{"@type":"ReadAction","target":["https:\/\/vmsport.fi\/verkkokauppa\/ajovarusteet\/ajolasit\/evzero-blades-pol-blk-w-prizm-road\/"]}]},{"@type":"ImageObject","inLanguage":"sv-SE","@id":"https:\/\/vmsport.fi\/verkkokauppa\/ajovarusteet\/ajolasit\/evzero-blades-pol-blk-w-prizm-road\/#primaryimage","url":"https:\/\/vmsport.fi\/wp-content\/uploads\/2025\/03\/2eebf465-40f0-44fb-aea4-6928636b8cb7-1.jpg","contentUrl":"https:\/\/vmsport.fi\/wp-content\/uploads\/2025\/03\/2eebf465-40f0-44fb-aea4-6928636b8cb7-1.jpg","width":225,"height":225,"caption":"2eebf465-40f0-44fb-aea4-6928636b8cb7"},{"@type":"BreadcrumbList","@id":"https:\/\/vmsport.fi\/verkkokauppa\/ajovarusteet\/ajolasit\/evzero-blades-pol-blk-w-prizm-road\/#breadcrumb","itemListElement":[{"@type":"ListItem","position":1,"name":"Etusivu","item":"https:\/\/vmsport.fi\/"},{"@type":"ListItem","position":2,"name":"Online Store","item":"https:\/\/vmsport.fi\/en\/online-store\/"},{"@type":"ListItem","position":3,"name":"EVZero Blades Pol Blk w\/ PRIZM Road"}]},{"@type":"WebSite","@id":"https:\/\/vmsport.fi\/#website","url":"https:\/\/vmsport.fi\/","name":"Vmsport","description":"Allt p\u00e5 ett st\u00e4lle f\u00f6r cykling","publisher":{"@id":"https:\/\/vmsport.fi\/#organization"},"potentialAction":[{"@type":"SearchAction","target":{"@type":"EntryPoint","urlTemplate":"https:\/\/vmsport.fi\/?s={search_term_string}"},"query-input":{"@type":"PropertyValueSpecification","valueRequired":true,"valueName":"search_term_string"}}],"inLanguage":"sv-SE"},{"@type":"Organization","@id":"https:\/\/vmsport.fi\/#organization","name":"Vmsport","url":"https:\/\/vmsport.fi\/","logo":{"@type":"ImageObject","inLanguage":"sv-SE","@id":"https:\/\/vmsport.fi\/#\/schema\/logo\/image\/","url":"https:\/\/vmsport.fi\/wp-content\/uploads\/2024\/12\/vm_sport_RGB_horisontal-e1734526017575.png","contentUrl":"https:\/\/vmsport.fi\/wp-content\/uploads\/2024\/12\/vm_sport_RGB_horisontal-e1734526017575.png","width":668,"height":85,"caption":"Vmsport"},"image":{"@id":"https:\/\/vmsport.fi\/#\/schema\/logo\/image\/"},"sameAs":["https:\/\/www.facebook.com\/Vmsport.fi\/","https:\/\/www.instagram.com\/vmsport\/"]}]}},"global_unique_id":"","_links":{"self":[{"href":"https:\/\/vmsport.fi\/sv\/wp-json\/wp\/v2\/product\/54829","targetHints":{"allow":["GET"]}}],"collection":[{"href":"https:\/\/vmsport.fi\/sv\/wp-json\/wp\/v2\/product"}],"about":[{"href":"https:\/\/vmsport.fi\/sv\/wp-json\/wp\/v2\/types\/product"}],"replies":[{"embeddable":true,"href":"https:\/\/vmsport.fi\/sv\/wp-json\/wp\/v2\/comments?post=54829"}],"wp:featuredmedia":[{"embeddable":true,"href":"https:\/\/vmsport.fi\/sv\/wp-json\/wp\/v2\/media\/54827"}],"wp:attachment":[{"href":"https:\/\/vmsport.fi\/sv\/wp-json\/wp\/v2\/media?parent=54829"}],"wp:term":[{"taxonomy":"product_brand","embeddable":true,"href":"https:\/\/vmsport.fi\/sv\/wp-json\/wp\/v2\/product_brand?post=54829"},{"taxonomy":"product_model","embeddable":true,"href":"https:\/\/vmsport.fi\/sv\/wp-json\/wp\/v2\/product_model?post=54829"},{"taxonomy":"product_cat","embeddable":true,"href":"https:\/\/vmsport.fi\/sv\/wp-json\/wp\/v2\/product_cat?post=54829"},{"taxonomy":"product_tag","embeddable":true,"href":"https:\/\/vmsport.fi\/sv\/wp-json\/wp\/v2\/product_tag?post=54829"},{"taxonomy":"industry_terminology","embeddable":true,"href":"https:\/\/vmsport.fi\/sv\/wp-json\/wp\/v2\/industry-terminology?post=54829"}],"curies":[{"name":"wp","href":"https:\/\/api.w.org\/{rel}","templated":true}]}}