{"id":54824,"date":"2025-03-05T23:57:41","date_gmt":"2025-03-05T21:57:41","guid":{"rendered":"https:\/\/vmsport.fi\/verkkokauppa\/Ei-luokiteltu\/trek-marlin-6-dnister-black\/"},"modified":"2026-03-29T02:00:54","modified_gmt":"2026-03-29T00:00:54","slug":"trek-marlin-6-dnister-svart","status":"publish","type":"product","link":"https:\/\/vmsport.fi\/sv\/verkkokauppa\/polkupyorat\/sahkopyorat\/sahkomaastopyorat\/etujousitetut-sahkomaastopyorat\/trek-marlin-6-dnister-black\/","title":{"rendered":"Trek Marlin+ 6 Dnister Svart"},"content":{"rendered":"<p>TREK Marlin+ 6 s\u00e4hk\u00f6maastopy\u00f6r\u00e4 on suunniteltu k\u00e4ytt\u00e4j\u00e4lle, joka haluaa s\u00e4hk\u00f6avustuksen tuomaa helppoutta poluilla ja kaupungissa. Boschin 50 Nm moottori on hiljainen ja tehokas, tarjoten tasaista apua my\u00f6s jyrkemmiss\u00e4 nousuissa. Shimano CUES -voimansiirto ja LINKGLIDE tekev\u00e4t vaihteiden vaihdosta sujuvaa ja kulutusta kest\u00e4v\u00e4\u00e4. 120 mm jousitushaarukka ja tehokkaat hydrauliset levyjarrut lis\u00e4\u00e4v\u00e4t hallintaa vaihtelevissa olosuhteissa. Rungossa on kiinnikkeet tarakalle ja lokasuojille, mik\u00e4 laajentaa k\u00e4ytt\u00f6mahdollisuuksia arjen ajoihin ja harrastuksiin.<\/p>","protected":false},"excerpt":{"rendered":"<p>Monipuolinen s\u00e4hk\u00f6maastopy\u00f6r\u00e4 luotettavalla Bosch-moottorilla, kest\u00e4v\u00e4 Shimano CUES -voimansiirto, helppok\u00e4ytt\u00f6isill\u00e4 ohjaimilla ja etuhaarukan jousituksella. [&#8230;]<\/p>\n<p><a class=\"btn btn-secondary understrap-read-more-link\" href=\"https:\/\/vmsport.fi\/sv\/verkkokauppa\/polkupyorat\/sahkopyorat\/sahkomaastopyorat\/etujousitetut-sahkomaastopyorat\/trek-marlin-6-dnister-black\/\">L\u00e4s mer \u2026<span class=\"screen-reader-text\"> from Trek Marlin+ 6 Dnister Black<\/span><\/a><\/p>\n","protected":false},"featured_media":54814,"comment_status":"open","ping_status":"closed","template":"","meta":{"_acf_changed":false,"_improvement_type_select":"improve_an_existing","_thumb_yes_seoaic":false,"_frame_yes_seoaic":false,"seoaic_generate_description":"","seoaic_improve_instructions_prompt":"","seoaic_rollback_content_improvement":"","seoaic_idea_thumbnail_generator":"","thumbnail_generated":false,"thumbnail_generate_prompt":"","seoaic_article_description":"","_supplier_stock_quantity":0},"product_brand":[37],"product_model":[1550],"product_cat":[9440],"product_tag":[],"industry-terminology":[],"class_list":{"0":"post-54824","1":"product","2":"type-product","3":"status-publish","4":"has-post-thumbnail","6":"product_brand-trek","7":"product_model-marlin-plus","8":"product_cat-etujousitetut-sahkomaastopyorat","10":"first","11":"instock","12":"sale","13":"taxable","14":"shipping-taxable","15":"purchasable","16":"product-type-variable"},"acf":{"bike_features":[{"image":"https:\/\/media.trekbikes.com\/image\/upload\/w_768,c_pad,f_auto,fl_progressive:semi,q_auto\/TK23-MarlinPlus-Tech-BoschActiveLinePlus-Primary","header":"Tasainen ja hiljainen avustus","description":"Bosch Active Line Plus -moottori tarjoaa 50 Nm v\u00e4\u00e4nt\u00f6\u00e4 ja luotettavan avustuksen."},{"image":"https:\/\/media.trekbikes.com\/image\/upload\/w_768,c_pad,f_auto,fl_progressive:semi,q_auto\/TK23-MarlinPlus-Tech-BoschPurion200-Primary","header":"Kompakti ohjauspaneeli","description":"Purion 200 yhdist\u00e4\u00e4 kirkkaan v\u00e4rin\u00e4yt\u00f6n ja helposti hallittavat asetukset."},{"image":"https:\/\/media.trekbikes.com\/image\/upload\/w_768,c_pad,f_auto,fl_progressive:semi,q_auto\/TK23-MarlinPlus-Tech-Safety-Primary","header":"Korkea turvallisuusstandardi","description":"Trekin s\u00e4hk\u00f6py\u00f6r\u00e4t ovat UL-sertifioituja, ja niiden akun hallinta on vikasietoinen ja korkealaatuinen."},{"image":"https:\/\/media.trekbikes.com\/image\/upload\/w_768,c_pad,f_auto,fl_progressive:semi,q_auto\/TK23-MarlinPlus-Tech-BoschPowerMoreRangeExtender-Primary","header":"Pidemm\u00e4t matkat PowerMorella","description":"Lis\u00e4virtal\u00e4hteen ansiosta matkan pituus kasvaa huomattavasti."},{"image":"https:\/\/media.trekbikes.com\/image\/upload\/w_768,c_pad,f_auto,fl_progressive:semi,q_auto\/ShimanoCues_techfeature_16x9_31Jan2022","header":"Pitk\u00e4ik\u00e4inen Shimano CUES","description":"LINKGLIDE-teknologia mahdollistaa kest\u00e4v\u00e4n ja pehme\u00e4n voimansiirtotekniikan."},{"image":"https:\/\/media.trekbikes.com\/image\/upload\/w_768,c_pad,f_auto,fl_progressive:semi,q_auto\/ShimanoLinkGlide_techfeature_16x9_31Jan2022","header":"Shimano LINKGLIDE -tekniikka","description":"Parantaa voimansiirron kest\u00e4vyytt\u00e4 ja suorituskyky\u00e4."}],"overview":{"copy_overview":[{"overview":"Marlin+ 6 tuo s\u00e4hk\u00f6avustuksen maastoajoihin yhdist\u00e4en suorituskyvyn ja edullisuuden parhaat puolet. Boschin Active Line Plus -s\u00e4hk\u00f6j\u00e4rjestelm\u00e4 tarjoaa luonnollisen polkemisen tunteen ja hiljaisen toiminnan aina 25 km\/h saakka."},{"overview":"Marlin+ 6 yhdist\u00e4\u00e4 Shimanon uuden CUES-voimansiirron LINKGLIDE-teknologialla kest\u00e4v\u00e4\u00e4n ja joustavaan suorituskykyyn. Sen intuitiivisten hallintalaitteiden ja mukautuvan AUTO-tilan ansiosta ajaminen pysyy helppona ja k\u00e4ytt\u00f6keskeisen\u00e4."},{"overview":"Py\u00f6r\u00e4 sopii niin maastoajon harrastajille kuin kaupunkipy\u00f6r\u00e4ilij\u00f6ille. Lis\u00e4varusteena saatava Bosch PowerMore -akku pident\u00e4\u00e4 toimintamatkaa merkitt\u00e4v\u00e4sti, mahdollistaen pidemm\u00e4lle ulottavat seikkailut, ilman huolta akun loppumisesta."}],"key_features":[{"feature":"AUTO-tila mukautuvaan s\u00e4hk\u00f6avustukseen, joka sopeutuu automaattisesti nopeudenmuutoksiin."},{"feature":"120 mm joustohaarukka tasoittaa ep\u00e4tasaisuudet."},{"feature":"Trail-geometriayst\u00e4v\u00e4llinen suunnittelu ja helppok\u00e4ytt\u00f6iset hallintalaitteet."},{"feature":"Bosch Active Line Plus -s\u00e4hk\u00f6moottori tarjoaa tasaisen, hiljaisen avustuksen."}],"statement":"Koe s\u00e4hk\u00f6maastoajon parhaat puolet monik\u00e4ytt\u00f6isell\u00e4 ja tutulla Marlin+ 6 -mallilla.","youtube_url":"https:\/\/www.youtube.com\/watch?v=Z0InwBw0MGg"}},"yoast_head":"<!-- This site is optimized with the Yoast SEO plugin v27.3 - https:\/\/yoast.com\/product\/yoast-seo-wordpress\/ -->\n<title>Trek Marlin+ 6 Dnister Black - VM Sport<\/title>\n<meta name=\"robots\" content=\"index, follow, max-snippet:-1, max-image-preview:large, max-video-preview:-1\" \/>\n<link rel=\"canonical\" href=\"https:\/\/vmsport.fi\/sv\/webbutik\/cyklar\/sahkopyorat\/sagverksskorsten\/frontfjadrade-sagtandsplogar\/trek-marlin-6-dnister-svart\/\" \/>\n<meta property=\"og:locale\" content=\"sv_SE\" \/>\n<meta property=\"og:type\" content=\"article\" \/>\n<meta property=\"og:title\" content=\"Trek Marlin+ 6 Dnister Black - VM Sport\" \/>\n<meta property=\"og:description\" content=\"Monipuolinen s\u00e4hk\u00f6maastopy\u00f6r\u00e4 luotettavalla Bosch-moottorilla, kest\u00e4v\u00e4 Shimano CUES -voimansiirto, helppok\u00e4ytt\u00f6isill\u00e4 ohjaimilla ja etuhaarukan jousituksella. [...]L\u00e4s mer \u2026 from Trek Marlin+ 6 Dnister Black\" \/>\n<meta property=\"og:url\" content=\"https:\/\/vmsport.fi\/sv\/webbutik\/cyklar\/sahkopyorat\/sagverksskorsten\/frontfjadrade-sagtandsplogar\/trek-marlin-6-dnister-svart\/\" \/>\n<meta property=\"og:site_name\" content=\"VM Sport\" \/>\n<meta property=\"article:publisher\" content=\"https:\/\/www.facebook.com\/Vmsport.fi\/\" \/>\n<meta property=\"article:modified_time\" content=\"2026-03-29T00:00:54+00:00\" \/>\n<meta property=\"og:image\" content=\"https:\/\/vmsport.fi\/wp-content\/uploads\/2025\/03\/MarlinPlus6US-24-41009-A-Primary-1.jpg\" \/>\n\t<meta property=\"og:image:width\" content=\"1000\" \/>\n\t<meta property=\"og:image:height\" content=\"750\" \/>\n\t<meta property=\"og:image:type\" content=\"image\/jpeg\" \/>\n<meta name=\"twitter:card\" content=\"summary_large_image\" \/>\n<meta name=\"twitter:label1\" content=\"Ber\u00e4knad l\u00e4stid\" \/>\n\t<meta name=\"twitter:data1\" content=\"2 minuter\" \/>\n<script type=\"application\/ld+json\" class=\"yoast-schema-graph\">{\"@context\":\"https:\\\/\\\/schema.org\",\"@graph\":[{\"@type\":[\"WebPage\",\"ItemPage\"],\"@id\":\"https:\\\/\\\/vmsport.fi\\\/verkkokauppa\\\/polkupyorat\\\/sahkopyorat\\\/sahkomaastopyorat\\\/etujousitetut-sahkomaastopyorat\\\/trek-marlin-6-dnister-black\\\/\",\"url\":\"https:\\\/\\\/vmsport.fi\\\/verkkokauppa\\\/polkupyorat\\\/sahkopyorat\\\/sahkomaastopyorat\\\/etujousitetut-sahkomaastopyorat\\\/trek-marlin-6-dnister-black\\\/\",\"name\":\"Trek Marlin+ 6 Dnister Black - VM Sport\",\"isPartOf\":{\"@id\":\"https:\\\/\\\/vmsport.fi\\\/#website\"},\"primaryImageOfPage\":{\"@id\":\"https:\\\/\\\/vmsport.fi\\\/verkkokauppa\\\/polkupyorat\\\/sahkopyorat\\\/sahkomaastopyorat\\\/etujousitetut-sahkomaastopyorat\\\/trek-marlin-6-dnister-black\\\/#primaryimage\"},\"image\":{\"@id\":\"https:\\\/\\\/vmsport.fi\\\/verkkokauppa\\\/polkupyorat\\\/sahkopyorat\\\/sahkomaastopyorat\\\/etujousitetut-sahkomaastopyorat\\\/trek-marlin-6-dnister-black\\\/#primaryimage\"},\"thumbnailUrl\":\"https:\\\/\\\/vmsport.fi\\\/wp-content\\\/uploads\\\/2025\\\/03\\\/MarlinPlus6US-24-41009-A-Primary-1.jpg\",\"datePublished\":\"2025-03-05T21:57:41+00:00\",\"dateModified\":\"2026-03-29T00:00:54+00:00\",\"breadcrumb\":{\"@id\":\"https:\\\/\\\/vmsport.fi\\\/verkkokauppa\\\/polkupyorat\\\/sahkopyorat\\\/sahkomaastopyorat\\\/etujousitetut-sahkomaastopyorat\\\/trek-marlin-6-dnister-black\\\/#breadcrumb\"},\"inLanguage\":\"sv-SE\",\"potentialAction\":[{\"@type\":\"ReadAction\",\"target\":[\"https:\\\/\\\/vmsport.fi\\\/verkkokauppa\\\/polkupyorat\\\/sahkopyorat\\\/sahkomaastopyorat\\\/etujousitetut-sahkomaastopyorat\\\/trek-marlin-6-dnister-black\\\/\"]}]},{\"@type\":\"ImageObject\",\"inLanguage\":\"sv-SE\",\"@id\":\"https:\\\/\\\/vmsport.fi\\\/verkkokauppa\\\/polkupyorat\\\/sahkopyorat\\\/sahkomaastopyorat\\\/etujousitetut-sahkomaastopyorat\\\/trek-marlin-6-dnister-black\\\/#primaryimage\",\"url\":\"https:\\\/\\\/vmsport.fi\\\/wp-content\\\/uploads\\\/2025\\\/03\\\/MarlinPlus6US-24-41009-A-Primary-1.jpg\",\"contentUrl\":\"https:\\\/\\\/vmsport.fi\\\/wp-content\\\/uploads\\\/2025\\\/03\\\/MarlinPlus6US-24-41009-A-Primary-1.jpg\",\"width\":1000,\"height\":750,\"caption\":\"MarlinPlus6US-24-41009-A-Primary\"},{\"@type\":\"BreadcrumbList\",\"@id\":\"https:\\\/\\\/vmsport.fi\\\/verkkokauppa\\\/polkupyorat\\\/sahkopyorat\\\/sahkomaastopyorat\\\/etujousitetut-sahkomaastopyorat\\\/trek-marlin-6-dnister-black\\\/#breadcrumb\",\"itemListElement\":[{\"@type\":\"ListItem\",\"position\":1,\"name\":\"Etusivu\",\"item\":\"https:\\\/\\\/vmsport.fi\\\/\"},{\"@type\":\"ListItem\",\"position\":2,\"name\":\"Online Store\",\"item\":\"https:\\\/\\\/vmsport.fi\\\/en\\\/online-store\\\/\"},{\"@type\":\"ListItem\",\"position\":3,\"name\":\"Trek polkupy\u00f6r\u00e4t\",\"item\":\"https:\\\/\\\/vmsport.fi\\\/sv\\\/merkki\\\/trek\\\/\"},{\"@type\":\"ListItem\",\"position\":4,\"name\":\"Trek Marlin+ 6 Dnister Black\"}]},{\"@type\":\"WebSite\",\"@id\":\"https:\\\/\\\/vmsport.fi\\\/#website\",\"url\":\"https:\\\/\\\/vmsport.fi\\\/\",\"name\":\"Vmsport\",\"description\":\"Kaikki py\u00f6r\u00e4ilyyn yhdest\u00e4 paikasta\",\"publisher\":{\"@id\":\"https:\\\/\\\/vmsport.fi\\\/#organization\"},\"potentialAction\":[{\"@type\":\"SearchAction\",\"target\":{\"@type\":\"EntryPoint\",\"urlTemplate\":\"https:\\\/\\\/vmsport.fi\\\/?s={search_term_string}\"},\"query-input\":{\"@type\":\"PropertyValueSpecification\",\"valueRequired\":true,\"valueName\":\"search_term_string\"}}],\"inLanguage\":\"sv-SE\"},{\"@type\":\"Organization\",\"@id\":\"https:\\\/\\\/vmsport.fi\\\/#organization\",\"name\":\"Vmsport\",\"url\":\"https:\\\/\\\/vmsport.fi\\\/\",\"logo\":{\"@type\":\"ImageObject\",\"inLanguage\":\"sv-SE\",\"@id\":\"https:\\\/\\\/vmsport.fi\\\/#\\\/schema\\\/logo\\\/image\\\/\",\"url\":\"https:\\\/\\\/vmsport.fi\\\/wp-content\\\/uploads\\\/2024\\\/12\\\/vm_sport_RGB_horisontal-e1734526017575.png\",\"contentUrl\":\"https:\\\/\\\/vmsport.fi\\\/wp-content\\\/uploads\\\/2024\\\/12\\\/vm_sport_RGB_horisontal-e1734526017575.png\",\"width\":668,\"height\":85,\"caption\":\"Vmsport\"},\"image\":{\"@id\":\"https:\\\/\\\/vmsport.fi\\\/#\\\/schema\\\/logo\\\/image\\\/\"},\"sameAs\":[\"https:\\\/\\\/www.facebook.com\\\/Vmsport.fi\\\/\",\"https:\\\/\\\/www.instagram.com\\\/vmsport\\\/\"]}]}<\/script>\n<!-- \/ Yoast SEO plugin. -->","yoast_head_json":{"title":"Trek Marlin+ 6 Dnister Svart - VM Sport","robots":{"index":"index","follow":"follow","max-snippet":"max-snippet:-1","max-image-preview":"max-image-preview:large","max-video-preview":"max-video-preview:-1"},"canonical":"https:\/\/vmsport.fi\/sv\/webbutik\/cyklar\/sahkopyorat\/sagverksskorsten\/frontfjadrade-sagtandsplogar\/trek-marlin-6-dnister-svart\/","og_locale":"sv_SE","og_type":"article","og_title":"Trek Marlin+ 6 Dnister Black - VM Sport","og_description":"Monipuolinen s\u00e4hk\u00f6maastopy\u00f6r\u00e4 luotettavalla Bosch-moottorilla, kest\u00e4v\u00e4 Shimano CUES -voimansiirto, helppok\u00e4ytt\u00f6isill\u00e4 ohjaimilla ja etuhaarukan jousituksella. [...]L\u00e4s mer \u2026 from Trek Marlin+ 6 Dnister Black","og_url":"https:\/\/vmsport.fi\/sv\/webbutik\/cyklar\/sahkopyorat\/sagverksskorsten\/frontfjadrade-sagtandsplogar\/trek-marlin-6-dnister-svart\/","og_site_name":"VM Sport","article_publisher":"https:\/\/www.facebook.com\/Vmsport.fi\/","article_modified_time":"2026-03-29T00:00:54+00:00","og_image":[{"width":1000,"height":750,"url":"https:\/\/vmsport.fi\/wp-content\/uploads\/2025\/03\/MarlinPlus6US-24-41009-A-Primary-1.jpg","type":"image\/jpeg"}],"twitter_card":"summary_large_image","twitter_misc":{"Ber\u00e4knad l\u00e4stid":"2 minuter"},"schema":{"@context":"https:\/\/schema.org","@graph":[{"@type":["WebPage","ItemPage"],"@id":"https:\/\/vmsport.fi\/verkkokauppa\/polkupyorat\/sahkopyorat\/sahkomaastopyorat\/etujousitetut-sahkomaastopyorat\/trek-marlin-6-dnister-black\/","url":"https:\/\/vmsport.fi\/verkkokauppa\/polkupyorat\/sahkopyorat\/sahkomaastopyorat\/etujousitetut-sahkomaastopyorat\/trek-marlin-6-dnister-black\/","name":"Trek Marlin+ 6 Dnister Svart - VM Sport","isPartOf":{"@id":"https:\/\/vmsport.fi\/#website"},"primaryImageOfPage":{"@id":"https:\/\/vmsport.fi\/verkkokauppa\/polkupyorat\/sahkopyorat\/sahkomaastopyorat\/etujousitetut-sahkomaastopyorat\/trek-marlin-6-dnister-black\/#primaryimage"},"image":{"@id":"https:\/\/vmsport.fi\/verkkokauppa\/polkupyorat\/sahkopyorat\/sahkomaastopyorat\/etujousitetut-sahkomaastopyorat\/trek-marlin-6-dnister-black\/#primaryimage"},"thumbnailUrl":"https:\/\/vmsport.fi\/wp-content\/uploads\/2025\/03\/MarlinPlus6US-24-41009-A-Primary-1.jpg","datePublished":"2025-03-05T21:57:41+00:00","dateModified":"2026-03-29T00:00:54+00:00","breadcrumb":{"@id":"https:\/\/vmsport.fi\/verkkokauppa\/polkupyorat\/sahkopyorat\/sahkomaastopyorat\/etujousitetut-sahkomaastopyorat\/trek-marlin-6-dnister-black\/#breadcrumb"},"inLanguage":"sv-SE","potentialAction":[{"@type":"ReadAction","target":["https:\/\/vmsport.fi\/verkkokauppa\/polkupyorat\/sahkopyorat\/sahkomaastopyorat\/etujousitetut-sahkomaastopyorat\/trek-marlin-6-dnister-black\/"]}]},{"@type":"ImageObject","inLanguage":"sv-SE","@id":"https:\/\/vmsport.fi\/verkkokauppa\/polkupyorat\/sahkopyorat\/sahkomaastopyorat\/etujousitetut-sahkomaastopyorat\/trek-marlin-6-dnister-black\/#primaryimage","url":"https:\/\/vmsport.fi\/wp-content\/uploads\/2025\/03\/MarlinPlus6US-24-41009-A-Primary-1.jpg","contentUrl":"https:\/\/vmsport.fi\/wp-content\/uploads\/2025\/03\/MarlinPlus6US-24-41009-A-Primary-1.jpg","width":1000,"height":750,"caption":"MarlinPlus6US-24-41009-A-Primary"},{"@type":"BreadcrumbList","@id":"https:\/\/vmsport.fi\/verkkokauppa\/polkupyorat\/sahkopyorat\/sahkomaastopyorat\/etujousitetut-sahkomaastopyorat\/trek-marlin-6-dnister-black\/#breadcrumb","itemListElement":[{"@type":"ListItem","position":1,"name":"Etusivu","item":"https:\/\/vmsport.fi\/"},{"@type":"ListItem","position":2,"name":"Online Store","item":"https:\/\/vmsport.fi\/en\/online-store\/"},{"@type":"ListItem","position":3,"name":"Trek polkupy\u00f6r\u00e4t","item":"https:\/\/vmsport.fi\/sv\/merkki\/trek\/"},{"@type":"ListItem","position":4,"name":"Trek Marlin+ 6 Dnister Black"}]},{"@type":"WebSite","@id":"https:\/\/vmsport.fi\/#website","url":"https:\/\/vmsport.fi\/","name":"Vmsport","description":"Allt p\u00e5 ett st\u00e4lle f\u00f6r cykling","publisher":{"@id":"https:\/\/vmsport.fi\/#organization"},"potentialAction":[{"@type":"SearchAction","target":{"@type":"EntryPoint","urlTemplate":"https:\/\/vmsport.fi\/?s={search_term_string}"},"query-input":{"@type":"PropertyValueSpecification","valueRequired":true,"valueName":"search_term_string"}}],"inLanguage":"sv-SE"},{"@type":"Organization","@id":"https:\/\/vmsport.fi\/#organization","name":"Vmsport","url":"https:\/\/vmsport.fi\/","logo":{"@type":"ImageObject","inLanguage":"sv-SE","@id":"https:\/\/vmsport.fi\/#\/schema\/logo\/image\/","url":"https:\/\/vmsport.fi\/wp-content\/uploads\/2024\/12\/vm_sport_RGB_horisontal-e1734526017575.png","contentUrl":"https:\/\/vmsport.fi\/wp-content\/uploads\/2024\/12\/vm_sport_RGB_horisontal-e1734526017575.png","width":668,"height":85,"caption":"Vmsport"},"image":{"@id":"https:\/\/vmsport.fi\/#\/schema\/logo\/image\/"},"sameAs":["https:\/\/www.facebook.com\/Vmsport.fi\/","https:\/\/www.instagram.com\/vmsport\/"]}]}},"global_unique_id":"","_links":{"self":[{"href":"https:\/\/vmsport.fi\/sv\/wp-json\/wp\/v2\/product\/54824","targetHints":{"allow":["GET"]}}],"collection":[{"href":"https:\/\/vmsport.fi\/sv\/wp-json\/wp\/v2\/product"}],"about":[{"href":"https:\/\/vmsport.fi\/sv\/wp-json\/wp\/v2\/types\/product"}],"replies":[{"embeddable":true,"href":"https:\/\/vmsport.fi\/sv\/wp-json\/wp\/v2\/comments?post=54824"}],"wp:featuredmedia":[{"embeddable":true,"href":"https:\/\/vmsport.fi\/sv\/wp-json\/wp\/v2\/media\/54814"}],"wp:attachment":[{"href":"https:\/\/vmsport.fi\/sv\/wp-json\/wp\/v2\/media?parent=54824"}],"wp:term":[{"taxonomy":"product_brand","embeddable":true,"href":"https:\/\/vmsport.fi\/sv\/wp-json\/wp\/v2\/product_brand?post=54824"},{"taxonomy":"product_model","embeddable":true,"href":"https:\/\/vmsport.fi\/sv\/wp-json\/wp\/v2\/product_model?post=54824"},{"taxonomy":"product_cat","embeddable":true,"href":"https:\/\/vmsport.fi\/sv\/wp-json\/wp\/v2\/product_cat?post=54824"},{"taxonomy":"product_tag","embeddable":true,"href":"https:\/\/vmsport.fi\/sv\/wp-json\/wp\/v2\/product_tag?post=54824"},{"taxonomy":"industry_terminology","embeddable":true,"href":"https:\/\/vmsport.fi\/sv\/wp-json\/wp\/v2\/industry-terminology?post=54824"}],"curies":[{"name":"wp","href":"https:\/\/api.w.org\/{rel}","templated":true}]}}