{"id":54813,"date":"2025-03-05T23:57:33","date_gmt":"2025-03-05T21:57:33","guid":{"rendered":"https:\/\/vmsport.fi\/verkkokauppa\/Ei-luokiteltu\/bontrager-supertack-handlebar-tape-set\/"},"modified":"2026-04-22T15:10:39","modified_gmt":"2026-04-22T12:10:39","slug":"bontrager-supertack-handlebar-tape-set","status":"publish","type":"product","link":"https:\/\/vmsport.fi\/sv\/verkkokauppa\/varaosat\/ohjaamo\/gripit\/bontrager-supertack-handlebar-tape-set\/","title":{"rendered":"Bontrager Supertack styrtejpssats"},"content":{"rendered":"<p>Bontrager Supertack -ohjaustangon teippisetti tarjoaa poikkeuksellisen pidon, kiitos erityisen tahmean pinnan, joka varmistaa pit\u00e4v\u00e4n otteen kaikissa s\u00e4\u00e4olosuhteissa. Iskuja vaimentava vaahto lis\u00e4\u00e4 k\u00e4ytt\u00f6mukavuutta pitkien matkojen aikana, ja ohut 1,5 mm profiili s\u00e4ilytt\u00e4\u00e4 py\u00f6r\u00e4n tyylikk\u00e4\u00e4n ulkon\u00e4\u00f6n. Mikroperforoidusta materiaalista valmistettu teippi sopii erinomaisesti kevyisiin rakenteisiin, sill\u00e4 sen paino on vain 69 grammaa. Teipin asennus on helppoa siihen suunniteltujen venyvyysominaisuuksien ja liimatuen ansiosta, mik\u00e4 tekee kiinnityksest\u00e4 vaivatonta. Lopputuloksena on siisti ulkon\u00e4k\u00f6, jota viimeistelev\u00e4t nauhat ja heijastavat Bontrager-p\u00e4\u00e4tytulpat. T\u00e4m\u00e4 setti on luotettava valinta py\u00f6r\u00e4ilij\u00f6ille, jotka arvostavat vahvaa pitoa, miellytt\u00e4v\u00e4\u00e4 ajokokemusta ja aerodynaamista tyyli\u00e4.<\/p>","protected":false},"excerpt":{"rendered":"<p>Bontrager Supertack -ohjaustangon teippisetti tarjoaa poikkeuksellisen pidon, kiitos erityisen tahmean pinnan, joka varmistaa pit\u00e4v\u00e4n otteen kaikissa s\u00e4\u00e4olosuhteissa. Iskuja vaimentava vaahto lis\u00e4\u00e4 k\u00e4ytt\u00f6mukavuutta pitkien matkojen aikana, ja ohut 1,5 mm profiili s\u00e4ilytt\u00e4\u00e4 py\u00f6r\u00e4n tyylikk\u00e4\u00e4n ulkon\u00e4\u00f6n. Mikroperforoidusta materiaalista valmistettu teippi sopii erinomaisesti kevyisiin rakenteisiin, sill\u00e4 sen paino on vain 69 grammaa. Teipin asennus on helppoa siihen suunniteltujen [&#8230;]<\/p>\n<p><a class=\"btn btn-secondary understrap-read-more-link\" href=\"https:\/\/vmsport.fi\/sv\/verkkokauppa\/varaosat\/ohjaamo\/gripit\/bontrager-supertack-handlebar-tape-set\/\">L\u00e4s mer \u2026<span class=\"screen-reader-text\"> from Bontrager Supertack Handlebar Tape Set<\/span><\/a><\/p>\n","protected":false},"featured_media":54812,"comment_status":"open","ping_status":"closed","template":"","meta":{"_acf_changed":false,"_improvement_type_select":"improve_an_existing","_thumb_yes_seoaic":false,"_frame_yes_seoaic":false,"seoaic_generate_description":"","seoaic_improve_instructions_prompt":"","seoaic_rollback_content_improvement":"","seoaic_idea_thumbnail_generator":"","thumbnail_generated":false,"thumbnail_generate_prompt":"","seoaic_article_description":"","_supplier_stock_quantity":0},"product_brand":[],"product_model":[],"product_cat":[9292],"product_tag":[],"industry-terminology":[],"class_list":{"0":"post-54813","1":"product","2":"type-product","3":"status-publish","4":"has-post-thumbnail","6":"product_cat-gripit","8":"first","9":"outofstock","10":"taxable","11":"shipping-taxable","12":"product-type-simple"},"acf":{"bike_features":null,"overview":{"copy_overview":null,"key_features":null,"statement":"","youtube_url":""}},"yoast_head":"<!-- This site is optimized with the Yoast SEO plugin v27.4 - https:\/\/yoast.com\/product\/yoast-seo-wordpress\/ -->\n<title>Bontrager Supertack Handlebar Tape Set - VM Sport<\/title>\n<meta name=\"robots\" content=\"index, follow, max-snippet:-1, max-image-preview:large, max-video-preview:-1\" \/>\n<link rel=\"canonical\" href=\"https:\/\/vmsport.fi\/sv\/webbutik\/reservdelar\/taxi\/grepp\/bontrager-supertack-handlebar-tape-set\/\" \/>\n<meta property=\"og:locale\" content=\"sv_SE\" \/>\n<meta property=\"og:type\" content=\"article\" \/>\n<meta property=\"og:title\" content=\"Bontrager Supertack Handlebar Tape Set - VM Sport\" \/>\n<meta property=\"og:description\" content=\"Bontrager Supertack -ohjaustangon teippisetti tarjoaa poikkeuksellisen pidon, kiitos erityisen tahmean pinnan, joka varmistaa pit\u00e4v\u00e4n otteen kaikissa s\u00e4\u00e4olosuhteissa. Iskuja vaimentava vaahto lis\u00e4\u00e4 k\u00e4ytt\u00f6mukavuutta pitkien matkojen aikana, ja ohut 1,5 mm profiili s\u00e4ilytt\u00e4\u00e4 py\u00f6r\u00e4n tyylikk\u00e4\u00e4n ulkon\u00e4\u00f6n. Mikroperforoidusta materiaalista valmistettu teippi sopii erinomaisesti kevyisiin rakenteisiin, sill\u00e4 sen paino on vain 69 grammaa. Teipin asennus on helppoa siihen suunniteltujen [...]L\u00e4s mer \u2026 from Bontrager Supertack Handlebar Tape Set\" \/>\n<meta property=\"og:url\" content=\"https:\/\/vmsport.fi\/sv\/webbutik\/reservdelar\/taxi\/grepp\/bontrager-supertack-handlebar-tape-set\/\" \/>\n<meta property=\"og:site_name\" content=\"VM Sport\" \/>\n<meta property=\"article:publisher\" content=\"https:\/\/www.facebook.com\/Vmsport.fi\/\" \/>\n<meta property=\"article:modified_time\" content=\"2026-04-22T12:10:39+00:00\" \/>\n<meta property=\"og:image\" content=\"https:\/\/vmsport.fi\/wp-content\/uploads\/2025\/03\/NDX0AHkkC3U0kcxE33Z6BcK2jgjRgFqtnafJHHLYgN9bpjQzhp-1.jpg\" \/>\n\t<meta property=\"og:image:width\" content=\"1000\" \/>\n\t<meta property=\"og:image:height\" content=\"754\" \/>\n\t<meta property=\"og:image:type\" content=\"image\/jpeg\" \/>\n<meta name=\"twitter:card\" content=\"summary_large_image\" \/>\n<meta name=\"twitter:label1\" content=\"Ber\u00e4knad l\u00e4stid\" \/>\n\t<meta name=\"twitter:data1\" content=\"1 minut\" \/>\n<script type=\"application\/ld+json\" class=\"yoast-schema-graph\">{\"@context\":\"https:\\\/\\\/schema.org\",\"@graph\":[{\"@type\":[\"WebPage\",\"ItemPage\"],\"@id\":\"https:\\\/\\\/vmsport.fi\\\/verkkokauppa\\\/varaosat\\\/ohjaamo\\\/gripit\\\/bontrager-supertack-handlebar-tape-set\\\/\",\"url\":\"https:\\\/\\\/vmsport.fi\\\/verkkokauppa\\\/varaosat\\\/ohjaamo\\\/gripit\\\/bontrager-supertack-handlebar-tape-set\\\/\",\"name\":\"Bontrager Supertack Handlebar Tape Set - VM Sport\",\"isPartOf\":{\"@id\":\"https:\\\/\\\/vmsport.fi\\\/#website\"},\"primaryImageOfPage\":{\"@id\":\"https:\\\/\\\/vmsport.fi\\\/verkkokauppa\\\/varaosat\\\/ohjaamo\\\/gripit\\\/bontrager-supertack-handlebar-tape-set\\\/#primaryimage\"},\"image\":{\"@id\":\"https:\\\/\\\/vmsport.fi\\\/verkkokauppa\\\/varaosat\\\/ohjaamo\\\/gripit\\\/bontrager-supertack-handlebar-tape-set\\\/#primaryimage\"},\"thumbnailUrl\":\"https:\\\/\\\/vmsport.fi\\\/wp-content\\\/uploads\\\/2025\\\/03\\\/NDX0AHkkC3U0kcxE33Z6BcK2jgjRgFqtnafJHHLYgN9bpjQzhp-1.jpg\",\"datePublished\":\"2025-03-05T21:57:33+00:00\",\"dateModified\":\"2026-04-22T12:10:39+00:00\",\"breadcrumb\":{\"@id\":\"https:\\\/\\\/vmsport.fi\\\/verkkokauppa\\\/varaosat\\\/ohjaamo\\\/gripit\\\/bontrager-supertack-handlebar-tape-set\\\/#breadcrumb\"},\"inLanguage\":\"sv-SE\",\"potentialAction\":[{\"@type\":\"ReadAction\",\"target\":[\"https:\\\/\\\/vmsport.fi\\\/verkkokauppa\\\/varaosat\\\/ohjaamo\\\/gripit\\\/bontrager-supertack-handlebar-tape-set\\\/\"]}]},{\"@type\":\"ImageObject\",\"inLanguage\":\"sv-SE\",\"@id\":\"https:\\\/\\\/vmsport.fi\\\/verkkokauppa\\\/varaosat\\\/ohjaamo\\\/gripit\\\/bontrager-supertack-handlebar-tape-set\\\/#primaryimage\",\"url\":\"https:\\\/\\\/vmsport.fi\\\/wp-content\\\/uploads\\\/2025\\\/03\\\/NDX0AHkkC3U0kcxE33Z6BcK2jgjRgFqtnafJHHLYgN9bpjQzhp-1.jpg\",\"contentUrl\":\"https:\\\/\\\/vmsport.fi\\\/wp-content\\\/uploads\\\/2025\\\/03\\\/NDX0AHkkC3U0kcxE33Z6BcK2jgjRgFqtnafJHHLYgN9bpjQzhp-1.jpg\",\"width\":1000,\"height\":754,\"caption\":\"NDX0AHkkC3U0kcxE33Z6BcK2jgjRgFqtnafJHHLYgN9bpjQzhp\"},{\"@type\":\"BreadcrumbList\",\"@id\":\"https:\\\/\\\/vmsport.fi\\\/verkkokauppa\\\/varaosat\\\/ohjaamo\\\/gripit\\\/bontrager-supertack-handlebar-tape-set\\\/#breadcrumb\",\"itemListElement\":[{\"@type\":\"ListItem\",\"position\":1,\"name\":\"Etusivu\",\"item\":\"https:\\\/\\\/vmsport.fi\\\/\"},{\"@type\":\"ListItem\",\"position\":2,\"name\":\"Online Store\",\"item\":\"https:\\\/\\\/vmsport.fi\\\/en\\\/online-store\\\/\"},{\"@type\":\"ListItem\",\"position\":3,\"name\":\"Bontrager Supertack Handlebar Tape Set\"}]},{\"@type\":\"WebSite\",\"@id\":\"https:\\\/\\\/vmsport.fi\\\/#website\",\"url\":\"https:\\\/\\\/vmsport.fi\\\/\",\"name\":\"Vmsport\",\"description\":\"Kaikki py\u00f6r\u00e4ilyyn yhdest\u00e4 paikasta\",\"publisher\":{\"@id\":\"https:\\\/\\\/vmsport.fi\\\/#organization\"},\"potentialAction\":[{\"@type\":\"SearchAction\",\"target\":{\"@type\":\"EntryPoint\",\"urlTemplate\":\"https:\\\/\\\/vmsport.fi\\\/?s={search_term_string}\"},\"query-input\":{\"@type\":\"PropertyValueSpecification\",\"valueRequired\":true,\"valueName\":\"search_term_string\"}}],\"inLanguage\":\"sv-SE\"},{\"@type\":\"Organization\",\"@id\":\"https:\\\/\\\/vmsport.fi\\\/#organization\",\"name\":\"Vmsport\",\"url\":\"https:\\\/\\\/vmsport.fi\\\/\",\"logo\":{\"@type\":\"ImageObject\",\"inLanguage\":\"sv-SE\",\"@id\":\"https:\\\/\\\/vmsport.fi\\\/#\\\/schema\\\/logo\\\/image\\\/\",\"url\":\"https:\\\/\\\/vmsport.fi\\\/wp-content\\\/uploads\\\/2024\\\/12\\\/vm_sport_RGB_horisontal-e1734526017575.png\",\"contentUrl\":\"https:\\\/\\\/vmsport.fi\\\/wp-content\\\/uploads\\\/2024\\\/12\\\/vm_sport_RGB_horisontal-e1734526017575.png\",\"width\":668,\"height\":85,\"caption\":\"Vmsport\"},\"image\":{\"@id\":\"https:\\\/\\\/vmsport.fi\\\/#\\\/schema\\\/logo\\\/image\\\/\"},\"sameAs\":[\"https:\\\/\\\/www.facebook.com\\\/Vmsport.fi\\\/\",\"https:\\\/\\\/www.instagram.com\\\/vmsport\\\/\"]}]}<\/script>\n<!-- \/ Yoast SEO plugin. -->","yoast_head_json":{"title":"Bontrager Supertack Handlebar Tape Set - VM Sport","robots":{"index":"index","follow":"follow","max-snippet":"max-snippet:-1","max-image-preview":"max-image-preview:large","max-video-preview":"max-video-preview:-1"},"canonical":"https:\/\/vmsport.fi\/sv\/webbutik\/reservdelar\/taxi\/grepp\/bontrager-supertack-handlebar-tape-set\/","og_locale":"sv_SE","og_type":"article","og_title":"Bontrager Supertack Handlebar Tape Set - VM Sport","og_description":"Bontrager Supertack -ohjaustangon teippisetti tarjoaa poikkeuksellisen pidon, kiitos erityisen tahmean pinnan, joka varmistaa pit\u00e4v\u00e4n otteen kaikissa s\u00e4\u00e4olosuhteissa. Iskuja vaimentava vaahto lis\u00e4\u00e4 k\u00e4ytt\u00f6mukavuutta pitkien matkojen aikana, ja ohut 1,5 mm profiili s\u00e4ilytt\u00e4\u00e4 py\u00f6r\u00e4n tyylikk\u00e4\u00e4n ulkon\u00e4\u00f6n. Mikroperforoidusta materiaalista valmistettu teippi sopii erinomaisesti kevyisiin rakenteisiin, sill\u00e4 sen paino on vain 69 grammaa. Teipin asennus on helppoa siihen suunniteltujen [...]L\u00e4s mer \u2026 from Bontrager Supertack Handlebar Tape Set","og_url":"https:\/\/vmsport.fi\/sv\/webbutik\/reservdelar\/taxi\/grepp\/bontrager-supertack-handlebar-tape-set\/","og_site_name":"VM Sport","article_publisher":"https:\/\/www.facebook.com\/Vmsport.fi\/","article_modified_time":"2026-04-22T12:10:39+00:00","og_image":[{"width":1000,"height":754,"url":"https:\/\/vmsport.fi\/wp-content\/uploads\/2025\/03\/NDX0AHkkC3U0kcxE33Z6BcK2jgjRgFqtnafJHHLYgN9bpjQzhp-1.jpg","type":"image\/jpeg"}],"twitter_card":"summary_large_image","twitter_misc":{"Ber\u00e4knad l\u00e4stid":"1 minut"},"schema":{"@context":"https:\/\/schema.org","@graph":[{"@type":["WebPage","ItemPage"],"@id":"https:\/\/vmsport.fi\/verkkokauppa\/varaosat\/ohjaamo\/gripit\/bontrager-supertack-handlebar-tape-set\/","url":"https:\/\/vmsport.fi\/verkkokauppa\/varaosat\/ohjaamo\/gripit\/bontrager-supertack-handlebar-tape-set\/","name":"Bontrager Supertack Handlebar Tape Set - VM Sport","isPartOf":{"@id":"https:\/\/vmsport.fi\/#website"},"primaryImageOfPage":{"@id":"https:\/\/vmsport.fi\/verkkokauppa\/varaosat\/ohjaamo\/gripit\/bontrager-supertack-handlebar-tape-set\/#primaryimage"},"image":{"@id":"https:\/\/vmsport.fi\/verkkokauppa\/varaosat\/ohjaamo\/gripit\/bontrager-supertack-handlebar-tape-set\/#primaryimage"},"thumbnailUrl":"https:\/\/vmsport.fi\/wp-content\/uploads\/2025\/03\/NDX0AHkkC3U0kcxE33Z6BcK2jgjRgFqtnafJHHLYgN9bpjQzhp-1.jpg","datePublished":"2025-03-05T21:57:33+00:00","dateModified":"2026-04-22T12:10:39+00:00","breadcrumb":{"@id":"https:\/\/vmsport.fi\/verkkokauppa\/varaosat\/ohjaamo\/gripit\/bontrager-supertack-handlebar-tape-set\/#breadcrumb"},"inLanguage":"sv-SE","potentialAction":[{"@type":"ReadAction","target":["https:\/\/vmsport.fi\/verkkokauppa\/varaosat\/ohjaamo\/gripit\/bontrager-supertack-handlebar-tape-set\/"]}]},{"@type":"ImageObject","inLanguage":"sv-SE","@id":"https:\/\/vmsport.fi\/verkkokauppa\/varaosat\/ohjaamo\/gripit\/bontrager-supertack-handlebar-tape-set\/#primaryimage","url":"https:\/\/vmsport.fi\/wp-content\/uploads\/2025\/03\/NDX0AHkkC3U0kcxE33Z6BcK2jgjRgFqtnafJHHLYgN9bpjQzhp-1.jpg","contentUrl":"https:\/\/vmsport.fi\/wp-content\/uploads\/2025\/03\/NDX0AHkkC3U0kcxE33Z6BcK2jgjRgFqtnafJHHLYgN9bpjQzhp-1.jpg","width":1000,"height":754,"caption":"NDX0AHkkC3U0kcxE33Z6BcK2jgjRgFqtnafJHHLYgN9bpjQzhp"},{"@type":"BreadcrumbList","@id":"https:\/\/vmsport.fi\/verkkokauppa\/varaosat\/ohjaamo\/gripit\/bontrager-supertack-handlebar-tape-set\/#breadcrumb","itemListElement":[{"@type":"ListItem","position":1,"name":"Etusivu","item":"https:\/\/vmsport.fi\/"},{"@type":"ListItem","position":2,"name":"Online Store","item":"https:\/\/vmsport.fi\/en\/online-store\/"},{"@type":"ListItem","position":3,"name":"Bontrager Supertack Handlebar Tape Set"}]},{"@type":"WebSite","@id":"https:\/\/vmsport.fi\/#website","url":"https:\/\/vmsport.fi\/","name":"Vmsport","description":"Allt p\u00e5 ett st\u00e4lle f\u00f6r cykling","publisher":{"@id":"https:\/\/vmsport.fi\/#organization"},"potentialAction":[{"@type":"SearchAction","target":{"@type":"EntryPoint","urlTemplate":"https:\/\/vmsport.fi\/?s={search_term_string}"},"query-input":{"@type":"PropertyValueSpecification","valueRequired":true,"valueName":"search_term_string"}}],"inLanguage":"sv-SE"},{"@type":"Organization","@id":"https:\/\/vmsport.fi\/#organization","name":"Vmsport","url":"https:\/\/vmsport.fi\/","logo":{"@type":"ImageObject","inLanguage":"sv-SE","@id":"https:\/\/vmsport.fi\/#\/schema\/logo\/image\/","url":"https:\/\/vmsport.fi\/wp-content\/uploads\/2024\/12\/vm_sport_RGB_horisontal-e1734526017575.png","contentUrl":"https:\/\/vmsport.fi\/wp-content\/uploads\/2024\/12\/vm_sport_RGB_horisontal-e1734526017575.png","width":668,"height":85,"caption":"Vmsport"},"image":{"@id":"https:\/\/vmsport.fi\/#\/schema\/logo\/image\/"},"sameAs":["https:\/\/www.facebook.com\/Vmsport.fi\/","https:\/\/www.instagram.com\/vmsport\/"]}]}},"global_unique_id":"","_links":{"self":[{"href":"https:\/\/vmsport.fi\/sv\/wp-json\/wp\/v2\/product\/54813","targetHints":{"allow":["GET"]}}],"collection":[{"href":"https:\/\/vmsport.fi\/sv\/wp-json\/wp\/v2\/product"}],"about":[{"href":"https:\/\/vmsport.fi\/sv\/wp-json\/wp\/v2\/types\/product"}],"replies":[{"embeddable":true,"href":"https:\/\/vmsport.fi\/sv\/wp-json\/wp\/v2\/comments?post=54813"}],"wp:featuredmedia":[{"embeddable":true,"href":"https:\/\/vmsport.fi\/sv\/wp-json\/wp\/v2\/media\/54812"}],"wp:attachment":[{"href":"https:\/\/vmsport.fi\/sv\/wp-json\/wp\/v2\/media?parent=54813"}],"wp:term":[{"taxonomy":"product_brand","embeddable":true,"href":"https:\/\/vmsport.fi\/sv\/wp-json\/wp\/v2\/product_brand?post=54813"},{"taxonomy":"product_model","embeddable":true,"href":"https:\/\/vmsport.fi\/sv\/wp-json\/wp\/v2\/product_model?post=54813"},{"taxonomy":"product_cat","embeddable":true,"href":"https:\/\/vmsport.fi\/sv\/wp-json\/wp\/v2\/product_cat?post=54813"},{"taxonomy":"product_tag","embeddable":true,"href":"https:\/\/vmsport.fi\/sv\/wp-json\/wp\/v2\/product_tag?post=54813"},{"taxonomy":"industry_terminology","embeddable":true,"href":"https:\/\/vmsport.fi\/sv\/wp-json\/wp\/v2\/industry-terminology?post=54813"}],"curies":[{"name":"wp","href":"https:\/\/api.w.org\/{rel}","templated":true}]}}