{"id":54801,"date":"2025-03-05T23:57:27","date_gmt":"2025-03-05T21:57:27","guid":{"rendered":"https:\/\/vmsport.fi\/verkkokauppa\/Ei-luokiteltu\/pfc-takakiekko-28-29-19-622-disc-kasetti-8-9-10-alex-xd-elite\/"},"modified":"2026-01-16T13:22:22","modified_gmt":"2026-01-16T11:22:22","slug":"pfc-bakre-skiva-28-29-19-622-skivpatron-8-9-10-alex-xd-elite","status":"publish","type":"product","link":"https:\/\/vmsport.fi\/sv\/verkkokauppa\/varaosat\/kiekot-ja-navat\/takakiekot\/pfc-takakiekko-28-29-19-622-disc-kasetti-8-9-10-alex-xd-elite\/","title":{"rendered":"PFC Bakre skiva 28\/29\u2033 23-622 Skivpatron 8\/9\/10, Alex XD-Elite"},"content":{"rendered":"<p>PFC-bakhjulet \u00e4r utformat f\u00f6r 28- och 29-tumsmodeller och erbjuder m\u00e5ngsidighet och prestanda f\u00f6r en m\u00e4ngd olika cykelbehov. Dess diameter p\u00e5 19-622 mm s\u00e4kerst\u00e4ller kompatibilitet med ett brett utbud av d\u00e4ck. Hjulet \u00e4r optimerat f\u00f6r skivbromsar och ger en j\u00e4mn och effektiv bromsning f\u00f6r f\u00f6rb\u00e4ttrad s\u00e4kerhet och hantering. Kassettpaketet \u00e4r l\u00e4mpligt f\u00f6r 8-, 9- och 10-v\u00e4xlade system, vilket ger en m\u00e5ngsidig utv\u00e4xling. Alex XD-Elite-ramar kombinerar h\u00e5llbarhet och l\u00e4tthet, vilket framh\u00e4ver cykelns tillf\u00f6rlitlighet och prestanda.<\/p>","protected":false},"excerpt":{"rendered":"<p>PFC:n takapy\u00f6r\u00e4 on suunniteltu 28 ja 29 tuuman malleille, tarjoten monipuolisuutta ja suorituskyky\u00e4 erilaisiin py\u00f6r\u00e4ilytarpeisiin. Sen halkaisija 19-622 varmistaa yhteensopivuuden useiden erilaisten renkaiden kanssa. Levyjarruja varten optimoituna t\u00e4m\u00e4 py\u00f6r\u00e4 mahdollistaa tasaisen ja tehokkaan jarrutuksen, mik\u00e4 parantaa turvallisuutta ja ajohallittavuutta. Kasettipakka sopii 8-, 9- ja 10-vaihteisille j\u00e4rjestelmille, mik\u00e4 mahdollistaa monipuolisen vaihteiston k\u00e4yt\u00f6n. Alexin XD-Elite keh\u00e4t yhdist\u00e4v\u00e4t [&#8230;]<\/p>\n<p><a class=\"btn btn-secondary understrap-read-more-link\" href=\"https:\/\/vmsport.fi\/sv\/verkkokauppa\/varaosat\/kiekot-ja-navat\/takakiekot\/pfc-takakiekko-28-29-19-622-disc-kasetti-8-9-10-alex-xd-elite\/\">L\u00e4s mer \u2026<span class=\"screen-reader-text\"> from PFC Takakiekko 28\/29&#8243; 23-622 Disc kasetti 8\/9\/10, Alex XD-Elite<\/span><\/a><\/p>\n","protected":false},"featured_media":54800,"comment_status":"open","ping_status":"closed","template":"","meta":{"_acf_changed":false,"_improvement_type_select":"improve_an_existing","_thumb_yes_seoaic":false,"_frame_yes_seoaic":false,"seoaic_generate_description":"","seoaic_improve_instructions_prompt":"","seoaic_rollback_content_improvement":"","seoaic_idea_thumbnail_generator":"","thumbnail_generated":false,"thumbnail_generate_prompt":"","seoaic_article_description":"","_supplier_stock_quantity":0},"product_brand":[],"product_model":[],"product_cat":[9486],"product_tag":[],"industry-terminology":[],"class_list":{"0":"post-54801","1":"product","2":"type-product","3":"status-publish","4":"has-post-thumbnail","6":"product_cat-takakiekot","8":"first","9":"outofstock","10":"taxable","11":"shipping-taxable","12":"product-type-simple"},"acf":{"bike_features":null,"overview":{"copy_overview":null,"key_features":null,"statement":"","youtube_url":""}},"yoast_head":"<!-- This site is optimized with the Yoast SEO plugin v27.3 - https:\/\/yoast.com\/product\/yoast-seo-wordpress\/ -->\n<title>PFC Takakiekko 28\/29&quot; 23-622 Disc kasetti 8\/9\/10, Alex XD-Elite - VM Sport<\/title>\n<meta name=\"robots\" content=\"index, follow, max-snippet:-1, max-image-preview:large, max-video-preview:-1\" \/>\n<link rel=\"canonical\" href=\"https:\/\/vmsport.fi\/sv\/webbutik\/reservdelar\/skivor-och-nav\/bakgrund\/pfc-bakre-skiva-28-29-19-622-skivpatron-8-9-10-alex-xd-elite\/\" \/>\n<meta property=\"og:locale\" content=\"sv_SE\" \/>\n<meta property=\"og:type\" content=\"article\" \/>\n<meta property=\"og:title\" content=\"PFC Takakiekko 28\/29&quot; 23-622 Disc kasetti 8\/9\/10, Alex XD-Elite - VM Sport\" \/>\n<meta property=\"og:description\" content=\"PFC:n takapy\u00f6r\u00e4 on suunniteltu 28 ja 29 tuuman malleille, tarjoten monipuolisuutta ja suorituskyky\u00e4 erilaisiin py\u00f6r\u00e4ilytarpeisiin. Sen halkaisija 19-622 varmistaa yhteensopivuuden useiden erilaisten renkaiden kanssa. Levyjarruja varten optimoituna t\u00e4m\u00e4 py\u00f6r\u00e4 mahdollistaa tasaisen ja tehokkaan jarrutuksen, mik\u00e4 parantaa turvallisuutta ja ajohallittavuutta. Kasettipakka sopii 8-, 9- ja 10-vaihteisille j\u00e4rjestelmille, mik\u00e4 mahdollistaa monipuolisen vaihteiston k\u00e4yt\u00f6n. Alexin XD-Elite keh\u00e4t yhdist\u00e4v\u00e4t [...]L\u00e4s mer \u2026 from PFC Takakiekko 28\/29&#8243; 23-622 Disc kasetti 8\/9\/10, Alex XD-Elite\" \/>\n<meta property=\"og:url\" content=\"https:\/\/vmsport.fi\/sv\/webbutik\/reservdelar\/skivor-och-nav\/bakgrund\/pfc-bakre-skiva-28-29-19-622-skivpatron-8-9-10-alex-xd-elite\/\" \/>\n<meta property=\"og:site_name\" content=\"VM Sport\" \/>\n<meta property=\"article:publisher\" content=\"https:\/\/www.facebook.com\/Vmsport.fi\/\" \/>\n<meta property=\"article:modified_time\" content=\"2026-01-16T11:22:22+00:00\" \/>\n<meta property=\"og:image\" content=\"https:\/\/vmsport.fi\/wp-content\/uploads\/2025\/03\/69073-1.jpg\" \/>\n\t<meta property=\"og:image:width\" content=\"1000\" \/>\n\t<meta property=\"og:image:height\" content=\"1000\" \/>\n\t<meta property=\"og:image:type\" content=\"image\/jpeg\" \/>\n<meta name=\"twitter:card\" content=\"summary_large_image\" \/>\n<script type=\"application\/ld+json\" class=\"yoast-schema-graph\">{\"@context\":\"https:\\\/\\\/schema.org\",\"@graph\":[{\"@type\":[\"WebPage\",\"ItemPage\"],\"@id\":\"https:\\\/\\\/vmsport.fi\\\/verkkokauppa\\\/varaosat\\\/kiekot-ja-navat\\\/takakiekot\\\/pfc-takakiekko-28-29-19-622-disc-kasetti-8-9-10-alex-xd-elite\\\/\",\"url\":\"https:\\\/\\\/vmsport.fi\\\/verkkokauppa\\\/varaosat\\\/kiekot-ja-navat\\\/takakiekot\\\/pfc-takakiekko-28-29-19-622-disc-kasetti-8-9-10-alex-xd-elite\\\/\",\"name\":\"PFC Takakiekko 28\\\/29\\\" 23-622 Disc kasetti 8\\\/9\\\/10, Alex XD-Elite - VM Sport\",\"isPartOf\":{\"@id\":\"https:\\\/\\\/vmsport.fi\\\/#website\"},\"primaryImageOfPage\":{\"@id\":\"https:\\\/\\\/vmsport.fi\\\/verkkokauppa\\\/varaosat\\\/kiekot-ja-navat\\\/takakiekot\\\/pfc-takakiekko-28-29-19-622-disc-kasetti-8-9-10-alex-xd-elite\\\/#primaryimage\"},\"image\":{\"@id\":\"https:\\\/\\\/vmsport.fi\\\/verkkokauppa\\\/varaosat\\\/kiekot-ja-navat\\\/takakiekot\\\/pfc-takakiekko-28-29-19-622-disc-kasetti-8-9-10-alex-xd-elite\\\/#primaryimage\"},\"thumbnailUrl\":\"https:\\\/\\\/vmsport.fi\\\/wp-content\\\/uploads\\\/2025\\\/03\\\/69073-1.jpg\",\"datePublished\":\"2025-03-05T21:57:27+00:00\",\"dateModified\":\"2026-01-16T11:22:22+00:00\",\"breadcrumb\":{\"@id\":\"https:\\\/\\\/vmsport.fi\\\/verkkokauppa\\\/varaosat\\\/kiekot-ja-navat\\\/takakiekot\\\/pfc-takakiekko-28-29-19-622-disc-kasetti-8-9-10-alex-xd-elite\\\/#breadcrumb\"},\"inLanguage\":\"sv-SE\",\"potentialAction\":[{\"@type\":\"ReadAction\",\"target\":[\"https:\\\/\\\/vmsport.fi\\\/verkkokauppa\\\/varaosat\\\/kiekot-ja-navat\\\/takakiekot\\\/pfc-takakiekko-28-29-19-622-disc-kasetti-8-9-10-alex-xd-elite\\\/\"]}]},{\"@type\":\"ImageObject\",\"inLanguage\":\"sv-SE\",\"@id\":\"https:\\\/\\\/vmsport.fi\\\/verkkokauppa\\\/varaosat\\\/kiekot-ja-navat\\\/takakiekot\\\/pfc-takakiekko-28-29-19-622-disc-kasetti-8-9-10-alex-xd-elite\\\/#primaryimage\",\"url\":\"https:\\\/\\\/vmsport.fi\\\/wp-content\\\/uploads\\\/2025\\\/03\\\/69073-1.jpg\",\"contentUrl\":\"https:\\\/\\\/vmsport.fi\\\/wp-content\\\/uploads\\\/2025\\\/03\\\/69073-1.jpg\",\"width\":1000,\"height\":1000,\"caption\":\"69073\"},{\"@type\":\"BreadcrumbList\",\"@id\":\"https:\\\/\\\/vmsport.fi\\\/verkkokauppa\\\/varaosat\\\/kiekot-ja-navat\\\/takakiekot\\\/pfc-takakiekko-28-29-19-622-disc-kasetti-8-9-10-alex-xd-elite\\\/#breadcrumb\",\"itemListElement\":[{\"@type\":\"ListItem\",\"position\":1,\"name\":\"Etusivu\",\"item\":\"https:\\\/\\\/vmsport.fi\\\/\"},{\"@type\":\"ListItem\",\"position\":2,\"name\":\"Online Store\",\"item\":\"https:\\\/\\\/vmsport.fi\\\/en\\\/online-store\\\/\"},{\"@type\":\"ListItem\",\"position\":3,\"name\":\"PFC Takakiekko 28\\\/29&#8243; 23-622 Disc kasetti 8\\\/9\\\/10, Alex XD-Elite\"}]},{\"@type\":\"WebSite\",\"@id\":\"https:\\\/\\\/vmsport.fi\\\/#website\",\"url\":\"https:\\\/\\\/vmsport.fi\\\/\",\"name\":\"Vmsport\",\"description\":\"Kaikki py\u00f6r\u00e4ilyyn yhdest\u00e4 paikasta\",\"publisher\":{\"@id\":\"https:\\\/\\\/vmsport.fi\\\/#organization\"},\"potentialAction\":[{\"@type\":\"SearchAction\",\"target\":{\"@type\":\"EntryPoint\",\"urlTemplate\":\"https:\\\/\\\/vmsport.fi\\\/?s={search_term_string}\"},\"query-input\":{\"@type\":\"PropertyValueSpecification\",\"valueRequired\":true,\"valueName\":\"search_term_string\"}}],\"inLanguage\":\"sv-SE\"},{\"@type\":\"Organization\",\"@id\":\"https:\\\/\\\/vmsport.fi\\\/#organization\",\"name\":\"Vmsport\",\"url\":\"https:\\\/\\\/vmsport.fi\\\/\",\"logo\":{\"@type\":\"ImageObject\",\"inLanguage\":\"sv-SE\",\"@id\":\"https:\\\/\\\/vmsport.fi\\\/#\\\/schema\\\/logo\\\/image\\\/\",\"url\":\"https:\\\/\\\/vmsport.fi\\\/wp-content\\\/uploads\\\/2024\\\/12\\\/vm_sport_RGB_horisontal-e1734526017575.png\",\"contentUrl\":\"https:\\\/\\\/vmsport.fi\\\/wp-content\\\/uploads\\\/2024\\\/12\\\/vm_sport_RGB_horisontal-e1734526017575.png\",\"width\":668,\"height\":85,\"caption\":\"Vmsport\"},\"image\":{\"@id\":\"https:\\\/\\\/vmsport.fi\\\/#\\\/schema\\\/logo\\\/image\\\/\"},\"sameAs\":[\"https:\\\/\\\/www.facebook.com\\\/Vmsport.fi\\\/\",\"https:\\\/\\\/www.instagram.com\\\/vmsport\\\/\"]}]}<\/script>\n<!-- \/ Yoast SEO plugin. -->","yoast_head_json":{"title":"PFC Bakre skiva 28\/29\" 23-622 Skivpatron 8\/9\/10, Alex XD-Elite - VM Sport","robots":{"index":"index","follow":"follow","max-snippet":"max-snippet:-1","max-image-preview":"max-image-preview:large","max-video-preview":"max-video-preview:-1"},"canonical":"https:\/\/vmsport.fi\/sv\/webbutik\/reservdelar\/skivor-och-nav\/bakgrund\/pfc-bakre-skiva-28-29-19-622-skivpatron-8-9-10-alex-xd-elite\/","og_locale":"sv_SE","og_type":"article","og_title":"PFC Takakiekko 28\/29\" 23-622 Disc kasetti 8\/9\/10, Alex XD-Elite - VM Sport","og_description":"PFC:n takapy\u00f6r\u00e4 on suunniteltu 28 ja 29 tuuman malleille, tarjoten monipuolisuutta ja suorituskyky\u00e4 erilaisiin py\u00f6r\u00e4ilytarpeisiin. Sen halkaisija 19-622 varmistaa yhteensopivuuden useiden erilaisten renkaiden kanssa. Levyjarruja varten optimoituna t\u00e4m\u00e4 py\u00f6r\u00e4 mahdollistaa tasaisen ja tehokkaan jarrutuksen, mik\u00e4 parantaa turvallisuutta ja ajohallittavuutta. Kasettipakka sopii 8-, 9- ja 10-vaihteisille j\u00e4rjestelmille, mik\u00e4 mahdollistaa monipuolisen vaihteiston k\u00e4yt\u00f6n. Alexin XD-Elite keh\u00e4t yhdist\u00e4v\u00e4t [...]L\u00e4s mer \u2026 from PFC Takakiekko 28\/29&#8243; 23-622 Disc kasetti 8\/9\/10, Alex XD-Elite","og_url":"https:\/\/vmsport.fi\/sv\/webbutik\/reservdelar\/skivor-och-nav\/bakgrund\/pfc-bakre-skiva-28-29-19-622-skivpatron-8-9-10-alex-xd-elite\/","og_site_name":"VM Sport","article_publisher":"https:\/\/www.facebook.com\/Vmsport.fi\/","article_modified_time":"2026-01-16T11:22:22+00:00","og_image":[{"width":1000,"height":1000,"url":"https:\/\/vmsport.fi\/wp-content\/uploads\/2025\/03\/69073-1.jpg","type":"image\/jpeg"}],"twitter_card":"summary_large_image","schema":{"@context":"https:\/\/schema.org","@graph":[{"@type":["WebPage","ItemPage"],"@id":"https:\/\/vmsport.fi\/verkkokauppa\/varaosat\/kiekot-ja-navat\/takakiekot\/pfc-takakiekko-28-29-19-622-disc-kasetti-8-9-10-alex-xd-elite\/","url":"https:\/\/vmsport.fi\/verkkokauppa\/varaosat\/kiekot-ja-navat\/takakiekot\/pfc-takakiekko-28-29-19-622-disc-kasetti-8-9-10-alex-xd-elite\/","name":"PFC Bakre skiva 28\/29\" 23-622 Skivpatron 8\/9\/10, Alex XD-Elite - VM Sport","isPartOf":{"@id":"https:\/\/vmsport.fi\/#website"},"primaryImageOfPage":{"@id":"https:\/\/vmsport.fi\/verkkokauppa\/varaosat\/kiekot-ja-navat\/takakiekot\/pfc-takakiekko-28-29-19-622-disc-kasetti-8-9-10-alex-xd-elite\/#primaryimage"},"image":{"@id":"https:\/\/vmsport.fi\/verkkokauppa\/varaosat\/kiekot-ja-navat\/takakiekot\/pfc-takakiekko-28-29-19-622-disc-kasetti-8-9-10-alex-xd-elite\/#primaryimage"},"thumbnailUrl":"https:\/\/vmsport.fi\/wp-content\/uploads\/2025\/03\/69073-1.jpg","datePublished":"2025-03-05T21:57:27+00:00","dateModified":"2026-01-16T11:22:22+00:00","breadcrumb":{"@id":"https:\/\/vmsport.fi\/verkkokauppa\/varaosat\/kiekot-ja-navat\/takakiekot\/pfc-takakiekko-28-29-19-622-disc-kasetti-8-9-10-alex-xd-elite\/#breadcrumb"},"inLanguage":"sv-SE","potentialAction":[{"@type":"ReadAction","target":["https:\/\/vmsport.fi\/verkkokauppa\/varaosat\/kiekot-ja-navat\/takakiekot\/pfc-takakiekko-28-29-19-622-disc-kasetti-8-9-10-alex-xd-elite\/"]}]},{"@type":"ImageObject","inLanguage":"sv-SE","@id":"https:\/\/vmsport.fi\/verkkokauppa\/varaosat\/kiekot-ja-navat\/takakiekot\/pfc-takakiekko-28-29-19-622-disc-kasetti-8-9-10-alex-xd-elite\/#primaryimage","url":"https:\/\/vmsport.fi\/wp-content\/uploads\/2025\/03\/69073-1.jpg","contentUrl":"https:\/\/vmsport.fi\/wp-content\/uploads\/2025\/03\/69073-1.jpg","width":1000,"height":1000,"caption":"69073"},{"@type":"BreadcrumbList","@id":"https:\/\/vmsport.fi\/verkkokauppa\/varaosat\/kiekot-ja-navat\/takakiekot\/pfc-takakiekko-28-29-19-622-disc-kasetti-8-9-10-alex-xd-elite\/#breadcrumb","itemListElement":[{"@type":"ListItem","position":1,"name":"Etusivu","item":"https:\/\/vmsport.fi\/"},{"@type":"ListItem","position":2,"name":"Online Store","item":"https:\/\/vmsport.fi\/en\/online-store\/"},{"@type":"ListItem","position":3,"name":"PFC Takakiekko 28\/29&#8243; 23-622 Disc kasetti 8\/9\/10, Alex XD-Elite"}]},{"@type":"WebSite","@id":"https:\/\/vmsport.fi\/#website","url":"https:\/\/vmsport.fi\/","name":"Vmsport","description":"Allt p\u00e5 ett st\u00e4lle f\u00f6r cykling","publisher":{"@id":"https:\/\/vmsport.fi\/#organization"},"potentialAction":[{"@type":"SearchAction","target":{"@type":"EntryPoint","urlTemplate":"https:\/\/vmsport.fi\/?s={search_term_string}"},"query-input":{"@type":"PropertyValueSpecification","valueRequired":true,"valueName":"search_term_string"}}],"inLanguage":"sv-SE"},{"@type":"Organization","@id":"https:\/\/vmsport.fi\/#organization","name":"Vmsport","url":"https:\/\/vmsport.fi\/","logo":{"@type":"ImageObject","inLanguage":"sv-SE","@id":"https:\/\/vmsport.fi\/#\/schema\/logo\/image\/","url":"https:\/\/vmsport.fi\/wp-content\/uploads\/2024\/12\/vm_sport_RGB_horisontal-e1734526017575.png","contentUrl":"https:\/\/vmsport.fi\/wp-content\/uploads\/2024\/12\/vm_sport_RGB_horisontal-e1734526017575.png","width":668,"height":85,"caption":"Vmsport"},"image":{"@id":"https:\/\/vmsport.fi\/#\/schema\/logo\/image\/"},"sameAs":["https:\/\/www.facebook.com\/Vmsport.fi\/","https:\/\/www.instagram.com\/vmsport\/"]}]}},"global_unique_id":"","_links":{"self":[{"href":"https:\/\/vmsport.fi\/sv\/wp-json\/wp\/v2\/product\/54801","targetHints":{"allow":["GET"]}}],"collection":[{"href":"https:\/\/vmsport.fi\/sv\/wp-json\/wp\/v2\/product"}],"about":[{"href":"https:\/\/vmsport.fi\/sv\/wp-json\/wp\/v2\/types\/product"}],"replies":[{"embeddable":true,"href":"https:\/\/vmsport.fi\/sv\/wp-json\/wp\/v2\/comments?post=54801"}],"wp:featuredmedia":[{"embeddable":true,"href":"https:\/\/vmsport.fi\/sv\/wp-json\/wp\/v2\/media\/54800"}],"wp:attachment":[{"href":"https:\/\/vmsport.fi\/sv\/wp-json\/wp\/v2\/media?parent=54801"}],"wp:term":[{"taxonomy":"product_brand","embeddable":true,"href":"https:\/\/vmsport.fi\/sv\/wp-json\/wp\/v2\/product_brand?post=54801"},{"taxonomy":"product_model","embeddable":true,"href":"https:\/\/vmsport.fi\/sv\/wp-json\/wp\/v2\/product_model?post=54801"},{"taxonomy":"product_cat","embeddable":true,"href":"https:\/\/vmsport.fi\/sv\/wp-json\/wp\/v2\/product_cat?post=54801"},{"taxonomy":"product_tag","embeddable":true,"href":"https:\/\/vmsport.fi\/sv\/wp-json\/wp\/v2\/product_tag?post=54801"},{"taxonomy":"industry_terminology","embeddable":true,"href":"https:\/\/vmsport.fi\/sv\/wp-json\/wp\/v2\/industry-terminology?post=54801"}],"curies":[{"name":"wp","href":"https:\/\/api.w.org\/{rel}","templated":true}]}}