{"id":54790,"date":"2025-03-05T23:57:20","date_gmt":"2025-03-05T21:57:20","guid":{"rendered":"https:\/\/vmsport.fi\/verkkokauppa\/Ei-luokiteltu\/xlc-bs-r01-black\/"},"modified":"2026-04-22T15:07:34","modified_gmt":"2026-04-22T12:07:34","slug":"xlc-bs-r01-svart","status":"publish","type":"product","link":"https:\/\/vmsport.fi\/sv\/verkkokauppa\/varaosat\/jarrut\/jarrupalat\/xlc-bs-r01-black\/","title":{"rendered":"XLC BS-R01 Svart"},"content":{"rendered":"<p>XLC BS-R01 Black \u00e4r ett h\u00f6gkvalitativt bromsbel\u00e4gg som erbjuder utm\u00e4rkt bromsprestanda f\u00f6r cykelentusiaster. Bromsbel\u00e4gget \u00e4r snyggt svart och passar ett brett utbud av cyklar, vilket g\u00f6r det till ett flexibelt val f\u00f6r alla cyklister. N\u00e4r du byter ut cykelns bromsbel\u00e4gg s\u00e4kerst\u00e4ller BS-R01 tillf\u00f6rlitlig och p\u00e5litlig bromsning, vilket \u00f6kar s\u00e4kerheten och g\u00f6r att du kan k\u00e4nna dig lugn n\u00e4r du cyklar. Dessutom \u00e4r den l\u00e4tt att montera, s\u00e5 att du kan f\u00e5 ditt nya bromsbel\u00e4gg p\u00e5 plats snabbt och utan problem. Dessa egenskaper g\u00f6r XLC BS-R01 Black till det perfekta tillbeh\u00f6ret n\u00e4r du vill f\u00f6rb\u00e4ttra din cykels bromsprestanda.<\/p>","protected":false},"excerpt":{"rendered":"<p>XLC BS-R01 Black on korkealaatuinen jarrupala, joka tarjoaa erinomaista jarrutustehoa py\u00f6r\u00e4ilyharrastajille. T\u00e4m\u00e4 jarrupala on tyylikk\u00e4\u00e4n musta ja sopii laajasti erilaisiin polkupy\u00f6riin, mik\u00e4 tekee siit\u00e4 joustavan valinnan jokaiselle py\u00f6r\u00e4ilij\u00e4lle. Kun vaihdat polkupy\u00f6r\u00e4si jarrupalat, BS-R01 takaa varman ja luotettavan jarrutuksen, mik\u00e4 lis\u00e4\u00e4 turvallisuutta ja rauhoittaa mielen ajon aikana. Lis\u00e4ksi sen asentaminen on helppoa, joten saat uuden jarrupalan [&#8230;]<\/p>\n<p><a class=\"btn btn-secondary understrap-read-more-link\" href=\"https:\/\/vmsport.fi\/sv\/verkkokauppa\/varaosat\/jarrut\/jarrupalat\/xlc-bs-r01-black\/\">L\u00e4s mer \u2026<span class=\"screen-reader-text\"> from XLC BS-R01 Black<\/span><\/a><\/p>\n","protected":false},"featured_media":54789,"comment_status":"open","ping_status":"closed","template":"","meta":{"_acf_changed":false,"_improvement_type_select":"improve_an_existing","_thumb_yes_seoaic":false,"_frame_yes_seoaic":false,"seoaic_generate_description":"","seoaic_improve_instructions_prompt":"","seoaic_rollback_content_improvement":"","seoaic_idea_thumbnail_generator":"","thumbnail_generated":false,"thumbnail_generate_prompt":"","seoaic_article_description":"","_supplier_stock_quantity":0},"product_brand":[],"product_model":[],"product_cat":[9288],"product_tag":[],"industry-terminology":[],"class_list":{"0":"post-54790","1":"product","2":"type-product","3":"status-publish","4":"has-post-thumbnail","6":"product_cat-jarrupalat","8":"first","9":"instock","10":"taxable","11":"shipping-taxable","12":"purchasable","13":"product-type-simple"},"acf":{"bike_features":null,"overview":{"copy_overview":null,"key_features":null,"statement":"","youtube_url":""}},"yoast_head":"<!-- This site is optimized with the Yoast SEO plugin v27.4 - https:\/\/yoast.com\/product\/yoast-seo-wordpress\/ -->\n<title>XLC BS-R01 Black - VM Sport<\/title>\n<meta name=\"robots\" content=\"index, follow, max-snippet:-1, max-image-preview:large, max-video-preview:-1\" \/>\n<link rel=\"canonical\" href=\"https:\/\/vmsport.fi\/sv\/webbutik\/reservdelar\/bromsar\/bromsbelagg\/xlc-bs-r01-svart\/\" \/>\n<meta property=\"og:locale\" content=\"sv_SE\" \/>\n<meta property=\"og:type\" content=\"article\" \/>\n<meta property=\"og:title\" content=\"XLC BS-R01 Black - VM Sport\" \/>\n<meta property=\"og:description\" content=\"XLC BS-R01 Black on korkealaatuinen jarrupala, joka tarjoaa erinomaista jarrutustehoa py\u00f6r\u00e4ilyharrastajille. T\u00e4m\u00e4 jarrupala on tyylikk\u00e4\u00e4n musta ja sopii laajasti erilaisiin polkupy\u00f6riin, mik\u00e4 tekee siit\u00e4 joustavan valinnan jokaiselle py\u00f6r\u00e4ilij\u00e4lle. Kun vaihdat polkupy\u00f6r\u00e4si jarrupalat, BS-R01 takaa varman ja luotettavan jarrutuksen, mik\u00e4 lis\u00e4\u00e4 turvallisuutta ja rauhoittaa mielen ajon aikana. Lis\u00e4ksi sen asentaminen on helppoa, joten saat uuden jarrupalan [...]L\u00e4s mer \u2026 from XLC BS-R01 Black\" \/>\n<meta property=\"og:url\" content=\"https:\/\/vmsport.fi\/sv\/webbutik\/reservdelar\/bromsar\/bromsbelagg\/xlc-bs-r01-svart\/\" \/>\n<meta property=\"og:site_name\" content=\"VM Sport\" \/>\n<meta property=\"article:publisher\" content=\"https:\/\/www.facebook.com\/Vmsport.fi\/\" \/>\n<meta property=\"article:modified_time\" content=\"2026-04-22T12:07:34+00:00\" \/>\n<meta property=\"og:image\" content=\"https:\/\/vmsport.fi\/wp-content\/uploads\/2025\/03\/45QNNR43id5iql16a1qC9vierKpFYbC35XclcBBzQdsABIacBq-1.jpg\" \/>\n\t<meta property=\"og:image:width\" content=\"800\" \/>\n\t<meta property=\"og:image:height\" content=\"800\" \/>\n\t<meta property=\"og:image:type\" content=\"image\/jpeg\" \/>\n<meta name=\"twitter:card\" content=\"summary_large_image\" \/>\n<script type=\"application\/ld+json\" class=\"yoast-schema-graph\">{\"@context\":\"https:\\\/\\\/schema.org\",\"@graph\":[{\"@type\":[\"WebPage\",\"ItemPage\"],\"@id\":\"https:\\\/\\\/vmsport.fi\\\/verkkokauppa\\\/varaosat\\\/jarrut\\\/jarrupalat\\\/xlc-bs-r01-black\\\/\",\"url\":\"https:\\\/\\\/vmsport.fi\\\/verkkokauppa\\\/varaosat\\\/jarrut\\\/jarrupalat\\\/xlc-bs-r01-black\\\/\",\"name\":\"XLC BS-R01 Black - VM Sport\",\"isPartOf\":{\"@id\":\"https:\\\/\\\/vmsport.fi\\\/#website\"},\"primaryImageOfPage\":{\"@id\":\"https:\\\/\\\/vmsport.fi\\\/verkkokauppa\\\/varaosat\\\/jarrut\\\/jarrupalat\\\/xlc-bs-r01-black\\\/#primaryimage\"},\"image\":{\"@id\":\"https:\\\/\\\/vmsport.fi\\\/verkkokauppa\\\/varaosat\\\/jarrut\\\/jarrupalat\\\/xlc-bs-r01-black\\\/#primaryimage\"},\"thumbnailUrl\":\"https:\\\/\\\/vmsport.fi\\\/wp-content\\\/uploads\\\/2025\\\/03\\\/45QNNR43id5iql16a1qC9vierKpFYbC35XclcBBzQdsABIacBq-1.jpg\",\"datePublished\":\"2025-03-05T21:57:20+00:00\",\"dateModified\":\"2026-04-22T12:07:34+00:00\",\"breadcrumb\":{\"@id\":\"https:\\\/\\\/vmsport.fi\\\/verkkokauppa\\\/varaosat\\\/jarrut\\\/jarrupalat\\\/xlc-bs-r01-black\\\/#breadcrumb\"},\"inLanguage\":\"sv-SE\",\"potentialAction\":[{\"@type\":\"ReadAction\",\"target\":[\"https:\\\/\\\/vmsport.fi\\\/verkkokauppa\\\/varaosat\\\/jarrut\\\/jarrupalat\\\/xlc-bs-r01-black\\\/\"]}]},{\"@type\":\"ImageObject\",\"inLanguage\":\"sv-SE\",\"@id\":\"https:\\\/\\\/vmsport.fi\\\/verkkokauppa\\\/varaosat\\\/jarrut\\\/jarrupalat\\\/xlc-bs-r01-black\\\/#primaryimage\",\"url\":\"https:\\\/\\\/vmsport.fi\\\/wp-content\\\/uploads\\\/2025\\\/03\\\/45QNNR43id5iql16a1qC9vierKpFYbC35XclcBBzQdsABIacBq-1.jpg\",\"contentUrl\":\"https:\\\/\\\/vmsport.fi\\\/wp-content\\\/uploads\\\/2025\\\/03\\\/45QNNR43id5iql16a1qC9vierKpFYbC35XclcBBzQdsABIacBq-1.jpg\",\"width\":800,\"height\":800,\"caption\":\"45QNNR43id5iql16a1qC9vierKpFYbC35XclcBBzQdsABIacBq\"},{\"@type\":\"BreadcrumbList\",\"@id\":\"https:\\\/\\\/vmsport.fi\\\/verkkokauppa\\\/varaosat\\\/jarrut\\\/jarrupalat\\\/xlc-bs-r01-black\\\/#breadcrumb\",\"itemListElement\":[{\"@type\":\"ListItem\",\"position\":1,\"name\":\"Etusivu\",\"item\":\"https:\\\/\\\/vmsport.fi\\\/\"},{\"@type\":\"ListItem\",\"position\":2,\"name\":\"Online Store\",\"item\":\"https:\\\/\\\/vmsport.fi\\\/en\\\/online-store\\\/\"},{\"@type\":\"ListItem\",\"position\":3,\"name\":\"XLC BS-R01 Black\"}]},{\"@type\":\"WebSite\",\"@id\":\"https:\\\/\\\/vmsport.fi\\\/#website\",\"url\":\"https:\\\/\\\/vmsport.fi\\\/\",\"name\":\"Vmsport\",\"description\":\"Kaikki py\u00f6r\u00e4ilyyn yhdest\u00e4 paikasta\",\"publisher\":{\"@id\":\"https:\\\/\\\/vmsport.fi\\\/#organization\"},\"potentialAction\":[{\"@type\":\"SearchAction\",\"target\":{\"@type\":\"EntryPoint\",\"urlTemplate\":\"https:\\\/\\\/vmsport.fi\\\/?s={search_term_string}\"},\"query-input\":{\"@type\":\"PropertyValueSpecification\",\"valueRequired\":true,\"valueName\":\"search_term_string\"}}],\"inLanguage\":\"sv-SE\"},{\"@type\":\"Organization\",\"@id\":\"https:\\\/\\\/vmsport.fi\\\/#organization\",\"name\":\"Vmsport\",\"url\":\"https:\\\/\\\/vmsport.fi\\\/\",\"logo\":{\"@type\":\"ImageObject\",\"inLanguage\":\"sv-SE\",\"@id\":\"https:\\\/\\\/vmsport.fi\\\/#\\\/schema\\\/logo\\\/image\\\/\",\"url\":\"https:\\\/\\\/vmsport.fi\\\/wp-content\\\/uploads\\\/2024\\\/12\\\/vm_sport_RGB_horisontal-e1734526017575.png\",\"contentUrl\":\"https:\\\/\\\/vmsport.fi\\\/wp-content\\\/uploads\\\/2024\\\/12\\\/vm_sport_RGB_horisontal-e1734526017575.png\",\"width\":668,\"height\":85,\"caption\":\"Vmsport\"},\"image\":{\"@id\":\"https:\\\/\\\/vmsport.fi\\\/#\\\/schema\\\/logo\\\/image\\\/\"},\"sameAs\":[\"https:\\\/\\\/www.facebook.com\\\/Vmsport.fi\\\/\",\"https:\\\/\\\/www.instagram.com\\\/vmsport\\\/\"]}]}<\/script>\n<!-- \/ Yoast SEO plugin. -->","yoast_head_json":{"title":"XLC BS-R01 Svart - VM Sport","robots":{"index":"index","follow":"follow","max-snippet":"max-snippet:-1","max-image-preview":"max-image-preview:large","max-video-preview":"max-video-preview:-1"},"canonical":"https:\/\/vmsport.fi\/sv\/webbutik\/reservdelar\/bromsar\/bromsbelagg\/xlc-bs-r01-svart\/","og_locale":"sv_SE","og_type":"article","og_title":"XLC BS-R01 Black - VM Sport","og_description":"XLC BS-R01 Black on korkealaatuinen jarrupala, joka tarjoaa erinomaista jarrutustehoa py\u00f6r\u00e4ilyharrastajille. T\u00e4m\u00e4 jarrupala on tyylikk\u00e4\u00e4n musta ja sopii laajasti erilaisiin polkupy\u00f6riin, mik\u00e4 tekee siit\u00e4 joustavan valinnan jokaiselle py\u00f6r\u00e4ilij\u00e4lle. Kun vaihdat polkupy\u00f6r\u00e4si jarrupalat, BS-R01 takaa varman ja luotettavan jarrutuksen, mik\u00e4 lis\u00e4\u00e4 turvallisuutta ja rauhoittaa mielen ajon aikana. Lis\u00e4ksi sen asentaminen on helppoa, joten saat uuden jarrupalan [...]L\u00e4s mer \u2026 from XLC BS-R01 Black","og_url":"https:\/\/vmsport.fi\/sv\/webbutik\/reservdelar\/bromsar\/bromsbelagg\/xlc-bs-r01-svart\/","og_site_name":"VM Sport","article_publisher":"https:\/\/www.facebook.com\/Vmsport.fi\/","article_modified_time":"2026-04-22T12:07:34+00:00","og_image":[{"width":800,"height":800,"url":"https:\/\/vmsport.fi\/wp-content\/uploads\/2025\/03\/45QNNR43id5iql16a1qC9vierKpFYbC35XclcBBzQdsABIacBq-1.jpg","type":"image\/jpeg"}],"twitter_card":"summary_large_image","schema":{"@context":"https:\/\/schema.org","@graph":[{"@type":["WebPage","ItemPage"],"@id":"https:\/\/vmsport.fi\/verkkokauppa\/varaosat\/jarrut\/jarrupalat\/xlc-bs-r01-black\/","url":"https:\/\/vmsport.fi\/verkkokauppa\/varaosat\/jarrut\/jarrupalat\/xlc-bs-r01-black\/","name":"XLC BS-R01 Svart - VM Sport","isPartOf":{"@id":"https:\/\/vmsport.fi\/#website"},"primaryImageOfPage":{"@id":"https:\/\/vmsport.fi\/verkkokauppa\/varaosat\/jarrut\/jarrupalat\/xlc-bs-r01-black\/#primaryimage"},"image":{"@id":"https:\/\/vmsport.fi\/verkkokauppa\/varaosat\/jarrut\/jarrupalat\/xlc-bs-r01-black\/#primaryimage"},"thumbnailUrl":"https:\/\/vmsport.fi\/wp-content\/uploads\/2025\/03\/45QNNR43id5iql16a1qC9vierKpFYbC35XclcBBzQdsABIacBq-1.jpg","datePublished":"2025-03-05T21:57:20+00:00","dateModified":"2026-04-22T12:07:34+00:00","breadcrumb":{"@id":"https:\/\/vmsport.fi\/verkkokauppa\/varaosat\/jarrut\/jarrupalat\/xlc-bs-r01-black\/#breadcrumb"},"inLanguage":"sv-SE","potentialAction":[{"@type":"ReadAction","target":["https:\/\/vmsport.fi\/verkkokauppa\/varaosat\/jarrut\/jarrupalat\/xlc-bs-r01-black\/"]}]},{"@type":"ImageObject","inLanguage":"sv-SE","@id":"https:\/\/vmsport.fi\/verkkokauppa\/varaosat\/jarrut\/jarrupalat\/xlc-bs-r01-black\/#primaryimage","url":"https:\/\/vmsport.fi\/wp-content\/uploads\/2025\/03\/45QNNR43id5iql16a1qC9vierKpFYbC35XclcBBzQdsABIacBq-1.jpg","contentUrl":"https:\/\/vmsport.fi\/wp-content\/uploads\/2025\/03\/45QNNR43id5iql16a1qC9vierKpFYbC35XclcBBzQdsABIacBq-1.jpg","width":800,"height":800,"caption":"45QNNR43id5iql16a1qC9vierKpFYbC35XclcBBzQdsABIacBq"},{"@type":"BreadcrumbList","@id":"https:\/\/vmsport.fi\/verkkokauppa\/varaosat\/jarrut\/jarrupalat\/xlc-bs-r01-black\/#breadcrumb","itemListElement":[{"@type":"ListItem","position":1,"name":"Etusivu","item":"https:\/\/vmsport.fi\/"},{"@type":"ListItem","position":2,"name":"Online Store","item":"https:\/\/vmsport.fi\/en\/online-store\/"},{"@type":"ListItem","position":3,"name":"XLC BS-R01 Black"}]},{"@type":"WebSite","@id":"https:\/\/vmsport.fi\/#website","url":"https:\/\/vmsport.fi\/","name":"Vmsport","description":"Allt p\u00e5 ett st\u00e4lle f\u00f6r cykling","publisher":{"@id":"https:\/\/vmsport.fi\/#organization"},"potentialAction":[{"@type":"SearchAction","target":{"@type":"EntryPoint","urlTemplate":"https:\/\/vmsport.fi\/?s={search_term_string}"},"query-input":{"@type":"PropertyValueSpecification","valueRequired":true,"valueName":"search_term_string"}}],"inLanguage":"sv-SE"},{"@type":"Organization","@id":"https:\/\/vmsport.fi\/#organization","name":"Vmsport","url":"https:\/\/vmsport.fi\/","logo":{"@type":"ImageObject","inLanguage":"sv-SE","@id":"https:\/\/vmsport.fi\/#\/schema\/logo\/image\/","url":"https:\/\/vmsport.fi\/wp-content\/uploads\/2024\/12\/vm_sport_RGB_horisontal-e1734526017575.png","contentUrl":"https:\/\/vmsport.fi\/wp-content\/uploads\/2024\/12\/vm_sport_RGB_horisontal-e1734526017575.png","width":668,"height":85,"caption":"Vmsport"},"image":{"@id":"https:\/\/vmsport.fi\/#\/schema\/logo\/image\/"},"sameAs":["https:\/\/www.facebook.com\/Vmsport.fi\/","https:\/\/www.instagram.com\/vmsport\/"]}]}},"global_unique_id":"","_links":{"self":[{"href":"https:\/\/vmsport.fi\/sv\/wp-json\/wp\/v2\/product\/54790","targetHints":{"allow":["GET"]}}],"collection":[{"href":"https:\/\/vmsport.fi\/sv\/wp-json\/wp\/v2\/product"}],"about":[{"href":"https:\/\/vmsport.fi\/sv\/wp-json\/wp\/v2\/types\/product"}],"replies":[{"embeddable":true,"href":"https:\/\/vmsport.fi\/sv\/wp-json\/wp\/v2\/comments?post=54790"}],"wp:featuredmedia":[{"embeddable":true,"href":"https:\/\/vmsport.fi\/sv\/wp-json\/wp\/v2\/media\/54789"}],"wp:attachment":[{"href":"https:\/\/vmsport.fi\/sv\/wp-json\/wp\/v2\/media?parent=54790"}],"wp:term":[{"taxonomy":"product_brand","embeddable":true,"href":"https:\/\/vmsport.fi\/sv\/wp-json\/wp\/v2\/product_brand?post=54790"},{"taxonomy":"product_model","embeddable":true,"href":"https:\/\/vmsport.fi\/sv\/wp-json\/wp\/v2\/product_model?post=54790"},{"taxonomy":"product_cat","embeddable":true,"href":"https:\/\/vmsport.fi\/sv\/wp-json\/wp\/v2\/product_cat?post=54790"},{"taxonomy":"product_tag","embeddable":true,"href":"https:\/\/vmsport.fi\/sv\/wp-json\/wp\/v2\/product_tag?post=54790"},{"taxonomy":"industry_terminology","embeddable":true,"href":"https:\/\/vmsport.fi\/sv\/wp-json\/wp\/v2\/industry-terminology?post=54790"}],"curies":[{"name":"wp","href":"https:\/\/api.w.org\/{rel}","templated":true}]}}