{"id":54786,"date":"2025-03-05T23:57:19","date_gmt":"2025-03-05T21:57:19","guid":{"rendered":"https:\/\/vmsport.fi\/verkkokauppa\/Ei-luokiteltu\/bontrager-bontrager-bits-integrated-multi-tool\/"},"modified":"2026-03-30T12:05:32","modified_gmt":"2026-03-30T09:05:32","slug":"bontrager-bontrager-bits-integrerat-multiverktyg","status":"publish","type":"product","link":"https:\/\/vmsport.fi\/sv\/verkkokauppa\/tarvikkeet\/tyokalut\/multitool-tyokalut\/bontrager-bontrager-bits-integrated-multi-tool\/","title":{"rendered":"Bontrager Bontrager BITS Integrerat multiverktyg"},"content":{"rendered":"<p>Bontrager BITS Integrated Multi-Tool \u00e4r ett kompakt och m\u00e5ngsidigt verktyg som \u00e4r s\u00e4rskilt utformat f\u00f6r cyklister. Den integrerade designen g\u00f6r det enkelt att b\u00e4ra med sig, vilket g\u00f6r det bekv\u00e4mt att ta med sig p\u00e5 cykelturerna. Flera olika verktyg kombineras i ett paket, vilket m\u00f6jligg\u00f6r snabba reparationer p\u00e5 v\u00e4gen. Detta verktyg kombinerar b\u00e4rbarhet och funktionalitet p\u00e5 ett perfekt s\u00e4tt, vilket g\u00f6r det till ett viktigt tillbeh\u00f6r f\u00f6r alla cyklister som vill vara f\u00f6rberedda p\u00e5 ov\u00e4ntade situationer.<\/p>","protected":false},"excerpt":{"rendered":"<p>Bontrager BITS Integrated Multi-Tool on kompakti ja monipuolinen ty\u00f6kalu, joka on suunniteltu erityisesti py\u00f6r\u00e4ilij\u00f6ille. Sen integroitu muotoilu tekee siit\u00e4 helposti mukana kuljetettavan, mink\u00e4 ansiosta se on k\u00e4tev\u00e4 ottaa mukaan py\u00f6r\u00e4retkille. Useat eri ty\u00f6kalut on koottu yhteen kokonaisuuteen, mik\u00e4 mahdollistaa nopeat korjaukset tien p\u00e4\u00e4ll\u00e4. T\u00e4m\u00e4 ty\u00f6kalu yhdist\u00e4\u00e4 erinomaisesti kannettavuuden ja k\u00e4yt\u00e4nn\u00f6llisyyden, tehden siit\u00e4 v\u00e4ltt\u00e4m\u00e4tt\u00f6m\u00e4n varusteen jokaiselle [&#8230;]<\/p>\n<p><a class=\"btn btn-secondary understrap-read-more-link\" href=\"https:\/\/vmsport.fi\/sv\/verkkokauppa\/tarvikkeet\/tyokalut\/multitool-tyokalut\/bontrager-bontrager-bits-integrated-multi-tool\/\">L\u00e4s mer \u2026<span class=\"screen-reader-text\"> from Bontrager Bontrager BITS Integrated Multi-Tool<\/span><\/a><\/p>\n","protected":false},"featured_media":54785,"comment_status":"open","ping_status":"closed","template":"","meta":{"_acf_changed":false,"_improvement_type_select":"improve_an_existing","_thumb_yes_seoaic":false,"_frame_yes_seoaic":false,"seoaic_generate_description":"","seoaic_improve_instructions_prompt":"","seoaic_rollback_content_improvement":"","seoaic_idea_thumbnail_generator":"","thumbnail_generated":false,"thumbnail_generate_prompt":"","seoaic_article_description":"","_supplier_stock_quantity":0},"product_brand":[],"product_model":[],"product_cat":[9324],"product_tag":[],"industry-terminology":[],"class_list":{"0":"post-54786","1":"product","2":"type-product","3":"status-publish","4":"has-post-thumbnail","6":"product_cat-multitool-tyokalut","8":"first","9":"outofstock","10":"taxable","11":"shipping-taxable","12":"product-type-simple"},"acf":{"bike_features":null,"overview":{"copy_overview":null,"key_features":null,"statement":"","youtube_url":""}},"yoast_head":"<!-- This site is optimized with the Yoast SEO plugin v27.3 - https:\/\/yoast.com\/product\/yoast-seo-wordpress\/ -->\n<title>Bontrager Bontrager BITS Integrated Multi-Tool - VM Sport<\/title>\n<meta name=\"robots\" content=\"index, follow, max-snippet:-1, max-image-preview:large, max-video-preview:-1\" \/>\n<link rel=\"canonical\" href=\"https:\/\/vmsport.fi\/sv\/webbutik\/tillbehor\/tyokalut\/multiverktyg-tyokalut\/bontrager-bontrager-bits-integrerat-multiverktyg\/\" \/>\n<meta property=\"og:locale\" content=\"sv_SE\" \/>\n<meta property=\"og:type\" content=\"article\" \/>\n<meta property=\"og:title\" content=\"Bontrager Bontrager BITS Integrated Multi-Tool - VM Sport\" \/>\n<meta property=\"og:description\" content=\"Bontrager BITS Integrated Multi-Tool on kompakti ja monipuolinen ty\u00f6kalu, joka on suunniteltu erityisesti py\u00f6r\u00e4ilij\u00f6ille. Sen integroitu muotoilu tekee siit\u00e4 helposti mukana kuljetettavan, mink\u00e4 ansiosta se on k\u00e4tev\u00e4 ottaa mukaan py\u00f6r\u00e4retkille. Useat eri ty\u00f6kalut on koottu yhteen kokonaisuuteen, mik\u00e4 mahdollistaa nopeat korjaukset tien p\u00e4\u00e4ll\u00e4. T\u00e4m\u00e4 ty\u00f6kalu yhdist\u00e4\u00e4 erinomaisesti kannettavuuden ja k\u00e4yt\u00e4nn\u00f6llisyyden, tehden siit\u00e4 v\u00e4ltt\u00e4m\u00e4tt\u00f6m\u00e4n varusteen jokaiselle [...]L\u00e4s mer \u2026 from Bontrager Bontrager BITS Integrated Multi-Tool\" \/>\n<meta property=\"og:url\" content=\"https:\/\/vmsport.fi\/sv\/webbutik\/tillbehor\/tyokalut\/multiverktyg-tyokalut\/bontrager-bontrager-bits-integrerat-multiverktyg\/\" \/>\n<meta property=\"og:site_name\" content=\"VM Sport\" \/>\n<meta property=\"article:publisher\" content=\"https:\/\/www.facebook.com\/Vmsport.fi\/\" \/>\n<meta property=\"article:modified_time\" content=\"2026-03-30T09:05:32+00:00\" \/>\n<meta property=\"og:image\" content=\"https:\/\/vmsport.fi\/wp-content\/uploads\/2025\/03\/WK8hqXmsJ7dTkrVsvOjhqQWwTSzm77LTlVXDzMNCodgnWtVVXK-1.jpg\" \/>\n\t<meta property=\"og:image:width\" content=\"1000\" \/>\n\t<meta property=\"og:image:height\" content=\"750\" \/>\n\t<meta property=\"og:image:type\" content=\"image\/jpeg\" \/>\n<meta name=\"twitter:card\" content=\"summary_large_image\" \/>\n<script type=\"application\/ld+json\" class=\"yoast-schema-graph\">{\"@context\":\"https:\\\/\\\/schema.org\",\"@graph\":[{\"@type\":[\"WebPage\",\"ItemPage\"],\"@id\":\"https:\\\/\\\/vmsport.fi\\\/verkkokauppa\\\/tarvikkeet\\\/tyokalut\\\/multitool-tyokalut\\\/bontrager-bontrager-bits-integrated-multi-tool\\\/\",\"url\":\"https:\\\/\\\/vmsport.fi\\\/verkkokauppa\\\/tarvikkeet\\\/tyokalut\\\/multitool-tyokalut\\\/bontrager-bontrager-bits-integrated-multi-tool\\\/\",\"name\":\"Bontrager Bontrager BITS Integrated Multi-Tool - VM Sport\",\"isPartOf\":{\"@id\":\"https:\\\/\\\/vmsport.fi\\\/#website\"},\"primaryImageOfPage\":{\"@id\":\"https:\\\/\\\/vmsport.fi\\\/verkkokauppa\\\/tarvikkeet\\\/tyokalut\\\/multitool-tyokalut\\\/bontrager-bontrager-bits-integrated-multi-tool\\\/#primaryimage\"},\"image\":{\"@id\":\"https:\\\/\\\/vmsport.fi\\\/verkkokauppa\\\/tarvikkeet\\\/tyokalut\\\/multitool-tyokalut\\\/bontrager-bontrager-bits-integrated-multi-tool\\\/#primaryimage\"},\"thumbnailUrl\":\"https:\\\/\\\/vmsport.fi\\\/wp-content\\\/uploads\\\/2025\\\/03\\\/WK8hqXmsJ7dTkrVsvOjhqQWwTSzm77LTlVXDzMNCodgnWtVVXK-1.jpg\",\"datePublished\":\"2025-03-05T21:57:19+00:00\",\"dateModified\":\"2026-03-30T09:05:32+00:00\",\"breadcrumb\":{\"@id\":\"https:\\\/\\\/vmsport.fi\\\/verkkokauppa\\\/tarvikkeet\\\/tyokalut\\\/multitool-tyokalut\\\/bontrager-bontrager-bits-integrated-multi-tool\\\/#breadcrumb\"},\"inLanguage\":\"sv-SE\",\"potentialAction\":[{\"@type\":\"ReadAction\",\"target\":[\"https:\\\/\\\/vmsport.fi\\\/verkkokauppa\\\/tarvikkeet\\\/tyokalut\\\/multitool-tyokalut\\\/bontrager-bontrager-bits-integrated-multi-tool\\\/\"]}]},{\"@type\":\"ImageObject\",\"inLanguage\":\"sv-SE\",\"@id\":\"https:\\\/\\\/vmsport.fi\\\/verkkokauppa\\\/tarvikkeet\\\/tyokalut\\\/multitool-tyokalut\\\/bontrager-bontrager-bits-integrated-multi-tool\\\/#primaryimage\",\"url\":\"https:\\\/\\\/vmsport.fi\\\/wp-content\\\/uploads\\\/2025\\\/03\\\/WK8hqXmsJ7dTkrVsvOjhqQWwTSzm77LTlVXDzMNCodgnWtVVXK-1.jpg\",\"contentUrl\":\"https:\\\/\\\/vmsport.fi\\\/wp-content\\\/uploads\\\/2025\\\/03\\\/WK8hqXmsJ7dTkrVsvOjhqQWwTSzm77LTlVXDzMNCodgnWtVVXK-1.jpg\",\"width\":1000,\"height\":750,\"caption\":\"WK8hqXmsJ7dTkrVsvOjhqQWwTSzm77LTlVXDzMNCodgnWtVVXK\"},{\"@type\":\"BreadcrumbList\",\"@id\":\"https:\\\/\\\/vmsport.fi\\\/verkkokauppa\\\/tarvikkeet\\\/tyokalut\\\/multitool-tyokalut\\\/bontrager-bontrager-bits-integrated-multi-tool\\\/#breadcrumb\",\"itemListElement\":[{\"@type\":\"ListItem\",\"position\":1,\"name\":\"Etusivu\",\"item\":\"https:\\\/\\\/vmsport.fi\\\/\"},{\"@type\":\"ListItem\",\"position\":2,\"name\":\"Online Store\",\"item\":\"https:\\\/\\\/vmsport.fi\\\/en\\\/online-store\\\/\"},{\"@type\":\"ListItem\",\"position\":3,\"name\":\"Bontrager Bontrager BITS Integrated Multi-Tool\"}]},{\"@type\":\"WebSite\",\"@id\":\"https:\\\/\\\/vmsport.fi\\\/#website\",\"url\":\"https:\\\/\\\/vmsport.fi\\\/\",\"name\":\"Vmsport\",\"description\":\"Kaikki py\u00f6r\u00e4ilyyn yhdest\u00e4 paikasta\",\"publisher\":{\"@id\":\"https:\\\/\\\/vmsport.fi\\\/#organization\"},\"potentialAction\":[{\"@type\":\"SearchAction\",\"target\":{\"@type\":\"EntryPoint\",\"urlTemplate\":\"https:\\\/\\\/vmsport.fi\\\/?s={search_term_string}\"},\"query-input\":{\"@type\":\"PropertyValueSpecification\",\"valueRequired\":true,\"valueName\":\"search_term_string\"}}],\"inLanguage\":\"sv-SE\"},{\"@type\":\"Organization\",\"@id\":\"https:\\\/\\\/vmsport.fi\\\/#organization\",\"name\":\"Vmsport\",\"url\":\"https:\\\/\\\/vmsport.fi\\\/\",\"logo\":{\"@type\":\"ImageObject\",\"inLanguage\":\"sv-SE\",\"@id\":\"https:\\\/\\\/vmsport.fi\\\/#\\\/schema\\\/logo\\\/image\\\/\",\"url\":\"https:\\\/\\\/vmsport.fi\\\/wp-content\\\/uploads\\\/2024\\\/12\\\/vm_sport_RGB_horisontal-e1734526017575.png\",\"contentUrl\":\"https:\\\/\\\/vmsport.fi\\\/wp-content\\\/uploads\\\/2024\\\/12\\\/vm_sport_RGB_horisontal-e1734526017575.png\",\"width\":668,\"height\":85,\"caption\":\"Vmsport\"},\"image\":{\"@id\":\"https:\\\/\\\/vmsport.fi\\\/#\\\/schema\\\/logo\\\/image\\\/\"},\"sameAs\":[\"https:\\\/\\\/www.facebook.com\\\/Vmsport.fi\\\/\",\"https:\\\/\\\/www.instagram.com\\\/vmsport\\\/\"]}]}<\/script>\n<!-- \/ Yoast SEO plugin. -->","yoast_head_json":{"title":"Bontrager Bontrager BITS Integrerat multiverktyg - VM Sport","robots":{"index":"index","follow":"follow","max-snippet":"max-snippet:-1","max-image-preview":"max-image-preview:large","max-video-preview":"max-video-preview:-1"},"canonical":"https:\/\/vmsport.fi\/sv\/webbutik\/tillbehor\/tyokalut\/multiverktyg-tyokalut\/bontrager-bontrager-bits-integrerat-multiverktyg\/","og_locale":"sv_SE","og_type":"article","og_title":"Bontrager Bontrager BITS Integrated Multi-Tool - VM Sport","og_description":"Bontrager BITS Integrated Multi-Tool on kompakti ja monipuolinen ty\u00f6kalu, joka on suunniteltu erityisesti py\u00f6r\u00e4ilij\u00f6ille. Sen integroitu muotoilu tekee siit\u00e4 helposti mukana kuljetettavan, mink\u00e4 ansiosta se on k\u00e4tev\u00e4 ottaa mukaan py\u00f6r\u00e4retkille. Useat eri ty\u00f6kalut on koottu yhteen kokonaisuuteen, mik\u00e4 mahdollistaa nopeat korjaukset tien p\u00e4\u00e4ll\u00e4. T\u00e4m\u00e4 ty\u00f6kalu yhdist\u00e4\u00e4 erinomaisesti kannettavuuden ja k\u00e4yt\u00e4nn\u00f6llisyyden, tehden siit\u00e4 v\u00e4ltt\u00e4m\u00e4tt\u00f6m\u00e4n varusteen jokaiselle [...]L\u00e4s mer \u2026 from Bontrager Bontrager BITS Integrated Multi-Tool","og_url":"https:\/\/vmsport.fi\/sv\/webbutik\/tillbehor\/tyokalut\/multiverktyg-tyokalut\/bontrager-bontrager-bits-integrerat-multiverktyg\/","og_site_name":"VM Sport","article_publisher":"https:\/\/www.facebook.com\/Vmsport.fi\/","article_modified_time":"2026-03-30T09:05:32+00:00","og_image":[{"width":1000,"height":750,"url":"https:\/\/vmsport.fi\/wp-content\/uploads\/2025\/03\/WK8hqXmsJ7dTkrVsvOjhqQWwTSzm77LTlVXDzMNCodgnWtVVXK-1.jpg","type":"image\/jpeg"}],"twitter_card":"summary_large_image","schema":{"@context":"https:\/\/schema.org","@graph":[{"@type":["WebPage","ItemPage"],"@id":"https:\/\/vmsport.fi\/verkkokauppa\/tarvikkeet\/tyokalut\/multitool-tyokalut\/bontrager-bontrager-bits-integrated-multi-tool\/","url":"https:\/\/vmsport.fi\/verkkokauppa\/tarvikkeet\/tyokalut\/multitool-tyokalut\/bontrager-bontrager-bits-integrated-multi-tool\/","name":"Bontrager Bontrager BITS Integrerat multiverktyg - VM Sport","isPartOf":{"@id":"https:\/\/vmsport.fi\/#website"},"primaryImageOfPage":{"@id":"https:\/\/vmsport.fi\/verkkokauppa\/tarvikkeet\/tyokalut\/multitool-tyokalut\/bontrager-bontrager-bits-integrated-multi-tool\/#primaryimage"},"image":{"@id":"https:\/\/vmsport.fi\/verkkokauppa\/tarvikkeet\/tyokalut\/multitool-tyokalut\/bontrager-bontrager-bits-integrated-multi-tool\/#primaryimage"},"thumbnailUrl":"https:\/\/vmsport.fi\/wp-content\/uploads\/2025\/03\/WK8hqXmsJ7dTkrVsvOjhqQWwTSzm77LTlVXDzMNCodgnWtVVXK-1.jpg","datePublished":"2025-03-05T21:57:19+00:00","dateModified":"2026-03-30T09:05:32+00:00","breadcrumb":{"@id":"https:\/\/vmsport.fi\/verkkokauppa\/tarvikkeet\/tyokalut\/multitool-tyokalut\/bontrager-bontrager-bits-integrated-multi-tool\/#breadcrumb"},"inLanguage":"sv-SE","potentialAction":[{"@type":"ReadAction","target":["https:\/\/vmsport.fi\/verkkokauppa\/tarvikkeet\/tyokalut\/multitool-tyokalut\/bontrager-bontrager-bits-integrated-multi-tool\/"]}]},{"@type":"ImageObject","inLanguage":"sv-SE","@id":"https:\/\/vmsport.fi\/verkkokauppa\/tarvikkeet\/tyokalut\/multitool-tyokalut\/bontrager-bontrager-bits-integrated-multi-tool\/#primaryimage","url":"https:\/\/vmsport.fi\/wp-content\/uploads\/2025\/03\/WK8hqXmsJ7dTkrVsvOjhqQWwTSzm77LTlVXDzMNCodgnWtVVXK-1.jpg","contentUrl":"https:\/\/vmsport.fi\/wp-content\/uploads\/2025\/03\/WK8hqXmsJ7dTkrVsvOjhqQWwTSzm77LTlVXDzMNCodgnWtVVXK-1.jpg","width":1000,"height":750,"caption":"WK8hqXmsJ7dTkrVsvOjhqQWwTSzm77LTlVXDzMNCodgnWtVVXK"},{"@type":"BreadcrumbList","@id":"https:\/\/vmsport.fi\/verkkokauppa\/tarvikkeet\/tyokalut\/multitool-tyokalut\/bontrager-bontrager-bits-integrated-multi-tool\/#breadcrumb","itemListElement":[{"@type":"ListItem","position":1,"name":"Etusivu","item":"https:\/\/vmsport.fi\/"},{"@type":"ListItem","position":2,"name":"Online Store","item":"https:\/\/vmsport.fi\/en\/online-store\/"},{"@type":"ListItem","position":3,"name":"Bontrager Bontrager BITS Integrated Multi-Tool"}]},{"@type":"WebSite","@id":"https:\/\/vmsport.fi\/#website","url":"https:\/\/vmsport.fi\/","name":"Vmsport","description":"Allt p\u00e5 ett st\u00e4lle f\u00f6r cykling","publisher":{"@id":"https:\/\/vmsport.fi\/#organization"},"potentialAction":[{"@type":"SearchAction","target":{"@type":"EntryPoint","urlTemplate":"https:\/\/vmsport.fi\/?s={search_term_string}"},"query-input":{"@type":"PropertyValueSpecification","valueRequired":true,"valueName":"search_term_string"}}],"inLanguage":"sv-SE"},{"@type":"Organization","@id":"https:\/\/vmsport.fi\/#organization","name":"Vmsport","url":"https:\/\/vmsport.fi\/","logo":{"@type":"ImageObject","inLanguage":"sv-SE","@id":"https:\/\/vmsport.fi\/#\/schema\/logo\/image\/","url":"https:\/\/vmsport.fi\/wp-content\/uploads\/2024\/12\/vm_sport_RGB_horisontal-e1734526017575.png","contentUrl":"https:\/\/vmsport.fi\/wp-content\/uploads\/2024\/12\/vm_sport_RGB_horisontal-e1734526017575.png","width":668,"height":85,"caption":"Vmsport"},"image":{"@id":"https:\/\/vmsport.fi\/#\/schema\/logo\/image\/"},"sameAs":["https:\/\/www.facebook.com\/Vmsport.fi\/","https:\/\/www.instagram.com\/vmsport\/"]}]}},"global_unique_id":"","_links":{"self":[{"href":"https:\/\/vmsport.fi\/sv\/wp-json\/wp\/v2\/product\/54786","targetHints":{"allow":["GET"]}}],"collection":[{"href":"https:\/\/vmsport.fi\/sv\/wp-json\/wp\/v2\/product"}],"about":[{"href":"https:\/\/vmsport.fi\/sv\/wp-json\/wp\/v2\/types\/product"}],"replies":[{"embeddable":true,"href":"https:\/\/vmsport.fi\/sv\/wp-json\/wp\/v2\/comments?post=54786"}],"wp:featuredmedia":[{"embeddable":true,"href":"https:\/\/vmsport.fi\/sv\/wp-json\/wp\/v2\/media\/54785"}],"wp:attachment":[{"href":"https:\/\/vmsport.fi\/sv\/wp-json\/wp\/v2\/media?parent=54786"}],"wp:term":[{"taxonomy":"product_brand","embeddable":true,"href":"https:\/\/vmsport.fi\/sv\/wp-json\/wp\/v2\/product_brand?post=54786"},{"taxonomy":"product_model","embeddable":true,"href":"https:\/\/vmsport.fi\/sv\/wp-json\/wp\/v2\/product_model?post=54786"},{"taxonomy":"product_cat","embeddable":true,"href":"https:\/\/vmsport.fi\/sv\/wp-json\/wp\/v2\/product_cat?post=54786"},{"taxonomy":"product_tag","embeddable":true,"href":"https:\/\/vmsport.fi\/sv\/wp-json\/wp\/v2\/product_tag?post=54786"},{"taxonomy":"industry_terminology","embeddable":true,"href":"https:\/\/vmsport.fi\/sv\/wp-json\/wp\/v2\/industry-terminology?post=54786"}],"curies":[{"name":"wp","href":"https:\/\/api.w.org\/{rel}","templated":true}]}}