{"id":54784,"date":"2025-03-05T23:57:17","date_gmt":"2025-03-05T21:57:17","guid":{"rendered":"https:\/\/vmsport.fi\/verkkokauppa\/Ei-luokiteltu\/shimano-ultegra-fd-6700-g-2x10-etuvaihtaja-28-6-31-8mm\/"},"modified":"2026-04-22T15:03:01","modified_gmt":"2026-04-22T12:03:01","slug":"shimano-ultegra-fd-6700-g-2x10-framvaxel-28-6-31-8mm","status":"publish","type":"product","link":"https:\/\/vmsport.fi\/sv\/verkkokauppa\/varaosat\/vaihteistot\/etuvaihtajat\/shimano-ultegra-fd-6700-g-2x10-etuvaihtaja-28-6-31-8mm\/","title":{"rendered":"Shimano Ultegra FD-6700-G 2\u00d710 Framv\u00e4xel (28,6\/31,8 mm)"},"content":{"rendered":"<p>Shimano Ultegra FD-6700-G 2\u00d710 framv\u00e4xel ger utm\u00e4rkt prestanda f\u00f6r cyklister som v\u00e4rdes\u00e4tter exakta v\u00e4xlingar. Denna l\u00e4tta och h\u00e5llbara komponent passar 28,6 mm och 31,8 mm ramar, vilket garanterar kompatibilitet med ett brett utbud av cykelmodeller. Den tillf\u00f6rlitliga v\u00e4xlingsmekanismen ger smidiga och snabba v\u00e4xlingar. Framv\u00e4xeln \u00e4r s\u00e4rskilt utformad f\u00f6r kr\u00e4vande f\u00f6rh\u00e5llanden och f\u00f6rb\u00e4ttrar k\u00f6rkomforten och effektiviteten, s\u00e5 att du kan koncentrera dig p\u00e5 att njuta av din cykel till fullo.<\/p>","protected":false},"excerpt":{"rendered":"<p>Shimano Ultegra FD-6700-G 2&#215;10 etuvaihtaja tarjoaa erinomaisen suorituskyvyn py\u00f6r\u00e4ilij\u00f6ille, jotka arvostavat tarkkaa vaihteiden vaihtumista. T\u00e4m\u00e4 kevyt ja kest\u00e4v\u00e4 komponentti sopii 28,6 mm ja 31,8 mm runkoihin, mik\u00e4 varmistaa yhteensopivuuden monien py\u00f6r\u00e4mallien kanssa. Luotettavan vaihteensiirtomekanismin ansiosta vaihteiden vaihto sujuu sulavasti ja nopeasti. Erityisesti vaativiin olosuhteisiin suunniteltu etuvaihtaja parantaa ajomukavuutta ja tehokkuutta, joten voit keskitty\u00e4 nauttimaan py\u00f6r\u00e4ilyst\u00e4 [&#8230;]<\/p>\n<p><a class=\"btn btn-secondary understrap-read-more-link\" href=\"https:\/\/vmsport.fi\/sv\/verkkokauppa\/varaosat\/vaihteistot\/etuvaihtajat\/shimano-ultegra-fd-6700-g-2x10-etuvaihtaja-28-6-31-8mm\/\">L\u00e4s mer \u2026<span class=\"screen-reader-text\"> from Shimano Ultegra FD-6700-G 2&#215;10 Etuvaihtaja (28.6\/31.8mm)<\/span><\/a><\/p>\n","protected":false},"featured_media":54783,"comment_status":"open","ping_status":"closed","template":"","meta":{"_acf_changed":false,"_improvement_type_select":"improve_an_existing","_thumb_yes_seoaic":false,"_frame_yes_seoaic":false,"seoaic_generate_description":"","seoaic_improve_instructions_prompt":"","seoaic_rollback_content_improvement":"","seoaic_idea_thumbnail_generator":"","thumbnail_generated":false,"thumbnail_generate_prompt":"","seoaic_article_description":"","_supplier_stock_quantity":0},"product_brand":[],"product_model":[],"product_cat":[9438],"product_tag":[],"industry-terminology":[],"class_list":{"0":"post-54784","1":"product","2":"type-product","3":"status-publish","4":"has-post-thumbnail","6":"product_cat-etuvaihtajat","8":"first","9":"outofstock","10":"taxable","11":"shipping-taxable","12":"product-type-simple"},"acf":{"bike_features":null,"overview":{"copy_overview":null,"key_features":null,"statement":"","youtube_url":""}},"yoast_head":"<!-- This site is optimized with the Yoast SEO plugin v27.4 - https:\/\/yoast.com\/product\/yoast-seo-wordpress\/ -->\n<title>Shimano Ultegra FD-6700-G 2x10 Etuvaihtaja (28.6\/31.8mm) - VM Sport<\/title>\n<meta name=\"robots\" content=\"index, follow, max-snippet:-1, max-image-preview:large, max-video-preview:-1\" \/>\n<link rel=\"canonical\" href=\"https:\/\/vmsport.fi\/sv\/webbutik\/reservdelar\/vaxellador\/foregangare\/shimano-ultegra-fd-6700-g-2x10-framvaxel-28-6-31-8mm\/\" \/>\n<meta property=\"og:locale\" content=\"sv_SE\" \/>\n<meta property=\"og:type\" content=\"article\" \/>\n<meta property=\"og:title\" content=\"Shimano Ultegra FD-6700-G 2x10 Etuvaihtaja (28.6\/31.8mm) - VM Sport\" \/>\n<meta property=\"og:description\" content=\"Shimano Ultegra FD-6700-G 2&#215;10 etuvaihtaja tarjoaa erinomaisen suorituskyvyn py\u00f6r\u00e4ilij\u00f6ille, jotka arvostavat tarkkaa vaihteiden vaihtumista. T\u00e4m\u00e4 kevyt ja kest\u00e4v\u00e4 komponentti sopii 28,6 mm ja 31,8 mm runkoihin, mik\u00e4 varmistaa yhteensopivuuden monien py\u00f6r\u00e4mallien kanssa. Luotettavan vaihteensiirtomekanismin ansiosta vaihteiden vaihto sujuu sulavasti ja nopeasti. Erityisesti vaativiin olosuhteisiin suunniteltu etuvaihtaja parantaa ajomukavuutta ja tehokkuutta, joten voit keskitty\u00e4 nauttimaan py\u00f6r\u00e4ilyst\u00e4 [...]L\u00e4s mer \u2026 from Shimano Ultegra FD-6700-G 2&#215;10 Etuvaihtaja (28.6\/31.8mm)\" \/>\n<meta property=\"og:url\" content=\"https:\/\/vmsport.fi\/sv\/webbutik\/reservdelar\/vaxellador\/foregangare\/shimano-ultegra-fd-6700-g-2x10-framvaxel-28-6-31-8mm\/\" \/>\n<meta property=\"og:site_name\" content=\"VM Sport\" \/>\n<meta property=\"article:publisher\" content=\"https:\/\/www.facebook.com\/Vmsport.fi\/\" \/>\n<meta property=\"article:modified_time\" content=\"2026-04-22T12:03:01+00:00\" \/>\n<meta property=\"og:image\" content=\"https:\/\/vmsport.fi\/wp-content\/uploads\/2025\/03\/shimano-fd-6700bsmg-13-z-1.jpg\" \/>\n\t<meta property=\"og:image:width\" content=\"600\" \/>\n\t<meta property=\"og:image:height\" content=\"514\" \/>\n\t<meta property=\"og:image:type\" content=\"image\/jpeg\" \/>\n<meta name=\"twitter:card\" content=\"summary_large_image\" \/>\n<script type=\"application\/ld+json\" class=\"yoast-schema-graph\">{\"@context\":\"https:\\\/\\\/schema.org\",\"@graph\":[{\"@type\":[\"WebPage\",\"ItemPage\"],\"@id\":\"https:\\\/\\\/vmsport.fi\\\/verkkokauppa\\\/varaosat\\\/vaihteistot\\\/etuvaihtajat\\\/shimano-ultegra-fd-6700-g-2x10-etuvaihtaja-28-6-31-8mm\\\/\",\"url\":\"https:\\\/\\\/vmsport.fi\\\/verkkokauppa\\\/varaosat\\\/vaihteistot\\\/etuvaihtajat\\\/shimano-ultegra-fd-6700-g-2x10-etuvaihtaja-28-6-31-8mm\\\/\",\"name\":\"Shimano Ultegra FD-6700-G 2x10 Etuvaihtaja (28.6\\\/31.8mm) - VM Sport\",\"isPartOf\":{\"@id\":\"https:\\\/\\\/vmsport.fi\\\/#website\"},\"primaryImageOfPage\":{\"@id\":\"https:\\\/\\\/vmsport.fi\\\/verkkokauppa\\\/varaosat\\\/vaihteistot\\\/etuvaihtajat\\\/shimano-ultegra-fd-6700-g-2x10-etuvaihtaja-28-6-31-8mm\\\/#primaryimage\"},\"image\":{\"@id\":\"https:\\\/\\\/vmsport.fi\\\/verkkokauppa\\\/varaosat\\\/vaihteistot\\\/etuvaihtajat\\\/shimano-ultegra-fd-6700-g-2x10-etuvaihtaja-28-6-31-8mm\\\/#primaryimage\"},\"thumbnailUrl\":\"https:\\\/\\\/vmsport.fi\\\/wp-content\\\/uploads\\\/2025\\\/03\\\/shimano-fd-6700bsmg-13-z-1.jpg\",\"datePublished\":\"2025-03-05T21:57:17+00:00\",\"dateModified\":\"2026-04-22T12:03:01+00:00\",\"breadcrumb\":{\"@id\":\"https:\\\/\\\/vmsport.fi\\\/verkkokauppa\\\/varaosat\\\/vaihteistot\\\/etuvaihtajat\\\/shimano-ultegra-fd-6700-g-2x10-etuvaihtaja-28-6-31-8mm\\\/#breadcrumb\"},\"inLanguage\":\"sv-SE\",\"potentialAction\":[{\"@type\":\"ReadAction\",\"target\":[\"https:\\\/\\\/vmsport.fi\\\/verkkokauppa\\\/varaosat\\\/vaihteistot\\\/etuvaihtajat\\\/shimano-ultegra-fd-6700-g-2x10-etuvaihtaja-28-6-31-8mm\\\/\"]}]},{\"@type\":\"ImageObject\",\"inLanguage\":\"sv-SE\",\"@id\":\"https:\\\/\\\/vmsport.fi\\\/verkkokauppa\\\/varaosat\\\/vaihteistot\\\/etuvaihtajat\\\/shimano-ultegra-fd-6700-g-2x10-etuvaihtaja-28-6-31-8mm\\\/#primaryimage\",\"url\":\"https:\\\/\\\/vmsport.fi\\\/wp-content\\\/uploads\\\/2025\\\/03\\\/shimano-fd-6700bsmg-13-z-1.jpg\",\"contentUrl\":\"https:\\\/\\\/vmsport.fi\\\/wp-content\\\/uploads\\\/2025\\\/03\\\/shimano-fd-6700bsmg-13-z-1.jpg\",\"width\":600,\"height\":514,\"caption\":\"shimano-fd-6700bsmg-13-z\"},{\"@type\":\"BreadcrumbList\",\"@id\":\"https:\\\/\\\/vmsport.fi\\\/verkkokauppa\\\/varaosat\\\/vaihteistot\\\/etuvaihtajat\\\/shimano-ultegra-fd-6700-g-2x10-etuvaihtaja-28-6-31-8mm\\\/#breadcrumb\",\"itemListElement\":[{\"@type\":\"ListItem\",\"position\":1,\"name\":\"Etusivu\",\"item\":\"https:\\\/\\\/vmsport.fi\\\/\"},{\"@type\":\"ListItem\",\"position\":2,\"name\":\"Online Store\",\"item\":\"https:\\\/\\\/vmsport.fi\\\/en\\\/online-store\\\/\"},{\"@type\":\"ListItem\",\"position\":3,\"name\":\"Shimano Ultegra FD-6700-G 2&#215;10 Etuvaihtaja (28.6\\\/31.8mm)\"}]},{\"@type\":\"WebSite\",\"@id\":\"https:\\\/\\\/vmsport.fi\\\/#website\",\"url\":\"https:\\\/\\\/vmsport.fi\\\/\",\"name\":\"Vmsport\",\"description\":\"Kaikki py\u00f6r\u00e4ilyyn yhdest\u00e4 paikasta\",\"publisher\":{\"@id\":\"https:\\\/\\\/vmsport.fi\\\/#organization\"},\"potentialAction\":[{\"@type\":\"SearchAction\",\"target\":{\"@type\":\"EntryPoint\",\"urlTemplate\":\"https:\\\/\\\/vmsport.fi\\\/?s={search_term_string}\"},\"query-input\":{\"@type\":\"PropertyValueSpecification\",\"valueRequired\":true,\"valueName\":\"search_term_string\"}}],\"inLanguage\":\"sv-SE\"},{\"@type\":\"Organization\",\"@id\":\"https:\\\/\\\/vmsport.fi\\\/#organization\",\"name\":\"Vmsport\",\"url\":\"https:\\\/\\\/vmsport.fi\\\/\",\"logo\":{\"@type\":\"ImageObject\",\"inLanguage\":\"sv-SE\",\"@id\":\"https:\\\/\\\/vmsport.fi\\\/#\\\/schema\\\/logo\\\/image\\\/\",\"url\":\"https:\\\/\\\/vmsport.fi\\\/wp-content\\\/uploads\\\/2024\\\/12\\\/vm_sport_RGB_horisontal-e1734526017575.png\",\"contentUrl\":\"https:\\\/\\\/vmsport.fi\\\/wp-content\\\/uploads\\\/2024\\\/12\\\/vm_sport_RGB_horisontal-e1734526017575.png\",\"width\":668,\"height\":85,\"caption\":\"Vmsport\"},\"image\":{\"@id\":\"https:\\\/\\\/vmsport.fi\\\/#\\\/schema\\\/logo\\\/image\\\/\"},\"sameAs\":[\"https:\\\/\\\/www.facebook.com\\\/Vmsport.fi\\\/\",\"https:\\\/\\\/www.instagram.com\\\/vmsport\\\/\"]}]}<\/script>\n<!-- \/ Yoast SEO plugin. -->","yoast_head_json":{"title":"Shimano Ultegra FD-6700-G 2x10 Framv\u00e4xel (28,6\/31,8 mm) - VM Sport","robots":{"index":"index","follow":"follow","max-snippet":"max-snippet:-1","max-image-preview":"max-image-preview:large","max-video-preview":"max-video-preview:-1"},"canonical":"https:\/\/vmsport.fi\/sv\/webbutik\/reservdelar\/vaxellador\/foregangare\/shimano-ultegra-fd-6700-g-2x10-framvaxel-28-6-31-8mm\/","og_locale":"sv_SE","og_type":"article","og_title":"Shimano Ultegra FD-6700-G 2x10 Etuvaihtaja (28.6\/31.8mm) - VM Sport","og_description":"Shimano Ultegra FD-6700-G 2&#215;10 etuvaihtaja tarjoaa erinomaisen suorituskyvyn py\u00f6r\u00e4ilij\u00f6ille, jotka arvostavat tarkkaa vaihteiden vaihtumista. T\u00e4m\u00e4 kevyt ja kest\u00e4v\u00e4 komponentti sopii 28,6 mm ja 31,8 mm runkoihin, mik\u00e4 varmistaa yhteensopivuuden monien py\u00f6r\u00e4mallien kanssa. Luotettavan vaihteensiirtomekanismin ansiosta vaihteiden vaihto sujuu sulavasti ja nopeasti. Erityisesti vaativiin olosuhteisiin suunniteltu etuvaihtaja parantaa ajomukavuutta ja tehokkuutta, joten voit keskitty\u00e4 nauttimaan py\u00f6r\u00e4ilyst\u00e4 [...]L\u00e4s mer \u2026 from Shimano Ultegra FD-6700-G 2&#215;10 Etuvaihtaja (28.6\/31.8mm)","og_url":"https:\/\/vmsport.fi\/sv\/webbutik\/reservdelar\/vaxellador\/foregangare\/shimano-ultegra-fd-6700-g-2x10-framvaxel-28-6-31-8mm\/","og_site_name":"VM Sport","article_publisher":"https:\/\/www.facebook.com\/Vmsport.fi\/","article_modified_time":"2026-04-22T12:03:01+00:00","og_image":[{"width":600,"height":514,"url":"https:\/\/vmsport.fi\/wp-content\/uploads\/2025\/03\/shimano-fd-6700bsmg-13-z-1.jpg","type":"image\/jpeg"}],"twitter_card":"summary_large_image","schema":{"@context":"https:\/\/schema.org","@graph":[{"@type":["WebPage","ItemPage"],"@id":"https:\/\/vmsport.fi\/verkkokauppa\/varaosat\/vaihteistot\/etuvaihtajat\/shimano-ultegra-fd-6700-g-2x10-etuvaihtaja-28-6-31-8mm\/","url":"https:\/\/vmsport.fi\/verkkokauppa\/varaosat\/vaihteistot\/etuvaihtajat\/shimano-ultegra-fd-6700-g-2x10-etuvaihtaja-28-6-31-8mm\/","name":"Shimano Ultegra FD-6700-G 2x10 Framv\u00e4xel (28,6\/31,8 mm) - VM Sport","isPartOf":{"@id":"https:\/\/vmsport.fi\/#website"},"primaryImageOfPage":{"@id":"https:\/\/vmsport.fi\/verkkokauppa\/varaosat\/vaihteistot\/etuvaihtajat\/shimano-ultegra-fd-6700-g-2x10-etuvaihtaja-28-6-31-8mm\/#primaryimage"},"image":{"@id":"https:\/\/vmsport.fi\/verkkokauppa\/varaosat\/vaihteistot\/etuvaihtajat\/shimano-ultegra-fd-6700-g-2x10-etuvaihtaja-28-6-31-8mm\/#primaryimage"},"thumbnailUrl":"https:\/\/vmsport.fi\/wp-content\/uploads\/2025\/03\/shimano-fd-6700bsmg-13-z-1.jpg","datePublished":"2025-03-05T21:57:17+00:00","dateModified":"2026-04-22T12:03:01+00:00","breadcrumb":{"@id":"https:\/\/vmsport.fi\/verkkokauppa\/varaosat\/vaihteistot\/etuvaihtajat\/shimano-ultegra-fd-6700-g-2x10-etuvaihtaja-28-6-31-8mm\/#breadcrumb"},"inLanguage":"sv-SE","potentialAction":[{"@type":"ReadAction","target":["https:\/\/vmsport.fi\/verkkokauppa\/varaosat\/vaihteistot\/etuvaihtajat\/shimano-ultegra-fd-6700-g-2x10-etuvaihtaja-28-6-31-8mm\/"]}]},{"@type":"ImageObject","inLanguage":"sv-SE","@id":"https:\/\/vmsport.fi\/verkkokauppa\/varaosat\/vaihteistot\/etuvaihtajat\/shimano-ultegra-fd-6700-g-2x10-etuvaihtaja-28-6-31-8mm\/#primaryimage","url":"https:\/\/vmsport.fi\/wp-content\/uploads\/2025\/03\/shimano-fd-6700bsmg-13-z-1.jpg","contentUrl":"https:\/\/vmsport.fi\/wp-content\/uploads\/2025\/03\/shimano-fd-6700bsmg-13-z-1.jpg","width":600,"height":514,"caption":"shimano-fd-6700bsmg-13-z"},{"@type":"BreadcrumbList","@id":"https:\/\/vmsport.fi\/verkkokauppa\/varaosat\/vaihteistot\/etuvaihtajat\/shimano-ultegra-fd-6700-g-2x10-etuvaihtaja-28-6-31-8mm\/#breadcrumb","itemListElement":[{"@type":"ListItem","position":1,"name":"Etusivu","item":"https:\/\/vmsport.fi\/"},{"@type":"ListItem","position":2,"name":"Online Store","item":"https:\/\/vmsport.fi\/en\/online-store\/"},{"@type":"ListItem","position":3,"name":"Shimano Ultegra FD-6700-G 2&#215;10 Etuvaihtaja (28.6\/31.8mm)"}]},{"@type":"WebSite","@id":"https:\/\/vmsport.fi\/#website","url":"https:\/\/vmsport.fi\/","name":"Vmsport","description":"Allt p\u00e5 ett st\u00e4lle f\u00f6r cykling","publisher":{"@id":"https:\/\/vmsport.fi\/#organization"},"potentialAction":[{"@type":"SearchAction","target":{"@type":"EntryPoint","urlTemplate":"https:\/\/vmsport.fi\/?s={search_term_string}"},"query-input":{"@type":"PropertyValueSpecification","valueRequired":true,"valueName":"search_term_string"}}],"inLanguage":"sv-SE"},{"@type":"Organization","@id":"https:\/\/vmsport.fi\/#organization","name":"Vmsport","url":"https:\/\/vmsport.fi\/","logo":{"@type":"ImageObject","inLanguage":"sv-SE","@id":"https:\/\/vmsport.fi\/#\/schema\/logo\/image\/","url":"https:\/\/vmsport.fi\/wp-content\/uploads\/2024\/12\/vm_sport_RGB_horisontal-e1734526017575.png","contentUrl":"https:\/\/vmsport.fi\/wp-content\/uploads\/2024\/12\/vm_sport_RGB_horisontal-e1734526017575.png","width":668,"height":85,"caption":"Vmsport"},"image":{"@id":"https:\/\/vmsport.fi\/#\/schema\/logo\/image\/"},"sameAs":["https:\/\/www.facebook.com\/Vmsport.fi\/","https:\/\/www.instagram.com\/vmsport\/"]}]}},"global_unique_id":"","_links":{"self":[{"href":"https:\/\/vmsport.fi\/sv\/wp-json\/wp\/v2\/product\/54784","targetHints":{"allow":["GET"]}}],"collection":[{"href":"https:\/\/vmsport.fi\/sv\/wp-json\/wp\/v2\/product"}],"about":[{"href":"https:\/\/vmsport.fi\/sv\/wp-json\/wp\/v2\/types\/product"}],"replies":[{"embeddable":true,"href":"https:\/\/vmsport.fi\/sv\/wp-json\/wp\/v2\/comments?post=54784"}],"wp:featuredmedia":[{"embeddable":true,"href":"https:\/\/vmsport.fi\/sv\/wp-json\/wp\/v2\/media\/54783"}],"wp:attachment":[{"href":"https:\/\/vmsport.fi\/sv\/wp-json\/wp\/v2\/media?parent=54784"}],"wp:term":[{"taxonomy":"product_brand","embeddable":true,"href":"https:\/\/vmsport.fi\/sv\/wp-json\/wp\/v2\/product_brand?post=54784"},{"taxonomy":"product_model","embeddable":true,"href":"https:\/\/vmsport.fi\/sv\/wp-json\/wp\/v2\/product_model?post=54784"},{"taxonomy":"product_cat","embeddable":true,"href":"https:\/\/vmsport.fi\/sv\/wp-json\/wp\/v2\/product_cat?post=54784"},{"taxonomy":"product_tag","embeddable":true,"href":"https:\/\/vmsport.fi\/sv\/wp-json\/wp\/v2\/product_tag?post=54784"},{"taxonomy":"industry_terminology","embeddable":true,"href":"https:\/\/vmsport.fi\/sv\/wp-json\/wp\/v2\/industry-terminology?post=54784"}],"curies":[{"name":"wp","href":"https:\/\/api.w.org\/{rel}","templated":true}]}}