{"id":54780,"date":"2025-03-05T23:57:09","date_gmt":"2025-03-05T21:57:09","guid":{"rendered":"https:\/\/vmsport.fi\/verkkokauppa\/Ei-luokiteltu\/lazer-kypara-chase-kineticore-matte-moss\/"},"modified":"2026-04-22T15:22:42","modified_gmt":"2026-04-22T12:22:42","slug":"lazer-kypara-chase-kineticore-matt-moss","status":"publish","type":"product","link":"https:\/\/vmsport.fi\/sv\/verkkokauppa\/ajovarusteet\/kyparat\/full-face-kyparat\/lazer-kypara-chase-kineticore-matte-moss\/","title":{"rendered":"Lazer Hj\u00e4lm Chase KinetiCore Matte Moss"},"content":{"rendered":"<p>Lazer Chase KinetiCore -kyp\u00e4r\u00e4ss\u00e4 yhdistyv\u00e4t kattava suojaus suorilta ja kiert\u00e4vilt\u00e4 iskuilta KinetiCore-teknologian ansiosta sek\u00e4 k\u00e4yt\u00e4nn\u00f6lliset ominaisuudet vaativaan ajoon. Irtoava lippa lis\u00e4\u00e4 suojausta kaatumistilanteissa. Joustava eturitil\u00e4 est\u00e4\u00e4 roiskeiden p\u00e4\u00e4syn kasvoille, ja paksu pehmuste takaa mukavuuden pitkill\u00e4kin laskuilla. Kyp\u00e4r\u00e4ll\u00e4 on korkea turvallisuusluokitus, joka tekee siit\u00e4 valinnan erityisesti alam\u00e4kiajoon.<\/p>","protected":false},"excerpt":{"rendered":"<p>5 t\u00e4hte\u00e4 Virginia Techilt\u00e4, suojaus suorilta ja py\u00f6rivilt\u00e4 iskuilta, irtoava lippa ja paksu pehmuste lis\u00e4\u00e4v\u00e4t turvallisuutta ja mukavuutta. [&#8230;]<\/p>\n<p><a class=\"btn btn-secondary understrap-read-more-link\" href=\"https:\/\/vmsport.fi\/sv\/verkkokauppa\/ajovarusteet\/kyparat\/full-face-kyparat\/lazer-kypara-chase-kineticore-matte-moss\/\">L\u00e4s mer \u2026<span class=\"screen-reader-text\"> from Lazer Kyp\u00e4r\u00e4 Chase KinetiCore Matte Moss<\/span><\/a><\/p>\n","protected":false},"featured_media":54777,"comment_status":"open","ping_status":"closed","template":"","meta":{"_acf_changed":false,"_improvement_type_select":"improve_an_existing","_thumb_yes_seoaic":false,"_frame_yes_seoaic":false,"seoaic_generate_description":"","seoaic_improve_instructions_prompt":"","seoaic_rollback_content_improvement":"","seoaic_idea_thumbnail_generator":"","thumbnail_generated":false,"thumbnail_generate_prompt":"","seoaic_article_description":"","_supplier_stock_quantity":0},"product_brand":[],"product_model":[],"product_cat":[9520],"product_tag":[],"industry-terminology":[],"class_list":{"0":"post-54780","1":"product","2":"type-product","3":"status-publish","4":"has-post-thumbnail","6":"product_cat-full-face-kyparat","8":"first","9":"outofstock","10":"taxable","11":"shipping-taxable","12":"product-type-variable"},"acf":{"bike_features":null,"overview":{"copy_overview":null,"key_features":null,"statement":"","youtube_url":""}},"yoast_head":"<!-- This site is optimized with the Yoast SEO plugin v27.4 - https:\/\/yoast.com\/product\/yoast-seo-wordpress\/ -->\n<title>Lazer Kyp\u00e4r\u00e4 Chase KinetiCore Matte Moss - VM Sport<\/title>\n<meta name=\"robots\" content=\"index, follow, max-snippet:-1, max-image-preview:large, max-video-preview:-1\" \/>\n<link rel=\"canonical\" href=\"https:\/\/vmsport.fi\/sv\/webbutik\/korutrustning\/kyparat\/kyparat-for-hela-ansiktet\/lazer-kypara-chase-kineticore-matt-moss\/\" \/>\n<meta property=\"og:locale\" content=\"sv_SE\" \/>\n<meta property=\"og:type\" content=\"article\" \/>\n<meta property=\"og:title\" content=\"Lazer Kyp\u00e4r\u00e4 Chase KinetiCore Matte Moss - VM Sport\" \/>\n<meta property=\"og:description\" content=\"5 t\u00e4hte\u00e4 Virginia Techilt\u00e4, suojaus suorilta ja py\u00f6rivilt\u00e4 iskuilta, irtoava lippa ja paksu pehmuste lis\u00e4\u00e4v\u00e4t turvallisuutta ja mukavuutta. [...]L\u00e4s mer \u2026 from Lazer Kyp\u00e4r\u00e4 Chase KinetiCore Matte Moss\" \/>\n<meta property=\"og:url\" content=\"https:\/\/vmsport.fi\/sv\/webbutik\/korutrustning\/kyparat\/kyparat-for-hela-ansiktet\/lazer-kypara-chase-kineticore-matt-moss\/\" \/>\n<meta property=\"og:site_name\" content=\"VM Sport\" \/>\n<meta property=\"article:publisher\" content=\"https:\/\/www.facebook.com\/Vmsport.fi\/\" \/>\n<meta property=\"article:modified_time\" content=\"2026-04-22T12:22:42+00:00\" \/>\n<meta property=\"og:image\" content=\"https:\/\/vmsport.fi\/wp-content\/uploads\/2025\/03\/MY2024-Chase-KC-Matte-Moss-01-jpg-thumb-572-572-1.png\" \/>\n\t<meta property=\"og:image:width\" content=\"572\" \/>\n\t<meta property=\"og:image:height\" content=\"572\" \/>\n\t<meta property=\"og:image:type\" content=\"image\/png\" \/>\n<meta name=\"twitter:card\" content=\"summary_large_image\" \/>\n<script type=\"application\/ld+json\" class=\"yoast-schema-graph\">{\"@context\":\"https:\\\/\\\/schema.org\",\"@graph\":[{\"@type\":[\"WebPage\",\"ItemPage\"],\"@id\":\"https:\\\/\\\/vmsport.fi\\\/verkkokauppa\\\/ajovarusteet\\\/kyparat\\\/full-face-kyparat\\\/lazer-kypara-chase-kineticore-matte-moss\\\/\",\"url\":\"https:\\\/\\\/vmsport.fi\\\/verkkokauppa\\\/ajovarusteet\\\/kyparat\\\/full-face-kyparat\\\/lazer-kypara-chase-kineticore-matte-moss\\\/\",\"name\":\"Lazer Kyp\u00e4r\u00e4 Chase KinetiCore Matte Moss - VM Sport\",\"isPartOf\":{\"@id\":\"https:\\\/\\\/vmsport.fi\\\/#website\"},\"primaryImageOfPage\":{\"@id\":\"https:\\\/\\\/vmsport.fi\\\/verkkokauppa\\\/ajovarusteet\\\/kyparat\\\/full-face-kyparat\\\/lazer-kypara-chase-kineticore-matte-moss\\\/#primaryimage\"},\"image\":{\"@id\":\"https:\\\/\\\/vmsport.fi\\\/verkkokauppa\\\/ajovarusteet\\\/kyparat\\\/full-face-kyparat\\\/lazer-kypara-chase-kineticore-matte-moss\\\/#primaryimage\"},\"thumbnailUrl\":\"https:\\\/\\\/vmsport.fi\\\/wp-content\\\/uploads\\\/2025\\\/03\\\/MY2024-Chase-KC-Matte-Moss-01-jpg-thumb-572-572-1.png\",\"datePublished\":\"2025-03-05T21:57:09+00:00\",\"dateModified\":\"2026-04-22T12:22:42+00:00\",\"breadcrumb\":{\"@id\":\"https:\\\/\\\/vmsport.fi\\\/verkkokauppa\\\/ajovarusteet\\\/kyparat\\\/full-face-kyparat\\\/lazer-kypara-chase-kineticore-matte-moss\\\/#breadcrumb\"},\"inLanguage\":\"sv-SE\",\"potentialAction\":[{\"@type\":\"ReadAction\",\"target\":[\"https:\\\/\\\/vmsport.fi\\\/verkkokauppa\\\/ajovarusteet\\\/kyparat\\\/full-face-kyparat\\\/lazer-kypara-chase-kineticore-matte-moss\\\/\"]}]},{\"@type\":\"ImageObject\",\"inLanguage\":\"sv-SE\",\"@id\":\"https:\\\/\\\/vmsport.fi\\\/verkkokauppa\\\/ajovarusteet\\\/kyparat\\\/full-face-kyparat\\\/lazer-kypara-chase-kineticore-matte-moss\\\/#primaryimage\",\"url\":\"https:\\\/\\\/vmsport.fi\\\/wp-content\\\/uploads\\\/2025\\\/03\\\/MY2024-Chase-KC-Matte-Moss-01-jpg-thumb-572-572-1.png\",\"contentUrl\":\"https:\\\/\\\/vmsport.fi\\\/wp-content\\\/uploads\\\/2025\\\/03\\\/MY2024-Chase-KC-Matte-Moss-01-jpg-thumb-572-572-1.png\",\"width\":572,\"height\":572,\"caption\":\"MY2024-Chase-KC-Matte-Moss-01-jpg-thumb-572-572\"},{\"@type\":\"BreadcrumbList\",\"@id\":\"https:\\\/\\\/vmsport.fi\\\/verkkokauppa\\\/ajovarusteet\\\/kyparat\\\/full-face-kyparat\\\/lazer-kypara-chase-kineticore-matte-moss\\\/#breadcrumb\",\"itemListElement\":[{\"@type\":\"ListItem\",\"position\":1,\"name\":\"Etusivu\",\"item\":\"https:\\\/\\\/vmsport.fi\\\/\"},{\"@type\":\"ListItem\",\"position\":2,\"name\":\"Online Store\",\"item\":\"https:\\\/\\\/vmsport.fi\\\/en\\\/online-store\\\/\"},{\"@type\":\"ListItem\",\"position\":3,\"name\":\"Lazer Kyp\u00e4r\u00e4 Chase KinetiCore Matte Moss\"}]},{\"@type\":\"WebSite\",\"@id\":\"https:\\\/\\\/vmsport.fi\\\/#website\",\"url\":\"https:\\\/\\\/vmsport.fi\\\/\",\"name\":\"Vmsport\",\"description\":\"Kaikki py\u00f6r\u00e4ilyyn yhdest\u00e4 paikasta\",\"publisher\":{\"@id\":\"https:\\\/\\\/vmsport.fi\\\/#organization\"},\"potentialAction\":[{\"@type\":\"SearchAction\",\"target\":{\"@type\":\"EntryPoint\",\"urlTemplate\":\"https:\\\/\\\/vmsport.fi\\\/?s={search_term_string}\"},\"query-input\":{\"@type\":\"PropertyValueSpecification\",\"valueRequired\":true,\"valueName\":\"search_term_string\"}}],\"inLanguage\":\"sv-SE\"},{\"@type\":\"Organization\",\"@id\":\"https:\\\/\\\/vmsport.fi\\\/#organization\",\"name\":\"Vmsport\",\"url\":\"https:\\\/\\\/vmsport.fi\\\/\",\"logo\":{\"@type\":\"ImageObject\",\"inLanguage\":\"sv-SE\",\"@id\":\"https:\\\/\\\/vmsport.fi\\\/#\\\/schema\\\/logo\\\/image\\\/\",\"url\":\"https:\\\/\\\/vmsport.fi\\\/wp-content\\\/uploads\\\/2024\\\/12\\\/vm_sport_RGB_horisontal-e1734526017575.png\",\"contentUrl\":\"https:\\\/\\\/vmsport.fi\\\/wp-content\\\/uploads\\\/2024\\\/12\\\/vm_sport_RGB_horisontal-e1734526017575.png\",\"width\":668,\"height\":85,\"caption\":\"Vmsport\"},\"image\":{\"@id\":\"https:\\\/\\\/vmsport.fi\\\/#\\\/schema\\\/logo\\\/image\\\/\"},\"sameAs\":[\"https:\\\/\\\/www.facebook.com\\\/Vmsport.fi\\\/\",\"https:\\\/\\\/www.instagram.com\\\/vmsport\\\/\"]}]}<\/script>\n<!-- \/ Yoast SEO plugin. -->","yoast_head_json":{"title":"Lazer Hj\u00e4lm Chase KinetiCore Matt Moss - VM Sport","robots":{"index":"index","follow":"follow","max-snippet":"max-snippet:-1","max-image-preview":"max-image-preview:large","max-video-preview":"max-video-preview:-1"},"canonical":"https:\/\/vmsport.fi\/sv\/webbutik\/korutrustning\/kyparat\/kyparat-for-hela-ansiktet\/lazer-kypara-chase-kineticore-matt-moss\/","og_locale":"sv_SE","og_type":"article","og_title":"Lazer Kyp\u00e4r\u00e4 Chase KinetiCore Matte Moss - VM Sport","og_description":"5 t\u00e4hte\u00e4 Virginia Techilt\u00e4, suojaus suorilta ja py\u00f6rivilt\u00e4 iskuilta, irtoava lippa ja paksu pehmuste lis\u00e4\u00e4v\u00e4t turvallisuutta ja mukavuutta. [...]L\u00e4s mer \u2026 from Lazer Kyp\u00e4r\u00e4 Chase KinetiCore Matte Moss","og_url":"https:\/\/vmsport.fi\/sv\/webbutik\/korutrustning\/kyparat\/kyparat-for-hela-ansiktet\/lazer-kypara-chase-kineticore-matt-moss\/","og_site_name":"VM Sport","article_publisher":"https:\/\/www.facebook.com\/Vmsport.fi\/","article_modified_time":"2026-04-22T12:22:42+00:00","og_image":[{"width":572,"height":572,"url":"https:\/\/vmsport.fi\/wp-content\/uploads\/2025\/03\/MY2024-Chase-KC-Matte-Moss-01-jpg-thumb-572-572-1.png","type":"image\/png"}],"twitter_card":"summary_large_image","schema":{"@context":"https:\/\/schema.org","@graph":[{"@type":["WebPage","ItemPage"],"@id":"https:\/\/vmsport.fi\/verkkokauppa\/ajovarusteet\/kyparat\/full-face-kyparat\/lazer-kypara-chase-kineticore-matte-moss\/","url":"https:\/\/vmsport.fi\/verkkokauppa\/ajovarusteet\/kyparat\/full-face-kyparat\/lazer-kypara-chase-kineticore-matte-moss\/","name":"Lazer Hj\u00e4lm Chase KinetiCore Matt Moss - VM Sport","isPartOf":{"@id":"https:\/\/vmsport.fi\/#website"},"primaryImageOfPage":{"@id":"https:\/\/vmsport.fi\/verkkokauppa\/ajovarusteet\/kyparat\/full-face-kyparat\/lazer-kypara-chase-kineticore-matte-moss\/#primaryimage"},"image":{"@id":"https:\/\/vmsport.fi\/verkkokauppa\/ajovarusteet\/kyparat\/full-face-kyparat\/lazer-kypara-chase-kineticore-matte-moss\/#primaryimage"},"thumbnailUrl":"https:\/\/vmsport.fi\/wp-content\/uploads\/2025\/03\/MY2024-Chase-KC-Matte-Moss-01-jpg-thumb-572-572-1.png","datePublished":"2025-03-05T21:57:09+00:00","dateModified":"2026-04-22T12:22:42+00:00","breadcrumb":{"@id":"https:\/\/vmsport.fi\/verkkokauppa\/ajovarusteet\/kyparat\/full-face-kyparat\/lazer-kypara-chase-kineticore-matte-moss\/#breadcrumb"},"inLanguage":"sv-SE","potentialAction":[{"@type":"ReadAction","target":["https:\/\/vmsport.fi\/verkkokauppa\/ajovarusteet\/kyparat\/full-face-kyparat\/lazer-kypara-chase-kineticore-matte-moss\/"]}]},{"@type":"ImageObject","inLanguage":"sv-SE","@id":"https:\/\/vmsport.fi\/verkkokauppa\/ajovarusteet\/kyparat\/full-face-kyparat\/lazer-kypara-chase-kineticore-matte-moss\/#primaryimage","url":"https:\/\/vmsport.fi\/wp-content\/uploads\/2025\/03\/MY2024-Chase-KC-Matte-Moss-01-jpg-thumb-572-572-1.png","contentUrl":"https:\/\/vmsport.fi\/wp-content\/uploads\/2025\/03\/MY2024-Chase-KC-Matte-Moss-01-jpg-thumb-572-572-1.png","width":572,"height":572,"caption":"MY2024-Chase-KC-Matte-Moss-01-jpg-thumb-572-572"},{"@type":"BreadcrumbList","@id":"https:\/\/vmsport.fi\/verkkokauppa\/ajovarusteet\/kyparat\/full-face-kyparat\/lazer-kypara-chase-kineticore-matte-moss\/#breadcrumb","itemListElement":[{"@type":"ListItem","position":1,"name":"Etusivu","item":"https:\/\/vmsport.fi\/"},{"@type":"ListItem","position":2,"name":"Online Store","item":"https:\/\/vmsport.fi\/en\/online-store\/"},{"@type":"ListItem","position":3,"name":"Lazer Kyp\u00e4r\u00e4 Chase KinetiCore Matte Moss"}]},{"@type":"WebSite","@id":"https:\/\/vmsport.fi\/#website","url":"https:\/\/vmsport.fi\/","name":"Vmsport","description":"Allt p\u00e5 ett st\u00e4lle f\u00f6r cykling","publisher":{"@id":"https:\/\/vmsport.fi\/#organization"},"potentialAction":[{"@type":"SearchAction","target":{"@type":"EntryPoint","urlTemplate":"https:\/\/vmsport.fi\/?s={search_term_string}"},"query-input":{"@type":"PropertyValueSpecification","valueRequired":true,"valueName":"search_term_string"}}],"inLanguage":"sv-SE"},{"@type":"Organization","@id":"https:\/\/vmsport.fi\/#organization","name":"Vmsport","url":"https:\/\/vmsport.fi\/","logo":{"@type":"ImageObject","inLanguage":"sv-SE","@id":"https:\/\/vmsport.fi\/#\/schema\/logo\/image\/","url":"https:\/\/vmsport.fi\/wp-content\/uploads\/2024\/12\/vm_sport_RGB_horisontal-e1734526017575.png","contentUrl":"https:\/\/vmsport.fi\/wp-content\/uploads\/2024\/12\/vm_sport_RGB_horisontal-e1734526017575.png","width":668,"height":85,"caption":"Vmsport"},"image":{"@id":"https:\/\/vmsport.fi\/#\/schema\/logo\/image\/"},"sameAs":["https:\/\/www.facebook.com\/Vmsport.fi\/","https:\/\/www.instagram.com\/vmsport\/"]}]}},"global_unique_id":"","_links":{"self":[{"href":"https:\/\/vmsport.fi\/sv\/wp-json\/wp\/v2\/product\/54780","targetHints":{"allow":["GET"]}}],"collection":[{"href":"https:\/\/vmsport.fi\/sv\/wp-json\/wp\/v2\/product"}],"about":[{"href":"https:\/\/vmsport.fi\/sv\/wp-json\/wp\/v2\/types\/product"}],"replies":[{"embeddable":true,"href":"https:\/\/vmsport.fi\/sv\/wp-json\/wp\/v2\/comments?post=54780"}],"wp:featuredmedia":[{"embeddable":true,"href":"https:\/\/vmsport.fi\/sv\/wp-json\/wp\/v2\/media\/54777"}],"wp:attachment":[{"href":"https:\/\/vmsport.fi\/sv\/wp-json\/wp\/v2\/media?parent=54780"}],"wp:term":[{"taxonomy":"product_brand","embeddable":true,"href":"https:\/\/vmsport.fi\/sv\/wp-json\/wp\/v2\/product_brand?post=54780"},{"taxonomy":"product_model","embeddable":true,"href":"https:\/\/vmsport.fi\/sv\/wp-json\/wp\/v2\/product_model?post=54780"},{"taxonomy":"product_cat","embeddable":true,"href":"https:\/\/vmsport.fi\/sv\/wp-json\/wp\/v2\/product_cat?post=54780"},{"taxonomy":"product_tag","embeddable":true,"href":"https:\/\/vmsport.fi\/sv\/wp-json\/wp\/v2\/product_tag?post=54780"},{"taxonomy":"industry_terminology","embeddable":true,"href":"https:\/\/vmsport.fi\/sv\/wp-json\/wp\/v2\/industry-terminology?post=54780"}],"curies":[{"name":"wp","href":"https:\/\/api.w.org\/{rel}","templated":true}]}}