{"id":54776,"date":"2025-03-05T23:57:07","date_gmt":"2025-03-05T21:57:07","guid":{"rendered":"https:\/\/vmsport.fi\/verkkokauppa\/Ei-luokiteltu\/poc-column-vpd-backpack-vest\/"},"modified":"2026-01-16T13:23:36","modified_gmt":"2026-01-16T11:23:36","slug":"poc-column-vpd-backpack-vest","status":"publish","type":"product","link":"https:\/\/vmsport.fi\/sv\/verkkokauppa\/ajovarusteet\/suojavarusteet\/selkasuojukset-ja-suojaliivit\/poc-column-vpd-backpack-vest\/","title":{"rendered":"POC Column VPD ryggs\u00e4cksv\u00e4st"},"content":{"rendered":"<p>POC Column VPD Backpack Vest on ihanteellinen varuste maastopy\u00f6r\u00e4ilyp\u00e4iville, yhdist\u00e4en suojan, s\u00e4ilytyksen ja mukavuuden. Sen VPD AIR -selk\u00e4suoja, joka on valmistettu kierr\u00e4tysmateriaaleista, on kevyt ja iskua vaimentava, muuttuen iskussa kovemmaksi ja palautuen pehme\u00e4\u00e4n muotoon. Lis\u00e4ksi sen EN 1621-2 tason 1 sertifikaatti varmistaa suojauksen. S\u00e4\u00e4dett\u00e4v\u00e4t rinta- ja olkahihnat tarjoavat mukautuvan istuvuuden ilman, ett\u00e4 lantiovy\u00f6t\u00e4 tarvitaan.<\/p>\n<p>Noin 13 litran s\u00e4ilytystila tarjoaa tilan p\u00e4iv\u00e4retkille, kiitos p\u00e4\u00e4osaston integroitujen ty\u00f6kaluhylsyjen ja helposti saavutettavien rintahihnan taskujen. Sivussa on vetoketjullinen tasku lis\u00e4s\u00e4ilytykseen ja avainpidike turvalliseen avainten s\u00e4ilytt\u00e4miseen. Irrotettava kyp\u00e4r\u00e4verkko mahdollistaa kyp\u00e4r\u00e4n kuljetuksen. Juomaj\u00e4rjestelm\u00e4n kanssa yhteensopiva reppu mahdollistaa enint\u00e4\u00e4n 3 litran nestes\u00e4ili\u00f6n k\u00e4yt\u00f6n.<\/p>\n<p>Repun heijastimet parantavat n\u00e4kyvyytt\u00e4 h\u00e4m\u00e4r\u00e4ss\u00e4, ja noin 880 gramman painollaan se on riitt\u00e4v\u00e4n kevyt pitk\u00e4kestoiseen k\u00e4ytt\u00f6\u00f6n. Optimoitu ergonomia ja 46 cm:n pituus tukevat k\u00e4ytett\u00e4vyytt\u00e4, tehden t\u00e4st\u00e4 monipuolisen ja turvallisuutta painottavan valinnan py\u00f6r\u00e4ilyharrastajalle.<\/p>","protected":false},"excerpt":{"rendered":"<p>POC Column VPD Backpack Vest on ihanteellinen varuste maastopy\u00f6r\u00e4ilyp\u00e4iville, yhdist\u00e4en suojan, s\u00e4ilytyksen ja mukavuuden. Sen VPD AIR -selk\u00e4suoja, joka on valmistettu kierr\u00e4tysmateriaaleista, on kevyt ja iskua vaimentava, muuttuen iskussa kovemmaksi ja palautuen pehme\u00e4\u00e4n muotoon. Lis\u00e4ksi sen EN 1621-2 tason 1 sertifikaatti varmistaa suojauksen. S\u00e4\u00e4dett\u00e4v\u00e4t rinta- ja olkahihnat tarjoavat mukautuvan istuvuuden ilman, ett\u00e4 lantiovy\u00f6t\u00e4 tarvitaan. Noin [&#8230;]<\/p>\n<p><a class=\"btn btn-secondary understrap-read-more-link\" href=\"https:\/\/vmsport.fi\/sv\/verkkokauppa\/ajovarusteet\/suojavarusteet\/selkasuojukset-ja-suojaliivit\/poc-column-vpd-backpack-vest\/\">L\u00e4s mer \u2026<span class=\"screen-reader-text\"> from POC Column VPD Backpack Vest<\/span><\/a><\/p>\n","protected":false},"featured_media":54774,"comment_status":"open","ping_status":"closed","template":"","meta":{"_acf_changed":false,"_improvement_type_select":"improve_an_existing","_thumb_yes_seoaic":false,"_frame_yes_seoaic":false,"seoaic_generate_description":"","seoaic_improve_instructions_prompt":"","seoaic_rollback_content_improvement":"","seoaic_idea_thumbnail_generator":"","thumbnail_generated":false,"thumbnail_generate_prompt":"","seoaic_article_description":"","_supplier_stock_quantity":0},"product_brand":[],"product_model":[],"product_cat":[9510],"product_tag":[],"industry-terminology":[],"class_list":{"0":"post-54776","1":"product","2":"type-product","3":"status-publish","4":"has-post-thumbnail","6":"product_cat-selkasuojukset-ja-suojaliivit","8":"first","9":"instock","10":"taxable","11":"shipping-taxable","12":"purchasable","13":"product-type-simple"},"acf":{"bike_features":null,"overview":{"copy_overview":null,"key_features":null,"statement":"","youtube_url":""}},"yoast_head":"<!-- This site is optimized with the Yoast SEO plugin v27.3 - https:\/\/yoast.com\/product\/yoast-seo-wordpress\/ -->\n<title>POC Column VPD Backpack Vest - VM Sport<\/title>\n<meta name=\"robots\" content=\"index, follow, max-snippet:-1, max-image-preview:large, max-video-preview:-1\" \/>\n<link rel=\"canonical\" href=\"https:\/\/vmsport.fi\/sv\/webbutik\/korutrustning\/skyddsutrustning\/ryggskydd-och-skyddsvastar\/poc-column-vpd-backpack-vest\/\" \/>\n<meta property=\"og:locale\" content=\"sv_SE\" \/>\n<meta property=\"og:type\" content=\"article\" \/>\n<meta property=\"og:title\" content=\"POC Column VPD Backpack Vest - VM Sport\" \/>\n<meta property=\"og:description\" content=\"POC Column VPD Backpack Vest on ihanteellinen varuste maastopy\u00f6r\u00e4ilyp\u00e4iville, yhdist\u00e4en suojan, s\u00e4ilytyksen ja mukavuuden. Sen VPD AIR -selk\u00e4suoja, joka on valmistettu kierr\u00e4tysmateriaaleista, on kevyt ja iskua vaimentava, muuttuen iskussa kovemmaksi ja palautuen pehme\u00e4\u00e4n muotoon. Lis\u00e4ksi sen EN 1621-2 tason 1 sertifikaatti varmistaa suojauksen. S\u00e4\u00e4dett\u00e4v\u00e4t rinta- ja olkahihnat tarjoavat mukautuvan istuvuuden ilman, ett\u00e4 lantiovy\u00f6t\u00e4 tarvitaan. Noin [...]L\u00e4s mer \u2026 from POC Column VPD Backpack Vest\" \/>\n<meta property=\"og:url\" content=\"https:\/\/vmsport.fi\/sv\/webbutik\/korutrustning\/skyddsutrustning\/ryggskydd-och-skyddsvastar\/poc-column-vpd-backpack-vest\/\" \/>\n<meta property=\"og:site_name\" content=\"VM Sport\" \/>\n<meta property=\"article:publisher\" content=\"https:\/\/www.facebook.com\/Vmsport.fi\/\" \/>\n<meta property=\"article:modified_time\" content=\"2026-01-16T11:23:36+00:00\" \/>\n<meta property=\"og:image\" content=\"https:\/\/vmsport.fi\/wp-content\/uploads\/2025\/03\/25121-1002-ColumnVPDBackpackVest-UraniumBlack-3-1.png\" \/>\n\t<meta property=\"og:image:width\" content=\"1000\" \/>\n\t<meta property=\"og:image:height\" content=\"1000\" \/>\n\t<meta property=\"og:image:type\" content=\"image\/png\" \/>\n<meta name=\"twitter:card\" content=\"summary_large_image\" \/>\n<meta name=\"twitter:label1\" content=\"Ber\u00e4knad l\u00e4stid\" \/>\n\t<meta name=\"twitter:data1\" content=\"1 minut\" \/>\n<script type=\"application\/ld+json\" class=\"yoast-schema-graph\">{\"@context\":\"https:\\\/\\\/schema.org\",\"@graph\":[{\"@type\":[\"WebPage\",\"ItemPage\"],\"@id\":\"https:\\\/\\\/vmsport.fi\\\/verkkokauppa\\\/ajovarusteet\\\/suojavarusteet\\\/selkasuojukset-ja-suojaliivit\\\/poc-column-vpd-backpack-vest\\\/\",\"url\":\"https:\\\/\\\/vmsport.fi\\\/verkkokauppa\\\/ajovarusteet\\\/suojavarusteet\\\/selkasuojukset-ja-suojaliivit\\\/poc-column-vpd-backpack-vest\\\/\",\"name\":\"POC Column VPD Backpack Vest - VM Sport\",\"isPartOf\":{\"@id\":\"https:\\\/\\\/vmsport.fi\\\/#website\"},\"primaryImageOfPage\":{\"@id\":\"https:\\\/\\\/vmsport.fi\\\/verkkokauppa\\\/ajovarusteet\\\/suojavarusteet\\\/selkasuojukset-ja-suojaliivit\\\/poc-column-vpd-backpack-vest\\\/#primaryimage\"},\"image\":{\"@id\":\"https:\\\/\\\/vmsport.fi\\\/verkkokauppa\\\/ajovarusteet\\\/suojavarusteet\\\/selkasuojukset-ja-suojaliivit\\\/poc-column-vpd-backpack-vest\\\/#primaryimage\"},\"thumbnailUrl\":\"https:\\\/\\\/vmsport.fi\\\/wp-content\\\/uploads\\\/2025\\\/03\\\/25121-1002-ColumnVPDBackpackVest-UraniumBlack-3-1.png\",\"datePublished\":\"2025-03-05T21:57:07+00:00\",\"dateModified\":\"2026-01-16T11:23:36+00:00\",\"breadcrumb\":{\"@id\":\"https:\\\/\\\/vmsport.fi\\\/verkkokauppa\\\/ajovarusteet\\\/suojavarusteet\\\/selkasuojukset-ja-suojaliivit\\\/poc-column-vpd-backpack-vest\\\/#breadcrumb\"},\"inLanguage\":\"sv-SE\",\"potentialAction\":[{\"@type\":\"ReadAction\",\"target\":[\"https:\\\/\\\/vmsport.fi\\\/verkkokauppa\\\/ajovarusteet\\\/suojavarusteet\\\/selkasuojukset-ja-suojaliivit\\\/poc-column-vpd-backpack-vest\\\/\"]}]},{\"@type\":\"ImageObject\",\"inLanguage\":\"sv-SE\",\"@id\":\"https:\\\/\\\/vmsport.fi\\\/verkkokauppa\\\/ajovarusteet\\\/suojavarusteet\\\/selkasuojukset-ja-suojaliivit\\\/poc-column-vpd-backpack-vest\\\/#primaryimage\",\"url\":\"https:\\\/\\\/vmsport.fi\\\/wp-content\\\/uploads\\\/2025\\\/03\\\/25121-1002-ColumnVPDBackpackVest-UraniumBlack-3-1.png\",\"contentUrl\":\"https:\\\/\\\/vmsport.fi\\\/wp-content\\\/uploads\\\/2025\\\/03\\\/25121-1002-ColumnVPDBackpackVest-UraniumBlack-3-1.png\",\"width\":1000,\"height\":1000,\"caption\":\"25121-1002-ColumnVPDBackpackVest-UraniumBlack-3\"},{\"@type\":\"BreadcrumbList\",\"@id\":\"https:\\\/\\\/vmsport.fi\\\/verkkokauppa\\\/ajovarusteet\\\/suojavarusteet\\\/selkasuojukset-ja-suojaliivit\\\/poc-column-vpd-backpack-vest\\\/#breadcrumb\",\"itemListElement\":[{\"@type\":\"ListItem\",\"position\":1,\"name\":\"Etusivu\",\"item\":\"https:\\\/\\\/vmsport.fi\\\/\"},{\"@type\":\"ListItem\",\"position\":2,\"name\":\"Online Store\",\"item\":\"https:\\\/\\\/vmsport.fi\\\/en\\\/online-store\\\/\"},{\"@type\":\"ListItem\",\"position\":3,\"name\":\"POC Column VPD Backpack Vest\"}]},{\"@type\":\"WebSite\",\"@id\":\"https:\\\/\\\/vmsport.fi\\\/#website\",\"url\":\"https:\\\/\\\/vmsport.fi\\\/\",\"name\":\"Vmsport\",\"description\":\"Kaikki py\u00f6r\u00e4ilyyn yhdest\u00e4 paikasta\",\"publisher\":{\"@id\":\"https:\\\/\\\/vmsport.fi\\\/#organization\"},\"potentialAction\":[{\"@type\":\"SearchAction\",\"target\":{\"@type\":\"EntryPoint\",\"urlTemplate\":\"https:\\\/\\\/vmsport.fi\\\/?s={search_term_string}\"},\"query-input\":{\"@type\":\"PropertyValueSpecification\",\"valueRequired\":true,\"valueName\":\"search_term_string\"}}],\"inLanguage\":\"sv-SE\"},{\"@type\":\"Organization\",\"@id\":\"https:\\\/\\\/vmsport.fi\\\/#organization\",\"name\":\"Vmsport\",\"url\":\"https:\\\/\\\/vmsport.fi\\\/\",\"logo\":{\"@type\":\"ImageObject\",\"inLanguage\":\"sv-SE\",\"@id\":\"https:\\\/\\\/vmsport.fi\\\/#\\\/schema\\\/logo\\\/image\\\/\",\"url\":\"https:\\\/\\\/vmsport.fi\\\/wp-content\\\/uploads\\\/2024\\\/12\\\/vm_sport_RGB_horisontal-e1734526017575.png\",\"contentUrl\":\"https:\\\/\\\/vmsport.fi\\\/wp-content\\\/uploads\\\/2024\\\/12\\\/vm_sport_RGB_horisontal-e1734526017575.png\",\"width\":668,\"height\":85,\"caption\":\"Vmsport\"},\"image\":{\"@id\":\"https:\\\/\\\/vmsport.fi\\\/#\\\/schema\\\/logo\\\/image\\\/\"},\"sameAs\":[\"https:\\\/\\\/www.facebook.com\\\/Vmsport.fi\\\/\",\"https:\\\/\\\/www.instagram.com\\\/vmsport\\\/\"]}]}<\/script>\n<!-- \/ Yoast SEO plugin. -->","yoast_head_json":{"title":"POC Column VPD Backpack Vest - VM Sport","robots":{"index":"index","follow":"follow","max-snippet":"max-snippet:-1","max-image-preview":"max-image-preview:large","max-video-preview":"max-video-preview:-1"},"canonical":"https:\/\/vmsport.fi\/sv\/webbutik\/korutrustning\/skyddsutrustning\/ryggskydd-och-skyddsvastar\/poc-column-vpd-backpack-vest\/","og_locale":"sv_SE","og_type":"article","og_title":"POC Column VPD Backpack Vest - VM Sport","og_description":"POC Column VPD Backpack Vest on ihanteellinen varuste maastopy\u00f6r\u00e4ilyp\u00e4iville, yhdist\u00e4en suojan, s\u00e4ilytyksen ja mukavuuden. Sen VPD AIR -selk\u00e4suoja, joka on valmistettu kierr\u00e4tysmateriaaleista, on kevyt ja iskua vaimentava, muuttuen iskussa kovemmaksi ja palautuen pehme\u00e4\u00e4n muotoon. Lis\u00e4ksi sen EN 1621-2 tason 1 sertifikaatti varmistaa suojauksen. S\u00e4\u00e4dett\u00e4v\u00e4t rinta- ja olkahihnat tarjoavat mukautuvan istuvuuden ilman, ett\u00e4 lantiovy\u00f6t\u00e4 tarvitaan. Noin [...]L\u00e4s mer \u2026 from POC Column VPD Backpack Vest","og_url":"https:\/\/vmsport.fi\/sv\/webbutik\/korutrustning\/skyddsutrustning\/ryggskydd-och-skyddsvastar\/poc-column-vpd-backpack-vest\/","og_site_name":"VM Sport","article_publisher":"https:\/\/www.facebook.com\/Vmsport.fi\/","article_modified_time":"2026-01-16T11:23:36+00:00","og_image":[{"width":1000,"height":1000,"url":"https:\/\/vmsport.fi\/wp-content\/uploads\/2025\/03\/25121-1002-ColumnVPDBackpackVest-UraniumBlack-3-1.png","type":"image\/png"}],"twitter_card":"summary_large_image","twitter_misc":{"Ber\u00e4knad l\u00e4stid":"1 minut"},"schema":{"@context":"https:\/\/schema.org","@graph":[{"@type":["WebPage","ItemPage"],"@id":"https:\/\/vmsport.fi\/verkkokauppa\/ajovarusteet\/suojavarusteet\/selkasuojukset-ja-suojaliivit\/poc-column-vpd-backpack-vest\/","url":"https:\/\/vmsport.fi\/verkkokauppa\/ajovarusteet\/suojavarusteet\/selkasuojukset-ja-suojaliivit\/poc-column-vpd-backpack-vest\/","name":"POC Column VPD Backpack Vest - VM Sport","isPartOf":{"@id":"https:\/\/vmsport.fi\/#website"},"primaryImageOfPage":{"@id":"https:\/\/vmsport.fi\/verkkokauppa\/ajovarusteet\/suojavarusteet\/selkasuojukset-ja-suojaliivit\/poc-column-vpd-backpack-vest\/#primaryimage"},"image":{"@id":"https:\/\/vmsport.fi\/verkkokauppa\/ajovarusteet\/suojavarusteet\/selkasuojukset-ja-suojaliivit\/poc-column-vpd-backpack-vest\/#primaryimage"},"thumbnailUrl":"https:\/\/vmsport.fi\/wp-content\/uploads\/2025\/03\/25121-1002-ColumnVPDBackpackVest-UraniumBlack-3-1.png","datePublished":"2025-03-05T21:57:07+00:00","dateModified":"2026-01-16T11:23:36+00:00","breadcrumb":{"@id":"https:\/\/vmsport.fi\/verkkokauppa\/ajovarusteet\/suojavarusteet\/selkasuojukset-ja-suojaliivit\/poc-column-vpd-backpack-vest\/#breadcrumb"},"inLanguage":"sv-SE","potentialAction":[{"@type":"ReadAction","target":["https:\/\/vmsport.fi\/verkkokauppa\/ajovarusteet\/suojavarusteet\/selkasuojukset-ja-suojaliivit\/poc-column-vpd-backpack-vest\/"]}]},{"@type":"ImageObject","inLanguage":"sv-SE","@id":"https:\/\/vmsport.fi\/verkkokauppa\/ajovarusteet\/suojavarusteet\/selkasuojukset-ja-suojaliivit\/poc-column-vpd-backpack-vest\/#primaryimage","url":"https:\/\/vmsport.fi\/wp-content\/uploads\/2025\/03\/25121-1002-ColumnVPDBackpackVest-UraniumBlack-3-1.png","contentUrl":"https:\/\/vmsport.fi\/wp-content\/uploads\/2025\/03\/25121-1002-ColumnVPDBackpackVest-UraniumBlack-3-1.png","width":1000,"height":1000,"caption":"25121-1002-ColumnVPDBackpackVest-UraniumBlack-3"},{"@type":"BreadcrumbList","@id":"https:\/\/vmsport.fi\/verkkokauppa\/ajovarusteet\/suojavarusteet\/selkasuojukset-ja-suojaliivit\/poc-column-vpd-backpack-vest\/#breadcrumb","itemListElement":[{"@type":"ListItem","position":1,"name":"Etusivu","item":"https:\/\/vmsport.fi\/"},{"@type":"ListItem","position":2,"name":"Online Store","item":"https:\/\/vmsport.fi\/en\/online-store\/"},{"@type":"ListItem","position":3,"name":"POC Column VPD Backpack Vest"}]},{"@type":"WebSite","@id":"https:\/\/vmsport.fi\/#website","url":"https:\/\/vmsport.fi\/","name":"Vmsport","description":"Allt p\u00e5 ett st\u00e4lle f\u00f6r cykling","publisher":{"@id":"https:\/\/vmsport.fi\/#organization"},"potentialAction":[{"@type":"SearchAction","target":{"@type":"EntryPoint","urlTemplate":"https:\/\/vmsport.fi\/?s={search_term_string}"},"query-input":{"@type":"PropertyValueSpecification","valueRequired":true,"valueName":"search_term_string"}}],"inLanguage":"sv-SE"},{"@type":"Organization","@id":"https:\/\/vmsport.fi\/#organization","name":"Vmsport","url":"https:\/\/vmsport.fi\/","logo":{"@type":"ImageObject","inLanguage":"sv-SE","@id":"https:\/\/vmsport.fi\/#\/schema\/logo\/image\/","url":"https:\/\/vmsport.fi\/wp-content\/uploads\/2024\/12\/vm_sport_RGB_horisontal-e1734526017575.png","contentUrl":"https:\/\/vmsport.fi\/wp-content\/uploads\/2024\/12\/vm_sport_RGB_horisontal-e1734526017575.png","width":668,"height":85,"caption":"Vmsport"},"image":{"@id":"https:\/\/vmsport.fi\/#\/schema\/logo\/image\/"},"sameAs":["https:\/\/www.facebook.com\/Vmsport.fi\/","https:\/\/www.instagram.com\/vmsport\/"]}]}},"global_unique_id":"","_links":{"self":[{"href":"https:\/\/vmsport.fi\/sv\/wp-json\/wp\/v2\/product\/54776","targetHints":{"allow":["GET"]}}],"collection":[{"href":"https:\/\/vmsport.fi\/sv\/wp-json\/wp\/v2\/product"}],"about":[{"href":"https:\/\/vmsport.fi\/sv\/wp-json\/wp\/v2\/types\/product"}],"replies":[{"embeddable":true,"href":"https:\/\/vmsport.fi\/sv\/wp-json\/wp\/v2\/comments?post=54776"}],"wp:featuredmedia":[{"embeddable":true,"href":"https:\/\/vmsport.fi\/sv\/wp-json\/wp\/v2\/media\/54774"}],"wp:attachment":[{"href":"https:\/\/vmsport.fi\/sv\/wp-json\/wp\/v2\/media?parent=54776"}],"wp:term":[{"taxonomy":"product_brand","embeddable":true,"href":"https:\/\/vmsport.fi\/sv\/wp-json\/wp\/v2\/product_brand?post=54776"},{"taxonomy":"product_model","embeddable":true,"href":"https:\/\/vmsport.fi\/sv\/wp-json\/wp\/v2\/product_model?post=54776"},{"taxonomy":"product_cat","embeddable":true,"href":"https:\/\/vmsport.fi\/sv\/wp-json\/wp\/v2\/product_cat?post=54776"},{"taxonomy":"product_tag","embeddable":true,"href":"https:\/\/vmsport.fi\/sv\/wp-json\/wp\/v2\/product_tag?post=54776"},{"taxonomy":"industry_terminology","embeddable":true,"href":"https:\/\/vmsport.fi\/sv\/wp-json\/wp\/v2\/industry-terminology?post=54776"}],"curies":[{"name":"wp","href":"https:\/\/api.w.org\/{rel}","templated":true}]}}