{"id":54759,"date":"2025-03-05T23:56:52","date_gmt":"2025-03-05T21:56:52","guid":{"rendered":"https:\/\/vmsport.fi\/verkkokauppa\/Ei-luokiteltu\/akselisetti-etu-hbm475-m10x108mm-axel\/"},"modified":"2026-01-16T13:20:41","modified_gmt":"2026-01-16T11:20:41","slug":"axelsats-fram-hbm475-m10x108mm-axel","status":"publish","type":"product","link":"https:\/\/vmsport.fi\/sv\/verkkokauppa\/varaosat\/kiekot-ja-navat\/navat-ja-osat\/akselisetti-etu-hbm475-m10x108mm-axel\/","title":{"rendered":"Framaxelupps\u00e4ttning HBM475 M10x108mm axel"},"content":{"rendered":"<p>HBM475 M10x108 mm framaxelsats uppfyller de h\u00f6gsta kvalitetsstandarderna, vilket s\u00e4kerst\u00e4ller smidig och h\u00e5llbar drift av systemet. Strukturen \u00e4r speciellt utformad f\u00f6r framvagnen och f\u00f6rb\u00e4ttrar din cykels prestanda. M10x108 mm-dimensionen garanterar en stabil och s\u00e4ker montering, s\u00e5 du kan r\u00e4kna med tillf\u00f6rlitlig prestanda. Den h\u00e4r l\u00f6sningen \u00e4r ett utm\u00e4rkt val n\u00e4r du vill ha en bekymmersfri k\u00f6rupplevelse och l\u00e5ng livsl\u00e4ngd.<\/p>","protected":false},"excerpt":{"rendered":"<p>Etuakselisetti HBM475 M10x108 mm vastaa korkeimpia laatuvaatimuksia, mik\u00e4 varmistaa j\u00e4rjestelm\u00e4n sujuvan ja kest\u00e4v\u00e4n toiminnan. Erityisesti etuosaan suunniteltu rakenne parantaa py\u00f6r\u00e4si suorituskyky\u00e4. Mitoitus M10x108 mm takaa vakaan ja turvallisen kiinnityksen, joten voit luottaa sen luotettavaan toimivuuteen. T\u00e4m\u00e4 ratkaisu on erinomainen valinta, kun haluat huolettoman k\u00e4ytt\u00f6kokemuksen ja pitk\u00e4n k\u00e4ytt\u00f6i\u00e4n. [&#8230;]<\/p>\n<p><a class=\"btn btn-secondary understrap-read-more-link\" href=\"https:\/\/vmsport.fi\/sv\/verkkokauppa\/varaosat\/kiekot-ja-navat\/navat-ja-osat\/akselisetti-etu-hbm475-m10x108mm-axel\/\">L\u00e4s mer \u2026<span class=\"screen-reader-text\"> from Akselisetti etu HBM475 M10x108mm axel<\/span><\/a><\/p>\n","protected":false},"featured_media":54758,"comment_status":"open","ping_status":"closed","template":"","meta":{"_acf_changed":false,"_improvement_type_select":"improve_an_existing","_thumb_yes_seoaic":false,"_frame_yes_seoaic":false,"seoaic_generate_description":"","seoaic_improve_instructions_prompt":"","seoaic_rollback_content_improvement":"","seoaic_idea_thumbnail_generator":"","thumbnail_generated":false,"thumbnail_generate_prompt":"","seoaic_article_description":"","_supplier_stock_quantity":0},"product_brand":[],"product_model":[],"product_cat":[9248],"product_tag":[],"industry-terminology":[],"class_list":{"0":"post-54759","1":"product","2":"type-product","3":"status-publish","4":"has-post-thumbnail","6":"product_cat-navat-ja-osat","8":"first","9":"outofstock","10":"taxable","11":"shipping-taxable","12":"product-type-simple"},"acf":{"bike_features":null,"overview":{"copy_overview":null,"key_features":null,"statement":"","youtube_url":""}},"yoast_head":"<!-- This site is optimized with the Yoast SEO plugin v27.3 - https:\/\/yoast.com\/product\/yoast-seo-wordpress\/ -->\n<title>Akselisetti etu HBM475 M10x108mm axel - VM Sport<\/title>\n<meta name=\"robots\" content=\"index, follow, max-snippet:-1, max-image-preview:large, max-video-preview:-1\" \/>\n<link rel=\"canonical\" href=\"https:\/\/vmsport.fi\/sv\/webbutik\/reservdelar\/skivor-och-nav\/stolpar-och-delar\/axelsats-fram-hbm475-m10x108mm-axel\/\" \/>\n<meta property=\"og:locale\" content=\"sv_SE\" \/>\n<meta property=\"og:type\" content=\"article\" \/>\n<meta property=\"og:title\" content=\"Akselisetti etu HBM475 M10x108mm axel - VM Sport\" \/>\n<meta property=\"og:description\" content=\"Etuakselisetti HBM475 M10x108 mm vastaa korkeimpia laatuvaatimuksia, mik\u00e4 varmistaa j\u00e4rjestelm\u00e4n sujuvan ja kest\u00e4v\u00e4n toiminnan. Erityisesti etuosaan suunniteltu rakenne parantaa py\u00f6r\u00e4si suorituskyky\u00e4. Mitoitus M10x108 mm takaa vakaan ja turvallisen kiinnityksen, joten voit luottaa sen luotettavaan toimivuuteen. T\u00e4m\u00e4 ratkaisu on erinomainen valinta, kun haluat huolettoman k\u00e4ytt\u00f6kokemuksen ja pitk\u00e4n k\u00e4ytt\u00f6i\u00e4n. [...]L\u00e4s mer \u2026 from Akselisetti etu HBM475 M10x108mm axel\" \/>\n<meta property=\"og:url\" content=\"https:\/\/vmsport.fi\/sv\/webbutik\/reservdelar\/skivor-och-nav\/stolpar-och-delar\/axelsats-fram-hbm475-m10x108mm-axel\/\" \/>\n<meta property=\"og:site_name\" content=\"VM Sport\" \/>\n<meta property=\"article:publisher\" content=\"https:\/\/www.facebook.com\/Vmsport.fi\/\" \/>\n<meta property=\"article:modified_time\" content=\"2026-01-16T11:20:41+00:00\" \/>\n<meta property=\"og:image\" content=\"https:\/\/vmsport.fi\/wp-content\/uploads\/2025\/03\/VcFz7AsfjljfFkkLQYzTwKb4a3DJzhO9RvjsYqbmYT9MNGhPAK-1.jpg\" \/>\n\t<meta property=\"og:image:width\" content=\"600\" \/>\n\t<meta property=\"og:image:height\" content=\"600\" \/>\n\t<meta property=\"og:image:type\" content=\"image\/jpeg\" \/>\n<meta name=\"twitter:card\" content=\"summary_large_image\" \/>\n<script type=\"application\/ld+json\" class=\"yoast-schema-graph\">{\"@context\":\"https:\\\/\\\/schema.org\",\"@graph\":[{\"@type\":[\"WebPage\",\"ItemPage\"],\"@id\":\"https:\\\/\\\/vmsport.fi\\\/verkkokauppa\\\/varaosat\\\/kiekot-ja-navat\\\/navat-ja-osat\\\/akselisetti-etu-hbm475-m10x108mm-axel\\\/\",\"url\":\"https:\\\/\\\/vmsport.fi\\\/verkkokauppa\\\/varaosat\\\/kiekot-ja-navat\\\/navat-ja-osat\\\/akselisetti-etu-hbm475-m10x108mm-axel\\\/\",\"name\":\"Akselisetti etu HBM475 M10x108mm axel - VM Sport\",\"isPartOf\":{\"@id\":\"https:\\\/\\\/vmsport.fi\\\/#website\"},\"primaryImageOfPage\":{\"@id\":\"https:\\\/\\\/vmsport.fi\\\/verkkokauppa\\\/varaosat\\\/kiekot-ja-navat\\\/navat-ja-osat\\\/akselisetti-etu-hbm475-m10x108mm-axel\\\/#primaryimage\"},\"image\":{\"@id\":\"https:\\\/\\\/vmsport.fi\\\/verkkokauppa\\\/varaosat\\\/kiekot-ja-navat\\\/navat-ja-osat\\\/akselisetti-etu-hbm475-m10x108mm-axel\\\/#primaryimage\"},\"thumbnailUrl\":\"https:\\\/\\\/vmsport.fi\\\/wp-content\\\/uploads\\\/2025\\\/03\\\/VcFz7AsfjljfFkkLQYzTwKb4a3DJzhO9RvjsYqbmYT9MNGhPAK-1.jpg\",\"datePublished\":\"2025-03-05T21:56:52+00:00\",\"dateModified\":\"2026-01-16T11:20:41+00:00\",\"breadcrumb\":{\"@id\":\"https:\\\/\\\/vmsport.fi\\\/verkkokauppa\\\/varaosat\\\/kiekot-ja-navat\\\/navat-ja-osat\\\/akselisetti-etu-hbm475-m10x108mm-axel\\\/#breadcrumb\"},\"inLanguage\":\"sv-SE\",\"potentialAction\":[{\"@type\":\"ReadAction\",\"target\":[\"https:\\\/\\\/vmsport.fi\\\/verkkokauppa\\\/varaosat\\\/kiekot-ja-navat\\\/navat-ja-osat\\\/akselisetti-etu-hbm475-m10x108mm-axel\\\/\"]}]},{\"@type\":\"ImageObject\",\"inLanguage\":\"sv-SE\",\"@id\":\"https:\\\/\\\/vmsport.fi\\\/verkkokauppa\\\/varaosat\\\/kiekot-ja-navat\\\/navat-ja-osat\\\/akselisetti-etu-hbm475-m10x108mm-axel\\\/#primaryimage\",\"url\":\"https:\\\/\\\/vmsport.fi\\\/wp-content\\\/uploads\\\/2025\\\/03\\\/VcFz7AsfjljfFkkLQYzTwKb4a3DJzhO9RvjsYqbmYT9MNGhPAK-1.jpg\",\"contentUrl\":\"https:\\\/\\\/vmsport.fi\\\/wp-content\\\/uploads\\\/2025\\\/03\\\/VcFz7AsfjljfFkkLQYzTwKb4a3DJzhO9RvjsYqbmYT9MNGhPAK-1.jpg\",\"width\":600,\"height\":600,\"caption\":\"VcFz7AsfjljfFkkLQYzTwKb4a3DJzhO9RvjsYqbmYT9MNGhPAK\"},{\"@type\":\"BreadcrumbList\",\"@id\":\"https:\\\/\\\/vmsport.fi\\\/verkkokauppa\\\/varaosat\\\/kiekot-ja-navat\\\/navat-ja-osat\\\/akselisetti-etu-hbm475-m10x108mm-axel\\\/#breadcrumb\",\"itemListElement\":[{\"@type\":\"ListItem\",\"position\":1,\"name\":\"Etusivu\",\"item\":\"https:\\\/\\\/vmsport.fi\\\/\"},{\"@type\":\"ListItem\",\"position\":2,\"name\":\"Online Store\",\"item\":\"https:\\\/\\\/vmsport.fi\\\/en\\\/online-store\\\/\"},{\"@type\":\"ListItem\",\"position\":3,\"name\":\"Akselisetti etu HBM475 M10x108mm axel\"}]},{\"@type\":\"WebSite\",\"@id\":\"https:\\\/\\\/vmsport.fi\\\/#website\",\"url\":\"https:\\\/\\\/vmsport.fi\\\/\",\"name\":\"Vmsport\",\"description\":\"Kaikki py\u00f6r\u00e4ilyyn yhdest\u00e4 paikasta\",\"publisher\":{\"@id\":\"https:\\\/\\\/vmsport.fi\\\/#organization\"},\"potentialAction\":[{\"@type\":\"SearchAction\",\"target\":{\"@type\":\"EntryPoint\",\"urlTemplate\":\"https:\\\/\\\/vmsport.fi\\\/?s={search_term_string}\"},\"query-input\":{\"@type\":\"PropertyValueSpecification\",\"valueRequired\":true,\"valueName\":\"search_term_string\"}}],\"inLanguage\":\"sv-SE\"},{\"@type\":\"Organization\",\"@id\":\"https:\\\/\\\/vmsport.fi\\\/#organization\",\"name\":\"Vmsport\",\"url\":\"https:\\\/\\\/vmsport.fi\\\/\",\"logo\":{\"@type\":\"ImageObject\",\"inLanguage\":\"sv-SE\",\"@id\":\"https:\\\/\\\/vmsport.fi\\\/#\\\/schema\\\/logo\\\/image\\\/\",\"url\":\"https:\\\/\\\/vmsport.fi\\\/wp-content\\\/uploads\\\/2024\\\/12\\\/vm_sport_RGB_horisontal-e1734526017575.png\",\"contentUrl\":\"https:\\\/\\\/vmsport.fi\\\/wp-content\\\/uploads\\\/2024\\\/12\\\/vm_sport_RGB_horisontal-e1734526017575.png\",\"width\":668,\"height\":85,\"caption\":\"Vmsport\"},\"image\":{\"@id\":\"https:\\\/\\\/vmsport.fi\\\/#\\\/schema\\\/logo\\\/image\\\/\"},\"sameAs\":[\"https:\\\/\\\/www.facebook.com\\\/Vmsport.fi\\\/\",\"https:\\\/\\\/www.instagram.com\\\/vmsport\\\/\"]}]}<\/script>\n<!-- \/ Yoast SEO plugin. -->","yoast_head_json":{"title":"Framaxelupps\u00e4ttning HBM475 M10x108mm axel - VM Sport","robots":{"index":"index","follow":"follow","max-snippet":"max-snippet:-1","max-image-preview":"max-image-preview:large","max-video-preview":"max-video-preview:-1"},"canonical":"https:\/\/vmsport.fi\/sv\/webbutik\/reservdelar\/skivor-och-nav\/stolpar-och-delar\/axelsats-fram-hbm475-m10x108mm-axel\/","og_locale":"sv_SE","og_type":"article","og_title":"Akselisetti etu HBM475 M10x108mm axel - VM Sport","og_description":"Etuakselisetti HBM475 M10x108 mm vastaa korkeimpia laatuvaatimuksia, mik\u00e4 varmistaa j\u00e4rjestelm\u00e4n sujuvan ja kest\u00e4v\u00e4n toiminnan. Erityisesti etuosaan suunniteltu rakenne parantaa py\u00f6r\u00e4si suorituskyky\u00e4. Mitoitus M10x108 mm takaa vakaan ja turvallisen kiinnityksen, joten voit luottaa sen luotettavaan toimivuuteen. T\u00e4m\u00e4 ratkaisu on erinomainen valinta, kun haluat huolettoman k\u00e4ytt\u00f6kokemuksen ja pitk\u00e4n k\u00e4ytt\u00f6i\u00e4n. [...]L\u00e4s mer \u2026 from Akselisetti etu HBM475 M10x108mm axel","og_url":"https:\/\/vmsport.fi\/sv\/webbutik\/reservdelar\/skivor-och-nav\/stolpar-och-delar\/axelsats-fram-hbm475-m10x108mm-axel\/","og_site_name":"VM Sport","article_publisher":"https:\/\/www.facebook.com\/Vmsport.fi\/","article_modified_time":"2026-01-16T11:20:41+00:00","og_image":[{"width":600,"height":600,"url":"https:\/\/vmsport.fi\/wp-content\/uploads\/2025\/03\/VcFz7AsfjljfFkkLQYzTwKb4a3DJzhO9RvjsYqbmYT9MNGhPAK-1.jpg","type":"image\/jpeg"}],"twitter_card":"summary_large_image","schema":{"@context":"https:\/\/schema.org","@graph":[{"@type":["WebPage","ItemPage"],"@id":"https:\/\/vmsport.fi\/verkkokauppa\/varaosat\/kiekot-ja-navat\/navat-ja-osat\/akselisetti-etu-hbm475-m10x108mm-axel\/","url":"https:\/\/vmsport.fi\/verkkokauppa\/varaosat\/kiekot-ja-navat\/navat-ja-osat\/akselisetti-etu-hbm475-m10x108mm-axel\/","name":"Framaxelupps\u00e4ttning HBM475 M10x108mm axel - VM Sport","isPartOf":{"@id":"https:\/\/vmsport.fi\/#website"},"primaryImageOfPage":{"@id":"https:\/\/vmsport.fi\/verkkokauppa\/varaosat\/kiekot-ja-navat\/navat-ja-osat\/akselisetti-etu-hbm475-m10x108mm-axel\/#primaryimage"},"image":{"@id":"https:\/\/vmsport.fi\/verkkokauppa\/varaosat\/kiekot-ja-navat\/navat-ja-osat\/akselisetti-etu-hbm475-m10x108mm-axel\/#primaryimage"},"thumbnailUrl":"https:\/\/vmsport.fi\/wp-content\/uploads\/2025\/03\/VcFz7AsfjljfFkkLQYzTwKb4a3DJzhO9RvjsYqbmYT9MNGhPAK-1.jpg","datePublished":"2025-03-05T21:56:52+00:00","dateModified":"2026-01-16T11:20:41+00:00","breadcrumb":{"@id":"https:\/\/vmsport.fi\/verkkokauppa\/varaosat\/kiekot-ja-navat\/navat-ja-osat\/akselisetti-etu-hbm475-m10x108mm-axel\/#breadcrumb"},"inLanguage":"sv-SE","potentialAction":[{"@type":"ReadAction","target":["https:\/\/vmsport.fi\/verkkokauppa\/varaosat\/kiekot-ja-navat\/navat-ja-osat\/akselisetti-etu-hbm475-m10x108mm-axel\/"]}]},{"@type":"ImageObject","inLanguage":"sv-SE","@id":"https:\/\/vmsport.fi\/verkkokauppa\/varaosat\/kiekot-ja-navat\/navat-ja-osat\/akselisetti-etu-hbm475-m10x108mm-axel\/#primaryimage","url":"https:\/\/vmsport.fi\/wp-content\/uploads\/2025\/03\/VcFz7AsfjljfFkkLQYzTwKb4a3DJzhO9RvjsYqbmYT9MNGhPAK-1.jpg","contentUrl":"https:\/\/vmsport.fi\/wp-content\/uploads\/2025\/03\/VcFz7AsfjljfFkkLQYzTwKb4a3DJzhO9RvjsYqbmYT9MNGhPAK-1.jpg","width":600,"height":600,"caption":"VcFz7AsfjljfFkkLQYzTwKb4a3DJzhO9RvjsYqbmYT9MNGhPAK"},{"@type":"BreadcrumbList","@id":"https:\/\/vmsport.fi\/verkkokauppa\/varaosat\/kiekot-ja-navat\/navat-ja-osat\/akselisetti-etu-hbm475-m10x108mm-axel\/#breadcrumb","itemListElement":[{"@type":"ListItem","position":1,"name":"Etusivu","item":"https:\/\/vmsport.fi\/"},{"@type":"ListItem","position":2,"name":"Online Store","item":"https:\/\/vmsport.fi\/en\/online-store\/"},{"@type":"ListItem","position":3,"name":"Akselisetti etu HBM475 M10x108mm axel"}]},{"@type":"WebSite","@id":"https:\/\/vmsport.fi\/#website","url":"https:\/\/vmsport.fi\/","name":"Vmsport","description":"Allt p\u00e5 ett st\u00e4lle f\u00f6r cykling","publisher":{"@id":"https:\/\/vmsport.fi\/#organization"},"potentialAction":[{"@type":"SearchAction","target":{"@type":"EntryPoint","urlTemplate":"https:\/\/vmsport.fi\/?s={search_term_string}"},"query-input":{"@type":"PropertyValueSpecification","valueRequired":true,"valueName":"search_term_string"}}],"inLanguage":"sv-SE"},{"@type":"Organization","@id":"https:\/\/vmsport.fi\/#organization","name":"Vmsport","url":"https:\/\/vmsport.fi\/","logo":{"@type":"ImageObject","inLanguage":"sv-SE","@id":"https:\/\/vmsport.fi\/#\/schema\/logo\/image\/","url":"https:\/\/vmsport.fi\/wp-content\/uploads\/2024\/12\/vm_sport_RGB_horisontal-e1734526017575.png","contentUrl":"https:\/\/vmsport.fi\/wp-content\/uploads\/2024\/12\/vm_sport_RGB_horisontal-e1734526017575.png","width":668,"height":85,"caption":"Vmsport"},"image":{"@id":"https:\/\/vmsport.fi\/#\/schema\/logo\/image\/"},"sameAs":["https:\/\/www.facebook.com\/Vmsport.fi\/","https:\/\/www.instagram.com\/vmsport\/"]}]}},"global_unique_id":"","_links":{"self":[{"href":"https:\/\/vmsport.fi\/sv\/wp-json\/wp\/v2\/product\/54759","targetHints":{"allow":["GET"]}}],"collection":[{"href":"https:\/\/vmsport.fi\/sv\/wp-json\/wp\/v2\/product"}],"about":[{"href":"https:\/\/vmsport.fi\/sv\/wp-json\/wp\/v2\/types\/product"}],"replies":[{"embeddable":true,"href":"https:\/\/vmsport.fi\/sv\/wp-json\/wp\/v2\/comments?post=54759"}],"wp:featuredmedia":[{"embeddable":true,"href":"https:\/\/vmsport.fi\/sv\/wp-json\/wp\/v2\/media\/54758"}],"wp:attachment":[{"href":"https:\/\/vmsport.fi\/sv\/wp-json\/wp\/v2\/media?parent=54759"}],"wp:term":[{"taxonomy":"product_brand","embeddable":true,"href":"https:\/\/vmsport.fi\/sv\/wp-json\/wp\/v2\/product_brand?post=54759"},{"taxonomy":"product_model","embeddable":true,"href":"https:\/\/vmsport.fi\/sv\/wp-json\/wp\/v2\/product_model?post=54759"},{"taxonomy":"product_cat","embeddable":true,"href":"https:\/\/vmsport.fi\/sv\/wp-json\/wp\/v2\/product_cat?post=54759"},{"taxonomy":"product_tag","embeddable":true,"href":"https:\/\/vmsport.fi\/sv\/wp-json\/wp\/v2\/product_tag?post=54759"},{"taxonomy":"industry_terminology","embeddable":true,"href":"https:\/\/vmsport.fi\/sv\/wp-json\/wp\/v2\/industry-terminology?post=54759"}],"curies":[{"name":"wp","href":"https:\/\/api.w.org\/{rel}","templated":true}]}}