{"id":54748,"date":"2025-03-05T23:56:46","date_gmt":"2025-03-05T21:56:46","guid":{"rendered":"https:\/\/vmsport.fi\/verkkokauppa\/Ei-luokiteltu\/takakiekko-11v-xt-wh-m8020-boost-29in-12mm-lapiaksel\/"},"modified":"2026-01-16T13:22:25","modified_gmt":"2026-01-16T11:22:25","slug":"bakre-skiva-11v-xt-wh-m8020-boost-29in-12mm-paddelaxel","status":"publish","type":"product","link":"https:\/\/vmsport.fi\/sv\/verkkokauppa\/varaosat\/kiekot-ja-navat\/takakiekot\/takakiekko-11v-xt-wh-m8020-boost-29in-12mm-lapiaksel\/","title":{"rendered":"Bakre skiva 11v XT WH-M8020-Boost 29 tum 12 mm genomg\u00e5ende axel"},"content":{"rendered":"<p>Bakhjulet 11v XT WH-M8020-Boost \u00e4r utformat f\u00f6r passionerade mountainbikecyklister som v\u00e4rdes\u00e4tter h\u00e5llbarhet och m\u00e5ngsidighet. Dess 29-tums f\u00e4lgstorlek och 19 mm djup f\u00f6rb\u00e4ttrar den aerodynamiska prestandan. Tack vare den h\u00e5llbara aluminiumkonstruktionen erbjuder hjulet en utm\u00e4rkt balans mellan l\u00e4tthet och h\u00e5llbarhet. Hjulet har 28 raka och tunna spolar som \u00f6kar dess strukturella styvhet. Tubeless och traditionell open-wheel-konstruktion m\u00f6jligg\u00f6r m\u00e5ngsidiga d\u00e4ckval, med rekommenderade d\u00e4ckstorlekar fr\u00e5n 29 x 2,00 till 2,35 tum.<\/p>\n<p>Designen p\u00e5 skivfrikopplingen \u00e4r kompatibel med Shimano 8-\/9-\/10-v\u00e4xlade och MTB 11-v\u00e4xlade drivlinor, och 12 mm E-Thru-axeln ger f\u00f6rb\u00e4ttrat skydd mot smuts och fukt. Boost-navets bredd p\u00e5 148 mm \u00f6kar stabiliteten, medan Centerlock-f\u00e4stsystemet g\u00f6r skivbromsningen mer enkel. Den l\u00e4tta bakre skivbromsen, som endast v\u00e4ger 1088 gram, ger effektiv prestanda \u00e4ven under utmanande f\u00f6rh\u00e5llanden.<\/p>","protected":false},"excerpt":{"rendered":"<p>Takakiekko 11v XT WH-M8020-Boost on suunniteltu intohimoisille maastopy\u00f6r\u00e4ilij\u00f6ille, jotka arvostavat kest\u00e4vyytt\u00e4 ja monipuolisuutta. Sen 29 tuuman vannekoko ja 19 mm syvyys parantavat aerodynaamista suorituskyky\u00e4. Kest\u00e4v\u00e4n alumiinirakenteensa ansiosta kiekko tarjoaa erinomaisen tasapainon keveyden ja kest\u00e4vyyden v\u00e4lill\u00e4. Kiekossa on 28 suoraa ja ohutta puolaa, jotka lis\u00e4\u00e4v\u00e4t sen rakenteellista tukevuutta. Tubeless- ja perinteisille avorenkaille sopiva rakenne mahdollistaa monipuolisen [&#8230;]<\/p>\n<p><a class=\"btn btn-secondary understrap-read-more-link\" href=\"https:\/\/vmsport.fi\/sv\/verkkokauppa\/varaosat\/kiekot-ja-navat\/takakiekot\/takakiekko-11v-xt-wh-m8020-boost-29in-12mm-lapiaksel\/\">L\u00e4s mer \u2026<span class=\"screen-reader-text\"> from Takakiekko 11v XT WH-M8020-Boost 29in 12mm l\u00e4piaksel<\/span><\/a><\/p>\n","protected":false},"featured_media":54746,"comment_status":"open","ping_status":"closed","template":"","meta":{"_acf_changed":false,"_improvement_type_select":"improve_an_existing","_thumb_yes_seoaic":false,"_frame_yes_seoaic":false,"seoaic_generate_description":"","seoaic_improve_instructions_prompt":"","seoaic_rollback_content_improvement":"","seoaic_idea_thumbnail_generator":"","thumbnail_generated":false,"thumbnail_generate_prompt":"","seoaic_article_description":"","_supplier_stock_quantity":0},"product_brand":[],"product_model":[],"product_cat":[9486],"product_tag":[],"industry-terminology":[],"class_list":{"0":"post-54748","1":"product","2":"type-product","3":"status-publish","4":"has-post-thumbnail","6":"product_cat-takakiekot","8":"first","9":"instock","10":"taxable","11":"shipping-taxable","12":"purchasable","13":"product-type-simple"},"acf":{"bike_features":null,"overview":{"copy_overview":null,"key_features":null,"statement":"","youtube_url":""}},"yoast_head":"<!-- This site is optimized with the Yoast SEO plugin v27.3 - https:\/\/yoast.com\/product\/yoast-seo-wordpress\/ -->\n<title>Takakiekko 11v XT WH-M8020-Boost 29in 12mm l\u00e4piaksel - VM Sport<\/title>\n<meta name=\"robots\" content=\"index, follow, max-snippet:-1, max-image-preview:large, max-video-preview:-1\" \/>\n<link rel=\"canonical\" href=\"https:\/\/vmsport.fi\/sv\/webbutik\/reservdelar\/skivor-och-nav\/bakgrund\/bakre-skiva-11v-xt-wh-m8020-boost-29in-12mm-paddelaxel\/\" \/>\n<meta property=\"og:locale\" content=\"sv_SE\" \/>\n<meta property=\"og:type\" content=\"article\" \/>\n<meta property=\"og:title\" content=\"Takakiekko 11v XT WH-M8020-Boost 29in 12mm l\u00e4piaksel - VM Sport\" \/>\n<meta property=\"og:description\" content=\"Takakiekko 11v XT WH-M8020-Boost on suunniteltu intohimoisille maastopy\u00f6r\u00e4ilij\u00f6ille, jotka arvostavat kest\u00e4vyytt\u00e4 ja monipuolisuutta. Sen 29 tuuman vannekoko ja 19 mm syvyys parantavat aerodynaamista suorituskyky\u00e4. Kest\u00e4v\u00e4n alumiinirakenteensa ansiosta kiekko tarjoaa erinomaisen tasapainon keveyden ja kest\u00e4vyyden v\u00e4lill\u00e4. Kiekossa on 28 suoraa ja ohutta puolaa, jotka lis\u00e4\u00e4v\u00e4t sen rakenteellista tukevuutta. Tubeless- ja perinteisille avorenkaille sopiva rakenne mahdollistaa monipuolisen [...]L\u00e4s mer \u2026 from Takakiekko 11v XT WH-M8020-Boost 29in 12mm l\u00e4piaksel\" \/>\n<meta property=\"og:url\" content=\"https:\/\/vmsport.fi\/sv\/webbutik\/reservdelar\/skivor-och-nav\/bakgrund\/bakre-skiva-11v-xt-wh-m8020-boost-29in-12mm-paddelaxel\/\" \/>\n<meta property=\"og:site_name\" content=\"VM Sport\" \/>\n<meta property=\"article:publisher\" content=\"https:\/\/www.facebook.com\/Vmsport.fi\/\" \/>\n<meta property=\"article:modified_time\" content=\"2026-01-16T11:22:25+00:00\" \/>\n<meta property=\"og:image\" content=\"https:\/\/vmsport.fi\/wp-content\/uploads\/2025\/03\/b6842fe6-c031-4646-bb4f-4bded9c168dd-1.jpg\" \/>\n\t<meta property=\"og:image:width\" content=\"600\" \/>\n\t<meta property=\"og:image:height\" content=\"600\" \/>\n\t<meta property=\"og:image:type\" content=\"image\/jpeg\" \/>\n<meta name=\"twitter:card\" content=\"summary_large_image\" \/>\n<meta name=\"twitter:label1\" content=\"Ber\u00e4knad l\u00e4stid\" \/>\n\t<meta name=\"twitter:data1\" content=\"1 minut\" \/>\n<script type=\"application\/ld+json\" class=\"yoast-schema-graph\">{\"@context\":\"https:\\\/\\\/schema.org\",\"@graph\":[{\"@type\":[\"WebPage\",\"ItemPage\"],\"@id\":\"https:\\\/\\\/vmsport.fi\\\/verkkokauppa\\\/varaosat\\\/kiekot-ja-navat\\\/takakiekot\\\/takakiekko-11v-xt-wh-m8020-boost-29in-12mm-lapiaksel\\\/\",\"url\":\"https:\\\/\\\/vmsport.fi\\\/verkkokauppa\\\/varaosat\\\/kiekot-ja-navat\\\/takakiekot\\\/takakiekko-11v-xt-wh-m8020-boost-29in-12mm-lapiaksel\\\/\",\"name\":\"Takakiekko 11v XT WH-M8020-Boost 29in 12mm l\u00e4piaksel - VM Sport\",\"isPartOf\":{\"@id\":\"https:\\\/\\\/vmsport.fi\\\/#website\"},\"primaryImageOfPage\":{\"@id\":\"https:\\\/\\\/vmsport.fi\\\/verkkokauppa\\\/varaosat\\\/kiekot-ja-navat\\\/takakiekot\\\/takakiekko-11v-xt-wh-m8020-boost-29in-12mm-lapiaksel\\\/#primaryimage\"},\"image\":{\"@id\":\"https:\\\/\\\/vmsport.fi\\\/verkkokauppa\\\/varaosat\\\/kiekot-ja-navat\\\/takakiekot\\\/takakiekko-11v-xt-wh-m8020-boost-29in-12mm-lapiaksel\\\/#primaryimage\"},\"thumbnailUrl\":\"https:\\\/\\\/vmsport.fi\\\/wp-content\\\/uploads\\\/2025\\\/03\\\/b6842fe6-c031-4646-bb4f-4bded9c168dd-1.jpg\",\"datePublished\":\"2025-03-05T21:56:46+00:00\",\"dateModified\":\"2026-01-16T11:22:25+00:00\",\"breadcrumb\":{\"@id\":\"https:\\\/\\\/vmsport.fi\\\/verkkokauppa\\\/varaosat\\\/kiekot-ja-navat\\\/takakiekot\\\/takakiekko-11v-xt-wh-m8020-boost-29in-12mm-lapiaksel\\\/#breadcrumb\"},\"inLanguage\":\"sv-SE\",\"potentialAction\":[{\"@type\":\"ReadAction\",\"target\":[\"https:\\\/\\\/vmsport.fi\\\/verkkokauppa\\\/varaosat\\\/kiekot-ja-navat\\\/takakiekot\\\/takakiekko-11v-xt-wh-m8020-boost-29in-12mm-lapiaksel\\\/\"]}]},{\"@type\":\"ImageObject\",\"inLanguage\":\"sv-SE\",\"@id\":\"https:\\\/\\\/vmsport.fi\\\/verkkokauppa\\\/varaosat\\\/kiekot-ja-navat\\\/takakiekot\\\/takakiekko-11v-xt-wh-m8020-boost-29in-12mm-lapiaksel\\\/#primaryimage\",\"url\":\"https:\\\/\\\/vmsport.fi\\\/wp-content\\\/uploads\\\/2025\\\/03\\\/b6842fe6-c031-4646-bb4f-4bded9c168dd-1.jpg\",\"contentUrl\":\"https:\\\/\\\/vmsport.fi\\\/wp-content\\\/uploads\\\/2025\\\/03\\\/b6842fe6-c031-4646-bb4f-4bded9c168dd-1.jpg\",\"width\":600,\"height\":600,\"caption\":\"b6842fe6-c031-4646-bb4f-4bded9c168dd\"},{\"@type\":\"BreadcrumbList\",\"@id\":\"https:\\\/\\\/vmsport.fi\\\/verkkokauppa\\\/varaosat\\\/kiekot-ja-navat\\\/takakiekot\\\/takakiekko-11v-xt-wh-m8020-boost-29in-12mm-lapiaksel\\\/#breadcrumb\",\"itemListElement\":[{\"@type\":\"ListItem\",\"position\":1,\"name\":\"Etusivu\",\"item\":\"https:\\\/\\\/vmsport.fi\\\/\"},{\"@type\":\"ListItem\",\"position\":2,\"name\":\"Online Store\",\"item\":\"https:\\\/\\\/vmsport.fi\\\/en\\\/online-store\\\/\"},{\"@type\":\"ListItem\",\"position\":3,\"name\":\"Takakiekko 11v XT WH-M8020-Boost 29in 12mm l\u00e4piaksel\"}]},{\"@type\":\"WebSite\",\"@id\":\"https:\\\/\\\/vmsport.fi\\\/#website\",\"url\":\"https:\\\/\\\/vmsport.fi\\\/\",\"name\":\"Vmsport\",\"description\":\"Kaikki py\u00f6r\u00e4ilyyn yhdest\u00e4 paikasta\",\"publisher\":{\"@id\":\"https:\\\/\\\/vmsport.fi\\\/#organization\"},\"potentialAction\":[{\"@type\":\"SearchAction\",\"target\":{\"@type\":\"EntryPoint\",\"urlTemplate\":\"https:\\\/\\\/vmsport.fi\\\/?s={search_term_string}\"},\"query-input\":{\"@type\":\"PropertyValueSpecification\",\"valueRequired\":true,\"valueName\":\"search_term_string\"}}],\"inLanguage\":\"sv-SE\"},{\"@type\":\"Organization\",\"@id\":\"https:\\\/\\\/vmsport.fi\\\/#organization\",\"name\":\"Vmsport\",\"url\":\"https:\\\/\\\/vmsport.fi\\\/\",\"logo\":{\"@type\":\"ImageObject\",\"inLanguage\":\"sv-SE\",\"@id\":\"https:\\\/\\\/vmsport.fi\\\/#\\\/schema\\\/logo\\\/image\\\/\",\"url\":\"https:\\\/\\\/vmsport.fi\\\/wp-content\\\/uploads\\\/2024\\\/12\\\/vm_sport_RGB_horisontal-e1734526017575.png\",\"contentUrl\":\"https:\\\/\\\/vmsport.fi\\\/wp-content\\\/uploads\\\/2024\\\/12\\\/vm_sport_RGB_horisontal-e1734526017575.png\",\"width\":668,\"height\":85,\"caption\":\"Vmsport\"},\"image\":{\"@id\":\"https:\\\/\\\/vmsport.fi\\\/#\\\/schema\\\/logo\\\/image\\\/\"},\"sameAs\":[\"https:\\\/\\\/www.facebook.com\\\/Vmsport.fi\\\/\",\"https:\\\/\\\/www.instagram.com\\\/vmsport\\\/\"]}]}<\/script>\n<!-- \/ Yoast SEO plugin. -->","yoast_head_json":{"title":"Bakre skiva 11v XT WH-M8020-Boost 29 tum 12 mm genomg\u00e5ende axel - VM Sport","robots":{"index":"index","follow":"follow","max-snippet":"max-snippet:-1","max-image-preview":"max-image-preview:large","max-video-preview":"max-video-preview:-1"},"canonical":"https:\/\/vmsport.fi\/sv\/webbutik\/reservdelar\/skivor-och-nav\/bakgrund\/bakre-skiva-11v-xt-wh-m8020-boost-29in-12mm-paddelaxel\/","og_locale":"sv_SE","og_type":"article","og_title":"Takakiekko 11v XT WH-M8020-Boost 29in 12mm l\u00e4piaksel - VM Sport","og_description":"Takakiekko 11v XT WH-M8020-Boost on suunniteltu intohimoisille maastopy\u00f6r\u00e4ilij\u00f6ille, jotka arvostavat kest\u00e4vyytt\u00e4 ja monipuolisuutta. Sen 29 tuuman vannekoko ja 19 mm syvyys parantavat aerodynaamista suorituskyky\u00e4. Kest\u00e4v\u00e4n alumiinirakenteensa ansiosta kiekko tarjoaa erinomaisen tasapainon keveyden ja kest\u00e4vyyden v\u00e4lill\u00e4. Kiekossa on 28 suoraa ja ohutta puolaa, jotka lis\u00e4\u00e4v\u00e4t sen rakenteellista tukevuutta. Tubeless- ja perinteisille avorenkaille sopiva rakenne mahdollistaa monipuolisen [...]L\u00e4s mer \u2026 from Takakiekko 11v XT WH-M8020-Boost 29in 12mm l\u00e4piaksel","og_url":"https:\/\/vmsport.fi\/sv\/webbutik\/reservdelar\/skivor-och-nav\/bakgrund\/bakre-skiva-11v-xt-wh-m8020-boost-29in-12mm-paddelaxel\/","og_site_name":"VM Sport","article_publisher":"https:\/\/www.facebook.com\/Vmsport.fi\/","article_modified_time":"2026-01-16T11:22:25+00:00","og_image":[{"width":600,"height":600,"url":"https:\/\/vmsport.fi\/wp-content\/uploads\/2025\/03\/b6842fe6-c031-4646-bb4f-4bded9c168dd-1.jpg","type":"image\/jpeg"}],"twitter_card":"summary_large_image","twitter_misc":{"Ber\u00e4knad l\u00e4stid":"1 minut"},"schema":{"@context":"https:\/\/schema.org","@graph":[{"@type":["WebPage","ItemPage"],"@id":"https:\/\/vmsport.fi\/verkkokauppa\/varaosat\/kiekot-ja-navat\/takakiekot\/takakiekko-11v-xt-wh-m8020-boost-29in-12mm-lapiaksel\/","url":"https:\/\/vmsport.fi\/verkkokauppa\/varaosat\/kiekot-ja-navat\/takakiekot\/takakiekko-11v-xt-wh-m8020-boost-29in-12mm-lapiaksel\/","name":"Bakre skiva 11v XT WH-M8020-Boost 29 tum 12 mm genomg\u00e5ende axel - VM Sport","isPartOf":{"@id":"https:\/\/vmsport.fi\/#website"},"primaryImageOfPage":{"@id":"https:\/\/vmsport.fi\/verkkokauppa\/varaosat\/kiekot-ja-navat\/takakiekot\/takakiekko-11v-xt-wh-m8020-boost-29in-12mm-lapiaksel\/#primaryimage"},"image":{"@id":"https:\/\/vmsport.fi\/verkkokauppa\/varaosat\/kiekot-ja-navat\/takakiekot\/takakiekko-11v-xt-wh-m8020-boost-29in-12mm-lapiaksel\/#primaryimage"},"thumbnailUrl":"https:\/\/vmsport.fi\/wp-content\/uploads\/2025\/03\/b6842fe6-c031-4646-bb4f-4bded9c168dd-1.jpg","datePublished":"2025-03-05T21:56:46+00:00","dateModified":"2026-01-16T11:22:25+00:00","breadcrumb":{"@id":"https:\/\/vmsport.fi\/verkkokauppa\/varaosat\/kiekot-ja-navat\/takakiekot\/takakiekko-11v-xt-wh-m8020-boost-29in-12mm-lapiaksel\/#breadcrumb"},"inLanguage":"sv-SE","potentialAction":[{"@type":"ReadAction","target":["https:\/\/vmsport.fi\/verkkokauppa\/varaosat\/kiekot-ja-navat\/takakiekot\/takakiekko-11v-xt-wh-m8020-boost-29in-12mm-lapiaksel\/"]}]},{"@type":"ImageObject","inLanguage":"sv-SE","@id":"https:\/\/vmsport.fi\/verkkokauppa\/varaosat\/kiekot-ja-navat\/takakiekot\/takakiekko-11v-xt-wh-m8020-boost-29in-12mm-lapiaksel\/#primaryimage","url":"https:\/\/vmsport.fi\/wp-content\/uploads\/2025\/03\/b6842fe6-c031-4646-bb4f-4bded9c168dd-1.jpg","contentUrl":"https:\/\/vmsport.fi\/wp-content\/uploads\/2025\/03\/b6842fe6-c031-4646-bb4f-4bded9c168dd-1.jpg","width":600,"height":600,"caption":"b6842fe6-c031-4646-bb4f-4bded9c168dd"},{"@type":"BreadcrumbList","@id":"https:\/\/vmsport.fi\/verkkokauppa\/varaosat\/kiekot-ja-navat\/takakiekot\/takakiekko-11v-xt-wh-m8020-boost-29in-12mm-lapiaksel\/#breadcrumb","itemListElement":[{"@type":"ListItem","position":1,"name":"Etusivu","item":"https:\/\/vmsport.fi\/"},{"@type":"ListItem","position":2,"name":"Online Store","item":"https:\/\/vmsport.fi\/en\/online-store\/"},{"@type":"ListItem","position":3,"name":"Takakiekko 11v XT WH-M8020-Boost 29in 12mm l\u00e4piaksel"}]},{"@type":"WebSite","@id":"https:\/\/vmsport.fi\/#website","url":"https:\/\/vmsport.fi\/","name":"Vmsport","description":"Allt p\u00e5 ett st\u00e4lle f\u00f6r cykling","publisher":{"@id":"https:\/\/vmsport.fi\/#organization"},"potentialAction":[{"@type":"SearchAction","target":{"@type":"EntryPoint","urlTemplate":"https:\/\/vmsport.fi\/?s={search_term_string}"},"query-input":{"@type":"PropertyValueSpecification","valueRequired":true,"valueName":"search_term_string"}}],"inLanguage":"sv-SE"},{"@type":"Organization","@id":"https:\/\/vmsport.fi\/#organization","name":"Vmsport","url":"https:\/\/vmsport.fi\/","logo":{"@type":"ImageObject","inLanguage":"sv-SE","@id":"https:\/\/vmsport.fi\/#\/schema\/logo\/image\/","url":"https:\/\/vmsport.fi\/wp-content\/uploads\/2024\/12\/vm_sport_RGB_horisontal-e1734526017575.png","contentUrl":"https:\/\/vmsport.fi\/wp-content\/uploads\/2024\/12\/vm_sport_RGB_horisontal-e1734526017575.png","width":668,"height":85,"caption":"Vmsport"},"image":{"@id":"https:\/\/vmsport.fi\/#\/schema\/logo\/image\/"},"sameAs":["https:\/\/www.facebook.com\/Vmsport.fi\/","https:\/\/www.instagram.com\/vmsport\/"]}]}},"global_unique_id":"","_links":{"self":[{"href":"https:\/\/vmsport.fi\/sv\/wp-json\/wp\/v2\/product\/54748","targetHints":{"allow":["GET"]}}],"collection":[{"href":"https:\/\/vmsport.fi\/sv\/wp-json\/wp\/v2\/product"}],"about":[{"href":"https:\/\/vmsport.fi\/sv\/wp-json\/wp\/v2\/types\/product"}],"replies":[{"embeddable":true,"href":"https:\/\/vmsport.fi\/sv\/wp-json\/wp\/v2\/comments?post=54748"}],"wp:featuredmedia":[{"embeddable":true,"href":"https:\/\/vmsport.fi\/sv\/wp-json\/wp\/v2\/media\/54746"}],"wp:attachment":[{"href":"https:\/\/vmsport.fi\/sv\/wp-json\/wp\/v2\/media?parent=54748"}],"wp:term":[{"taxonomy":"product_brand","embeddable":true,"href":"https:\/\/vmsport.fi\/sv\/wp-json\/wp\/v2\/product_brand?post=54748"},{"taxonomy":"product_model","embeddable":true,"href":"https:\/\/vmsport.fi\/sv\/wp-json\/wp\/v2\/product_model?post=54748"},{"taxonomy":"product_cat","embeddable":true,"href":"https:\/\/vmsport.fi\/sv\/wp-json\/wp\/v2\/product_cat?post=54748"},{"taxonomy":"product_tag","embeddable":true,"href":"https:\/\/vmsport.fi\/sv\/wp-json\/wp\/v2\/product_tag?post=54748"},{"taxonomy":"industry_terminology","embeddable":true,"href":"https:\/\/vmsport.fi\/sv\/wp-json\/wp\/v2\/industry-terminology?post=54748"}],"curies":[{"name":"wp","href":"https:\/\/api.w.org\/{rel}","templated":true}]}}