{"id":54743,"date":"2025-03-05T23:56:43","date_gmt":"2025-03-05T21:56:43","guid":{"rendered":"https:\/\/vmsport.fi\/verkkokauppa\/Ei-luokiteltu\/electra-plasket-basket\/"},"modified":"2026-04-02T13:56:35","modified_gmt":"2026-04-02T10:56:35","slug":"electra-plastkorg","status":"publish","type":"product","link":"https:\/\/vmsport.fi\/sv\/verkkokauppa\/tarvikkeet\/laukut\/korit\/electra-plasket-basket\/","title":{"rendered":"Electra Plasket Korg"},"content":{"rendered":"<p>Electra Plasket Basket \u00e4r en milj\u00f6v\u00e4nlig korg tillverkad av h\u00e5llbar, \u00e5tervunnen marinplast. Korgen har utformats med milj\u00f6v\u00e4nlighet och h\u00e5llbarhet i \u00e5tanke. Med en kapacitet p\u00e5 27 liter erbjuder den gott om utrymme f\u00f6r transport av f\u00f6rem\u00e5l, vilket g\u00f6r den till en praktisk l\u00f6sning f\u00f6r vardagens behov. Korgen f\u00e4sts enkelt p\u00e5 22,2 mm-styret med ett praktiskt sn\u00e4ppf\u00e4ste och kan enkelt tas loss f\u00f6r att transporteras med dig. Korgen finns i fyra vackra f\u00e4rger: lunar grey, mint, orange och vit. Det h\u00e4r \u00e4r ett utm\u00e4rkt val f\u00f6r dig som v\u00e4rdes\u00e4tter b\u00e5de praktiska egenskaper och milj\u00f6ansvar.<\/p>","protected":false},"excerpt":{"rendered":"<p>Electra Plasket Basket on ymp\u00e4rist\u00f6yst\u00e4v\u00e4llinen kori, joka on valmistettu kest\u00e4v\u00e4st\u00e4, kierr\u00e4tetyst\u00e4 merimuovista. Korin suunnittelussa on panostettu ekologisuuteen ja kest\u00e4vyyteen. 27 litran tilavuus tarjoaa runsaasti tilaa esineiden kuljetukseen, mik\u00e4 tekee siit\u00e4 k\u00e4yt\u00e4nn\u00f6llisen ratkaisun arjen tarpeisiin. Kori kiinnittyy helposti 22,2 mm ohjaustankoon k\u00e4tev\u00e4ll\u00e4 napsautuskiinnikkeell\u00e4 ja voidaan vaivattomasti irrottaa, jotta voit kantaa sit\u00e4 mukanasi. Kori on saatavilla nelj\u00e4ss\u00e4 [&#8230;]<\/p>\n<p><a class=\"btn btn-secondary understrap-read-more-link\" href=\"https:\/\/vmsport.fi\/sv\/verkkokauppa\/tarvikkeet\/laukut\/korit\/electra-plasket-basket\/\">L\u00e4s mer \u2026<span class=\"screen-reader-text\"> from Electra Plasket Basket<\/span><\/a><\/p>\n","protected":false},"featured_media":54742,"comment_status":"open","ping_status":"closed","template":"","meta":{"_acf_changed":false,"_improvement_type_select":"improve_an_existing","_thumb_yes_seoaic":false,"_frame_yes_seoaic":false,"seoaic_generate_description":"","seoaic_improve_instructions_prompt":"","seoaic_rollback_content_improvement":"","seoaic_idea_thumbnail_generator":"","thumbnail_generated":false,"thumbnail_generate_prompt":"","seoaic_article_description":"","_supplier_stock_quantity":0},"product_brand":[40],"product_model":[],"product_cat":[9596],"product_tag":[],"industry-terminology":[],"class_list":{"0":"post-54743","1":"product","2":"type-product","3":"status-publish","4":"has-post-thumbnail","6":"product_brand-electra","7":"product_cat-korit","9":"first","10":"instock","11":"sale","12":"taxable","13":"shipping-taxable","14":"purchasable","15":"product-type-variable"},"acf":{"bike_features":null,"overview":{"copy_overview":null,"key_features":null,"statement":"","youtube_url":""}},"yoast_head":"<!-- This site is optimized with the Yoast SEO plugin v27.3 - https:\/\/yoast.com\/product\/yoast-seo-wordpress\/ -->\n<title>Electra Plasket Basket - VM Sport<\/title>\n<meta name=\"robots\" content=\"index, follow, max-snippet:-1, max-image-preview:large, max-video-preview:-1\" \/>\n<link rel=\"canonical\" href=\"https:\/\/vmsport.fi\/sv\/webbutik\/tillbehor\/vaskor\/korit\/electra-plastkorg\/\" \/>\n<meta property=\"og:locale\" content=\"sv_SE\" \/>\n<meta property=\"og:type\" content=\"article\" \/>\n<meta property=\"og:title\" content=\"Electra Plasket Basket - VM Sport\" \/>\n<meta property=\"og:description\" content=\"Electra Plasket Basket on ymp\u00e4rist\u00f6yst\u00e4v\u00e4llinen kori, joka on valmistettu kest\u00e4v\u00e4st\u00e4, kierr\u00e4tetyst\u00e4 merimuovista. Korin suunnittelussa on panostettu ekologisuuteen ja kest\u00e4vyyteen. 27 litran tilavuus tarjoaa runsaasti tilaa esineiden kuljetukseen, mik\u00e4 tekee siit\u00e4 k\u00e4yt\u00e4nn\u00f6llisen ratkaisun arjen tarpeisiin. Kori kiinnittyy helposti 22,2 mm ohjaustankoon k\u00e4tev\u00e4ll\u00e4 napsautuskiinnikkeell\u00e4 ja voidaan vaivattomasti irrottaa, jotta voit kantaa sit\u00e4 mukanasi. Kori on saatavilla nelj\u00e4ss\u00e4 [...]L\u00e4s mer \u2026 from Electra Plasket Basket\" \/>\n<meta property=\"og:url\" content=\"https:\/\/vmsport.fi\/sv\/webbutik\/tillbehor\/vaskor\/korit\/electra-plastkorg\/\" \/>\n<meta property=\"og:site_name\" content=\"VM Sport\" \/>\n<meta property=\"article:publisher\" content=\"https:\/\/www.facebook.com\/Vmsport.fi\/\" \/>\n<meta property=\"article:modified_time\" content=\"2026-04-02T10:56:35+00:00\" \/>\n<meta property=\"og:image\" content=\"https:\/\/vmsport.fi\/wp-content\/uploads\/2025\/03\/A5g2vfAbIxp1XtOwjDTecHUqayyzA3oXLn3RiJbzS2rhGfUbR5-1.jpg\" \/>\n\t<meta property=\"og:image:width\" content=\"1000\" \/>\n\t<meta property=\"og:image:height\" content=\"540\" \/>\n\t<meta property=\"og:image:type\" content=\"image\/jpeg\" \/>\n<meta name=\"twitter:card\" content=\"summary_large_image\" \/>\n<script type=\"application\/ld+json\" class=\"yoast-schema-graph\">{\"@context\":\"https:\\\/\\\/schema.org\",\"@graph\":[{\"@type\":[\"WebPage\",\"ItemPage\"],\"@id\":\"https:\\\/\\\/vmsport.fi\\\/verkkokauppa\\\/tarvikkeet\\\/laukut\\\/korit\\\/electra-plasket-basket\\\/\",\"url\":\"https:\\\/\\\/vmsport.fi\\\/verkkokauppa\\\/tarvikkeet\\\/laukut\\\/korit\\\/electra-plasket-basket\\\/\",\"name\":\"Electra Plasket Basket - VM Sport\",\"isPartOf\":{\"@id\":\"https:\\\/\\\/vmsport.fi\\\/#website\"},\"primaryImageOfPage\":{\"@id\":\"https:\\\/\\\/vmsport.fi\\\/verkkokauppa\\\/tarvikkeet\\\/laukut\\\/korit\\\/electra-plasket-basket\\\/#primaryimage\"},\"image\":{\"@id\":\"https:\\\/\\\/vmsport.fi\\\/verkkokauppa\\\/tarvikkeet\\\/laukut\\\/korit\\\/electra-plasket-basket\\\/#primaryimage\"},\"thumbnailUrl\":\"https:\\\/\\\/vmsport.fi\\\/wp-content\\\/uploads\\\/2025\\\/03\\\/A5g2vfAbIxp1XtOwjDTecHUqayyzA3oXLn3RiJbzS2rhGfUbR5-1.jpg\",\"datePublished\":\"2025-03-05T21:56:43+00:00\",\"dateModified\":\"2026-04-02T10:56:35+00:00\",\"breadcrumb\":{\"@id\":\"https:\\\/\\\/vmsport.fi\\\/verkkokauppa\\\/tarvikkeet\\\/laukut\\\/korit\\\/electra-plasket-basket\\\/#breadcrumb\"},\"inLanguage\":\"sv-SE\",\"potentialAction\":[{\"@type\":\"ReadAction\",\"target\":[\"https:\\\/\\\/vmsport.fi\\\/verkkokauppa\\\/tarvikkeet\\\/laukut\\\/korit\\\/electra-plasket-basket\\\/\"]}]},{\"@type\":\"ImageObject\",\"inLanguage\":\"sv-SE\",\"@id\":\"https:\\\/\\\/vmsport.fi\\\/verkkokauppa\\\/tarvikkeet\\\/laukut\\\/korit\\\/electra-plasket-basket\\\/#primaryimage\",\"url\":\"https:\\\/\\\/vmsport.fi\\\/wp-content\\\/uploads\\\/2025\\\/03\\\/A5g2vfAbIxp1XtOwjDTecHUqayyzA3oXLn3RiJbzS2rhGfUbR5-1.jpg\",\"contentUrl\":\"https:\\\/\\\/vmsport.fi\\\/wp-content\\\/uploads\\\/2025\\\/03\\\/A5g2vfAbIxp1XtOwjDTecHUqayyzA3oXLn3RiJbzS2rhGfUbR5-1.jpg\",\"width\":1000,\"height\":540,\"caption\":\"A5g2vfAbIxp1XtOwjDTecHUqayyzA3oXLn3RiJbzS2rhGfUbR5\"},{\"@type\":\"BreadcrumbList\",\"@id\":\"https:\\\/\\\/vmsport.fi\\\/verkkokauppa\\\/tarvikkeet\\\/laukut\\\/korit\\\/electra-plasket-basket\\\/#breadcrumb\",\"itemListElement\":[{\"@type\":\"ListItem\",\"position\":1,\"name\":\"Etusivu\",\"item\":\"https:\\\/\\\/vmsport.fi\\\/\"},{\"@type\":\"ListItem\",\"position\":2,\"name\":\"Online Store\",\"item\":\"https:\\\/\\\/vmsport.fi\\\/en\\\/online-store\\\/\"},{\"@type\":\"ListItem\",\"position\":3,\"name\":\"Electra Plasket Basket\"}]},{\"@type\":\"WebSite\",\"@id\":\"https:\\\/\\\/vmsport.fi\\\/#website\",\"url\":\"https:\\\/\\\/vmsport.fi\\\/\",\"name\":\"Vmsport\",\"description\":\"Kaikki py\u00f6r\u00e4ilyyn yhdest\u00e4 paikasta\",\"publisher\":{\"@id\":\"https:\\\/\\\/vmsport.fi\\\/#organization\"},\"potentialAction\":[{\"@type\":\"SearchAction\",\"target\":{\"@type\":\"EntryPoint\",\"urlTemplate\":\"https:\\\/\\\/vmsport.fi\\\/?s={search_term_string}\"},\"query-input\":{\"@type\":\"PropertyValueSpecification\",\"valueRequired\":true,\"valueName\":\"search_term_string\"}}],\"inLanguage\":\"sv-SE\"},{\"@type\":\"Organization\",\"@id\":\"https:\\\/\\\/vmsport.fi\\\/#organization\",\"name\":\"Vmsport\",\"url\":\"https:\\\/\\\/vmsport.fi\\\/\",\"logo\":{\"@type\":\"ImageObject\",\"inLanguage\":\"sv-SE\",\"@id\":\"https:\\\/\\\/vmsport.fi\\\/#\\\/schema\\\/logo\\\/image\\\/\",\"url\":\"https:\\\/\\\/vmsport.fi\\\/wp-content\\\/uploads\\\/2024\\\/12\\\/vm_sport_RGB_horisontal-e1734526017575.png\",\"contentUrl\":\"https:\\\/\\\/vmsport.fi\\\/wp-content\\\/uploads\\\/2024\\\/12\\\/vm_sport_RGB_horisontal-e1734526017575.png\",\"width\":668,\"height\":85,\"caption\":\"Vmsport\"},\"image\":{\"@id\":\"https:\\\/\\\/vmsport.fi\\\/#\\\/schema\\\/logo\\\/image\\\/\"},\"sameAs\":[\"https:\\\/\\\/www.facebook.com\\\/Vmsport.fi\\\/\",\"https:\\\/\\\/www.instagram.com\\\/vmsport\\\/\"]}]}<\/script>\n<!-- \/ Yoast SEO plugin. -->","yoast_head_json":{"title":"Electra korg f\u00f6r packning - VM Sport","robots":{"index":"index","follow":"follow","max-snippet":"max-snippet:-1","max-image-preview":"max-image-preview:large","max-video-preview":"max-video-preview:-1"},"canonical":"https:\/\/vmsport.fi\/sv\/webbutik\/tillbehor\/vaskor\/korit\/electra-plastkorg\/","og_locale":"sv_SE","og_type":"article","og_title":"Electra Plasket Basket - VM Sport","og_description":"Electra Plasket Basket on ymp\u00e4rist\u00f6yst\u00e4v\u00e4llinen kori, joka on valmistettu kest\u00e4v\u00e4st\u00e4, kierr\u00e4tetyst\u00e4 merimuovista. Korin suunnittelussa on panostettu ekologisuuteen ja kest\u00e4vyyteen. 27 litran tilavuus tarjoaa runsaasti tilaa esineiden kuljetukseen, mik\u00e4 tekee siit\u00e4 k\u00e4yt\u00e4nn\u00f6llisen ratkaisun arjen tarpeisiin. Kori kiinnittyy helposti 22,2 mm ohjaustankoon k\u00e4tev\u00e4ll\u00e4 napsautuskiinnikkeell\u00e4 ja voidaan vaivattomasti irrottaa, jotta voit kantaa sit\u00e4 mukanasi. Kori on saatavilla nelj\u00e4ss\u00e4 [...]L\u00e4s mer \u2026 from Electra Plasket Basket","og_url":"https:\/\/vmsport.fi\/sv\/webbutik\/tillbehor\/vaskor\/korit\/electra-plastkorg\/","og_site_name":"VM Sport","article_publisher":"https:\/\/www.facebook.com\/Vmsport.fi\/","article_modified_time":"2026-04-02T10:56:35+00:00","og_image":[{"width":1000,"height":540,"url":"https:\/\/vmsport.fi\/wp-content\/uploads\/2025\/03\/A5g2vfAbIxp1XtOwjDTecHUqayyzA3oXLn3RiJbzS2rhGfUbR5-1.jpg","type":"image\/jpeg"}],"twitter_card":"summary_large_image","schema":{"@context":"https:\/\/schema.org","@graph":[{"@type":["WebPage","ItemPage"],"@id":"https:\/\/vmsport.fi\/verkkokauppa\/tarvikkeet\/laukut\/korit\/electra-plasket-basket\/","url":"https:\/\/vmsport.fi\/verkkokauppa\/tarvikkeet\/laukut\/korit\/electra-plasket-basket\/","name":"Electra korg f\u00f6r packning - VM Sport","isPartOf":{"@id":"https:\/\/vmsport.fi\/#website"},"primaryImageOfPage":{"@id":"https:\/\/vmsport.fi\/verkkokauppa\/tarvikkeet\/laukut\/korit\/electra-plasket-basket\/#primaryimage"},"image":{"@id":"https:\/\/vmsport.fi\/verkkokauppa\/tarvikkeet\/laukut\/korit\/electra-plasket-basket\/#primaryimage"},"thumbnailUrl":"https:\/\/vmsport.fi\/wp-content\/uploads\/2025\/03\/A5g2vfAbIxp1XtOwjDTecHUqayyzA3oXLn3RiJbzS2rhGfUbR5-1.jpg","datePublished":"2025-03-05T21:56:43+00:00","dateModified":"2026-04-02T10:56:35+00:00","breadcrumb":{"@id":"https:\/\/vmsport.fi\/verkkokauppa\/tarvikkeet\/laukut\/korit\/electra-plasket-basket\/#breadcrumb"},"inLanguage":"sv-SE","potentialAction":[{"@type":"ReadAction","target":["https:\/\/vmsport.fi\/verkkokauppa\/tarvikkeet\/laukut\/korit\/electra-plasket-basket\/"]}]},{"@type":"ImageObject","inLanguage":"sv-SE","@id":"https:\/\/vmsport.fi\/verkkokauppa\/tarvikkeet\/laukut\/korit\/electra-plasket-basket\/#primaryimage","url":"https:\/\/vmsport.fi\/wp-content\/uploads\/2025\/03\/A5g2vfAbIxp1XtOwjDTecHUqayyzA3oXLn3RiJbzS2rhGfUbR5-1.jpg","contentUrl":"https:\/\/vmsport.fi\/wp-content\/uploads\/2025\/03\/A5g2vfAbIxp1XtOwjDTecHUqayyzA3oXLn3RiJbzS2rhGfUbR5-1.jpg","width":1000,"height":540,"caption":"A5g2vfAbIxp1XtOwjDTecHUqayyzA3oXLn3RiJbzS2rhGfUbR5"},{"@type":"BreadcrumbList","@id":"https:\/\/vmsport.fi\/verkkokauppa\/tarvikkeet\/laukut\/korit\/electra-plasket-basket\/#breadcrumb","itemListElement":[{"@type":"ListItem","position":1,"name":"Etusivu","item":"https:\/\/vmsport.fi\/"},{"@type":"ListItem","position":2,"name":"Online Store","item":"https:\/\/vmsport.fi\/en\/online-store\/"},{"@type":"ListItem","position":3,"name":"Electra Plasket Basket"}]},{"@type":"WebSite","@id":"https:\/\/vmsport.fi\/#website","url":"https:\/\/vmsport.fi\/","name":"Vmsport","description":"Allt p\u00e5 ett st\u00e4lle f\u00f6r cykling","publisher":{"@id":"https:\/\/vmsport.fi\/#organization"},"potentialAction":[{"@type":"SearchAction","target":{"@type":"EntryPoint","urlTemplate":"https:\/\/vmsport.fi\/?s={search_term_string}"},"query-input":{"@type":"PropertyValueSpecification","valueRequired":true,"valueName":"search_term_string"}}],"inLanguage":"sv-SE"},{"@type":"Organization","@id":"https:\/\/vmsport.fi\/#organization","name":"Vmsport","url":"https:\/\/vmsport.fi\/","logo":{"@type":"ImageObject","inLanguage":"sv-SE","@id":"https:\/\/vmsport.fi\/#\/schema\/logo\/image\/","url":"https:\/\/vmsport.fi\/wp-content\/uploads\/2024\/12\/vm_sport_RGB_horisontal-e1734526017575.png","contentUrl":"https:\/\/vmsport.fi\/wp-content\/uploads\/2024\/12\/vm_sport_RGB_horisontal-e1734526017575.png","width":668,"height":85,"caption":"Vmsport"},"image":{"@id":"https:\/\/vmsport.fi\/#\/schema\/logo\/image\/"},"sameAs":["https:\/\/www.facebook.com\/Vmsport.fi\/","https:\/\/www.instagram.com\/vmsport\/"]}]}},"global_unique_id":"","_links":{"self":[{"href":"https:\/\/vmsport.fi\/sv\/wp-json\/wp\/v2\/product\/54743","targetHints":{"allow":["GET"]}}],"collection":[{"href":"https:\/\/vmsport.fi\/sv\/wp-json\/wp\/v2\/product"}],"about":[{"href":"https:\/\/vmsport.fi\/sv\/wp-json\/wp\/v2\/types\/product"}],"replies":[{"embeddable":true,"href":"https:\/\/vmsport.fi\/sv\/wp-json\/wp\/v2\/comments?post=54743"}],"wp:featuredmedia":[{"embeddable":true,"href":"https:\/\/vmsport.fi\/sv\/wp-json\/wp\/v2\/media\/54742"}],"wp:attachment":[{"href":"https:\/\/vmsport.fi\/sv\/wp-json\/wp\/v2\/media?parent=54743"}],"wp:term":[{"taxonomy":"product_brand","embeddable":true,"href":"https:\/\/vmsport.fi\/sv\/wp-json\/wp\/v2\/product_brand?post=54743"},{"taxonomy":"product_model","embeddable":true,"href":"https:\/\/vmsport.fi\/sv\/wp-json\/wp\/v2\/product_model?post=54743"},{"taxonomy":"product_cat","embeddable":true,"href":"https:\/\/vmsport.fi\/sv\/wp-json\/wp\/v2\/product_cat?post=54743"},{"taxonomy":"product_tag","embeddable":true,"href":"https:\/\/vmsport.fi\/sv\/wp-json\/wp\/v2\/product_tag?post=54743"},{"taxonomy":"industry_terminology","embeddable":true,"href":"https:\/\/vmsport.fi\/sv\/wp-json\/wp\/v2\/industry-terminology?post=54743"}],"curies":[{"name":"wp","href":"https:\/\/api.w.org\/{rel}","templated":true}]}}