{"id":54735,"date":"2025-03-05T23:56:39","date_gmt":"2025-03-05T21:56:39","guid":{"rendered":"https:\/\/vmsport.fi\/verkkokauppa\/Ei-luokiteltu\/ketju-10-v-kmc-e10-ept-1-2-x-11-128-e-bike-136l-anti-rust\/"},"modified":"2026-01-16T13:21:38","modified_gmt":"2026-01-16T11:21:38","slug":"kedja-10-v-kmc-e10-ept-1-2-x-11-128-e-bike-136l-rostskydd","status":"publish","type":"product","link":"https:\/\/vmsport.fi\/sv\/verkkokauppa\/varaosat\/voimansiirto\/ketjut\/ketju-10-v-kmc-e10-ept-1-2-x-11-128-e-bike-136l-anti-rust\/","title":{"rendered":"Kedja 10-v KMC e10 EPT, 1\/2 x 11\/128\u2033, Elcykel, 136L, Rostskyddad"},"content":{"rendered":"<p>KMC e10 EPT-kedjan \u00e4r speciellt utformad f\u00f6r elcyklar och t\u00e5l h\u00f6gre effekt och vridmoment. Den \u00e4r kompatibel med Shimanos, SRAMs och Campagnolos 10-v\u00e4xlade system och passar f\u00f6r b\u00e5de landsv\u00e4gs- och mountainbikes. Kedjans utm\u00e4rkta prestanda g\u00f6r den idealisk f\u00f6r elcyklar med mittmotor och dess icke riktningsstyrda design underl\u00e4ttar installationen.<\/p>\n<p>Kedjans h\u00f6ga vridmomentmotst\u00e5nd ger effektiva v\u00e4xlingar och den f\u00f6rb\u00e4ttrade Pin-Power-f\u00f6rs\u00e4kringen garanterar tillf\u00f6rlitlig prestanda. Triple X-motst\u00e5nd ger komfort vid varje cykeltur. EcoProTeQ korrosionsskyddsteknik ger kedjan ett utm\u00e4rkt skydd mot korrosion. Kedjan m\u00e4ter 1\/2\u2033 x 11\/128\u2033 och har en l\u00e4ngd p\u00e5 136 l\u00e4nkar.<\/p>","protected":false},"excerpt":{"rendered":"<p>KMC e10 EPT -ketju on erityisesti s\u00e4hk\u00f6py\u00f6ri\u00e4 varten suunniteltu, kest\u00e4en suurempaa tehoa ja v\u00e4\u00e4nt\u00f6\u00e4. Se on yhteensopiva Shimano-, SRAM- ja Campagnolo 10-vaihteisten j\u00e4rjestelmien kanssa ja soveltuu sek\u00e4 maantie- ett\u00e4 maastopy\u00f6riin. Ketjun erinomainen suorituskyky tekee siit\u00e4 ihanteellisen keski\u00f6moottorisiin s\u00e4hk\u00f6py\u00f6riin, ja sen ei-suuntakohtainen muotoilu helpottaa asennusta. Ketjun korkea v\u00e4\u00e4nt\u00f6vastus mahdollistaa tehokkaan vaihteiden vaihdon, ja paranneltu Pin-Power-varmistus takaa [&#8230;]<\/p>\n<p><a class=\"btn btn-secondary understrap-read-more-link\" href=\"https:\/\/vmsport.fi\/sv\/verkkokauppa\/varaosat\/voimansiirto\/ketjut\/ketju-10-v-kmc-e10-ept-1-2-x-11-128-e-bike-136l-anti-rust\/\">L\u00e4s mer \u2026<span class=\"screen-reader-text\"> from Ketju 10-v KMC e10 EPT, 1\/2 x 11\/128&#8243;, E-Bike, 136L, Anti Rust<\/span><\/a><\/p>\n","protected":false},"featured_media":54734,"comment_status":"open","ping_status":"closed","template":"","meta":{"_acf_changed":false,"_improvement_type_select":"improve_an_existing","_thumb_yes_seoaic":false,"_frame_yes_seoaic":false,"seoaic_generate_description":"","seoaic_improve_instructions_prompt":"","seoaic_rollback_content_improvement":"","seoaic_idea_thumbnail_generator":"","thumbnail_generated":false,"thumbnail_generate_prompt":"","seoaic_article_description":"","_supplier_stock_quantity":0},"product_brand":[],"product_model":[],"product_cat":[9352],"product_tag":[],"industry-terminology":[],"class_list":{"0":"post-54735","1":"product","2":"type-product","3":"status-publish","4":"has-post-thumbnail","6":"product_cat-ketjut","8":"first","9":"instock","10":"taxable","11":"shipping-taxable","12":"purchasable","13":"product-type-simple"},"acf":{"bike_features":null,"overview":{"copy_overview":null,"key_features":null,"statement":"","youtube_url":""}},"yoast_head":"<!-- This site is optimized with the Yoast SEO plugin v27.3 - https:\/\/yoast.com\/product\/yoast-seo-wordpress\/ -->\n<title>Ketju 10-v KMC e10 EPT, 1\/2 x 11\/128&quot;, E-Bike, 136L, Anti Rust - VM Sport<\/title>\n<meta name=\"robots\" content=\"index, follow, max-snippet:-1, max-image-preview:large, max-video-preview:-1\" \/>\n<link rel=\"canonical\" href=\"https:\/\/vmsport.fi\/sv\/webbutik\/reservdelar\/transmission\/kedjor\/kedja-10-v-kmc-e10-ept-1-2-x-11-128-e-bike-136l-rostskydd\/\" \/>\n<meta property=\"og:locale\" content=\"sv_SE\" \/>\n<meta property=\"og:type\" content=\"article\" \/>\n<meta property=\"og:title\" content=\"Ketju 10-v KMC e10 EPT, 1\/2 x 11\/128&quot;, E-Bike, 136L, Anti Rust - VM Sport\" \/>\n<meta property=\"og:description\" content=\"KMC e10 EPT -ketju on erityisesti s\u00e4hk\u00f6py\u00f6ri\u00e4 varten suunniteltu, kest\u00e4en suurempaa tehoa ja v\u00e4\u00e4nt\u00f6\u00e4. Se on yhteensopiva Shimano-, SRAM- ja Campagnolo 10-vaihteisten j\u00e4rjestelmien kanssa ja soveltuu sek\u00e4 maantie- ett\u00e4 maastopy\u00f6riin. Ketjun erinomainen suorituskyky tekee siit\u00e4 ihanteellisen keski\u00f6moottorisiin s\u00e4hk\u00f6py\u00f6riin, ja sen ei-suuntakohtainen muotoilu helpottaa asennusta. Ketjun korkea v\u00e4\u00e4nt\u00f6vastus mahdollistaa tehokkaan vaihteiden vaihdon, ja paranneltu Pin-Power-varmistus takaa [...]L\u00e4s mer \u2026 from Ketju 10-v KMC e10 EPT, 1\/2 x 11\/128&#8243;, E-Bike, 136L, Anti Rust\" \/>\n<meta property=\"og:url\" content=\"https:\/\/vmsport.fi\/sv\/webbutik\/reservdelar\/transmission\/kedjor\/kedja-10-v-kmc-e10-ept-1-2-x-11-128-e-bike-136l-rostskydd\/\" \/>\n<meta property=\"og:site_name\" content=\"VM Sport\" \/>\n<meta property=\"article:publisher\" content=\"https:\/\/www.facebook.com\/Vmsport.fi\/\" \/>\n<meta property=\"article:modified_time\" content=\"2026-01-16T11:21:38+00:00\" \/>\n<meta property=\"og:image\" content=\"https:\/\/vmsport.fi\/wp-content\/uploads\/2025\/03\/be10tep36-1.jpg\" \/>\n\t<meta property=\"og:image:width\" content=\"1000\" \/>\n\t<meta property=\"og:image:height\" content=\"1000\" \/>\n\t<meta property=\"og:image:type\" content=\"image\/jpeg\" \/>\n<meta name=\"twitter:card\" content=\"summary_large_image\" \/>\n<script type=\"application\/ld+json\" class=\"yoast-schema-graph\">{\"@context\":\"https:\\\/\\\/schema.org\",\"@graph\":[{\"@type\":[\"WebPage\",\"ItemPage\"],\"@id\":\"https:\\\/\\\/vmsport.fi\\\/verkkokauppa\\\/varaosat\\\/voimansiirto\\\/ketjut\\\/ketju-10-v-kmc-e10-ept-1-2-x-11-128-e-bike-136l-anti-rust\\\/\",\"url\":\"https:\\\/\\\/vmsport.fi\\\/verkkokauppa\\\/varaosat\\\/voimansiirto\\\/ketjut\\\/ketju-10-v-kmc-e10-ept-1-2-x-11-128-e-bike-136l-anti-rust\\\/\",\"name\":\"Ketju 10-v KMC e10 EPT, 1\\\/2 x 11\\\/128\\\", E-Bike, 136L, Anti Rust - VM Sport\",\"isPartOf\":{\"@id\":\"https:\\\/\\\/vmsport.fi\\\/#website\"},\"primaryImageOfPage\":{\"@id\":\"https:\\\/\\\/vmsport.fi\\\/verkkokauppa\\\/varaosat\\\/voimansiirto\\\/ketjut\\\/ketju-10-v-kmc-e10-ept-1-2-x-11-128-e-bike-136l-anti-rust\\\/#primaryimage\"},\"image\":{\"@id\":\"https:\\\/\\\/vmsport.fi\\\/verkkokauppa\\\/varaosat\\\/voimansiirto\\\/ketjut\\\/ketju-10-v-kmc-e10-ept-1-2-x-11-128-e-bike-136l-anti-rust\\\/#primaryimage\"},\"thumbnailUrl\":\"https:\\\/\\\/vmsport.fi\\\/wp-content\\\/uploads\\\/2025\\\/03\\\/be10tep36-1.jpg\",\"datePublished\":\"2025-03-05T21:56:39+00:00\",\"dateModified\":\"2026-01-16T11:21:38+00:00\",\"breadcrumb\":{\"@id\":\"https:\\\/\\\/vmsport.fi\\\/verkkokauppa\\\/varaosat\\\/voimansiirto\\\/ketjut\\\/ketju-10-v-kmc-e10-ept-1-2-x-11-128-e-bike-136l-anti-rust\\\/#breadcrumb\"},\"inLanguage\":\"sv-SE\",\"potentialAction\":[{\"@type\":\"ReadAction\",\"target\":[\"https:\\\/\\\/vmsport.fi\\\/verkkokauppa\\\/varaosat\\\/voimansiirto\\\/ketjut\\\/ketju-10-v-kmc-e10-ept-1-2-x-11-128-e-bike-136l-anti-rust\\\/\"]}]},{\"@type\":\"ImageObject\",\"inLanguage\":\"sv-SE\",\"@id\":\"https:\\\/\\\/vmsport.fi\\\/verkkokauppa\\\/varaosat\\\/voimansiirto\\\/ketjut\\\/ketju-10-v-kmc-e10-ept-1-2-x-11-128-e-bike-136l-anti-rust\\\/#primaryimage\",\"url\":\"https:\\\/\\\/vmsport.fi\\\/wp-content\\\/uploads\\\/2025\\\/03\\\/be10tep36-1.jpg\",\"contentUrl\":\"https:\\\/\\\/vmsport.fi\\\/wp-content\\\/uploads\\\/2025\\\/03\\\/be10tep36-1.jpg\",\"width\":1000,\"height\":1000,\"caption\":\"be10tep36\"},{\"@type\":\"BreadcrumbList\",\"@id\":\"https:\\\/\\\/vmsport.fi\\\/verkkokauppa\\\/varaosat\\\/voimansiirto\\\/ketjut\\\/ketju-10-v-kmc-e10-ept-1-2-x-11-128-e-bike-136l-anti-rust\\\/#breadcrumb\",\"itemListElement\":[{\"@type\":\"ListItem\",\"position\":1,\"name\":\"Etusivu\",\"item\":\"https:\\\/\\\/vmsport.fi\\\/\"},{\"@type\":\"ListItem\",\"position\":2,\"name\":\"Online Store\",\"item\":\"https:\\\/\\\/vmsport.fi\\\/en\\\/online-store\\\/\"},{\"@type\":\"ListItem\",\"position\":3,\"name\":\"Ketju 10-v KMC e10 EPT, 1\\\/2 x 11\\\/128&#8243;, E-Bike, 136L, Anti Rust\"}]},{\"@type\":\"WebSite\",\"@id\":\"https:\\\/\\\/vmsport.fi\\\/#website\",\"url\":\"https:\\\/\\\/vmsport.fi\\\/\",\"name\":\"Vmsport\",\"description\":\"Kaikki py\u00f6r\u00e4ilyyn yhdest\u00e4 paikasta\",\"publisher\":{\"@id\":\"https:\\\/\\\/vmsport.fi\\\/#organization\"},\"potentialAction\":[{\"@type\":\"SearchAction\",\"target\":{\"@type\":\"EntryPoint\",\"urlTemplate\":\"https:\\\/\\\/vmsport.fi\\\/?s={search_term_string}\"},\"query-input\":{\"@type\":\"PropertyValueSpecification\",\"valueRequired\":true,\"valueName\":\"search_term_string\"}}],\"inLanguage\":\"sv-SE\"},{\"@type\":\"Organization\",\"@id\":\"https:\\\/\\\/vmsport.fi\\\/#organization\",\"name\":\"Vmsport\",\"url\":\"https:\\\/\\\/vmsport.fi\\\/\",\"logo\":{\"@type\":\"ImageObject\",\"inLanguage\":\"sv-SE\",\"@id\":\"https:\\\/\\\/vmsport.fi\\\/#\\\/schema\\\/logo\\\/image\\\/\",\"url\":\"https:\\\/\\\/vmsport.fi\\\/wp-content\\\/uploads\\\/2024\\\/12\\\/vm_sport_RGB_horisontal-e1734526017575.png\",\"contentUrl\":\"https:\\\/\\\/vmsport.fi\\\/wp-content\\\/uploads\\\/2024\\\/12\\\/vm_sport_RGB_horisontal-e1734526017575.png\",\"width\":668,\"height\":85,\"caption\":\"Vmsport\"},\"image\":{\"@id\":\"https:\\\/\\\/vmsport.fi\\\/#\\\/schema\\\/logo\\\/image\\\/\"},\"sameAs\":[\"https:\\\/\\\/www.facebook.com\\\/Vmsport.fi\\\/\",\"https:\\\/\\\/www.instagram.com\\\/vmsport\\\/\"]}]}<\/script>\n<!-- \/ Yoast SEO plugin. -->","yoast_head_json":{"title":"Kedja 10-v KMC e10 EPT, 1\/2 x 11\/128\", Elcykel, 136L, Rostskyddad - VM Sport","robots":{"index":"index","follow":"follow","max-snippet":"max-snippet:-1","max-image-preview":"max-image-preview:large","max-video-preview":"max-video-preview:-1"},"canonical":"https:\/\/vmsport.fi\/sv\/webbutik\/reservdelar\/transmission\/kedjor\/kedja-10-v-kmc-e10-ept-1-2-x-11-128-e-bike-136l-rostskydd\/","og_locale":"sv_SE","og_type":"article","og_title":"Ketju 10-v KMC e10 EPT, 1\/2 x 11\/128\", E-Bike, 136L, Anti Rust - VM Sport","og_description":"KMC e10 EPT -ketju on erityisesti s\u00e4hk\u00f6py\u00f6ri\u00e4 varten suunniteltu, kest\u00e4en suurempaa tehoa ja v\u00e4\u00e4nt\u00f6\u00e4. Se on yhteensopiva Shimano-, SRAM- ja Campagnolo 10-vaihteisten j\u00e4rjestelmien kanssa ja soveltuu sek\u00e4 maantie- ett\u00e4 maastopy\u00f6riin. Ketjun erinomainen suorituskyky tekee siit\u00e4 ihanteellisen keski\u00f6moottorisiin s\u00e4hk\u00f6py\u00f6riin, ja sen ei-suuntakohtainen muotoilu helpottaa asennusta. Ketjun korkea v\u00e4\u00e4nt\u00f6vastus mahdollistaa tehokkaan vaihteiden vaihdon, ja paranneltu Pin-Power-varmistus takaa [...]L\u00e4s mer \u2026 from Ketju 10-v KMC e10 EPT, 1\/2 x 11\/128&#8243;, E-Bike, 136L, Anti Rust","og_url":"https:\/\/vmsport.fi\/sv\/webbutik\/reservdelar\/transmission\/kedjor\/kedja-10-v-kmc-e10-ept-1-2-x-11-128-e-bike-136l-rostskydd\/","og_site_name":"VM Sport","article_publisher":"https:\/\/www.facebook.com\/Vmsport.fi\/","article_modified_time":"2026-01-16T11:21:38+00:00","og_image":[{"width":1000,"height":1000,"url":"https:\/\/vmsport.fi\/wp-content\/uploads\/2025\/03\/be10tep36-1.jpg","type":"image\/jpeg"}],"twitter_card":"summary_large_image","schema":{"@context":"https:\/\/schema.org","@graph":[{"@type":["WebPage","ItemPage"],"@id":"https:\/\/vmsport.fi\/verkkokauppa\/varaosat\/voimansiirto\/ketjut\/ketju-10-v-kmc-e10-ept-1-2-x-11-128-e-bike-136l-anti-rust\/","url":"https:\/\/vmsport.fi\/verkkokauppa\/varaosat\/voimansiirto\/ketjut\/ketju-10-v-kmc-e10-ept-1-2-x-11-128-e-bike-136l-anti-rust\/","name":"Kedja 10-v KMC e10 EPT, 1\/2 x 11\/128\", Elcykel, 136L, Rostskyddad - VM Sport","isPartOf":{"@id":"https:\/\/vmsport.fi\/#website"},"primaryImageOfPage":{"@id":"https:\/\/vmsport.fi\/verkkokauppa\/varaosat\/voimansiirto\/ketjut\/ketju-10-v-kmc-e10-ept-1-2-x-11-128-e-bike-136l-anti-rust\/#primaryimage"},"image":{"@id":"https:\/\/vmsport.fi\/verkkokauppa\/varaosat\/voimansiirto\/ketjut\/ketju-10-v-kmc-e10-ept-1-2-x-11-128-e-bike-136l-anti-rust\/#primaryimage"},"thumbnailUrl":"https:\/\/vmsport.fi\/wp-content\/uploads\/2025\/03\/be10tep36-1.jpg","datePublished":"2025-03-05T21:56:39+00:00","dateModified":"2026-01-16T11:21:38+00:00","breadcrumb":{"@id":"https:\/\/vmsport.fi\/verkkokauppa\/varaosat\/voimansiirto\/ketjut\/ketju-10-v-kmc-e10-ept-1-2-x-11-128-e-bike-136l-anti-rust\/#breadcrumb"},"inLanguage":"sv-SE","potentialAction":[{"@type":"ReadAction","target":["https:\/\/vmsport.fi\/verkkokauppa\/varaosat\/voimansiirto\/ketjut\/ketju-10-v-kmc-e10-ept-1-2-x-11-128-e-bike-136l-anti-rust\/"]}]},{"@type":"ImageObject","inLanguage":"sv-SE","@id":"https:\/\/vmsport.fi\/verkkokauppa\/varaosat\/voimansiirto\/ketjut\/ketju-10-v-kmc-e10-ept-1-2-x-11-128-e-bike-136l-anti-rust\/#primaryimage","url":"https:\/\/vmsport.fi\/wp-content\/uploads\/2025\/03\/be10tep36-1.jpg","contentUrl":"https:\/\/vmsport.fi\/wp-content\/uploads\/2025\/03\/be10tep36-1.jpg","width":1000,"height":1000,"caption":"be10tep36"},{"@type":"BreadcrumbList","@id":"https:\/\/vmsport.fi\/verkkokauppa\/varaosat\/voimansiirto\/ketjut\/ketju-10-v-kmc-e10-ept-1-2-x-11-128-e-bike-136l-anti-rust\/#breadcrumb","itemListElement":[{"@type":"ListItem","position":1,"name":"Etusivu","item":"https:\/\/vmsport.fi\/"},{"@type":"ListItem","position":2,"name":"Online Store","item":"https:\/\/vmsport.fi\/en\/online-store\/"},{"@type":"ListItem","position":3,"name":"Ketju 10-v KMC e10 EPT, 1\/2 x 11\/128&#8243;, E-Bike, 136L, Anti Rust"}]},{"@type":"WebSite","@id":"https:\/\/vmsport.fi\/#website","url":"https:\/\/vmsport.fi\/","name":"Vmsport","description":"Allt p\u00e5 ett st\u00e4lle f\u00f6r cykling","publisher":{"@id":"https:\/\/vmsport.fi\/#organization"},"potentialAction":[{"@type":"SearchAction","target":{"@type":"EntryPoint","urlTemplate":"https:\/\/vmsport.fi\/?s={search_term_string}"},"query-input":{"@type":"PropertyValueSpecification","valueRequired":true,"valueName":"search_term_string"}}],"inLanguage":"sv-SE"},{"@type":"Organization","@id":"https:\/\/vmsport.fi\/#organization","name":"Vmsport","url":"https:\/\/vmsport.fi\/","logo":{"@type":"ImageObject","inLanguage":"sv-SE","@id":"https:\/\/vmsport.fi\/#\/schema\/logo\/image\/","url":"https:\/\/vmsport.fi\/wp-content\/uploads\/2024\/12\/vm_sport_RGB_horisontal-e1734526017575.png","contentUrl":"https:\/\/vmsport.fi\/wp-content\/uploads\/2024\/12\/vm_sport_RGB_horisontal-e1734526017575.png","width":668,"height":85,"caption":"Vmsport"},"image":{"@id":"https:\/\/vmsport.fi\/#\/schema\/logo\/image\/"},"sameAs":["https:\/\/www.facebook.com\/Vmsport.fi\/","https:\/\/www.instagram.com\/vmsport\/"]}]}},"global_unique_id":"","_links":{"self":[{"href":"https:\/\/vmsport.fi\/sv\/wp-json\/wp\/v2\/product\/54735","targetHints":{"allow":["GET"]}}],"collection":[{"href":"https:\/\/vmsport.fi\/sv\/wp-json\/wp\/v2\/product"}],"about":[{"href":"https:\/\/vmsport.fi\/sv\/wp-json\/wp\/v2\/types\/product"}],"replies":[{"embeddable":true,"href":"https:\/\/vmsport.fi\/sv\/wp-json\/wp\/v2\/comments?post=54735"}],"wp:featuredmedia":[{"embeddable":true,"href":"https:\/\/vmsport.fi\/sv\/wp-json\/wp\/v2\/media\/54734"}],"wp:attachment":[{"href":"https:\/\/vmsport.fi\/sv\/wp-json\/wp\/v2\/media?parent=54735"}],"wp:term":[{"taxonomy":"product_brand","embeddable":true,"href":"https:\/\/vmsport.fi\/sv\/wp-json\/wp\/v2\/product_brand?post=54735"},{"taxonomy":"product_model","embeddable":true,"href":"https:\/\/vmsport.fi\/sv\/wp-json\/wp\/v2\/product_model?post=54735"},{"taxonomy":"product_cat","embeddable":true,"href":"https:\/\/vmsport.fi\/sv\/wp-json\/wp\/v2\/product_cat?post=54735"},{"taxonomy":"product_tag","embeddable":true,"href":"https:\/\/vmsport.fi\/sv\/wp-json\/wp\/v2\/product_tag?post=54735"},{"taxonomy":"industry_terminology","embeddable":true,"href":"https:\/\/vmsport.fi\/sv\/wp-json\/wp\/v2\/industry-terminology?post=54735"}],"curies":[{"name":"wp","href":"https:\/\/api.w.org\/{rel}","templated":true}]}}