{"id":54723,"date":"2025-03-05T23:56:33","date_gmt":"2025-03-05T21:56:33","guid":{"rendered":"https:\/\/vmsport.fi\/verkkokauppa\/Ei-luokiteltu\/xlc-stem-st-m30-90-mm-30-to-40\/"},"modified":"2026-04-22T15:10:39","modified_gmt":"2026-04-22T12:10:39","slug":"xlc-skaft-st-m30-90-mm-30-till-40","status":"publish","type":"product","link":"https:\/\/vmsport.fi\/sv\/verkkokauppa\/varaosat\/ohjaamo\/ohjainkannattimet\/xlc-stem-st-m30-90-mm-30-to-40\/","title":{"rendered":"XLC Spindel ST-M30 90 mm -30\u00b0 till 40\u00b0"},"content":{"rendered":"<p>XLC ST-M30 styrf\u00e4ste \u00e4r en cykelkomponent som g\u00f6r att du kan anpassa din k\u00f6rupplevelse tack vare en justerbar vinkel fr\u00e5n -30\u00b0 till 40\u00b0. Det h\u00e4r styrf\u00e4stet \u00e4r s\u00e4rskilt l\u00e4mpligt f\u00f6r cyklister som v\u00e4rdes\u00e4tter anpassningsbarhet och precision i sin k\u00f6rst\u00e4llning, eftersom den flexibla vinkeljusteringen ger optimal k\u00f6rst\u00e4llning och komfort. L\u00e4ngden p\u00e5 90 mm ger en balanserad och stabil k\u00f6rk\u00e4nsla. Det h\u00e4r styrf\u00e4stet \u00e4r utformat med funktionalitet i \u00e5tanke och \u00e4r ett utm\u00e4rkt val \u00e4ven f\u00f6r de mest kr\u00e4vande anv\u00e4ndningsomr\u00e5dena, med en s\u00f6ml\u00f6s kombination av h\u00e5llbarhet och m\u00e5ngsidighet.<\/p>","protected":false},"excerpt":{"rendered":"<p>XLC ST-M30 -ohjainkannatin on py\u00f6r\u00e4ilykomponentti, joka mahdollistaa ajokokemuksen personoinnin s\u00e4\u00e4dett\u00e4v\u00e4n kulman ansiosta, joka ulottuu -30\u00b0:sta 40\u00b0:een. T\u00e4m\u00e4 ohjainkannatin sopii erityisesti py\u00f6r\u00e4ilij\u00f6ille, jotka arvostavat mukautettavuutta ja tarkkuutta ajoasennossaan, sill\u00e4 sen joustava kulmans\u00e4\u00e4t\u00f6 mahdollistaa optimaalisen ajoasennon ja mukavuuden. 90 mm pituus tarjoaa tasapainoisen ja vakaata ajotuntuman. T\u00e4m\u00e4 ohjainkannatin on suunniteltu toimivuuden ehdoilla ja on erinomainen valinta vaativaankin [&#8230;]<\/p>\n<p><a class=\"btn btn-secondary understrap-read-more-link\" href=\"https:\/\/vmsport.fi\/sv\/verkkokauppa\/varaosat\/ohjaamo\/ohjainkannattimet\/xlc-stem-st-m30-90-mm-30-to-40\/\">L\u00e4s mer \u2026<span class=\"screen-reader-text\"> from XLC Stem ST-M30 90 mm -30\u00b0 to 40\u00b0<\/span><\/a><\/p>\n","protected":false},"featured_media":54722,"comment_status":"open","ping_status":"closed","template":"","meta":{"_acf_changed":false,"_improvement_type_select":"improve_an_existing","_thumb_yes_seoaic":false,"_frame_yes_seoaic":false,"seoaic_generate_description":"","seoaic_improve_instructions_prompt":"","seoaic_rollback_content_improvement":"","seoaic_idea_thumbnail_generator":"","thumbnail_generated":false,"thumbnail_generate_prompt":"","seoaic_article_description":"","_supplier_stock_quantity":0},"product_brand":[],"product_model":[],"product_cat":[9432],"product_tag":[],"industry-terminology":[],"class_list":{"0":"post-54723","1":"product","2":"type-product","3":"status-publish","4":"has-post-thumbnail","6":"product_cat-ohjainkannattimet","8":"first","9":"outofstock","10":"taxable","11":"shipping-taxable","12":"product-type-simple"},"acf":{"bike_features":null,"overview":{"copy_overview":null,"key_features":null,"statement":"","youtube_url":""}},"yoast_head":"<!-- This site is optimized with the Yoast SEO plugin v27.4 - https:\/\/yoast.com\/product\/yoast-seo-wordpress\/ -->\n<title>XLC Stem ST-M30 90 mm -30\u00b0 to 40\u00b0 - VM Sport<\/title>\n<meta name=\"robots\" content=\"index, follow, max-snippet:-1, max-image-preview:large, max-video-preview:-1\" \/>\n<link rel=\"canonical\" href=\"https:\/\/vmsport.fi\/sv\/webbutik\/reservdelar\/taxi\/styrfasten\/xlc-skaft-st-m30-90-mm-30-till-40\/\" \/>\n<meta property=\"og:locale\" content=\"sv_SE\" \/>\n<meta property=\"og:type\" content=\"article\" \/>\n<meta property=\"og:title\" content=\"XLC Stem ST-M30 90 mm -30\u00b0 to 40\u00b0 - VM Sport\" \/>\n<meta property=\"og:description\" content=\"XLC ST-M30 -ohjainkannatin on py\u00f6r\u00e4ilykomponentti, joka mahdollistaa ajokokemuksen personoinnin s\u00e4\u00e4dett\u00e4v\u00e4n kulman ansiosta, joka ulottuu -30\u00b0:sta 40\u00b0:een. T\u00e4m\u00e4 ohjainkannatin sopii erityisesti py\u00f6r\u00e4ilij\u00f6ille, jotka arvostavat mukautettavuutta ja tarkkuutta ajoasennossaan, sill\u00e4 sen joustava kulmans\u00e4\u00e4t\u00f6 mahdollistaa optimaalisen ajoasennon ja mukavuuden. 90 mm pituus tarjoaa tasapainoisen ja vakaata ajotuntuman. T\u00e4m\u00e4 ohjainkannatin on suunniteltu toimivuuden ehdoilla ja on erinomainen valinta vaativaankin [...]L\u00e4s mer \u2026 from XLC Stem ST-M30 90 mm -30\u00b0 to 40\u00b0\" \/>\n<meta property=\"og:url\" content=\"https:\/\/vmsport.fi\/sv\/webbutik\/reservdelar\/taxi\/styrfasten\/xlc-skaft-st-m30-90-mm-30-till-40\/\" \/>\n<meta property=\"og:site_name\" content=\"VM Sport\" \/>\n<meta property=\"article:publisher\" content=\"https:\/\/www.facebook.com\/Vmsport.fi\/\" \/>\n<meta property=\"article:modified_time\" content=\"2026-04-22T12:10:39+00:00\" \/>\n<meta property=\"og:image\" content=\"https:\/\/vmsport.fi\/wp-content\/uploads\/2025\/03\/k05jXlCGFzJ3xXNHg074Rena7aLJP6GwHleUvRhOKQYoUjzElw-1.jpg\" \/>\n\t<meta property=\"og:image:width\" content=\"509\" \/>\n\t<meta property=\"og:image:height\" content=\"263\" \/>\n\t<meta property=\"og:image:type\" content=\"image\/jpeg\" \/>\n<meta name=\"twitter:card\" content=\"summary_large_image\" \/>\n<script type=\"application\/ld+json\" class=\"yoast-schema-graph\">{\"@context\":\"https:\\\/\\\/schema.org\",\"@graph\":[{\"@type\":[\"WebPage\",\"ItemPage\"],\"@id\":\"https:\\\/\\\/vmsport.fi\\\/verkkokauppa\\\/varaosat\\\/ohjaamo\\\/ohjainkannattimet\\\/xlc-stem-st-m30-90-mm-30-to-40\\\/\",\"url\":\"https:\\\/\\\/vmsport.fi\\\/verkkokauppa\\\/varaosat\\\/ohjaamo\\\/ohjainkannattimet\\\/xlc-stem-st-m30-90-mm-30-to-40\\\/\",\"name\":\"XLC Stem ST-M30 90 mm -30\u00b0 to 40\u00b0 - VM Sport\",\"isPartOf\":{\"@id\":\"https:\\\/\\\/vmsport.fi\\\/#website\"},\"primaryImageOfPage\":{\"@id\":\"https:\\\/\\\/vmsport.fi\\\/verkkokauppa\\\/varaosat\\\/ohjaamo\\\/ohjainkannattimet\\\/xlc-stem-st-m30-90-mm-30-to-40\\\/#primaryimage\"},\"image\":{\"@id\":\"https:\\\/\\\/vmsport.fi\\\/verkkokauppa\\\/varaosat\\\/ohjaamo\\\/ohjainkannattimet\\\/xlc-stem-st-m30-90-mm-30-to-40\\\/#primaryimage\"},\"thumbnailUrl\":\"https:\\\/\\\/vmsport.fi\\\/wp-content\\\/uploads\\\/2025\\\/03\\\/k05jXlCGFzJ3xXNHg074Rena7aLJP6GwHleUvRhOKQYoUjzElw-1.jpg\",\"datePublished\":\"2025-03-05T21:56:33+00:00\",\"dateModified\":\"2026-04-22T12:10:39+00:00\",\"breadcrumb\":{\"@id\":\"https:\\\/\\\/vmsport.fi\\\/verkkokauppa\\\/varaosat\\\/ohjaamo\\\/ohjainkannattimet\\\/xlc-stem-st-m30-90-mm-30-to-40\\\/#breadcrumb\"},\"inLanguage\":\"sv-SE\",\"potentialAction\":[{\"@type\":\"ReadAction\",\"target\":[\"https:\\\/\\\/vmsport.fi\\\/verkkokauppa\\\/varaosat\\\/ohjaamo\\\/ohjainkannattimet\\\/xlc-stem-st-m30-90-mm-30-to-40\\\/\"]}]},{\"@type\":\"ImageObject\",\"inLanguage\":\"sv-SE\",\"@id\":\"https:\\\/\\\/vmsport.fi\\\/verkkokauppa\\\/varaosat\\\/ohjaamo\\\/ohjainkannattimet\\\/xlc-stem-st-m30-90-mm-30-to-40\\\/#primaryimage\",\"url\":\"https:\\\/\\\/vmsport.fi\\\/wp-content\\\/uploads\\\/2025\\\/03\\\/k05jXlCGFzJ3xXNHg074Rena7aLJP6GwHleUvRhOKQYoUjzElw-1.jpg\",\"contentUrl\":\"https:\\\/\\\/vmsport.fi\\\/wp-content\\\/uploads\\\/2025\\\/03\\\/k05jXlCGFzJ3xXNHg074Rena7aLJP6GwHleUvRhOKQYoUjzElw-1.jpg\",\"width\":509,\"height\":263,\"caption\":\"k05jXlCGFzJ3xXNHg074Rena7aLJP6GwHleUvRhOKQYoUjzElw\"},{\"@type\":\"BreadcrumbList\",\"@id\":\"https:\\\/\\\/vmsport.fi\\\/verkkokauppa\\\/varaosat\\\/ohjaamo\\\/ohjainkannattimet\\\/xlc-stem-st-m30-90-mm-30-to-40\\\/#breadcrumb\",\"itemListElement\":[{\"@type\":\"ListItem\",\"position\":1,\"name\":\"Etusivu\",\"item\":\"https:\\\/\\\/vmsport.fi\\\/\"},{\"@type\":\"ListItem\",\"position\":2,\"name\":\"Online Store\",\"item\":\"https:\\\/\\\/vmsport.fi\\\/en\\\/online-store\\\/\"},{\"@type\":\"ListItem\",\"position\":3,\"name\":\"XLC Stem ST-M30 90 mm -30\u00b0 to 40\u00b0\"}]},{\"@type\":\"WebSite\",\"@id\":\"https:\\\/\\\/vmsport.fi\\\/#website\",\"url\":\"https:\\\/\\\/vmsport.fi\\\/\",\"name\":\"Vmsport\",\"description\":\"Kaikki py\u00f6r\u00e4ilyyn yhdest\u00e4 paikasta\",\"publisher\":{\"@id\":\"https:\\\/\\\/vmsport.fi\\\/#organization\"},\"potentialAction\":[{\"@type\":\"SearchAction\",\"target\":{\"@type\":\"EntryPoint\",\"urlTemplate\":\"https:\\\/\\\/vmsport.fi\\\/?s={search_term_string}\"},\"query-input\":{\"@type\":\"PropertyValueSpecification\",\"valueRequired\":true,\"valueName\":\"search_term_string\"}}],\"inLanguage\":\"sv-SE\"},{\"@type\":\"Organization\",\"@id\":\"https:\\\/\\\/vmsport.fi\\\/#organization\",\"name\":\"Vmsport\",\"url\":\"https:\\\/\\\/vmsport.fi\\\/\",\"logo\":{\"@type\":\"ImageObject\",\"inLanguage\":\"sv-SE\",\"@id\":\"https:\\\/\\\/vmsport.fi\\\/#\\\/schema\\\/logo\\\/image\\\/\",\"url\":\"https:\\\/\\\/vmsport.fi\\\/wp-content\\\/uploads\\\/2024\\\/12\\\/vm_sport_RGB_horisontal-e1734526017575.png\",\"contentUrl\":\"https:\\\/\\\/vmsport.fi\\\/wp-content\\\/uploads\\\/2024\\\/12\\\/vm_sport_RGB_horisontal-e1734526017575.png\",\"width\":668,\"height\":85,\"caption\":\"Vmsport\"},\"image\":{\"@id\":\"https:\\\/\\\/vmsport.fi\\\/#\\\/schema\\\/logo\\\/image\\\/\"},\"sameAs\":[\"https:\\\/\\\/www.facebook.com\\\/Vmsport.fi\\\/\",\"https:\\\/\\\/www.instagram.com\\\/vmsport\\\/\"]}]}<\/script>\n<!-- \/ Yoast SEO plugin. -->","yoast_head_json":{"title":"XLC Stem ST-M30 90 mm -30\u00b0 till 40\u00b0 - VM Sport","robots":{"index":"index","follow":"follow","max-snippet":"max-snippet:-1","max-image-preview":"max-image-preview:large","max-video-preview":"max-video-preview:-1"},"canonical":"https:\/\/vmsport.fi\/sv\/webbutik\/reservdelar\/taxi\/styrfasten\/xlc-skaft-st-m30-90-mm-30-till-40\/","og_locale":"sv_SE","og_type":"article","og_title":"XLC Stem ST-M30 90 mm -30\u00b0 to 40\u00b0 - VM Sport","og_description":"XLC ST-M30 -ohjainkannatin on py\u00f6r\u00e4ilykomponentti, joka mahdollistaa ajokokemuksen personoinnin s\u00e4\u00e4dett\u00e4v\u00e4n kulman ansiosta, joka ulottuu -30\u00b0:sta 40\u00b0:een. T\u00e4m\u00e4 ohjainkannatin sopii erityisesti py\u00f6r\u00e4ilij\u00f6ille, jotka arvostavat mukautettavuutta ja tarkkuutta ajoasennossaan, sill\u00e4 sen joustava kulmans\u00e4\u00e4t\u00f6 mahdollistaa optimaalisen ajoasennon ja mukavuuden. 90 mm pituus tarjoaa tasapainoisen ja vakaata ajotuntuman. T\u00e4m\u00e4 ohjainkannatin on suunniteltu toimivuuden ehdoilla ja on erinomainen valinta vaativaankin [...]L\u00e4s mer \u2026 from XLC Stem ST-M30 90 mm -30\u00b0 to 40\u00b0","og_url":"https:\/\/vmsport.fi\/sv\/webbutik\/reservdelar\/taxi\/styrfasten\/xlc-skaft-st-m30-90-mm-30-till-40\/","og_site_name":"VM Sport","article_publisher":"https:\/\/www.facebook.com\/Vmsport.fi\/","article_modified_time":"2026-04-22T12:10:39+00:00","og_image":[{"width":509,"height":263,"url":"https:\/\/vmsport.fi\/wp-content\/uploads\/2025\/03\/k05jXlCGFzJ3xXNHg074Rena7aLJP6GwHleUvRhOKQYoUjzElw-1.jpg","type":"image\/jpeg"}],"twitter_card":"summary_large_image","schema":{"@context":"https:\/\/schema.org","@graph":[{"@type":["WebPage","ItemPage"],"@id":"https:\/\/vmsport.fi\/verkkokauppa\/varaosat\/ohjaamo\/ohjainkannattimet\/xlc-stem-st-m30-90-mm-30-to-40\/","url":"https:\/\/vmsport.fi\/verkkokauppa\/varaosat\/ohjaamo\/ohjainkannattimet\/xlc-stem-st-m30-90-mm-30-to-40\/","name":"XLC Stem ST-M30 90 mm -30\u00b0 till 40\u00b0 - VM Sport","isPartOf":{"@id":"https:\/\/vmsport.fi\/#website"},"primaryImageOfPage":{"@id":"https:\/\/vmsport.fi\/verkkokauppa\/varaosat\/ohjaamo\/ohjainkannattimet\/xlc-stem-st-m30-90-mm-30-to-40\/#primaryimage"},"image":{"@id":"https:\/\/vmsport.fi\/verkkokauppa\/varaosat\/ohjaamo\/ohjainkannattimet\/xlc-stem-st-m30-90-mm-30-to-40\/#primaryimage"},"thumbnailUrl":"https:\/\/vmsport.fi\/wp-content\/uploads\/2025\/03\/k05jXlCGFzJ3xXNHg074Rena7aLJP6GwHleUvRhOKQYoUjzElw-1.jpg","datePublished":"2025-03-05T21:56:33+00:00","dateModified":"2026-04-22T12:10:39+00:00","breadcrumb":{"@id":"https:\/\/vmsport.fi\/verkkokauppa\/varaosat\/ohjaamo\/ohjainkannattimet\/xlc-stem-st-m30-90-mm-30-to-40\/#breadcrumb"},"inLanguage":"sv-SE","potentialAction":[{"@type":"ReadAction","target":["https:\/\/vmsport.fi\/verkkokauppa\/varaosat\/ohjaamo\/ohjainkannattimet\/xlc-stem-st-m30-90-mm-30-to-40\/"]}]},{"@type":"ImageObject","inLanguage":"sv-SE","@id":"https:\/\/vmsport.fi\/verkkokauppa\/varaosat\/ohjaamo\/ohjainkannattimet\/xlc-stem-st-m30-90-mm-30-to-40\/#primaryimage","url":"https:\/\/vmsport.fi\/wp-content\/uploads\/2025\/03\/k05jXlCGFzJ3xXNHg074Rena7aLJP6GwHleUvRhOKQYoUjzElw-1.jpg","contentUrl":"https:\/\/vmsport.fi\/wp-content\/uploads\/2025\/03\/k05jXlCGFzJ3xXNHg074Rena7aLJP6GwHleUvRhOKQYoUjzElw-1.jpg","width":509,"height":263,"caption":"k05jXlCGFzJ3xXNHg074Rena7aLJP6GwHleUvRhOKQYoUjzElw"},{"@type":"BreadcrumbList","@id":"https:\/\/vmsport.fi\/verkkokauppa\/varaosat\/ohjaamo\/ohjainkannattimet\/xlc-stem-st-m30-90-mm-30-to-40\/#breadcrumb","itemListElement":[{"@type":"ListItem","position":1,"name":"Etusivu","item":"https:\/\/vmsport.fi\/"},{"@type":"ListItem","position":2,"name":"Online Store","item":"https:\/\/vmsport.fi\/en\/online-store\/"},{"@type":"ListItem","position":3,"name":"XLC Stem ST-M30 90 mm -30\u00b0 to 40\u00b0"}]},{"@type":"WebSite","@id":"https:\/\/vmsport.fi\/#website","url":"https:\/\/vmsport.fi\/","name":"Vmsport","description":"Allt p\u00e5 ett st\u00e4lle f\u00f6r cykling","publisher":{"@id":"https:\/\/vmsport.fi\/#organization"},"potentialAction":[{"@type":"SearchAction","target":{"@type":"EntryPoint","urlTemplate":"https:\/\/vmsport.fi\/?s={search_term_string}"},"query-input":{"@type":"PropertyValueSpecification","valueRequired":true,"valueName":"search_term_string"}}],"inLanguage":"sv-SE"},{"@type":"Organization","@id":"https:\/\/vmsport.fi\/#organization","name":"Vmsport","url":"https:\/\/vmsport.fi\/","logo":{"@type":"ImageObject","inLanguage":"sv-SE","@id":"https:\/\/vmsport.fi\/#\/schema\/logo\/image\/","url":"https:\/\/vmsport.fi\/wp-content\/uploads\/2024\/12\/vm_sport_RGB_horisontal-e1734526017575.png","contentUrl":"https:\/\/vmsport.fi\/wp-content\/uploads\/2024\/12\/vm_sport_RGB_horisontal-e1734526017575.png","width":668,"height":85,"caption":"Vmsport"},"image":{"@id":"https:\/\/vmsport.fi\/#\/schema\/logo\/image\/"},"sameAs":["https:\/\/www.facebook.com\/Vmsport.fi\/","https:\/\/www.instagram.com\/vmsport\/"]}]}},"global_unique_id":"","_links":{"self":[{"href":"https:\/\/vmsport.fi\/sv\/wp-json\/wp\/v2\/product\/54723","targetHints":{"allow":["GET"]}}],"collection":[{"href":"https:\/\/vmsport.fi\/sv\/wp-json\/wp\/v2\/product"}],"about":[{"href":"https:\/\/vmsport.fi\/sv\/wp-json\/wp\/v2\/types\/product"}],"replies":[{"embeddable":true,"href":"https:\/\/vmsport.fi\/sv\/wp-json\/wp\/v2\/comments?post=54723"}],"wp:featuredmedia":[{"embeddable":true,"href":"https:\/\/vmsport.fi\/sv\/wp-json\/wp\/v2\/media\/54722"}],"wp:attachment":[{"href":"https:\/\/vmsport.fi\/sv\/wp-json\/wp\/v2\/media?parent=54723"}],"wp:term":[{"taxonomy":"product_brand","embeddable":true,"href":"https:\/\/vmsport.fi\/sv\/wp-json\/wp\/v2\/product_brand?post=54723"},{"taxonomy":"product_model","embeddable":true,"href":"https:\/\/vmsport.fi\/sv\/wp-json\/wp\/v2\/product_model?post=54723"},{"taxonomy":"product_cat","embeddable":true,"href":"https:\/\/vmsport.fi\/sv\/wp-json\/wp\/v2\/product_cat?post=54723"},{"taxonomy":"product_tag","embeddable":true,"href":"https:\/\/vmsport.fi\/sv\/wp-json\/wp\/v2\/product_tag?post=54723"},{"taxonomy":"industry_terminology","embeddable":true,"href":"https:\/\/vmsport.fi\/sv\/wp-json\/wp\/v2\/industry-terminology?post=54723"}],"curies":[{"name":"wp","href":"https:\/\/api.w.org\/{rel}","templated":true}]}}