{"id":54712,"date":"2025-03-05T23:56:28","date_gmt":"2025-03-05T21:56:28","guid":{"rendered":"https:\/\/vmsport.fi\/verkkokauppa\/Ei-luokiteltu\/loffler-alushousut-naisten\/"},"modified":"2026-01-16T13:31:52","modified_gmt":"2026-01-16T11:31:52","slug":"loffler-kalsonger-kvinnor","status":"publish","type":"product","link":"https:\/\/vmsport.fi\/sv\/verkkokauppa\/ajovarusteet\/vaatteet\/shortsit\/loffler-alushousut-naisten\/","title":{"rendered":"L\u00f6ffler underbyxor f\u00f6r kvinnor"},"content":{"rendered":"<p>L\u00f6fflers damkalsonger erbjuder enast\u00e5ende komfort och praktiska egenskaper. De h\u00e4r svarta kalsongerna st\u00f6djer r\u00f6relserna s\u00f6ml\u00f6st s\u00e5 att du kan njuta fullt ut av din sportprestation. Det mjuka materialet g\u00f6r att du k\u00e4nner dig bekv\u00e4m hela dagen. De \u00e4r designade f\u00f6r aktiv anv\u00e4ndning, vilket g\u00f6r dem perfekta f\u00f6r l\u00e5nga joggingturer och intensiva tr\u00e4ningspass. Kalsongerna sitter perfekt p\u00e5 kroppen utan att kl\u00e4mma eller k\u00e4nnas obehagliga. Tack vare den snygga designen \u00e4r de diskreta under kl\u00e4derna, samtidigt som de ger det st\u00f6d och den flexibilitet du beh\u00f6ver.<\/p>","protected":false},"excerpt":{"rendered":"<p>L\u00f6fflerin naisten alushousut tarjoavat poikkeuksellisen mukavuuden ja k\u00e4yt\u00e4nn\u00f6llisyyden. N\u00e4m\u00e4 mustat alushousut tukevat liikett\u00e4 saumattomasti, jotta voit nauttia urheilusuorituksestasi t\u00e4ysin rinnoin. Pehme\u00e4 materiaali s\u00e4ilytt\u00e4\u00e4 mukavan tunteen koko p\u00e4iv\u00e4n ajan. Ne on suunniteltu aktiiviseen k\u00e4ytt\u00f6\u00f6n, mink\u00e4 vuoksi ne sopivat loistavasti pitkille lenkeille ja intensiivisiin harjoituksiin. Alushousut istuvat erinomaisesti kehoosi mukautuen, ilman ett\u00e4 ne puristaisivat tai aiheuttaisivat ep\u00e4mukavuutta. [&#8230;]<\/p>\n<p><a class=\"btn btn-secondary understrap-read-more-link\" href=\"https:\/\/vmsport.fi\/sv\/verkkokauppa\/ajovarusteet\/vaatteet\/shortsit\/loffler-alushousut-naisten\/\">L\u00e4s mer \u2026<span class=\"screen-reader-text\"> from L\u00f6ffler alushousut naisten<\/span><\/a><\/p>\n","protected":false},"featured_media":54711,"comment_status":"open","ping_status":"closed","template":"","meta":{"_acf_changed":false,"_improvement_type_select":"improve_an_existing","_thumb_yes_seoaic":false,"_frame_yes_seoaic":false,"seoaic_generate_description":"","seoaic_improve_instructions_prompt":"","seoaic_rollback_content_improvement":"","seoaic_idea_thumbnail_generator":"","thumbnail_generated":false,"thumbnail_generate_prompt":"","seoaic_article_description":"","_supplier_stock_quantity":0},"product_brand":[],"product_model":[],"product_cat":[9462],"product_tag":[],"industry-terminology":[],"class_list":{"0":"post-54712","1":"product","2":"type-product","3":"status-publish","4":"has-post-thumbnail","6":"product_cat-shortsit","8":"first","9":"instock","10":"taxable","11":"shipping-taxable","12":"purchasable","13":"product-type-variable"},"acf":{"bike_features":null,"overview":{"copy_overview":null,"key_features":null,"statement":"","youtube_url":""}},"yoast_head":"<!-- This site is optimized with the Yoast SEO plugin v27.3 - https:\/\/yoast.com\/product\/yoast-seo-wordpress\/ -->\n<title>L\u00f6ffler alushousut naisten - VM Sport<\/title>\n<meta name=\"robots\" content=\"index, follow, max-snippet:-1, max-image-preview:large, max-video-preview:-1\" \/>\n<link rel=\"canonical\" href=\"https:\/\/vmsport.fi\/sv\/webbutik\/korutrustning\/klader\/shorts\/loffler-kalsonger-kvinnor\/\" \/>\n<meta property=\"og:locale\" content=\"sv_SE\" \/>\n<meta property=\"og:type\" content=\"article\" \/>\n<meta property=\"og:title\" content=\"L\u00f6ffler alushousut naisten - VM Sport\" \/>\n<meta property=\"og:description\" content=\"L\u00f6fflerin naisten alushousut tarjoavat poikkeuksellisen mukavuuden ja k\u00e4yt\u00e4nn\u00f6llisyyden. N\u00e4m\u00e4 mustat alushousut tukevat liikett\u00e4 saumattomasti, jotta voit nauttia urheilusuorituksestasi t\u00e4ysin rinnoin. Pehme\u00e4 materiaali s\u00e4ilytt\u00e4\u00e4 mukavan tunteen koko p\u00e4iv\u00e4n ajan. Ne on suunniteltu aktiiviseen k\u00e4ytt\u00f6\u00f6n, mink\u00e4 vuoksi ne sopivat loistavasti pitkille lenkeille ja intensiivisiin harjoituksiin. Alushousut istuvat erinomaisesti kehoosi mukautuen, ilman ett\u00e4 ne puristaisivat tai aiheuttaisivat ep\u00e4mukavuutta. [...]L\u00e4s mer \u2026 from L\u00f6ffler alushousut naisten\" \/>\n<meta property=\"og:url\" content=\"https:\/\/vmsport.fi\/sv\/webbutik\/korutrustning\/klader\/shorts\/loffler-kalsonger-kvinnor\/\" \/>\n<meta property=\"og:site_name\" content=\"VM Sport\" \/>\n<meta property=\"article:publisher\" content=\"https:\/\/www.facebook.com\/Vmsport.fi\/\" \/>\n<meta property=\"article:modified_time\" content=\"2026-01-16T11:31:52+00:00\" \/>\n<meta property=\"og:image\" content=\"https:\/\/vmsport.fi\/wp-content\/uploads\/2025\/03\/26593990-166-1.png\" \/>\n\t<meta property=\"og:image:width\" content=\"750\" \/>\n\t<meta property=\"og:image:height\" content=\"750\" \/>\n\t<meta property=\"og:image:type\" content=\"image\/png\" \/>\n<meta name=\"twitter:card\" content=\"summary_large_image\" \/>\n<script type=\"application\/ld+json\" class=\"yoast-schema-graph\">{\"@context\":\"https:\\\/\\\/schema.org\",\"@graph\":[{\"@type\":[\"WebPage\",\"ItemPage\"],\"@id\":\"https:\\\/\\\/vmsport.fi\\\/verkkokauppa\\\/ajovarusteet\\\/vaatteet\\\/shortsit\\\/loffler-alushousut-naisten\\\/\",\"url\":\"https:\\\/\\\/vmsport.fi\\\/verkkokauppa\\\/ajovarusteet\\\/vaatteet\\\/shortsit\\\/loffler-alushousut-naisten\\\/\",\"name\":\"L\u00f6ffler alushousut naisten - VM Sport\",\"isPartOf\":{\"@id\":\"https:\\\/\\\/vmsport.fi\\\/#website\"},\"primaryImageOfPage\":{\"@id\":\"https:\\\/\\\/vmsport.fi\\\/verkkokauppa\\\/ajovarusteet\\\/vaatteet\\\/shortsit\\\/loffler-alushousut-naisten\\\/#primaryimage\"},\"image\":{\"@id\":\"https:\\\/\\\/vmsport.fi\\\/verkkokauppa\\\/ajovarusteet\\\/vaatteet\\\/shortsit\\\/loffler-alushousut-naisten\\\/#primaryimage\"},\"thumbnailUrl\":\"https:\\\/\\\/vmsport.fi\\\/wp-content\\\/uploads\\\/2025\\\/03\\\/26593990-166-1.png\",\"datePublished\":\"2025-03-05T21:56:28+00:00\",\"dateModified\":\"2026-01-16T11:31:52+00:00\",\"breadcrumb\":{\"@id\":\"https:\\\/\\\/vmsport.fi\\\/verkkokauppa\\\/ajovarusteet\\\/vaatteet\\\/shortsit\\\/loffler-alushousut-naisten\\\/#breadcrumb\"},\"inLanguage\":\"sv-SE\",\"potentialAction\":[{\"@type\":\"ReadAction\",\"target\":[\"https:\\\/\\\/vmsport.fi\\\/verkkokauppa\\\/ajovarusteet\\\/vaatteet\\\/shortsit\\\/loffler-alushousut-naisten\\\/\"]}]},{\"@type\":\"ImageObject\",\"inLanguage\":\"sv-SE\",\"@id\":\"https:\\\/\\\/vmsport.fi\\\/verkkokauppa\\\/ajovarusteet\\\/vaatteet\\\/shortsit\\\/loffler-alushousut-naisten\\\/#primaryimage\",\"url\":\"https:\\\/\\\/vmsport.fi\\\/wp-content\\\/uploads\\\/2025\\\/03\\\/26593990-166-1.png\",\"contentUrl\":\"https:\\\/\\\/vmsport.fi\\\/wp-content\\\/uploads\\\/2025\\\/03\\\/26593990-166-1.png\",\"width\":750,\"height\":750,\"caption\":\"26593990-166\"},{\"@type\":\"BreadcrumbList\",\"@id\":\"https:\\\/\\\/vmsport.fi\\\/verkkokauppa\\\/ajovarusteet\\\/vaatteet\\\/shortsit\\\/loffler-alushousut-naisten\\\/#breadcrumb\",\"itemListElement\":[{\"@type\":\"ListItem\",\"position\":1,\"name\":\"Etusivu\",\"item\":\"https:\\\/\\\/vmsport.fi\\\/\"},{\"@type\":\"ListItem\",\"position\":2,\"name\":\"Online Store\",\"item\":\"https:\\\/\\\/vmsport.fi\\\/en\\\/online-store\\\/\"},{\"@type\":\"ListItem\",\"position\":3,\"name\":\"L\u00f6ffler alushousut naisten\"}]},{\"@type\":\"WebSite\",\"@id\":\"https:\\\/\\\/vmsport.fi\\\/#website\",\"url\":\"https:\\\/\\\/vmsport.fi\\\/\",\"name\":\"Vmsport\",\"description\":\"Kaikki py\u00f6r\u00e4ilyyn yhdest\u00e4 paikasta\",\"publisher\":{\"@id\":\"https:\\\/\\\/vmsport.fi\\\/#organization\"},\"potentialAction\":[{\"@type\":\"SearchAction\",\"target\":{\"@type\":\"EntryPoint\",\"urlTemplate\":\"https:\\\/\\\/vmsport.fi\\\/?s={search_term_string}\"},\"query-input\":{\"@type\":\"PropertyValueSpecification\",\"valueRequired\":true,\"valueName\":\"search_term_string\"}}],\"inLanguage\":\"sv-SE\"},{\"@type\":\"Organization\",\"@id\":\"https:\\\/\\\/vmsport.fi\\\/#organization\",\"name\":\"Vmsport\",\"url\":\"https:\\\/\\\/vmsport.fi\\\/\",\"logo\":{\"@type\":\"ImageObject\",\"inLanguage\":\"sv-SE\",\"@id\":\"https:\\\/\\\/vmsport.fi\\\/#\\\/schema\\\/logo\\\/image\\\/\",\"url\":\"https:\\\/\\\/vmsport.fi\\\/wp-content\\\/uploads\\\/2024\\\/12\\\/vm_sport_RGB_horisontal-e1734526017575.png\",\"contentUrl\":\"https:\\\/\\\/vmsport.fi\\\/wp-content\\\/uploads\\\/2024\\\/12\\\/vm_sport_RGB_horisontal-e1734526017575.png\",\"width\":668,\"height\":85,\"caption\":\"Vmsport\"},\"image\":{\"@id\":\"https:\\\/\\\/vmsport.fi\\\/#\\\/schema\\\/logo\\\/image\\\/\"},\"sameAs\":[\"https:\\\/\\\/www.facebook.com\\\/Vmsport.fi\\\/\",\"https:\\\/\\\/www.instagram.com\\\/vmsport\\\/\"]}]}<\/script>\n<!-- \/ Yoast SEO plugin. -->","yoast_head_json":{"title":"L\u00f6ffler underbyxor f\u00f6r kvinnor - VM Sport","robots":{"index":"index","follow":"follow","max-snippet":"max-snippet:-1","max-image-preview":"max-image-preview:large","max-video-preview":"max-video-preview:-1"},"canonical":"https:\/\/vmsport.fi\/sv\/webbutik\/korutrustning\/klader\/shorts\/loffler-kalsonger-kvinnor\/","og_locale":"sv_SE","og_type":"article","og_title":"L\u00f6ffler alushousut naisten - VM Sport","og_description":"L\u00f6fflerin naisten alushousut tarjoavat poikkeuksellisen mukavuuden ja k\u00e4yt\u00e4nn\u00f6llisyyden. N\u00e4m\u00e4 mustat alushousut tukevat liikett\u00e4 saumattomasti, jotta voit nauttia urheilusuorituksestasi t\u00e4ysin rinnoin. Pehme\u00e4 materiaali s\u00e4ilytt\u00e4\u00e4 mukavan tunteen koko p\u00e4iv\u00e4n ajan. Ne on suunniteltu aktiiviseen k\u00e4ytt\u00f6\u00f6n, mink\u00e4 vuoksi ne sopivat loistavasti pitkille lenkeille ja intensiivisiin harjoituksiin. Alushousut istuvat erinomaisesti kehoosi mukautuen, ilman ett\u00e4 ne puristaisivat tai aiheuttaisivat ep\u00e4mukavuutta. [...]L\u00e4s mer \u2026 from L\u00f6ffler alushousut naisten","og_url":"https:\/\/vmsport.fi\/sv\/webbutik\/korutrustning\/klader\/shorts\/loffler-kalsonger-kvinnor\/","og_site_name":"VM Sport","article_publisher":"https:\/\/www.facebook.com\/Vmsport.fi\/","article_modified_time":"2026-01-16T11:31:52+00:00","og_image":[{"width":750,"height":750,"url":"https:\/\/vmsport.fi\/wp-content\/uploads\/2025\/03\/26593990-166-1.png","type":"image\/png"}],"twitter_card":"summary_large_image","schema":{"@context":"https:\/\/schema.org","@graph":[{"@type":["WebPage","ItemPage"],"@id":"https:\/\/vmsport.fi\/verkkokauppa\/ajovarusteet\/vaatteet\/shortsit\/loffler-alushousut-naisten\/","url":"https:\/\/vmsport.fi\/verkkokauppa\/ajovarusteet\/vaatteet\/shortsit\/loffler-alushousut-naisten\/","name":"L\u00f6ffler underbyxor f\u00f6r kvinnor - VM Sport","isPartOf":{"@id":"https:\/\/vmsport.fi\/#website"},"primaryImageOfPage":{"@id":"https:\/\/vmsport.fi\/verkkokauppa\/ajovarusteet\/vaatteet\/shortsit\/loffler-alushousut-naisten\/#primaryimage"},"image":{"@id":"https:\/\/vmsport.fi\/verkkokauppa\/ajovarusteet\/vaatteet\/shortsit\/loffler-alushousut-naisten\/#primaryimage"},"thumbnailUrl":"https:\/\/vmsport.fi\/wp-content\/uploads\/2025\/03\/26593990-166-1.png","datePublished":"2025-03-05T21:56:28+00:00","dateModified":"2026-01-16T11:31:52+00:00","breadcrumb":{"@id":"https:\/\/vmsport.fi\/verkkokauppa\/ajovarusteet\/vaatteet\/shortsit\/loffler-alushousut-naisten\/#breadcrumb"},"inLanguage":"sv-SE","potentialAction":[{"@type":"ReadAction","target":["https:\/\/vmsport.fi\/verkkokauppa\/ajovarusteet\/vaatteet\/shortsit\/loffler-alushousut-naisten\/"]}]},{"@type":"ImageObject","inLanguage":"sv-SE","@id":"https:\/\/vmsport.fi\/verkkokauppa\/ajovarusteet\/vaatteet\/shortsit\/loffler-alushousut-naisten\/#primaryimage","url":"https:\/\/vmsport.fi\/wp-content\/uploads\/2025\/03\/26593990-166-1.png","contentUrl":"https:\/\/vmsport.fi\/wp-content\/uploads\/2025\/03\/26593990-166-1.png","width":750,"height":750,"caption":"26593990-166"},{"@type":"BreadcrumbList","@id":"https:\/\/vmsport.fi\/verkkokauppa\/ajovarusteet\/vaatteet\/shortsit\/loffler-alushousut-naisten\/#breadcrumb","itemListElement":[{"@type":"ListItem","position":1,"name":"Etusivu","item":"https:\/\/vmsport.fi\/"},{"@type":"ListItem","position":2,"name":"Online Store","item":"https:\/\/vmsport.fi\/en\/online-store\/"},{"@type":"ListItem","position":3,"name":"L\u00f6ffler alushousut naisten"}]},{"@type":"WebSite","@id":"https:\/\/vmsport.fi\/#website","url":"https:\/\/vmsport.fi\/","name":"Vmsport","description":"Allt p\u00e5 ett st\u00e4lle f\u00f6r cykling","publisher":{"@id":"https:\/\/vmsport.fi\/#organization"},"potentialAction":[{"@type":"SearchAction","target":{"@type":"EntryPoint","urlTemplate":"https:\/\/vmsport.fi\/?s={search_term_string}"},"query-input":{"@type":"PropertyValueSpecification","valueRequired":true,"valueName":"search_term_string"}}],"inLanguage":"sv-SE"},{"@type":"Organization","@id":"https:\/\/vmsport.fi\/#organization","name":"Vmsport","url":"https:\/\/vmsport.fi\/","logo":{"@type":"ImageObject","inLanguage":"sv-SE","@id":"https:\/\/vmsport.fi\/#\/schema\/logo\/image\/","url":"https:\/\/vmsport.fi\/wp-content\/uploads\/2024\/12\/vm_sport_RGB_horisontal-e1734526017575.png","contentUrl":"https:\/\/vmsport.fi\/wp-content\/uploads\/2024\/12\/vm_sport_RGB_horisontal-e1734526017575.png","width":668,"height":85,"caption":"Vmsport"},"image":{"@id":"https:\/\/vmsport.fi\/#\/schema\/logo\/image\/"},"sameAs":["https:\/\/www.facebook.com\/Vmsport.fi\/","https:\/\/www.instagram.com\/vmsport\/"]}]}},"global_unique_id":"","_links":{"self":[{"href":"https:\/\/vmsport.fi\/sv\/wp-json\/wp\/v2\/product\/54712","targetHints":{"allow":["GET"]}}],"collection":[{"href":"https:\/\/vmsport.fi\/sv\/wp-json\/wp\/v2\/product"}],"about":[{"href":"https:\/\/vmsport.fi\/sv\/wp-json\/wp\/v2\/types\/product"}],"replies":[{"embeddable":true,"href":"https:\/\/vmsport.fi\/sv\/wp-json\/wp\/v2\/comments?post=54712"}],"wp:featuredmedia":[{"embeddable":true,"href":"https:\/\/vmsport.fi\/sv\/wp-json\/wp\/v2\/media\/54711"}],"wp:attachment":[{"href":"https:\/\/vmsport.fi\/sv\/wp-json\/wp\/v2\/media?parent=54712"}],"wp:term":[{"taxonomy":"product_brand","embeddable":true,"href":"https:\/\/vmsport.fi\/sv\/wp-json\/wp\/v2\/product_brand?post=54712"},{"taxonomy":"product_model","embeddable":true,"href":"https:\/\/vmsport.fi\/sv\/wp-json\/wp\/v2\/product_model?post=54712"},{"taxonomy":"product_cat","embeddable":true,"href":"https:\/\/vmsport.fi\/sv\/wp-json\/wp\/v2\/product_cat?post=54712"},{"taxonomy":"product_tag","embeddable":true,"href":"https:\/\/vmsport.fi\/sv\/wp-json\/wp\/v2\/product_tag?post=54712"},{"taxonomy":"industry_terminology","embeddable":true,"href":"https:\/\/vmsport.fi\/sv\/wp-json\/wp\/v2\/industry-terminology?post=54712"}],"curies":[{"name":"wp","href":"https:\/\/api.w.org\/{rel}","templated":true}]}}