{"id":54699,"date":"2025-03-05T23:56:21","date_gmt":"2025-03-05T21:56:21","guid":{"rendered":"https:\/\/vmsport.fi\/verkkokauppa\/Ei-luokiteltu\/kasetti-hg41-7v-11-28t\/"},"modified":"2026-03-10T02:00:19","modified_gmt":"2026-03-10T00:00:19","slug":"kassett-hg41-7v-11-28t","status":"publish","type":"product","link":"https:\/\/vmsport.fi\/sv\/verkkokauppa\/varaosat\/voimansiirto\/takarattaat\/kasetti-hg41-7v-11-28t\/","title":{"rendered":"Kassett HG41 7v 11-28T"},"content":{"rendered":"<p>HG41 7-v\u00e4xlad kassett, som erbjuder utv\u00e4xlingar mellan 11 och 28T, \u00e4r utformad f\u00f6r att garantera tillf\u00f6rlitligheten hos cykelns transmission. Denna Shimano-kompatibla kassett \u00e4r idealisk f\u00f6r cyklister som uppskattar m\u00e5ngsidig v\u00e4xeljustering f\u00f6r olika terr\u00e4nger. H\u00f6gkvalitativa material s\u00e4kerst\u00e4ller h\u00e5llbarhet, s\u00e5 att du kan njuta av smidiga v\u00e4xlingar under l\u00e5ng tid. Ett brett utbud av v\u00e4xlar g\u00f6r att du kan bibeh\u00e5lla en effektiv k\u00f6rst\u00e4llning p\u00e5 s\u00e5v\u00e4l plana v\u00e4gar som i branta backar. En nydesignad v\u00e4xeldesign ger tyst drift och f\u00f6rl\u00e4nger v\u00e4xelkabelns livsl\u00e4ngd. F\u00f6rb\u00e4ttra din k\u00f6rgl\u00e4dje med HG41-kassetten, som p\u00e5 ett smidigt s\u00e4tt kombinerar prestanda och tillf\u00f6rlitlighet.<\/p>","protected":false},"excerpt":{"rendered":"<p>7-vaihteinen kasetti HG41, joka tarjoaa v\u00e4litykset v\u00e4lill\u00e4 11\u201328T, on suunniteltu takaamaan polkupy\u00f6r\u00e4n voimansiirron luotettavuus. T\u00e4m\u00e4 Shimano-yhteensopiva kasetti sopii erinomaisesti py\u00f6r\u00e4ilij\u00f6ille, jotka arvostavat monipuolista vaihteistons\u00e4\u00e4t\u00f6\u00e4 eri maastoissa. Korkealaatuiset materiaalit varmistavat kest\u00e4vyyden, joten voit nauttia sujuvista vaihteiden vaihdoista pitk\u00e4\u00e4n. Laaja vaihdevalikoima mahdollistaa tehokkaan ajoasennon s\u00e4ilytt\u00e4misen niin tasaisilla teill\u00e4 kuin jyrkiss\u00e4kin yl\u00e4m\u00e4iss\u00e4. Uudistettu hammasrakenne takaa hiljaisen toiminnan ja [&#8230;]<\/p>\n<p><a class=\"btn btn-secondary understrap-read-more-link\" href=\"https:\/\/vmsport.fi\/sv\/verkkokauppa\/varaosat\/voimansiirto\/takarattaat\/kasetti-hg41-7v-11-28t\/\">L\u00e4s mer \u2026<span class=\"screen-reader-text\"> from Kasetti HG41 7v 11-28T<\/span><\/a><\/p>\n","protected":false},"featured_media":54697,"comment_status":"open","ping_status":"closed","template":"","meta":{"_acf_changed":false,"_improvement_type_select":"improve_an_existing","_thumb_yes_seoaic":false,"_frame_yes_seoaic":false,"seoaic_generate_description":"","seoaic_improve_instructions_prompt":"","seoaic_rollback_content_improvement":"","seoaic_idea_thumbnail_generator":"","thumbnail_generated":false,"thumbnail_generate_prompt":"","seoaic_article_description":"","_supplier_stock_quantity":0},"product_brand":[],"product_model":[],"product_cat":[9348],"product_tag":[],"industry-terminology":[],"class_list":{"0":"post-54699","1":"product","2":"type-product","3":"status-publish","4":"has-post-thumbnail","6":"product_cat-takarattaat","8":"first","9":"instock","10":"taxable","11":"shipping-taxable","12":"purchasable","13":"product-type-simple"},"acf":{"bike_features":null,"overview":{"copy_overview":null,"key_features":null,"statement":"","youtube_url":""}},"yoast_head":"<!-- This site is optimized with the Yoast SEO plugin v27.3 - https:\/\/yoast.com\/product\/yoast-seo-wordpress\/ -->\n<title>Kasetti HG41 7v 11-28T - VM Sport<\/title>\n<meta name=\"robots\" content=\"index, follow, max-snippet:-1, max-image-preview:large, max-video-preview:-1\" \/>\n<link rel=\"canonical\" href=\"https:\/\/vmsport.fi\/sv\/webbutik\/reservdelar\/transmission\/takarattaat\/kassett-hg41-7v-11-28t\/\" \/>\n<meta property=\"og:locale\" content=\"sv_SE\" \/>\n<meta property=\"og:type\" content=\"article\" \/>\n<meta property=\"og:title\" content=\"Kasetti HG41 7v 11-28T - VM Sport\" \/>\n<meta property=\"og:description\" content=\"7-vaihteinen kasetti HG41, joka tarjoaa v\u00e4litykset v\u00e4lill\u00e4 11\u201328T, on suunniteltu takaamaan polkupy\u00f6r\u00e4n voimansiirron luotettavuus. T\u00e4m\u00e4 Shimano-yhteensopiva kasetti sopii erinomaisesti py\u00f6r\u00e4ilij\u00f6ille, jotka arvostavat monipuolista vaihteistons\u00e4\u00e4t\u00f6\u00e4 eri maastoissa. Korkealaatuiset materiaalit varmistavat kest\u00e4vyyden, joten voit nauttia sujuvista vaihteiden vaihdoista pitk\u00e4\u00e4n. Laaja vaihdevalikoima mahdollistaa tehokkaan ajoasennon s\u00e4ilytt\u00e4misen niin tasaisilla teill\u00e4 kuin jyrkiss\u00e4kin yl\u00e4m\u00e4iss\u00e4. Uudistettu hammasrakenne takaa hiljaisen toiminnan ja [...]L\u00e4s mer \u2026 from Kasetti HG41 7v 11-28T\" \/>\n<meta property=\"og:url\" content=\"https:\/\/vmsport.fi\/sv\/webbutik\/reservdelar\/transmission\/takarattaat\/kassett-hg41-7v-11-28t\/\" \/>\n<meta property=\"og:site_name\" content=\"VM Sport\" \/>\n<meta property=\"article:publisher\" content=\"https:\/\/www.facebook.com\/Vmsport.fi\/\" \/>\n<meta property=\"article:modified_time\" content=\"2026-03-10T00:00:19+00:00\" \/>\n<meta property=\"og:image\" content=\"https:\/\/vmsport.fi\/wp-content\/uploads\/2025\/03\/20210914-CSHG417-1.jpg\" \/>\n\t<meta property=\"og:image:width\" content=\"600\" \/>\n\t<meta property=\"og:image:height\" content=\"600\" \/>\n\t<meta property=\"og:image:type\" content=\"image\/jpeg\" \/>\n<meta name=\"twitter:card\" content=\"summary_large_image\" \/>\n<script type=\"application\/ld+json\" class=\"yoast-schema-graph\">{\"@context\":\"https:\\\/\\\/schema.org\",\"@graph\":[{\"@type\":[\"WebPage\",\"ItemPage\"],\"@id\":\"https:\\\/\\\/vmsport.fi\\\/verkkokauppa\\\/varaosat\\\/voimansiirto\\\/takarattaat\\\/kasetti-hg41-7v-11-28t\\\/\",\"url\":\"https:\\\/\\\/vmsport.fi\\\/verkkokauppa\\\/varaosat\\\/voimansiirto\\\/takarattaat\\\/kasetti-hg41-7v-11-28t\\\/\",\"name\":\"Kasetti HG41 7v 11-28T - VM Sport\",\"isPartOf\":{\"@id\":\"https:\\\/\\\/vmsport.fi\\\/#website\"},\"primaryImageOfPage\":{\"@id\":\"https:\\\/\\\/vmsport.fi\\\/verkkokauppa\\\/varaosat\\\/voimansiirto\\\/takarattaat\\\/kasetti-hg41-7v-11-28t\\\/#primaryimage\"},\"image\":{\"@id\":\"https:\\\/\\\/vmsport.fi\\\/verkkokauppa\\\/varaosat\\\/voimansiirto\\\/takarattaat\\\/kasetti-hg41-7v-11-28t\\\/#primaryimage\"},\"thumbnailUrl\":\"https:\\\/\\\/vmsport.fi\\\/wp-content\\\/uploads\\\/2025\\\/03\\\/20210914-CSHG417-1.jpg\",\"datePublished\":\"2025-03-05T21:56:21+00:00\",\"dateModified\":\"2026-03-10T00:00:19+00:00\",\"breadcrumb\":{\"@id\":\"https:\\\/\\\/vmsport.fi\\\/verkkokauppa\\\/varaosat\\\/voimansiirto\\\/takarattaat\\\/kasetti-hg41-7v-11-28t\\\/#breadcrumb\"},\"inLanguage\":\"sv-SE\",\"potentialAction\":[{\"@type\":\"ReadAction\",\"target\":[\"https:\\\/\\\/vmsport.fi\\\/verkkokauppa\\\/varaosat\\\/voimansiirto\\\/takarattaat\\\/kasetti-hg41-7v-11-28t\\\/\"]}]},{\"@type\":\"ImageObject\",\"inLanguage\":\"sv-SE\",\"@id\":\"https:\\\/\\\/vmsport.fi\\\/verkkokauppa\\\/varaosat\\\/voimansiirto\\\/takarattaat\\\/kasetti-hg41-7v-11-28t\\\/#primaryimage\",\"url\":\"https:\\\/\\\/vmsport.fi\\\/wp-content\\\/uploads\\\/2025\\\/03\\\/20210914-CSHG417-1.jpg\",\"contentUrl\":\"https:\\\/\\\/vmsport.fi\\\/wp-content\\\/uploads\\\/2025\\\/03\\\/20210914-CSHG417-1.jpg\",\"width\":600,\"height\":600,\"caption\":\"20210914-CSHG417\"},{\"@type\":\"BreadcrumbList\",\"@id\":\"https:\\\/\\\/vmsport.fi\\\/verkkokauppa\\\/varaosat\\\/voimansiirto\\\/takarattaat\\\/kasetti-hg41-7v-11-28t\\\/#breadcrumb\",\"itemListElement\":[{\"@type\":\"ListItem\",\"position\":1,\"name\":\"Etusivu\",\"item\":\"https:\\\/\\\/vmsport.fi\\\/\"},{\"@type\":\"ListItem\",\"position\":2,\"name\":\"Online Store\",\"item\":\"https:\\\/\\\/vmsport.fi\\\/en\\\/online-store\\\/\"},{\"@type\":\"ListItem\",\"position\":3,\"name\":\"Kasetti HG41 7v 11-28T\"}]},{\"@type\":\"WebSite\",\"@id\":\"https:\\\/\\\/vmsport.fi\\\/#website\",\"url\":\"https:\\\/\\\/vmsport.fi\\\/\",\"name\":\"Vmsport\",\"description\":\"Kaikki py\u00f6r\u00e4ilyyn yhdest\u00e4 paikasta\",\"publisher\":{\"@id\":\"https:\\\/\\\/vmsport.fi\\\/#organization\"},\"potentialAction\":[{\"@type\":\"SearchAction\",\"target\":{\"@type\":\"EntryPoint\",\"urlTemplate\":\"https:\\\/\\\/vmsport.fi\\\/?s={search_term_string}\"},\"query-input\":{\"@type\":\"PropertyValueSpecification\",\"valueRequired\":true,\"valueName\":\"search_term_string\"}}],\"inLanguage\":\"sv-SE\"},{\"@type\":\"Organization\",\"@id\":\"https:\\\/\\\/vmsport.fi\\\/#organization\",\"name\":\"Vmsport\",\"url\":\"https:\\\/\\\/vmsport.fi\\\/\",\"logo\":{\"@type\":\"ImageObject\",\"inLanguage\":\"sv-SE\",\"@id\":\"https:\\\/\\\/vmsport.fi\\\/#\\\/schema\\\/logo\\\/image\\\/\",\"url\":\"https:\\\/\\\/vmsport.fi\\\/wp-content\\\/uploads\\\/2024\\\/12\\\/vm_sport_RGB_horisontal-e1734526017575.png\",\"contentUrl\":\"https:\\\/\\\/vmsport.fi\\\/wp-content\\\/uploads\\\/2024\\\/12\\\/vm_sport_RGB_horisontal-e1734526017575.png\",\"width\":668,\"height\":85,\"caption\":\"Vmsport\"},\"image\":{\"@id\":\"https:\\\/\\\/vmsport.fi\\\/#\\\/schema\\\/logo\\\/image\\\/\"},\"sameAs\":[\"https:\\\/\\\/www.facebook.com\\\/Vmsport.fi\\\/\",\"https:\\\/\\\/www.instagram.com\\\/vmsport\\\/\"]}]}<\/script>\n<!-- \/ Yoast SEO plugin. -->","yoast_head_json":{"title":"Kassett HG41 7v 11-28T - VM Sport","robots":{"index":"index","follow":"follow","max-snippet":"max-snippet:-1","max-image-preview":"max-image-preview:large","max-video-preview":"max-video-preview:-1"},"canonical":"https:\/\/vmsport.fi\/sv\/webbutik\/reservdelar\/transmission\/takarattaat\/kassett-hg41-7v-11-28t\/","og_locale":"sv_SE","og_type":"article","og_title":"Kasetti HG41 7v 11-28T - VM Sport","og_description":"7-vaihteinen kasetti HG41, joka tarjoaa v\u00e4litykset v\u00e4lill\u00e4 11\u201328T, on suunniteltu takaamaan polkupy\u00f6r\u00e4n voimansiirron luotettavuus. T\u00e4m\u00e4 Shimano-yhteensopiva kasetti sopii erinomaisesti py\u00f6r\u00e4ilij\u00f6ille, jotka arvostavat monipuolista vaihteistons\u00e4\u00e4t\u00f6\u00e4 eri maastoissa. Korkealaatuiset materiaalit varmistavat kest\u00e4vyyden, joten voit nauttia sujuvista vaihteiden vaihdoista pitk\u00e4\u00e4n. Laaja vaihdevalikoima mahdollistaa tehokkaan ajoasennon s\u00e4ilytt\u00e4misen niin tasaisilla teill\u00e4 kuin jyrkiss\u00e4kin yl\u00e4m\u00e4iss\u00e4. Uudistettu hammasrakenne takaa hiljaisen toiminnan ja [...]L\u00e4s mer \u2026 from Kasetti HG41 7v 11-28T","og_url":"https:\/\/vmsport.fi\/sv\/webbutik\/reservdelar\/transmission\/takarattaat\/kassett-hg41-7v-11-28t\/","og_site_name":"VM Sport","article_publisher":"https:\/\/www.facebook.com\/Vmsport.fi\/","article_modified_time":"2026-03-10T00:00:19+00:00","og_image":[{"width":600,"height":600,"url":"https:\/\/vmsport.fi\/wp-content\/uploads\/2025\/03\/20210914-CSHG417-1.jpg","type":"image\/jpeg"}],"twitter_card":"summary_large_image","schema":{"@context":"https:\/\/schema.org","@graph":[{"@type":["WebPage","ItemPage"],"@id":"https:\/\/vmsport.fi\/verkkokauppa\/varaosat\/voimansiirto\/takarattaat\/kasetti-hg41-7v-11-28t\/","url":"https:\/\/vmsport.fi\/verkkokauppa\/varaosat\/voimansiirto\/takarattaat\/kasetti-hg41-7v-11-28t\/","name":"Kassett HG41 7v 11-28T - VM Sport","isPartOf":{"@id":"https:\/\/vmsport.fi\/#website"},"primaryImageOfPage":{"@id":"https:\/\/vmsport.fi\/verkkokauppa\/varaosat\/voimansiirto\/takarattaat\/kasetti-hg41-7v-11-28t\/#primaryimage"},"image":{"@id":"https:\/\/vmsport.fi\/verkkokauppa\/varaosat\/voimansiirto\/takarattaat\/kasetti-hg41-7v-11-28t\/#primaryimage"},"thumbnailUrl":"https:\/\/vmsport.fi\/wp-content\/uploads\/2025\/03\/20210914-CSHG417-1.jpg","datePublished":"2025-03-05T21:56:21+00:00","dateModified":"2026-03-10T00:00:19+00:00","breadcrumb":{"@id":"https:\/\/vmsport.fi\/verkkokauppa\/varaosat\/voimansiirto\/takarattaat\/kasetti-hg41-7v-11-28t\/#breadcrumb"},"inLanguage":"sv-SE","potentialAction":[{"@type":"ReadAction","target":["https:\/\/vmsport.fi\/verkkokauppa\/varaosat\/voimansiirto\/takarattaat\/kasetti-hg41-7v-11-28t\/"]}]},{"@type":"ImageObject","inLanguage":"sv-SE","@id":"https:\/\/vmsport.fi\/verkkokauppa\/varaosat\/voimansiirto\/takarattaat\/kasetti-hg41-7v-11-28t\/#primaryimage","url":"https:\/\/vmsport.fi\/wp-content\/uploads\/2025\/03\/20210914-CSHG417-1.jpg","contentUrl":"https:\/\/vmsport.fi\/wp-content\/uploads\/2025\/03\/20210914-CSHG417-1.jpg","width":600,"height":600,"caption":"20210914-CSHG417"},{"@type":"BreadcrumbList","@id":"https:\/\/vmsport.fi\/verkkokauppa\/varaosat\/voimansiirto\/takarattaat\/kasetti-hg41-7v-11-28t\/#breadcrumb","itemListElement":[{"@type":"ListItem","position":1,"name":"Etusivu","item":"https:\/\/vmsport.fi\/"},{"@type":"ListItem","position":2,"name":"Online Store","item":"https:\/\/vmsport.fi\/en\/online-store\/"},{"@type":"ListItem","position":3,"name":"Kasetti HG41 7v 11-28T"}]},{"@type":"WebSite","@id":"https:\/\/vmsport.fi\/#website","url":"https:\/\/vmsport.fi\/","name":"Vmsport","description":"Allt p\u00e5 ett st\u00e4lle f\u00f6r cykling","publisher":{"@id":"https:\/\/vmsport.fi\/#organization"},"potentialAction":[{"@type":"SearchAction","target":{"@type":"EntryPoint","urlTemplate":"https:\/\/vmsport.fi\/?s={search_term_string}"},"query-input":{"@type":"PropertyValueSpecification","valueRequired":true,"valueName":"search_term_string"}}],"inLanguage":"sv-SE"},{"@type":"Organization","@id":"https:\/\/vmsport.fi\/#organization","name":"Vmsport","url":"https:\/\/vmsport.fi\/","logo":{"@type":"ImageObject","inLanguage":"sv-SE","@id":"https:\/\/vmsport.fi\/#\/schema\/logo\/image\/","url":"https:\/\/vmsport.fi\/wp-content\/uploads\/2024\/12\/vm_sport_RGB_horisontal-e1734526017575.png","contentUrl":"https:\/\/vmsport.fi\/wp-content\/uploads\/2024\/12\/vm_sport_RGB_horisontal-e1734526017575.png","width":668,"height":85,"caption":"Vmsport"},"image":{"@id":"https:\/\/vmsport.fi\/#\/schema\/logo\/image\/"},"sameAs":["https:\/\/www.facebook.com\/Vmsport.fi\/","https:\/\/www.instagram.com\/vmsport\/"]}]}},"global_unique_id":"","_links":{"self":[{"href":"https:\/\/vmsport.fi\/sv\/wp-json\/wp\/v2\/product\/54699","targetHints":{"allow":["GET"]}}],"collection":[{"href":"https:\/\/vmsport.fi\/sv\/wp-json\/wp\/v2\/product"}],"about":[{"href":"https:\/\/vmsport.fi\/sv\/wp-json\/wp\/v2\/types\/product"}],"replies":[{"embeddable":true,"href":"https:\/\/vmsport.fi\/sv\/wp-json\/wp\/v2\/comments?post=54699"}],"wp:featuredmedia":[{"embeddable":true,"href":"https:\/\/vmsport.fi\/sv\/wp-json\/wp\/v2\/media\/54697"}],"wp:attachment":[{"href":"https:\/\/vmsport.fi\/sv\/wp-json\/wp\/v2\/media?parent=54699"}],"wp:term":[{"taxonomy":"product_brand","embeddable":true,"href":"https:\/\/vmsport.fi\/sv\/wp-json\/wp\/v2\/product_brand?post=54699"},{"taxonomy":"product_model","embeddable":true,"href":"https:\/\/vmsport.fi\/sv\/wp-json\/wp\/v2\/product_model?post=54699"},{"taxonomy":"product_cat","embeddable":true,"href":"https:\/\/vmsport.fi\/sv\/wp-json\/wp\/v2\/product_cat?post=54699"},{"taxonomy":"product_tag","embeddable":true,"href":"https:\/\/vmsport.fi\/sv\/wp-json\/wp\/v2\/product_tag?post=54699"},{"taxonomy":"industry_terminology","embeddable":true,"href":"https:\/\/vmsport.fi\/sv\/wp-json\/wp\/v2\/industry-terminology?post=54699"}],"curies":[{"name":"wp","href":"https:\/\/api.w.org\/{rel}","templated":true}]}}