{"id":54690,"date":"2025-03-05T23:56:16","date_gmt":"2025-03-05T21:56:16","guid":{"rendered":"https:\/\/vmsport.fi\/verkkokauppa\/Ei-luokiteltu\/bontrager-kovee-tlr-32-hole-29-6-bolt-disc-mtb-frontwheel\/"},"modified":"2026-01-16T13:23:05","modified_gmt":"2026-01-16T11:23:05","slug":"bontrager-kovee-tlr-32-hal-29-6-bultar-disk-mtb-framhjul","status":"publish","type":"product","link":"https:\/\/vmsport.fi\/sv\/verkkokauppa\/varaosat\/kiekot-ja-navat\/etukiekot\/bontrager-kovee-tlr-32-hole-29-6-bolt-disc-mtb-frontwheel\/","title":{"rendered":"Bontrager Kovee TLR 32 h\u00e5l 29\u2033 6-Bolt Disc MTB framhjul"},"content":{"rendered":"<p>Bontrager Kovee TLR landsv\u00e4gshjul, med 32 h\u00e5l och 29-tums storlek, \u00e4r utformat f\u00f6r mountainbikecyklister som kr\u00e4ver p\u00e5litlig prestanda. Skivbromsen har ett 6-pins skivbromsf\u00e4ste f\u00f6r effektiv bromsning i kr\u00e4vande terr\u00e4ng. Tubeless Ready-konstruktionen minskar risken f\u00f6r punktering och f\u00f6rb\u00e4ttrar \u00e5kkomforten och greppet. Hjulet \u00e4r l\u00e4tt och slitstarkt, vilket g\u00f6r det till ett utm\u00e4rkt val f\u00f6r varierad och m\u00e5ngsidig terr\u00e4ng. Den h\u00e4r skivan kombinerar modern design med t\u00e5liga material och kommer att berika alla mountainbikecyklisters utrustning.<\/p>","protected":false},"excerpt":{"rendered":"<p>Bontrager Kovee TLR -etukiekko, jossa on 32 pinnareik\u00e4\u00e4 ja 29 tuuman koko, on suunniteltu maastopy\u00f6r\u00e4ilij\u00f6ille, jotka vaativat luotettavaa suorituskyky\u00e4. Kiekossa k\u00e4ytet\u00e4\u00e4n 6-pulttista levyjarrukiinnityst\u00e4, mik\u00e4 takaa tehokkaan jarrutuksen vaativissa maastoissa. Tubeless Ready -rakenne v\u00e4hent\u00e4\u00e4 rengasrikkojen riski\u00e4 ja parantaa ajomukavuutta sek\u00e4 pitoa. Kiekko on kevyt rullattava ja kest\u00e4v\u00e4, mik\u00e4 tekee siit\u00e4 erinomaisen valinnan monipuolisiin ja vaihteleviin maastokohteisiin. [&#8230;]<\/p>\n<p><a class=\"btn btn-secondary understrap-read-more-link\" href=\"https:\/\/vmsport.fi\/sv\/verkkokauppa\/varaosat\/kiekot-ja-navat\/etukiekot\/bontrager-kovee-tlr-32-hole-29-6-bolt-disc-mtb-frontwheel\/\">L\u00e4s mer \u2026<span class=\"screen-reader-text\"> from Bontrager Kovee TLR 32 Hole 29&#8243; 6-Bolt Disc MTB FrontWheel<\/span><\/a><\/p>\n","protected":false},"featured_media":54689,"comment_status":"open","ping_status":"closed","template":"","meta":{"_acf_changed":false,"_improvement_type_select":"improve_an_existing","_thumb_yes_seoaic":false,"_frame_yes_seoaic":false,"seoaic_generate_description":"","seoaic_improve_instructions_prompt":"","seoaic_rollback_content_improvement":"","seoaic_idea_thumbnail_generator":"","thumbnail_generated":false,"thumbnail_generate_prompt":"","seoaic_article_description":"","_supplier_stock_quantity":0},"product_brand":[],"product_model":[],"product_cat":[9484],"product_tag":[],"industry-terminology":[],"class_list":{"0":"post-54690","1":"product","2":"type-product","3":"status-publish","4":"has-post-thumbnail","6":"product_cat-etukiekot","8":"first","9":"outofstock","10":"taxable","11":"shipping-taxable","12":"product-type-simple"},"acf":{"bike_features":null,"overview":{"copy_overview":null,"key_features":null,"statement":"","youtube_url":""}},"yoast_head":"<!-- This site is optimized with the Yoast SEO plugin v27.3 - https:\/\/yoast.com\/product\/yoast-seo-wordpress\/ -->\n<title>Bontrager Kovee TLR 32 Hole 29&quot; 6-Bolt Disc MTB FrontWheel - VM Sport<\/title>\n<meta name=\"robots\" content=\"index, follow, max-snippet:-1, max-image-preview:large, max-video-preview:-1\" \/>\n<link rel=\"canonical\" href=\"https:\/\/vmsport.fi\/sv\/webbutik\/reservdelar\/skivor-och-nav\/fram-falg\/bontrager-kovee-tlr-32-hal-29-6-bultar-disk-mtb-framhjul\/\" \/>\n<meta property=\"og:locale\" content=\"sv_SE\" \/>\n<meta property=\"og:type\" content=\"article\" \/>\n<meta property=\"og:title\" content=\"Bontrager Kovee TLR 32 Hole 29&quot; 6-Bolt Disc MTB FrontWheel - VM Sport\" \/>\n<meta property=\"og:description\" content=\"Bontrager Kovee TLR -etukiekko, jossa on 32 pinnareik\u00e4\u00e4 ja 29 tuuman koko, on suunniteltu maastopy\u00f6r\u00e4ilij\u00f6ille, jotka vaativat luotettavaa suorituskyky\u00e4. Kiekossa k\u00e4ytet\u00e4\u00e4n 6-pulttista levyjarrukiinnityst\u00e4, mik\u00e4 takaa tehokkaan jarrutuksen vaativissa maastoissa. Tubeless Ready -rakenne v\u00e4hent\u00e4\u00e4 rengasrikkojen riski\u00e4 ja parantaa ajomukavuutta sek\u00e4 pitoa. Kiekko on kevyt rullattava ja kest\u00e4v\u00e4, mik\u00e4 tekee siit\u00e4 erinomaisen valinnan monipuolisiin ja vaihteleviin maastokohteisiin. [...]L\u00e4s mer \u2026 from Bontrager Kovee TLR 32 Hole 29&#8243; 6-Bolt Disc MTB FrontWheel\" \/>\n<meta property=\"og:url\" content=\"https:\/\/vmsport.fi\/sv\/webbutik\/reservdelar\/skivor-och-nav\/fram-falg\/bontrager-kovee-tlr-32-hal-29-6-bultar-disk-mtb-framhjul\/\" \/>\n<meta property=\"og:site_name\" content=\"VM Sport\" \/>\n<meta property=\"article:publisher\" content=\"https:\/\/www.facebook.com\/Vmsport.fi\/\" \/>\n<meta property=\"article:modified_time\" content=\"2026-01-16T11:23:05+00:00\" \/>\n<meta property=\"og:image\" content=\"https:\/\/vmsport.fi\/wp-content\/uploads\/2025\/03\/BontragerKoveeTLR32Hole296BoltDiscMTBWheel-36043-A-Primary-1.jpg\" \/>\n\t<meta property=\"og:image:width\" content=\"1000\" \/>\n\t<meta property=\"og:image:height\" content=\"750\" \/>\n\t<meta property=\"og:image:type\" content=\"image\/jpeg\" \/>\n<meta name=\"twitter:card\" content=\"summary_large_image\" \/>\n<script type=\"application\/ld+json\" class=\"yoast-schema-graph\">{\"@context\":\"https:\\\/\\\/schema.org\",\"@graph\":[{\"@type\":[\"WebPage\",\"ItemPage\"],\"@id\":\"https:\\\/\\\/vmsport.fi\\\/verkkokauppa\\\/varaosat\\\/kiekot-ja-navat\\\/etukiekot\\\/bontrager-kovee-tlr-32-hole-29-6-bolt-disc-mtb-frontwheel\\\/\",\"url\":\"https:\\\/\\\/vmsport.fi\\\/verkkokauppa\\\/varaosat\\\/kiekot-ja-navat\\\/etukiekot\\\/bontrager-kovee-tlr-32-hole-29-6-bolt-disc-mtb-frontwheel\\\/\",\"name\":\"Bontrager Kovee TLR 32 Hole 29\\\" 6-Bolt Disc MTB FrontWheel - VM Sport\",\"isPartOf\":{\"@id\":\"https:\\\/\\\/vmsport.fi\\\/#website\"},\"primaryImageOfPage\":{\"@id\":\"https:\\\/\\\/vmsport.fi\\\/verkkokauppa\\\/varaosat\\\/kiekot-ja-navat\\\/etukiekot\\\/bontrager-kovee-tlr-32-hole-29-6-bolt-disc-mtb-frontwheel\\\/#primaryimage\"},\"image\":{\"@id\":\"https:\\\/\\\/vmsport.fi\\\/verkkokauppa\\\/varaosat\\\/kiekot-ja-navat\\\/etukiekot\\\/bontrager-kovee-tlr-32-hole-29-6-bolt-disc-mtb-frontwheel\\\/#primaryimage\"},\"thumbnailUrl\":\"https:\\\/\\\/vmsport.fi\\\/wp-content\\\/uploads\\\/2025\\\/03\\\/BontragerKoveeTLR32Hole296BoltDiscMTBWheel-36043-A-Primary-1.jpg\",\"datePublished\":\"2025-03-05T21:56:16+00:00\",\"dateModified\":\"2026-01-16T11:23:05+00:00\",\"breadcrumb\":{\"@id\":\"https:\\\/\\\/vmsport.fi\\\/verkkokauppa\\\/varaosat\\\/kiekot-ja-navat\\\/etukiekot\\\/bontrager-kovee-tlr-32-hole-29-6-bolt-disc-mtb-frontwheel\\\/#breadcrumb\"},\"inLanguage\":\"sv-SE\",\"potentialAction\":[{\"@type\":\"ReadAction\",\"target\":[\"https:\\\/\\\/vmsport.fi\\\/verkkokauppa\\\/varaosat\\\/kiekot-ja-navat\\\/etukiekot\\\/bontrager-kovee-tlr-32-hole-29-6-bolt-disc-mtb-frontwheel\\\/\"]}]},{\"@type\":\"ImageObject\",\"inLanguage\":\"sv-SE\",\"@id\":\"https:\\\/\\\/vmsport.fi\\\/verkkokauppa\\\/varaosat\\\/kiekot-ja-navat\\\/etukiekot\\\/bontrager-kovee-tlr-32-hole-29-6-bolt-disc-mtb-frontwheel\\\/#primaryimage\",\"url\":\"https:\\\/\\\/vmsport.fi\\\/wp-content\\\/uploads\\\/2025\\\/03\\\/BontragerKoveeTLR32Hole296BoltDiscMTBWheel-36043-A-Primary-1.jpg\",\"contentUrl\":\"https:\\\/\\\/vmsport.fi\\\/wp-content\\\/uploads\\\/2025\\\/03\\\/BontragerKoveeTLR32Hole296BoltDiscMTBWheel-36043-A-Primary-1.jpg\",\"width\":1000,\"height\":750,\"caption\":\"BontragerKoveeTLR32Hole296BoltDiscMTBWheel-36043-A-Primary\"},{\"@type\":\"BreadcrumbList\",\"@id\":\"https:\\\/\\\/vmsport.fi\\\/verkkokauppa\\\/varaosat\\\/kiekot-ja-navat\\\/etukiekot\\\/bontrager-kovee-tlr-32-hole-29-6-bolt-disc-mtb-frontwheel\\\/#breadcrumb\",\"itemListElement\":[{\"@type\":\"ListItem\",\"position\":1,\"name\":\"Etusivu\",\"item\":\"https:\\\/\\\/vmsport.fi\\\/\"},{\"@type\":\"ListItem\",\"position\":2,\"name\":\"Online Store\",\"item\":\"https:\\\/\\\/vmsport.fi\\\/en\\\/online-store\\\/\"},{\"@type\":\"ListItem\",\"position\":3,\"name\":\"Bontrager Kovee TLR 32 Hole 29&#8243; 6-Bolt Disc MTB FrontWheel\"}]},{\"@type\":\"WebSite\",\"@id\":\"https:\\\/\\\/vmsport.fi\\\/#website\",\"url\":\"https:\\\/\\\/vmsport.fi\\\/\",\"name\":\"Vmsport\",\"description\":\"Kaikki py\u00f6r\u00e4ilyyn yhdest\u00e4 paikasta\",\"publisher\":{\"@id\":\"https:\\\/\\\/vmsport.fi\\\/#organization\"},\"potentialAction\":[{\"@type\":\"SearchAction\",\"target\":{\"@type\":\"EntryPoint\",\"urlTemplate\":\"https:\\\/\\\/vmsport.fi\\\/?s={search_term_string}\"},\"query-input\":{\"@type\":\"PropertyValueSpecification\",\"valueRequired\":true,\"valueName\":\"search_term_string\"}}],\"inLanguage\":\"sv-SE\"},{\"@type\":\"Organization\",\"@id\":\"https:\\\/\\\/vmsport.fi\\\/#organization\",\"name\":\"Vmsport\",\"url\":\"https:\\\/\\\/vmsport.fi\\\/\",\"logo\":{\"@type\":\"ImageObject\",\"inLanguage\":\"sv-SE\",\"@id\":\"https:\\\/\\\/vmsport.fi\\\/#\\\/schema\\\/logo\\\/image\\\/\",\"url\":\"https:\\\/\\\/vmsport.fi\\\/wp-content\\\/uploads\\\/2024\\\/12\\\/vm_sport_RGB_horisontal-e1734526017575.png\",\"contentUrl\":\"https:\\\/\\\/vmsport.fi\\\/wp-content\\\/uploads\\\/2024\\\/12\\\/vm_sport_RGB_horisontal-e1734526017575.png\",\"width\":668,\"height\":85,\"caption\":\"Vmsport\"},\"image\":{\"@id\":\"https:\\\/\\\/vmsport.fi\\\/#\\\/schema\\\/logo\\\/image\\\/\"},\"sameAs\":[\"https:\\\/\\\/www.facebook.com\\\/Vmsport.fi\\\/\",\"https:\\\/\\\/www.instagram.com\\\/vmsport\\\/\"]}]}<\/script>\n<!-- \/ Yoast SEO plugin. -->","yoast_head_json":{"title":"Bontrager Kovee TLR 32 h\u00e5l 29\" 6-bult Disc MTB framhjul - VM Sport","robots":{"index":"index","follow":"follow","max-snippet":"max-snippet:-1","max-image-preview":"max-image-preview:large","max-video-preview":"max-video-preview:-1"},"canonical":"https:\/\/vmsport.fi\/sv\/webbutik\/reservdelar\/skivor-och-nav\/fram-falg\/bontrager-kovee-tlr-32-hal-29-6-bultar-disk-mtb-framhjul\/","og_locale":"sv_SE","og_type":"article","og_title":"Bontrager Kovee TLR 32 Hole 29\" 6-Bolt Disc MTB FrontWheel - VM Sport","og_description":"Bontrager Kovee TLR -etukiekko, jossa on 32 pinnareik\u00e4\u00e4 ja 29 tuuman koko, on suunniteltu maastopy\u00f6r\u00e4ilij\u00f6ille, jotka vaativat luotettavaa suorituskyky\u00e4. Kiekossa k\u00e4ytet\u00e4\u00e4n 6-pulttista levyjarrukiinnityst\u00e4, mik\u00e4 takaa tehokkaan jarrutuksen vaativissa maastoissa. Tubeless Ready -rakenne v\u00e4hent\u00e4\u00e4 rengasrikkojen riski\u00e4 ja parantaa ajomukavuutta sek\u00e4 pitoa. Kiekko on kevyt rullattava ja kest\u00e4v\u00e4, mik\u00e4 tekee siit\u00e4 erinomaisen valinnan monipuolisiin ja vaihteleviin maastokohteisiin. [...]L\u00e4s mer \u2026 from Bontrager Kovee TLR 32 Hole 29&#8243; 6-Bolt Disc MTB FrontWheel","og_url":"https:\/\/vmsport.fi\/sv\/webbutik\/reservdelar\/skivor-och-nav\/fram-falg\/bontrager-kovee-tlr-32-hal-29-6-bultar-disk-mtb-framhjul\/","og_site_name":"VM Sport","article_publisher":"https:\/\/www.facebook.com\/Vmsport.fi\/","article_modified_time":"2026-01-16T11:23:05+00:00","og_image":[{"width":1000,"height":750,"url":"https:\/\/vmsport.fi\/wp-content\/uploads\/2025\/03\/BontragerKoveeTLR32Hole296BoltDiscMTBWheel-36043-A-Primary-1.jpg","type":"image\/jpeg"}],"twitter_card":"summary_large_image","schema":{"@context":"https:\/\/schema.org","@graph":[{"@type":["WebPage","ItemPage"],"@id":"https:\/\/vmsport.fi\/verkkokauppa\/varaosat\/kiekot-ja-navat\/etukiekot\/bontrager-kovee-tlr-32-hole-29-6-bolt-disc-mtb-frontwheel\/","url":"https:\/\/vmsport.fi\/verkkokauppa\/varaosat\/kiekot-ja-navat\/etukiekot\/bontrager-kovee-tlr-32-hole-29-6-bolt-disc-mtb-frontwheel\/","name":"Bontrager Kovee TLR 32 h\u00e5l 29\" 6-bult Disc MTB framhjul - VM Sport","isPartOf":{"@id":"https:\/\/vmsport.fi\/#website"},"primaryImageOfPage":{"@id":"https:\/\/vmsport.fi\/verkkokauppa\/varaosat\/kiekot-ja-navat\/etukiekot\/bontrager-kovee-tlr-32-hole-29-6-bolt-disc-mtb-frontwheel\/#primaryimage"},"image":{"@id":"https:\/\/vmsport.fi\/verkkokauppa\/varaosat\/kiekot-ja-navat\/etukiekot\/bontrager-kovee-tlr-32-hole-29-6-bolt-disc-mtb-frontwheel\/#primaryimage"},"thumbnailUrl":"https:\/\/vmsport.fi\/wp-content\/uploads\/2025\/03\/BontragerKoveeTLR32Hole296BoltDiscMTBWheel-36043-A-Primary-1.jpg","datePublished":"2025-03-05T21:56:16+00:00","dateModified":"2026-01-16T11:23:05+00:00","breadcrumb":{"@id":"https:\/\/vmsport.fi\/verkkokauppa\/varaosat\/kiekot-ja-navat\/etukiekot\/bontrager-kovee-tlr-32-hole-29-6-bolt-disc-mtb-frontwheel\/#breadcrumb"},"inLanguage":"sv-SE","potentialAction":[{"@type":"ReadAction","target":["https:\/\/vmsport.fi\/verkkokauppa\/varaosat\/kiekot-ja-navat\/etukiekot\/bontrager-kovee-tlr-32-hole-29-6-bolt-disc-mtb-frontwheel\/"]}]},{"@type":"ImageObject","inLanguage":"sv-SE","@id":"https:\/\/vmsport.fi\/verkkokauppa\/varaosat\/kiekot-ja-navat\/etukiekot\/bontrager-kovee-tlr-32-hole-29-6-bolt-disc-mtb-frontwheel\/#primaryimage","url":"https:\/\/vmsport.fi\/wp-content\/uploads\/2025\/03\/BontragerKoveeTLR32Hole296BoltDiscMTBWheel-36043-A-Primary-1.jpg","contentUrl":"https:\/\/vmsport.fi\/wp-content\/uploads\/2025\/03\/BontragerKoveeTLR32Hole296BoltDiscMTBWheel-36043-A-Primary-1.jpg","width":1000,"height":750,"caption":"BontragerKoveeTLR32Hole296BoltDiscMTBWheel-36043-A-Primary"},{"@type":"BreadcrumbList","@id":"https:\/\/vmsport.fi\/verkkokauppa\/varaosat\/kiekot-ja-navat\/etukiekot\/bontrager-kovee-tlr-32-hole-29-6-bolt-disc-mtb-frontwheel\/#breadcrumb","itemListElement":[{"@type":"ListItem","position":1,"name":"Etusivu","item":"https:\/\/vmsport.fi\/"},{"@type":"ListItem","position":2,"name":"Online Store","item":"https:\/\/vmsport.fi\/en\/online-store\/"},{"@type":"ListItem","position":3,"name":"Bontrager Kovee TLR 32 Hole 29&#8243; 6-Bolt Disc MTB FrontWheel"}]},{"@type":"WebSite","@id":"https:\/\/vmsport.fi\/#website","url":"https:\/\/vmsport.fi\/","name":"Vmsport","description":"Allt p\u00e5 ett st\u00e4lle f\u00f6r cykling","publisher":{"@id":"https:\/\/vmsport.fi\/#organization"},"potentialAction":[{"@type":"SearchAction","target":{"@type":"EntryPoint","urlTemplate":"https:\/\/vmsport.fi\/?s={search_term_string}"},"query-input":{"@type":"PropertyValueSpecification","valueRequired":true,"valueName":"search_term_string"}}],"inLanguage":"sv-SE"},{"@type":"Organization","@id":"https:\/\/vmsport.fi\/#organization","name":"Vmsport","url":"https:\/\/vmsport.fi\/","logo":{"@type":"ImageObject","inLanguage":"sv-SE","@id":"https:\/\/vmsport.fi\/#\/schema\/logo\/image\/","url":"https:\/\/vmsport.fi\/wp-content\/uploads\/2024\/12\/vm_sport_RGB_horisontal-e1734526017575.png","contentUrl":"https:\/\/vmsport.fi\/wp-content\/uploads\/2024\/12\/vm_sport_RGB_horisontal-e1734526017575.png","width":668,"height":85,"caption":"Vmsport"},"image":{"@id":"https:\/\/vmsport.fi\/#\/schema\/logo\/image\/"},"sameAs":["https:\/\/www.facebook.com\/Vmsport.fi\/","https:\/\/www.instagram.com\/vmsport\/"]}]}},"global_unique_id":"","_links":{"self":[{"href":"https:\/\/vmsport.fi\/sv\/wp-json\/wp\/v2\/product\/54690","targetHints":{"allow":["GET"]}}],"collection":[{"href":"https:\/\/vmsport.fi\/sv\/wp-json\/wp\/v2\/product"}],"about":[{"href":"https:\/\/vmsport.fi\/sv\/wp-json\/wp\/v2\/types\/product"}],"replies":[{"embeddable":true,"href":"https:\/\/vmsport.fi\/sv\/wp-json\/wp\/v2\/comments?post=54690"}],"wp:featuredmedia":[{"embeddable":true,"href":"https:\/\/vmsport.fi\/sv\/wp-json\/wp\/v2\/media\/54689"}],"wp:attachment":[{"href":"https:\/\/vmsport.fi\/sv\/wp-json\/wp\/v2\/media?parent=54690"}],"wp:term":[{"taxonomy":"product_brand","embeddable":true,"href":"https:\/\/vmsport.fi\/sv\/wp-json\/wp\/v2\/product_brand?post=54690"},{"taxonomy":"product_model","embeddable":true,"href":"https:\/\/vmsport.fi\/sv\/wp-json\/wp\/v2\/product_model?post=54690"},{"taxonomy":"product_cat","embeddable":true,"href":"https:\/\/vmsport.fi\/sv\/wp-json\/wp\/v2\/product_cat?post=54690"},{"taxonomy":"product_tag","embeddable":true,"href":"https:\/\/vmsport.fi\/sv\/wp-json\/wp\/v2\/product_tag?post=54690"},{"taxonomy":"industry_terminology","embeddable":true,"href":"https:\/\/vmsport.fi\/sv\/wp-json\/wp\/v2\/industry-terminology?post=54690"}],"curies":[{"name":"wp","href":"https:\/\/api.w.org\/{rel}","templated":true}]}}