{"id":54686,"date":"2025-03-05T23:56:14","date_gmt":"2025-03-05T21:56:14","guid":{"rendered":"https:\/\/vmsport.fi\/verkkokauppa\/Ei-luokiteltu\/bontrager-little-dipper-lasten-kypara\/"},"modified":"2026-01-16T13:29:14","modified_gmt":"2026-01-16T11:29:14","slug":"bontrager-little-dipper-barn-kypara","status":"publish","type":"product","link":"https:\/\/vmsport.fi\/sv\/verkkokauppa\/ajovarusteet\/kyparat\/lasten-kyparat\/bontrager-little-dipper-lasten-kypara\/","title":{"rendered":"Bontrager Little Dipper Hj\u00e4lm f\u00f6r barn"},"content":{"rendered":"<p>Bontrager Little Dipper Kids Helmet \u00e4r utformad f\u00f6r att h\u00e5lla barnen s\u00e4kra p\u00e5 cykeln och ger utm\u00e4rkt skydd. Den l\u00e4tta konstruktionen g\u00f6r den bekv\u00e4m att b\u00e4ra och den justerbara passformen ger perfekt komfort f\u00f6r huvuden i alla storlekar. Hj\u00e4lmens snygga bl\u00e5 f\u00e4rg tilltalar b\u00e5de barn och f\u00f6r\u00e4ldrar, i kombination med en slitstark design som t\u00e5l att anv\u00e4ndas och st\u00e5 emot tidens tand. Den h\u00e4r Bontrager-hj\u00e4lmen \u00e4r ett utm\u00e4rkt val n\u00e4r du vill skydda ditt barns huvud med omsorg.<\/p>","protected":false},"excerpt":{"rendered":"<p>Bontrager Little Dipper -lastenkyp\u00e4r\u00e4 on suunniteltu takaamaan lapsille turvallisuuden py\u00f6r\u00e4ilyss\u00e4, ja se tarjoaa erinomaisen suojan. Kevyt rakenne tekee siit\u00e4 miellytt\u00e4v\u00e4n k\u00e4ytt\u00e4\u00e4, ja s\u00e4\u00e4dett\u00e4v\u00e4 istuvuus takaa t\u00e4ydellisen mukavuuden erikokoisille p\u00e4ille. Kyp\u00e4r\u00e4n tyylik\u00e4s sininen v\u00e4ri miellytt\u00e4\u00e4 sek\u00e4 lapsia ett\u00e4 vanhempia ja yhdistyy kest\u00e4v\u00e4\u00e4n muotoiluun, joka kest\u00e4\u00e4 aikaa ja k\u00e4ytt\u00f6\u00e4. T\u00e4m\u00e4 Bontrager-kyp\u00e4r\u00e4 on loistava valinta, kun haluat suojata [&#8230;]<\/p>\n<p><a class=\"btn btn-secondary understrap-read-more-link\" href=\"https:\/\/vmsport.fi\/sv\/verkkokauppa\/ajovarusteet\/kyparat\/lasten-kyparat\/bontrager-little-dipper-lasten-kypara\/\">L\u00e4s mer \u2026<span class=\"screen-reader-text\"> from Bontrager Little Dipper Lasten kyp\u00e4r\u00e4<\/span><\/a><\/p>\n","protected":false},"featured_media":54685,"comment_status":"open","ping_status":"closed","template":"","meta":{"_acf_changed":false,"_improvement_type_select":"improve_an_existing","_thumb_yes_seoaic":false,"_frame_yes_seoaic":false,"seoaic_generate_description":"","seoaic_improve_instructions_prompt":"","seoaic_rollback_content_improvement":"","seoaic_idea_thumbnail_generator":"","thumbnail_generated":false,"thumbnail_generate_prompt":"","seoaic_article_description":"","_supplier_stock_quantity":0},"product_brand":[],"product_model":[],"product_cat":[9518],"product_tag":[],"industry-terminology":[],"class_list":{"0":"post-54686","1":"product","2":"type-product","3":"status-publish","4":"has-post-thumbnail","6":"product_cat-lasten-kyparat","8":"first","9":"instock","10":"taxable","11":"shipping-taxable","12":"purchasable","13":"product-type-variable"},"acf":{"bike_features":null,"overview":{"copy_overview":null,"key_features":null,"statement":"","youtube_url":""}},"yoast_head":"<!-- This site is optimized with the Yoast SEO plugin v27.3 - https:\/\/yoast.com\/product\/yoast-seo-wordpress\/ -->\n<title>Bontrager Little Dipper Lasten kyp\u00e4r\u00e4 - VM Sport<\/title>\n<meta name=\"robots\" content=\"index, follow, max-snippet:-1, max-image-preview:large, max-video-preview:-1\" \/>\n<link rel=\"canonical\" href=\"https:\/\/vmsport.fi\/sv\/webbutik\/korutrustning\/kyparat\/kyparat-for-barn\/bontrager-little-dipper-barn-kypara\/\" \/>\n<meta property=\"og:locale\" content=\"sv_SE\" \/>\n<meta property=\"og:type\" content=\"article\" \/>\n<meta property=\"og:title\" content=\"Bontrager Little Dipper Lasten kyp\u00e4r\u00e4 - VM Sport\" \/>\n<meta property=\"og:description\" content=\"Bontrager Little Dipper -lastenkyp\u00e4r\u00e4 on suunniteltu takaamaan lapsille turvallisuuden py\u00f6r\u00e4ilyss\u00e4, ja se tarjoaa erinomaisen suojan. Kevyt rakenne tekee siit\u00e4 miellytt\u00e4v\u00e4n k\u00e4ytt\u00e4\u00e4, ja s\u00e4\u00e4dett\u00e4v\u00e4 istuvuus takaa t\u00e4ydellisen mukavuuden erikokoisille p\u00e4ille. Kyp\u00e4r\u00e4n tyylik\u00e4s sininen v\u00e4ri miellytt\u00e4\u00e4 sek\u00e4 lapsia ett\u00e4 vanhempia ja yhdistyy kest\u00e4v\u00e4\u00e4n muotoiluun, joka kest\u00e4\u00e4 aikaa ja k\u00e4ytt\u00f6\u00e4. T\u00e4m\u00e4 Bontrager-kyp\u00e4r\u00e4 on loistava valinta, kun haluat suojata [...]L\u00e4s mer \u2026 from Bontrager Little Dipper Lasten kyp\u00e4r\u00e4\" \/>\n<meta property=\"og:url\" content=\"https:\/\/vmsport.fi\/sv\/webbutik\/korutrustning\/kyparat\/kyparat-for-barn\/bontrager-little-dipper-barn-kypara\/\" \/>\n<meta property=\"og:site_name\" content=\"VM Sport\" \/>\n<meta property=\"article:publisher\" content=\"https:\/\/www.facebook.com\/Vmsport.fi\/\" \/>\n<meta property=\"article:modified_time\" content=\"2026-01-16T11:29:14+00:00\" \/>\n<meta property=\"og:image\" content=\"https:\/\/vmsport.fi\/wp-content\/uploads\/2025\/03\/BontragerLittleDipperHelmetCE-30489-D-Primary-1.jpg\" \/>\n\t<meta property=\"og:image:width\" content=\"1000\" \/>\n\t<meta property=\"og:image:height\" content=\"750\" \/>\n\t<meta property=\"og:image:type\" content=\"image\/jpeg\" \/>\n<meta name=\"twitter:card\" content=\"summary_large_image\" \/>\n<script type=\"application\/ld+json\" class=\"yoast-schema-graph\">{\"@context\":\"https:\\\/\\\/schema.org\",\"@graph\":[{\"@type\":[\"WebPage\",\"ItemPage\"],\"@id\":\"https:\\\/\\\/vmsport.fi\\\/verkkokauppa\\\/ajovarusteet\\\/kyparat\\\/lasten-kyparat\\\/bontrager-little-dipper-lasten-kypara\\\/\",\"url\":\"https:\\\/\\\/vmsport.fi\\\/verkkokauppa\\\/ajovarusteet\\\/kyparat\\\/lasten-kyparat\\\/bontrager-little-dipper-lasten-kypara\\\/\",\"name\":\"Bontrager Little Dipper Lasten kyp\u00e4r\u00e4 - VM Sport\",\"isPartOf\":{\"@id\":\"https:\\\/\\\/vmsport.fi\\\/#website\"},\"primaryImageOfPage\":{\"@id\":\"https:\\\/\\\/vmsport.fi\\\/verkkokauppa\\\/ajovarusteet\\\/kyparat\\\/lasten-kyparat\\\/bontrager-little-dipper-lasten-kypara\\\/#primaryimage\"},\"image\":{\"@id\":\"https:\\\/\\\/vmsport.fi\\\/verkkokauppa\\\/ajovarusteet\\\/kyparat\\\/lasten-kyparat\\\/bontrager-little-dipper-lasten-kypara\\\/#primaryimage\"},\"thumbnailUrl\":\"https:\\\/\\\/vmsport.fi\\\/wp-content\\\/uploads\\\/2025\\\/03\\\/BontragerLittleDipperHelmetCE-30489-D-Primary-1.jpg\",\"datePublished\":\"2025-03-05T21:56:14+00:00\",\"dateModified\":\"2026-01-16T11:29:14+00:00\",\"breadcrumb\":{\"@id\":\"https:\\\/\\\/vmsport.fi\\\/verkkokauppa\\\/ajovarusteet\\\/kyparat\\\/lasten-kyparat\\\/bontrager-little-dipper-lasten-kypara\\\/#breadcrumb\"},\"inLanguage\":\"sv-SE\",\"potentialAction\":[{\"@type\":\"ReadAction\",\"target\":[\"https:\\\/\\\/vmsport.fi\\\/verkkokauppa\\\/ajovarusteet\\\/kyparat\\\/lasten-kyparat\\\/bontrager-little-dipper-lasten-kypara\\\/\"]}]},{\"@type\":\"ImageObject\",\"inLanguage\":\"sv-SE\",\"@id\":\"https:\\\/\\\/vmsport.fi\\\/verkkokauppa\\\/ajovarusteet\\\/kyparat\\\/lasten-kyparat\\\/bontrager-little-dipper-lasten-kypara\\\/#primaryimage\",\"url\":\"https:\\\/\\\/vmsport.fi\\\/wp-content\\\/uploads\\\/2025\\\/03\\\/BontragerLittleDipperHelmetCE-30489-D-Primary-1.jpg\",\"contentUrl\":\"https:\\\/\\\/vmsport.fi\\\/wp-content\\\/uploads\\\/2025\\\/03\\\/BontragerLittleDipperHelmetCE-30489-D-Primary-1.jpg\",\"width\":1000,\"height\":750,\"caption\":\"BontragerLittleDipperHelmetCE-30489-D-Primary\"},{\"@type\":\"BreadcrumbList\",\"@id\":\"https:\\\/\\\/vmsport.fi\\\/verkkokauppa\\\/ajovarusteet\\\/kyparat\\\/lasten-kyparat\\\/bontrager-little-dipper-lasten-kypara\\\/#breadcrumb\",\"itemListElement\":[{\"@type\":\"ListItem\",\"position\":1,\"name\":\"Etusivu\",\"item\":\"https:\\\/\\\/vmsport.fi\\\/\"},{\"@type\":\"ListItem\",\"position\":2,\"name\":\"Online Store\",\"item\":\"https:\\\/\\\/vmsport.fi\\\/en\\\/online-store\\\/\"},{\"@type\":\"ListItem\",\"position\":3,\"name\":\"Bontrager Little Dipper Lasten kyp\u00e4r\u00e4\"}]},{\"@type\":\"WebSite\",\"@id\":\"https:\\\/\\\/vmsport.fi\\\/#website\",\"url\":\"https:\\\/\\\/vmsport.fi\\\/\",\"name\":\"Vmsport\",\"description\":\"Kaikki py\u00f6r\u00e4ilyyn yhdest\u00e4 paikasta\",\"publisher\":{\"@id\":\"https:\\\/\\\/vmsport.fi\\\/#organization\"},\"potentialAction\":[{\"@type\":\"SearchAction\",\"target\":{\"@type\":\"EntryPoint\",\"urlTemplate\":\"https:\\\/\\\/vmsport.fi\\\/?s={search_term_string}\"},\"query-input\":{\"@type\":\"PropertyValueSpecification\",\"valueRequired\":true,\"valueName\":\"search_term_string\"}}],\"inLanguage\":\"sv-SE\"},{\"@type\":\"Organization\",\"@id\":\"https:\\\/\\\/vmsport.fi\\\/#organization\",\"name\":\"Vmsport\",\"url\":\"https:\\\/\\\/vmsport.fi\\\/\",\"logo\":{\"@type\":\"ImageObject\",\"inLanguage\":\"sv-SE\",\"@id\":\"https:\\\/\\\/vmsport.fi\\\/#\\\/schema\\\/logo\\\/image\\\/\",\"url\":\"https:\\\/\\\/vmsport.fi\\\/wp-content\\\/uploads\\\/2024\\\/12\\\/vm_sport_RGB_horisontal-e1734526017575.png\",\"contentUrl\":\"https:\\\/\\\/vmsport.fi\\\/wp-content\\\/uploads\\\/2024\\\/12\\\/vm_sport_RGB_horisontal-e1734526017575.png\",\"width\":668,\"height\":85,\"caption\":\"Vmsport\"},\"image\":{\"@id\":\"https:\\\/\\\/vmsport.fi\\\/#\\\/schema\\\/logo\\\/image\\\/\"},\"sameAs\":[\"https:\\\/\\\/www.facebook.com\\\/Vmsport.fi\\\/\",\"https:\\\/\\\/www.instagram.com\\\/vmsport\\\/\"]}]}<\/script>\n<!-- \/ Yoast SEO plugin. -->","yoast_head_json":{"title":"Bontrager Little Dipper barnhj\u00e4lm - VM Sport","robots":{"index":"index","follow":"follow","max-snippet":"max-snippet:-1","max-image-preview":"max-image-preview:large","max-video-preview":"max-video-preview:-1"},"canonical":"https:\/\/vmsport.fi\/sv\/webbutik\/korutrustning\/kyparat\/kyparat-for-barn\/bontrager-little-dipper-barn-kypara\/","og_locale":"sv_SE","og_type":"article","og_title":"Bontrager Little Dipper Lasten kyp\u00e4r\u00e4 - VM Sport","og_description":"Bontrager Little Dipper -lastenkyp\u00e4r\u00e4 on suunniteltu takaamaan lapsille turvallisuuden py\u00f6r\u00e4ilyss\u00e4, ja se tarjoaa erinomaisen suojan. Kevyt rakenne tekee siit\u00e4 miellytt\u00e4v\u00e4n k\u00e4ytt\u00e4\u00e4, ja s\u00e4\u00e4dett\u00e4v\u00e4 istuvuus takaa t\u00e4ydellisen mukavuuden erikokoisille p\u00e4ille. Kyp\u00e4r\u00e4n tyylik\u00e4s sininen v\u00e4ri miellytt\u00e4\u00e4 sek\u00e4 lapsia ett\u00e4 vanhempia ja yhdistyy kest\u00e4v\u00e4\u00e4n muotoiluun, joka kest\u00e4\u00e4 aikaa ja k\u00e4ytt\u00f6\u00e4. T\u00e4m\u00e4 Bontrager-kyp\u00e4r\u00e4 on loistava valinta, kun haluat suojata [...]L\u00e4s mer \u2026 from Bontrager Little Dipper Lasten kyp\u00e4r\u00e4","og_url":"https:\/\/vmsport.fi\/sv\/webbutik\/korutrustning\/kyparat\/kyparat-for-barn\/bontrager-little-dipper-barn-kypara\/","og_site_name":"VM Sport","article_publisher":"https:\/\/www.facebook.com\/Vmsport.fi\/","article_modified_time":"2026-01-16T11:29:14+00:00","og_image":[{"width":1000,"height":750,"url":"https:\/\/vmsport.fi\/wp-content\/uploads\/2025\/03\/BontragerLittleDipperHelmetCE-30489-D-Primary-1.jpg","type":"image\/jpeg"}],"twitter_card":"summary_large_image","schema":{"@context":"https:\/\/schema.org","@graph":[{"@type":["WebPage","ItemPage"],"@id":"https:\/\/vmsport.fi\/verkkokauppa\/ajovarusteet\/kyparat\/lasten-kyparat\/bontrager-little-dipper-lasten-kypara\/","url":"https:\/\/vmsport.fi\/verkkokauppa\/ajovarusteet\/kyparat\/lasten-kyparat\/bontrager-little-dipper-lasten-kypara\/","name":"Bontrager Little Dipper barnhj\u00e4lm - VM Sport","isPartOf":{"@id":"https:\/\/vmsport.fi\/#website"},"primaryImageOfPage":{"@id":"https:\/\/vmsport.fi\/verkkokauppa\/ajovarusteet\/kyparat\/lasten-kyparat\/bontrager-little-dipper-lasten-kypara\/#primaryimage"},"image":{"@id":"https:\/\/vmsport.fi\/verkkokauppa\/ajovarusteet\/kyparat\/lasten-kyparat\/bontrager-little-dipper-lasten-kypara\/#primaryimage"},"thumbnailUrl":"https:\/\/vmsport.fi\/wp-content\/uploads\/2025\/03\/BontragerLittleDipperHelmetCE-30489-D-Primary-1.jpg","datePublished":"2025-03-05T21:56:14+00:00","dateModified":"2026-01-16T11:29:14+00:00","breadcrumb":{"@id":"https:\/\/vmsport.fi\/verkkokauppa\/ajovarusteet\/kyparat\/lasten-kyparat\/bontrager-little-dipper-lasten-kypara\/#breadcrumb"},"inLanguage":"sv-SE","potentialAction":[{"@type":"ReadAction","target":["https:\/\/vmsport.fi\/verkkokauppa\/ajovarusteet\/kyparat\/lasten-kyparat\/bontrager-little-dipper-lasten-kypara\/"]}]},{"@type":"ImageObject","inLanguage":"sv-SE","@id":"https:\/\/vmsport.fi\/verkkokauppa\/ajovarusteet\/kyparat\/lasten-kyparat\/bontrager-little-dipper-lasten-kypara\/#primaryimage","url":"https:\/\/vmsport.fi\/wp-content\/uploads\/2025\/03\/BontragerLittleDipperHelmetCE-30489-D-Primary-1.jpg","contentUrl":"https:\/\/vmsport.fi\/wp-content\/uploads\/2025\/03\/BontragerLittleDipperHelmetCE-30489-D-Primary-1.jpg","width":1000,"height":750,"caption":"BontragerLittleDipperHelmetCE-30489-D-Primary"},{"@type":"BreadcrumbList","@id":"https:\/\/vmsport.fi\/verkkokauppa\/ajovarusteet\/kyparat\/lasten-kyparat\/bontrager-little-dipper-lasten-kypara\/#breadcrumb","itemListElement":[{"@type":"ListItem","position":1,"name":"Etusivu","item":"https:\/\/vmsport.fi\/"},{"@type":"ListItem","position":2,"name":"Online Store","item":"https:\/\/vmsport.fi\/en\/online-store\/"},{"@type":"ListItem","position":3,"name":"Bontrager Little Dipper Lasten kyp\u00e4r\u00e4"}]},{"@type":"WebSite","@id":"https:\/\/vmsport.fi\/#website","url":"https:\/\/vmsport.fi\/","name":"Vmsport","description":"Allt p\u00e5 ett st\u00e4lle f\u00f6r cykling","publisher":{"@id":"https:\/\/vmsport.fi\/#organization"},"potentialAction":[{"@type":"SearchAction","target":{"@type":"EntryPoint","urlTemplate":"https:\/\/vmsport.fi\/?s={search_term_string}"},"query-input":{"@type":"PropertyValueSpecification","valueRequired":true,"valueName":"search_term_string"}}],"inLanguage":"sv-SE"},{"@type":"Organization","@id":"https:\/\/vmsport.fi\/#organization","name":"Vmsport","url":"https:\/\/vmsport.fi\/","logo":{"@type":"ImageObject","inLanguage":"sv-SE","@id":"https:\/\/vmsport.fi\/#\/schema\/logo\/image\/","url":"https:\/\/vmsport.fi\/wp-content\/uploads\/2024\/12\/vm_sport_RGB_horisontal-e1734526017575.png","contentUrl":"https:\/\/vmsport.fi\/wp-content\/uploads\/2024\/12\/vm_sport_RGB_horisontal-e1734526017575.png","width":668,"height":85,"caption":"Vmsport"},"image":{"@id":"https:\/\/vmsport.fi\/#\/schema\/logo\/image\/"},"sameAs":["https:\/\/www.facebook.com\/Vmsport.fi\/","https:\/\/www.instagram.com\/vmsport\/"]}]}},"global_unique_id":"","_links":{"self":[{"href":"https:\/\/vmsport.fi\/sv\/wp-json\/wp\/v2\/product\/54686","targetHints":{"allow":["GET"]}}],"collection":[{"href":"https:\/\/vmsport.fi\/sv\/wp-json\/wp\/v2\/product"}],"about":[{"href":"https:\/\/vmsport.fi\/sv\/wp-json\/wp\/v2\/types\/product"}],"replies":[{"embeddable":true,"href":"https:\/\/vmsport.fi\/sv\/wp-json\/wp\/v2\/comments?post=54686"}],"wp:featuredmedia":[{"embeddable":true,"href":"https:\/\/vmsport.fi\/sv\/wp-json\/wp\/v2\/media\/54685"}],"wp:attachment":[{"href":"https:\/\/vmsport.fi\/sv\/wp-json\/wp\/v2\/media?parent=54686"}],"wp:term":[{"taxonomy":"product_brand","embeddable":true,"href":"https:\/\/vmsport.fi\/sv\/wp-json\/wp\/v2\/product_brand?post=54686"},{"taxonomy":"product_model","embeddable":true,"href":"https:\/\/vmsport.fi\/sv\/wp-json\/wp\/v2\/product_model?post=54686"},{"taxonomy":"product_cat","embeddable":true,"href":"https:\/\/vmsport.fi\/sv\/wp-json\/wp\/v2\/product_cat?post=54686"},{"taxonomy":"product_tag","embeddable":true,"href":"https:\/\/vmsport.fi\/sv\/wp-json\/wp\/v2\/product_tag?post=54686"},{"taxonomy":"industry_terminology","embeddable":true,"href":"https:\/\/vmsport.fi\/sv\/wp-json\/wp\/v2\/industry-terminology?post=54686"}],"curies":[{"name":"wp","href":"https:\/\/api.w.org\/{rel}","templated":true}]}}