{"id":54684,"date":"2025-03-05T23:56:13","date_gmt":"2025-03-05T21:56:13","guid":{"rendered":"https:\/\/vmsport.fi\/verkkokauppa\/Ei-luokiteltu\/vannenauha-herrmans-hpm-24-507-20mm\/"},"modified":"2026-01-16T13:21:00","modified_gmt":"2026-01-16T11:21:00","slug":"falgband-herrmans-hpm-24-507-20mm","status":"publish","type":"product","link":"https:\/\/vmsport.fi\/sv\/verkkokauppa\/renkaat\/sisarenkaat\/vannenauha-herrmans-hpm-24-507-20mm\/","title":{"rendered":"Rem HERRMANS HPM 24\u2033\/507, 20mm"},"content":{"rendered":"<p>HERRMANS HPM f\u00e4lgtejp \u00e4r utformad f\u00f6r att ge utm\u00e4rkt h\u00e5llbarhet och punkteringsskydd f\u00f6r cykelf\u00e4lgar. Dess m\u00e5tt p\u00e5 24 tum och en bredd p\u00e5 20 mm g\u00f6r den s\u00e4rskilt l\u00e4mplig f\u00f6r 507 mm f\u00e4lgar. HPM-modellen \u00e4r f\u00f6rst\u00e4rkt med slagskyddsegenskaper och klarar ett maximalt tryck p\u00e5 upp till 6 bar (87 psi). Den h\u00e4r bl\u00e5 f\u00e4lgtejpen \u00e4r det perfekta valet n\u00e4r du vill g\u00f6ra dina d\u00e4ck mer p\u00e5litliga och s\u00e4kra. Det \u00e4r ett effektivt och praktiskt tillbeh\u00f6r f\u00f6r alla cyklister.<\/p>","protected":false},"excerpt":{"rendered":"<p>HERRMANS HPM -vannenauha on suunniteltu tarjoamaan erinomaisen kest\u00e4vyyden ja puhkaisusuojan polkupy\u00f6r\u00e4n vanteisiin. Sen mitat, 24 tuumaa ja leveys 20 mm, tekev\u00e4t siit\u00e4 sopivan erityisesti 507 mm vanteisiin. HPM-malli on vahvistettu iskuilta suojaavin ominaisuuksin ja kest\u00e4\u00e4 jopa 6 baarin (87 psi) maksimipaineen. T\u00e4m\u00e4 sininen vannenauha on t\u00e4ydellinen valinta, kun haluat lis\u00e4t\u00e4 luotettavuutta ja turvallisuutta renkaillesi. Se [&#8230;]<\/p>\n<p><a class=\"btn btn-secondary understrap-read-more-link\" href=\"https:\/\/vmsport.fi\/sv\/verkkokauppa\/renkaat\/sisarenkaat\/vannenauha-herrmans-hpm-24-507-20mm\/\">L\u00e4s mer \u2026<span class=\"screen-reader-text\"> from Vannenauha HERRMANS HPM 24&#8243;\/507, 20mm<\/span><\/a><\/p>\n","protected":false},"featured_media":54683,"comment_status":"open","ping_status":"closed","template":"","meta":{"_acf_changed":false,"_improvement_type_select":"improve_an_existing","_thumb_yes_seoaic":false,"_frame_yes_seoaic":false,"seoaic_generate_description":"","seoaic_improve_instructions_prompt":"","seoaic_rollback_content_improvement":"","seoaic_idea_thumbnail_generator":"","thumbnail_generated":false,"thumbnail_generate_prompt":"","seoaic_article_description":"","_supplier_stock_quantity":0},"product_brand":[],"product_model":[],"product_cat":[9312],"product_tag":[],"industry-terminology":[],"class_list":{"0":"post-54684","1":"product","2":"type-product","3":"status-publish","4":"has-post-thumbnail","6":"product_cat-sisarenkaat","8":"first","9":"outofstock","10":"taxable","11":"shipping-taxable","12":"product-type-simple"},"acf":{"bike_features":null,"overview":{"copy_overview":null,"key_features":null,"statement":"","youtube_url":""}},"yoast_head":"<!-- This site is optimized with the Yoast SEO plugin v27.3 - https:\/\/yoast.com\/product\/yoast-seo-wordpress\/ -->\n<title>Vannenauha HERRMANS HPM 24&quot;\/507, 20mm - VM Sport<\/title>\n<meta name=\"robots\" content=\"index, follow, max-snippet:-1, max-image-preview:large, max-video-preview:-1\" \/>\n<link rel=\"canonical\" href=\"https:\/\/vmsport.fi\/sv\/webbutik\/dack\/systerdack\/falgband-herrmans-hpm-24-507-20mm\/\" \/>\n<meta property=\"og:locale\" content=\"sv_SE\" \/>\n<meta property=\"og:type\" content=\"article\" \/>\n<meta property=\"og:title\" content=\"Vannenauha HERRMANS HPM 24&quot;\/507, 20mm - VM Sport\" \/>\n<meta property=\"og:description\" content=\"HERRMANS HPM -vannenauha on suunniteltu tarjoamaan erinomaisen kest\u00e4vyyden ja puhkaisusuojan polkupy\u00f6r\u00e4n vanteisiin. Sen mitat, 24 tuumaa ja leveys 20 mm, tekev\u00e4t siit\u00e4 sopivan erityisesti 507 mm vanteisiin. HPM-malli on vahvistettu iskuilta suojaavin ominaisuuksin ja kest\u00e4\u00e4 jopa 6 baarin (87 psi) maksimipaineen. T\u00e4m\u00e4 sininen vannenauha on t\u00e4ydellinen valinta, kun haluat lis\u00e4t\u00e4 luotettavuutta ja turvallisuutta renkaillesi. Se [...]L\u00e4s mer \u2026 from Vannenauha HERRMANS HPM 24&#8243;\/507, 20mm\" \/>\n<meta property=\"og:url\" content=\"https:\/\/vmsport.fi\/sv\/webbutik\/dack\/systerdack\/falgband-herrmans-hpm-24-507-20mm\/\" \/>\n<meta property=\"og:site_name\" content=\"VM Sport\" \/>\n<meta property=\"article:publisher\" content=\"https:\/\/www.facebook.com\/Vmsport.fi\/\" \/>\n<meta property=\"article:modified_time\" content=\"2026-01-16T11:21:00+00:00\" \/>\n<meta property=\"og:image\" content=\"https:\/\/vmsport.fi\/wp-content\/uploads\/2025\/03\/62748a-1.jpg\" \/>\n\t<meta property=\"og:image:width\" content=\"800\" \/>\n\t<meta property=\"og:image:height\" content=\"800\" \/>\n\t<meta property=\"og:image:type\" content=\"image\/jpeg\" \/>\n<meta name=\"twitter:card\" content=\"summary_large_image\" \/>\n<script type=\"application\/ld+json\" class=\"yoast-schema-graph\">{\"@context\":\"https:\\\/\\\/schema.org\",\"@graph\":[{\"@type\":[\"WebPage\",\"ItemPage\"],\"@id\":\"https:\\\/\\\/vmsport.fi\\\/verkkokauppa\\\/renkaat\\\/sisarenkaat\\\/vannenauha-herrmans-hpm-24-507-20mm\\\/\",\"url\":\"https:\\\/\\\/vmsport.fi\\\/verkkokauppa\\\/renkaat\\\/sisarenkaat\\\/vannenauha-herrmans-hpm-24-507-20mm\\\/\",\"name\":\"Vannenauha HERRMANS HPM 24\\\"\\\/507, 20mm - VM Sport\",\"isPartOf\":{\"@id\":\"https:\\\/\\\/vmsport.fi\\\/#website\"},\"primaryImageOfPage\":{\"@id\":\"https:\\\/\\\/vmsport.fi\\\/verkkokauppa\\\/renkaat\\\/sisarenkaat\\\/vannenauha-herrmans-hpm-24-507-20mm\\\/#primaryimage\"},\"image\":{\"@id\":\"https:\\\/\\\/vmsport.fi\\\/verkkokauppa\\\/renkaat\\\/sisarenkaat\\\/vannenauha-herrmans-hpm-24-507-20mm\\\/#primaryimage\"},\"thumbnailUrl\":\"https:\\\/\\\/vmsport.fi\\\/wp-content\\\/uploads\\\/2025\\\/03\\\/62748a-1.jpg\",\"datePublished\":\"2025-03-05T21:56:13+00:00\",\"dateModified\":\"2026-01-16T11:21:00+00:00\",\"breadcrumb\":{\"@id\":\"https:\\\/\\\/vmsport.fi\\\/verkkokauppa\\\/renkaat\\\/sisarenkaat\\\/vannenauha-herrmans-hpm-24-507-20mm\\\/#breadcrumb\"},\"inLanguage\":\"sv-SE\",\"potentialAction\":[{\"@type\":\"ReadAction\",\"target\":[\"https:\\\/\\\/vmsport.fi\\\/verkkokauppa\\\/renkaat\\\/sisarenkaat\\\/vannenauha-herrmans-hpm-24-507-20mm\\\/\"]}]},{\"@type\":\"ImageObject\",\"inLanguage\":\"sv-SE\",\"@id\":\"https:\\\/\\\/vmsport.fi\\\/verkkokauppa\\\/renkaat\\\/sisarenkaat\\\/vannenauha-herrmans-hpm-24-507-20mm\\\/#primaryimage\",\"url\":\"https:\\\/\\\/vmsport.fi\\\/wp-content\\\/uploads\\\/2025\\\/03\\\/62748a-1.jpg\",\"contentUrl\":\"https:\\\/\\\/vmsport.fi\\\/wp-content\\\/uploads\\\/2025\\\/03\\\/62748a-1.jpg\",\"width\":800,\"height\":800,\"caption\":\"62748a\"},{\"@type\":\"BreadcrumbList\",\"@id\":\"https:\\\/\\\/vmsport.fi\\\/verkkokauppa\\\/renkaat\\\/sisarenkaat\\\/vannenauha-herrmans-hpm-24-507-20mm\\\/#breadcrumb\",\"itemListElement\":[{\"@type\":\"ListItem\",\"position\":1,\"name\":\"Etusivu\",\"item\":\"https:\\\/\\\/vmsport.fi\\\/\"},{\"@type\":\"ListItem\",\"position\":2,\"name\":\"Online Store\",\"item\":\"https:\\\/\\\/vmsport.fi\\\/en\\\/online-store\\\/\"},{\"@type\":\"ListItem\",\"position\":3,\"name\":\"Vannenauha HERRMANS HPM 24&#8243;\\\/507, 20mm\"}]},{\"@type\":\"WebSite\",\"@id\":\"https:\\\/\\\/vmsport.fi\\\/#website\",\"url\":\"https:\\\/\\\/vmsport.fi\\\/\",\"name\":\"Vmsport\",\"description\":\"Kaikki py\u00f6r\u00e4ilyyn yhdest\u00e4 paikasta\",\"publisher\":{\"@id\":\"https:\\\/\\\/vmsport.fi\\\/#organization\"},\"potentialAction\":[{\"@type\":\"SearchAction\",\"target\":{\"@type\":\"EntryPoint\",\"urlTemplate\":\"https:\\\/\\\/vmsport.fi\\\/?s={search_term_string}\"},\"query-input\":{\"@type\":\"PropertyValueSpecification\",\"valueRequired\":true,\"valueName\":\"search_term_string\"}}],\"inLanguage\":\"sv-SE\"},{\"@type\":\"Organization\",\"@id\":\"https:\\\/\\\/vmsport.fi\\\/#organization\",\"name\":\"Vmsport\",\"url\":\"https:\\\/\\\/vmsport.fi\\\/\",\"logo\":{\"@type\":\"ImageObject\",\"inLanguage\":\"sv-SE\",\"@id\":\"https:\\\/\\\/vmsport.fi\\\/#\\\/schema\\\/logo\\\/image\\\/\",\"url\":\"https:\\\/\\\/vmsport.fi\\\/wp-content\\\/uploads\\\/2024\\\/12\\\/vm_sport_RGB_horisontal-e1734526017575.png\",\"contentUrl\":\"https:\\\/\\\/vmsport.fi\\\/wp-content\\\/uploads\\\/2024\\\/12\\\/vm_sport_RGB_horisontal-e1734526017575.png\",\"width\":668,\"height\":85,\"caption\":\"Vmsport\"},\"image\":{\"@id\":\"https:\\\/\\\/vmsport.fi\\\/#\\\/schema\\\/logo\\\/image\\\/\"},\"sameAs\":[\"https:\\\/\\\/www.facebook.com\\\/Vmsport.fi\\\/\",\"https:\\\/\\\/www.instagram.com\\\/vmsport\\\/\"]}]}<\/script>\n<!-- \/ Yoast SEO plugin. -->","yoast_head_json":{"title":"Rem HERRMANS HPM 24\"\/507, 20mm - VM Sport","robots":{"index":"index","follow":"follow","max-snippet":"max-snippet:-1","max-image-preview":"max-image-preview:large","max-video-preview":"max-video-preview:-1"},"canonical":"https:\/\/vmsport.fi\/sv\/webbutik\/dack\/systerdack\/falgband-herrmans-hpm-24-507-20mm\/","og_locale":"sv_SE","og_type":"article","og_title":"Vannenauha HERRMANS HPM 24\"\/507, 20mm - VM Sport","og_description":"HERRMANS HPM -vannenauha on suunniteltu tarjoamaan erinomaisen kest\u00e4vyyden ja puhkaisusuojan polkupy\u00f6r\u00e4n vanteisiin. Sen mitat, 24 tuumaa ja leveys 20 mm, tekev\u00e4t siit\u00e4 sopivan erityisesti 507 mm vanteisiin. HPM-malli on vahvistettu iskuilta suojaavin ominaisuuksin ja kest\u00e4\u00e4 jopa 6 baarin (87 psi) maksimipaineen. T\u00e4m\u00e4 sininen vannenauha on t\u00e4ydellinen valinta, kun haluat lis\u00e4t\u00e4 luotettavuutta ja turvallisuutta renkaillesi. Se [...]L\u00e4s mer \u2026 from Vannenauha HERRMANS HPM 24&#8243;\/507, 20mm","og_url":"https:\/\/vmsport.fi\/sv\/webbutik\/dack\/systerdack\/falgband-herrmans-hpm-24-507-20mm\/","og_site_name":"VM Sport","article_publisher":"https:\/\/www.facebook.com\/Vmsport.fi\/","article_modified_time":"2026-01-16T11:21:00+00:00","og_image":[{"width":800,"height":800,"url":"https:\/\/vmsport.fi\/wp-content\/uploads\/2025\/03\/62748a-1.jpg","type":"image\/jpeg"}],"twitter_card":"summary_large_image","schema":{"@context":"https:\/\/schema.org","@graph":[{"@type":["WebPage","ItemPage"],"@id":"https:\/\/vmsport.fi\/verkkokauppa\/renkaat\/sisarenkaat\/vannenauha-herrmans-hpm-24-507-20mm\/","url":"https:\/\/vmsport.fi\/verkkokauppa\/renkaat\/sisarenkaat\/vannenauha-herrmans-hpm-24-507-20mm\/","name":"Rem HERRMANS HPM 24\"\/507, 20mm - VM Sport","isPartOf":{"@id":"https:\/\/vmsport.fi\/#website"},"primaryImageOfPage":{"@id":"https:\/\/vmsport.fi\/verkkokauppa\/renkaat\/sisarenkaat\/vannenauha-herrmans-hpm-24-507-20mm\/#primaryimage"},"image":{"@id":"https:\/\/vmsport.fi\/verkkokauppa\/renkaat\/sisarenkaat\/vannenauha-herrmans-hpm-24-507-20mm\/#primaryimage"},"thumbnailUrl":"https:\/\/vmsport.fi\/wp-content\/uploads\/2025\/03\/62748a-1.jpg","datePublished":"2025-03-05T21:56:13+00:00","dateModified":"2026-01-16T11:21:00+00:00","breadcrumb":{"@id":"https:\/\/vmsport.fi\/verkkokauppa\/renkaat\/sisarenkaat\/vannenauha-herrmans-hpm-24-507-20mm\/#breadcrumb"},"inLanguage":"sv-SE","potentialAction":[{"@type":"ReadAction","target":["https:\/\/vmsport.fi\/verkkokauppa\/renkaat\/sisarenkaat\/vannenauha-herrmans-hpm-24-507-20mm\/"]}]},{"@type":"ImageObject","inLanguage":"sv-SE","@id":"https:\/\/vmsport.fi\/verkkokauppa\/renkaat\/sisarenkaat\/vannenauha-herrmans-hpm-24-507-20mm\/#primaryimage","url":"https:\/\/vmsport.fi\/wp-content\/uploads\/2025\/03\/62748a-1.jpg","contentUrl":"https:\/\/vmsport.fi\/wp-content\/uploads\/2025\/03\/62748a-1.jpg","width":800,"height":800,"caption":"62748a"},{"@type":"BreadcrumbList","@id":"https:\/\/vmsport.fi\/verkkokauppa\/renkaat\/sisarenkaat\/vannenauha-herrmans-hpm-24-507-20mm\/#breadcrumb","itemListElement":[{"@type":"ListItem","position":1,"name":"Etusivu","item":"https:\/\/vmsport.fi\/"},{"@type":"ListItem","position":2,"name":"Online Store","item":"https:\/\/vmsport.fi\/en\/online-store\/"},{"@type":"ListItem","position":3,"name":"Vannenauha HERRMANS HPM 24&#8243;\/507, 20mm"}]},{"@type":"WebSite","@id":"https:\/\/vmsport.fi\/#website","url":"https:\/\/vmsport.fi\/","name":"Vmsport","description":"Allt p\u00e5 ett st\u00e4lle f\u00f6r cykling","publisher":{"@id":"https:\/\/vmsport.fi\/#organization"},"potentialAction":[{"@type":"SearchAction","target":{"@type":"EntryPoint","urlTemplate":"https:\/\/vmsport.fi\/?s={search_term_string}"},"query-input":{"@type":"PropertyValueSpecification","valueRequired":true,"valueName":"search_term_string"}}],"inLanguage":"sv-SE"},{"@type":"Organization","@id":"https:\/\/vmsport.fi\/#organization","name":"Vmsport","url":"https:\/\/vmsport.fi\/","logo":{"@type":"ImageObject","inLanguage":"sv-SE","@id":"https:\/\/vmsport.fi\/#\/schema\/logo\/image\/","url":"https:\/\/vmsport.fi\/wp-content\/uploads\/2024\/12\/vm_sport_RGB_horisontal-e1734526017575.png","contentUrl":"https:\/\/vmsport.fi\/wp-content\/uploads\/2024\/12\/vm_sport_RGB_horisontal-e1734526017575.png","width":668,"height":85,"caption":"Vmsport"},"image":{"@id":"https:\/\/vmsport.fi\/#\/schema\/logo\/image\/"},"sameAs":["https:\/\/www.facebook.com\/Vmsport.fi\/","https:\/\/www.instagram.com\/vmsport\/"]}]}},"global_unique_id":"","_links":{"self":[{"href":"https:\/\/vmsport.fi\/sv\/wp-json\/wp\/v2\/product\/54684","targetHints":{"allow":["GET"]}}],"collection":[{"href":"https:\/\/vmsport.fi\/sv\/wp-json\/wp\/v2\/product"}],"about":[{"href":"https:\/\/vmsport.fi\/sv\/wp-json\/wp\/v2\/types\/product"}],"replies":[{"embeddable":true,"href":"https:\/\/vmsport.fi\/sv\/wp-json\/wp\/v2\/comments?post=54684"}],"wp:featuredmedia":[{"embeddable":true,"href":"https:\/\/vmsport.fi\/sv\/wp-json\/wp\/v2\/media\/54683"}],"wp:attachment":[{"href":"https:\/\/vmsport.fi\/sv\/wp-json\/wp\/v2\/media?parent=54684"}],"wp:term":[{"taxonomy":"product_brand","embeddable":true,"href":"https:\/\/vmsport.fi\/sv\/wp-json\/wp\/v2\/product_brand?post=54684"},{"taxonomy":"product_model","embeddable":true,"href":"https:\/\/vmsport.fi\/sv\/wp-json\/wp\/v2\/product_model?post=54684"},{"taxonomy":"product_cat","embeddable":true,"href":"https:\/\/vmsport.fi\/sv\/wp-json\/wp\/v2\/product_cat?post=54684"},{"taxonomy":"product_tag","embeddable":true,"href":"https:\/\/vmsport.fi\/sv\/wp-json\/wp\/v2\/product_tag?post=54684"},{"taxonomy":"industry_terminology","embeddable":true,"href":"https:\/\/vmsport.fi\/sv\/wp-json\/wp\/v2\/industry-terminology?post=54684"}],"curies":[{"name":"wp","href":"https:\/\/api.w.org\/{rel}","templated":true}]}}