{"id":54682,"date":"2025-03-05T23:56:12","date_gmt":"2025-03-05T21:56:12","guid":{"rendered":"https:\/\/vmsport.fi\/verkkokauppa\/Ei-luokiteltu\/ketjusuoja-ruuveilla-fc-m351\/"},"modified":"2026-04-22T15:07:29","modified_gmt":"2026-04-22T12:07:29","slug":"kedjeskydd-med-skruvar-fc-m351","status":"publish","type":"product","link":"https:\/\/vmsport.fi\/sv\/verkkokauppa\/varaosat\/voimansiirto\/ketjusuojat-ja-ohjurit\/ketjusuoja-ruuveilla-fc-m351\/","title":{"rendered":"Kedjeskydd med skruvar FC-M351"},"content":{"rendered":"<p>Shimano FC-M351 kedjeskydd \u00e4r enkelt att installera eftersom det inneh\u00e5ller alla n\u00f6dv\u00e4ndiga monteringsskruvar. Kedjeskyddet hj\u00e4lper till att skydda cykelns kedjesystem, vilket \u00f6kar dess h\u00e5llbarhet och f\u00f6rb\u00e4ttrar prestandan. Detta skydd s\u00e4kerst\u00e4ller att din cykel fungerar tillf\u00f6rlitligt \u00e4ven under kr\u00e4vande f\u00f6rh\u00e5llanden.<\/p>","protected":false},"excerpt":{"rendered":"<p>Shimano-tuotemerkin valmistama ketjusuojus FC-M351 on helppo asentaa, sill\u00e4 se sis\u00e4lt\u00e4\u00e4 kaikki tarvittavat kiinnitysruuvit. Ketjusuojus auttaa suojaamaan polkupy\u00f6r\u00e4n ketjuj\u00e4rjestelm\u00e4\u00e4, mik\u00e4 lis\u00e4\u00e4 sen kest\u00e4vyytt\u00e4 ja parantaa suorituskyky\u00e4. T\u00e4m\u00e4 suojus varmistaa, ett\u00e4 py\u00f6r\u00e4si toimii luotettavasti my\u00f6s vaativissa olosuhteissa. [&#8230;]<\/p>\n<p><a class=\"btn btn-secondary understrap-read-more-link\" href=\"https:\/\/vmsport.fi\/sv\/verkkokauppa\/varaosat\/voimansiirto\/ketjusuojat-ja-ohjurit\/ketjusuoja-ruuveilla-fc-m351\/\">L\u00e4s mer \u2026<span class=\"screen-reader-text\"> from Ketjusuoja ruuveilla FC-M351<\/span><\/a><\/p>\n","protected":false},"featured_media":54681,"comment_status":"open","ping_status":"closed","template":"","meta":{"_acf_changed":false,"_improvement_type_select":"improve_an_existing","_thumb_yes_seoaic":false,"_frame_yes_seoaic":false,"seoaic_generate_description":"","seoaic_improve_instructions_prompt":"","seoaic_rollback_content_improvement":"","seoaic_idea_thumbnail_generator":"","thumbnail_generated":false,"thumbnail_generate_prompt":"","seoaic_article_description":"","_supplier_stock_quantity":0},"product_brand":[],"product_model":[],"product_cat":[9470],"product_tag":[],"industry-terminology":[],"class_list":{"0":"post-54682","1":"product","2":"type-product","3":"status-publish","4":"has-post-thumbnail","6":"product_cat-ketjusuojat-ja-ohjurit","8":"first","9":"outofstock","10":"taxable","11":"shipping-taxable","12":"product-type-simple"},"acf":{"bike_features":null,"overview":{"copy_overview":null,"key_features":null,"statement":"","youtube_url":""}},"yoast_head":"<!-- This site is optimized with the Yoast SEO plugin v27.4 - https:\/\/yoast.com\/product\/yoast-seo-wordpress\/ -->\n<title>Ketjusuoja ruuveilla FC-M351 - VM Sport<\/title>\n<meta name=\"robots\" content=\"index, follow, max-snippet:-1, max-image-preview:large, max-video-preview:-1\" \/>\n<link rel=\"canonical\" href=\"https:\/\/vmsport.fi\/sv\/webbutik\/reservdelar\/transmission\/kedjeskydd-och-styrningar\/kedjeskydd-med-skruvar-fc-m351\/\" \/>\n<meta property=\"og:locale\" content=\"sv_SE\" \/>\n<meta property=\"og:type\" content=\"article\" \/>\n<meta property=\"og:title\" content=\"Ketjusuoja ruuveilla FC-M351 - VM Sport\" \/>\n<meta property=\"og:description\" content=\"Shimano-tuotemerkin valmistama ketjusuojus FC-M351 on helppo asentaa, sill\u00e4 se sis\u00e4lt\u00e4\u00e4 kaikki tarvittavat kiinnitysruuvit. Ketjusuojus auttaa suojaamaan polkupy\u00f6r\u00e4n ketjuj\u00e4rjestelm\u00e4\u00e4, mik\u00e4 lis\u00e4\u00e4 sen kest\u00e4vyytt\u00e4 ja parantaa suorituskyky\u00e4. T\u00e4m\u00e4 suojus varmistaa, ett\u00e4 py\u00f6r\u00e4si toimii luotettavasti my\u00f6s vaativissa olosuhteissa. [...]L\u00e4s mer \u2026 from Ketjusuoja ruuveilla FC-M351\" \/>\n<meta property=\"og:url\" content=\"https:\/\/vmsport.fi\/sv\/webbutik\/reservdelar\/transmission\/kedjeskydd-och-styrningar\/kedjeskydd-med-skruvar-fc-m351\/\" \/>\n<meta property=\"og:site_name\" content=\"VM Sport\" \/>\n<meta property=\"article:publisher\" content=\"https:\/\/www.facebook.com\/Vmsport.fi\/\" \/>\n<meta property=\"article:modified_time\" content=\"2026-04-22T12:07:29+00:00\" \/>\n<meta property=\"og:image\" content=\"https:\/\/vmsport.fi\/wp-content\/uploads\/2025\/03\/jeil7yMqYB19pt4gxZgBqNifuI4TKz5TPMMvzi09hJ3mFmy5pf-1.jpg\" \/>\n\t<meta property=\"og:image:width\" content=\"600\" \/>\n\t<meta property=\"og:image:height\" content=\"600\" \/>\n\t<meta property=\"og:image:type\" content=\"image\/jpeg\" \/>\n<meta name=\"twitter:card\" content=\"summary_large_image\" \/>\n<script type=\"application\/ld+json\" class=\"yoast-schema-graph\">{\"@context\":\"https:\\\/\\\/schema.org\",\"@graph\":[{\"@type\":[\"WebPage\",\"ItemPage\"],\"@id\":\"https:\\\/\\\/vmsport.fi\\\/verkkokauppa\\\/varaosat\\\/voimansiirto\\\/ketjusuojat-ja-ohjurit\\\/ketjusuoja-ruuveilla-fc-m351\\\/\",\"url\":\"https:\\\/\\\/vmsport.fi\\\/verkkokauppa\\\/varaosat\\\/voimansiirto\\\/ketjusuojat-ja-ohjurit\\\/ketjusuoja-ruuveilla-fc-m351\\\/\",\"name\":\"Ketjusuoja ruuveilla FC-M351 - VM Sport\",\"isPartOf\":{\"@id\":\"https:\\\/\\\/vmsport.fi\\\/#website\"},\"primaryImageOfPage\":{\"@id\":\"https:\\\/\\\/vmsport.fi\\\/verkkokauppa\\\/varaosat\\\/voimansiirto\\\/ketjusuojat-ja-ohjurit\\\/ketjusuoja-ruuveilla-fc-m351\\\/#primaryimage\"},\"image\":{\"@id\":\"https:\\\/\\\/vmsport.fi\\\/verkkokauppa\\\/varaosat\\\/voimansiirto\\\/ketjusuojat-ja-ohjurit\\\/ketjusuoja-ruuveilla-fc-m351\\\/#primaryimage\"},\"thumbnailUrl\":\"https:\\\/\\\/vmsport.fi\\\/wp-content\\\/uploads\\\/2025\\\/03\\\/jeil7yMqYB19pt4gxZgBqNifuI4TKz5TPMMvzi09hJ3mFmy5pf-1.jpg\",\"datePublished\":\"2025-03-05T21:56:12+00:00\",\"dateModified\":\"2026-04-22T12:07:29+00:00\",\"breadcrumb\":{\"@id\":\"https:\\\/\\\/vmsport.fi\\\/verkkokauppa\\\/varaosat\\\/voimansiirto\\\/ketjusuojat-ja-ohjurit\\\/ketjusuoja-ruuveilla-fc-m351\\\/#breadcrumb\"},\"inLanguage\":\"sv-SE\",\"potentialAction\":[{\"@type\":\"ReadAction\",\"target\":[\"https:\\\/\\\/vmsport.fi\\\/verkkokauppa\\\/varaosat\\\/voimansiirto\\\/ketjusuojat-ja-ohjurit\\\/ketjusuoja-ruuveilla-fc-m351\\\/\"]}]},{\"@type\":\"ImageObject\",\"inLanguage\":\"sv-SE\",\"@id\":\"https:\\\/\\\/vmsport.fi\\\/verkkokauppa\\\/varaosat\\\/voimansiirto\\\/ketjusuojat-ja-ohjurit\\\/ketjusuoja-ruuveilla-fc-m351\\\/#primaryimage\",\"url\":\"https:\\\/\\\/vmsport.fi\\\/wp-content\\\/uploads\\\/2025\\\/03\\\/jeil7yMqYB19pt4gxZgBqNifuI4TKz5TPMMvzi09hJ3mFmy5pf-1.jpg\",\"contentUrl\":\"https:\\\/\\\/vmsport.fi\\\/wp-content\\\/uploads\\\/2025\\\/03\\\/jeil7yMqYB19pt4gxZgBqNifuI4TKz5TPMMvzi09hJ3mFmy5pf-1.jpg\",\"width\":600,\"height\":600,\"caption\":\"jeil7yMqYB19pt4gxZgBqNifuI4TKz5TPMMvzi09hJ3mFmy5pf\"},{\"@type\":\"BreadcrumbList\",\"@id\":\"https:\\\/\\\/vmsport.fi\\\/verkkokauppa\\\/varaosat\\\/voimansiirto\\\/ketjusuojat-ja-ohjurit\\\/ketjusuoja-ruuveilla-fc-m351\\\/#breadcrumb\",\"itemListElement\":[{\"@type\":\"ListItem\",\"position\":1,\"name\":\"Etusivu\",\"item\":\"https:\\\/\\\/vmsport.fi\\\/\"},{\"@type\":\"ListItem\",\"position\":2,\"name\":\"Online Store\",\"item\":\"https:\\\/\\\/vmsport.fi\\\/en\\\/online-store\\\/\"},{\"@type\":\"ListItem\",\"position\":3,\"name\":\"Ketjusuoja ruuveilla FC-M351\"}]},{\"@type\":\"WebSite\",\"@id\":\"https:\\\/\\\/vmsport.fi\\\/#website\",\"url\":\"https:\\\/\\\/vmsport.fi\\\/\",\"name\":\"Vmsport\",\"description\":\"Kaikki py\u00f6r\u00e4ilyyn yhdest\u00e4 paikasta\",\"publisher\":{\"@id\":\"https:\\\/\\\/vmsport.fi\\\/#organization\"},\"potentialAction\":[{\"@type\":\"SearchAction\",\"target\":{\"@type\":\"EntryPoint\",\"urlTemplate\":\"https:\\\/\\\/vmsport.fi\\\/?s={search_term_string}\"},\"query-input\":{\"@type\":\"PropertyValueSpecification\",\"valueRequired\":true,\"valueName\":\"search_term_string\"}}],\"inLanguage\":\"sv-SE\"},{\"@type\":\"Organization\",\"@id\":\"https:\\\/\\\/vmsport.fi\\\/#organization\",\"name\":\"Vmsport\",\"url\":\"https:\\\/\\\/vmsport.fi\\\/\",\"logo\":{\"@type\":\"ImageObject\",\"inLanguage\":\"sv-SE\",\"@id\":\"https:\\\/\\\/vmsport.fi\\\/#\\\/schema\\\/logo\\\/image\\\/\",\"url\":\"https:\\\/\\\/vmsport.fi\\\/wp-content\\\/uploads\\\/2024\\\/12\\\/vm_sport_RGB_horisontal-e1734526017575.png\",\"contentUrl\":\"https:\\\/\\\/vmsport.fi\\\/wp-content\\\/uploads\\\/2024\\\/12\\\/vm_sport_RGB_horisontal-e1734526017575.png\",\"width\":668,\"height\":85,\"caption\":\"Vmsport\"},\"image\":{\"@id\":\"https:\\\/\\\/vmsport.fi\\\/#\\\/schema\\\/logo\\\/image\\\/\"},\"sameAs\":[\"https:\\\/\\\/www.facebook.com\\\/Vmsport.fi\\\/\",\"https:\\\/\\\/www.instagram.com\\\/vmsport\\\/\"]}]}<\/script>\n<!-- \/ Yoast SEO plugin. -->","yoast_head_json":{"title":"Kedjeskydd med skruvar FC-M351 - VM Sport","robots":{"index":"index","follow":"follow","max-snippet":"max-snippet:-1","max-image-preview":"max-image-preview:large","max-video-preview":"max-video-preview:-1"},"canonical":"https:\/\/vmsport.fi\/sv\/webbutik\/reservdelar\/transmission\/kedjeskydd-och-styrningar\/kedjeskydd-med-skruvar-fc-m351\/","og_locale":"sv_SE","og_type":"article","og_title":"Ketjusuoja ruuveilla FC-M351 - VM Sport","og_description":"Shimano-tuotemerkin valmistama ketjusuojus FC-M351 on helppo asentaa, sill\u00e4 se sis\u00e4lt\u00e4\u00e4 kaikki tarvittavat kiinnitysruuvit. Ketjusuojus auttaa suojaamaan polkupy\u00f6r\u00e4n ketjuj\u00e4rjestelm\u00e4\u00e4, mik\u00e4 lis\u00e4\u00e4 sen kest\u00e4vyytt\u00e4 ja parantaa suorituskyky\u00e4. T\u00e4m\u00e4 suojus varmistaa, ett\u00e4 py\u00f6r\u00e4si toimii luotettavasti my\u00f6s vaativissa olosuhteissa. [...]L\u00e4s mer \u2026 from Ketjusuoja ruuveilla FC-M351","og_url":"https:\/\/vmsport.fi\/sv\/webbutik\/reservdelar\/transmission\/kedjeskydd-och-styrningar\/kedjeskydd-med-skruvar-fc-m351\/","og_site_name":"VM Sport","article_publisher":"https:\/\/www.facebook.com\/Vmsport.fi\/","article_modified_time":"2026-04-22T12:07:29+00:00","og_image":[{"width":600,"height":600,"url":"https:\/\/vmsport.fi\/wp-content\/uploads\/2025\/03\/jeil7yMqYB19pt4gxZgBqNifuI4TKz5TPMMvzi09hJ3mFmy5pf-1.jpg","type":"image\/jpeg"}],"twitter_card":"summary_large_image","schema":{"@context":"https:\/\/schema.org","@graph":[{"@type":["WebPage","ItemPage"],"@id":"https:\/\/vmsport.fi\/verkkokauppa\/varaosat\/voimansiirto\/ketjusuojat-ja-ohjurit\/ketjusuoja-ruuveilla-fc-m351\/","url":"https:\/\/vmsport.fi\/verkkokauppa\/varaosat\/voimansiirto\/ketjusuojat-ja-ohjurit\/ketjusuoja-ruuveilla-fc-m351\/","name":"Kedjeskydd med skruvar FC-M351 - VM Sport","isPartOf":{"@id":"https:\/\/vmsport.fi\/#website"},"primaryImageOfPage":{"@id":"https:\/\/vmsport.fi\/verkkokauppa\/varaosat\/voimansiirto\/ketjusuojat-ja-ohjurit\/ketjusuoja-ruuveilla-fc-m351\/#primaryimage"},"image":{"@id":"https:\/\/vmsport.fi\/verkkokauppa\/varaosat\/voimansiirto\/ketjusuojat-ja-ohjurit\/ketjusuoja-ruuveilla-fc-m351\/#primaryimage"},"thumbnailUrl":"https:\/\/vmsport.fi\/wp-content\/uploads\/2025\/03\/jeil7yMqYB19pt4gxZgBqNifuI4TKz5TPMMvzi09hJ3mFmy5pf-1.jpg","datePublished":"2025-03-05T21:56:12+00:00","dateModified":"2026-04-22T12:07:29+00:00","breadcrumb":{"@id":"https:\/\/vmsport.fi\/verkkokauppa\/varaosat\/voimansiirto\/ketjusuojat-ja-ohjurit\/ketjusuoja-ruuveilla-fc-m351\/#breadcrumb"},"inLanguage":"sv-SE","potentialAction":[{"@type":"ReadAction","target":["https:\/\/vmsport.fi\/verkkokauppa\/varaosat\/voimansiirto\/ketjusuojat-ja-ohjurit\/ketjusuoja-ruuveilla-fc-m351\/"]}]},{"@type":"ImageObject","inLanguage":"sv-SE","@id":"https:\/\/vmsport.fi\/verkkokauppa\/varaosat\/voimansiirto\/ketjusuojat-ja-ohjurit\/ketjusuoja-ruuveilla-fc-m351\/#primaryimage","url":"https:\/\/vmsport.fi\/wp-content\/uploads\/2025\/03\/jeil7yMqYB19pt4gxZgBqNifuI4TKz5TPMMvzi09hJ3mFmy5pf-1.jpg","contentUrl":"https:\/\/vmsport.fi\/wp-content\/uploads\/2025\/03\/jeil7yMqYB19pt4gxZgBqNifuI4TKz5TPMMvzi09hJ3mFmy5pf-1.jpg","width":600,"height":600,"caption":"jeil7yMqYB19pt4gxZgBqNifuI4TKz5TPMMvzi09hJ3mFmy5pf"},{"@type":"BreadcrumbList","@id":"https:\/\/vmsport.fi\/verkkokauppa\/varaosat\/voimansiirto\/ketjusuojat-ja-ohjurit\/ketjusuoja-ruuveilla-fc-m351\/#breadcrumb","itemListElement":[{"@type":"ListItem","position":1,"name":"Etusivu","item":"https:\/\/vmsport.fi\/"},{"@type":"ListItem","position":2,"name":"Online Store","item":"https:\/\/vmsport.fi\/en\/online-store\/"},{"@type":"ListItem","position":3,"name":"Ketjusuoja ruuveilla FC-M351"}]},{"@type":"WebSite","@id":"https:\/\/vmsport.fi\/#website","url":"https:\/\/vmsport.fi\/","name":"Vmsport","description":"Allt p\u00e5 ett st\u00e4lle f\u00f6r cykling","publisher":{"@id":"https:\/\/vmsport.fi\/#organization"},"potentialAction":[{"@type":"SearchAction","target":{"@type":"EntryPoint","urlTemplate":"https:\/\/vmsport.fi\/?s={search_term_string}"},"query-input":{"@type":"PropertyValueSpecification","valueRequired":true,"valueName":"search_term_string"}}],"inLanguage":"sv-SE"},{"@type":"Organization","@id":"https:\/\/vmsport.fi\/#organization","name":"Vmsport","url":"https:\/\/vmsport.fi\/","logo":{"@type":"ImageObject","inLanguage":"sv-SE","@id":"https:\/\/vmsport.fi\/#\/schema\/logo\/image\/","url":"https:\/\/vmsport.fi\/wp-content\/uploads\/2024\/12\/vm_sport_RGB_horisontal-e1734526017575.png","contentUrl":"https:\/\/vmsport.fi\/wp-content\/uploads\/2024\/12\/vm_sport_RGB_horisontal-e1734526017575.png","width":668,"height":85,"caption":"Vmsport"},"image":{"@id":"https:\/\/vmsport.fi\/#\/schema\/logo\/image\/"},"sameAs":["https:\/\/www.facebook.com\/Vmsport.fi\/","https:\/\/www.instagram.com\/vmsport\/"]}]}},"global_unique_id":"","_links":{"self":[{"href":"https:\/\/vmsport.fi\/sv\/wp-json\/wp\/v2\/product\/54682","targetHints":{"allow":["GET"]}}],"collection":[{"href":"https:\/\/vmsport.fi\/sv\/wp-json\/wp\/v2\/product"}],"about":[{"href":"https:\/\/vmsport.fi\/sv\/wp-json\/wp\/v2\/types\/product"}],"replies":[{"embeddable":true,"href":"https:\/\/vmsport.fi\/sv\/wp-json\/wp\/v2\/comments?post=54682"}],"wp:featuredmedia":[{"embeddable":true,"href":"https:\/\/vmsport.fi\/sv\/wp-json\/wp\/v2\/media\/54681"}],"wp:attachment":[{"href":"https:\/\/vmsport.fi\/sv\/wp-json\/wp\/v2\/media?parent=54682"}],"wp:term":[{"taxonomy":"product_brand","embeddable":true,"href":"https:\/\/vmsport.fi\/sv\/wp-json\/wp\/v2\/product_brand?post=54682"},{"taxonomy":"product_model","embeddable":true,"href":"https:\/\/vmsport.fi\/sv\/wp-json\/wp\/v2\/product_model?post=54682"},{"taxonomy":"product_cat","embeddable":true,"href":"https:\/\/vmsport.fi\/sv\/wp-json\/wp\/v2\/product_cat?post=54682"},{"taxonomy":"product_tag","embeddable":true,"href":"https:\/\/vmsport.fi\/sv\/wp-json\/wp\/v2\/product_tag?post=54682"},{"taxonomy":"industry_terminology","embeddable":true,"href":"https:\/\/vmsport.fi\/sv\/wp-json\/wp\/v2\/industry-terminology?post=54682"}],"curies":[{"name":"wp","href":"https:\/\/api.w.org\/{rel}","templated":true}]}}