{"id":54678,"date":"2025-03-05T23:56:10","date_gmt":"2025-03-05T21:56:10","guid":{"rendered":"https:\/\/vmsport.fi\/verkkokauppa\/Ei-luokiteltu\/poc-aspire-violet-gold-mirror-ajolasit\/"},"modified":"2026-01-16T13:25:09","modified_gmt":"2026-01-16T11:25:09","slug":"poc-aspire-violet-gold-mirror-ajolasit","status":"publish","type":"product","link":"https:\/\/vmsport.fi\/sv\/verkkokauppa\/ajovarusteet\/ajolasit\/poc-aspire-violet-gold-mirror-ajolasit\/","title":{"rendered":"POC Aspire Violet\/Gold Mirror Ajolasit"},"content":{"rendered":"<p>POC Aspire -aurinkolasit, joissa on elegantti violetti ja kullanv\u00e4rinen peililinssi, on suunniteltu erityisesti aktiiviselle k\u00e4ytt\u00e4j\u00e4lle, joka arvostaa sek\u00e4 tyyli\u00e4 ett\u00e4 k\u00e4yt\u00e4nn\u00f6llisyytt\u00e4. N\u00e4iden aurinkolasien rakenne yhdist\u00e4\u00e4 modernin muotoilun ja korkean suorituskyvyn, tehden niist\u00e4 ihanteelliset vaativiin olosuhteisiin. Kehykset tarjoavat erinomaisen istuvuuden, mink\u00e4 ansiosta linssit soveltuvat monipuoliseen k\u00e4ytt\u00f6\u00f6n s\u00e4ilytt\u00e4en mukavuuden ja selkeyden. Uudenaikainen linssitekniikka takaa parhaan mahdollisen n\u00e4kyvyyden kaikissa valaistusolosuhteissa ja ehk\u00e4isee tehokkaasti h\u00e4ik\u00e4isy\u00e4. N\u00e4m\u00e4 aurinkolasit ovat osa POC:n korkealaatuista valikoimaa ja sopivat t\u00e4ydellisesti niille, jotka haluavat parasta suorituskyky\u00e4 ja tyyli\u00e4 arkik\u00e4ytt\u00f6\u00f6n.<\/p>","protected":false},"excerpt":{"rendered":"<p>POC Aspire -aurinkolasit, joissa on elegantti violetti ja kullanv\u00e4rinen peililinssi, on suunniteltu erityisesti aktiiviselle k\u00e4ytt\u00e4j\u00e4lle, joka arvostaa sek\u00e4 tyyli\u00e4 ett\u00e4 k\u00e4yt\u00e4nn\u00f6llisyytt\u00e4. N\u00e4iden aurinkolasien rakenne yhdist\u00e4\u00e4 modernin muotoilun ja korkean suorituskyvyn, tehden niist\u00e4 ihanteelliset vaativiin olosuhteisiin. Kehykset tarjoavat erinomaisen istuvuuden, mink\u00e4 ansiosta linssit soveltuvat monipuoliseen k\u00e4ytt\u00f6\u00f6n s\u00e4ilytt\u00e4en mukavuuden ja selkeyden. Uudenaikainen linssitekniikka takaa parhaan mahdollisen n\u00e4kyvyyden [&#8230;]<\/p>\n<p><a class=\"btn btn-secondary understrap-read-more-link\" href=\"https:\/\/vmsport.fi\/sv\/verkkokauppa\/ajovarusteet\/ajolasit\/poc-aspire-violet-gold-mirror-ajolasit\/\">L\u00e4s mer \u2026<span class=\"screen-reader-text\"> from POC Aspire Violet\/Gold Mirror Ajolasit<\/span><\/a><\/p>\n","protected":false},"featured_media":54675,"comment_status":"open","ping_status":"closed","template":"","meta":{"_acf_changed":false,"_improvement_type_select":"improve_an_existing","_thumb_yes_seoaic":false,"_frame_yes_seoaic":false,"seoaic_generate_description":"","seoaic_improve_instructions_prompt":"","seoaic_rollback_content_improvement":"","seoaic_idea_thumbnail_generator":"","thumbnail_generated":false,"thumbnail_generate_prompt":"","seoaic_article_description":"","_supplier_stock_quantity":0},"product_brand":[],"product_model":[],"product_cat":[9280],"product_tag":[],"industry-terminology":[],"class_list":{"0":"post-54678","1":"product","2":"type-product","3":"status-publish","4":"has-post-thumbnail","6":"product_cat-ajolasit","8":"first","9":"outofstock","10":"taxable","11":"shipping-taxable","12":"product-type-simple"},"acf":{"bike_features":null,"overview":{"copy_overview":null,"key_features":null,"statement":"","youtube_url":""}},"yoast_head":"<!-- This site is optimized with the Yoast SEO plugin v27.3 - https:\/\/yoast.com\/product\/yoast-seo-wordpress\/ -->\n<title>POC Aspire Violet\/Gold Mirror Ajolasit - VM Sport<\/title>\n<meta name=\"robots\" content=\"index, follow, max-snippet:-1, max-image-preview:large, max-video-preview:-1\" \/>\n<link rel=\"canonical\" href=\"https:\/\/vmsport.fi\/sv\/webbutik\/korutrustning\/drivande-glasogon\/poc-aspire-violet-gold-mirror-ajolasit\/\" \/>\n<meta property=\"og:locale\" content=\"sv_SE\" \/>\n<meta property=\"og:type\" content=\"article\" \/>\n<meta property=\"og:title\" content=\"POC Aspire Violet\/Gold Mirror Ajolasit - VM Sport\" \/>\n<meta property=\"og:description\" content=\"POC Aspire -aurinkolasit, joissa on elegantti violetti ja kullanv\u00e4rinen peililinssi, on suunniteltu erityisesti aktiiviselle k\u00e4ytt\u00e4j\u00e4lle, joka arvostaa sek\u00e4 tyyli\u00e4 ett\u00e4 k\u00e4yt\u00e4nn\u00f6llisyytt\u00e4. N\u00e4iden aurinkolasien rakenne yhdist\u00e4\u00e4 modernin muotoilun ja korkean suorituskyvyn, tehden niist\u00e4 ihanteelliset vaativiin olosuhteisiin. Kehykset tarjoavat erinomaisen istuvuuden, mink\u00e4 ansiosta linssit soveltuvat monipuoliseen k\u00e4ytt\u00f6\u00f6n s\u00e4ilytt\u00e4en mukavuuden ja selkeyden. Uudenaikainen linssitekniikka takaa parhaan mahdollisen n\u00e4kyvyyden [...]L\u00e4s mer \u2026 from POC Aspire Violet\/Gold Mirror Ajolasit\" \/>\n<meta property=\"og:url\" content=\"https:\/\/vmsport.fi\/sv\/webbutik\/korutrustning\/drivande-glasogon\/poc-aspire-violet-gold-mirror-ajolasit\/\" \/>\n<meta property=\"og:site_name\" content=\"VM Sport\" \/>\n<meta property=\"article:publisher\" content=\"https:\/\/www.facebook.com\/Vmsport.fi\/\" \/>\n<meta property=\"article:modified_time\" content=\"2026-01-16T11:25:09+00:00\" \/>\n<meta property=\"og:image\" content=\"https:\/\/vmsport.fi\/wp-content\/uploads\/2025\/03\/ASP2012-1002-Violet-Gold-Mirror-0001-1.png\" \/>\n\t<meta property=\"og:image:width\" content=\"1000\" \/>\n\t<meta property=\"og:image:height\" content=\"1000\" \/>\n\t<meta property=\"og:image:type\" content=\"image\/png\" \/>\n<meta name=\"twitter:card\" content=\"summary_large_image\" \/>\n<meta name=\"twitter:label1\" content=\"Ber\u00e4knad l\u00e4stid\" \/>\n\t<meta name=\"twitter:data1\" content=\"1 minut\" \/>\n<script type=\"application\/ld+json\" class=\"yoast-schema-graph\">{\"@context\":\"https:\\\/\\\/schema.org\",\"@graph\":[{\"@type\":[\"WebPage\",\"ItemPage\"],\"@id\":\"https:\\\/\\\/vmsport.fi\\\/verkkokauppa\\\/ajovarusteet\\\/ajolasit\\\/poc-aspire-violet-gold-mirror-ajolasit\\\/\",\"url\":\"https:\\\/\\\/vmsport.fi\\\/verkkokauppa\\\/ajovarusteet\\\/ajolasit\\\/poc-aspire-violet-gold-mirror-ajolasit\\\/\",\"name\":\"POC Aspire Violet\\\/Gold Mirror Ajolasit - VM Sport\",\"isPartOf\":{\"@id\":\"https:\\\/\\\/vmsport.fi\\\/#website\"},\"primaryImageOfPage\":{\"@id\":\"https:\\\/\\\/vmsport.fi\\\/verkkokauppa\\\/ajovarusteet\\\/ajolasit\\\/poc-aspire-violet-gold-mirror-ajolasit\\\/#primaryimage\"},\"image\":{\"@id\":\"https:\\\/\\\/vmsport.fi\\\/verkkokauppa\\\/ajovarusteet\\\/ajolasit\\\/poc-aspire-violet-gold-mirror-ajolasit\\\/#primaryimage\"},\"thumbnailUrl\":\"https:\\\/\\\/vmsport.fi\\\/wp-content\\\/uploads\\\/2025\\\/03\\\/ASP2012-1002-Violet-Gold-Mirror-0001-1.png\",\"datePublished\":\"2025-03-05T21:56:10+00:00\",\"dateModified\":\"2026-01-16T11:25:09+00:00\",\"breadcrumb\":{\"@id\":\"https:\\\/\\\/vmsport.fi\\\/verkkokauppa\\\/ajovarusteet\\\/ajolasit\\\/poc-aspire-violet-gold-mirror-ajolasit\\\/#breadcrumb\"},\"inLanguage\":\"sv-SE\",\"potentialAction\":[{\"@type\":\"ReadAction\",\"target\":[\"https:\\\/\\\/vmsport.fi\\\/verkkokauppa\\\/ajovarusteet\\\/ajolasit\\\/poc-aspire-violet-gold-mirror-ajolasit\\\/\"]}]},{\"@type\":\"ImageObject\",\"inLanguage\":\"sv-SE\",\"@id\":\"https:\\\/\\\/vmsport.fi\\\/verkkokauppa\\\/ajovarusteet\\\/ajolasit\\\/poc-aspire-violet-gold-mirror-ajolasit\\\/#primaryimage\",\"url\":\"https:\\\/\\\/vmsport.fi\\\/wp-content\\\/uploads\\\/2025\\\/03\\\/ASP2012-1002-Violet-Gold-Mirror-0001-1.png\",\"contentUrl\":\"https:\\\/\\\/vmsport.fi\\\/wp-content\\\/uploads\\\/2025\\\/03\\\/ASP2012-1002-Violet-Gold-Mirror-0001-1.png\",\"width\":1000,\"height\":1000,\"caption\":\"ASP2012-1002-Violet-Gold-Mirror-0001\"},{\"@type\":\"BreadcrumbList\",\"@id\":\"https:\\\/\\\/vmsport.fi\\\/verkkokauppa\\\/ajovarusteet\\\/ajolasit\\\/poc-aspire-violet-gold-mirror-ajolasit\\\/#breadcrumb\",\"itemListElement\":[{\"@type\":\"ListItem\",\"position\":1,\"name\":\"Etusivu\",\"item\":\"https:\\\/\\\/vmsport.fi\\\/\"},{\"@type\":\"ListItem\",\"position\":2,\"name\":\"Online Store\",\"item\":\"https:\\\/\\\/vmsport.fi\\\/en\\\/online-store\\\/\"},{\"@type\":\"ListItem\",\"position\":3,\"name\":\"POC Aspire Violet\\\/Gold Mirror Ajolasit\"}]},{\"@type\":\"WebSite\",\"@id\":\"https:\\\/\\\/vmsport.fi\\\/#website\",\"url\":\"https:\\\/\\\/vmsport.fi\\\/\",\"name\":\"Vmsport\",\"description\":\"Kaikki py\u00f6r\u00e4ilyyn yhdest\u00e4 paikasta\",\"publisher\":{\"@id\":\"https:\\\/\\\/vmsport.fi\\\/#organization\"},\"potentialAction\":[{\"@type\":\"SearchAction\",\"target\":{\"@type\":\"EntryPoint\",\"urlTemplate\":\"https:\\\/\\\/vmsport.fi\\\/?s={search_term_string}\"},\"query-input\":{\"@type\":\"PropertyValueSpecification\",\"valueRequired\":true,\"valueName\":\"search_term_string\"}}],\"inLanguage\":\"sv-SE\"},{\"@type\":\"Organization\",\"@id\":\"https:\\\/\\\/vmsport.fi\\\/#organization\",\"name\":\"Vmsport\",\"url\":\"https:\\\/\\\/vmsport.fi\\\/\",\"logo\":{\"@type\":\"ImageObject\",\"inLanguage\":\"sv-SE\",\"@id\":\"https:\\\/\\\/vmsport.fi\\\/#\\\/schema\\\/logo\\\/image\\\/\",\"url\":\"https:\\\/\\\/vmsport.fi\\\/wp-content\\\/uploads\\\/2024\\\/12\\\/vm_sport_RGB_horisontal-e1734526017575.png\",\"contentUrl\":\"https:\\\/\\\/vmsport.fi\\\/wp-content\\\/uploads\\\/2024\\\/12\\\/vm_sport_RGB_horisontal-e1734526017575.png\",\"width\":668,\"height\":85,\"caption\":\"Vmsport\"},\"image\":{\"@id\":\"https:\\\/\\\/vmsport.fi\\\/#\\\/schema\\\/logo\\\/image\\\/\"},\"sameAs\":[\"https:\\\/\\\/www.facebook.com\\\/Vmsport.fi\\\/\",\"https:\\\/\\\/www.instagram.com\\\/vmsport\\\/\"]}]}<\/script>\n<!-- \/ Yoast SEO plugin. -->","yoast_head_json":{"title":"POC Aspire Violet\/Gold Mirror Ajolasit - VM Sport","robots":{"index":"index","follow":"follow","max-snippet":"max-snippet:-1","max-image-preview":"max-image-preview:large","max-video-preview":"max-video-preview:-1"},"canonical":"https:\/\/vmsport.fi\/sv\/webbutik\/korutrustning\/drivande-glasogon\/poc-aspire-violet-gold-mirror-ajolasit\/","og_locale":"sv_SE","og_type":"article","og_title":"POC Aspire Violet\/Gold Mirror Ajolasit - VM Sport","og_description":"POC Aspire -aurinkolasit, joissa on elegantti violetti ja kullanv\u00e4rinen peililinssi, on suunniteltu erityisesti aktiiviselle k\u00e4ytt\u00e4j\u00e4lle, joka arvostaa sek\u00e4 tyyli\u00e4 ett\u00e4 k\u00e4yt\u00e4nn\u00f6llisyytt\u00e4. N\u00e4iden aurinkolasien rakenne yhdist\u00e4\u00e4 modernin muotoilun ja korkean suorituskyvyn, tehden niist\u00e4 ihanteelliset vaativiin olosuhteisiin. Kehykset tarjoavat erinomaisen istuvuuden, mink\u00e4 ansiosta linssit soveltuvat monipuoliseen k\u00e4ytt\u00f6\u00f6n s\u00e4ilytt\u00e4en mukavuuden ja selkeyden. Uudenaikainen linssitekniikka takaa parhaan mahdollisen n\u00e4kyvyyden [...]L\u00e4s mer \u2026 from POC Aspire Violet\/Gold Mirror Ajolasit","og_url":"https:\/\/vmsport.fi\/sv\/webbutik\/korutrustning\/drivande-glasogon\/poc-aspire-violet-gold-mirror-ajolasit\/","og_site_name":"VM Sport","article_publisher":"https:\/\/www.facebook.com\/Vmsport.fi\/","article_modified_time":"2026-01-16T11:25:09+00:00","og_image":[{"width":1000,"height":1000,"url":"https:\/\/vmsport.fi\/wp-content\/uploads\/2025\/03\/ASP2012-1002-Violet-Gold-Mirror-0001-1.png","type":"image\/png"}],"twitter_card":"summary_large_image","twitter_misc":{"Ber\u00e4knad l\u00e4stid":"1 minut"},"schema":{"@context":"https:\/\/schema.org","@graph":[{"@type":["WebPage","ItemPage"],"@id":"https:\/\/vmsport.fi\/verkkokauppa\/ajovarusteet\/ajolasit\/poc-aspire-violet-gold-mirror-ajolasit\/","url":"https:\/\/vmsport.fi\/verkkokauppa\/ajovarusteet\/ajolasit\/poc-aspire-violet-gold-mirror-ajolasit\/","name":"POC Aspire Violet\/Gold Mirror Ajolasit - VM Sport","isPartOf":{"@id":"https:\/\/vmsport.fi\/#website"},"primaryImageOfPage":{"@id":"https:\/\/vmsport.fi\/verkkokauppa\/ajovarusteet\/ajolasit\/poc-aspire-violet-gold-mirror-ajolasit\/#primaryimage"},"image":{"@id":"https:\/\/vmsport.fi\/verkkokauppa\/ajovarusteet\/ajolasit\/poc-aspire-violet-gold-mirror-ajolasit\/#primaryimage"},"thumbnailUrl":"https:\/\/vmsport.fi\/wp-content\/uploads\/2025\/03\/ASP2012-1002-Violet-Gold-Mirror-0001-1.png","datePublished":"2025-03-05T21:56:10+00:00","dateModified":"2026-01-16T11:25:09+00:00","breadcrumb":{"@id":"https:\/\/vmsport.fi\/verkkokauppa\/ajovarusteet\/ajolasit\/poc-aspire-violet-gold-mirror-ajolasit\/#breadcrumb"},"inLanguage":"sv-SE","potentialAction":[{"@type":"ReadAction","target":["https:\/\/vmsport.fi\/verkkokauppa\/ajovarusteet\/ajolasit\/poc-aspire-violet-gold-mirror-ajolasit\/"]}]},{"@type":"ImageObject","inLanguage":"sv-SE","@id":"https:\/\/vmsport.fi\/verkkokauppa\/ajovarusteet\/ajolasit\/poc-aspire-violet-gold-mirror-ajolasit\/#primaryimage","url":"https:\/\/vmsport.fi\/wp-content\/uploads\/2025\/03\/ASP2012-1002-Violet-Gold-Mirror-0001-1.png","contentUrl":"https:\/\/vmsport.fi\/wp-content\/uploads\/2025\/03\/ASP2012-1002-Violet-Gold-Mirror-0001-1.png","width":1000,"height":1000,"caption":"ASP2012-1002-Violet-Gold-Mirror-0001"},{"@type":"BreadcrumbList","@id":"https:\/\/vmsport.fi\/verkkokauppa\/ajovarusteet\/ajolasit\/poc-aspire-violet-gold-mirror-ajolasit\/#breadcrumb","itemListElement":[{"@type":"ListItem","position":1,"name":"Etusivu","item":"https:\/\/vmsport.fi\/"},{"@type":"ListItem","position":2,"name":"Online Store","item":"https:\/\/vmsport.fi\/en\/online-store\/"},{"@type":"ListItem","position":3,"name":"POC Aspire Violet\/Gold Mirror Ajolasit"}]},{"@type":"WebSite","@id":"https:\/\/vmsport.fi\/#website","url":"https:\/\/vmsport.fi\/","name":"Vmsport","description":"Allt p\u00e5 ett st\u00e4lle f\u00f6r cykling","publisher":{"@id":"https:\/\/vmsport.fi\/#organization"},"potentialAction":[{"@type":"SearchAction","target":{"@type":"EntryPoint","urlTemplate":"https:\/\/vmsport.fi\/?s={search_term_string}"},"query-input":{"@type":"PropertyValueSpecification","valueRequired":true,"valueName":"search_term_string"}}],"inLanguage":"sv-SE"},{"@type":"Organization","@id":"https:\/\/vmsport.fi\/#organization","name":"Vmsport","url":"https:\/\/vmsport.fi\/","logo":{"@type":"ImageObject","inLanguage":"sv-SE","@id":"https:\/\/vmsport.fi\/#\/schema\/logo\/image\/","url":"https:\/\/vmsport.fi\/wp-content\/uploads\/2024\/12\/vm_sport_RGB_horisontal-e1734526017575.png","contentUrl":"https:\/\/vmsport.fi\/wp-content\/uploads\/2024\/12\/vm_sport_RGB_horisontal-e1734526017575.png","width":668,"height":85,"caption":"Vmsport"},"image":{"@id":"https:\/\/vmsport.fi\/#\/schema\/logo\/image\/"},"sameAs":["https:\/\/www.facebook.com\/Vmsport.fi\/","https:\/\/www.instagram.com\/vmsport\/"]}]}},"global_unique_id":"","_links":{"self":[{"href":"https:\/\/vmsport.fi\/sv\/wp-json\/wp\/v2\/product\/54678","targetHints":{"allow":["GET"]}}],"collection":[{"href":"https:\/\/vmsport.fi\/sv\/wp-json\/wp\/v2\/product"}],"about":[{"href":"https:\/\/vmsport.fi\/sv\/wp-json\/wp\/v2\/types\/product"}],"replies":[{"embeddable":true,"href":"https:\/\/vmsport.fi\/sv\/wp-json\/wp\/v2\/comments?post=54678"}],"wp:featuredmedia":[{"embeddable":true,"href":"https:\/\/vmsport.fi\/sv\/wp-json\/wp\/v2\/media\/54675"}],"wp:attachment":[{"href":"https:\/\/vmsport.fi\/sv\/wp-json\/wp\/v2\/media?parent=54678"}],"wp:term":[{"taxonomy":"product_brand","embeddable":true,"href":"https:\/\/vmsport.fi\/sv\/wp-json\/wp\/v2\/product_brand?post=54678"},{"taxonomy":"product_model","embeddable":true,"href":"https:\/\/vmsport.fi\/sv\/wp-json\/wp\/v2\/product_model?post=54678"},{"taxonomy":"product_cat","embeddable":true,"href":"https:\/\/vmsport.fi\/sv\/wp-json\/wp\/v2\/product_cat?post=54678"},{"taxonomy":"product_tag","embeddable":true,"href":"https:\/\/vmsport.fi\/sv\/wp-json\/wp\/v2\/product_tag?post=54678"},{"taxonomy":"industry_terminology","embeddable":true,"href":"https:\/\/vmsport.fi\/sv\/wp-json\/wp\/v2\/industry-terminology?post=54678"}],"curies":[{"name":"wp","href":"https:\/\/api.w.org\/{rel}","templated":true}]}}