{"id":54674,"date":"2025-03-05T23:56:04","date_gmt":"2025-03-05T21:56:04","guid":{"rendered":"https:\/\/vmsport.fi\/verkkokauppa\/Ei-luokiteltu\/tavarateline-bontrager-backrack-l-disc-mik-black\/"},"modified":"2026-01-16T13:25:34","modified_gmt":"2026-01-16T11:25:34","slug":"bontrager-backrack-l-disc-mic-svart","status":"publish","type":"product","link":"https:\/\/vmsport.fi\/sv\/verkkokauppa\/tarvikkeet\/telineet\/tavaratelineet\/tavarateline-bontrager-backrack-l-disc-mik-black\/","title":{"rendered":"Bagagehylla Bontrager BackRack L Disc MIK Black"},"content":{"rendered":"<p>Bontrager BackRack L Disc MIK Black \u00e4r en h\u00f6gkvalitativ paketh\u00e5llare som \u00e4r s\u00e4rskilt utformad f\u00f6r cyklar med skivbromsar. Det h\u00e4r snygga svarta st\u00e4llet kombinerar h\u00e5llbarhet och funktionalitet, eftersom det \u00e4r tillverkat av h\u00f6gkvalitativa material. Tack vare MIK-systemet kan du snabbt och enkelt f\u00e4sta tillbeh\u00f6r p\u00e5 paketh\u00e5llaren. St\u00e4llet \u00e4r ett utm\u00e4rkt val om du beh\u00f6ver extra utrymme f\u00f6r att transportera dina varor och \u00e4r l\u00e4tt att montera p\u00e5 plats. Dess kompatibilitet med skivbromsar g\u00f6r det s\u00e4rskilt l\u00e4mpligt f\u00f6r m\u00e5ngsidiga cyklister.<\/p>","protected":false},"excerpt":{"rendered":"<p>Bontrager BackRack L Disc MIK Black on huippulaadukas tavarateline, joka on suunniteltu erityisesti levyjarrullisiin py\u00f6riin. T\u00e4m\u00e4 tyylikk\u00e4\u00e4n musta teline yhdist\u00e4\u00e4 kest\u00e4vyyden ja k\u00e4yt\u00e4nn\u00f6llisyyden, sill\u00e4 se on valmistettu korkealaatuisista materiaaleista. MIK-j\u00e4rjestelm\u00e4n ansiosta teline mahdollistaa lis\u00e4varusteiden nopean ja vaivattoman kiinnitt\u00e4misen. Teline on erinomainen valinta, jos tarvitset lis\u00e4tilaa tavaroiden kuljetukseen ja on helppo asentaa paikoilleen. Levyjarruyhteensopivuutensa ansiosta se [&#8230;]<\/p>\n<p><a class=\"btn btn-secondary understrap-read-more-link\" href=\"https:\/\/vmsport.fi\/sv\/verkkokauppa\/tarvikkeet\/telineet\/tavaratelineet\/tavarateline-bontrager-backrack-l-disc-mik-black\/\">L\u00e4s mer \u2026<span class=\"screen-reader-text\"> from Tavarateline Bontrager BackRack L Disc MIK Black<\/span><\/a><\/p>\n","protected":false},"featured_media":54673,"comment_status":"open","ping_status":"closed","template":"","meta":{"_acf_changed":false,"_improvement_type_select":"improve_an_existing","_thumb_yes_seoaic":false,"_frame_yes_seoaic":false,"seoaic_generate_description":"","seoaic_improve_instructions_prompt":"","seoaic_rollback_content_improvement":"","seoaic_idea_thumbnail_generator":"","thumbnail_generated":false,"thumbnail_generate_prompt":"","seoaic_article_description":"","_supplier_stock_quantity":0},"product_brand":[],"product_model":[],"product_cat":[9588],"product_tag":[],"industry-terminology":[],"class_list":{"0":"post-54674","1":"product","2":"type-product","3":"status-publish","4":"has-post-thumbnail","6":"product_cat-tavaratelineet","8":"first","9":"outofstock","10":"taxable","11":"shipping-taxable","12":"product-type-simple"},"acf":{"bike_features":null,"overview":{"copy_overview":null,"key_features":null,"statement":"","youtube_url":""}},"yoast_head":"<!-- This site is optimized with the Yoast SEO plugin v27.3 - https:\/\/yoast.com\/product\/yoast-seo-wordpress\/ -->\n<title>Tavarateline Bontrager BackRack L Disc MIK Black - VM Sport<\/title>\n<meta name=\"robots\" content=\"index, follow, max-snippet:-1, max-image-preview:large, max-video-preview:-1\" \/>\n<link rel=\"canonical\" href=\"https:\/\/vmsport.fi\/sv\/webbutik\/tillbehor\/byggnadsstallningar\/bagagehyllor\/bontrager-backrack-l-disc-mic-svart\/\" \/>\n<meta property=\"og:locale\" content=\"sv_SE\" \/>\n<meta property=\"og:type\" content=\"article\" \/>\n<meta property=\"og:title\" content=\"Tavarateline Bontrager BackRack L Disc MIK Black - VM Sport\" \/>\n<meta property=\"og:description\" content=\"Bontrager BackRack L Disc MIK Black on huippulaadukas tavarateline, joka on suunniteltu erityisesti levyjarrullisiin py\u00f6riin. T\u00e4m\u00e4 tyylikk\u00e4\u00e4n musta teline yhdist\u00e4\u00e4 kest\u00e4vyyden ja k\u00e4yt\u00e4nn\u00f6llisyyden, sill\u00e4 se on valmistettu korkealaatuisista materiaaleista. MIK-j\u00e4rjestelm\u00e4n ansiosta teline mahdollistaa lis\u00e4varusteiden nopean ja vaivattoman kiinnitt\u00e4misen. Teline on erinomainen valinta, jos tarvitset lis\u00e4tilaa tavaroiden kuljetukseen ja on helppo asentaa paikoilleen. Levyjarruyhteensopivuutensa ansiosta se [...]L\u00e4s mer \u2026 from Tavarateline Bontrager BackRack L Disc MIK Black\" \/>\n<meta property=\"og:url\" content=\"https:\/\/vmsport.fi\/sv\/webbutik\/tillbehor\/byggnadsstallningar\/bagagehyllor\/bontrager-backrack-l-disc-mic-svart\/\" \/>\n<meta property=\"og:site_name\" content=\"VM Sport\" \/>\n<meta property=\"article:publisher\" content=\"https:\/\/www.facebook.com\/Vmsport.fi\/\" \/>\n<meta property=\"article:modified_time\" content=\"2026-01-16T11:25:34+00:00\" \/>\n<meta property=\"og:image\" content=\"https:\/\/vmsport.fi\/wp-content\/uploads\/2025\/03\/VK04RjVnfoBmhxXDX3BH26mZZQKoes5MWdTPLVWo61v6ngpzD2-1.jpg\" \/>\n\t<meta property=\"og:image:width\" content=\"1000\" \/>\n\t<meta property=\"og:image:height\" content=\"750\" \/>\n\t<meta property=\"og:image:type\" content=\"image\/jpeg\" \/>\n<meta name=\"twitter:card\" content=\"summary_large_image\" \/>\n<script type=\"application\/ld+json\" class=\"yoast-schema-graph\">{\"@context\":\"https:\\\/\\\/schema.org\",\"@graph\":[{\"@type\":[\"WebPage\",\"ItemPage\"],\"@id\":\"https:\\\/\\\/vmsport.fi\\\/verkkokauppa\\\/tarvikkeet\\\/telineet\\\/tavaratelineet\\\/tavarateline-bontrager-backrack-l-disc-mik-black\\\/\",\"url\":\"https:\\\/\\\/vmsport.fi\\\/verkkokauppa\\\/tarvikkeet\\\/telineet\\\/tavaratelineet\\\/tavarateline-bontrager-backrack-l-disc-mik-black\\\/\",\"name\":\"Tavarateline Bontrager BackRack L Disc MIK Black - VM Sport\",\"isPartOf\":{\"@id\":\"https:\\\/\\\/vmsport.fi\\\/#website\"},\"primaryImageOfPage\":{\"@id\":\"https:\\\/\\\/vmsport.fi\\\/verkkokauppa\\\/tarvikkeet\\\/telineet\\\/tavaratelineet\\\/tavarateline-bontrager-backrack-l-disc-mik-black\\\/#primaryimage\"},\"image\":{\"@id\":\"https:\\\/\\\/vmsport.fi\\\/verkkokauppa\\\/tarvikkeet\\\/telineet\\\/tavaratelineet\\\/tavarateline-bontrager-backrack-l-disc-mik-black\\\/#primaryimage\"},\"thumbnailUrl\":\"https:\\\/\\\/vmsport.fi\\\/wp-content\\\/uploads\\\/2025\\\/03\\\/VK04RjVnfoBmhxXDX3BH26mZZQKoes5MWdTPLVWo61v6ngpzD2-1.jpg\",\"datePublished\":\"2025-03-05T21:56:04+00:00\",\"dateModified\":\"2026-01-16T11:25:34+00:00\",\"breadcrumb\":{\"@id\":\"https:\\\/\\\/vmsport.fi\\\/verkkokauppa\\\/tarvikkeet\\\/telineet\\\/tavaratelineet\\\/tavarateline-bontrager-backrack-l-disc-mik-black\\\/#breadcrumb\"},\"inLanguage\":\"sv-SE\",\"potentialAction\":[{\"@type\":\"ReadAction\",\"target\":[\"https:\\\/\\\/vmsport.fi\\\/verkkokauppa\\\/tarvikkeet\\\/telineet\\\/tavaratelineet\\\/tavarateline-bontrager-backrack-l-disc-mik-black\\\/\"]}]},{\"@type\":\"ImageObject\",\"inLanguage\":\"sv-SE\",\"@id\":\"https:\\\/\\\/vmsport.fi\\\/verkkokauppa\\\/tarvikkeet\\\/telineet\\\/tavaratelineet\\\/tavarateline-bontrager-backrack-l-disc-mik-black\\\/#primaryimage\",\"url\":\"https:\\\/\\\/vmsport.fi\\\/wp-content\\\/uploads\\\/2025\\\/03\\\/VK04RjVnfoBmhxXDX3BH26mZZQKoes5MWdTPLVWo61v6ngpzD2-1.jpg\",\"contentUrl\":\"https:\\\/\\\/vmsport.fi\\\/wp-content\\\/uploads\\\/2025\\\/03\\\/VK04RjVnfoBmhxXDX3BH26mZZQKoes5MWdTPLVWo61v6ngpzD2-1.jpg\",\"width\":1000,\"height\":750,\"caption\":\"VK04RjVnfoBmhxXDX3BH26mZZQKoes5MWdTPLVWo61v6ngpzD2\"},{\"@type\":\"BreadcrumbList\",\"@id\":\"https:\\\/\\\/vmsport.fi\\\/verkkokauppa\\\/tarvikkeet\\\/telineet\\\/tavaratelineet\\\/tavarateline-bontrager-backrack-l-disc-mik-black\\\/#breadcrumb\",\"itemListElement\":[{\"@type\":\"ListItem\",\"position\":1,\"name\":\"Etusivu\",\"item\":\"https:\\\/\\\/vmsport.fi\\\/\"},{\"@type\":\"ListItem\",\"position\":2,\"name\":\"Online Store\",\"item\":\"https:\\\/\\\/vmsport.fi\\\/en\\\/online-store\\\/\"},{\"@type\":\"ListItem\",\"position\":3,\"name\":\"Tavarateline Bontrager BackRack L Disc MIK Black\"}]},{\"@type\":\"WebSite\",\"@id\":\"https:\\\/\\\/vmsport.fi\\\/#website\",\"url\":\"https:\\\/\\\/vmsport.fi\\\/\",\"name\":\"Vmsport\",\"description\":\"Kaikki py\u00f6r\u00e4ilyyn yhdest\u00e4 paikasta\",\"publisher\":{\"@id\":\"https:\\\/\\\/vmsport.fi\\\/#organization\"},\"potentialAction\":[{\"@type\":\"SearchAction\",\"target\":{\"@type\":\"EntryPoint\",\"urlTemplate\":\"https:\\\/\\\/vmsport.fi\\\/?s={search_term_string}\"},\"query-input\":{\"@type\":\"PropertyValueSpecification\",\"valueRequired\":true,\"valueName\":\"search_term_string\"}}],\"inLanguage\":\"sv-SE\"},{\"@type\":\"Organization\",\"@id\":\"https:\\\/\\\/vmsport.fi\\\/#organization\",\"name\":\"Vmsport\",\"url\":\"https:\\\/\\\/vmsport.fi\\\/\",\"logo\":{\"@type\":\"ImageObject\",\"inLanguage\":\"sv-SE\",\"@id\":\"https:\\\/\\\/vmsport.fi\\\/#\\\/schema\\\/logo\\\/image\\\/\",\"url\":\"https:\\\/\\\/vmsport.fi\\\/wp-content\\\/uploads\\\/2024\\\/12\\\/vm_sport_RGB_horisontal-e1734526017575.png\",\"contentUrl\":\"https:\\\/\\\/vmsport.fi\\\/wp-content\\\/uploads\\\/2024\\\/12\\\/vm_sport_RGB_horisontal-e1734526017575.png\",\"width\":668,\"height\":85,\"caption\":\"Vmsport\"},\"image\":{\"@id\":\"https:\\\/\\\/vmsport.fi\\\/#\\\/schema\\\/logo\\\/image\\\/\"},\"sameAs\":[\"https:\\\/\\\/www.facebook.com\\\/Vmsport.fi\\\/\",\"https:\\\/\\\/www.instagram.com\\\/vmsport\\\/\"]}]}<\/script>\n<!-- \/ Yoast SEO plugin. -->","yoast_head_json":{"title":"Bagageh\u00e5llare Bontrager BackRack L Disc MIK Black - VM Sport","robots":{"index":"index","follow":"follow","max-snippet":"max-snippet:-1","max-image-preview":"max-image-preview:large","max-video-preview":"max-video-preview:-1"},"canonical":"https:\/\/vmsport.fi\/sv\/webbutik\/tillbehor\/byggnadsstallningar\/bagagehyllor\/bontrager-backrack-l-disc-mic-svart\/","og_locale":"sv_SE","og_type":"article","og_title":"Tavarateline Bontrager BackRack L Disc MIK Black - VM Sport","og_description":"Bontrager BackRack L Disc MIK Black on huippulaadukas tavarateline, joka on suunniteltu erityisesti levyjarrullisiin py\u00f6riin. T\u00e4m\u00e4 tyylikk\u00e4\u00e4n musta teline yhdist\u00e4\u00e4 kest\u00e4vyyden ja k\u00e4yt\u00e4nn\u00f6llisyyden, sill\u00e4 se on valmistettu korkealaatuisista materiaaleista. MIK-j\u00e4rjestelm\u00e4n ansiosta teline mahdollistaa lis\u00e4varusteiden nopean ja vaivattoman kiinnitt\u00e4misen. Teline on erinomainen valinta, jos tarvitset lis\u00e4tilaa tavaroiden kuljetukseen ja on helppo asentaa paikoilleen. Levyjarruyhteensopivuutensa ansiosta se [...]L\u00e4s mer \u2026 from Tavarateline Bontrager BackRack L Disc MIK Black","og_url":"https:\/\/vmsport.fi\/sv\/webbutik\/tillbehor\/byggnadsstallningar\/bagagehyllor\/bontrager-backrack-l-disc-mic-svart\/","og_site_name":"VM Sport","article_publisher":"https:\/\/www.facebook.com\/Vmsport.fi\/","article_modified_time":"2026-01-16T11:25:34+00:00","og_image":[{"width":1000,"height":750,"url":"https:\/\/vmsport.fi\/wp-content\/uploads\/2025\/03\/VK04RjVnfoBmhxXDX3BH26mZZQKoes5MWdTPLVWo61v6ngpzD2-1.jpg","type":"image\/jpeg"}],"twitter_card":"summary_large_image","schema":{"@context":"https:\/\/schema.org","@graph":[{"@type":["WebPage","ItemPage"],"@id":"https:\/\/vmsport.fi\/verkkokauppa\/tarvikkeet\/telineet\/tavaratelineet\/tavarateline-bontrager-backrack-l-disc-mik-black\/","url":"https:\/\/vmsport.fi\/verkkokauppa\/tarvikkeet\/telineet\/tavaratelineet\/tavarateline-bontrager-backrack-l-disc-mik-black\/","name":"Bagageh\u00e5llare Bontrager BackRack L Disc MIK Black - VM Sport","isPartOf":{"@id":"https:\/\/vmsport.fi\/#website"},"primaryImageOfPage":{"@id":"https:\/\/vmsport.fi\/verkkokauppa\/tarvikkeet\/telineet\/tavaratelineet\/tavarateline-bontrager-backrack-l-disc-mik-black\/#primaryimage"},"image":{"@id":"https:\/\/vmsport.fi\/verkkokauppa\/tarvikkeet\/telineet\/tavaratelineet\/tavarateline-bontrager-backrack-l-disc-mik-black\/#primaryimage"},"thumbnailUrl":"https:\/\/vmsport.fi\/wp-content\/uploads\/2025\/03\/VK04RjVnfoBmhxXDX3BH26mZZQKoes5MWdTPLVWo61v6ngpzD2-1.jpg","datePublished":"2025-03-05T21:56:04+00:00","dateModified":"2026-01-16T11:25:34+00:00","breadcrumb":{"@id":"https:\/\/vmsport.fi\/verkkokauppa\/tarvikkeet\/telineet\/tavaratelineet\/tavarateline-bontrager-backrack-l-disc-mik-black\/#breadcrumb"},"inLanguage":"sv-SE","potentialAction":[{"@type":"ReadAction","target":["https:\/\/vmsport.fi\/verkkokauppa\/tarvikkeet\/telineet\/tavaratelineet\/tavarateline-bontrager-backrack-l-disc-mik-black\/"]}]},{"@type":"ImageObject","inLanguage":"sv-SE","@id":"https:\/\/vmsport.fi\/verkkokauppa\/tarvikkeet\/telineet\/tavaratelineet\/tavarateline-bontrager-backrack-l-disc-mik-black\/#primaryimage","url":"https:\/\/vmsport.fi\/wp-content\/uploads\/2025\/03\/VK04RjVnfoBmhxXDX3BH26mZZQKoes5MWdTPLVWo61v6ngpzD2-1.jpg","contentUrl":"https:\/\/vmsport.fi\/wp-content\/uploads\/2025\/03\/VK04RjVnfoBmhxXDX3BH26mZZQKoes5MWdTPLVWo61v6ngpzD2-1.jpg","width":1000,"height":750,"caption":"VK04RjVnfoBmhxXDX3BH26mZZQKoes5MWdTPLVWo61v6ngpzD2"},{"@type":"BreadcrumbList","@id":"https:\/\/vmsport.fi\/verkkokauppa\/tarvikkeet\/telineet\/tavaratelineet\/tavarateline-bontrager-backrack-l-disc-mik-black\/#breadcrumb","itemListElement":[{"@type":"ListItem","position":1,"name":"Etusivu","item":"https:\/\/vmsport.fi\/"},{"@type":"ListItem","position":2,"name":"Online Store","item":"https:\/\/vmsport.fi\/en\/online-store\/"},{"@type":"ListItem","position":3,"name":"Tavarateline Bontrager BackRack L Disc MIK Black"}]},{"@type":"WebSite","@id":"https:\/\/vmsport.fi\/#website","url":"https:\/\/vmsport.fi\/","name":"Vmsport","description":"Allt p\u00e5 ett st\u00e4lle f\u00f6r cykling","publisher":{"@id":"https:\/\/vmsport.fi\/#organization"},"potentialAction":[{"@type":"SearchAction","target":{"@type":"EntryPoint","urlTemplate":"https:\/\/vmsport.fi\/?s={search_term_string}"},"query-input":{"@type":"PropertyValueSpecification","valueRequired":true,"valueName":"search_term_string"}}],"inLanguage":"sv-SE"},{"@type":"Organization","@id":"https:\/\/vmsport.fi\/#organization","name":"Vmsport","url":"https:\/\/vmsport.fi\/","logo":{"@type":"ImageObject","inLanguage":"sv-SE","@id":"https:\/\/vmsport.fi\/#\/schema\/logo\/image\/","url":"https:\/\/vmsport.fi\/wp-content\/uploads\/2024\/12\/vm_sport_RGB_horisontal-e1734526017575.png","contentUrl":"https:\/\/vmsport.fi\/wp-content\/uploads\/2024\/12\/vm_sport_RGB_horisontal-e1734526017575.png","width":668,"height":85,"caption":"Vmsport"},"image":{"@id":"https:\/\/vmsport.fi\/#\/schema\/logo\/image\/"},"sameAs":["https:\/\/www.facebook.com\/Vmsport.fi\/","https:\/\/www.instagram.com\/vmsport\/"]}]}},"global_unique_id":"","_links":{"self":[{"href":"https:\/\/vmsport.fi\/sv\/wp-json\/wp\/v2\/product\/54674","targetHints":{"allow":["GET"]}}],"collection":[{"href":"https:\/\/vmsport.fi\/sv\/wp-json\/wp\/v2\/product"}],"about":[{"href":"https:\/\/vmsport.fi\/sv\/wp-json\/wp\/v2\/types\/product"}],"replies":[{"embeddable":true,"href":"https:\/\/vmsport.fi\/sv\/wp-json\/wp\/v2\/comments?post=54674"}],"wp:featuredmedia":[{"embeddable":true,"href":"https:\/\/vmsport.fi\/sv\/wp-json\/wp\/v2\/media\/54673"}],"wp:attachment":[{"href":"https:\/\/vmsport.fi\/sv\/wp-json\/wp\/v2\/media?parent=54674"}],"wp:term":[{"taxonomy":"product_brand","embeddable":true,"href":"https:\/\/vmsport.fi\/sv\/wp-json\/wp\/v2\/product_brand?post=54674"},{"taxonomy":"product_model","embeddable":true,"href":"https:\/\/vmsport.fi\/sv\/wp-json\/wp\/v2\/product_model?post=54674"},{"taxonomy":"product_cat","embeddable":true,"href":"https:\/\/vmsport.fi\/sv\/wp-json\/wp\/v2\/product_cat?post=54674"},{"taxonomy":"product_tag","embeddable":true,"href":"https:\/\/vmsport.fi\/sv\/wp-json\/wp\/v2\/product_tag?post=54674"},{"taxonomy":"industry_terminology","embeddable":true,"href":"https:\/\/vmsport.fi\/sv\/wp-json\/wp\/v2\/industry-terminology?post=54674"}],"curies":[{"name":"wp","href":"https:\/\/api.w.org\/{rel}","templated":true}]}}