{"id":54672,"date":"2025-03-05T23:56:03","date_gmt":"2025-03-05T21:56:03","guid":{"rendered":"https:\/\/vmsport.fi\/verkkokauppa\/Ei-luokiteltu\/keskiolaakeri-smbb71-press-fit-road-865mm\/"},"modified":"2026-02-27T02:00:13","modified_gmt":"2026-02-27T00:00:13","slug":"centrumlager-smbb71-presspassning-vag-865mm","status":"publish","type":"product","link":"https:\/\/vmsport.fi\/sv\/verkkokauppa\/varaosat\/voimansiirto\/keskiolaakerit\/keskiolaakeri-smbb71-press-fit-road-865mm\/","title":{"rendered":"Centrumlager SMBB71 Presspassning V\u00e4g 86,5mm"},"content":{"rendered":"<p>Mittlagret SMBB71 \u00e4r s\u00e4rskilt utformat f\u00f6r racing och monteras stadigt p\u00e5 ramen med hj\u00e4lp av press-fit-metoden. Den genomt\u00e4nkta designen och h\u00e5llbarheten ger en smidig trampk\u00e4nsla. Lagrets bredd p\u00e5 86,5 mm bidrar till transmissionseffektiviteten, vilket g\u00f6r det till ett utm\u00e4rkt val f\u00f6r landsv\u00e4gsk\u00f6rning. En enkel och kompakt design i kombination med tillf\u00f6rlitlig prestanda garanterar l\u00e5ng livsl\u00e4ngd.<\/p>","protected":false},"excerpt":{"rendered":"<p>SMBB71-keski\u00f6laakeri on suunniteltu erityisesti kilpapy\u00f6r\u00e4ilyn tarpeisiin, ja se asennetaan runkoon lujasti presst-menetelm\u00e4ll\u00e4. Sen tarkkaan harkittu muotoilu ja kest\u00e4vyys takaavat sujuvan polkemistuntuman. Laakerin 86,5 mm leveys edist\u00e4\u00e4 voimansiirron tehokkuutta, mik\u00e4 tekee siit\u00e4 erinomaisen valinnan tieajoon. Yksinkertainen ja kompakti rakenne yhdess\u00e4 luotettavan suorituskyvyn kanssa varmistavat tuotteen pitk\u00e4ik\u00e4isyyden. [&#8230;]<\/p>\n<p><a class=\"btn btn-secondary understrap-read-more-link\" href=\"https:\/\/vmsport.fi\/sv\/verkkokauppa\/varaosat\/voimansiirto\/keskiolaakerit\/keskiolaakeri-smbb71-press-fit-road-865mm\/\">L\u00e4s mer \u2026<span class=\"screen-reader-text\"> from Keski\u00f6laakeri SMBB71 Press-fit Road 86,5mm<\/span><\/a><\/p>\n","protected":false},"featured_media":54671,"comment_status":"open","ping_status":"closed","template":"","meta":{"_acf_changed":false,"_improvement_type_select":"improve_an_existing","_thumb_yes_seoaic":false,"_frame_yes_seoaic":false,"seoaic_generate_description":"","seoaic_improve_instructions_prompt":"","seoaic_rollback_content_improvement":"","seoaic_idea_thumbnail_generator":"","thumbnail_generated":false,"thumbnail_generate_prompt":"","seoaic_article_description":"","_supplier_stock_quantity":0},"product_brand":[],"product_model":[],"product_cat":[9350],"product_tag":[],"industry-terminology":[],"class_list":{"0":"post-54672","1":"product","2":"type-product","3":"status-publish","4":"has-post-thumbnail","6":"product_cat-keskiolaakerit","8":"first","9":"instock","10":"taxable","11":"shipping-taxable","12":"purchasable","13":"product-type-simple"},"acf":{"bike_features":null,"overview":{"copy_overview":null,"key_features":null,"statement":"","youtube_url":""}},"yoast_head":"<!-- This site is optimized with the Yoast SEO plugin v27.3 - https:\/\/yoast.com\/product\/yoast-seo-wordpress\/ -->\n<title>Keski\u00f6laakeri SMBB71 Press-fit Road 86,5mm - VM Sport<\/title>\n<meta name=\"robots\" content=\"index, follow, max-snippet:-1, max-image-preview:large, max-video-preview:-1\" \/>\n<link rel=\"canonical\" href=\"https:\/\/vmsport.fi\/sv\/webbutik\/reservdelar\/transmission\/mittlager\/centrumlager-smbb71-presspassning-vag-865mm\/\" \/>\n<meta property=\"og:locale\" content=\"sv_SE\" \/>\n<meta property=\"og:type\" content=\"article\" \/>\n<meta property=\"og:title\" content=\"Keski\u00f6laakeri SMBB71 Press-fit Road 86,5mm - VM Sport\" \/>\n<meta property=\"og:description\" content=\"SMBB71-keski\u00f6laakeri on suunniteltu erityisesti kilpapy\u00f6r\u00e4ilyn tarpeisiin, ja se asennetaan runkoon lujasti presst-menetelm\u00e4ll\u00e4. Sen tarkkaan harkittu muotoilu ja kest\u00e4vyys takaavat sujuvan polkemistuntuman. Laakerin 86,5 mm leveys edist\u00e4\u00e4 voimansiirron tehokkuutta, mik\u00e4 tekee siit\u00e4 erinomaisen valinnan tieajoon. Yksinkertainen ja kompakti rakenne yhdess\u00e4 luotettavan suorituskyvyn kanssa varmistavat tuotteen pitk\u00e4ik\u00e4isyyden. [...]L\u00e4s mer \u2026 from Keski\u00f6laakeri SMBB71 Press-fit Road 86,5mm\" \/>\n<meta property=\"og:url\" content=\"https:\/\/vmsport.fi\/sv\/webbutik\/reservdelar\/transmission\/mittlager\/centrumlager-smbb71-presspassning-vag-865mm\/\" \/>\n<meta property=\"og:site_name\" content=\"VM Sport\" \/>\n<meta property=\"article:publisher\" content=\"https:\/\/www.facebook.com\/Vmsport.fi\/\" \/>\n<meta property=\"article:modified_time\" content=\"2026-02-27T00:00:13+00:00\" \/>\n<meta property=\"og:image\" content=\"https:\/\/vmsport.fi\/wp-content\/uploads\/2025\/03\/YjbbYUs4JvbFC5SS5BZrMP15fYx5gOlsl1qBt8bxcc7lEQ3yiN-1.jpg\" \/>\n\t<meta property=\"og:image:width\" content=\"600\" \/>\n\t<meta property=\"og:image:height\" content=\"600\" \/>\n\t<meta property=\"og:image:type\" content=\"image\/jpeg\" \/>\n<meta name=\"twitter:card\" content=\"summary_large_image\" \/>\n<script type=\"application\/ld+json\" class=\"yoast-schema-graph\">{\"@context\":\"https:\\\/\\\/schema.org\",\"@graph\":[{\"@type\":[\"WebPage\",\"ItemPage\"],\"@id\":\"https:\\\/\\\/vmsport.fi\\\/verkkokauppa\\\/varaosat\\\/voimansiirto\\\/keskiolaakerit\\\/keskiolaakeri-smbb71-press-fit-road-865mm\\\/\",\"url\":\"https:\\\/\\\/vmsport.fi\\\/verkkokauppa\\\/varaosat\\\/voimansiirto\\\/keskiolaakerit\\\/keskiolaakeri-smbb71-press-fit-road-865mm\\\/\",\"name\":\"Keski\u00f6laakeri SMBB71 Press-fit Road 86,5mm - VM Sport\",\"isPartOf\":{\"@id\":\"https:\\\/\\\/vmsport.fi\\\/#website\"},\"primaryImageOfPage\":{\"@id\":\"https:\\\/\\\/vmsport.fi\\\/verkkokauppa\\\/varaosat\\\/voimansiirto\\\/keskiolaakerit\\\/keskiolaakeri-smbb71-press-fit-road-865mm\\\/#primaryimage\"},\"image\":{\"@id\":\"https:\\\/\\\/vmsport.fi\\\/verkkokauppa\\\/varaosat\\\/voimansiirto\\\/keskiolaakerit\\\/keskiolaakeri-smbb71-press-fit-road-865mm\\\/#primaryimage\"},\"thumbnailUrl\":\"https:\\\/\\\/vmsport.fi\\\/wp-content\\\/uploads\\\/2025\\\/03\\\/YjbbYUs4JvbFC5SS5BZrMP15fYx5gOlsl1qBt8bxcc7lEQ3yiN-1.jpg\",\"datePublished\":\"2025-03-05T21:56:03+00:00\",\"dateModified\":\"2026-02-27T00:00:13+00:00\",\"breadcrumb\":{\"@id\":\"https:\\\/\\\/vmsport.fi\\\/verkkokauppa\\\/varaosat\\\/voimansiirto\\\/keskiolaakerit\\\/keskiolaakeri-smbb71-press-fit-road-865mm\\\/#breadcrumb\"},\"inLanguage\":\"sv-SE\",\"potentialAction\":[{\"@type\":\"ReadAction\",\"target\":[\"https:\\\/\\\/vmsport.fi\\\/verkkokauppa\\\/varaosat\\\/voimansiirto\\\/keskiolaakerit\\\/keskiolaakeri-smbb71-press-fit-road-865mm\\\/\"]}]},{\"@type\":\"ImageObject\",\"inLanguage\":\"sv-SE\",\"@id\":\"https:\\\/\\\/vmsport.fi\\\/verkkokauppa\\\/varaosat\\\/voimansiirto\\\/keskiolaakerit\\\/keskiolaakeri-smbb71-press-fit-road-865mm\\\/#primaryimage\",\"url\":\"https:\\\/\\\/vmsport.fi\\\/wp-content\\\/uploads\\\/2025\\\/03\\\/YjbbYUs4JvbFC5SS5BZrMP15fYx5gOlsl1qBt8bxcc7lEQ3yiN-1.jpg\",\"contentUrl\":\"https:\\\/\\\/vmsport.fi\\\/wp-content\\\/uploads\\\/2025\\\/03\\\/YjbbYUs4JvbFC5SS5BZrMP15fYx5gOlsl1qBt8bxcc7lEQ3yiN-1.jpg\",\"width\":600,\"height\":600,\"caption\":\"YjbbYUs4JvbFC5SS5BZrMP15fYx5gOlsl1qBt8bxcc7lEQ3yiN\"},{\"@type\":\"BreadcrumbList\",\"@id\":\"https:\\\/\\\/vmsport.fi\\\/verkkokauppa\\\/varaosat\\\/voimansiirto\\\/keskiolaakerit\\\/keskiolaakeri-smbb71-press-fit-road-865mm\\\/#breadcrumb\",\"itemListElement\":[{\"@type\":\"ListItem\",\"position\":1,\"name\":\"Etusivu\",\"item\":\"https:\\\/\\\/vmsport.fi\\\/\"},{\"@type\":\"ListItem\",\"position\":2,\"name\":\"Online Store\",\"item\":\"https:\\\/\\\/vmsport.fi\\\/en\\\/online-store\\\/\"},{\"@type\":\"ListItem\",\"position\":3,\"name\":\"Keski\u00f6laakeri SMBB71 Press-fit Road 86,5mm\"}]},{\"@type\":\"WebSite\",\"@id\":\"https:\\\/\\\/vmsport.fi\\\/#website\",\"url\":\"https:\\\/\\\/vmsport.fi\\\/\",\"name\":\"Vmsport\",\"description\":\"Kaikki py\u00f6r\u00e4ilyyn yhdest\u00e4 paikasta\",\"publisher\":{\"@id\":\"https:\\\/\\\/vmsport.fi\\\/#organization\"},\"potentialAction\":[{\"@type\":\"SearchAction\",\"target\":{\"@type\":\"EntryPoint\",\"urlTemplate\":\"https:\\\/\\\/vmsport.fi\\\/?s={search_term_string}\"},\"query-input\":{\"@type\":\"PropertyValueSpecification\",\"valueRequired\":true,\"valueName\":\"search_term_string\"}}],\"inLanguage\":\"sv-SE\"},{\"@type\":\"Organization\",\"@id\":\"https:\\\/\\\/vmsport.fi\\\/#organization\",\"name\":\"Vmsport\",\"url\":\"https:\\\/\\\/vmsport.fi\\\/\",\"logo\":{\"@type\":\"ImageObject\",\"inLanguage\":\"sv-SE\",\"@id\":\"https:\\\/\\\/vmsport.fi\\\/#\\\/schema\\\/logo\\\/image\\\/\",\"url\":\"https:\\\/\\\/vmsport.fi\\\/wp-content\\\/uploads\\\/2024\\\/12\\\/vm_sport_RGB_horisontal-e1734526017575.png\",\"contentUrl\":\"https:\\\/\\\/vmsport.fi\\\/wp-content\\\/uploads\\\/2024\\\/12\\\/vm_sport_RGB_horisontal-e1734526017575.png\",\"width\":668,\"height\":85,\"caption\":\"Vmsport\"},\"image\":{\"@id\":\"https:\\\/\\\/vmsport.fi\\\/#\\\/schema\\\/logo\\\/image\\\/\"},\"sameAs\":[\"https:\\\/\\\/www.facebook.com\\\/Vmsport.fi\\\/\",\"https:\\\/\\\/www.instagram.com\\\/vmsport\\\/\"]}]}<\/script>\n<!-- \/ Yoast SEO plugin. -->","yoast_head_json":{"title":"Centrumlager SMBB71 Presspassning Road 86,5mm - VM Sport","robots":{"index":"index","follow":"follow","max-snippet":"max-snippet:-1","max-image-preview":"max-image-preview:large","max-video-preview":"max-video-preview:-1"},"canonical":"https:\/\/vmsport.fi\/sv\/webbutik\/reservdelar\/transmission\/mittlager\/centrumlager-smbb71-presspassning-vag-865mm\/","og_locale":"sv_SE","og_type":"article","og_title":"Keski\u00f6laakeri SMBB71 Press-fit Road 86,5mm - VM Sport","og_description":"SMBB71-keski\u00f6laakeri on suunniteltu erityisesti kilpapy\u00f6r\u00e4ilyn tarpeisiin, ja se asennetaan runkoon lujasti presst-menetelm\u00e4ll\u00e4. Sen tarkkaan harkittu muotoilu ja kest\u00e4vyys takaavat sujuvan polkemistuntuman. Laakerin 86,5 mm leveys edist\u00e4\u00e4 voimansiirron tehokkuutta, mik\u00e4 tekee siit\u00e4 erinomaisen valinnan tieajoon. Yksinkertainen ja kompakti rakenne yhdess\u00e4 luotettavan suorituskyvyn kanssa varmistavat tuotteen pitk\u00e4ik\u00e4isyyden. [...]L\u00e4s mer \u2026 from Keski\u00f6laakeri SMBB71 Press-fit Road 86,5mm","og_url":"https:\/\/vmsport.fi\/sv\/webbutik\/reservdelar\/transmission\/mittlager\/centrumlager-smbb71-presspassning-vag-865mm\/","og_site_name":"VM Sport","article_publisher":"https:\/\/www.facebook.com\/Vmsport.fi\/","article_modified_time":"2026-02-27T00:00:13+00:00","og_image":[{"width":600,"height":600,"url":"https:\/\/vmsport.fi\/wp-content\/uploads\/2025\/03\/YjbbYUs4JvbFC5SS5BZrMP15fYx5gOlsl1qBt8bxcc7lEQ3yiN-1.jpg","type":"image\/jpeg"}],"twitter_card":"summary_large_image","schema":{"@context":"https:\/\/schema.org","@graph":[{"@type":["WebPage","ItemPage"],"@id":"https:\/\/vmsport.fi\/verkkokauppa\/varaosat\/voimansiirto\/keskiolaakerit\/keskiolaakeri-smbb71-press-fit-road-865mm\/","url":"https:\/\/vmsport.fi\/verkkokauppa\/varaosat\/voimansiirto\/keskiolaakerit\/keskiolaakeri-smbb71-press-fit-road-865mm\/","name":"Centrumlager SMBB71 Presspassning Road 86,5mm - VM Sport","isPartOf":{"@id":"https:\/\/vmsport.fi\/#website"},"primaryImageOfPage":{"@id":"https:\/\/vmsport.fi\/verkkokauppa\/varaosat\/voimansiirto\/keskiolaakerit\/keskiolaakeri-smbb71-press-fit-road-865mm\/#primaryimage"},"image":{"@id":"https:\/\/vmsport.fi\/verkkokauppa\/varaosat\/voimansiirto\/keskiolaakerit\/keskiolaakeri-smbb71-press-fit-road-865mm\/#primaryimage"},"thumbnailUrl":"https:\/\/vmsport.fi\/wp-content\/uploads\/2025\/03\/YjbbYUs4JvbFC5SS5BZrMP15fYx5gOlsl1qBt8bxcc7lEQ3yiN-1.jpg","datePublished":"2025-03-05T21:56:03+00:00","dateModified":"2026-02-27T00:00:13+00:00","breadcrumb":{"@id":"https:\/\/vmsport.fi\/verkkokauppa\/varaosat\/voimansiirto\/keskiolaakerit\/keskiolaakeri-smbb71-press-fit-road-865mm\/#breadcrumb"},"inLanguage":"sv-SE","potentialAction":[{"@type":"ReadAction","target":["https:\/\/vmsport.fi\/verkkokauppa\/varaosat\/voimansiirto\/keskiolaakerit\/keskiolaakeri-smbb71-press-fit-road-865mm\/"]}]},{"@type":"ImageObject","inLanguage":"sv-SE","@id":"https:\/\/vmsport.fi\/verkkokauppa\/varaosat\/voimansiirto\/keskiolaakerit\/keskiolaakeri-smbb71-press-fit-road-865mm\/#primaryimage","url":"https:\/\/vmsport.fi\/wp-content\/uploads\/2025\/03\/YjbbYUs4JvbFC5SS5BZrMP15fYx5gOlsl1qBt8bxcc7lEQ3yiN-1.jpg","contentUrl":"https:\/\/vmsport.fi\/wp-content\/uploads\/2025\/03\/YjbbYUs4JvbFC5SS5BZrMP15fYx5gOlsl1qBt8bxcc7lEQ3yiN-1.jpg","width":600,"height":600,"caption":"YjbbYUs4JvbFC5SS5BZrMP15fYx5gOlsl1qBt8bxcc7lEQ3yiN"},{"@type":"BreadcrumbList","@id":"https:\/\/vmsport.fi\/verkkokauppa\/varaosat\/voimansiirto\/keskiolaakerit\/keskiolaakeri-smbb71-press-fit-road-865mm\/#breadcrumb","itemListElement":[{"@type":"ListItem","position":1,"name":"Etusivu","item":"https:\/\/vmsport.fi\/"},{"@type":"ListItem","position":2,"name":"Online Store","item":"https:\/\/vmsport.fi\/en\/online-store\/"},{"@type":"ListItem","position":3,"name":"Keski\u00f6laakeri SMBB71 Press-fit Road 86,5mm"}]},{"@type":"WebSite","@id":"https:\/\/vmsport.fi\/#website","url":"https:\/\/vmsport.fi\/","name":"Vmsport","description":"Allt p\u00e5 ett st\u00e4lle f\u00f6r cykling","publisher":{"@id":"https:\/\/vmsport.fi\/#organization"},"potentialAction":[{"@type":"SearchAction","target":{"@type":"EntryPoint","urlTemplate":"https:\/\/vmsport.fi\/?s={search_term_string}"},"query-input":{"@type":"PropertyValueSpecification","valueRequired":true,"valueName":"search_term_string"}}],"inLanguage":"sv-SE"},{"@type":"Organization","@id":"https:\/\/vmsport.fi\/#organization","name":"Vmsport","url":"https:\/\/vmsport.fi\/","logo":{"@type":"ImageObject","inLanguage":"sv-SE","@id":"https:\/\/vmsport.fi\/#\/schema\/logo\/image\/","url":"https:\/\/vmsport.fi\/wp-content\/uploads\/2024\/12\/vm_sport_RGB_horisontal-e1734526017575.png","contentUrl":"https:\/\/vmsport.fi\/wp-content\/uploads\/2024\/12\/vm_sport_RGB_horisontal-e1734526017575.png","width":668,"height":85,"caption":"Vmsport"},"image":{"@id":"https:\/\/vmsport.fi\/#\/schema\/logo\/image\/"},"sameAs":["https:\/\/www.facebook.com\/Vmsport.fi\/","https:\/\/www.instagram.com\/vmsport\/"]}]}},"global_unique_id":"","_links":{"self":[{"href":"https:\/\/vmsport.fi\/sv\/wp-json\/wp\/v2\/product\/54672","targetHints":{"allow":["GET"]}}],"collection":[{"href":"https:\/\/vmsport.fi\/sv\/wp-json\/wp\/v2\/product"}],"about":[{"href":"https:\/\/vmsport.fi\/sv\/wp-json\/wp\/v2\/types\/product"}],"replies":[{"embeddable":true,"href":"https:\/\/vmsport.fi\/sv\/wp-json\/wp\/v2\/comments?post=54672"}],"wp:featuredmedia":[{"embeddable":true,"href":"https:\/\/vmsport.fi\/sv\/wp-json\/wp\/v2\/media\/54671"}],"wp:attachment":[{"href":"https:\/\/vmsport.fi\/sv\/wp-json\/wp\/v2\/media?parent=54672"}],"wp:term":[{"taxonomy":"product_brand","embeddable":true,"href":"https:\/\/vmsport.fi\/sv\/wp-json\/wp\/v2\/product_brand?post=54672"},{"taxonomy":"product_model","embeddable":true,"href":"https:\/\/vmsport.fi\/sv\/wp-json\/wp\/v2\/product_model?post=54672"},{"taxonomy":"product_cat","embeddable":true,"href":"https:\/\/vmsport.fi\/sv\/wp-json\/wp\/v2\/product_cat?post=54672"},{"taxonomy":"product_tag","embeddable":true,"href":"https:\/\/vmsport.fi\/sv\/wp-json\/wp\/v2\/product_tag?post=54672"},{"taxonomy":"industry_terminology","embeddable":true,"href":"https:\/\/vmsport.fi\/sv\/wp-json\/wp\/v2\/industry-terminology?post=54672"}],"curies":[{"name":"wp","href":"https:\/\/api.w.org\/{rel}","templated":true}]}}