{"id":54670,"date":"2025-03-05T23:56:02","date_gmt":"2025-03-05T21:56:02","guid":{"rendered":"https:\/\/vmsport.fi\/verkkokauppa\/Ei-luokiteltu\/aftermarket-kit-1-arm-holder-350-mm-bdsyyyy\/"},"modified":"2026-01-16T13:23:18","modified_gmt":"2026-01-16T11:23:18","slug":"eftermarknadssats-1-armhallare-350-mm-bdsyyyy","status":"publish","type":"product","link":"https:\/\/vmsport.fi\/sv\/verkkokauppa\/varaosat\/sahkopyorien-osat\/sahkopyora-tarvikkeet\/aftermarket-kit-1-arm-holder-350-mm-bdsyyyy\/","title":{"rendered":"Eftermarknadssats 1-Armsh\u00e5llare 35,0 mm (BDSYYYY)"},"content":{"rendered":"<p>Eftermarknadssatsen 1-Arm-Holder 35,0 mm (BDSYYYY) \u00e4r avsedd att anv\u00e4ndas vid uppgradering eller modifiering av befintliga system. Den h\u00e4r kompatibla satsen \u00e4r s\u00e4rskilt utformad f\u00f6r MY2022 smart system och inneh\u00e5ller ett enarmat f\u00e4ste som utg\u00f6r en viktig del av installationsl\u00f6sningen. En medf\u00f6ljande bakre kontakt f\u00f6r displaykontakten underl\u00e4ttar anv\u00e4ndningen av displayenheter. Dessutom finns en 300 mm l\u00e5ng displaykabel som s\u00e4kerst\u00e4ller n\u00f6dv\u00e4ndig anslutning mellan komponenterna. Detaljerade instruktioner ger anv\u00e4ndaren tydlig v\u00e4gledning genom installation och drift, vilket g\u00f6r satsen till en praktisk och anv\u00e4ndarv\u00e4nlig l\u00f6sning.<\/p>","protected":false},"excerpt":{"rendered":"<p>Aftermarket Kit 1-Arm-Holder 35,0 mm (BDSYYYY) on suunniteltu k\u00e4ytett\u00e4v\u00e4ksi, kun halutaan p\u00e4ivitt\u00e4\u00e4 tai muokata olemassa olevia j\u00e4rjestelmi\u00e4. T\u00e4m\u00e4 erityisesti \u00e4lyj\u00e4rjestelm\u00e4lle MY2022 suunniteltu yhteensopiva paketti sis\u00e4lt\u00e4\u00e4 yhden varren pidikkeen, joka toimii asennusratkaisun t\u00e4rke\u00e4n\u00e4 osana. Mukana toimitettava n\u00e4ytt\u00f6liit\u00e4nn\u00e4n takapistoke helpottaa n\u00e4ytt\u00f6laitteiden k\u00e4ytt\u00f6\u00e4. Lis\u00e4ksi, 300 mm pituinen n\u00e4ytt\u00f6kaapeli varmistaa tarvittavan liitett\u00e4vyyden komponenttien v\u00e4lill\u00e4. Yksityiskohtaiset ohjeet ohjaavat k\u00e4ytt\u00e4j\u00e4n selke\u00e4sti [&#8230;]<\/p>\n<p><a class=\"btn btn-secondary understrap-read-more-link\" href=\"https:\/\/vmsport.fi\/sv\/verkkokauppa\/varaosat\/sahkopyorien-osat\/sahkopyora-tarvikkeet\/aftermarket-kit-1-arm-holder-350-mm-bdsyyyy\/\">L\u00e4s mer \u2026<span class=\"screen-reader-text\"> from Aftermarket Kit 1-Arm-Holder 35,0 mm (BDSYYYY)<\/span><\/a><\/p>\n","protected":false},"featured_media":54669,"comment_status":"open","ping_status":"closed","template":"","meta":{"_acf_changed":false,"_improvement_type_select":"improve_an_existing","_thumb_yes_seoaic":false,"_frame_yes_seoaic":false,"seoaic_generate_description":"","seoaic_improve_instructions_prompt":"","seoaic_rollback_content_improvement":"","seoaic_idea_thumbnail_generator":"","thumbnail_generated":false,"thumbnail_generate_prompt":"","seoaic_article_description":"","_supplier_stock_quantity":0},"product_brand":[],"product_model":[],"product_cat":[9468],"product_tag":[],"industry-terminology":[],"class_list":{"0":"post-54670","1":"product","2":"type-product","3":"status-publish","4":"has-post-thumbnail","6":"product_cat-sahkopyora-tarvikkeet","8":"first","9":"outofstock","10":"taxable","11":"shipping-taxable","12":"product-type-simple"},"acf":{"bike_features":null,"overview":{"copy_overview":null,"key_features":null,"statement":"","youtube_url":""}},"yoast_head":"<!-- This site is optimized with the Yoast SEO plugin v27.3 - https:\/\/yoast.com\/product\/yoast-seo-wordpress\/ -->\n<title>Aftermarket Kit 1-Arm-Holder 35,0 mm (BDSYYYY) - VM Sport<\/title>\n<meta name=\"robots\" content=\"index, follow, max-snippet:-1, max-image-preview:large, max-video-preview:-1\" \/>\n<link rel=\"canonical\" href=\"https:\/\/vmsport.fi\/sv\/webbutik\/reservdelar\/delar-av-sagbockar\/tillbehor-till-sagbock\/eftermarknadssats-1-armhallare-350-mm-bdsyyyy\/\" \/>\n<meta property=\"og:locale\" content=\"sv_SE\" \/>\n<meta property=\"og:type\" content=\"article\" \/>\n<meta property=\"og:title\" content=\"Aftermarket Kit 1-Arm-Holder 35,0 mm (BDSYYYY) - VM Sport\" \/>\n<meta property=\"og:description\" content=\"Aftermarket Kit 1-Arm-Holder 35,0 mm (BDSYYYY) on suunniteltu k\u00e4ytett\u00e4v\u00e4ksi, kun halutaan p\u00e4ivitt\u00e4\u00e4 tai muokata olemassa olevia j\u00e4rjestelmi\u00e4. T\u00e4m\u00e4 erityisesti \u00e4lyj\u00e4rjestelm\u00e4lle MY2022 suunniteltu yhteensopiva paketti sis\u00e4lt\u00e4\u00e4 yhden varren pidikkeen, joka toimii asennusratkaisun t\u00e4rke\u00e4n\u00e4 osana. Mukana toimitettava n\u00e4ytt\u00f6liit\u00e4nn\u00e4n takapistoke helpottaa n\u00e4ytt\u00f6laitteiden k\u00e4ytt\u00f6\u00e4. Lis\u00e4ksi, 300 mm pituinen n\u00e4ytt\u00f6kaapeli varmistaa tarvittavan liitett\u00e4vyyden komponenttien v\u00e4lill\u00e4. Yksityiskohtaiset ohjeet ohjaavat k\u00e4ytt\u00e4j\u00e4n selke\u00e4sti [...]L\u00e4s mer \u2026 from Aftermarket Kit 1-Arm-Holder 35,0 mm (BDSYYYY)\" \/>\n<meta property=\"og:url\" content=\"https:\/\/vmsport.fi\/sv\/webbutik\/reservdelar\/delar-av-sagbockar\/tillbehor-till-sagbock\/eftermarknadssats-1-armhallare-350-mm-bdsyyyy\/\" \/>\n<meta property=\"og:site_name\" content=\"VM Sport\" \/>\n<meta property=\"article:publisher\" content=\"https:\/\/www.facebook.com\/Vmsport.fi\/\" \/>\n<meta property=\"article:modified_time\" content=\"2026-01-16T11:23:18+00:00\" \/>\n<meta property=\"og:image\" content=\"https:\/\/vmsport.fi\/wp-content\/uploads\/2025\/03\/1200Wx1200H-2123848-1.png\" \/>\n\t<meta property=\"og:image:width\" content=\"1000\" \/>\n\t<meta property=\"og:image:height\" content=\"1000\" \/>\n\t<meta property=\"og:image:type\" content=\"image\/png\" \/>\n<meta name=\"twitter:card\" content=\"summary_large_image\" \/>\n<meta name=\"twitter:label1\" content=\"Ber\u00e4knad l\u00e4stid\" \/>\n\t<meta name=\"twitter:data1\" content=\"1 minut\" \/>\n<script type=\"application\/ld+json\" class=\"yoast-schema-graph\">{\"@context\":\"https:\\\/\\\/schema.org\",\"@graph\":[{\"@type\":[\"WebPage\",\"ItemPage\"],\"@id\":\"https:\\\/\\\/vmsport.fi\\\/verkkokauppa\\\/varaosat\\\/sahkopyorien-osat\\\/sahkopyora-tarvikkeet\\\/aftermarket-kit-1-arm-holder-350-mm-bdsyyyy\\\/\",\"url\":\"https:\\\/\\\/vmsport.fi\\\/verkkokauppa\\\/varaosat\\\/sahkopyorien-osat\\\/sahkopyora-tarvikkeet\\\/aftermarket-kit-1-arm-holder-350-mm-bdsyyyy\\\/\",\"name\":\"Aftermarket Kit 1-Arm-Holder 35,0 mm (BDSYYYY) - VM Sport\",\"isPartOf\":{\"@id\":\"https:\\\/\\\/vmsport.fi\\\/#website\"},\"primaryImageOfPage\":{\"@id\":\"https:\\\/\\\/vmsport.fi\\\/verkkokauppa\\\/varaosat\\\/sahkopyorien-osat\\\/sahkopyora-tarvikkeet\\\/aftermarket-kit-1-arm-holder-350-mm-bdsyyyy\\\/#primaryimage\"},\"image\":{\"@id\":\"https:\\\/\\\/vmsport.fi\\\/verkkokauppa\\\/varaosat\\\/sahkopyorien-osat\\\/sahkopyora-tarvikkeet\\\/aftermarket-kit-1-arm-holder-350-mm-bdsyyyy\\\/#primaryimage\"},\"thumbnailUrl\":\"https:\\\/\\\/vmsport.fi\\\/wp-content\\\/uploads\\\/2025\\\/03\\\/1200Wx1200H-2123848-1.png\",\"datePublished\":\"2025-03-05T21:56:02+00:00\",\"dateModified\":\"2026-01-16T11:23:18+00:00\",\"breadcrumb\":{\"@id\":\"https:\\\/\\\/vmsport.fi\\\/verkkokauppa\\\/varaosat\\\/sahkopyorien-osat\\\/sahkopyora-tarvikkeet\\\/aftermarket-kit-1-arm-holder-350-mm-bdsyyyy\\\/#breadcrumb\"},\"inLanguage\":\"sv-SE\",\"potentialAction\":[{\"@type\":\"ReadAction\",\"target\":[\"https:\\\/\\\/vmsport.fi\\\/verkkokauppa\\\/varaosat\\\/sahkopyorien-osat\\\/sahkopyora-tarvikkeet\\\/aftermarket-kit-1-arm-holder-350-mm-bdsyyyy\\\/\"]}]},{\"@type\":\"ImageObject\",\"inLanguage\":\"sv-SE\",\"@id\":\"https:\\\/\\\/vmsport.fi\\\/verkkokauppa\\\/varaosat\\\/sahkopyorien-osat\\\/sahkopyora-tarvikkeet\\\/aftermarket-kit-1-arm-holder-350-mm-bdsyyyy\\\/#primaryimage\",\"url\":\"https:\\\/\\\/vmsport.fi\\\/wp-content\\\/uploads\\\/2025\\\/03\\\/1200Wx1200H-2123848-1.png\",\"contentUrl\":\"https:\\\/\\\/vmsport.fi\\\/wp-content\\\/uploads\\\/2025\\\/03\\\/1200Wx1200H-2123848-1.png\",\"width\":1000,\"height\":1000,\"caption\":\"1200Wx1200H-2123848\"},{\"@type\":\"BreadcrumbList\",\"@id\":\"https:\\\/\\\/vmsport.fi\\\/verkkokauppa\\\/varaosat\\\/sahkopyorien-osat\\\/sahkopyora-tarvikkeet\\\/aftermarket-kit-1-arm-holder-350-mm-bdsyyyy\\\/#breadcrumb\",\"itemListElement\":[{\"@type\":\"ListItem\",\"position\":1,\"name\":\"Etusivu\",\"item\":\"https:\\\/\\\/vmsport.fi\\\/\"},{\"@type\":\"ListItem\",\"position\":2,\"name\":\"Online Store\",\"item\":\"https:\\\/\\\/vmsport.fi\\\/en\\\/online-store\\\/\"},{\"@type\":\"ListItem\",\"position\":3,\"name\":\"Aftermarket Kit 1-Arm-Holder 35,0 mm (BDSYYYY)\"}]},{\"@type\":\"WebSite\",\"@id\":\"https:\\\/\\\/vmsport.fi\\\/#website\",\"url\":\"https:\\\/\\\/vmsport.fi\\\/\",\"name\":\"Vmsport\",\"description\":\"Kaikki py\u00f6r\u00e4ilyyn yhdest\u00e4 paikasta\",\"publisher\":{\"@id\":\"https:\\\/\\\/vmsport.fi\\\/#organization\"},\"potentialAction\":[{\"@type\":\"SearchAction\",\"target\":{\"@type\":\"EntryPoint\",\"urlTemplate\":\"https:\\\/\\\/vmsport.fi\\\/?s={search_term_string}\"},\"query-input\":{\"@type\":\"PropertyValueSpecification\",\"valueRequired\":true,\"valueName\":\"search_term_string\"}}],\"inLanguage\":\"sv-SE\"},{\"@type\":\"Organization\",\"@id\":\"https:\\\/\\\/vmsport.fi\\\/#organization\",\"name\":\"Vmsport\",\"url\":\"https:\\\/\\\/vmsport.fi\\\/\",\"logo\":{\"@type\":\"ImageObject\",\"inLanguage\":\"sv-SE\",\"@id\":\"https:\\\/\\\/vmsport.fi\\\/#\\\/schema\\\/logo\\\/image\\\/\",\"url\":\"https:\\\/\\\/vmsport.fi\\\/wp-content\\\/uploads\\\/2024\\\/12\\\/vm_sport_RGB_horisontal-e1734526017575.png\",\"contentUrl\":\"https:\\\/\\\/vmsport.fi\\\/wp-content\\\/uploads\\\/2024\\\/12\\\/vm_sport_RGB_horisontal-e1734526017575.png\",\"width\":668,\"height\":85,\"caption\":\"Vmsport\"},\"image\":{\"@id\":\"https:\\\/\\\/vmsport.fi\\\/#\\\/schema\\\/logo\\\/image\\\/\"},\"sameAs\":[\"https:\\\/\\\/www.facebook.com\\\/Vmsport.fi\\\/\",\"https:\\\/\\\/www.instagram.com\\\/vmsport\\\/\"]}]}<\/script>\n<!-- \/ Yoast SEO plugin. -->","yoast_head_json":{"title":"Eftermarknadssats 1-Armsh\u00e5llare 35,0 mm (BDSYYYY) - VM Sport","robots":{"index":"index","follow":"follow","max-snippet":"max-snippet:-1","max-image-preview":"max-image-preview:large","max-video-preview":"max-video-preview:-1"},"canonical":"https:\/\/vmsport.fi\/sv\/webbutik\/reservdelar\/delar-av-sagbockar\/tillbehor-till-sagbock\/eftermarknadssats-1-armhallare-350-mm-bdsyyyy\/","og_locale":"sv_SE","og_type":"article","og_title":"Aftermarket Kit 1-Arm-Holder 35,0 mm (BDSYYYY) - VM Sport","og_description":"Aftermarket Kit 1-Arm-Holder 35,0 mm (BDSYYYY) on suunniteltu k\u00e4ytett\u00e4v\u00e4ksi, kun halutaan p\u00e4ivitt\u00e4\u00e4 tai muokata olemassa olevia j\u00e4rjestelmi\u00e4. T\u00e4m\u00e4 erityisesti \u00e4lyj\u00e4rjestelm\u00e4lle MY2022 suunniteltu yhteensopiva paketti sis\u00e4lt\u00e4\u00e4 yhden varren pidikkeen, joka toimii asennusratkaisun t\u00e4rke\u00e4n\u00e4 osana. Mukana toimitettava n\u00e4ytt\u00f6liit\u00e4nn\u00e4n takapistoke helpottaa n\u00e4ytt\u00f6laitteiden k\u00e4ytt\u00f6\u00e4. Lis\u00e4ksi, 300 mm pituinen n\u00e4ytt\u00f6kaapeli varmistaa tarvittavan liitett\u00e4vyyden komponenttien v\u00e4lill\u00e4. Yksityiskohtaiset ohjeet ohjaavat k\u00e4ytt\u00e4j\u00e4n selke\u00e4sti [...]L\u00e4s mer \u2026 from Aftermarket Kit 1-Arm-Holder 35,0 mm (BDSYYYY)","og_url":"https:\/\/vmsport.fi\/sv\/webbutik\/reservdelar\/delar-av-sagbockar\/tillbehor-till-sagbock\/eftermarknadssats-1-armhallare-350-mm-bdsyyyy\/","og_site_name":"VM Sport","article_publisher":"https:\/\/www.facebook.com\/Vmsport.fi\/","article_modified_time":"2026-01-16T11:23:18+00:00","og_image":[{"width":1000,"height":1000,"url":"https:\/\/vmsport.fi\/wp-content\/uploads\/2025\/03\/1200Wx1200H-2123848-1.png","type":"image\/png"}],"twitter_card":"summary_large_image","twitter_misc":{"Ber\u00e4knad l\u00e4stid":"1 minut"},"schema":{"@context":"https:\/\/schema.org","@graph":[{"@type":["WebPage","ItemPage"],"@id":"https:\/\/vmsport.fi\/verkkokauppa\/varaosat\/sahkopyorien-osat\/sahkopyora-tarvikkeet\/aftermarket-kit-1-arm-holder-350-mm-bdsyyyy\/","url":"https:\/\/vmsport.fi\/verkkokauppa\/varaosat\/sahkopyorien-osat\/sahkopyora-tarvikkeet\/aftermarket-kit-1-arm-holder-350-mm-bdsyyyy\/","name":"Eftermarknadssats 1-Armsh\u00e5llare 35,0 mm (BDSYYYY) - VM Sport","isPartOf":{"@id":"https:\/\/vmsport.fi\/#website"},"primaryImageOfPage":{"@id":"https:\/\/vmsport.fi\/verkkokauppa\/varaosat\/sahkopyorien-osat\/sahkopyora-tarvikkeet\/aftermarket-kit-1-arm-holder-350-mm-bdsyyyy\/#primaryimage"},"image":{"@id":"https:\/\/vmsport.fi\/verkkokauppa\/varaosat\/sahkopyorien-osat\/sahkopyora-tarvikkeet\/aftermarket-kit-1-arm-holder-350-mm-bdsyyyy\/#primaryimage"},"thumbnailUrl":"https:\/\/vmsport.fi\/wp-content\/uploads\/2025\/03\/1200Wx1200H-2123848-1.png","datePublished":"2025-03-05T21:56:02+00:00","dateModified":"2026-01-16T11:23:18+00:00","breadcrumb":{"@id":"https:\/\/vmsport.fi\/verkkokauppa\/varaosat\/sahkopyorien-osat\/sahkopyora-tarvikkeet\/aftermarket-kit-1-arm-holder-350-mm-bdsyyyy\/#breadcrumb"},"inLanguage":"sv-SE","potentialAction":[{"@type":"ReadAction","target":["https:\/\/vmsport.fi\/verkkokauppa\/varaosat\/sahkopyorien-osat\/sahkopyora-tarvikkeet\/aftermarket-kit-1-arm-holder-350-mm-bdsyyyy\/"]}]},{"@type":"ImageObject","inLanguage":"sv-SE","@id":"https:\/\/vmsport.fi\/verkkokauppa\/varaosat\/sahkopyorien-osat\/sahkopyora-tarvikkeet\/aftermarket-kit-1-arm-holder-350-mm-bdsyyyy\/#primaryimage","url":"https:\/\/vmsport.fi\/wp-content\/uploads\/2025\/03\/1200Wx1200H-2123848-1.png","contentUrl":"https:\/\/vmsport.fi\/wp-content\/uploads\/2025\/03\/1200Wx1200H-2123848-1.png","width":1000,"height":1000,"caption":"1200Wx1200H-2123848"},{"@type":"BreadcrumbList","@id":"https:\/\/vmsport.fi\/verkkokauppa\/varaosat\/sahkopyorien-osat\/sahkopyora-tarvikkeet\/aftermarket-kit-1-arm-holder-350-mm-bdsyyyy\/#breadcrumb","itemListElement":[{"@type":"ListItem","position":1,"name":"Etusivu","item":"https:\/\/vmsport.fi\/"},{"@type":"ListItem","position":2,"name":"Online Store","item":"https:\/\/vmsport.fi\/en\/online-store\/"},{"@type":"ListItem","position":3,"name":"Aftermarket Kit 1-Arm-Holder 35,0 mm (BDSYYYY)"}]},{"@type":"WebSite","@id":"https:\/\/vmsport.fi\/#website","url":"https:\/\/vmsport.fi\/","name":"Vmsport","description":"Allt p\u00e5 ett st\u00e4lle f\u00f6r cykling","publisher":{"@id":"https:\/\/vmsport.fi\/#organization"},"potentialAction":[{"@type":"SearchAction","target":{"@type":"EntryPoint","urlTemplate":"https:\/\/vmsport.fi\/?s={search_term_string}"},"query-input":{"@type":"PropertyValueSpecification","valueRequired":true,"valueName":"search_term_string"}}],"inLanguage":"sv-SE"},{"@type":"Organization","@id":"https:\/\/vmsport.fi\/#organization","name":"Vmsport","url":"https:\/\/vmsport.fi\/","logo":{"@type":"ImageObject","inLanguage":"sv-SE","@id":"https:\/\/vmsport.fi\/#\/schema\/logo\/image\/","url":"https:\/\/vmsport.fi\/wp-content\/uploads\/2024\/12\/vm_sport_RGB_horisontal-e1734526017575.png","contentUrl":"https:\/\/vmsport.fi\/wp-content\/uploads\/2024\/12\/vm_sport_RGB_horisontal-e1734526017575.png","width":668,"height":85,"caption":"Vmsport"},"image":{"@id":"https:\/\/vmsport.fi\/#\/schema\/logo\/image\/"},"sameAs":["https:\/\/www.facebook.com\/Vmsport.fi\/","https:\/\/www.instagram.com\/vmsport\/"]}]}},"global_unique_id":"","_links":{"self":[{"href":"https:\/\/vmsport.fi\/sv\/wp-json\/wp\/v2\/product\/54670","targetHints":{"allow":["GET"]}}],"collection":[{"href":"https:\/\/vmsport.fi\/sv\/wp-json\/wp\/v2\/product"}],"about":[{"href":"https:\/\/vmsport.fi\/sv\/wp-json\/wp\/v2\/types\/product"}],"replies":[{"embeddable":true,"href":"https:\/\/vmsport.fi\/sv\/wp-json\/wp\/v2\/comments?post=54670"}],"wp:featuredmedia":[{"embeddable":true,"href":"https:\/\/vmsport.fi\/sv\/wp-json\/wp\/v2\/media\/54669"}],"wp:attachment":[{"href":"https:\/\/vmsport.fi\/sv\/wp-json\/wp\/v2\/media?parent=54670"}],"wp:term":[{"taxonomy":"product_brand","embeddable":true,"href":"https:\/\/vmsport.fi\/sv\/wp-json\/wp\/v2\/product_brand?post=54670"},{"taxonomy":"product_model","embeddable":true,"href":"https:\/\/vmsport.fi\/sv\/wp-json\/wp\/v2\/product_model?post=54670"},{"taxonomy":"product_cat","embeddable":true,"href":"https:\/\/vmsport.fi\/sv\/wp-json\/wp\/v2\/product_cat?post=54670"},{"taxonomy":"product_tag","embeddable":true,"href":"https:\/\/vmsport.fi\/sv\/wp-json\/wp\/v2\/product_tag?post=54670"},{"taxonomy":"industry_terminology","embeddable":true,"href":"https:\/\/vmsport.fi\/sv\/wp-json\/wp\/v2\/industry-terminology?post=54670"}],"curies":[{"name":"wp","href":"https:\/\/api.w.org\/{rel}","templated":true}]}}