{"id":54660,"date":"2025-03-05T23:55:58","date_gmt":"2025-03-05T21:55:58","guid":{"rendered":"https:\/\/vmsport.fi\/verkkokauppa\/Ei-luokiteltu\/bosch-takavalon-liitantajohto-the-smart-system\/"},"modified":"2026-04-22T15:04:26","modified_gmt":"2026-04-22T12:04:26","slug":"bosch-bakljus-anslutningskabel-det-smarta-systemet","status":"publish","type":"product","link":"https:\/\/vmsport.fi\/sv\/verkkokauppa\/varaosat\/sahkopyorien-osat\/sahkopyorien-osat-sahkopyorien-osat\/bosch-takavalon-liitantajohto-the-smart-system\/","title":{"rendered":"Kabeldragning f\u00f6r Bosch bakljus (Det smarta systemet)"},"content":{"rendered":"<p>Bosch Rear Light Connector, som ing\u00e5r i serien The Smart System, s\u00e4kerst\u00e4ller utm\u00e4rkt anslutning till bakljuset p\u00e5 din elcykel. Den ger en enkel och smidig anslutning och integreras s\u00f6ml\u00f6st med andra system p\u00e5 cykeln. Den h\u00e4r anslutningskabeln fungerar s\u00f6ml\u00f6st med eBike-systemet och s\u00e4kerst\u00e4ller en energieffektiv anv\u00e4ndning av litiumbatteriet. Kabeln f\u00f6rb\u00e4ttrar k\u00f6rs\u00e4kerheten genom att st\u00f6dja Bosch eBike ABS-system, som beh\u00e5ller kontrollen \u00f6ver cykeln. Ruttplanering och k\u00f6rs\u00e4kerhet \u00e4r k\u00e4rnan i systemet, vilket f\u00f6rb\u00e4ttrar den totala k\u00f6rkomforten.<\/p>","protected":false},"excerpt":{"rendered":"<p>Bosch Takavalon liit\u00e4nt\u00e4johto, joka kuuluu The Smart System -sarjaan, takaa erinomaisen yhteyden s\u00e4hk\u00f6py\u00f6r\u00e4n takavaloon. Se tarjoaa helppok\u00e4ytt\u00f6isen ja sujuvan liit\u00e4nn\u00e4n, integroituen moitteettomasti py\u00f6r\u00e4n muihin j\u00e4rjestelmiin. T\u00e4m\u00e4 liit\u00e4nt\u00e4johto toimii saumattomasti eBike-j\u00e4rjestelm\u00e4n kanssa, varmistaen litiumakun energiatehokkaan k\u00e4yt\u00f6n. Kaapeli parantaa ajoturvallisuutta tukemalla Bosch eBike ABS -j\u00e4rjestelm\u00e4\u00e4, joka s\u00e4ilytt\u00e4\u00e4 py\u00f6r\u00e4n hallinnan. Reittien suunnittelu ja ajoturvallisuus ovat keski\u00f6ss\u00e4, parantaen n\u00e4in [&#8230;]<\/p>\n<p><a class=\"btn btn-secondary understrap-read-more-link\" href=\"https:\/\/vmsport.fi\/sv\/verkkokauppa\/varaosat\/sahkopyorien-osat\/sahkopyorien-osat-sahkopyorien-osat\/bosch-takavalon-liitantajohto-the-smart-system\/\">L\u00e4s mer \u2026<span class=\"screen-reader-text\"> from Bosch Takavalon liit\u00e4nt\u00e4johto (The smart system)<\/span><\/a><\/p>\n","protected":false},"featured_media":54659,"comment_status":"open","ping_status":"closed","template":"","meta":{"_acf_changed":false,"_improvement_type_select":"improve_an_existing","_thumb_yes_seoaic":false,"_frame_yes_seoaic":false,"seoaic_generate_description":"","seoaic_improve_instructions_prompt":"","seoaic_rollback_content_improvement":"","seoaic_idea_thumbnail_generator":"","thumbnail_generated":false,"thumbnail_generate_prompt":"","seoaic_article_description":"","_supplier_stock_quantity":0},"product_brand":[],"product_model":[],"product_cat":[9482],"product_tag":[],"industry-terminology":[],"class_list":{"0":"post-54660","1":"product","2":"type-product","3":"status-publish","4":"has-post-thumbnail","6":"product_cat-sahkopyorien-osat-sahkopyorien-osat","8":"first","9":"outofstock","10":"taxable","11":"shipping-taxable","12":"product-type-simple"},"acf":{"bike_features":null,"overview":{"copy_overview":null,"key_features":null,"statement":"","youtube_url":""}},"yoast_head":"<!-- This site is optimized with the Yoast SEO plugin v27.4 - https:\/\/yoast.com\/product\/yoast-seo-wordpress\/ -->\n<title>Bosch Takavalon liit\u00e4nt\u00e4johto (The smart system) - VM Sport<\/title>\n<meta name=\"robots\" content=\"index, follow, max-snippet:-1, max-image-preview:large, max-video-preview:-1\" \/>\n<link rel=\"canonical\" href=\"https:\/\/vmsport.fi\/sv\/webbutik\/reservdelar\/delar-av-sagbockar\/delar-av-sagbock-delar-av-sagbock\/bosch-bakljus-anslutningskabel-det-smarta-systemet\/\" \/>\n<meta property=\"og:locale\" content=\"sv_SE\" \/>\n<meta property=\"og:type\" content=\"article\" \/>\n<meta property=\"og:title\" content=\"Bosch Takavalon liit\u00e4nt\u00e4johto (The smart system) - VM Sport\" \/>\n<meta property=\"og:description\" content=\"Bosch Takavalon liit\u00e4nt\u00e4johto, joka kuuluu The Smart System -sarjaan, takaa erinomaisen yhteyden s\u00e4hk\u00f6py\u00f6r\u00e4n takavaloon. Se tarjoaa helppok\u00e4ytt\u00f6isen ja sujuvan liit\u00e4nn\u00e4n, integroituen moitteettomasti py\u00f6r\u00e4n muihin j\u00e4rjestelmiin. T\u00e4m\u00e4 liit\u00e4nt\u00e4johto toimii saumattomasti eBike-j\u00e4rjestelm\u00e4n kanssa, varmistaen litiumakun energiatehokkaan k\u00e4yt\u00f6n. Kaapeli parantaa ajoturvallisuutta tukemalla Bosch eBike ABS -j\u00e4rjestelm\u00e4\u00e4, joka s\u00e4ilytt\u00e4\u00e4 py\u00f6r\u00e4n hallinnan. Reittien suunnittelu ja ajoturvallisuus ovat keski\u00f6ss\u00e4, parantaen n\u00e4in [...]L\u00e4s mer \u2026 from Bosch Takavalon liit\u00e4nt\u00e4johto (The smart system)\" \/>\n<meta property=\"og:url\" content=\"https:\/\/vmsport.fi\/sv\/webbutik\/reservdelar\/delar-av-sagbockar\/delar-av-sagbock-delar-av-sagbock\/bosch-bakljus-anslutningskabel-det-smarta-systemet\/\" \/>\n<meta property=\"og:site_name\" content=\"VM Sport\" \/>\n<meta property=\"article:publisher\" content=\"https:\/\/www.facebook.com\/Vmsport.fi\/\" \/>\n<meta property=\"article:modified_time\" content=\"2026-04-22T12:04:26+00:00\" \/>\n<meta property=\"og:image\" content=\"https:\/\/vmsport.fi\/wp-content\/uploads\/2025\/03\/2123861-1200Wx1200H-1.png\" \/>\n\t<meta property=\"og:image:width\" content=\"1000\" \/>\n\t<meta property=\"og:image:height\" content=\"1000\" \/>\n\t<meta property=\"og:image:type\" content=\"image\/png\" \/>\n<meta name=\"twitter:card\" content=\"summary_large_image\" \/>\n<script type=\"application\/ld+json\" class=\"yoast-schema-graph\">{\"@context\":\"https:\\\/\\\/schema.org\",\"@graph\":[{\"@type\":[\"WebPage\",\"ItemPage\"],\"@id\":\"https:\\\/\\\/vmsport.fi\\\/verkkokauppa\\\/varaosat\\\/sahkopyorien-osat\\\/sahkopyorien-osat-sahkopyorien-osat\\\/bosch-takavalon-liitantajohto-the-smart-system\\\/\",\"url\":\"https:\\\/\\\/vmsport.fi\\\/verkkokauppa\\\/varaosat\\\/sahkopyorien-osat\\\/sahkopyorien-osat-sahkopyorien-osat\\\/bosch-takavalon-liitantajohto-the-smart-system\\\/\",\"name\":\"Bosch Takavalon liit\u00e4nt\u00e4johto (The smart system) - VM Sport\",\"isPartOf\":{\"@id\":\"https:\\\/\\\/vmsport.fi\\\/#website\"},\"primaryImageOfPage\":{\"@id\":\"https:\\\/\\\/vmsport.fi\\\/verkkokauppa\\\/varaosat\\\/sahkopyorien-osat\\\/sahkopyorien-osat-sahkopyorien-osat\\\/bosch-takavalon-liitantajohto-the-smart-system\\\/#primaryimage\"},\"image\":{\"@id\":\"https:\\\/\\\/vmsport.fi\\\/verkkokauppa\\\/varaosat\\\/sahkopyorien-osat\\\/sahkopyorien-osat-sahkopyorien-osat\\\/bosch-takavalon-liitantajohto-the-smart-system\\\/#primaryimage\"},\"thumbnailUrl\":\"https:\\\/\\\/vmsport.fi\\\/wp-content\\\/uploads\\\/2025\\\/03\\\/2123861-1200Wx1200H-1.png\",\"datePublished\":\"2025-03-05T21:55:58+00:00\",\"dateModified\":\"2026-04-22T12:04:26+00:00\",\"breadcrumb\":{\"@id\":\"https:\\\/\\\/vmsport.fi\\\/verkkokauppa\\\/varaosat\\\/sahkopyorien-osat\\\/sahkopyorien-osat-sahkopyorien-osat\\\/bosch-takavalon-liitantajohto-the-smart-system\\\/#breadcrumb\"},\"inLanguage\":\"sv-SE\",\"potentialAction\":[{\"@type\":\"ReadAction\",\"target\":[\"https:\\\/\\\/vmsport.fi\\\/verkkokauppa\\\/varaosat\\\/sahkopyorien-osat\\\/sahkopyorien-osat-sahkopyorien-osat\\\/bosch-takavalon-liitantajohto-the-smart-system\\\/\"]}]},{\"@type\":\"ImageObject\",\"inLanguage\":\"sv-SE\",\"@id\":\"https:\\\/\\\/vmsport.fi\\\/verkkokauppa\\\/varaosat\\\/sahkopyorien-osat\\\/sahkopyorien-osat-sahkopyorien-osat\\\/bosch-takavalon-liitantajohto-the-smart-system\\\/#primaryimage\",\"url\":\"https:\\\/\\\/vmsport.fi\\\/wp-content\\\/uploads\\\/2025\\\/03\\\/2123861-1200Wx1200H-1.png\",\"contentUrl\":\"https:\\\/\\\/vmsport.fi\\\/wp-content\\\/uploads\\\/2025\\\/03\\\/2123861-1200Wx1200H-1.png\",\"width\":1000,\"height\":1000,\"caption\":\"2123861-1200Wx1200H\"},{\"@type\":\"BreadcrumbList\",\"@id\":\"https:\\\/\\\/vmsport.fi\\\/verkkokauppa\\\/varaosat\\\/sahkopyorien-osat\\\/sahkopyorien-osat-sahkopyorien-osat\\\/bosch-takavalon-liitantajohto-the-smart-system\\\/#breadcrumb\",\"itemListElement\":[{\"@type\":\"ListItem\",\"position\":1,\"name\":\"Etusivu\",\"item\":\"https:\\\/\\\/vmsport.fi\\\/\"},{\"@type\":\"ListItem\",\"position\":2,\"name\":\"Online Store\",\"item\":\"https:\\\/\\\/vmsport.fi\\\/en\\\/online-store\\\/\"},{\"@type\":\"ListItem\",\"position\":3,\"name\":\"Bosch Takavalon liit\u00e4nt\u00e4johto (The smart system)\"}]},{\"@type\":\"WebSite\",\"@id\":\"https:\\\/\\\/vmsport.fi\\\/#website\",\"url\":\"https:\\\/\\\/vmsport.fi\\\/\",\"name\":\"Vmsport\",\"description\":\"Kaikki py\u00f6r\u00e4ilyyn yhdest\u00e4 paikasta\",\"publisher\":{\"@id\":\"https:\\\/\\\/vmsport.fi\\\/#organization\"},\"potentialAction\":[{\"@type\":\"SearchAction\",\"target\":{\"@type\":\"EntryPoint\",\"urlTemplate\":\"https:\\\/\\\/vmsport.fi\\\/?s={search_term_string}\"},\"query-input\":{\"@type\":\"PropertyValueSpecification\",\"valueRequired\":true,\"valueName\":\"search_term_string\"}}],\"inLanguage\":\"sv-SE\"},{\"@type\":\"Organization\",\"@id\":\"https:\\\/\\\/vmsport.fi\\\/#organization\",\"name\":\"Vmsport\",\"url\":\"https:\\\/\\\/vmsport.fi\\\/\",\"logo\":{\"@type\":\"ImageObject\",\"inLanguage\":\"sv-SE\",\"@id\":\"https:\\\/\\\/vmsport.fi\\\/#\\\/schema\\\/logo\\\/image\\\/\",\"url\":\"https:\\\/\\\/vmsport.fi\\\/wp-content\\\/uploads\\\/2024\\\/12\\\/vm_sport_RGB_horisontal-e1734526017575.png\",\"contentUrl\":\"https:\\\/\\\/vmsport.fi\\\/wp-content\\\/uploads\\\/2024\\\/12\\\/vm_sport_RGB_horisontal-e1734526017575.png\",\"width\":668,\"height\":85,\"caption\":\"Vmsport\"},\"image\":{\"@id\":\"https:\\\/\\\/vmsport.fi\\\/#\\\/schema\\\/logo\\\/image\\\/\"},\"sameAs\":[\"https:\\\/\\\/www.facebook.com\\\/Vmsport.fi\\\/\",\"https:\\\/\\\/www.instagram.com\\\/vmsport\\\/\"]}]}<\/script>\n<!-- \/ Yoast SEO plugin. -->","yoast_head_json":{"title":"Kabeldragning f\u00f6r Bosch bakljus (Det smarta systemet) - VM Sport","robots":{"index":"index","follow":"follow","max-snippet":"max-snippet:-1","max-image-preview":"max-image-preview:large","max-video-preview":"max-video-preview:-1"},"canonical":"https:\/\/vmsport.fi\/sv\/webbutik\/reservdelar\/delar-av-sagbockar\/delar-av-sagbock-delar-av-sagbock\/bosch-bakljus-anslutningskabel-det-smarta-systemet\/","og_locale":"sv_SE","og_type":"article","og_title":"Bosch Takavalon liit\u00e4nt\u00e4johto (The smart system) - VM Sport","og_description":"Bosch Takavalon liit\u00e4nt\u00e4johto, joka kuuluu The Smart System -sarjaan, takaa erinomaisen yhteyden s\u00e4hk\u00f6py\u00f6r\u00e4n takavaloon. Se tarjoaa helppok\u00e4ytt\u00f6isen ja sujuvan liit\u00e4nn\u00e4n, integroituen moitteettomasti py\u00f6r\u00e4n muihin j\u00e4rjestelmiin. T\u00e4m\u00e4 liit\u00e4nt\u00e4johto toimii saumattomasti eBike-j\u00e4rjestelm\u00e4n kanssa, varmistaen litiumakun energiatehokkaan k\u00e4yt\u00f6n. Kaapeli parantaa ajoturvallisuutta tukemalla Bosch eBike ABS -j\u00e4rjestelm\u00e4\u00e4, joka s\u00e4ilytt\u00e4\u00e4 py\u00f6r\u00e4n hallinnan. Reittien suunnittelu ja ajoturvallisuus ovat keski\u00f6ss\u00e4, parantaen n\u00e4in [...]L\u00e4s mer \u2026 from Bosch Takavalon liit\u00e4nt\u00e4johto (The smart system)","og_url":"https:\/\/vmsport.fi\/sv\/webbutik\/reservdelar\/delar-av-sagbockar\/delar-av-sagbock-delar-av-sagbock\/bosch-bakljus-anslutningskabel-det-smarta-systemet\/","og_site_name":"VM Sport","article_publisher":"https:\/\/www.facebook.com\/Vmsport.fi\/","article_modified_time":"2026-04-22T12:04:26+00:00","og_image":[{"width":1000,"height":1000,"url":"https:\/\/vmsport.fi\/wp-content\/uploads\/2025\/03\/2123861-1200Wx1200H-1.png","type":"image\/png"}],"twitter_card":"summary_large_image","schema":{"@context":"https:\/\/schema.org","@graph":[{"@type":["WebPage","ItemPage"],"@id":"https:\/\/vmsport.fi\/verkkokauppa\/varaosat\/sahkopyorien-osat\/sahkopyorien-osat-sahkopyorien-osat\/bosch-takavalon-liitantajohto-the-smart-system\/","url":"https:\/\/vmsport.fi\/verkkokauppa\/varaosat\/sahkopyorien-osat\/sahkopyorien-osat-sahkopyorien-osat\/bosch-takavalon-liitantajohto-the-smart-system\/","name":"Kabeldragning f\u00f6r Bosch bakljus (Det smarta systemet) - VM Sport","isPartOf":{"@id":"https:\/\/vmsport.fi\/#website"},"primaryImageOfPage":{"@id":"https:\/\/vmsport.fi\/verkkokauppa\/varaosat\/sahkopyorien-osat\/sahkopyorien-osat-sahkopyorien-osat\/bosch-takavalon-liitantajohto-the-smart-system\/#primaryimage"},"image":{"@id":"https:\/\/vmsport.fi\/verkkokauppa\/varaosat\/sahkopyorien-osat\/sahkopyorien-osat-sahkopyorien-osat\/bosch-takavalon-liitantajohto-the-smart-system\/#primaryimage"},"thumbnailUrl":"https:\/\/vmsport.fi\/wp-content\/uploads\/2025\/03\/2123861-1200Wx1200H-1.png","datePublished":"2025-03-05T21:55:58+00:00","dateModified":"2026-04-22T12:04:26+00:00","breadcrumb":{"@id":"https:\/\/vmsport.fi\/verkkokauppa\/varaosat\/sahkopyorien-osat\/sahkopyorien-osat-sahkopyorien-osat\/bosch-takavalon-liitantajohto-the-smart-system\/#breadcrumb"},"inLanguage":"sv-SE","potentialAction":[{"@type":"ReadAction","target":["https:\/\/vmsport.fi\/verkkokauppa\/varaosat\/sahkopyorien-osat\/sahkopyorien-osat-sahkopyorien-osat\/bosch-takavalon-liitantajohto-the-smart-system\/"]}]},{"@type":"ImageObject","inLanguage":"sv-SE","@id":"https:\/\/vmsport.fi\/verkkokauppa\/varaosat\/sahkopyorien-osat\/sahkopyorien-osat-sahkopyorien-osat\/bosch-takavalon-liitantajohto-the-smart-system\/#primaryimage","url":"https:\/\/vmsport.fi\/wp-content\/uploads\/2025\/03\/2123861-1200Wx1200H-1.png","contentUrl":"https:\/\/vmsport.fi\/wp-content\/uploads\/2025\/03\/2123861-1200Wx1200H-1.png","width":1000,"height":1000,"caption":"2123861-1200Wx1200H"},{"@type":"BreadcrumbList","@id":"https:\/\/vmsport.fi\/verkkokauppa\/varaosat\/sahkopyorien-osat\/sahkopyorien-osat-sahkopyorien-osat\/bosch-takavalon-liitantajohto-the-smart-system\/#breadcrumb","itemListElement":[{"@type":"ListItem","position":1,"name":"Etusivu","item":"https:\/\/vmsport.fi\/"},{"@type":"ListItem","position":2,"name":"Online Store","item":"https:\/\/vmsport.fi\/en\/online-store\/"},{"@type":"ListItem","position":3,"name":"Bosch Takavalon liit\u00e4nt\u00e4johto (The smart system)"}]},{"@type":"WebSite","@id":"https:\/\/vmsport.fi\/#website","url":"https:\/\/vmsport.fi\/","name":"Vmsport","description":"Allt p\u00e5 ett st\u00e4lle f\u00f6r cykling","publisher":{"@id":"https:\/\/vmsport.fi\/#organization"},"potentialAction":[{"@type":"SearchAction","target":{"@type":"EntryPoint","urlTemplate":"https:\/\/vmsport.fi\/?s={search_term_string}"},"query-input":{"@type":"PropertyValueSpecification","valueRequired":true,"valueName":"search_term_string"}}],"inLanguage":"sv-SE"},{"@type":"Organization","@id":"https:\/\/vmsport.fi\/#organization","name":"Vmsport","url":"https:\/\/vmsport.fi\/","logo":{"@type":"ImageObject","inLanguage":"sv-SE","@id":"https:\/\/vmsport.fi\/#\/schema\/logo\/image\/","url":"https:\/\/vmsport.fi\/wp-content\/uploads\/2024\/12\/vm_sport_RGB_horisontal-e1734526017575.png","contentUrl":"https:\/\/vmsport.fi\/wp-content\/uploads\/2024\/12\/vm_sport_RGB_horisontal-e1734526017575.png","width":668,"height":85,"caption":"Vmsport"},"image":{"@id":"https:\/\/vmsport.fi\/#\/schema\/logo\/image\/"},"sameAs":["https:\/\/www.facebook.com\/Vmsport.fi\/","https:\/\/www.instagram.com\/vmsport\/"]}]}},"global_unique_id":"","_links":{"self":[{"href":"https:\/\/vmsport.fi\/sv\/wp-json\/wp\/v2\/product\/54660","targetHints":{"allow":["GET"]}}],"collection":[{"href":"https:\/\/vmsport.fi\/sv\/wp-json\/wp\/v2\/product"}],"about":[{"href":"https:\/\/vmsport.fi\/sv\/wp-json\/wp\/v2\/types\/product"}],"replies":[{"embeddable":true,"href":"https:\/\/vmsport.fi\/sv\/wp-json\/wp\/v2\/comments?post=54660"}],"wp:featuredmedia":[{"embeddable":true,"href":"https:\/\/vmsport.fi\/sv\/wp-json\/wp\/v2\/media\/54659"}],"wp:attachment":[{"href":"https:\/\/vmsport.fi\/sv\/wp-json\/wp\/v2\/media?parent=54660"}],"wp:term":[{"taxonomy":"product_brand","embeddable":true,"href":"https:\/\/vmsport.fi\/sv\/wp-json\/wp\/v2\/product_brand?post=54660"},{"taxonomy":"product_model","embeddable":true,"href":"https:\/\/vmsport.fi\/sv\/wp-json\/wp\/v2\/product_model?post=54660"},{"taxonomy":"product_cat","embeddable":true,"href":"https:\/\/vmsport.fi\/sv\/wp-json\/wp\/v2\/product_cat?post=54660"},{"taxonomy":"product_tag","embeddable":true,"href":"https:\/\/vmsport.fi\/sv\/wp-json\/wp\/v2\/product_tag?post=54660"},{"taxonomy":"industry_terminology","embeddable":true,"href":"https:\/\/vmsport.fi\/sv\/wp-json\/wp\/v2\/industry-terminology?post=54660"}],"curies":[{"name":"wp","href":"https:\/\/api.w.org\/{rel}","templated":true}]}}