{"id":54640,"date":"2025-03-05T23:55:44","date_gmt":"2025-03-05T21:55:44","guid":{"rendered":"https:\/\/vmsport.fi\/verkkokauppa\/Ei-luokiteltu\/rowdy-set-20-24\/"},"modified":"2026-04-02T15:50:32","modified_gmt":"2026-04-02T12:50:32","slug":"rowdy-set-20-24","status":"publish","type":"product","link":"https:\/\/vmsport.fi\/sv\/verkkokauppa\/tarvikkeet\/lokasuojat\/lokasuojasetit\/rowdy-set-20-24\/","title":{"rendered":"Br\u00e5kig upps\u00e4ttning, 20\u2033-24 2.0"},"content":{"rendered":"<p>Rowdy-Set, som \u00e4r speciellt framtaget f\u00f6r 20-24 tums cyklar, ger ett utm\u00e4rkt skydd mot smuts och vatten. St\u00e4nksk\u00e4rmarna f\u00e4sts enkelt p\u00e5 cykeln, vilket g\u00f6r cyklingen bekv\u00e4mare och torrare. Det h\u00e4r cykeltillbeh\u00f6ret \u00e4r utformat f\u00f6r att vara praktiskt och stilfullt och \u00e4r ett perfekt val f\u00f6r alla som uppskattar en ren och v\u00e4lsk\u00f6tt cykelupplevelse. Oavsett om din resa tar dig genom stadens gator eller p\u00e5 landsbygdens stigar, kommer dessa st\u00e4nksk\u00e4rmar att hj\u00e4lpa dig att h\u00e5lla dig och din cykel skyddad n\u00e4r v\u00e4dret f\u00f6r\u00e4ndras.<\/p>","protected":false},"excerpt":{"rendered":"<p>Rowdy-Set, valmistettu erityisesti 20\u201324 tuuman polkupy\u00f6rille, tarjoaa erinomaisen suojan lialta ja vedelt\u00e4. Lokasuojat kiinnittyv\u00e4t helposti py\u00f6r\u00e4\u00e4n, tehden ajamisesta miellytt\u00e4v\u00e4mp\u00e4\u00e4 ja kuivempaa. T\u00e4m\u00e4 polkupy\u00f6r\u00e4n lis\u00e4varuste on suunniteltu tuomaan k\u00e4yt\u00e4nn\u00f6llisyytt\u00e4 ja tyyli\u00e4, ja se on ihanteellinen valinta kaikille, jotka arvostavat siisti\u00e4 ja huoliteltua ajokokemusta. Olipa matkasi kaupungin kaduilla tai maaseudun poluilla, n\u00e4m\u00e4 lokasuojat auttavat pit\u00e4m\u00e4\u00e4n sinut ja [&#8230;]<\/p>\n<p><a class=\"btn btn-secondary understrap-read-more-link\" href=\"https:\/\/vmsport.fi\/sv\/verkkokauppa\/tarvikkeet\/lokasuojat\/lokasuojasetit\/rowdy-set-20-24\/\">L\u00e4s mer \u2026<span class=\"screen-reader-text\"> from Rowdy-Set, 20&#8243;-24 2.0<\/span><\/a><\/p>\n","protected":false},"featured_media":62696,"comment_status":"open","ping_status":"closed","template":"","meta":{"_acf_changed":false,"_improvement_type_select":"improve_an_existing","_thumb_yes_seoaic":false,"_frame_yes_seoaic":false,"seoaic_generate_description":"","seoaic_improve_instructions_prompt":"","seoaic_rollback_content_improvement":"","seoaic_idea_thumbnail_generator":"","thumbnail_generated":false,"thumbnail_generate_prompt":"","seoaic_article_description":"","_supplier_stock_quantity":0},"product_brand":[],"product_model":[],"product_cat":[9574],"product_tag":[],"industry-terminology":[],"class_list":{"0":"post-54640","1":"product","2":"type-product","3":"status-publish","4":"has-post-thumbnail","6":"product_cat-lokasuojasetit","8":"first","9":"instock","10":"taxable","11":"shipping-taxable","12":"purchasable","13":"product-type-simple"},"acf":{"bike_features":null,"overview":{"copy_overview":null,"key_features":null,"statement":"","youtube_url":""}},"yoast_head":"<!-- This site is optimized with the Yoast SEO plugin v27.3 - https:\/\/yoast.com\/product\/yoast-seo-wordpress\/ -->\n<title>Rowdy-Set, 20&quot;-24 2.0 - VM Sport<\/title>\n<meta name=\"robots\" content=\"index, follow, max-snippet:-1, max-image-preview:large, max-video-preview:-1\" \/>\n<link rel=\"canonical\" href=\"https:\/\/vmsport.fi\/sv\/webbutik\/tillbehor\/stankskarmar\/stankskarmsuppsattningar\/rowdy-set-20-24\/\" \/>\n<meta property=\"og:locale\" content=\"sv_SE\" \/>\n<meta property=\"og:type\" content=\"article\" \/>\n<meta property=\"og:title\" content=\"Rowdy-Set, 20&quot;-24 2.0 - VM Sport\" \/>\n<meta property=\"og:description\" content=\"Rowdy-Set, valmistettu erityisesti 20\u201324 tuuman polkupy\u00f6rille, tarjoaa erinomaisen suojan lialta ja vedelt\u00e4. Lokasuojat kiinnittyv\u00e4t helposti py\u00f6r\u00e4\u00e4n, tehden ajamisesta miellytt\u00e4v\u00e4mp\u00e4\u00e4 ja kuivempaa. T\u00e4m\u00e4 polkupy\u00f6r\u00e4n lis\u00e4varuste on suunniteltu tuomaan k\u00e4yt\u00e4nn\u00f6llisyytt\u00e4 ja tyyli\u00e4, ja se on ihanteellinen valinta kaikille, jotka arvostavat siisti\u00e4 ja huoliteltua ajokokemusta. Olipa matkasi kaupungin kaduilla tai maaseudun poluilla, n\u00e4m\u00e4 lokasuojat auttavat pit\u00e4m\u00e4\u00e4n sinut ja [...]L\u00e4s mer \u2026 from Rowdy-Set, 20&#8243;-24 2.0\" \/>\n<meta property=\"og:url\" content=\"https:\/\/vmsport.fi\/sv\/webbutik\/tillbehor\/stankskarmar\/stankskarmsuppsattningar\/rowdy-set-20-24\/\" \/>\n<meta property=\"og:site_name\" content=\"VM Sport\" \/>\n<meta property=\"article:publisher\" content=\"https:\/\/www.facebook.com\/Vmsport.fi\/\" \/>\n<meta property=\"article:modified_time\" content=\"2026-04-02T12:50:32+00:00\" \/>\n<meta property=\"og:image\" content=\"https:\/\/vmsport.fi\/wp-content\/uploads\/2025\/03\/10078-2-1.jpg\" \/>\n\t<meta property=\"og:image:width\" content=\"800\" \/>\n\t<meta property=\"og:image:height\" content=\"800\" \/>\n\t<meta property=\"og:image:type\" content=\"image\/jpeg\" \/>\n<meta name=\"twitter:card\" content=\"summary_large_image\" \/>\n<script type=\"application\/ld+json\" class=\"yoast-schema-graph\">{\"@context\":\"https:\\\/\\\/schema.org\",\"@graph\":[{\"@type\":[\"WebPage\",\"ItemPage\"],\"@id\":\"https:\\\/\\\/vmsport.fi\\\/verkkokauppa\\\/tarvikkeet\\\/lokasuojat\\\/lokasuojasetit\\\/rowdy-set-20-24\\\/\",\"url\":\"https:\\\/\\\/vmsport.fi\\\/verkkokauppa\\\/tarvikkeet\\\/lokasuojat\\\/lokasuojasetit\\\/rowdy-set-20-24\\\/\",\"name\":\"Rowdy-Set, 20\\\"-24 2.0 - VM Sport\",\"isPartOf\":{\"@id\":\"https:\\\/\\\/vmsport.fi\\\/#website\"},\"primaryImageOfPage\":{\"@id\":\"https:\\\/\\\/vmsport.fi\\\/verkkokauppa\\\/tarvikkeet\\\/lokasuojat\\\/lokasuojasetit\\\/rowdy-set-20-24\\\/#primaryimage\"},\"image\":{\"@id\":\"https:\\\/\\\/vmsport.fi\\\/verkkokauppa\\\/tarvikkeet\\\/lokasuojat\\\/lokasuojasetit\\\/rowdy-set-20-24\\\/#primaryimage\"},\"thumbnailUrl\":\"https:\\\/\\\/vmsport.fi\\\/wp-content\\\/uploads\\\/2026\\\/01\\\/ROWDY-SET-2-0-12153-b-0.jpg\",\"datePublished\":\"2025-03-05T21:55:44+00:00\",\"dateModified\":\"2026-04-02T12:50:32+00:00\",\"breadcrumb\":{\"@id\":\"https:\\\/\\\/vmsport.fi\\\/verkkokauppa\\\/tarvikkeet\\\/lokasuojat\\\/lokasuojasetit\\\/rowdy-set-20-24\\\/#breadcrumb\"},\"inLanguage\":\"sv-SE\",\"potentialAction\":[{\"@type\":\"ReadAction\",\"target\":[\"https:\\\/\\\/vmsport.fi\\\/verkkokauppa\\\/tarvikkeet\\\/lokasuojat\\\/lokasuojasetit\\\/rowdy-set-20-24\\\/\"]}]},{\"@type\":\"ImageObject\",\"inLanguage\":\"sv-SE\",\"@id\":\"https:\\\/\\\/vmsport.fi\\\/verkkokauppa\\\/tarvikkeet\\\/lokasuojat\\\/lokasuojasetit\\\/rowdy-set-20-24\\\/#primaryimage\",\"url\":\"https:\\\/\\\/vmsport.fi\\\/wp-content\\\/uploads\\\/2026\\\/01\\\/ROWDY-SET-2-0-12153-b-0.jpg\",\"contentUrl\":\"https:\\\/\\\/vmsport.fi\\\/wp-content\\\/uploads\\\/2026\\\/01\\\/ROWDY-SET-2-0-12153-b-0.jpg\",\"width\":1000,\"height\":1000,\"caption\":\"ROWDY-SET-2-0-12153-b-0\"},{\"@type\":\"BreadcrumbList\",\"@id\":\"https:\\\/\\\/vmsport.fi\\\/verkkokauppa\\\/tarvikkeet\\\/lokasuojat\\\/lokasuojasetit\\\/rowdy-set-20-24\\\/#breadcrumb\",\"itemListElement\":[{\"@type\":\"ListItem\",\"position\":1,\"name\":\"Etusivu\",\"item\":\"https:\\\/\\\/vmsport.fi\\\/\"},{\"@type\":\"ListItem\",\"position\":2,\"name\":\"Online Store\",\"item\":\"https:\\\/\\\/vmsport.fi\\\/en\\\/online-store\\\/\"},{\"@type\":\"ListItem\",\"position\":3,\"name\":\"Rowdy-Set, 20&#8243;-24 2.0\"}]},{\"@type\":\"WebSite\",\"@id\":\"https:\\\/\\\/vmsport.fi\\\/#website\",\"url\":\"https:\\\/\\\/vmsport.fi\\\/\",\"name\":\"Vmsport\",\"description\":\"Kaikki py\u00f6r\u00e4ilyyn yhdest\u00e4 paikasta\",\"publisher\":{\"@id\":\"https:\\\/\\\/vmsport.fi\\\/#organization\"},\"potentialAction\":[{\"@type\":\"SearchAction\",\"target\":{\"@type\":\"EntryPoint\",\"urlTemplate\":\"https:\\\/\\\/vmsport.fi\\\/?s={search_term_string}\"},\"query-input\":{\"@type\":\"PropertyValueSpecification\",\"valueRequired\":true,\"valueName\":\"search_term_string\"}}],\"inLanguage\":\"sv-SE\"},{\"@type\":\"Organization\",\"@id\":\"https:\\\/\\\/vmsport.fi\\\/#organization\",\"name\":\"Vmsport\",\"url\":\"https:\\\/\\\/vmsport.fi\\\/\",\"logo\":{\"@type\":\"ImageObject\",\"inLanguage\":\"sv-SE\",\"@id\":\"https:\\\/\\\/vmsport.fi\\\/#\\\/schema\\\/logo\\\/image\\\/\",\"url\":\"https:\\\/\\\/vmsport.fi\\\/wp-content\\\/uploads\\\/2024\\\/12\\\/vm_sport_RGB_horisontal-e1734526017575.png\",\"contentUrl\":\"https:\\\/\\\/vmsport.fi\\\/wp-content\\\/uploads\\\/2024\\\/12\\\/vm_sport_RGB_horisontal-e1734526017575.png\",\"width\":668,\"height\":85,\"caption\":\"Vmsport\"},\"image\":{\"@id\":\"https:\\\/\\\/vmsport.fi\\\/#\\\/schema\\\/logo\\\/image\\\/\"},\"sameAs\":[\"https:\\\/\\\/www.facebook.com\\\/Vmsport.fi\\\/\",\"https:\\\/\\\/www.instagram.com\\\/vmsport\\\/\"]}]}<\/script>\n<!-- \/ Yoast SEO plugin. -->","yoast_head_json":{"title":"Rowdy-sats, 20\"-24 2.0 - VM Sport","robots":{"index":"index","follow":"follow","max-snippet":"max-snippet:-1","max-image-preview":"max-image-preview:large","max-video-preview":"max-video-preview:-1"},"canonical":"https:\/\/vmsport.fi\/sv\/webbutik\/tillbehor\/stankskarmar\/stankskarmsuppsattningar\/rowdy-set-20-24\/","og_locale":"sv_SE","og_type":"article","og_title":"Rowdy-Set, 20\"-24 2.0 - VM Sport","og_description":"Rowdy-Set, valmistettu erityisesti 20\u201324 tuuman polkupy\u00f6rille, tarjoaa erinomaisen suojan lialta ja vedelt\u00e4. Lokasuojat kiinnittyv\u00e4t helposti py\u00f6r\u00e4\u00e4n, tehden ajamisesta miellytt\u00e4v\u00e4mp\u00e4\u00e4 ja kuivempaa. T\u00e4m\u00e4 polkupy\u00f6r\u00e4n lis\u00e4varuste on suunniteltu tuomaan k\u00e4yt\u00e4nn\u00f6llisyytt\u00e4 ja tyyli\u00e4, ja se on ihanteellinen valinta kaikille, jotka arvostavat siisti\u00e4 ja huoliteltua ajokokemusta. Olipa matkasi kaupungin kaduilla tai maaseudun poluilla, n\u00e4m\u00e4 lokasuojat auttavat pit\u00e4m\u00e4\u00e4n sinut ja [...]L\u00e4s mer \u2026 from Rowdy-Set, 20&#8243;-24 2.0","og_url":"https:\/\/vmsport.fi\/sv\/webbutik\/tillbehor\/stankskarmar\/stankskarmsuppsattningar\/rowdy-set-20-24\/","og_site_name":"VM Sport","article_publisher":"https:\/\/www.facebook.com\/Vmsport.fi\/","article_modified_time":"2026-04-02T12:50:32+00:00","og_image":[{"width":800,"height":800,"url":"https:\/\/vmsport.fi\/wp-content\/uploads\/2025\/03\/10078-2-1.jpg","type":"image\/jpeg"}],"twitter_card":"summary_large_image","schema":{"@context":"https:\/\/schema.org","@graph":[{"@type":["WebPage","ItemPage"],"@id":"https:\/\/vmsport.fi\/verkkokauppa\/tarvikkeet\/lokasuojat\/lokasuojasetit\/rowdy-set-20-24\/","url":"https:\/\/vmsport.fi\/verkkokauppa\/tarvikkeet\/lokasuojat\/lokasuojasetit\/rowdy-set-20-24\/","name":"Rowdy-sats, 20\"-24 2.0 - VM Sport","isPartOf":{"@id":"https:\/\/vmsport.fi\/#website"},"primaryImageOfPage":{"@id":"https:\/\/vmsport.fi\/verkkokauppa\/tarvikkeet\/lokasuojat\/lokasuojasetit\/rowdy-set-20-24\/#primaryimage"},"image":{"@id":"https:\/\/vmsport.fi\/verkkokauppa\/tarvikkeet\/lokasuojat\/lokasuojasetit\/rowdy-set-20-24\/#primaryimage"},"thumbnailUrl":"https:\/\/vmsport.fi\/wp-content\/uploads\/2026\/01\/ROWDY-SET-2-0-12153-b-0.jpg","datePublished":"2025-03-05T21:55:44+00:00","dateModified":"2026-04-02T12:50:32+00:00","breadcrumb":{"@id":"https:\/\/vmsport.fi\/verkkokauppa\/tarvikkeet\/lokasuojat\/lokasuojasetit\/rowdy-set-20-24\/#breadcrumb"},"inLanguage":"sv-SE","potentialAction":[{"@type":"ReadAction","target":["https:\/\/vmsport.fi\/verkkokauppa\/tarvikkeet\/lokasuojat\/lokasuojasetit\/rowdy-set-20-24\/"]}]},{"@type":"ImageObject","inLanguage":"sv-SE","@id":"https:\/\/vmsport.fi\/verkkokauppa\/tarvikkeet\/lokasuojat\/lokasuojasetit\/rowdy-set-20-24\/#primaryimage","url":"https:\/\/vmsport.fi\/wp-content\/uploads\/2026\/01\/ROWDY-SET-2-0-12153-b-0.jpg","contentUrl":"https:\/\/vmsport.fi\/wp-content\/uploads\/2026\/01\/ROWDY-SET-2-0-12153-b-0.jpg","width":1000,"height":1000,"caption":"ROWDY-SET-2-0-12153-b-0"},{"@type":"BreadcrumbList","@id":"https:\/\/vmsport.fi\/verkkokauppa\/tarvikkeet\/lokasuojat\/lokasuojasetit\/rowdy-set-20-24\/#breadcrumb","itemListElement":[{"@type":"ListItem","position":1,"name":"Etusivu","item":"https:\/\/vmsport.fi\/"},{"@type":"ListItem","position":2,"name":"Online Store","item":"https:\/\/vmsport.fi\/en\/online-store\/"},{"@type":"ListItem","position":3,"name":"Rowdy-Set, 20&#8243;-24 2.0"}]},{"@type":"WebSite","@id":"https:\/\/vmsport.fi\/#website","url":"https:\/\/vmsport.fi\/","name":"Vmsport","description":"Allt p\u00e5 ett st\u00e4lle f\u00f6r cykling","publisher":{"@id":"https:\/\/vmsport.fi\/#organization"},"potentialAction":[{"@type":"SearchAction","target":{"@type":"EntryPoint","urlTemplate":"https:\/\/vmsport.fi\/?s={search_term_string}"},"query-input":{"@type":"PropertyValueSpecification","valueRequired":true,"valueName":"search_term_string"}}],"inLanguage":"sv-SE"},{"@type":"Organization","@id":"https:\/\/vmsport.fi\/#organization","name":"Vmsport","url":"https:\/\/vmsport.fi\/","logo":{"@type":"ImageObject","inLanguage":"sv-SE","@id":"https:\/\/vmsport.fi\/#\/schema\/logo\/image\/","url":"https:\/\/vmsport.fi\/wp-content\/uploads\/2024\/12\/vm_sport_RGB_horisontal-e1734526017575.png","contentUrl":"https:\/\/vmsport.fi\/wp-content\/uploads\/2024\/12\/vm_sport_RGB_horisontal-e1734526017575.png","width":668,"height":85,"caption":"Vmsport"},"image":{"@id":"https:\/\/vmsport.fi\/#\/schema\/logo\/image\/"},"sameAs":["https:\/\/www.facebook.com\/Vmsport.fi\/","https:\/\/www.instagram.com\/vmsport\/"]}]}},"global_unique_id":"","_links":{"self":[{"href":"https:\/\/vmsport.fi\/sv\/wp-json\/wp\/v2\/product\/54640","targetHints":{"allow":["GET"]}}],"collection":[{"href":"https:\/\/vmsport.fi\/sv\/wp-json\/wp\/v2\/product"}],"about":[{"href":"https:\/\/vmsport.fi\/sv\/wp-json\/wp\/v2\/types\/product"}],"replies":[{"embeddable":true,"href":"https:\/\/vmsport.fi\/sv\/wp-json\/wp\/v2\/comments?post=54640"}],"wp:featuredmedia":[{"embeddable":true,"href":"https:\/\/vmsport.fi\/sv\/wp-json\/wp\/v2\/media\/62696"}],"wp:attachment":[{"href":"https:\/\/vmsport.fi\/sv\/wp-json\/wp\/v2\/media?parent=54640"}],"wp:term":[{"taxonomy":"product_brand","embeddable":true,"href":"https:\/\/vmsport.fi\/sv\/wp-json\/wp\/v2\/product_brand?post=54640"},{"taxonomy":"product_model","embeddable":true,"href":"https:\/\/vmsport.fi\/sv\/wp-json\/wp\/v2\/product_model?post=54640"},{"taxonomy":"product_cat","embeddable":true,"href":"https:\/\/vmsport.fi\/sv\/wp-json\/wp\/v2\/product_cat?post=54640"},{"taxonomy":"product_tag","embeddable":true,"href":"https:\/\/vmsport.fi\/sv\/wp-json\/wp\/v2\/product_tag?post=54640"},{"taxonomy":"industry_terminology","embeddable":true,"href":"https:\/\/vmsport.fi\/sv\/wp-json\/wp\/v2\/industry-terminology?post=54640"}],"curies":[{"name":"wp","href":"https:\/\/api.w.org\/{rel}","templated":true}]}}