{"id":54637,"date":"2025-03-05T23:55:43","date_gmt":"2025-03-05T21:55:43","guid":{"rendered":"https:\/\/vmsport.fi\/verkkokauppa\/Ei-luokiteltu\/kadensija-ergon-ge1-evo-slim-punainen-risky-red\/"},"modified":"2026-04-22T15:09:30","modified_gmt":"2026-04-22T12:09:30","slug":"cadence-ergon-ge1-evo-slim-red-risky-red","status":"publish","type":"product","link":"https:\/\/vmsport.fi\/sv\/verkkokauppa\/varaosat\/ohjaamo\/gripit\/kadensija-ergon-ge1-evo-slim-punainen-risky-red\/","title":{"rendered":"Handtag ERGON GE1 Evo Slim, r\u00f6d, Risky Red"},"content":{"rendered":"<p>N\u00e4r du vill f\u00f6rb\u00e4ttra din mountainbikeupplevelse ger ERGON GE1 Evo Slim-styret komfort och kontroll. Det har en 8 % lutningsjustering p\u00e5 styret f\u00f6r att s\u00e4kerst\u00e4lla en naturlig armb\u00e5gsposition. Greppet \u00e4r tillverkat av h\u00f6gkvalitativt gummi och kallformad aluminium f\u00f6r h\u00e5llbarhet och exakt k\u00e4nsla. Ett aluminiumgrepp med inbyggt \u00e4ndlock absorberar vibrationer och skyddar k\u00e4nsliga omr\u00e5den som ulnarisnerven fr\u00e5n tryck, vilket minskar tr\u00f6ttheten under k\u00f6rning. Greppet \u00e4r kompatibelt med kolfiberstyren och passar perfekt f\u00f6r dem som f\u00f6redrar ett tunnare grepp, t.ex. juniorcyklister, kvinnor och cyklister som uppskattar exakt kontroll. Den snygga f\u00e4rgen Risky Red full\u00e4ndar den moderna looken.<\/p>","protected":false},"excerpt":{"rendered":"<p>Kun haluat parantaa maastopy\u00f6r\u00e4ilykokemustasi, ERGON GE1 Evo Slim -k\u00e4densija tuo mukavuutta ja hallittavuutta. Sen ominaisuutena on kahvan 8 prosentin kallistuksen s\u00e4\u00e4t\u00f6, joka varmistaa kyyn\u00e4rp\u00e4iden luonnollisen asennon. K\u00e4densija on valmistettu korkealaatuisesta kumista ja kylm\u00e4taotusta alumiinista, mik\u00e4 takaa kest\u00e4vyyden ja tarkan tuntuman. Sis\u00e4\u00e4nrakennetulla p\u00e4\u00e4tykorkilla varustettu alumiinikiinnike vaimentaa t\u00e4rin\u00f6it\u00e4 ja suojaa herkki\u00e4 alueita, kuten ulnar-hermoa, paineelta, mik\u00e4 v\u00e4hent\u00e4\u00e4 [&#8230;]<\/p>\n<p><a class=\"btn btn-secondary understrap-read-more-link\" href=\"https:\/\/vmsport.fi\/sv\/verkkokauppa\/varaosat\/ohjaamo\/gripit\/kadensija-ergon-ge1-evo-slim-punainen-risky-red\/\">L\u00e4s mer \u2026<span class=\"screen-reader-text\"> from K\u00e4densija ERGON GE1 Evo Slim, punainen, Risky Red<\/span><\/a><\/p>\n","protected":false},"featured_media":54636,"comment_status":"open","ping_status":"closed","template":"","meta":{"_acf_changed":false,"_improvement_type_select":"improve_an_existing","_thumb_yes_seoaic":false,"_frame_yes_seoaic":false,"seoaic_generate_description":"","seoaic_improve_instructions_prompt":"","seoaic_rollback_content_improvement":"","seoaic_idea_thumbnail_generator":"","thumbnail_generated":false,"thumbnail_generate_prompt":"","seoaic_article_description":"","_supplier_stock_quantity":0},"product_brand":[1581],"product_model":[],"product_cat":[9292],"product_tag":[],"industry-terminology":[],"class_list":{"0":"post-54637","1":"product","2":"type-product","3":"status-publish","4":"has-post-thumbnail","6":"product_brand-ergon","7":"product_cat-gripit","9":"first","10":"outofstock","11":"taxable","12":"shipping-taxable","13":"product-type-simple"},"acf":{"bike_features":null,"overview":{"copy_overview":null,"key_features":null,"statement":"","youtube_url":""}},"yoast_head":"<!-- This site is optimized with the Yoast SEO plugin v27.4 - https:\/\/yoast.com\/product\/yoast-seo-wordpress\/ -->\n<title>K\u00e4densija ERGON GE1 Evo Slim, punainen, Risky Red - VM Sport<\/title>\n<meta name=\"robots\" content=\"index, follow, max-snippet:-1, max-image-preview:large, max-video-preview:-1\" \/>\n<link rel=\"canonical\" href=\"https:\/\/vmsport.fi\/sv\/webbutik\/reservdelar\/taxi\/grepp\/cadence-ergon-ge1-evo-slim-red-risky-red\/\" \/>\n<meta property=\"og:locale\" content=\"sv_SE\" \/>\n<meta property=\"og:type\" content=\"article\" \/>\n<meta property=\"og:title\" content=\"K\u00e4densija ERGON GE1 Evo Slim, punainen, Risky Red - VM Sport\" \/>\n<meta property=\"og:description\" content=\"Kun haluat parantaa maastopy\u00f6r\u00e4ilykokemustasi, ERGON GE1 Evo Slim -k\u00e4densija tuo mukavuutta ja hallittavuutta. Sen ominaisuutena on kahvan 8 prosentin kallistuksen s\u00e4\u00e4t\u00f6, joka varmistaa kyyn\u00e4rp\u00e4iden luonnollisen asennon. K\u00e4densija on valmistettu korkealaatuisesta kumista ja kylm\u00e4taotusta alumiinista, mik\u00e4 takaa kest\u00e4vyyden ja tarkan tuntuman. Sis\u00e4\u00e4nrakennetulla p\u00e4\u00e4tykorkilla varustettu alumiinikiinnike vaimentaa t\u00e4rin\u00f6it\u00e4 ja suojaa herkki\u00e4 alueita, kuten ulnar-hermoa, paineelta, mik\u00e4 v\u00e4hent\u00e4\u00e4 [...]L\u00e4s mer \u2026 from K\u00e4densija ERGON GE1 Evo Slim, punainen, Risky Red\" \/>\n<meta property=\"og:url\" content=\"https:\/\/vmsport.fi\/sv\/webbutik\/reservdelar\/taxi\/grepp\/cadence-ergon-ge1-evo-slim-red-risky-red\/\" \/>\n<meta property=\"og:site_name\" content=\"VM Sport\" \/>\n<meta property=\"article:publisher\" content=\"https:\/\/www.facebook.com\/Vmsport.fi\/\" \/>\n<meta property=\"article:modified_time\" content=\"2026-04-22T12:09:30+00:00\" \/>\n<meta property=\"og:image\" content=\"https:\/\/vmsport.fi\/wp-content\/uploads\/2025\/03\/42411355-1.jpg\" \/>\n\t<meta property=\"og:image:width\" content=\"1000\" \/>\n\t<meta property=\"og:image:height\" content=\"1000\" \/>\n\t<meta property=\"og:image:type\" content=\"image\/jpeg\" \/>\n<meta name=\"twitter:card\" content=\"summary_large_image\" \/>\n<meta name=\"twitter:label1\" content=\"Ber\u00e4knad l\u00e4stid\" \/>\n\t<meta name=\"twitter:data1\" content=\"1 minut\" \/>\n<script type=\"application\/ld+json\" class=\"yoast-schema-graph\">{\"@context\":\"https:\\\/\\\/schema.org\",\"@graph\":[{\"@type\":[\"WebPage\",\"ItemPage\"],\"@id\":\"https:\\\/\\\/vmsport.fi\\\/verkkokauppa\\\/varaosat\\\/ohjaamo\\\/gripit\\\/kadensija-ergon-ge1-evo-slim-punainen-risky-red\\\/\",\"url\":\"https:\\\/\\\/vmsport.fi\\\/verkkokauppa\\\/varaosat\\\/ohjaamo\\\/gripit\\\/kadensija-ergon-ge1-evo-slim-punainen-risky-red\\\/\",\"name\":\"K\u00e4densija ERGON GE1 Evo Slim, punainen, Risky Red - VM Sport\",\"isPartOf\":{\"@id\":\"https:\\\/\\\/vmsport.fi\\\/#website\"},\"primaryImageOfPage\":{\"@id\":\"https:\\\/\\\/vmsport.fi\\\/verkkokauppa\\\/varaosat\\\/ohjaamo\\\/gripit\\\/kadensija-ergon-ge1-evo-slim-punainen-risky-red\\\/#primaryimage\"},\"image\":{\"@id\":\"https:\\\/\\\/vmsport.fi\\\/verkkokauppa\\\/varaosat\\\/ohjaamo\\\/gripit\\\/kadensija-ergon-ge1-evo-slim-punainen-risky-red\\\/#primaryimage\"},\"thumbnailUrl\":\"https:\\\/\\\/vmsport.fi\\\/wp-content\\\/uploads\\\/2025\\\/03\\\/42411355-1.jpg\",\"datePublished\":\"2025-03-05T21:55:43+00:00\",\"dateModified\":\"2026-04-22T12:09:30+00:00\",\"breadcrumb\":{\"@id\":\"https:\\\/\\\/vmsport.fi\\\/verkkokauppa\\\/varaosat\\\/ohjaamo\\\/gripit\\\/kadensija-ergon-ge1-evo-slim-punainen-risky-red\\\/#breadcrumb\"},\"inLanguage\":\"sv-SE\",\"potentialAction\":[{\"@type\":\"ReadAction\",\"target\":[\"https:\\\/\\\/vmsport.fi\\\/verkkokauppa\\\/varaosat\\\/ohjaamo\\\/gripit\\\/kadensija-ergon-ge1-evo-slim-punainen-risky-red\\\/\"]}]},{\"@type\":\"ImageObject\",\"inLanguage\":\"sv-SE\",\"@id\":\"https:\\\/\\\/vmsport.fi\\\/verkkokauppa\\\/varaosat\\\/ohjaamo\\\/gripit\\\/kadensija-ergon-ge1-evo-slim-punainen-risky-red\\\/#primaryimage\",\"url\":\"https:\\\/\\\/vmsport.fi\\\/wp-content\\\/uploads\\\/2025\\\/03\\\/42411355-1.jpg\",\"contentUrl\":\"https:\\\/\\\/vmsport.fi\\\/wp-content\\\/uploads\\\/2025\\\/03\\\/42411355-1.jpg\",\"width\":1000,\"height\":1000,\"caption\":\"42411355\"},{\"@type\":\"BreadcrumbList\",\"@id\":\"https:\\\/\\\/vmsport.fi\\\/verkkokauppa\\\/varaosat\\\/ohjaamo\\\/gripit\\\/kadensija-ergon-ge1-evo-slim-punainen-risky-red\\\/#breadcrumb\",\"itemListElement\":[{\"@type\":\"ListItem\",\"position\":1,\"name\":\"Etusivu\",\"item\":\"https:\\\/\\\/vmsport.fi\\\/\"},{\"@type\":\"ListItem\",\"position\":2,\"name\":\"Online Store\",\"item\":\"https:\\\/\\\/vmsport.fi\\\/en\\\/online-store\\\/\"},{\"@type\":\"ListItem\",\"position\":3,\"name\":\"K\u00e4densija ERGON GE1 Evo Slim, punainen, Risky Red\"}]},{\"@type\":\"WebSite\",\"@id\":\"https:\\\/\\\/vmsport.fi\\\/#website\",\"url\":\"https:\\\/\\\/vmsport.fi\\\/\",\"name\":\"Vmsport\",\"description\":\"Kaikki py\u00f6r\u00e4ilyyn yhdest\u00e4 paikasta\",\"publisher\":{\"@id\":\"https:\\\/\\\/vmsport.fi\\\/#organization\"},\"potentialAction\":[{\"@type\":\"SearchAction\",\"target\":{\"@type\":\"EntryPoint\",\"urlTemplate\":\"https:\\\/\\\/vmsport.fi\\\/?s={search_term_string}\"},\"query-input\":{\"@type\":\"PropertyValueSpecification\",\"valueRequired\":true,\"valueName\":\"search_term_string\"}}],\"inLanguage\":\"sv-SE\"},{\"@type\":\"Organization\",\"@id\":\"https:\\\/\\\/vmsport.fi\\\/#organization\",\"name\":\"Vmsport\",\"url\":\"https:\\\/\\\/vmsport.fi\\\/\",\"logo\":{\"@type\":\"ImageObject\",\"inLanguage\":\"sv-SE\",\"@id\":\"https:\\\/\\\/vmsport.fi\\\/#\\\/schema\\\/logo\\\/image\\\/\",\"url\":\"https:\\\/\\\/vmsport.fi\\\/wp-content\\\/uploads\\\/2024\\\/12\\\/vm_sport_RGB_horisontal-e1734526017575.png\",\"contentUrl\":\"https:\\\/\\\/vmsport.fi\\\/wp-content\\\/uploads\\\/2024\\\/12\\\/vm_sport_RGB_horisontal-e1734526017575.png\",\"width\":668,\"height\":85,\"caption\":\"Vmsport\"},\"image\":{\"@id\":\"https:\\\/\\\/vmsport.fi\\\/#\\\/schema\\\/logo\\\/image\\\/\"},\"sameAs\":[\"https:\\\/\\\/www.facebook.com\\\/Vmsport.fi\\\/\",\"https:\\\/\\\/www.instagram.com\\\/vmsport\\\/\"]}]}<\/script>\n<!-- \/ Yoast SEO plugin. -->","yoast_head_json":{"title":"Handtag ERGON GE1 Evo Slim, r\u00f6d, Risky Red - VM Sport","robots":{"index":"index","follow":"follow","max-snippet":"max-snippet:-1","max-image-preview":"max-image-preview:large","max-video-preview":"max-video-preview:-1"},"canonical":"https:\/\/vmsport.fi\/sv\/webbutik\/reservdelar\/taxi\/grepp\/cadence-ergon-ge1-evo-slim-red-risky-red\/","og_locale":"sv_SE","og_type":"article","og_title":"K\u00e4densija ERGON GE1 Evo Slim, punainen, Risky Red - VM Sport","og_description":"Kun haluat parantaa maastopy\u00f6r\u00e4ilykokemustasi, ERGON GE1 Evo Slim -k\u00e4densija tuo mukavuutta ja hallittavuutta. Sen ominaisuutena on kahvan 8 prosentin kallistuksen s\u00e4\u00e4t\u00f6, joka varmistaa kyyn\u00e4rp\u00e4iden luonnollisen asennon. K\u00e4densija on valmistettu korkealaatuisesta kumista ja kylm\u00e4taotusta alumiinista, mik\u00e4 takaa kest\u00e4vyyden ja tarkan tuntuman. Sis\u00e4\u00e4nrakennetulla p\u00e4\u00e4tykorkilla varustettu alumiinikiinnike vaimentaa t\u00e4rin\u00f6it\u00e4 ja suojaa herkki\u00e4 alueita, kuten ulnar-hermoa, paineelta, mik\u00e4 v\u00e4hent\u00e4\u00e4 [...]L\u00e4s mer \u2026 from K\u00e4densija ERGON GE1 Evo Slim, punainen, Risky Red","og_url":"https:\/\/vmsport.fi\/sv\/webbutik\/reservdelar\/taxi\/grepp\/cadence-ergon-ge1-evo-slim-red-risky-red\/","og_site_name":"VM Sport","article_publisher":"https:\/\/www.facebook.com\/Vmsport.fi\/","article_modified_time":"2026-04-22T12:09:30+00:00","og_image":[{"width":1000,"height":1000,"url":"https:\/\/vmsport.fi\/wp-content\/uploads\/2025\/03\/42411355-1.jpg","type":"image\/jpeg"}],"twitter_card":"summary_large_image","twitter_misc":{"Ber\u00e4knad l\u00e4stid":"1 minut"},"schema":{"@context":"https:\/\/schema.org","@graph":[{"@type":["WebPage","ItemPage"],"@id":"https:\/\/vmsport.fi\/verkkokauppa\/varaosat\/ohjaamo\/gripit\/kadensija-ergon-ge1-evo-slim-punainen-risky-red\/","url":"https:\/\/vmsport.fi\/verkkokauppa\/varaosat\/ohjaamo\/gripit\/kadensija-ergon-ge1-evo-slim-punainen-risky-red\/","name":"Handtag ERGON GE1 Evo Slim, r\u00f6d, Risky Red - VM Sport","isPartOf":{"@id":"https:\/\/vmsport.fi\/#website"},"primaryImageOfPage":{"@id":"https:\/\/vmsport.fi\/verkkokauppa\/varaosat\/ohjaamo\/gripit\/kadensija-ergon-ge1-evo-slim-punainen-risky-red\/#primaryimage"},"image":{"@id":"https:\/\/vmsport.fi\/verkkokauppa\/varaosat\/ohjaamo\/gripit\/kadensija-ergon-ge1-evo-slim-punainen-risky-red\/#primaryimage"},"thumbnailUrl":"https:\/\/vmsport.fi\/wp-content\/uploads\/2025\/03\/42411355-1.jpg","datePublished":"2025-03-05T21:55:43+00:00","dateModified":"2026-04-22T12:09:30+00:00","breadcrumb":{"@id":"https:\/\/vmsport.fi\/verkkokauppa\/varaosat\/ohjaamo\/gripit\/kadensija-ergon-ge1-evo-slim-punainen-risky-red\/#breadcrumb"},"inLanguage":"sv-SE","potentialAction":[{"@type":"ReadAction","target":["https:\/\/vmsport.fi\/verkkokauppa\/varaosat\/ohjaamo\/gripit\/kadensija-ergon-ge1-evo-slim-punainen-risky-red\/"]}]},{"@type":"ImageObject","inLanguage":"sv-SE","@id":"https:\/\/vmsport.fi\/verkkokauppa\/varaosat\/ohjaamo\/gripit\/kadensija-ergon-ge1-evo-slim-punainen-risky-red\/#primaryimage","url":"https:\/\/vmsport.fi\/wp-content\/uploads\/2025\/03\/42411355-1.jpg","contentUrl":"https:\/\/vmsport.fi\/wp-content\/uploads\/2025\/03\/42411355-1.jpg","width":1000,"height":1000,"caption":"42411355"},{"@type":"BreadcrumbList","@id":"https:\/\/vmsport.fi\/verkkokauppa\/varaosat\/ohjaamo\/gripit\/kadensija-ergon-ge1-evo-slim-punainen-risky-red\/#breadcrumb","itemListElement":[{"@type":"ListItem","position":1,"name":"Etusivu","item":"https:\/\/vmsport.fi\/"},{"@type":"ListItem","position":2,"name":"Online Store","item":"https:\/\/vmsport.fi\/en\/online-store\/"},{"@type":"ListItem","position":3,"name":"K\u00e4densija ERGON GE1 Evo Slim, punainen, Risky Red"}]},{"@type":"WebSite","@id":"https:\/\/vmsport.fi\/#website","url":"https:\/\/vmsport.fi\/","name":"Vmsport","description":"Allt p\u00e5 ett st\u00e4lle f\u00f6r cykling","publisher":{"@id":"https:\/\/vmsport.fi\/#organization"},"potentialAction":[{"@type":"SearchAction","target":{"@type":"EntryPoint","urlTemplate":"https:\/\/vmsport.fi\/?s={search_term_string}"},"query-input":{"@type":"PropertyValueSpecification","valueRequired":true,"valueName":"search_term_string"}}],"inLanguage":"sv-SE"},{"@type":"Organization","@id":"https:\/\/vmsport.fi\/#organization","name":"Vmsport","url":"https:\/\/vmsport.fi\/","logo":{"@type":"ImageObject","inLanguage":"sv-SE","@id":"https:\/\/vmsport.fi\/#\/schema\/logo\/image\/","url":"https:\/\/vmsport.fi\/wp-content\/uploads\/2024\/12\/vm_sport_RGB_horisontal-e1734526017575.png","contentUrl":"https:\/\/vmsport.fi\/wp-content\/uploads\/2024\/12\/vm_sport_RGB_horisontal-e1734526017575.png","width":668,"height":85,"caption":"Vmsport"},"image":{"@id":"https:\/\/vmsport.fi\/#\/schema\/logo\/image\/"},"sameAs":["https:\/\/www.facebook.com\/Vmsport.fi\/","https:\/\/www.instagram.com\/vmsport\/"]}]}},"global_unique_id":"","_links":{"self":[{"href":"https:\/\/vmsport.fi\/sv\/wp-json\/wp\/v2\/product\/54637","targetHints":{"allow":["GET"]}}],"collection":[{"href":"https:\/\/vmsport.fi\/sv\/wp-json\/wp\/v2\/product"}],"about":[{"href":"https:\/\/vmsport.fi\/sv\/wp-json\/wp\/v2\/types\/product"}],"replies":[{"embeddable":true,"href":"https:\/\/vmsport.fi\/sv\/wp-json\/wp\/v2\/comments?post=54637"}],"wp:featuredmedia":[{"embeddable":true,"href":"https:\/\/vmsport.fi\/sv\/wp-json\/wp\/v2\/media\/54636"}],"wp:attachment":[{"href":"https:\/\/vmsport.fi\/sv\/wp-json\/wp\/v2\/media?parent=54637"}],"wp:term":[{"taxonomy":"product_brand","embeddable":true,"href":"https:\/\/vmsport.fi\/sv\/wp-json\/wp\/v2\/product_brand?post=54637"},{"taxonomy":"product_model","embeddable":true,"href":"https:\/\/vmsport.fi\/sv\/wp-json\/wp\/v2\/product_model?post=54637"},{"taxonomy":"product_cat","embeddable":true,"href":"https:\/\/vmsport.fi\/sv\/wp-json\/wp\/v2\/product_cat?post=54637"},{"taxonomy":"product_tag","embeddable":true,"href":"https:\/\/vmsport.fi\/sv\/wp-json\/wp\/v2\/product_tag?post=54637"},{"taxonomy":"industry_terminology","embeddable":true,"href":"https:\/\/vmsport.fi\/sv\/wp-json\/wp\/v2\/industry-terminology?post=54637"}],"curies":[{"name":"wp","href":"https:\/\/api.w.org\/{rel}","templated":true}]}}