{"id":54633,"date":"2025-03-05T23:55:41","date_gmt":"2025-03-05T21:55:41","guid":{"rendered":"https:\/\/vmsport.fi\/verkkokauppa\/Ei-luokiteltu\/ketjumitta-cc-3c\/"},"modified":"2026-02-24T02:00:39","modified_gmt":"2026-02-24T00:00:39","slug":"ketchumitta-cc-3c","status":"publish","type":"product","link":"https:\/\/vmsport.fi\/sv\/verkkokauppa\/tarvikkeet\/tyokalut\/ketjumitta-cc-3c\/","title":{"rendered":"CC-3C kedjeavst\u00e5nd"},"content":{"rendered":"<p>CC-3C-m\u00e4taren f\u00f6r kedjeslitage \u00e4r ett exakt utformat verktyg f\u00f6r att \u00f6vervaka slitage p\u00e5 cykelkedjor och uppr\u00e4tth\u00e5lla optimal cykelprestanda. M\u00e4taren \u00e4r kompatibel med de flesta cykelkedjor med 5-12 v\u00e4xlar. Bytesriktningen anges baserat p\u00e5 slitaget: rekommendationen \u00e4r att byta ut kedjan f\u00f6r 5-10-v\u00e4xlade kedjor n\u00e4r slitaget \u00e4r 0,75 % och 0,5 % f\u00f6r 11-12-v\u00e4xlade kedjor. M\u00e4tarens l\u00e5nga och exakta design g\u00f6r den enkel att anv\u00e4nda tack vare de permanenta m\u00e4tmarkeringarna. Den \u00e4r en viktig del av det regelbundna cykelunderh\u00e5llet och hj\u00e4lper till att undvika kostsamma reparationer genom att ge en tydlig indikation p\u00e5 kedjans str\u00e4ckning n\u00e4r den n\u00e5r utbytestr\u00f6skeln.<\/p>","protected":false},"excerpt":{"rendered":"<p>Ketjun kulumisen mittari CC-3C on tarkasti suunniteltu ty\u00f6kalu, joka on tarkoitettu polkupy\u00f6r\u00e4n ketjujen kulumisen seurantaan ja py\u00f6r\u00e4n optimaalisen suorituskyvyn yll\u00e4pit\u00e4miseen. T\u00e4m\u00e4 mittari sopii yhteen useimpien 5-12-vaihteisten polkupy\u00f6r\u00e4n ketjujen kanssa. Vaihtosuunta on annettu kulumisprosenttien perusteella: suositus on vaihtaa ketju 5-10-vaihteisille ketjuille, kun kulumisaste on 0,75 %, ja 11-12-vaihteisille ketjuille 0,5 %. Mittarin pitk\u00e4 ja tarkka rakenne [&#8230;]<\/p>\n<p><a class=\"btn btn-secondary understrap-read-more-link\" href=\"https:\/\/vmsport.fi\/sv\/verkkokauppa\/tarvikkeet\/tyokalut\/ketjumitta-cc-3c\/\">L\u00e4s mer \u2026<span class=\"screen-reader-text\"> from Ketjumitta CC-3C<\/span><\/a><\/p>\n","protected":false},"featured_media":54632,"comment_status":"open","ping_status":"closed","template":"","meta":{"_acf_changed":false,"_improvement_type_select":"improve_an_existing","_thumb_yes_seoaic":false,"_frame_yes_seoaic":false,"seoaic_generate_description":"","seoaic_improve_instructions_prompt":"","seoaic_rollback_content_improvement":"","seoaic_idea_thumbnail_generator":"","thumbnail_generated":false,"thumbnail_generate_prompt":"","seoaic_article_description":"","_supplier_stock_quantity":0},"product_brand":[],"product_model":[],"product_cat":[9282],"product_tag":[],"industry-terminology":[],"class_list":{"0":"post-54633","1":"product","2":"type-product","3":"status-publish","4":"has-post-thumbnail","6":"product_cat-tyokalut","8":"first","9":"instock","10":"taxable","11":"shipping-taxable","12":"purchasable","13":"product-type-simple"},"acf":{"bike_features":null,"overview":{"copy_overview":null,"key_features":null,"statement":"","youtube_url":""}},"yoast_head":"<!-- This site is optimized with the Yoast SEO plugin v27.3 - https:\/\/yoast.com\/product\/yoast-seo-wordpress\/ -->\n<title>Ketjumitta CC-3C - VM Sport<\/title>\n<meta name=\"robots\" content=\"index, follow, max-snippet:-1, max-image-preview:large, max-video-preview:-1\" \/>\n<link rel=\"canonical\" href=\"https:\/\/vmsport.fi\/sv\/webbutik\/tillbehor\/tyokalut\/ketchumitta-cc-3c\/\" \/>\n<meta property=\"og:locale\" content=\"sv_SE\" \/>\n<meta property=\"og:type\" content=\"article\" \/>\n<meta property=\"og:title\" content=\"Ketjumitta CC-3C - VM Sport\" \/>\n<meta property=\"og:description\" content=\"Ketjun kulumisen mittari CC-3C on tarkasti suunniteltu ty\u00f6kalu, joka on tarkoitettu polkupy\u00f6r\u00e4n ketjujen kulumisen seurantaan ja py\u00f6r\u00e4n optimaalisen suorituskyvyn yll\u00e4pit\u00e4miseen. T\u00e4m\u00e4 mittari sopii yhteen useimpien 5-12-vaihteisten polkupy\u00f6r\u00e4n ketjujen kanssa. Vaihtosuunta on annettu kulumisprosenttien perusteella: suositus on vaihtaa ketju 5-10-vaihteisille ketjuille, kun kulumisaste on 0,75 %, ja 11-12-vaihteisille ketjuille 0,5 %. Mittarin pitk\u00e4 ja tarkka rakenne [...]L\u00e4s mer \u2026 from Ketjumitta CC-3C\" \/>\n<meta property=\"og:url\" content=\"https:\/\/vmsport.fi\/sv\/webbutik\/tillbehor\/tyokalut\/ketchumitta-cc-3c\/\" \/>\n<meta property=\"og:site_name\" content=\"VM Sport\" \/>\n<meta property=\"article:publisher\" content=\"https:\/\/www.facebook.com\/Vmsport.fi\/\" \/>\n<meta property=\"article:modified_time\" content=\"2026-02-24T00:00:39+00:00\" \/>\n<meta property=\"og:image\" content=\"https:\/\/vmsport.fi\/wp-content\/uploads\/2025\/03\/20160930-PTCC32C-1.jpg\" \/>\n\t<meta property=\"og:image:width\" content=\"600\" \/>\n\t<meta property=\"og:image:height\" content=\"600\" \/>\n\t<meta property=\"og:image:type\" content=\"image\/jpeg\" \/>\n<meta name=\"twitter:card\" content=\"summary_large_image\" \/>\n<meta name=\"twitter:label1\" content=\"Ber\u00e4knad l\u00e4stid\" \/>\n\t<meta name=\"twitter:data1\" content=\"1 minut\" \/>\n<script type=\"application\/ld+json\" class=\"yoast-schema-graph\">{\"@context\":\"https:\\\/\\\/schema.org\",\"@graph\":[{\"@type\":[\"WebPage\",\"ItemPage\"],\"@id\":\"https:\\\/\\\/vmsport.fi\\\/verkkokauppa\\\/tarvikkeet\\\/tyokalut\\\/ketjumitta-cc-3c\\\/\",\"url\":\"https:\\\/\\\/vmsport.fi\\\/verkkokauppa\\\/tarvikkeet\\\/tyokalut\\\/ketjumitta-cc-3c\\\/\",\"name\":\"Ketjumitta CC-3C - VM Sport\",\"isPartOf\":{\"@id\":\"https:\\\/\\\/vmsport.fi\\\/#website\"},\"primaryImageOfPage\":{\"@id\":\"https:\\\/\\\/vmsport.fi\\\/verkkokauppa\\\/tarvikkeet\\\/tyokalut\\\/ketjumitta-cc-3c\\\/#primaryimage\"},\"image\":{\"@id\":\"https:\\\/\\\/vmsport.fi\\\/verkkokauppa\\\/tarvikkeet\\\/tyokalut\\\/ketjumitta-cc-3c\\\/#primaryimage\"},\"thumbnailUrl\":\"https:\\\/\\\/vmsport.fi\\\/wp-content\\\/uploads\\\/2025\\\/03\\\/20160930-PTCC32C-1.jpg\",\"datePublished\":\"2025-03-05T21:55:41+00:00\",\"dateModified\":\"2026-02-24T00:00:39+00:00\",\"breadcrumb\":{\"@id\":\"https:\\\/\\\/vmsport.fi\\\/verkkokauppa\\\/tarvikkeet\\\/tyokalut\\\/ketjumitta-cc-3c\\\/#breadcrumb\"},\"inLanguage\":\"sv-SE\",\"potentialAction\":[{\"@type\":\"ReadAction\",\"target\":[\"https:\\\/\\\/vmsport.fi\\\/verkkokauppa\\\/tarvikkeet\\\/tyokalut\\\/ketjumitta-cc-3c\\\/\"]}]},{\"@type\":\"ImageObject\",\"inLanguage\":\"sv-SE\",\"@id\":\"https:\\\/\\\/vmsport.fi\\\/verkkokauppa\\\/tarvikkeet\\\/tyokalut\\\/ketjumitta-cc-3c\\\/#primaryimage\",\"url\":\"https:\\\/\\\/vmsport.fi\\\/wp-content\\\/uploads\\\/2025\\\/03\\\/20160930-PTCC32C-1.jpg\",\"contentUrl\":\"https:\\\/\\\/vmsport.fi\\\/wp-content\\\/uploads\\\/2025\\\/03\\\/20160930-PTCC32C-1.jpg\",\"width\":600,\"height\":600,\"caption\":\"20160930-PTCC32C\"},{\"@type\":\"BreadcrumbList\",\"@id\":\"https:\\\/\\\/vmsport.fi\\\/verkkokauppa\\\/tarvikkeet\\\/tyokalut\\\/ketjumitta-cc-3c\\\/#breadcrumb\",\"itemListElement\":[{\"@type\":\"ListItem\",\"position\":1,\"name\":\"Etusivu\",\"item\":\"https:\\\/\\\/vmsport.fi\\\/\"},{\"@type\":\"ListItem\",\"position\":2,\"name\":\"Online Store\",\"item\":\"https:\\\/\\\/vmsport.fi\\\/en\\\/online-store\\\/\"},{\"@type\":\"ListItem\",\"position\":3,\"name\":\"Ketjumitta CC-3C\"}]},{\"@type\":\"WebSite\",\"@id\":\"https:\\\/\\\/vmsport.fi\\\/#website\",\"url\":\"https:\\\/\\\/vmsport.fi\\\/\",\"name\":\"Vmsport\",\"description\":\"Kaikki py\u00f6r\u00e4ilyyn yhdest\u00e4 paikasta\",\"publisher\":{\"@id\":\"https:\\\/\\\/vmsport.fi\\\/#organization\"},\"potentialAction\":[{\"@type\":\"SearchAction\",\"target\":{\"@type\":\"EntryPoint\",\"urlTemplate\":\"https:\\\/\\\/vmsport.fi\\\/?s={search_term_string}\"},\"query-input\":{\"@type\":\"PropertyValueSpecification\",\"valueRequired\":true,\"valueName\":\"search_term_string\"}}],\"inLanguage\":\"sv-SE\"},{\"@type\":\"Organization\",\"@id\":\"https:\\\/\\\/vmsport.fi\\\/#organization\",\"name\":\"Vmsport\",\"url\":\"https:\\\/\\\/vmsport.fi\\\/\",\"logo\":{\"@type\":\"ImageObject\",\"inLanguage\":\"sv-SE\",\"@id\":\"https:\\\/\\\/vmsport.fi\\\/#\\\/schema\\\/logo\\\/image\\\/\",\"url\":\"https:\\\/\\\/vmsport.fi\\\/wp-content\\\/uploads\\\/2024\\\/12\\\/vm_sport_RGB_horisontal-e1734526017575.png\",\"contentUrl\":\"https:\\\/\\\/vmsport.fi\\\/wp-content\\\/uploads\\\/2024\\\/12\\\/vm_sport_RGB_horisontal-e1734526017575.png\",\"width\":668,\"height\":85,\"caption\":\"Vmsport\"},\"image\":{\"@id\":\"https:\\\/\\\/vmsport.fi\\\/#\\\/schema\\\/logo\\\/image\\\/\"},\"sameAs\":[\"https:\\\/\\\/www.facebook.com\\\/Vmsport.fi\\\/\",\"https:\\\/\\\/www.instagram.com\\\/vmsport\\\/\"]}]}<\/script>\n<!-- \/ Yoast SEO plugin. -->","yoast_head_json":{"title":"CC-3C - VM Sport","robots":{"index":"index","follow":"follow","max-snippet":"max-snippet:-1","max-image-preview":"max-image-preview:large","max-video-preview":"max-video-preview:-1"},"canonical":"https:\/\/vmsport.fi\/sv\/webbutik\/tillbehor\/tyokalut\/ketchumitta-cc-3c\/","og_locale":"sv_SE","og_type":"article","og_title":"Ketjumitta CC-3C - VM Sport","og_description":"Ketjun kulumisen mittari CC-3C on tarkasti suunniteltu ty\u00f6kalu, joka on tarkoitettu polkupy\u00f6r\u00e4n ketjujen kulumisen seurantaan ja py\u00f6r\u00e4n optimaalisen suorituskyvyn yll\u00e4pit\u00e4miseen. T\u00e4m\u00e4 mittari sopii yhteen useimpien 5-12-vaihteisten polkupy\u00f6r\u00e4n ketjujen kanssa. Vaihtosuunta on annettu kulumisprosenttien perusteella: suositus on vaihtaa ketju 5-10-vaihteisille ketjuille, kun kulumisaste on 0,75 %, ja 11-12-vaihteisille ketjuille 0,5 %. Mittarin pitk\u00e4 ja tarkka rakenne [...]L\u00e4s mer \u2026 from Ketjumitta CC-3C","og_url":"https:\/\/vmsport.fi\/sv\/webbutik\/tillbehor\/tyokalut\/ketchumitta-cc-3c\/","og_site_name":"VM Sport","article_publisher":"https:\/\/www.facebook.com\/Vmsport.fi\/","article_modified_time":"2026-02-24T00:00:39+00:00","og_image":[{"width":600,"height":600,"url":"https:\/\/vmsport.fi\/wp-content\/uploads\/2025\/03\/20160930-PTCC32C-1.jpg","type":"image\/jpeg"}],"twitter_card":"summary_large_image","twitter_misc":{"Ber\u00e4knad l\u00e4stid":"1 minut"},"schema":{"@context":"https:\/\/schema.org","@graph":[{"@type":["WebPage","ItemPage"],"@id":"https:\/\/vmsport.fi\/verkkokauppa\/tarvikkeet\/tyokalut\/ketjumitta-cc-3c\/","url":"https:\/\/vmsport.fi\/verkkokauppa\/tarvikkeet\/tyokalut\/ketjumitta-cc-3c\/","name":"CC-3C - VM Sport","isPartOf":{"@id":"https:\/\/vmsport.fi\/#website"},"primaryImageOfPage":{"@id":"https:\/\/vmsport.fi\/verkkokauppa\/tarvikkeet\/tyokalut\/ketjumitta-cc-3c\/#primaryimage"},"image":{"@id":"https:\/\/vmsport.fi\/verkkokauppa\/tarvikkeet\/tyokalut\/ketjumitta-cc-3c\/#primaryimage"},"thumbnailUrl":"https:\/\/vmsport.fi\/wp-content\/uploads\/2025\/03\/20160930-PTCC32C-1.jpg","datePublished":"2025-03-05T21:55:41+00:00","dateModified":"2026-02-24T00:00:39+00:00","breadcrumb":{"@id":"https:\/\/vmsport.fi\/verkkokauppa\/tarvikkeet\/tyokalut\/ketjumitta-cc-3c\/#breadcrumb"},"inLanguage":"sv-SE","potentialAction":[{"@type":"ReadAction","target":["https:\/\/vmsport.fi\/verkkokauppa\/tarvikkeet\/tyokalut\/ketjumitta-cc-3c\/"]}]},{"@type":"ImageObject","inLanguage":"sv-SE","@id":"https:\/\/vmsport.fi\/verkkokauppa\/tarvikkeet\/tyokalut\/ketjumitta-cc-3c\/#primaryimage","url":"https:\/\/vmsport.fi\/wp-content\/uploads\/2025\/03\/20160930-PTCC32C-1.jpg","contentUrl":"https:\/\/vmsport.fi\/wp-content\/uploads\/2025\/03\/20160930-PTCC32C-1.jpg","width":600,"height":600,"caption":"20160930-PTCC32C"},{"@type":"BreadcrumbList","@id":"https:\/\/vmsport.fi\/verkkokauppa\/tarvikkeet\/tyokalut\/ketjumitta-cc-3c\/#breadcrumb","itemListElement":[{"@type":"ListItem","position":1,"name":"Etusivu","item":"https:\/\/vmsport.fi\/"},{"@type":"ListItem","position":2,"name":"Online Store","item":"https:\/\/vmsport.fi\/en\/online-store\/"},{"@type":"ListItem","position":3,"name":"Ketjumitta CC-3C"}]},{"@type":"WebSite","@id":"https:\/\/vmsport.fi\/#website","url":"https:\/\/vmsport.fi\/","name":"Vmsport","description":"Allt p\u00e5 ett st\u00e4lle f\u00f6r cykling","publisher":{"@id":"https:\/\/vmsport.fi\/#organization"},"potentialAction":[{"@type":"SearchAction","target":{"@type":"EntryPoint","urlTemplate":"https:\/\/vmsport.fi\/?s={search_term_string}"},"query-input":{"@type":"PropertyValueSpecification","valueRequired":true,"valueName":"search_term_string"}}],"inLanguage":"sv-SE"},{"@type":"Organization","@id":"https:\/\/vmsport.fi\/#organization","name":"Vmsport","url":"https:\/\/vmsport.fi\/","logo":{"@type":"ImageObject","inLanguage":"sv-SE","@id":"https:\/\/vmsport.fi\/#\/schema\/logo\/image\/","url":"https:\/\/vmsport.fi\/wp-content\/uploads\/2024\/12\/vm_sport_RGB_horisontal-e1734526017575.png","contentUrl":"https:\/\/vmsport.fi\/wp-content\/uploads\/2024\/12\/vm_sport_RGB_horisontal-e1734526017575.png","width":668,"height":85,"caption":"Vmsport"},"image":{"@id":"https:\/\/vmsport.fi\/#\/schema\/logo\/image\/"},"sameAs":["https:\/\/www.facebook.com\/Vmsport.fi\/","https:\/\/www.instagram.com\/vmsport\/"]}]}},"global_unique_id":"","_links":{"self":[{"href":"https:\/\/vmsport.fi\/sv\/wp-json\/wp\/v2\/product\/54633","targetHints":{"allow":["GET"]}}],"collection":[{"href":"https:\/\/vmsport.fi\/sv\/wp-json\/wp\/v2\/product"}],"about":[{"href":"https:\/\/vmsport.fi\/sv\/wp-json\/wp\/v2\/types\/product"}],"replies":[{"embeddable":true,"href":"https:\/\/vmsport.fi\/sv\/wp-json\/wp\/v2\/comments?post=54633"}],"wp:featuredmedia":[{"embeddable":true,"href":"https:\/\/vmsport.fi\/sv\/wp-json\/wp\/v2\/media\/54632"}],"wp:attachment":[{"href":"https:\/\/vmsport.fi\/sv\/wp-json\/wp\/v2\/media?parent=54633"}],"wp:term":[{"taxonomy":"product_brand","embeddable":true,"href":"https:\/\/vmsport.fi\/sv\/wp-json\/wp\/v2\/product_brand?post=54633"},{"taxonomy":"product_model","embeddable":true,"href":"https:\/\/vmsport.fi\/sv\/wp-json\/wp\/v2\/product_model?post=54633"},{"taxonomy":"product_cat","embeddable":true,"href":"https:\/\/vmsport.fi\/sv\/wp-json\/wp\/v2\/product_cat?post=54633"},{"taxonomy":"product_tag","embeddable":true,"href":"https:\/\/vmsport.fi\/sv\/wp-json\/wp\/v2\/product_tag?post=54633"},{"taxonomy":"industry_terminology","embeddable":true,"href":"https:\/\/vmsport.fi\/sv\/wp-json\/wp\/v2\/industry-terminology?post=54633"}],"curies":[{"name":"wp","href":"https:\/\/api.w.org\/{rel}","templated":true}]}}