{"id":54631,"date":"2025-03-05T23:55:40","date_gmt":"2025-03-05T21:55:40","guid":{"rendered":"https:\/\/vmsport.fi\/verkkokauppa\/Ei-luokiteltu\/multiple-vapaaratas-taka-7v-mf-tz510-14-16-18-20-22-24-28t\/"},"modified":"2026-01-16T13:22:19","modified_gmt":"2026-01-16T11:22:19","slug":"multipel-frihjul-bak-7v-mf-tz510-14-16-18-20-22-24-28t","status":"publish","type":"product","link":"https:\/\/vmsport.fi\/sv\/verkkokauppa\/varaosat\/voimansiirto\/takarattaat\/multiple-vapaaratas-taka-7v-mf-tz510-14-16-18-20-22-24-28t\/","title":{"rendered":"Flera reservhjul bak 7v MF-TZ510 14-16-18-20-22-24-28T"},"content":{"rendered":"<p>Shimano MF-TZ510 \u00e4r ett p\u00e5litligt frihjul som \u00e4r perfekt f\u00f6r 7-v\u00e4xlade cykelsystem. Denna v\u00e4xelsats erbjuder exakta och smidiga v\u00e4xlingar som passar m\u00e5nga olika cykelbehov. V\u00e4xelintervallet t\u00e4cker hjul fr\u00e5n 14 till 28T, vilket ger m\u00e5ngsidiga alternativ f\u00f6r b\u00e5de platta och kuperade stigar. Den h\u00e5llbara konstruktionen garanterar l\u00e5ng livsl\u00e4ngd och utm\u00e4rkt prestanda. Denna hjulsats f\u00f6rb\u00e4ttrar din cykels \u00e5kkomfort och fungerar s\u00f6ml\u00f6st p\u00e5 de flesta landsv\u00e4gs- och citycyklar.<\/p>","protected":false},"excerpt":{"rendered":"<p>Shimano MF-TZ510 on luotettava vapaaratas, joka sopii erinomaisesti 7-vaihteisiin py\u00f6r\u00e4j\u00e4rjestelmiin. T\u00e4m\u00e4 rataspakka tarjoaa t\u00e4sm\u00e4llist\u00e4 ja sujuvaa vaihteenvaihtoa, jotka vastaavat erilaisiin ajotarpeisiin. Vaihdevalikoima kattaa rattaat 14-28T, mik\u00e4 tarjoaa monipuoliset vaihtoehdot sek\u00e4 tasaisille ett\u00e4 m\u00e4kisille reiteille. Kest\u00e4v\u00e4 rakenne takaa pitk\u00e4n k\u00e4ytt\u00f6i\u00e4n ja erinomaisen suorituskyvyn. T\u00e4m\u00e4 rataspakka parantaa py\u00f6r\u00e4si ajomukavuutta ja toimii saumattomasti useimmissa maantie- ja kaupunkipy\u00f6riss\u00e4. [&#8230;]<\/p>\n<p><a class=\"btn btn-secondary understrap-read-more-link\" href=\"https:\/\/vmsport.fi\/sv\/verkkokauppa\/varaosat\/voimansiirto\/takarattaat\/multiple-vapaaratas-taka-7v-mf-tz510-14-16-18-20-22-24-28t\/\">L\u00e4s mer \u2026<span class=\"screen-reader-text\"> from Multiple Vapaaratas taka 7v MF-TZ510 14-16-18-20-22-24-28T<\/span><\/a><\/p>\n","protected":false},"featured_media":54630,"comment_status":"open","ping_status":"closed","template":"","meta":{"_acf_changed":false,"_improvement_type_select":"improve_an_existing","_thumb_yes_seoaic":false,"_frame_yes_seoaic":false,"seoaic_generate_description":"","seoaic_improve_instructions_prompt":"","seoaic_rollback_content_improvement":"","seoaic_idea_thumbnail_generator":"","thumbnail_generated":false,"thumbnail_generate_prompt":"","seoaic_article_description":"","_supplier_stock_quantity":0},"product_brand":[],"product_model":[],"product_cat":[9348],"product_tag":[],"industry-terminology":[],"class_list":{"0":"post-54631","1":"product","2":"type-product","3":"status-publish","4":"has-post-thumbnail","6":"product_cat-takarattaat","8":"first","9":"outofstock","10":"taxable","11":"shipping-taxable","12":"product-type-simple"},"acf":{"bike_features":null,"overview":{"copy_overview":null,"key_features":null,"statement":"","youtube_url":""}},"yoast_head":"<!-- This site is optimized with the Yoast SEO plugin v27.3 - https:\/\/yoast.com\/product\/yoast-seo-wordpress\/ -->\n<title>Multiple Vapaaratas taka 7v MF-TZ510 14-16-18-20-22-24-28T - VM Sport<\/title>\n<meta name=\"robots\" content=\"index, follow, max-snippet:-1, max-image-preview:large, max-video-preview:-1\" \/>\n<link rel=\"canonical\" href=\"https:\/\/vmsport.fi\/sv\/webbutik\/reservdelar\/transmission\/takarattaat\/multipel-frihjul-bak-7v-mf-tz510-14-16-18-20-22-24-28t\/\" \/>\n<meta property=\"og:locale\" content=\"sv_SE\" \/>\n<meta property=\"og:type\" content=\"article\" \/>\n<meta property=\"og:title\" content=\"Multiple Vapaaratas taka 7v MF-TZ510 14-16-18-20-22-24-28T - VM Sport\" \/>\n<meta property=\"og:description\" content=\"Shimano MF-TZ510 on luotettava vapaaratas, joka sopii erinomaisesti 7-vaihteisiin py\u00f6r\u00e4j\u00e4rjestelmiin. T\u00e4m\u00e4 rataspakka tarjoaa t\u00e4sm\u00e4llist\u00e4 ja sujuvaa vaihteenvaihtoa, jotka vastaavat erilaisiin ajotarpeisiin. Vaihdevalikoima kattaa rattaat 14-28T, mik\u00e4 tarjoaa monipuoliset vaihtoehdot sek\u00e4 tasaisille ett\u00e4 m\u00e4kisille reiteille. Kest\u00e4v\u00e4 rakenne takaa pitk\u00e4n k\u00e4ytt\u00f6i\u00e4n ja erinomaisen suorituskyvyn. T\u00e4m\u00e4 rataspakka parantaa py\u00f6r\u00e4si ajomukavuutta ja toimii saumattomasti useimmissa maantie- ja kaupunkipy\u00f6riss\u00e4. [...]L\u00e4s mer \u2026 from Multiple Vapaaratas taka 7v MF-TZ510 14-16-18-20-22-24-28T\" \/>\n<meta property=\"og:url\" content=\"https:\/\/vmsport.fi\/sv\/webbutik\/reservdelar\/transmission\/takarattaat\/multipel-frihjul-bak-7v-mf-tz510-14-16-18-20-22-24-28t\/\" \/>\n<meta property=\"og:site_name\" content=\"VM Sport\" \/>\n<meta property=\"article:publisher\" content=\"https:\/\/www.facebook.com\/Vmsport.fi\/\" \/>\n<meta property=\"article:modified_time\" content=\"2026-01-16T11:22:19+00:00\" \/>\n<meta property=\"og:image\" content=\"https:\/\/vmsport.fi\/wp-content\/uploads\/2025\/03\/hZvz82VUmU3EYOn6sBbPPEbKMbDMH5edXU1vy05h07AorPfgXP-1.jpg\" \/>\n\t<meta property=\"og:image:width\" content=\"600\" \/>\n\t<meta property=\"og:image:height\" content=\"600\" \/>\n\t<meta property=\"og:image:type\" content=\"image\/jpeg\" \/>\n<meta name=\"twitter:card\" content=\"summary_large_image\" \/>\n<script type=\"application\/ld+json\" class=\"yoast-schema-graph\">{\"@context\":\"https:\\\/\\\/schema.org\",\"@graph\":[{\"@type\":[\"WebPage\",\"ItemPage\"],\"@id\":\"https:\\\/\\\/vmsport.fi\\\/verkkokauppa\\\/varaosat\\\/voimansiirto\\\/takarattaat\\\/multiple-vapaaratas-taka-7v-mf-tz510-14-16-18-20-22-24-28t\\\/\",\"url\":\"https:\\\/\\\/vmsport.fi\\\/verkkokauppa\\\/varaosat\\\/voimansiirto\\\/takarattaat\\\/multiple-vapaaratas-taka-7v-mf-tz510-14-16-18-20-22-24-28t\\\/\",\"name\":\"Multiple Vapaaratas taka 7v MF-TZ510 14-16-18-20-22-24-28T - VM Sport\",\"isPartOf\":{\"@id\":\"https:\\\/\\\/vmsport.fi\\\/#website\"},\"primaryImageOfPage\":{\"@id\":\"https:\\\/\\\/vmsport.fi\\\/verkkokauppa\\\/varaosat\\\/voimansiirto\\\/takarattaat\\\/multiple-vapaaratas-taka-7v-mf-tz510-14-16-18-20-22-24-28t\\\/#primaryimage\"},\"image\":{\"@id\":\"https:\\\/\\\/vmsport.fi\\\/verkkokauppa\\\/varaosat\\\/voimansiirto\\\/takarattaat\\\/multiple-vapaaratas-taka-7v-mf-tz510-14-16-18-20-22-24-28t\\\/#primaryimage\"},\"thumbnailUrl\":\"https:\\\/\\\/vmsport.fi\\\/wp-content\\\/uploads\\\/2025\\\/03\\\/hZvz82VUmU3EYOn6sBbPPEbKMbDMH5edXU1vy05h07AorPfgXP-1.jpg\",\"datePublished\":\"2025-03-05T21:55:40+00:00\",\"dateModified\":\"2026-01-16T11:22:19+00:00\",\"breadcrumb\":{\"@id\":\"https:\\\/\\\/vmsport.fi\\\/verkkokauppa\\\/varaosat\\\/voimansiirto\\\/takarattaat\\\/multiple-vapaaratas-taka-7v-mf-tz510-14-16-18-20-22-24-28t\\\/#breadcrumb\"},\"inLanguage\":\"sv-SE\",\"potentialAction\":[{\"@type\":\"ReadAction\",\"target\":[\"https:\\\/\\\/vmsport.fi\\\/verkkokauppa\\\/varaosat\\\/voimansiirto\\\/takarattaat\\\/multiple-vapaaratas-taka-7v-mf-tz510-14-16-18-20-22-24-28t\\\/\"]}]},{\"@type\":\"ImageObject\",\"inLanguage\":\"sv-SE\",\"@id\":\"https:\\\/\\\/vmsport.fi\\\/verkkokauppa\\\/varaosat\\\/voimansiirto\\\/takarattaat\\\/multiple-vapaaratas-taka-7v-mf-tz510-14-16-18-20-22-24-28t\\\/#primaryimage\",\"url\":\"https:\\\/\\\/vmsport.fi\\\/wp-content\\\/uploads\\\/2025\\\/03\\\/hZvz82VUmU3EYOn6sBbPPEbKMbDMH5edXU1vy05h07AorPfgXP-1.jpg\",\"contentUrl\":\"https:\\\/\\\/vmsport.fi\\\/wp-content\\\/uploads\\\/2025\\\/03\\\/hZvz82VUmU3EYOn6sBbPPEbKMbDMH5edXU1vy05h07AorPfgXP-1.jpg\",\"width\":600,\"height\":600,\"caption\":\"hZvz82VUmU3EYOn6sBbPPEbKMbDMH5edXU1vy05h07AorPfgXP\"},{\"@type\":\"BreadcrumbList\",\"@id\":\"https:\\\/\\\/vmsport.fi\\\/verkkokauppa\\\/varaosat\\\/voimansiirto\\\/takarattaat\\\/multiple-vapaaratas-taka-7v-mf-tz510-14-16-18-20-22-24-28t\\\/#breadcrumb\",\"itemListElement\":[{\"@type\":\"ListItem\",\"position\":1,\"name\":\"Etusivu\",\"item\":\"https:\\\/\\\/vmsport.fi\\\/\"},{\"@type\":\"ListItem\",\"position\":2,\"name\":\"Online Store\",\"item\":\"https:\\\/\\\/vmsport.fi\\\/en\\\/online-store\\\/\"},{\"@type\":\"ListItem\",\"position\":3,\"name\":\"Multiple Vapaaratas taka 7v MF-TZ510 14-16-18-20-22-24-28T\"}]},{\"@type\":\"WebSite\",\"@id\":\"https:\\\/\\\/vmsport.fi\\\/#website\",\"url\":\"https:\\\/\\\/vmsport.fi\\\/\",\"name\":\"Vmsport\",\"description\":\"Kaikki py\u00f6r\u00e4ilyyn yhdest\u00e4 paikasta\",\"publisher\":{\"@id\":\"https:\\\/\\\/vmsport.fi\\\/#organization\"},\"potentialAction\":[{\"@type\":\"SearchAction\",\"target\":{\"@type\":\"EntryPoint\",\"urlTemplate\":\"https:\\\/\\\/vmsport.fi\\\/?s={search_term_string}\"},\"query-input\":{\"@type\":\"PropertyValueSpecification\",\"valueRequired\":true,\"valueName\":\"search_term_string\"}}],\"inLanguage\":\"sv-SE\"},{\"@type\":\"Organization\",\"@id\":\"https:\\\/\\\/vmsport.fi\\\/#organization\",\"name\":\"Vmsport\",\"url\":\"https:\\\/\\\/vmsport.fi\\\/\",\"logo\":{\"@type\":\"ImageObject\",\"inLanguage\":\"sv-SE\",\"@id\":\"https:\\\/\\\/vmsport.fi\\\/#\\\/schema\\\/logo\\\/image\\\/\",\"url\":\"https:\\\/\\\/vmsport.fi\\\/wp-content\\\/uploads\\\/2024\\\/12\\\/vm_sport_RGB_horisontal-e1734526017575.png\",\"contentUrl\":\"https:\\\/\\\/vmsport.fi\\\/wp-content\\\/uploads\\\/2024\\\/12\\\/vm_sport_RGB_horisontal-e1734526017575.png\",\"width\":668,\"height\":85,\"caption\":\"Vmsport\"},\"image\":{\"@id\":\"https:\\\/\\\/vmsport.fi\\\/#\\\/schema\\\/logo\\\/image\\\/\"},\"sameAs\":[\"https:\\\/\\\/www.facebook.com\\\/Vmsport.fi\\\/\",\"https:\\\/\\\/www.instagram.com\\\/vmsport\\\/\"]}]}<\/script>\n<!-- \/ Yoast SEO plugin. -->","yoast_head_json":{"title":"Multipel reservhjul bak 7v MF-TZ510 14-16-18-20-22-24-28T - VM Sport","robots":{"index":"index","follow":"follow","max-snippet":"max-snippet:-1","max-image-preview":"max-image-preview:large","max-video-preview":"max-video-preview:-1"},"canonical":"https:\/\/vmsport.fi\/sv\/webbutik\/reservdelar\/transmission\/takarattaat\/multipel-frihjul-bak-7v-mf-tz510-14-16-18-20-22-24-28t\/","og_locale":"sv_SE","og_type":"article","og_title":"Multiple Vapaaratas taka 7v MF-TZ510 14-16-18-20-22-24-28T - VM Sport","og_description":"Shimano MF-TZ510 on luotettava vapaaratas, joka sopii erinomaisesti 7-vaihteisiin py\u00f6r\u00e4j\u00e4rjestelmiin. T\u00e4m\u00e4 rataspakka tarjoaa t\u00e4sm\u00e4llist\u00e4 ja sujuvaa vaihteenvaihtoa, jotka vastaavat erilaisiin ajotarpeisiin. Vaihdevalikoima kattaa rattaat 14-28T, mik\u00e4 tarjoaa monipuoliset vaihtoehdot sek\u00e4 tasaisille ett\u00e4 m\u00e4kisille reiteille. Kest\u00e4v\u00e4 rakenne takaa pitk\u00e4n k\u00e4ytt\u00f6i\u00e4n ja erinomaisen suorituskyvyn. T\u00e4m\u00e4 rataspakka parantaa py\u00f6r\u00e4si ajomukavuutta ja toimii saumattomasti useimmissa maantie- ja kaupunkipy\u00f6riss\u00e4. [...]L\u00e4s mer \u2026 from Multiple Vapaaratas taka 7v MF-TZ510 14-16-18-20-22-24-28T","og_url":"https:\/\/vmsport.fi\/sv\/webbutik\/reservdelar\/transmission\/takarattaat\/multipel-frihjul-bak-7v-mf-tz510-14-16-18-20-22-24-28t\/","og_site_name":"VM Sport","article_publisher":"https:\/\/www.facebook.com\/Vmsport.fi\/","article_modified_time":"2026-01-16T11:22:19+00:00","og_image":[{"width":600,"height":600,"url":"https:\/\/vmsport.fi\/wp-content\/uploads\/2025\/03\/hZvz82VUmU3EYOn6sBbPPEbKMbDMH5edXU1vy05h07AorPfgXP-1.jpg","type":"image\/jpeg"}],"twitter_card":"summary_large_image","schema":{"@context":"https:\/\/schema.org","@graph":[{"@type":["WebPage","ItemPage"],"@id":"https:\/\/vmsport.fi\/verkkokauppa\/varaosat\/voimansiirto\/takarattaat\/multiple-vapaaratas-taka-7v-mf-tz510-14-16-18-20-22-24-28t\/","url":"https:\/\/vmsport.fi\/verkkokauppa\/varaosat\/voimansiirto\/takarattaat\/multiple-vapaaratas-taka-7v-mf-tz510-14-16-18-20-22-24-28t\/","name":"Multipel reservhjul bak 7v MF-TZ510 14-16-18-20-22-24-28T - VM Sport","isPartOf":{"@id":"https:\/\/vmsport.fi\/#website"},"primaryImageOfPage":{"@id":"https:\/\/vmsport.fi\/verkkokauppa\/varaosat\/voimansiirto\/takarattaat\/multiple-vapaaratas-taka-7v-mf-tz510-14-16-18-20-22-24-28t\/#primaryimage"},"image":{"@id":"https:\/\/vmsport.fi\/verkkokauppa\/varaosat\/voimansiirto\/takarattaat\/multiple-vapaaratas-taka-7v-mf-tz510-14-16-18-20-22-24-28t\/#primaryimage"},"thumbnailUrl":"https:\/\/vmsport.fi\/wp-content\/uploads\/2025\/03\/hZvz82VUmU3EYOn6sBbPPEbKMbDMH5edXU1vy05h07AorPfgXP-1.jpg","datePublished":"2025-03-05T21:55:40+00:00","dateModified":"2026-01-16T11:22:19+00:00","breadcrumb":{"@id":"https:\/\/vmsport.fi\/verkkokauppa\/varaosat\/voimansiirto\/takarattaat\/multiple-vapaaratas-taka-7v-mf-tz510-14-16-18-20-22-24-28t\/#breadcrumb"},"inLanguage":"sv-SE","potentialAction":[{"@type":"ReadAction","target":["https:\/\/vmsport.fi\/verkkokauppa\/varaosat\/voimansiirto\/takarattaat\/multiple-vapaaratas-taka-7v-mf-tz510-14-16-18-20-22-24-28t\/"]}]},{"@type":"ImageObject","inLanguage":"sv-SE","@id":"https:\/\/vmsport.fi\/verkkokauppa\/varaosat\/voimansiirto\/takarattaat\/multiple-vapaaratas-taka-7v-mf-tz510-14-16-18-20-22-24-28t\/#primaryimage","url":"https:\/\/vmsport.fi\/wp-content\/uploads\/2025\/03\/hZvz82VUmU3EYOn6sBbPPEbKMbDMH5edXU1vy05h07AorPfgXP-1.jpg","contentUrl":"https:\/\/vmsport.fi\/wp-content\/uploads\/2025\/03\/hZvz82VUmU3EYOn6sBbPPEbKMbDMH5edXU1vy05h07AorPfgXP-1.jpg","width":600,"height":600,"caption":"hZvz82VUmU3EYOn6sBbPPEbKMbDMH5edXU1vy05h07AorPfgXP"},{"@type":"BreadcrumbList","@id":"https:\/\/vmsport.fi\/verkkokauppa\/varaosat\/voimansiirto\/takarattaat\/multiple-vapaaratas-taka-7v-mf-tz510-14-16-18-20-22-24-28t\/#breadcrumb","itemListElement":[{"@type":"ListItem","position":1,"name":"Etusivu","item":"https:\/\/vmsport.fi\/"},{"@type":"ListItem","position":2,"name":"Online Store","item":"https:\/\/vmsport.fi\/en\/online-store\/"},{"@type":"ListItem","position":3,"name":"Multiple Vapaaratas taka 7v MF-TZ510 14-16-18-20-22-24-28T"}]},{"@type":"WebSite","@id":"https:\/\/vmsport.fi\/#website","url":"https:\/\/vmsport.fi\/","name":"Vmsport","description":"Allt p\u00e5 ett st\u00e4lle f\u00f6r cykling","publisher":{"@id":"https:\/\/vmsport.fi\/#organization"},"potentialAction":[{"@type":"SearchAction","target":{"@type":"EntryPoint","urlTemplate":"https:\/\/vmsport.fi\/?s={search_term_string}"},"query-input":{"@type":"PropertyValueSpecification","valueRequired":true,"valueName":"search_term_string"}}],"inLanguage":"sv-SE"},{"@type":"Organization","@id":"https:\/\/vmsport.fi\/#organization","name":"Vmsport","url":"https:\/\/vmsport.fi\/","logo":{"@type":"ImageObject","inLanguage":"sv-SE","@id":"https:\/\/vmsport.fi\/#\/schema\/logo\/image\/","url":"https:\/\/vmsport.fi\/wp-content\/uploads\/2024\/12\/vm_sport_RGB_horisontal-e1734526017575.png","contentUrl":"https:\/\/vmsport.fi\/wp-content\/uploads\/2024\/12\/vm_sport_RGB_horisontal-e1734526017575.png","width":668,"height":85,"caption":"Vmsport"},"image":{"@id":"https:\/\/vmsport.fi\/#\/schema\/logo\/image\/"},"sameAs":["https:\/\/www.facebook.com\/Vmsport.fi\/","https:\/\/www.instagram.com\/vmsport\/"]}]}},"global_unique_id":"","_links":{"self":[{"href":"https:\/\/vmsport.fi\/sv\/wp-json\/wp\/v2\/product\/54631","targetHints":{"allow":["GET"]}}],"collection":[{"href":"https:\/\/vmsport.fi\/sv\/wp-json\/wp\/v2\/product"}],"about":[{"href":"https:\/\/vmsport.fi\/sv\/wp-json\/wp\/v2\/types\/product"}],"replies":[{"embeddable":true,"href":"https:\/\/vmsport.fi\/sv\/wp-json\/wp\/v2\/comments?post=54631"}],"wp:featuredmedia":[{"embeddable":true,"href":"https:\/\/vmsport.fi\/sv\/wp-json\/wp\/v2\/media\/54630"}],"wp:attachment":[{"href":"https:\/\/vmsport.fi\/sv\/wp-json\/wp\/v2\/media?parent=54631"}],"wp:term":[{"taxonomy":"product_brand","embeddable":true,"href":"https:\/\/vmsport.fi\/sv\/wp-json\/wp\/v2\/product_brand?post=54631"},{"taxonomy":"product_model","embeddable":true,"href":"https:\/\/vmsport.fi\/sv\/wp-json\/wp\/v2\/product_model?post=54631"},{"taxonomy":"product_cat","embeddable":true,"href":"https:\/\/vmsport.fi\/sv\/wp-json\/wp\/v2\/product_cat?post=54631"},{"taxonomy":"product_tag","embeddable":true,"href":"https:\/\/vmsport.fi\/sv\/wp-json\/wp\/v2\/product_tag?post=54631"},{"taxonomy":"industry_terminology","embeddable":true,"href":"https:\/\/vmsport.fi\/sv\/wp-json\/wp\/v2\/industry-terminology?post=54631"}],"curies":[{"name":"wp","href":"https:\/\/api.w.org\/{rel}","templated":true}]}}